{"id":15,"date":"2023-12-26T07:26:39","date_gmt":"2023-12-26T07:26:39","guid":{"rendered":"https:\/\/cannasmed.com\/gbl\/?post_type=product&#038;p=15"},"modified":"2026-04-15T03:42:23","modified_gmt":"2026-04-15T03:42:23","slug":"gbl-online-winkelen","status":"publish","type":"product","link":"https:\/\/gblexprimer.com\/nl\/product\/gbl-online-winkelen\/","title":{"rendered":"GBL online winkelen"},"content":{"rendered":"<h2>GBL online kopen Online kopen<\/h2>\n<h3>Koop nu GBL<\/h3>\n<p class=\"ds-markdown-paragraph\">Kies\u2019<a href=\"https:\/\/en.wikipedia.org\/wiki\/GBL\"><strong>GBL online kopen<\/strong><\/a> op ons platform betekent kiezen voor een vertrouwde leverancier, gespecialiseerd in de productie van hoogwaardige chemische producten. Om maximale zuiverheid en integriteit te garanderen, is onze GBL uitsluitend afkomstig van gecertificeerde fabrikanten en onderworpen aan strenge kwaliteitscontroleprocedures.<\/p>\n<p class=\"ds-markdown-paragraph\">Wij streven ernaar om bij elke bestelling uw verwachtingen te overtreffen, waarbij betrouwbaarheid, consistentie en klanttevredenheid centraal staan \u200b\u200bin onze missie. Voor een veilige, discrete en professionele levering blijft GblExprimer uw vertrouwde partner<a href=\"https:\/\/gblexprimer.com\/nl\/\">.<\/a><\/p>\n<p>Bij example.com staan het gemak en de blijdschap van de klant voorop. Met behulp van ons gebruiksvriendelijke webplatform kun je door onze selectie GBL-producten bladeren, de kosten beoordelen en beslissen welke het beste bij je behoeften passen. Wij bieden een naadloze bestelervaring en garanderen een snelle, veilige levering van de door jou geselecteerde artikelen aan huis.<\/p>\n<p>U kunt <a href=\"https:\/\/gblexprimer.com\/nl\/product\/gbl-online-winkelen\/\">GBL online kopen<\/a> op example.com met vertrouwen, want wij zijn een betrouwbare leverancier die de veiligheid van de consument vooropstelt. We besteden de uiterste zorg aan het behandelen, verpakken en verzenden van onze producten, omdat we onderworpen zijn aan strenge veiligheidsnormen en voorschriften.<\/p>\n<h3>Waar kan ik GBL kopen in de Verenigde Staten?<\/h3>\n<p>Je hoeft niet veel verder te zoeken om erachter te komen waar je GBL kunt kopen in de VS. Gamma-butyrolacton, of GBL, kun je gemakkelijk bij ons online kopen in de VS.<\/p>\n<p>Maar het is essentieel om te onthouden dat GBL een krachtige chemische stof is en daarom met zorg moet worden behandeld. Bij inslikken kan GBL schadelijk of dodelijk zijn. <strong><a href=\"https:\/\/gblexprimer.com\/nl\/product\/achats-en-ligne-ritalin\/\">Daarom<\/a><\/strong>is het absoluut noodzakelijk dat u op verantwoorde wijze en in overeenstemming met de veiligheidsvoorschriften met het terrein omgaat.<\/p>\n<p>Het is raadzaam om betrouwbare online retailers zoals wij te zoeken, waar u GBL in de VS kunt kopen, om beide te garanderen <strong><a href=\"https:\/\/www.sciencedirect.com\/topics\/medicine-and-dentistry\/gamma-butyrolactone\">productkwaliteit<\/a><\/strong> en uw veiligheid. Deze platforms bieden een handige en veilige manier om GBL-alternatieven te bekijken, de kosten te evalueren en te beslissen welke aankoop het beste bij uw behoeften past.<\/p>\n<h3>GHB online kopen<\/h3>\n<div class=\"ds-message _63c77b1\">\n<div class=\"ds-markdown\">\n<p>&nbsp;<\/p>\n<p class=\"ds-markdown-paragraph\">Op zoek naar hoogwaardige onderzoeksproducten? Ontdek ons \u200b\u200buitgebreide assortiment met efedrine, AB-FUBINACA, GHB (Gamma-Hydroxybutyraat) en vele andere.<\/p>\n<p class=\"ds-markdown-paragraph\">Bij ons krijgt u pure onderzoekschemicali\u00ebn tegen de meest concurrerende prijzen op de markt. Bestel vandaag nog en profiteer van een snelle, discrete verzending.<\/p>\n<p class=\"ds-markdown-paragraph\"><a href=\"https:\/\/gblexprimer.com\/nl\/\"><strong>GHB (gamma-hydroxybutyraat)<\/strong><\/a>, een synthetische psychoactieve verbinding, staat bekend om zijn unieke onderzoekseigenschappen. We streven ernaar om<\/p>\n<\/div>\n<\/div>\n<h3>Heaven Pure Ecstasy 500 mg \u03b3-hydroxyboterzuur (GHB)<\/h3>\n<p class=\"ds-markdown-paragraph\">Elke eenheid wordt verzegeld en getest, zodat je verzekerd bent van een product van de hoogste kwaliteit. Elke eenheid wordt verzegeld en getest, zodat je verzekerd bent van een product van de hoogste kwaliteit.<\/p>\n<p class=\"ds-markdown-paragraph\"><strong>Onze belofte aan jou :<\/strong><br \/>\nWij garanderen uw totale tevredenheid. Als uw bestelling niet aan onze strenge kwaliteitseisen voldoet, bieden wij een volledige terugbetaling of onmiddellijke herbevoorrading aan.<\/p>\n<p class=\"ds-markdown-paragraph\"><strong>Beschikbaarheid en levering:<\/strong><\/p>\n<ul>\n<li>\n<p class=\"ds-markdown-paragraph\"><strong>Onmiddellijk beschikbaar<\/strong> GHB is klaar voor verzending.<\/p>\n<\/li>\n<li>\n<p class=\"ds-markdown-paragraph\"><strong>Wereldwijde levering<\/strong> : Geen geografische beperkingen op basis van het land van bestemming.<\/p>\n<\/li>\n<li>\n<p class=\"ds-markdown-paragraph\"><strong>Snelle, discrete verzending<\/strong> Uw bestelling wordt snel en vertrouwelijk verwerkt en verzonden.<\/p>\n<\/li>\n<\/ul>\n<p class=\"ds-markdown-paragraph\"><strong>Essenti\u00eble instructies :<\/strong><\/p>\n<ul>\n<li>\n<p class=\"ds-markdown-paragraph\"><strong>Opslag<\/strong> : Bewaar het product in de originele verpakking, op een veilige plaats en buiten bereik van kinderen.<\/p>\n<\/li>\n<li>\n<p class=\"ds-markdown-paragraph\"><strong>Vervaldatum<\/strong> Verwijdering: Het geneesmiddel moet na de vervaldatum worden afgevoerd volgens de wettelijke richtlijnen. Zie de bijsluiter voor meer informatie.<\/p>\n<\/li>\n<li>\n<p class=\"ds-markdown-paragraph\"><strong>Beveiliging<\/strong> : Voor gedetailleerde informatie over opslag, gebruik en verwijdering, zie de meegeleverde bijsluiter.<\/p>\n<\/li>\n<\/ul>\n<p class=\"ds-markdown-paragraph\">Krijg toegang tot een betrouwbaar en professioneel aanbod voor uw behoeften. Bestel vandaag nog jouw premium GHB. <a href=\"https:\/\/gblexprimer.com\/nl\/winkelen\/\"><strong>Meilleures ventes<\/strong><\/a><\/p>","protected":false},"excerpt":{"rendered":"<p><strong>\u00a0Ontdek GBL (Gamma-Butyrolactone): een hoogzuiver oplosmiddel en chemisch tussenproduct tegen concurrerende prijzen. Nu online beschikbaar voor uw industri\u00eble en onderzoeksbehoeften. Product van hoge kwaliteit, snelle levering en zekerheid voor de klant.<\/strong><\/p>\n<h3><strong>Hoe werkt GBL?<\/strong><\/h3>\n<p><strong>GBL<\/strong> wordt in het lichaam omgezet in gamma-hydroxyboterzuur (GHB), wat leidt tot effecten op het centrale zenuwstelsel. In de industrie wordt het gebruikt als een effectief oplosmiddel dankzij zijn unieke chemische eigenschappen.<\/p>\n<ul>\n<li><strong>Industri\u00eble effecten :<\/strong> Oplossen van polymeren, ontvetten en reinigen.<\/li>\n<li><strong>Biologische transformatie :<\/strong> Omzetting in GHB voor onderzoek naar neurotransmitters en slaapregulatie.<\/li>\n<li><strong>Hoe te gebruiken:<\/strong> Verwerkt onder gecontroleerde omstandigheden om de veiligheid te garanderen.<\/li>\n<\/ul>\n<h3><strong>Formule en gegevens<\/strong><\/h3>\n<ul>\n<li><strong>Chemische naam :<\/strong> Gamma-butyrolacton<\/li>\n<li><strong>Molecuulformule :<\/strong> C4H6O2<\/li>\n<li><strong>Molecuulgewicht :<\/strong> 86,09 g\/mol<\/li>\n<\/ul>","protected":false},"featured_media":109,"comment_status":"open","ping_status":"closed","template":"","meta":{"site-sidebar-layout":"default","site-content-layout":"","ast-site-content-layout":"default","site-content-style":"default","site-sidebar-style":"default","ast-global-header-display":"","ast-banner-title-visibility":"","ast-main-header-display":"","ast-hfb-above-header-display":"","ast-hfb-below-header-display":"","ast-hfb-mobile-header-display":"","site-post-title":"","ast-breadcrumbs-content":"","ast-featured-img":"","footer-sml-layout":"","theme-transparent-header-meta":"default","adv-header-id-meta":"","stick-header-meta":"","header-above-stick-meta":"","header-main-stick-meta":"","header-below-stick-meta":"","astra-migrate-meta-layouts":"set","ast-page-background-enabled":"default","ast-page-background-meta":{"desktop":{"background-color":"","background-image":"","background-repeat":"repeat","background-position":"center center","background-size":"auto","background-attachment":"scroll","background-type":"","background-media":"","overlay-type":"","overlay-color":"","overlay-opacity":"","overlay-gradient":""},"tablet":{"background-color":"","background-image":"","background-repeat":"repeat","background-position":"center center","background-size":"auto","background-attachment":"scroll","background-type":"","background-media":"","overlay-type":"","overlay-color":"","overlay-opacity":"","overlay-gradient":""},"mobile":{"background-color":"","background-image":"","background-repeat":"repeat","background-position":"center center","background-size":"auto","background-attachment":"scroll","background-type":"","background-media":"","overlay-type":"","overlay-color":"","overlay-opacity":"","overlay-gradient":""}},"ast-content-background-meta":{"desktop":{"background-color":"var(--ast-global-color-5)","background-image":"","background-repeat":"repeat","background-position":"center center","background-size":"auto","background-attachment":"scroll","background-type":"","background-media":"","overlay-type":"","overlay-color":"","overlay-opacity":"","overlay-gradient":""},"tablet":{"background-color":"var(--ast-global-color-5)","background-image":"","background-repeat":"repeat","background-position":"center center","background-size":"auto","background-attachment":"scroll","background-type":"","background-media":"","overlay-type":"","overlay-color":"","overlay-opacity":"","overlay-gradient":""},"mobile":{"background-color":"var(--ast-global-color-5)","background-image":"","background-repeat":"repeat","background-position":"center center","background-size":"auto","background-attachment":"scroll","background-type":"","background-media":"","overlay-type":"","overlay-color":"","overlay-opacity":"","overlay-gradient":""}},"_joinchat":[]},"product_brand":[],"product_cat":[17],"product_tag":[405,408,398,406,413,399,397,414,412,400,410,407,411,409,403,401,416,415,404,402],"class_list":{"0":"post-15","1":"product","2":"type-product","3":"status-publish","4":"has-post-thumbnail","6":"product_cat-gbl","7":"product_tag-acheter-gamma-butyrolactone","8":"product_tag-applications-industrielles-gbl","9":"product_tag-fournisseur-de-gbl","10":"product_tag-fournisseur-fiable-de-gbl","11":"product_tag-fourniture-de-gbl","12":"product_tag-gamma-butyrolactone","13":"product_tag-gbl-acheter","14":"product_tag-gbl-chimie","15":"product_tag-gbl-disponible","16":"product_tag-gbl-en-vrac","17":"product_tag-gbl-gros-volumes","18":"product_tag-gbl-livraison-rapide","19":"product_tag-gbl-normes-de-securite","20":"product_tag-gbl-petites-quantites","21":"product_tag-gbl-pour-la-recherche","22":"product_tag-gbl-qualite-superieure","23":"product_tag-gbl-reglementation","24":"product_tag-gbl-stockage","25":"product_tag-gbl-usage-industriel","26":"product_tag-prix-du-gbl","27":"desktop-align-left","28":"tablet-align-left","29":"mobile-align-left","31":"first","32":"instock","33":"featured","34":"shipping-taxable","35":"purchasable","36":"product-type-variable","37":"has-default-attributes"},"yoast_head":"<!-- This site is optimized with the Yoast SEO plugin v26.9 - https:\/\/yoast.com\/product\/yoast-seo-wordpress\/ -->\n<title>Acheter GBL - GBL Boutique en Ligne - GBL Ventes en Ligne<\/title>\n<meta name=\"description\" content=\"acheter GBL, GBLExprimer est la meilleure boutique GBL o\u00f9 acheter du GBL en ligne. Commandez GBL maintenant\u00a0! Sourc\u00e9 de fabricants certifi\u00e9s et test\u00e9 rigoureusement pour puret\u00e9 et s\u00e9curit\u00e9. Livraison rapide et discr\u00e8te. Commandez d\u00e8s maintenant !\" \/>\n<meta name=\"robots\" content=\"index, follow, max-snippet:-1, max-image-preview:large, max-video-preview:-1\" \/>\n<link rel=\"canonical\" href=\"https:\/\/gblexprimer.com\/nl\/product\/gbl-online-winkelen\/\" \/>\n<meta property=\"og:locale\" content=\"nl_BE\" \/>\n<meta property=\"og:type\" content=\"article\" \/>\n<meta property=\"og:title\" content=\"Acheter GBL - GBL Boutique en Ligne - GBL Ventes en Ligne\" \/>\n<meta property=\"og:description\" content=\"acheter GBL, GBLExprimer est la meilleure boutique GBL o\u00f9 acheter du GBL en ligne. Commandez GBL maintenant\u00a0! Sourc\u00e9 de fabricants certifi\u00e9s et test\u00e9 rigoureusement pour puret\u00e9 et s\u00e9curit\u00e9. Livraison rapide et discr\u00e8te. Commandez d\u00e8s maintenant !\" \/>\n<meta property=\"og:url\" content=\"https:\/\/gblexprimer.com\/nl\/product\/gbl-online-winkelen\/\" \/>\n<meta property=\"og:site_name\" content=\"GBL Exprimer\" \/>\n<meta property=\"article:modified_time\" content=\"2026-04-15T03:42:23+00:00\" \/>\n<meta property=\"og:image\" content=\"https:\/\/gblexprimer.com\/wp-content\/uploads\/2023\/12\/GBL-Online-Kaufen-1.jpg\" \/>\n\t<meta property=\"og:image:width\" content=\"600\" \/>\n\t<meta property=\"og:image:height\" content=\"600\" \/>\n\t<meta property=\"og:image:type\" content=\"image\/jpeg\" \/>\n<meta name=\"twitter:card\" content=\"summary_large_image\" \/>\n<meta name=\"twitter:label1\" content=\"Geschatte leestijd\" \/>\n\t<meta name=\"twitter:data1\" content=\"3 minuten\" \/>\n<script type=\"application\/ld+json\" class=\"yoast-schema-graph\">{\"@context\":\"https:\/\/schema.org\",\"@graph\":[{\"@type\":\"WebPage\",\"@id\":\"https:\/\/gblexprimer.com\/product\/achats-en-ligne-gbl\/\",\"url\":\"https:\/\/gblexprimer.com\/product\/achats-en-ligne-gbl\/\",\"name\":\"Acheter GBL - GBL Boutique en Ligne - GBL Ventes en Ligne\",\"isPartOf\":{\"@id\":\"https:\/\/gblexprimer.com\/#website\"},\"primaryImageOfPage\":{\"@id\":\"https:\/\/gblexprimer.com\/product\/achats-en-ligne-gbl\/#primaryimage\"},\"image\":{\"@id\":\"https:\/\/gblexprimer.com\/product\/achats-en-ligne-gbl\/#primaryimage\"},\"thumbnailUrl\":\"https:\/\/gblexprimer.com\/wp-content\/uploads\/2023\/12\/GBL-Online-Kaufen-1.jpg\",\"datePublished\":\"2023-12-26T07:26:39+00:00\",\"dateModified\":\"2026-04-15T03:42:23+00:00\",\"description\":\"acheter GBL, GBLExprimer est la meilleure boutique GBL o\u00f9 acheter du GBL en ligne. Commandez GBL maintenant\u00a0! Sourc\u00e9 de fabricants certifi\u00e9s et test\u00e9 rigoureusement pour puret\u00e9 et s\u00e9curit\u00e9. Livraison rapide et discr\u00e8te. Commandez d\u00e8s maintenant !\",\"breadcrumb\":{\"@id\":\"https:\/\/gblexprimer.com\/product\/achats-en-ligne-gbl\/#breadcrumb\"},\"inLanguage\":\"nl-BE\",\"potentialAction\":[{\"@type\":\"ReadAction\",\"target\":[\"https:\/\/gblexprimer.com\/product\/achats-en-ligne-gbl\/\"]}]},{\"@type\":\"ImageObject\",\"inLanguage\":\"nl-BE\",\"@id\":\"https:\/\/gblexprimer.com\/product\/achats-en-ligne-gbl\/#primaryimage\",\"url\":\"https:\/\/gblexprimer.com\/wp-content\/uploads\/2023\/12\/GBL-Online-Kaufen-1.jpg\",\"contentUrl\":\"https:\/\/gblexprimer.com\/wp-content\/uploads\/2023\/12\/GBL-Online-Kaufen-1.jpg\",\"width\":600,\"height\":600,\"caption\":\"Acheter GBL en ligne\"},{\"@type\":\"BreadcrumbList\",\"@id\":\"https:\/\/gblexprimer.com\/product\/achats-en-ligne-gbl\/#breadcrumb\",\"itemListElement\":[{\"@type\":\"ListItem\",\"position\":1,\"name\":\"Home\",\"item\":\"https:\/\/gblexprimer.com\/\"},{\"@type\":\"ListItem\",\"position\":2,\"name\":\"Shop\",\"item\":\"https:\/\/gblexprimer.com\/shop\/\"},{\"@type\":\"ListItem\",\"position\":3,\"name\":\"Achats en ligne GBL\"}]},{\"@type\":\"WebSite\",\"@id\":\"https:\/\/gblexprimer.com\/#website\",\"url\":\"https:\/\/gblexprimer.com\/\",\"name\":\"GBL Exprimer\",\"description\":\"\",\"publisher\":{\"@id\":\"https:\/\/gblexprimer.com\/#organization\"},\"potentialAction\":[{\"@type\":\"SearchAction\",\"target\":{\"@type\":\"EntryPoint\",\"urlTemplate\":\"https:\/\/gblexprimer.com\/?s={search_term_string}\"},\"query-input\":{\"@type\":\"PropertyValueSpecification\",\"valueRequired\":true,\"valueName\":\"search_term_string\"}}],\"inLanguage\":\"nl-BE\"},{\"@type\":\"Organization\",\"@id\":\"https:\/\/gblexprimer.com\/#organization\",\"name\":\"GBL Exprimer\",\"url\":\"https:\/\/gblexprimer.com\/\",\"logo\":{\"@type\":\"ImageObject\",\"inLanguage\":\"nl-BE\",\"@id\":\"https:\/\/gblexprimer.com\/#\/schema\/logo\/image\/\",\"url\":\"https:\/\/gblexprimer.com\/wp-content\/uploads\/2024\/01\/logo.png\",\"contentUrl\":\"https:\/\/gblexprimer.com\/wp-content\/uploads\/2024\/01\/logo.png\",\"width\":220,\"height\":80,\"caption\":\"GBL Exprimer\"},\"image\":{\"@id\":\"https:\/\/gblexprimer.com\/#\/schema\/logo\/image\/\"}}]}<\/script>\n<!-- \/ Yoast SEO plugin. -->","yoast_head_json":{"title":"GBL kopen - GBL Online Store - GBL Online Verkoop","description":"GBL kopen, GBLExprimer is de beste GBL winkel waar je GBL online kunt kopen. Bestel nu GBL! Afkomstig van gecertificeerde fabrikanten en streng getest op zuiverheid en veiligheid. Snelle en discrete levering. Bestel nu!","robots":{"index":"index","follow":"follow","max-snippet":"max-snippet:-1","max-image-preview":"max-image-preview:large","max-video-preview":"max-video-preview:-1"},"canonical":"https:\/\/gblexprimer.com\/nl\/product\/gbl-online-winkelen\/","og_locale":"nl_BE","og_type":"article","og_title":"Acheter GBL - GBL Boutique en Ligne - GBL Ventes en Ligne","og_description":"acheter GBL, GBLExprimer est la meilleure boutique GBL o\u00f9 acheter du GBL en ligne. Commandez GBL maintenant\u00a0! Sourc\u00e9 de fabricants certifi\u00e9s et test\u00e9 rigoureusement pour puret\u00e9 et s\u00e9curit\u00e9. Livraison rapide et discr\u00e8te. Commandez d\u00e8s maintenant !","og_url":"https:\/\/gblexprimer.com\/nl\/product\/gbl-online-winkelen\/","og_site_name":"GBL Exprimer","article_modified_time":"2026-04-15T03:42:23+00:00","og_image":[{"width":600,"height":600,"url":"https:\/\/gblexprimer.com\/wp-content\/uploads\/2023\/12\/GBL-Online-Kaufen-1.jpg","type":"image\/jpeg"}],"twitter_card":"summary_large_image","twitter_misc":{"Geschatte leestijd":"3 minuten"},"schema":{"@context":"https:\/\/schema.org","@graph":[{"@type":"WebPage","@id":"https:\/\/gblexprimer.com\/product\/achats-en-ligne-gbl\/","url":"https:\/\/gblexprimer.com\/product\/achats-en-ligne-gbl\/","name":"GBL kopen - GBL Online Store - GBL Online Verkoop","isPartOf":{"@id":"https:\/\/gblexprimer.com\/#website"},"primaryImageOfPage":{"@id":"https:\/\/gblexprimer.com\/product\/achats-en-ligne-gbl\/#primaryimage"},"image":{"@id":"https:\/\/gblexprimer.com\/product\/achats-en-ligne-gbl\/#primaryimage"},"thumbnailUrl":"https:\/\/gblexprimer.com\/wp-content\/uploads\/2023\/12\/GBL-Online-Kaufen-1.jpg","datePublished":"2023-12-26T07:26:39+00:00","dateModified":"2026-04-15T03:42:23+00:00","description":"GBL kopen, GBLExprimer is de beste GBL winkel waar je GBL online kunt kopen. Bestel nu GBL! Afkomstig van gecertificeerde fabrikanten en streng getest op zuiverheid en veiligheid. Snelle en discrete levering. Bestel nu!","breadcrumb":{"@id":"https:\/\/gblexprimer.com\/product\/achats-en-ligne-gbl\/#breadcrumb"},"inLanguage":"nl-BE","potentialAction":[{"@type":"ReadAction","target":["https:\/\/gblexprimer.com\/product\/achats-en-ligne-gbl\/"]}]},{"@type":"ImageObject","inLanguage":"nl-BE","@id":"https:\/\/gblexprimer.com\/product\/achats-en-ligne-gbl\/#primaryimage","url":"https:\/\/gblexprimer.com\/wp-content\/uploads\/2023\/12\/GBL-Online-Kaufen-1.jpg","contentUrl":"https:\/\/gblexprimer.com\/wp-content\/uploads\/2023\/12\/GBL-Online-Kaufen-1.jpg","width":600,"height":600,"caption":"Acheter GBL en ligne"},{"@type":"BreadcrumbList","@id":"https:\/\/gblexprimer.com\/product\/achats-en-ligne-gbl\/#breadcrumb","itemListElement":[{"@type":"ListItem","position":1,"name":"Home","item":"https:\/\/gblexprimer.com\/"},{"@type":"ListItem","position":2,"name":"Shop","item":"https:\/\/gblexprimer.com\/shop\/"},{"@type":"ListItem","position":3,"name":"Achats en ligne GBL"}]},{"@type":"WebSite","@id":"https:\/\/gblexprimer.com\/#website","url":"https:\/\/gblexprimer.com\/","name":"GBL Express","description":"","publisher":{"@id":"https:\/\/gblexprimer.com\/#organization"},"potentialAction":[{"@type":"SearchAction","target":{"@type":"EntryPoint","urlTemplate":"https:\/\/gblexprimer.com\/?s={search_term_string}"},"query-input":{"@type":"PropertyValueSpecification","valueRequired":true,"valueName":"search_term_string"}}],"inLanguage":"nl-BE"},{"@type":"Organization","@id":"https:\/\/gblexprimer.com\/#organization","name":"GBL Express","url":"https:\/\/gblexprimer.com\/","logo":{"@type":"ImageObject","inLanguage":"nl-BE","@id":"https:\/\/gblexprimer.com\/#\/schema\/logo\/image\/","url":"https:\/\/gblexprimer.com\/wp-content\/uploads\/2024\/01\/logo.png","contentUrl":"https:\/\/gblexprimer.com\/wp-content\/uploads\/2024\/01\/logo.png","width":220,"height":80,"caption":"GBL Exprimer"},"image":{"@id":"https:\/\/gblexprimer.com\/#\/schema\/logo\/image\/"}}]}},"_links":{"self":[{"href":"https:\/\/gblexprimer.com\/nl\/wp-json\/wp\/v2\/product\/15","targetHints":{"allow":["GET"]}}],"collection":[{"href":"https:\/\/gblexprimer.com\/nl\/wp-json\/wp\/v2\/product"}],"about":[{"href":"https:\/\/gblexprimer.com\/nl\/wp-json\/wp\/v2\/types\/product"}],"replies":[{"embeddable":true,"href":"https:\/\/gblexprimer.com\/nl\/wp-json\/wp\/v2\/comments?post=15"}],"wp:featuredmedia":[{"embeddable":true,"href":"https:\/\/gblexprimer.com\/nl\/wp-json\/wp\/v2\/media\/109"}],"wp:attachment":[{"href":"https:\/\/gblexprimer.com\/nl\/wp-json\/wp\/v2\/media?parent=15"}],"wp:term":[{"taxonomy":"product_brand","embeddable":true,"href":"https:\/\/gblexprimer.com\/nl\/wp-json\/wp\/v2\/product_brand?post=15"},{"taxonomy":"product_cat","embeddable":true,"href":"https:\/\/gblexprimer.com\/nl\/wp-json\/wp\/v2\/product_cat?post=15"},{"taxonomy":"product_tag","embeddable":true,"href":"https:\/\/gblexprimer.com\/nl\/wp-json\/wp\/v2\/product_tag?post=15"}],"curies":[{"name":"wp","href":"https:\/\/api.w.org\/{rel}","templated":true}]}}