{"id":34,"date":"2023-12-26T07:26:40","date_gmt":"2023-12-26T07:26:40","guid":{"rendered":"https:\/\/cannasmed.com\/gbl\/?post_type=product&#038;p=34"},"modified":"2026-04-09T09:30:56","modified_gmt":"2026-04-09T09:30:56","slug":"valocordin-diazepam-tropfene-10-mg","status":"publish","type":"product","link":"https:\/\/gblexprimer.com\/nl\/product\/valocordin-diazepam-tropfene-10-mg\/","title":{"rendered":"Valocordin Diazepam Tropfen 10 mg online kopen"},"content":{"rendered":"<h2>Acheter Valocordin Diazepam Tropfen 10 mg en Ligne chez GBLexprimer \u2013 Haute Qualit\u00e9 et Test\u00e9 en Laboratoire<\/h2>\n<p>Ben je op zoek naar <a href=\"https:\/\/gblexprimer.com\/nl\/product\/valocordin-diazepam-tropfene-10-mg\/\"><strong>Valocordin Diazepam Tropfen 10 mg<\/strong><\/a> hoge kwaliteit? Op <strong>GBExpress<\/strong>bieden wij <strong>Valocordin Diazepam Tropfen 10 mg<\/strong> laboratorium getest met een <strong>gegarandeerde zuiverheid<\/strong> voor uw onderzoeksbehoeften. Profiteer van onze <strong>snelle levering<\/strong>, <strong>concurrerende prijzen<\/strong> Valocordin Diazepam Tropfen 10 mg online kopen\u00a0<a href=\"https:\/\/gblexpress.com\/ritalin\/\">.<\/a><\/p>\n<h4>Waarom Valocordin Diazepam Tropfen 10 mg kopen bij GBLexprime?<\/h4>\n<p>Onze <strong><a href=\"https:\/\/en.wikipedia.org\/wiki\/Diazepam\">Valocordine Diazepam<\/a> Tropfen 10 mg<\/strong> provient de fournisseurs fiables et subit des contr\u00f4les qualit\u00e9 stricts pour garantir qu\u2019il respecte les plus hauts standards. <strong>GBExpress<\/strong> biedt u producten van topkwaliteit voor uw onderzoek<\/p>\n<p><strong>Valocordin Diazepam Tropfen 10 mg<\/strong> :<\/p>\n<ul>\n<li><strong>Gegarandeerde zuiverheid<\/strong> : Test\u00e9 en laboratoire avec une puret\u00e9 <strong><a href=\"https:\/\/gblexprimer.com\/nl\/product\/valoron-n-tropfen-100-8-mg-tilidine-naloxon\/\">maximale pour des r\u00e9sultats<\/a><\/strong> fiables.<\/li>\n<li><strong>Snelle, veilige levering<\/strong> : Commande trait\u00e9e rapidement et livr\u00e9e en toute s\u00e9curit\u00e9.<\/li>\n<li><strong>Betaalbare prijzen<\/strong> : Nous offrons des <strong>Valocordin Diazepam Tropfen<\/strong> hoge kwaliteit tegen concurrerende prijzen.<\/li>\n<\/ul>\n<h4>Wat is Valocordin Diazepam Tropfen 10 mg?<\/h4>\n<p>De <strong>Valocordin Diazepam Tropfen 10 mg<\/strong> worden voornamelijk gebruikt in wetenschappelijk onderzoek om de effecten van diazepam op het centrale zenuwstelsel te bestuderen. Deze druppels zijn uitsluitend bedoeld voor <strong>onderzoekstoepassingen<\/strong> en zijn niet bedoeld voor menselijke consumptie. <a href=\"https:\/\/gblexprimer.com\/nl\/\"><strong>GBlexpress<\/strong><\/a><\/p>\n<h4>Waarom kiezen voor GBLexprimer?<\/h4>\n<ul>\n<li><strong>Betrouwbare leverancier<\/strong> : Wij gebruiken uitsluitend producten van gerenommeerde fabrikanten.<\/li>\n<li><strong>Strenge controles<\/strong> Elke partij <strong>Valocordin Diazepam Tropfen 10 mg<\/strong> wordt grondig getest om de kwaliteit te waarborgen.<\/li>\n<li><strong>Klanttevredenheid<\/strong> :Wij streven ernaar om een \u200b\u200buitzonderlijke klantenservice te bieden en ervoor te zorgen dat uw winkelervaring optimaal is.<\/li>\n<\/ul>\n<h4>Hoe bestel ik Valocordin Diazepam Tropfen 10 mg online?<\/h4>\n<p>Bestel <strong>Valocordin Diazepam Tropfen 10 mg<\/strong> op <strong>GBExpress<\/strong> is eenvoudig en veilig. Bezoek onze site, selecteer de hoeveelheid die je nodig hebt en plaats je bestelling in slechts een paar klikken. Met onze <a href=\"https:\/\/www.drugs.com\/diazepam.html\"><strong>snelle levering<\/strong><\/a> en <strong>discrete verpakking<\/strong>Je kunt er zeker van zijn dat je producten je veilig en op tijd bereiken.<\/p>\n<p><strong>Bestel nu bij GBLexprimer<\/strong> om <strong>Valocordin Diazepam Tropfen 10 mg<\/strong> tegen concurrerende prijzen. Profiteer van onze betrouwbare producten en uitstekende klantenservice! <a href=\"https:\/\/gblexprimer.com\/nl\/product\/valocordin-diazepam-tropfene-10-mg\/\"><strong>Des achats sans tracas<\/strong><\/a><\/p>","protected":false},"excerpt":{"rendered":"<p><strong>Valocordin Diazepam Tropfen 10 mg<\/strong> est un m\u00e9dicament contenant du diaz\u00e9pam, un anxiolytique et s\u00e9datif de la classe des benzodiaz\u00e9pines. Il est principalement utilis\u00e9 pour traiter l\u2019anxi\u00e9t\u00e9, les troubles du sommeil, et les spasmes musculaires. Ce m\u00e9dicament doit \u00eatre pris avec pr\u00e9caution en raison de ses effets puissants et de son potentiel de d\u00e9pendance.<\/p>\n<h4><strong>Indications :<\/strong><\/h4>\n<ul>\n<li>Traitement des troubles anxieux.<\/li>\n<li>Insomnie d&rsquo;origine nerveuse.<\/li>\n<li>Spasmes musculaires ou tension musculaire s\u00e9v\u00e8re.<\/li>\n<\/ul>\n<h4><strong>Effets :<\/strong><\/h4>\n<ul>\n<li>Effet calmant et anxiolytique rapide.<\/li>\n<li>Relaxation musculaire.<\/li>\n<li>Am\u00e9lioration de la qualit\u00e9 du sommeil.<\/li>\n<\/ul>\n<h4><strong>Dosage :<\/strong><\/h4>\n<p>La posologie varie selon les besoins individuels. Elle doit \u00eatre prescrite par un m\u00e9decin et strictement respect\u00e9e pour \u00e9viter les risques d&rsquo;effets ind\u00e9sirables ou de d\u00e9pendance.<\/p>","protected":false},"featured_media":102,"comment_status":"open","ping_status":"closed","template":"","meta":{"site-sidebar-layout":"default","site-content-layout":"","ast-site-content-layout":"default","site-content-style":"default","site-sidebar-style":"default","ast-global-header-display":"","ast-banner-title-visibility":"","ast-main-header-display":"","ast-hfb-above-header-display":"","ast-hfb-below-header-display":"","ast-hfb-mobile-header-display":"","site-post-title":"","ast-breadcrumbs-content":"","ast-featured-img":"","footer-sml-layout":"","theme-transparent-header-meta":"default","adv-header-id-meta":"","stick-header-meta":"","header-above-stick-meta":"","header-main-stick-meta":"","header-below-stick-meta":"","astra-migrate-meta-layouts":"set","ast-page-background-enabled":"default","ast-page-background-meta":{"desktop":{"background-color":"","background-image":"","background-repeat":"repeat","background-position":"center center","background-size":"auto","background-attachment":"scroll","background-type":"","background-media":"","overlay-type":"","overlay-color":"","overlay-opacity":"","overlay-gradient":""},"tablet":{"background-color":"","background-image":"","background-repeat":"repeat","background-position":"center center","background-size":"auto","background-attachment":"scroll","background-type":"","background-media":"","overlay-type":"","overlay-color":"","overlay-opacity":"","overlay-gradient":""},"mobile":{"background-color":"","background-image":"","background-repeat":"repeat","background-position":"center center","background-size":"auto","background-attachment":"scroll","background-type":"","background-media":"","overlay-type":"","overlay-color":"","overlay-opacity":"","overlay-gradient":""}},"ast-content-background-meta":{"desktop":{"background-color":"var(--ast-global-color-5)","background-image":"","background-repeat":"repeat","background-position":"center center","background-size":"auto","background-attachment":"scroll","background-type":"","background-media":"","overlay-type":"","overlay-color":"","overlay-opacity":"","overlay-gradient":""},"tablet":{"background-color":"var(--ast-global-color-5)","background-image":"","background-repeat":"repeat","background-position":"center center","background-size":"auto","background-attachment":"scroll","background-type":"","background-media":"","overlay-type":"","overlay-color":"","overlay-opacity":"","overlay-gradient":""},"mobile":{"background-color":"var(--ast-global-color-5)","background-image":"","background-repeat":"repeat","background-position":"center center","background-size":"auto","background-attachment":"scroll","background-type":"","background-media":"","overlay-type":"","overlay-color":"","overlay-opacity":"","overlay-gradient":""}},"_joinchat":[]},"product_brand":[],"product_cat":[84],"product_tag":[469,482,474,483,478,481,470,487,472,480,473,471,485,479,477,476,475,484,468,486],"class_list":{"0":"post-34","1":"product","2":"type-product","3":"status-publish","4":"has-post-thumbnail","6":"product_cat-ko-drops","7":"product_tag-acheter-valocordin-diazepam-tropfen","8":"product_tag-analyse-de-valocordin-diazepam","9":"product_tag-application-de-valocordin-diazepam","10":"product_tag-chimie-de-valocordin-diazepam","11":"product_tag-disponibilite-de-valocordin-diazepam","12":"product_tag-distribution-de-valocordin-diazepam","13":"product_tag-fournisseur-de-valocordin-diazepam-tropfen","14":"product_tag-laboratoire-de-recherche-valocordin-diazepam","15":"product_tag-laboratoire-valocordin-diazepam","16":"product_tag-marche-de-valocordin-diazepam","17":"product_tag-prix-de-valocordin-diazepam-tropfen","18":"product_tag-recherche-sur-valocordin-diazepam","19":"product_tag-reference-materiel-valocordin-diazepam","20":"product_tag-reglementations-valocordin-diazepam","21":"product_tag-risques-de-valocordin-diazepam-tropfen","22":"product_tag-securite-de-valocordin-diazepam","23":"product_tag-stockage-de-valocordin-diazepam-tropfen","24":"product_tag-substance-valocordin-diazepam","25":"product_tag-valocordin-diazepam-tropfen-10-mg","26":"product_tag-vente-en-gros-valocordin-diazepam","27":"desktop-align-left","28":"tablet-align-left","29":"mobile-align-left","31":"first","32":"instock","33":"shipping-taxable","34":"purchasable","35":"product-type-variable","36":"has-default-attributes"},"yoast_head":"<!-- This site is optimized with the Yoast SEO plugin v26.9 - https:\/\/yoast.com\/product\/yoast-seo-wordpress\/ -->\n<title>Acheter Valocordin Diazepam Gouttes 10 mg en ligne | Gblexprimer<\/title>\n<meta name=\"description\" content=\"Les gouttes Valocordin Diazepam contiennent du diaz\u00e9pam, une benzodiaz\u00e9pine utilis\u00e9e pour g\u00e9rer l&#039;anxi\u00e9t\u00e9, les spasmes musculaires et certaines affections neurologiques. Il agit sur le syst\u00e8me nerveux central pour produire des effets apaisants.\" \/>\n<meta name=\"robots\" content=\"index, follow, max-snippet:-1, max-image-preview:large, max-video-preview:-1\" \/>\n<link rel=\"canonical\" href=\"https:\/\/gblexprimer.com\/nl\/product\/valocordin-diazepam-tropfene-10-mg\/\" \/>\n<meta property=\"og:locale\" content=\"nl_BE\" \/>\n<meta property=\"og:type\" content=\"article\" \/>\n<meta property=\"og:title\" content=\"Acheter Valocordin Diazepam Gouttes 10 mg en ligne | Gblexprimer\" \/>\n<meta property=\"og:description\" content=\"Les gouttes Valocordin Diazepam contiennent du diaz\u00e9pam, une benzodiaz\u00e9pine utilis\u00e9e pour g\u00e9rer l&#039;anxi\u00e9t\u00e9, les spasmes musculaires et certaines affections neurologiques. Il agit sur le syst\u00e8me nerveux central pour produire des effets apaisants.\" \/>\n<meta property=\"og:url\" content=\"https:\/\/gblexprimer.com\/nl\/product\/valocordin-diazepam-tropfene-10-mg\/\" \/>\n<meta property=\"og:site_name\" content=\"GBL Exprimer\" \/>\n<meta property=\"article:modified_time\" content=\"2026-04-09T09:30:56+00:00\" \/>\n<meta property=\"og:image\" content=\"https:\/\/gblexprimer.com\/wp-content\/uploads\/2023\/12\/Valocordin-Diazepam-Tropfen-10-mg.jpg\" \/>\n\t<meta property=\"og:image:width\" content=\"600\" \/>\n\t<meta property=\"og:image:height\" content=\"600\" \/>\n\t<meta property=\"og:image:type\" content=\"image\/jpeg\" \/>\n<meta name=\"twitter:card\" content=\"summary_large_image\" \/>\n<meta name=\"twitter:label1\" content=\"Geschatte leestijd\" \/>\n\t<meta name=\"twitter:data1\" content=\"2 minuten\" \/>\n<script type=\"application\/ld+json\" class=\"yoast-schema-graph\">{\"@context\":\"https:\/\/schema.org\",\"@graph\":[{\"@type\":\"WebPage\",\"@id\":\"https:\/\/gblexprimer.com\/product\/valocordin-diazepam-tropfene-10-mg\/\",\"url\":\"https:\/\/gblexprimer.com\/product\/valocordin-diazepam-tropfene-10-mg\/\",\"name\":\"Acheter Valocordin Diazepam Gouttes 10 mg en ligne | Gblexprimer\",\"isPartOf\":{\"@id\":\"https:\/\/gblexprimer.com\/#website\"},\"primaryImageOfPage\":{\"@id\":\"https:\/\/gblexprimer.com\/product\/valocordin-diazepam-tropfene-10-mg\/#primaryimage\"},\"image\":{\"@id\":\"https:\/\/gblexprimer.com\/product\/valocordin-diazepam-tropfene-10-mg\/#primaryimage\"},\"thumbnailUrl\":\"https:\/\/gblexprimer.com\/wp-content\/uploads\/2023\/12\/Valocordin-Diazepam-Tropfen-10-mg.jpg\",\"datePublished\":\"2023-12-26T07:26:40+00:00\",\"dateModified\":\"2026-04-09T09:30:56+00:00\",\"description\":\"Les gouttes Valocordin Diazepam contiennent du diaz\u00e9pam, une benzodiaz\u00e9pine utilis\u00e9e pour g\u00e9rer l'anxi\u00e9t\u00e9, les spasmes musculaires et certaines affections neurologiques. Il agit sur le syst\u00e8me nerveux central pour produire des effets apaisants.\",\"breadcrumb\":{\"@id\":\"https:\/\/gblexprimer.com\/product\/valocordin-diazepam-tropfene-10-mg\/#breadcrumb\"},\"inLanguage\":\"nl-BE\",\"potentialAction\":[{\"@type\":\"ReadAction\",\"target\":[\"https:\/\/gblexprimer.com\/product\/valocordin-diazepam-tropfene-10-mg\/\"]}]},{\"@type\":\"ImageObject\",\"inLanguage\":\"nl-BE\",\"@id\":\"https:\/\/gblexprimer.com\/product\/valocordin-diazepam-tropfene-10-mg\/#primaryimage\",\"url\":\"https:\/\/gblexprimer.com\/wp-content\/uploads\/2023\/12\/Valocordin-Diazepam-Tropfen-10-mg.jpg\",\"contentUrl\":\"https:\/\/gblexprimer.com\/wp-content\/uploads\/2023\/12\/Valocordin-Diazepam-Tropfen-10-mg.jpg\",\"width\":600,\"height\":600,\"caption\":\"Acheter Valocordin Diaz\u00e9pam Tropf\u00e8ne 10 mg en ligne\"},{\"@type\":\"BreadcrumbList\",\"@id\":\"https:\/\/gblexprimer.com\/product\/valocordin-diazepam-tropfene-10-mg\/#breadcrumb\",\"itemListElement\":[{\"@type\":\"ListItem\",\"position\":1,\"name\":\"Home\",\"item\":\"https:\/\/gblexprimer.com\/\"},{\"@type\":\"ListItem\",\"position\":2,\"name\":\"Shop\",\"item\":\"https:\/\/gblexprimer.com\/shop\/\"},{\"@type\":\"ListItem\",\"position\":3,\"name\":\"Acheter Valocordin Diaz\u00e9pam Tropf\u00e8ne 10 mg en ligne\"}]},{\"@type\":\"WebSite\",\"@id\":\"https:\/\/gblexprimer.com\/#website\",\"url\":\"https:\/\/gblexprimer.com\/\",\"name\":\"GBL Exprimer\",\"description\":\"\",\"publisher\":{\"@id\":\"https:\/\/gblexprimer.com\/#organization\"},\"potentialAction\":[{\"@type\":\"SearchAction\",\"target\":{\"@type\":\"EntryPoint\",\"urlTemplate\":\"https:\/\/gblexprimer.com\/?s={search_term_string}\"},\"query-input\":{\"@type\":\"PropertyValueSpecification\",\"valueRequired\":true,\"valueName\":\"search_term_string\"}}],\"inLanguage\":\"nl-BE\"},{\"@type\":\"Organization\",\"@id\":\"https:\/\/gblexprimer.com\/#organization\",\"name\":\"GBL Exprimer\",\"url\":\"https:\/\/gblexprimer.com\/\",\"logo\":{\"@type\":\"ImageObject\",\"inLanguage\":\"nl-BE\",\"@id\":\"https:\/\/gblexprimer.com\/#\/schema\/logo\/image\/\",\"url\":\"https:\/\/gblexprimer.com\/wp-content\/uploads\/2024\/01\/logo.png\",\"contentUrl\":\"https:\/\/gblexprimer.com\/wp-content\/uploads\/2024\/01\/logo.png\",\"width\":220,\"height\":80,\"caption\":\"GBL Exprimer\"},\"image\":{\"@id\":\"https:\/\/gblexprimer.com\/#\/schema\/logo\/image\/\"}}]}<\/script>\n<!-- \/ Yoast SEO plugin. -->","yoast_head_json":{"title":"Acheter Valocordin Diazepam Gouttes 10 mg en ligne | Gblexprimer","description":"Les gouttes Valocordin Diazepam contiennent du diaz\u00e9pam, une benzodiaz\u00e9pine utilis\u00e9e pour g\u00e9rer l'anxi\u00e9t\u00e9, les spasmes musculaires et certaines affections neurologiques. Il agit sur le syst\u00e8me nerveux central pour produire des effets apaisants.","robots":{"index":"index","follow":"follow","max-snippet":"max-snippet:-1","max-image-preview":"max-image-preview:large","max-video-preview":"max-video-preview:-1"},"canonical":"https:\/\/gblexprimer.com\/nl\/product\/valocordin-diazepam-tropfene-10-mg\/","og_locale":"nl_BE","og_type":"article","og_title":"Acheter Valocordin Diazepam Gouttes 10 mg en ligne | Gblexprimer","og_description":"Les gouttes Valocordin Diazepam contiennent du diaz\u00e9pam, une benzodiaz\u00e9pine utilis\u00e9e pour g\u00e9rer l'anxi\u00e9t\u00e9, les spasmes musculaires et certaines affections neurologiques. Il agit sur le syst\u00e8me nerveux central pour produire des effets apaisants.","og_url":"https:\/\/gblexprimer.com\/nl\/product\/valocordin-diazepam-tropfene-10-mg\/","og_site_name":"GBL Exprimer","article_modified_time":"2026-04-09T09:30:56+00:00","og_image":[{"width":600,"height":600,"url":"https:\/\/gblexprimer.com\/wp-content\/uploads\/2023\/12\/Valocordin-Diazepam-Tropfen-10-mg.jpg","type":"image\/jpeg"}],"twitter_card":"summary_large_image","twitter_misc":{"Geschatte leestijd":"2 minuten"},"schema":{"@context":"https:\/\/schema.org","@graph":[{"@type":"WebPage","@id":"https:\/\/gblexprimer.com\/product\/valocordin-diazepam-tropfene-10-mg\/","url":"https:\/\/gblexprimer.com\/product\/valocordin-diazepam-tropfene-10-mg\/","name":"Acheter Valocordin Diazepam Gouttes 10 mg en ligne | Gblexprimer","isPartOf":{"@id":"https:\/\/gblexprimer.com\/#website"},"primaryImageOfPage":{"@id":"https:\/\/gblexprimer.com\/product\/valocordin-diazepam-tropfene-10-mg\/#primaryimage"},"image":{"@id":"https:\/\/gblexprimer.com\/product\/valocordin-diazepam-tropfene-10-mg\/#primaryimage"},"thumbnailUrl":"https:\/\/gblexprimer.com\/wp-content\/uploads\/2023\/12\/Valocordin-Diazepam-Tropfen-10-mg.jpg","datePublished":"2023-12-26T07:26:40+00:00","dateModified":"2026-04-09T09:30:56+00:00","description":"Les gouttes Valocordin Diazepam contiennent du diaz\u00e9pam, une benzodiaz\u00e9pine utilis\u00e9e pour g\u00e9rer l'anxi\u00e9t\u00e9, les spasmes musculaires et certaines affections neurologiques. Il agit sur le syst\u00e8me nerveux central pour produire des effets apaisants.","breadcrumb":{"@id":"https:\/\/gblexprimer.com\/product\/valocordin-diazepam-tropfene-10-mg\/#breadcrumb"},"inLanguage":"nl-BE","potentialAction":[{"@type":"ReadAction","target":["https:\/\/gblexprimer.com\/product\/valocordin-diazepam-tropfene-10-mg\/"]}]},{"@type":"ImageObject","inLanguage":"nl-BE","@id":"https:\/\/gblexprimer.com\/product\/valocordin-diazepam-tropfene-10-mg\/#primaryimage","url":"https:\/\/gblexprimer.com\/wp-content\/uploads\/2023\/12\/Valocordin-Diazepam-Tropfen-10-mg.jpg","contentUrl":"https:\/\/gblexprimer.com\/wp-content\/uploads\/2023\/12\/Valocordin-Diazepam-Tropfen-10-mg.jpg","width":600,"height":600,"caption":"Acheter Valocordin Diaz\u00e9pam Tropf\u00e8ne 10 mg en ligne"},{"@type":"BreadcrumbList","@id":"https:\/\/gblexprimer.com\/product\/valocordin-diazepam-tropfene-10-mg\/#breadcrumb","itemListElement":[{"@type":"ListItem","position":1,"name":"Home","item":"https:\/\/gblexprimer.com\/"},{"@type":"ListItem","position":2,"name":"Shop","item":"https:\/\/gblexprimer.com\/shop\/"},{"@type":"ListItem","position":3,"name":"Acheter Valocordin Diaz\u00e9pam Tropf\u00e8ne 10 mg en ligne"}]},{"@type":"WebSite","@id":"https:\/\/gblexprimer.com\/#website","url":"https:\/\/gblexprimer.com\/","name":"GBL Express","description":"","publisher":{"@id":"https:\/\/gblexprimer.com\/#organization"},"potentialAction":[{"@type":"SearchAction","target":{"@type":"EntryPoint","urlTemplate":"https:\/\/gblexprimer.com\/?s={search_term_string}"},"query-input":{"@type":"PropertyValueSpecification","valueRequired":true,"valueName":"search_term_string"}}],"inLanguage":"nl-BE"},{"@type":"Organization","@id":"https:\/\/gblexprimer.com\/#organization","name":"GBL Express","url":"https:\/\/gblexprimer.com\/","logo":{"@type":"ImageObject","inLanguage":"nl-BE","@id":"https:\/\/gblexprimer.com\/#\/schema\/logo\/image\/","url":"https:\/\/gblexprimer.com\/wp-content\/uploads\/2024\/01\/logo.png","contentUrl":"https:\/\/gblexprimer.com\/wp-content\/uploads\/2024\/01\/logo.png","width":220,"height":80,"caption":"GBL Exprimer"},"image":{"@id":"https:\/\/gblexprimer.com\/#\/schema\/logo\/image\/"}}]}},"_links":{"self":[{"href":"https:\/\/gblexprimer.com\/nl\/wp-json\/wp\/v2\/product\/34","targetHints":{"allow":["GET"]}}],"collection":[{"href":"https:\/\/gblexprimer.com\/nl\/wp-json\/wp\/v2\/product"}],"about":[{"href":"https:\/\/gblexprimer.com\/nl\/wp-json\/wp\/v2\/types\/product"}],"replies":[{"embeddable":true,"href":"https:\/\/gblexprimer.com\/nl\/wp-json\/wp\/v2\/comments?post=34"}],"wp:featuredmedia":[{"embeddable":true,"href":"https:\/\/gblexprimer.com\/nl\/wp-json\/wp\/v2\/media\/102"}],"wp:attachment":[{"href":"https:\/\/gblexprimer.com\/nl\/wp-json\/wp\/v2\/media?parent=34"}],"wp:term":[{"taxonomy":"product_brand","embeddable":true,"href":"https:\/\/gblexprimer.com\/nl\/wp-json\/wp\/v2\/product_brand?post=34"},{"taxonomy":"product_cat","embeddable":true,"href":"https:\/\/gblexprimer.com\/nl\/wp-json\/wp\/v2\/product_cat?post=34"},{"taxonomy":"product_tag","embeddable":true,"href":"https:\/\/gblexprimer.com\/nl\/wp-json\/wp\/v2\/product_tag?post=34"}],"curies":[{"name":"wp","href":"https:\/\/api.w.org\/{rel}","templated":true}]}}