{"id":35,"date":"2023-12-26T07:26:40","date_gmt":"2023-12-26T07:26:40","guid":{"rendered":"https:\/\/cannasmed.com\/gbl\/?post_type=product&#038;p=35"},"modified":"2026-04-11T07:15:58","modified_gmt":"2026-04-11T07:15:58","slug":"diazepam-ratiopharm-5-mg-diazepam","status":"publish","type":"product","link":"https:\/\/gblexprimer.com\/nl\/product\/diazepam-ratiopharm-5-mg-diazepam\/","title":{"rendered":"Diazepam Ratiopharm 5 mg Diazepam"},"content":{"rendered":"<h2>Diazepam kopen Ratiopharm 5 mg Diazepam online<\/h2>\n<p>Bij Sample.com kun je met een gerust hart echte diazepam tabletten kopen. Voordat het medicijn wordt verzonden, is een online consult met een arts nodig om te bepalen of een legitiem recept kan worden uitgegeven. Door middel van online advies weet je zeker dat Diazepam (Valium) het juiste medicijn voor jou is. Deze procedure, vergelijkbaar met die van een online apotheek, helpt ervoor te zorgen dat de aankoop van <a href=\"https:\/\/gblexprimer.com\/nl\/product\/diazepam-ratiopharm-5-mg-diazepam\/\">Diazepam online<\/a> veilig en geschikt is voor jou. Voordat je met een farmaceutische behandeling begint, moet je altijd met je arts of andere zorgverlener overleggen om er zeker van te zijn dat de medicatie geschikt is voor jouw specifieke behoeften.<\/p>\n<h3>Wat is diazepam?<\/h3>\n<p>Le <a href=\"https:\/\/en.wikipedia.org\/wiki\/Diazepam\">diazepam<\/a> Diazepam is een geneesmiddel dat wordt gebruikt om angst, paniekaanvallen, spierkrampen en andere symptomen te behandelen.<br \/>\nSommige mensen krijgen diazepam voorgeschreven om te ontspannen voor een medische ingreep. Het kan worden voorgeschreven als spierverslapper<br \/>\nLe diaz\u00e9pam \u00e9tait autrefois connu sous le nom de <a href=\"https:\/\/gblexprimer.com\/nl\/product\/heaven-pure-ecstasy-500-mg-%ce%b3-hydroxyboterzuur-ghb\/\">Valium<\/a>, bien que cette marque de diaz\u00e9pam ne soit plus disponible au Royaume-Uni.<br \/>\nHet is een gereguleerde stof<br \/>\nDiazepam wordt meestal ingenomen in tabletvorm, maar kan ook worden voorgeschreven in vloeibare of rectale vorm.<br \/>\nHet wordt aanbevolen om diazepam niet langer dan vier weken achter elkaar te gebruiken, omdat er een risico bestaat op afhankelijkheid van het medicijn (Young Minds, 2023). Je arts kan je uitleggen wat de juiste gebruiksduur is voor jouw individuele behoeften.<br \/>\nOmdat diazepam slaperigheid kan veroorzaken, mag u tijdens het gebruik niet autorijden of zware machines bedienen.<br \/>\nHet is belangrijk dat u de bijsluiter leest voor een volledige lijst van veelvoorkomende bijwerkingen en waarschuwingen, en u moet altijd uw arts raadplegen voor advies over de juiste behandeling voor uw specifieke medische aandoening.<\/p>\n<h3>Hoe schud je diazepam?<\/h3>\n<p>Benzodiazepinen, waaronder diazepam, werken door in te werken op bepaalde chemische stoffen in de hersenen, waardoor de binding van GABA aan GABA-receptoren wordt versterkt (Michel, T., 2011). Deze chemische stoffen hebben een kalmerend effect op de hersenen (Cuncic, A., 2022), wat kan helpen om angst te verminderen, je spieren te ontspannen of je een ontspannen of slaperig gevoel te geven. Het kan zelfs aanvalsactiviteit stoppen (Epilepsy Foundation, 2018). Soms wordt diazepam voorgeschreven als slaapmiddel. <a href=\"https:\/\/gblexprimer.com\/nl\/\">Gblexprimer<\/a><\/p>\n<p>Omdat een diazepam pil veel verschillende effecten kan hebben, wordt het voorgeschreven bij verschillende medische aandoeningen. Het kan gaan om angst, moeite met inslapen of als noodmedicijn bij een aanval.<\/p>","protected":false},"excerpt":{"rendered":"<p>Acheter Diaz\u00e9pam Ratiopharm 5 mg Diaz\u00e9pam en ligne Sur Sample.com, vous pouvez acheter des comprim\u00e9s de diaz\u00e9pam authentiques en toute confiance. Avant l&rsquo;envoi du m\u00e9dicament, une consultation en ligne d&rsquo;un m\u00e9decin est n\u00e9cessaire pour d\u00e9terminer si une ordonnance l\u00e9gitime peut \u00eatre \u00e9tablie. S&rsquo;assurer que le Diaz\u00e9pam (Valium) est le bon m\u00e9dicament pour vous est assur\u00e9 [&hellip;]<\/p>","protected":false},"featured_media":101,"comment_status":"open","ping_status":"closed","template":"","meta":{"site-sidebar-layout":"default","site-content-layout":"","ast-site-content-layout":"default","site-content-style":"default","site-sidebar-style":"default","ast-global-header-display":"","ast-banner-title-visibility":"","ast-main-header-display":"","ast-hfb-above-header-display":"","ast-hfb-below-header-display":"","ast-hfb-mobile-header-display":"","site-post-title":"","ast-breadcrumbs-content":"","ast-featured-img":"","footer-sml-layout":"","theme-transparent-header-meta":"default","adv-header-id-meta":"","stick-header-meta":"","header-above-stick-meta":"","header-main-stick-meta":"","header-below-stick-meta":"","astra-migrate-meta-layouts":"set","ast-page-background-enabled":"default","ast-page-background-meta":{"desktop":{"background-color":"","background-image":"","background-repeat":"repeat","background-position":"center center","background-size":"auto","background-attachment":"scroll","background-type":"","background-media":"","overlay-type":"","overlay-color":"","overlay-opacity":"","overlay-gradient":""},"tablet":{"background-color":"","background-image":"","background-repeat":"repeat","background-position":"center center","background-size":"auto","background-attachment":"scroll","background-type":"","background-media":"","overlay-type":"","overlay-color":"","overlay-opacity":"","overlay-gradient":""},"mobile":{"background-color":"","background-image":"","background-repeat":"repeat","background-position":"center center","background-size":"auto","background-attachment":"scroll","background-type":"","background-media":"","overlay-type":"","overlay-color":"","overlay-opacity":"","overlay-gradient":""}},"ast-content-background-meta":{"desktop":{"background-color":"var(--ast-global-color-5)","background-image":"","background-repeat":"repeat","background-position":"center center","background-size":"auto","background-attachment":"scroll","background-type":"","background-media":"","overlay-type":"","overlay-color":"","overlay-opacity":"","overlay-gradient":""},"tablet":{"background-color":"var(--ast-global-color-5)","background-image":"","background-repeat":"repeat","background-position":"center center","background-size":"auto","background-attachment":"scroll","background-type":"","background-media":"","overlay-type":"","overlay-color":"","overlay-opacity":"","overlay-gradient":""},"mobile":{"background-color":"var(--ast-global-color-5)","background-image":"","background-repeat":"repeat","background-position":"center center","background-size":"auto","background-attachment":"scroll","background-type":"","background-media":"","overlay-type":"","overlay-color":"","overlay-opacity":"","overlay-gradient":""}},"_joinchat":[]},"product_brand":[],"product_cat":[84],"product_tag":[],"class_list":{"0":"post-35","1":"product","2":"type-product","3":"status-publish","4":"has-post-thumbnail","6":"product_cat-ko-drops","7":"desktop-align-left","8":"tablet-align-left","9":"mobile-align-left","11":"first","12":"instock","13":"featured","14":"shipping-taxable","15":"purchasable","16":"product-type-variable","17":"has-default-attributes"},"yoast_head":"<!-- This site is optimized with the Yoast SEO plugin v26.9 - https:\/\/yoast.com\/product\/yoast-seo-wordpress\/ -->\n<title>Acheter du Diazepam-ratiopharm 5 mg en ligne | Gblexprimer<\/title>\n<meta name=\"description\" content=\"Le Diazepam-ratiopharm contient du diaz\u00e9pam, une benzodiaz\u00e9pine qui aide \u00e0 soulager l&#039;anxi\u00e9t\u00e9, les spasmes musculaires et les troubles convulsifs en apaisant le syst\u00e8me nerveux central.\" \/>\n<meta name=\"robots\" content=\"index, follow, max-snippet:-1, max-image-preview:large, max-video-preview:-1\" \/>\n<link rel=\"canonical\" href=\"https:\/\/gblexprimer.com\/nl\/product\/diazepam-ratiopharm-5-mg-diazepam\/\" \/>\n<meta property=\"og:locale\" content=\"nl_BE\" \/>\n<meta property=\"og:type\" content=\"article\" \/>\n<meta property=\"og:title\" content=\"Acheter du Diazepam-ratiopharm 5 mg en ligne | Gblexprimer\" \/>\n<meta property=\"og:description\" content=\"Le Diazepam-ratiopharm contient du diaz\u00e9pam, une benzodiaz\u00e9pine qui aide \u00e0 soulager l&#039;anxi\u00e9t\u00e9, les spasmes musculaires et les troubles convulsifs en apaisant le syst\u00e8me nerveux central.\" \/>\n<meta property=\"og:url\" content=\"https:\/\/gblexprimer.com\/nl\/product\/diazepam-ratiopharm-5-mg-diazepam\/\" \/>\n<meta property=\"og:site_name\" content=\"GBL Exprimer\" \/>\n<meta property=\"article:modified_time\" content=\"2026-04-11T07:15:58+00:00\" \/>\n<meta property=\"og:image\" content=\"https:\/\/gblexprimer.com\/wp-content\/uploads\/2023\/12\/Diazepam-Ratiopharm-5-mg-Diazepam.jpg\" \/>\n\t<meta property=\"og:image:width\" content=\"600\" \/>\n\t<meta property=\"og:image:height\" content=\"600\" \/>\n\t<meta property=\"og:image:type\" content=\"image\/jpeg\" \/>\n<meta name=\"twitter:card\" content=\"summary_large_image\" \/>\n<meta name=\"twitter:label1\" content=\"Geschatte leestijd\" \/>\n\t<meta name=\"twitter:data1\" content=\"3 minuten\" \/>\n<script type=\"application\/ld+json\" class=\"yoast-schema-graph\">{\"@context\":\"https:\/\/schema.org\",\"@graph\":[{\"@type\":\"WebPage\",\"@id\":\"https:\/\/gblexprimer.com\/product\/diazepam-ratiopharm-5-mg-diazepam\/\",\"url\":\"https:\/\/gblexprimer.com\/product\/diazepam-ratiopharm-5-mg-diazepam\/\",\"name\":\"Acheter du Diazepam-ratiopharm 5 mg en ligne | Gblexprimer\",\"isPartOf\":{\"@id\":\"https:\/\/gblexprimer.com\/#website\"},\"primaryImageOfPage\":{\"@id\":\"https:\/\/gblexprimer.com\/product\/diazepam-ratiopharm-5-mg-diazepam\/#primaryimage\"},\"image\":{\"@id\":\"https:\/\/gblexprimer.com\/product\/diazepam-ratiopharm-5-mg-diazepam\/#primaryimage\"},\"thumbnailUrl\":\"https:\/\/gblexprimer.com\/wp-content\/uploads\/2023\/12\/Diazepam-Ratiopharm-5-mg-Diazepam.jpg\",\"datePublished\":\"2023-12-26T07:26:40+00:00\",\"dateModified\":\"2026-04-11T07:15:58+00:00\",\"description\":\"Le Diazepam-ratiopharm contient du diaz\u00e9pam, une benzodiaz\u00e9pine qui aide \u00e0 soulager l'anxi\u00e9t\u00e9, les spasmes musculaires et les troubles convulsifs en apaisant le syst\u00e8me nerveux central.\",\"breadcrumb\":{\"@id\":\"https:\/\/gblexprimer.com\/product\/diazepam-ratiopharm-5-mg-diazepam\/#breadcrumb\"},\"inLanguage\":\"nl-BE\",\"potentialAction\":[{\"@type\":\"ReadAction\",\"target\":[\"https:\/\/gblexprimer.com\/product\/diazepam-ratiopharm-5-mg-diazepam\/\"]}]},{\"@type\":\"ImageObject\",\"inLanguage\":\"nl-BE\",\"@id\":\"https:\/\/gblexprimer.com\/product\/diazepam-ratiopharm-5-mg-diazepam\/#primaryimage\",\"url\":\"https:\/\/gblexprimer.com\/wp-content\/uploads\/2023\/12\/Diazepam-Ratiopharm-5-mg-Diazepam.jpg\",\"contentUrl\":\"https:\/\/gblexprimer.com\/wp-content\/uploads\/2023\/12\/Diazepam-Ratiopharm-5-mg-Diazepam.jpg\",\"width\":600,\"height\":600,\"caption\":\"Diaz\u00e9pam Ratiopharm 5 mg Diaz\u00e9pam\"},{\"@type\":\"BreadcrumbList\",\"@id\":\"https:\/\/gblexprimer.com\/product\/diazepam-ratiopharm-5-mg-diazepam\/#breadcrumb\",\"itemListElement\":[{\"@type\":\"ListItem\",\"position\":1,\"name\":\"Home\",\"item\":\"https:\/\/gblexprimer.com\/\"},{\"@type\":\"ListItem\",\"position\":2,\"name\":\"Shop\",\"item\":\"https:\/\/gblexprimer.com\/shop\/\"},{\"@type\":\"ListItem\",\"position\":3,\"name\":\"Diaz\u00e9pam Ratiopharm 5 mg Diaz\u00e9pam\"}]},{\"@type\":\"WebSite\",\"@id\":\"https:\/\/gblexprimer.com\/#website\",\"url\":\"https:\/\/gblexprimer.com\/\",\"name\":\"GBL Exprimer\",\"description\":\"\",\"publisher\":{\"@id\":\"https:\/\/gblexprimer.com\/#organization\"},\"potentialAction\":[{\"@type\":\"SearchAction\",\"target\":{\"@type\":\"EntryPoint\",\"urlTemplate\":\"https:\/\/gblexprimer.com\/?s={search_term_string}\"},\"query-input\":{\"@type\":\"PropertyValueSpecification\",\"valueRequired\":true,\"valueName\":\"search_term_string\"}}],\"inLanguage\":\"nl-BE\"},{\"@type\":\"Organization\",\"@id\":\"https:\/\/gblexprimer.com\/#organization\",\"name\":\"GBL Exprimer\",\"url\":\"https:\/\/gblexprimer.com\/\",\"logo\":{\"@type\":\"ImageObject\",\"inLanguage\":\"nl-BE\",\"@id\":\"https:\/\/gblexprimer.com\/#\/schema\/logo\/image\/\",\"url\":\"https:\/\/gblexprimer.com\/wp-content\/uploads\/2024\/01\/logo.png\",\"contentUrl\":\"https:\/\/gblexprimer.com\/wp-content\/uploads\/2024\/01\/logo.png\",\"width\":220,\"height\":80,\"caption\":\"GBL Exprimer\"},\"image\":{\"@id\":\"https:\/\/gblexprimer.com\/#\/schema\/logo\/image\/\"}}]}<\/script>\n<!-- \/ Yoast SEO plugin. -->","yoast_head_json":{"title":"Acheter du Diazepam-ratiopharm 5 mg en ligne | Gblexprimer","description":"Le Diazepam-ratiopharm contient du diaz\u00e9pam, une benzodiaz\u00e9pine qui aide \u00e0 soulager l'anxi\u00e9t\u00e9, les spasmes musculaires et les troubles convulsifs en apaisant le syst\u00e8me nerveux central.","robots":{"index":"index","follow":"follow","max-snippet":"max-snippet:-1","max-image-preview":"max-image-preview:large","max-video-preview":"max-video-preview:-1"},"canonical":"https:\/\/gblexprimer.com\/nl\/product\/diazepam-ratiopharm-5-mg-diazepam\/","og_locale":"nl_BE","og_type":"article","og_title":"Acheter du Diazepam-ratiopharm 5 mg en ligne | Gblexprimer","og_description":"Le Diazepam-ratiopharm contient du diaz\u00e9pam, une benzodiaz\u00e9pine qui aide \u00e0 soulager l'anxi\u00e9t\u00e9, les spasmes musculaires et les troubles convulsifs en apaisant le syst\u00e8me nerveux central.","og_url":"https:\/\/gblexprimer.com\/nl\/product\/diazepam-ratiopharm-5-mg-diazepam\/","og_site_name":"GBL Exprimer","article_modified_time":"2026-04-11T07:15:58+00:00","og_image":[{"width":600,"height":600,"url":"https:\/\/gblexprimer.com\/wp-content\/uploads\/2023\/12\/Diazepam-Ratiopharm-5-mg-Diazepam.jpg","type":"image\/jpeg"}],"twitter_card":"summary_large_image","twitter_misc":{"Geschatte leestijd":"3 minuten"},"schema":{"@context":"https:\/\/schema.org","@graph":[{"@type":"WebPage","@id":"https:\/\/gblexprimer.com\/product\/diazepam-ratiopharm-5-mg-diazepam\/","url":"https:\/\/gblexprimer.com\/product\/diazepam-ratiopharm-5-mg-diazepam\/","name":"Acheter du Diazepam-ratiopharm 5 mg en ligne | Gblexprimer","isPartOf":{"@id":"https:\/\/gblexprimer.com\/#website"},"primaryImageOfPage":{"@id":"https:\/\/gblexprimer.com\/product\/diazepam-ratiopharm-5-mg-diazepam\/#primaryimage"},"image":{"@id":"https:\/\/gblexprimer.com\/product\/diazepam-ratiopharm-5-mg-diazepam\/#primaryimage"},"thumbnailUrl":"https:\/\/gblexprimer.com\/wp-content\/uploads\/2023\/12\/Diazepam-Ratiopharm-5-mg-Diazepam.jpg","datePublished":"2023-12-26T07:26:40+00:00","dateModified":"2026-04-11T07:15:58+00:00","description":"Le Diazepam-ratiopharm contient du diaz\u00e9pam, une benzodiaz\u00e9pine qui aide \u00e0 soulager l'anxi\u00e9t\u00e9, les spasmes musculaires et les troubles convulsifs en apaisant le syst\u00e8me nerveux central.","breadcrumb":{"@id":"https:\/\/gblexprimer.com\/product\/diazepam-ratiopharm-5-mg-diazepam\/#breadcrumb"},"inLanguage":"nl-BE","potentialAction":[{"@type":"ReadAction","target":["https:\/\/gblexprimer.com\/product\/diazepam-ratiopharm-5-mg-diazepam\/"]}]},{"@type":"ImageObject","inLanguage":"nl-BE","@id":"https:\/\/gblexprimer.com\/product\/diazepam-ratiopharm-5-mg-diazepam\/#primaryimage","url":"https:\/\/gblexprimer.com\/wp-content\/uploads\/2023\/12\/Diazepam-Ratiopharm-5-mg-Diazepam.jpg","contentUrl":"https:\/\/gblexprimer.com\/wp-content\/uploads\/2023\/12\/Diazepam-Ratiopharm-5-mg-Diazepam.jpg","width":600,"height":600,"caption":"Diaz\u00e9pam Ratiopharm 5 mg Diaz\u00e9pam"},{"@type":"BreadcrumbList","@id":"https:\/\/gblexprimer.com\/product\/diazepam-ratiopharm-5-mg-diazepam\/#breadcrumb","itemListElement":[{"@type":"ListItem","position":1,"name":"Home","item":"https:\/\/gblexprimer.com\/"},{"@type":"ListItem","position":2,"name":"Shop","item":"https:\/\/gblexprimer.com\/shop\/"},{"@type":"ListItem","position":3,"name":"Diaz\u00e9pam Ratiopharm 5 mg Diaz\u00e9pam"}]},{"@type":"WebSite","@id":"https:\/\/gblexprimer.com\/#website","url":"https:\/\/gblexprimer.com\/","name":"GBL Express","description":"","publisher":{"@id":"https:\/\/gblexprimer.com\/#organization"},"potentialAction":[{"@type":"SearchAction","target":{"@type":"EntryPoint","urlTemplate":"https:\/\/gblexprimer.com\/?s={search_term_string}"},"query-input":{"@type":"PropertyValueSpecification","valueRequired":true,"valueName":"search_term_string"}}],"inLanguage":"nl-BE"},{"@type":"Organization","@id":"https:\/\/gblexprimer.com\/#organization","name":"GBL Express","url":"https:\/\/gblexprimer.com\/","logo":{"@type":"ImageObject","inLanguage":"nl-BE","@id":"https:\/\/gblexprimer.com\/#\/schema\/logo\/image\/","url":"https:\/\/gblexprimer.com\/wp-content\/uploads\/2024\/01\/logo.png","contentUrl":"https:\/\/gblexprimer.com\/wp-content\/uploads\/2024\/01\/logo.png","width":220,"height":80,"caption":"GBL Exprimer"},"image":{"@id":"https:\/\/gblexprimer.com\/#\/schema\/logo\/image\/"}}]}},"_links":{"self":[{"href":"https:\/\/gblexprimer.com\/nl\/wp-json\/wp\/v2\/product\/35","targetHints":{"allow":["GET"]}}],"collection":[{"href":"https:\/\/gblexprimer.com\/nl\/wp-json\/wp\/v2\/product"}],"about":[{"href":"https:\/\/gblexprimer.com\/nl\/wp-json\/wp\/v2\/types\/product"}],"replies":[{"embeddable":true,"href":"https:\/\/gblexprimer.com\/nl\/wp-json\/wp\/v2\/comments?post=35"}],"wp:featuredmedia":[{"embeddable":true,"href":"https:\/\/gblexprimer.com\/nl\/wp-json\/wp\/v2\/media\/101"}],"wp:attachment":[{"href":"https:\/\/gblexprimer.com\/nl\/wp-json\/wp\/v2\/media?parent=35"}],"wp:term":[{"taxonomy":"product_brand","embeddable":true,"href":"https:\/\/gblexprimer.com\/nl\/wp-json\/wp\/v2\/product_brand?post=35"},{"taxonomy":"product_cat","embeddable":true,"href":"https:\/\/gblexprimer.com\/nl\/wp-json\/wp\/v2\/product_cat?post=35"},{"taxonomy":"product_tag","embeddable":true,"href":"https:\/\/gblexprimer.com\/nl\/wp-json\/wp\/v2\/product_tag?post=35"}],"curies":[{"name":"wp","href":"https:\/\/api.w.org\/{rel}","templated":true}]}}