{"id":5035,"date":"2024-11-26T06:06:29","date_gmt":"2024-11-26T06:06:29","guid":{"rendered":"https:\/\/gblexprimer.com\/?post_type=product&#038;p=5035"},"modified":"2026-04-13T04:20:36","modified_gmt":"2026-04-13T04:20:36","slug":"mephedrone-kopen","status":"publish","type":"product","link":"https:\/\/gblexprimer.com\/nl\/product\/mephedrone-kopen\/","title":{"rendered":"Mephedrone"},"content":{"rendered":"<h3><strong>Mephedrone (MefeDron) online kopen bij GBlexprimer<\/strong><\/h3>\n<p class=\"ds-markdown-paragraph\">We garanderen dat al onze producten, inclusief de <strong>4-MMC<\/strong> en de <strong>3-MMC<\/strong>, zijn onderworpen aan <strong>strenge tests<\/strong> kwaliteit en zuiverheid.<\/p>\n<p class=\"ds-markdown-paragraph\"><strong>Veilige en beveiligde transacties :<\/strong> We respecteren uw <strong>privacy<\/strong>. Daarom bieden we je een <strong>discrete verzending<\/strong> en <strong>veilige betaalopties<\/strong>, waardoor je winkelervaring <strong>vloeistof<\/strong>.<\/p>\n<p class=\"ds-markdown-paragraph\"><strong>Snelle wereldwijde verzending:<\/strong> Of je nu op zoek bent naar <strong>4-MMC online kopen<\/strong> of andere <strong>synthetische cathinonen<\/strong>, bieden we <strong>snelle, betrouwbare verzending<\/strong> om ervoor te zorgen dat uw bestelling bij u aankomt <strong>volledige veiligheid<\/strong> en <strong>binnen de deadline<\/strong>.<\/p>\n<p><strong>La <a href=\"https:\/\/gblexprimer.com\/nl\/product\/mephedrone-kopen\/\">mephedrone<\/a><\/strong>ook bekend als <strong>MefeDron<\/strong> of <strong>4-MMC<\/strong>, is een synthetische cathinon die populair is om zijn stimulerende en euforische effecten. Het is zeer gewild voor zowel recreatieve als wetenschappelijke toepassingen. Bij GBlexprimer bieden we <strong>mephedrone van hoge kwaliteit<\/strong>, M\u00e9ph\u00e9drone is een grondig getest product met snelle, discrete leveringsopties. M\u00e9ph\u00e9drone kopen. <a href=\"https:\/\/gblexprimer.com\/nl\/\"><strong>GBlexpress<\/strong><\/a><\/p>\n<h3><strong>Waarom kiezen voor GBlexprimer om mephedrone te kopen?<\/strong><\/h3>\n<h4><strong>1. Hoogwaardige mephedrone<\/strong><\/h4>\n<p>Onze <strong>mephedrone<\/strong> wordt getest om de zuiverheid en werkzaamheid te garanderen, in overeenstemming met de strengste normen voor veilig, betrouwbaar gebruik.<\/p>\n<h4><strong>2. Betrouwbare leveranciers van mephedrone<\/strong><\/h4>\n<p>Met jarenlange ervaring wordt GBlexprimer erkend als een betrouwbare leverancier van pure mephedrone, in de vorm van kristallen, poeder of<\/p>\n<h4><strong>3. Veilige transacties en discrete verpakking<\/strong><\/h4>\n<p>We bieden een veilig aankoopproces, met beschermde betalingen en discrete verpakking om de vertrouwelijkheid van onze klanten te beschermen.<\/p>\n<h4><strong>4. Snelle, betrouwbare levering<\/strong><\/h4>\n<p>Wij garanderen <strong>snelle levering<\/strong> van uw <strong>mephedrone<\/strong>, Of je nu kleine of grote hoeveelheden bestelt.<\/p>\n<h4><strong>5. Competitieve prijzen<\/strong><\/h4>\n<p>Profiteer van <strong>beste prijzen voor mephedrone<\/strong>met opties op maat voor individuele behoeften of bulkbestellingen.<\/p>\n<h3><strong>Toepassingen en gebruik van M\u00e9ph\u00e9drone (MefeDron)<\/strong><\/h3>\n<h4><strong>Recreatief gebruik<\/strong><\/h4>\n<p>La <strong>mephedrone<\/strong> wordt gewaardeerd om zijn energieke, sociale en stimulerende effecten en wordt vaak gebruikt in feestomgevingen zoals clubs en festivals.<\/p>\n<h4><strong>Wetenschappelijk onderzoek<\/strong><\/h4>\n<p>Voor onderzoeksdoeleinden, <a href=\"https:\/\/gblexprimer.com\/nl\/product\/methamfetamine\/\"><strong>mephedrone<\/strong><\/a> wordt bestudeerd op zijn interacties met neurotransmitters zoals dopamine en serotonine, wat bijdraagt aan een beter begrip van neurochemische mechanismen.<\/p>\n<h4><strong>Beschikbare vormen<\/strong><\/h4>\n<p>Op GBlexprimer kun je het volgende kopen <strong>mephedrone in de vorm van kristallen, poeders of pillen<\/strong>afgestemd op jouw specifieke behoeften.<\/p>\n<h3><strong>Koop mephedrone vandaag nog online<\/strong><\/h3>\n<p>GBlexprimer is uw vertrouwde partner voor het kopen van <a href=\"https:\/\/en.wikipedia.org\/wiki\/Mephedrone\"><strong>mephedrone (MefeDron)<\/strong><\/a> online. Onze <strong>pure mephedrone<\/strong> is beschikbaar op <strong>concurrerende prijzen<\/strong>, met snelle levering en veilige betaling. Bestel vandaag nog en ontdek waarom wij de eerste keuze zijn voor kopers van <strong>mephedrone<\/strong> over de hele wereld. <a href=\"https:\/\/gblexprimer.com\/nl\/product\/mephedrone-kopen\/\">Trouvez vos favoris<\/a><\/p>","protected":false},"excerpt":{"rendered":"<h2 class=\"title\">Mephedrone (4-MMC) online kopen<\/h2>\n<p><strong>Mephedrone<\/strong>of <strong>4-MMC<\/strong> (<strong>4-Methylmethcathinon<\/strong>), is een populaire synthetische stimulant van de <strong>cathinonen<\/strong>. Bekend om zijn effecten op <strong>dopamine<\/strong> en de <strong>serotonine<\/strong>Het wordt veel gebruikt in onderzoek naar <strong>synthetische stimulerende middelen<\/strong> en hun neurologische impact.<\/p>\n<h3><strong>Hoe werkt M\u00e9ph\u00e9drone?<\/strong><\/h3>\n<p>La <strong>mephedrone<\/strong> werkt door het verhogen van de <strong>afgifte van neurotransmitters<\/strong> (dopamine, serotonine) terwijl de heropname ervan wordt geblokkeerd, wat resulteert in meer energie, euforie en cognitieve capaciteit.<\/p>\n<ul>\n<li><strong>Begin van de effecten :<\/strong> 15-45 minuten.<\/li>\n<li><strong>Duur:<\/strong> 3 tot 5 uur.<\/li>\n<\/ul>\n<h3><strong>Formule en gegevens<\/strong><\/h3>\n<ul>\n<li><strong>Chemische naam :<\/strong> 4-Methylmethcathinon<\/li>\n<li><strong>Molecuulformule :<\/strong> C11H15NO<\/li>\n<li><strong>Molecuulgewicht :<\/strong> 177,24 g\/mol<\/li>\n<\/ul>\n<h3><strong>Belangrijkste toepassingen<\/strong><\/h3>\n<ul>\n<li><strong>Neurowetenschappelijk onderzoek :<\/strong> Studies over dopamine en serotonine.<\/li>\n<li><strong>Farmacologie :<\/strong> Ontwikkeling en analyse van stimulerende middelen.<\/li>\n<li><strong>Gedrag:<\/strong> Impact op energie en sociale interactie.<\/li>\n<\/ul>","protected":false},"featured_media":5284,"comment_status":"open","ping_status":"closed","template":"","meta":{"site-sidebar-layout":"default","site-content-layout":"","ast-site-content-layout":"default","site-content-style":"default","site-sidebar-style":"default","ast-global-header-display":"","ast-banner-title-visibility":"","ast-main-header-display":"","ast-hfb-above-header-display":"","ast-hfb-below-header-display":"","ast-hfb-mobile-header-display":"","site-post-title":"","ast-breadcrumbs-content":"","ast-featured-img":"","footer-sml-layout":"","theme-transparent-header-meta":"default","adv-header-id-meta":"","stick-header-meta":"","header-above-stick-meta":"","header-main-stick-meta":"","header-below-stick-meta":"","astra-migrate-meta-layouts":"set","ast-page-background-enabled":"default","ast-page-background-meta":{"desktop":{"background-color":"","background-image":"","background-repeat":"repeat","background-position":"center center","background-size":"auto","background-attachment":"scroll","background-type":"","background-media":"","overlay-type":"","overlay-color":"","overlay-opacity":"","overlay-gradient":""},"tablet":{"background-color":"","background-image":"","background-repeat":"repeat","background-position":"center center","background-size":"auto","background-attachment":"scroll","background-type":"","background-media":"","overlay-type":"","overlay-color":"","overlay-opacity":"","overlay-gradient":""},"mobile":{"background-color":"","background-image":"","background-repeat":"repeat","background-position":"center center","background-size":"auto","background-attachment":"scroll","background-type":"","background-media":"","overlay-type":"","overlay-color":"","overlay-opacity":"","overlay-gradient":""}},"ast-content-background-meta":{"desktop":{"background-color":"var(--ast-global-color-5)","background-image":"","background-repeat":"repeat","background-position":"center center","background-size":"auto","background-attachment":"scroll","background-type":"","background-media":"","overlay-type":"","overlay-color":"","overlay-opacity":"","overlay-gradient":""},"tablet":{"background-color":"var(--ast-global-color-5)","background-image":"","background-repeat":"repeat","background-position":"center center","background-size":"auto","background-attachment":"scroll","background-type":"","background-media":"","overlay-type":"","overlay-color":"","overlay-opacity":"","overlay-gradient":""},"mobile":{"background-color":"var(--ast-global-color-5)","background-image":"","background-repeat":"repeat","background-position":"center center","background-size":"auto","background-attachment":"scroll","background-type":"","background-media":"","overlay-type":"","overlay-color":"","overlay-opacity":"","overlay-gradient":""}},"_joinchat":[]},"product_brand":[],"product_cat":[141],"product_tag":[298,295,304,302,315,297,296,312,299,313,307,311,300,305,310,301,306,309,308,303,314],"class_list":{"0":"post-5035","1":"product","2":"type-product","3":"status-publish","4":"has-post-thumbnail","6":"product_cat-sex-meth","7":"product_tag-4-mmc-pure","8":"product_tag-achetez-mephedrone","9":"product_tag-commandez-mephedrone-en-ligne","10":"product_tag-fournisseur-fiable-de-mephedrone","11":"product_tag-fournisseurs-de-mephedrone-fiables","12":"product_tag-mefedron-a-vendre","13":"product_tag-mephedrone-a-vendre","14":"product_tag-mephedrone-authentique","15":"product_tag-mephedrone-de-haute-qualite","16":"product_tag-mephedrone-disponible-immediatement","17":"product_tag-mephedrone-en-cristaux","18":"product_tag-mephedrone-livraison-discrete","19":"product_tag-mephedrone-livraison-rapide","20":"product_tag-mephedrone-pour-recherche","21":"product_tag-mephedrone-pour-soirees","22":"product_tag-mephedrone-pure-en-ligne","23":"product_tag-mephedrone-recreative","24":"product_tag-ou-acheter-mephedrone","25":"product_tag-poudre-de-mephedrone","26":"product_tag-prix-de-la-mephedrone","27":"product_tag-produits-premium-mephedrone","28":"desktop-align-left","29":"tablet-align-left","30":"mobile-align-left","32":"first","33":"instock","34":"shipping-taxable","35":"purchasable","36":"product-type-variable"},"yoast_head":"<!-- This site is optimized with the Yoast SEO plugin v26.9 - https:\/\/yoast.com\/product\/yoast-seo-wordpress\/ -->\n<title>Achetez de la M\u00e9ph\u00e9drone (MefeDron) en Ligne | GBlexprimer<\/title>\n<meta name=\"description\" content=\"Achetez de la m\u00e9ph\u00e9drone pure (MefeDron) en ligne sur GBlexprimer. Disponible en pilules, cristaux, poudres. Livraison rapide et paiement s\u00e9curis\u00e9. Commandez maintenant !\" \/>\n<meta name=\"robots\" content=\"index, follow, max-snippet:-1, max-image-preview:large, max-video-preview:-1\" \/>\n<link rel=\"canonical\" href=\"https:\/\/gblexprimer.com\/nl\/product\/mephedrone-kopen\/\" \/>\n<meta property=\"og:locale\" content=\"nl_BE\" \/>\n<meta property=\"og:type\" content=\"article\" \/>\n<meta property=\"og:title\" content=\"Achetez de la M\u00e9ph\u00e9drone (MefeDron) en Ligne | GBlexprimer\" \/>\n<meta property=\"og:description\" content=\"Achetez de la m\u00e9ph\u00e9drone pure (MefeDron) en ligne sur GBlexprimer. Disponible en pilules, cristaux, poudres. Livraison rapide et paiement s\u00e9curis\u00e9. Commandez maintenant !\" \/>\n<meta property=\"og:url\" content=\"https:\/\/gblexprimer.com\/nl\/product\/mephedrone-kopen\/\" \/>\n<meta property=\"og:site_name\" content=\"GBL Exprimer\" \/>\n<meta property=\"article:modified_time\" content=\"2026-04-13T04:20:36+00:00\" \/>\n<meta property=\"og:image\" content=\"https:\/\/gblexprimer.com\/wp-content\/uploads\/2024\/11\/Mephedrone.jpg\" \/>\n\t<meta property=\"og:image:width\" content=\"600\" \/>\n\t<meta property=\"og:image:height\" content=\"600\" \/>\n\t<meta property=\"og:image:type\" content=\"image\/jpeg\" \/>\n<meta name=\"twitter:card\" content=\"summary_large_image\" \/>\n<meta name=\"twitter:label1\" content=\"Geschatte leestijd\" \/>\n\t<meta name=\"twitter:data1\" content=\"3 minuten\" \/>\n<script type=\"application\/ld+json\" class=\"yoast-schema-graph\">{\"@context\":\"https:\/\/schema.org\",\"@graph\":[{\"@type\":\"WebPage\",\"@id\":\"https:\/\/gblexprimer.com\/product\/achetez-mephedrone\/\",\"url\":\"https:\/\/gblexprimer.com\/product\/achetez-mephedrone\/\",\"name\":\"Achetez de la M\u00e9ph\u00e9drone (MefeDron) en Ligne | GBlexprimer\",\"isPartOf\":{\"@id\":\"https:\/\/gblexprimer.com\/#website\"},\"primaryImageOfPage\":{\"@id\":\"https:\/\/gblexprimer.com\/product\/achetez-mephedrone\/#primaryimage\"},\"image\":{\"@id\":\"https:\/\/gblexprimer.com\/product\/achetez-mephedrone\/#primaryimage\"},\"thumbnailUrl\":\"https:\/\/gblexprimer.com\/wp-content\/uploads\/2024\/11\/Mephedrone.jpg\",\"datePublished\":\"2024-11-26T06:06:29+00:00\",\"dateModified\":\"2026-04-13T04:20:36+00:00\",\"description\":\"Achetez de la m\u00e9ph\u00e9drone pure (MefeDron) en ligne sur GBlexprimer. Disponible en pilules, cristaux, poudres. Livraison rapide et paiement s\u00e9curis\u00e9. Commandez maintenant !\",\"breadcrumb\":{\"@id\":\"https:\/\/gblexprimer.com\/product\/achetez-mephedrone\/#breadcrumb\"},\"inLanguage\":\"nl-BE\",\"potentialAction\":[{\"@type\":\"ReadAction\",\"target\":[\"https:\/\/gblexprimer.com\/product\/achetez-mephedrone\/\"]}]},{\"@type\":\"ImageObject\",\"inLanguage\":\"nl-BE\",\"@id\":\"https:\/\/gblexprimer.com\/product\/achetez-mephedrone\/#primaryimage\",\"url\":\"https:\/\/gblexprimer.com\/wp-content\/uploads\/2024\/11\/Mephedrone.jpg\",\"contentUrl\":\"https:\/\/gblexprimer.com\/wp-content\/uploads\/2024\/11\/Mephedrone.jpg\",\"width\":600,\"height\":600,\"caption\":\"M\u00e9ph\u00e9drone\"},{\"@type\":\"BreadcrumbList\",\"@id\":\"https:\/\/gblexprimer.com\/product\/achetez-mephedrone\/#breadcrumb\",\"itemListElement\":[{\"@type\":\"ListItem\",\"position\":1,\"name\":\"Home\",\"item\":\"https:\/\/gblexprimer.com\/\"},{\"@type\":\"ListItem\",\"position\":2,\"name\":\"Shop\",\"item\":\"https:\/\/gblexprimer.com\/shop\/\"},{\"@type\":\"ListItem\",\"position\":3,\"name\":\"M\u00e9ph\u00e9drone\"}]},{\"@type\":\"WebSite\",\"@id\":\"https:\/\/gblexprimer.com\/#website\",\"url\":\"https:\/\/gblexprimer.com\/\",\"name\":\"GBL Exprimer\",\"description\":\"\",\"publisher\":{\"@id\":\"https:\/\/gblexprimer.com\/#organization\"},\"potentialAction\":[{\"@type\":\"SearchAction\",\"target\":{\"@type\":\"EntryPoint\",\"urlTemplate\":\"https:\/\/gblexprimer.com\/?s={search_term_string}\"},\"query-input\":{\"@type\":\"PropertyValueSpecification\",\"valueRequired\":true,\"valueName\":\"search_term_string\"}}],\"inLanguage\":\"nl-BE\"},{\"@type\":\"Organization\",\"@id\":\"https:\/\/gblexprimer.com\/#organization\",\"name\":\"GBL Exprimer\",\"url\":\"https:\/\/gblexprimer.com\/\",\"logo\":{\"@type\":\"ImageObject\",\"inLanguage\":\"nl-BE\",\"@id\":\"https:\/\/gblexprimer.com\/#\/schema\/logo\/image\/\",\"url\":\"https:\/\/gblexprimer.com\/wp-content\/uploads\/2024\/01\/logo.png\",\"contentUrl\":\"https:\/\/gblexprimer.com\/wp-content\/uploads\/2024\/01\/logo.png\",\"width\":220,\"height\":80,\"caption\":\"GBL Exprimer\"},\"image\":{\"@id\":\"https:\/\/gblexprimer.com\/#\/schema\/logo\/image\/\"}}]}<\/script>\n<!-- \/ Yoast SEO plugin. -->","yoast_head_json":{"title":"Mephedrone (MefeDron) online kopen | GBlexprimer","description":"Koop pure mephedrone (MefeDron) online bij GBlexprimer. Verkrijgbaar in pillen, kristallen en poeders. Snelle levering en veilige betaling. Bestel nu!","robots":{"index":"index","follow":"follow","max-snippet":"max-snippet:-1","max-image-preview":"max-image-preview:large","max-video-preview":"max-video-preview:-1"},"canonical":"https:\/\/gblexprimer.com\/nl\/product\/mephedrone-kopen\/","og_locale":"nl_BE","og_type":"article","og_title":"Achetez de la M\u00e9ph\u00e9drone (MefeDron) en Ligne | GBlexprimer","og_description":"Achetez de la m\u00e9ph\u00e9drone pure (MefeDron) en ligne sur GBlexprimer. Disponible en pilules, cristaux, poudres. Livraison rapide et paiement s\u00e9curis\u00e9. Commandez maintenant !","og_url":"https:\/\/gblexprimer.com\/nl\/product\/mephedrone-kopen\/","og_site_name":"GBL Exprimer","article_modified_time":"2026-04-13T04:20:36+00:00","og_image":[{"width":600,"height":600,"url":"https:\/\/gblexprimer.com\/wp-content\/uploads\/2024\/11\/Mephedrone.jpg","type":"image\/jpeg"}],"twitter_card":"summary_large_image","twitter_misc":{"Geschatte leestijd":"3 minuten"},"schema":{"@context":"https:\/\/schema.org","@graph":[{"@type":"WebPage","@id":"https:\/\/gblexprimer.com\/product\/achetez-mephedrone\/","url":"https:\/\/gblexprimer.com\/product\/achetez-mephedrone\/","name":"Mephedrone (MefeDron) online kopen | GBlexprimer","isPartOf":{"@id":"https:\/\/gblexprimer.com\/#website"},"primaryImageOfPage":{"@id":"https:\/\/gblexprimer.com\/product\/achetez-mephedrone\/#primaryimage"},"image":{"@id":"https:\/\/gblexprimer.com\/product\/achetez-mephedrone\/#primaryimage"},"thumbnailUrl":"https:\/\/gblexprimer.com\/wp-content\/uploads\/2024\/11\/Mephedrone.jpg","datePublished":"2024-11-26T06:06:29+00:00","dateModified":"2026-04-13T04:20:36+00:00","description":"Koop pure mephedrone (MefeDron) online bij GBlexprimer. Verkrijgbaar in pillen, kristallen en poeders. Snelle levering en veilige betaling. Bestel nu!","breadcrumb":{"@id":"https:\/\/gblexprimer.com\/product\/achetez-mephedrone\/#breadcrumb"},"inLanguage":"nl-BE","potentialAction":[{"@type":"ReadAction","target":["https:\/\/gblexprimer.com\/product\/achetez-mephedrone\/"]}]},{"@type":"ImageObject","inLanguage":"nl-BE","@id":"https:\/\/gblexprimer.com\/product\/achetez-mephedrone\/#primaryimage","url":"https:\/\/gblexprimer.com\/wp-content\/uploads\/2024\/11\/Mephedrone.jpg","contentUrl":"https:\/\/gblexprimer.com\/wp-content\/uploads\/2024\/11\/Mephedrone.jpg","width":600,"height":600,"caption":"M\u00e9ph\u00e9drone"},{"@type":"BreadcrumbList","@id":"https:\/\/gblexprimer.com\/product\/achetez-mephedrone\/#breadcrumb","itemListElement":[{"@type":"ListItem","position":1,"name":"Home","item":"https:\/\/gblexprimer.com\/"},{"@type":"ListItem","position":2,"name":"Shop","item":"https:\/\/gblexprimer.com\/shop\/"},{"@type":"ListItem","position":3,"name":"M\u00e9ph\u00e9drone"}]},{"@type":"WebSite","@id":"https:\/\/gblexprimer.com\/#website","url":"https:\/\/gblexprimer.com\/","name":"GBL Express","description":"","publisher":{"@id":"https:\/\/gblexprimer.com\/#organization"},"potentialAction":[{"@type":"SearchAction","target":{"@type":"EntryPoint","urlTemplate":"https:\/\/gblexprimer.com\/?s={search_term_string}"},"query-input":{"@type":"PropertyValueSpecification","valueRequired":true,"valueName":"search_term_string"}}],"inLanguage":"nl-BE"},{"@type":"Organization","@id":"https:\/\/gblexprimer.com\/#organization","name":"GBL Express","url":"https:\/\/gblexprimer.com\/","logo":{"@type":"ImageObject","inLanguage":"nl-BE","@id":"https:\/\/gblexprimer.com\/#\/schema\/logo\/image\/","url":"https:\/\/gblexprimer.com\/wp-content\/uploads\/2024\/01\/logo.png","contentUrl":"https:\/\/gblexprimer.com\/wp-content\/uploads\/2024\/01\/logo.png","width":220,"height":80,"caption":"GBL Exprimer"},"image":{"@id":"https:\/\/gblexprimer.com\/#\/schema\/logo\/image\/"}}]}},"_links":{"self":[{"href":"https:\/\/gblexprimer.com\/nl\/wp-json\/wp\/v2\/product\/5035","targetHints":{"allow":["GET"]}}],"collection":[{"href":"https:\/\/gblexprimer.com\/nl\/wp-json\/wp\/v2\/product"}],"about":[{"href":"https:\/\/gblexprimer.com\/nl\/wp-json\/wp\/v2\/types\/product"}],"replies":[{"embeddable":true,"href":"https:\/\/gblexprimer.com\/nl\/wp-json\/wp\/v2\/comments?post=5035"}],"wp:featuredmedia":[{"embeddable":true,"href":"https:\/\/gblexprimer.com\/nl\/wp-json\/wp\/v2\/media\/5284"}],"wp:attachment":[{"href":"https:\/\/gblexprimer.com\/nl\/wp-json\/wp\/v2\/media?parent=5035"}],"wp:term":[{"taxonomy":"product_brand","embeddable":true,"href":"https:\/\/gblexprimer.com\/nl\/wp-json\/wp\/v2\/product_brand?post=5035"},{"taxonomy":"product_cat","embeddable":true,"href":"https:\/\/gblexprimer.com\/nl\/wp-json\/wp\/v2\/product_cat?post=5035"},{"taxonomy":"product_tag","embeddable":true,"href":"https:\/\/gblexprimer.com\/nl\/wp-json\/wp\/v2\/product_tag?post=5035"}],"curies":[{"name":"wp","href":"https:\/\/api.w.org\/{rel}","templated":true}]}}