{"id":5037,"date":"2024-11-26T06:06:40","date_gmt":"2024-11-26T06:06:40","guid":{"rendered":"https:\/\/gblexprimer.com\/?post_type=product&#038;p=5037"},"modified":"2026-04-13T04:33:44","modified_gmt":"2026-04-13T04:33:44","slug":"viagra","status":"publish","type":"product","link":"https:\/\/gblexprimer.com\/nl\/product\/viagra\/","title":{"rendered":"Viagra"},"content":{"rendered":"<h3><strong>Viagra online kopen op GBlexprimer<\/strong><\/h3>\n<p><a href=\"https:\/\/gblexprimer.com\/nl\/product\/viagra\/\"><strong>Viagra<\/strong><\/a>ook bekend onder de algemene naam <strong>sildenafil<\/strong>is een populair geneesmiddel voor de behandeling van erectiestoornissen. Het staat bekend om zijn effectiviteit en helpt de seksuele prestaties en bevrediging te verbeteren door een betere bloedcirculatie te bevorderen. Op <a href=\"https:\/\/gblexprimer.com\/nl\/\"><strong>GBlexpress<\/strong><\/a>stellen we voor <strong>Viagra van hoge kwaliteit<\/strong>met snelle levering, discrete verpakking en veilige betaalopties Viagra kopen<a href=\"https:\/\/gblexpress.com\/shop\/ko-tropfen-kaufen-online\/\">.<\/a><\/p>\n<p>Le Viagra est le traitement le plus connu contre les troubles de l\u2019\u00e9rection chez l\u2019homme. Mais comment <strong>Viagra kopen<\/strong> veilig? Tussen misleidende reclame, online verkoop zonder recept en namaakproducten is het essentieel om te weten wat is toegestaan - en wat niet.<\/p>\n<h3><strong>Waarom kiezen voor GBlexprimer om Viagra te kopen?<\/strong><\/h3>\n<h4><strong>Authenticiteit en superieure kwaliteit<\/strong><\/h4>\n<p>Onze producten zijn gecertificeerd authentiek en getest om hun effectiviteit te garanderen. We bieden zowel <strong><a href=\"https:\/\/en.wikipedia.org\/wiki\/Viagra_(disambiguation)\">Viagra<\/a> Originele<\/strong> en generieke alternatieven zoals <a href=\"https:\/\/gblexprimer.com\/nl\/product\/mephedrone-kopen\/\"><strong>sildenafil<\/strong><\/a>verkrijgbaar in verschillende doseringen (25 mg, 50 mg, 100 mg)<a href=\"https:\/\/gblexprimer.com\/nl\/product\/100-gram-mdma-rocks-queens\/\">.<\/a><\/p>\n<h4><strong>Snelle, discrete levering<\/strong><\/h4>\n<p>Wij bieden <strong>snelle levering<\/strong> en een <strong>discrete verpakking<\/strong> om uw vertrouwelijkheid te garanderen.<\/p>\n<h4><strong>Veilige betalingen<\/strong><\/h4>\n<p>Geniet van veilige betalingen voor een zorgeloze winkelervaring.<\/p>\n<h4><strong>Concurrerende en toegankelijke prijzen<\/strong><\/h4>\n<p>kopen <strong>Viagra tegen scherpe prijzen<\/strong>met kortingen voor bulkbestellingen.<\/p>\n<h3><strong>Toepassingen en gebruik van Viagra<\/strong><\/h3>\n<h4><strong>Behandeling van erectiestoornissen<\/strong><\/h4>\n<p>Viagra wordt voorgeschreven om het vermogen om een erectie te krijgen en te behouden te verbeteren, wat helpt om het seksuele zelfvertrouwen en de seksuele prestaties te herstellen.<\/p>\n<h4><strong>Verbeterde bloedcirculatie<\/strong><\/h4>\n<p>Sildenafil werkt door de bloedvaten te ontspannen, waardoor de bloedstroom naar de doelgebieden verbetert.<\/p>\n<h4><strong>Veilig gebruik<\/strong><\/h4>\n<p>Aanbevolen door gezondheidsprofessionals, <strong>Viagra<\/strong> is een effectieve oplossing bij gebruik in de voorgeschreven doseringen.<\/p>\n<div>\n<div>\n<p><em>Inhoud gevalideerd door de artsen in het wetenschappelijk comit\u00e9 van Charles.<\/em><\/p>\n<\/div>\n<\/div>\n<div>\n<div>\n<p>Le <strong>Viagra<\/strong> est sans doute le m\u00e9dicament le plus connu dans le monde pour traiter les troubles de l\u2019\u00e9rection chez l\u2019homme. Mais comment agit-il ? Est-il possible d\u2019en acheter sans ordonnance ? Et quels sont ses effets r\u00e9els et ses risques ? Cet article vous explique tout ce qu\u2019il faut savoir sur ce traitement embl\u00e9matique de la dysfonction \u00e9rectile.<\/p>\n<\/div>\n<\/div>\n<h3><strong>Viagra vandaag nog online kopen<\/strong><\/h3>\n<p>Of je nu op zoek bent naar <strong>Originele Viagra<\/strong> of effectieve generieke versies, <strong>GBlexpress<\/strong> is uw vertrouwde leverancier. Wij bieden kwaliteitsproducten, snelle levering en uitzonderlijke klantenservice. <strong>Viagra online kopen<\/strong> om je vertrouwen terug te winnen en te genieten van een soepele, discrete winkelervaring. <a href=\"https:\/\/gblexprimer.com\/nl\/product\/viagra\/\"><strong>Achetez en toute confiance<\/strong><\/a><\/p>","protected":false},"excerpt":{"rendered":"<p><strong>Viagra<\/strong>waarvan het actieve ingredi\u00ebnt <strong>sildenafil<\/strong>is een geneesmiddel dat veel gebruikt wordt om erectiestoornissen te behandelen. Door de bloedstroom naar de weefsels te verhogen, <strong>Viagra<\/strong> staat bekend om zijn werkzaamheid en snelle effecten. Deze verbinding wordt in het laboratorium ook bestudeerd op zijn invloed op vasculaire mechanismen en zijn potentieel voor andere medische toepassingen.<\/p>\n<h3><strong>Hoe werkt Viagra?<\/strong><\/h3>\n<p>Le <strong>sildenafil<\/strong> werkt door het enzym PDE5 (fosfodi\u00ebsterase type 5) te remmen, wat de verwijding van de bloedvaten verbetert en de bloedstroom naar het erectiele weefsel vergemakkelijkt.<\/p>\n<ul>\n<li><strong>Belangrijkste effecten :<\/strong> Verbeterde erectiele respons, betere bloedcirculatie en verminderde symptomen van bepaalde aandoeningen van de bloedsomloop.<\/li>\n<li><strong>Begin van de effecten :<\/strong> 30 tot 60 minuten na toediening.<\/li>\n<li><strong>Duur van de effecten :<\/strong> 4 tot 6 uur, afhankelijk van het individu.<\/li>\n<\/ul>\n<h3><strong>Formule en gegevens<\/strong><\/h3>\n<ul>\n<li><strong>Chemische naam :<\/strong> Sildenafil citraat<\/li>\n<li><strong>Molecuulformule :<\/strong> C22H30N6O4S<\/li>\n<li><strong>Molecuulgewicht :<\/strong> 474,58 g\/mol<\/li>\n<\/ul>","protected":false},"featured_media":5282,"comment_status":"open","ping_status":"closed","template":"","meta":{"site-sidebar-layout":"default","site-content-layout":"","ast-site-content-layout":"default","site-content-style":"default","site-sidebar-style":"default","ast-global-header-display":"","ast-banner-title-visibility":"","ast-main-header-display":"","ast-hfb-above-header-display":"","ast-hfb-below-header-display":"","ast-hfb-mobile-header-display":"","site-post-title":"","ast-breadcrumbs-content":"","ast-featured-img":"","footer-sml-layout":"","theme-transparent-header-meta":"default","adv-header-id-meta":"","stick-header-meta":"","header-above-stick-meta":"","header-main-stick-meta":"","header-below-stick-meta":"","astra-migrate-meta-layouts":"set","ast-page-background-enabled":"default","ast-page-background-meta":{"desktop":{"background-color":"","background-image":"","background-repeat":"repeat","background-position":"center center","background-size":"auto","background-attachment":"scroll","background-type":"","background-media":"","overlay-type":"","overlay-color":"","overlay-opacity":"","overlay-gradient":""},"tablet":{"background-color":"","background-image":"","background-repeat":"repeat","background-position":"center center","background-size":"auto","background-attachment":"scroll","background-type":"","background-media":"","overlay-type":"","overlay-color":"","overlay-opacity":"","overlay-gradient":""},"mobile":{"background-color":"","background-image":"","background-repeat":"repeat","background-position":"center center","background-size":"auto","background-attachment":"scroll","background-type":"","background-media":"","overlay-type":"","overlay-color":"","overlay-opacity":"","overlay-gradient":""}},"ast-content-background-meta":{"desktop":{"background-color":"var(--ast-global-color-5)","background-image":"","background-repeat":"repeat","background-position":"center center","background-size":"auto","background-attachment":"scroll","background-type":"","background-media":"","overlay-type":"","overlay-color":"","overlay-opacity":"","overlay-gradient":""},"tablet":{"background-color":"var(--ast-global-color-5)","background-image":"","background-repeat":"repeat","background-position":"center center","background-size":"auto","background-attachment":"scroll","background-type":"","background-media":"","overlay-type":"","overlay-color":"","overlay-opacity":"","overlay-gradient":""},"mobile":{"background-color":"var(--ast-global-color-5)","background-image":"","background-repeat":"repeat","background-position":"center center","background-size":"auto","background-attachment":"scroll","background-type":"","background-media":"","overlay-type":"","overlay-color":"","overlay-opacity":"","overlay-gradient":""}},"_joinchat":[]},"product_brand":[],"product_cat":[141],"product_tag":[393,377,382,394,385,392,387,390,379,378,383,380,388,395,381,391,396,389,386,384],"class_list":{"0":"post-5037","1":"product","2":"type-product","3":"status-publish","4":"has-post-thumbnail","6":"product_cat-sex-meth","7":"product_tag-achat-discret-de-viagra","8":"product_tag-achetez-viagra","9":"product_tag-commandez-viagra-en-ligne","10":"product_tag-commandez-viagra-maintenant","11":"product_tag-fournisseurs-fiables-de-viagra","12":"product_tag-meilleurs-prix-viagra","13":"product_tag-ou-acheter-viagra","14":"product_tag-produits-premium-viagra","15":"product_tag-sildenafil-authentique","16":"product_tag-viagra-a-vendre","17":"product_tag-viagra-de-haute-qualite","18":"product_tag-viagra-generique","19":"product_tag-viagra-generique-pas-cher","20":"product_tag-viagra-livraison-securisee","21":"product_tag-viagra-original-livraison-rapide","22":"product_tag-viagra-pour-circulation-sanguine","23":"product_tag-viagra-pour-confiance-et-performance","24":"product_tag-viagra-pour-performance-sexuelle","25":"product_tag-viagra-pour-troubles-de-lerection","26":"product_tag-viagra-prix-abordable","27":"desktop-align-left","28":"tablet-align-left","29":"mobile-align-left","31":"first","32":"instock","33":"shipping-taxable","34":"purchasable","35":"product-type-variable"},"yoast_head":"<!-- This site is optimized with the Yoast SEO plugin v26.9 - https:\/\/yoast.com\/product\/yoast-seo-wordpress\/ -->\n<title>Achetez du Viagra | Qualit\u00e9 Sup\u00e9rieure et Livraison Discr\u00e8te<\/title>\n<meta name=\"description\" content=\"Achetez du Viagra authentique en ligne sur GBlexprimer. Original et g\u00e9n\u00e9rique disponibles : livraison rapide, emballage discret et paiement s\u00e9curis\u00e9. Commandez maintenant !\" \/>\n<meta name=\"robots\" content=\"index, follow, max-snippet:-1, max-image-preview:large, max-video-preview:-1\" \/>\n<link rel=\"canonical\" href=\"https:\/\/gblexprimer.com\/nl\/product\/viagra\/\" \/>\n<meta property=\"og:locale\" content=\"nl_BE\" \/>\n<meta property=\"og:type\" content=\"article\" \/>\n<meta property=\"og:title\" content=\"Achetez du Viagra | Qualit\u00e9 Sup\u00e9rieure et Livraison Discr\u00e8te\" \/>\n<meta property=\"og:description\" content=\"Achetez du Viagra authentique en ligne sur GBlexprimer. Original et g\u00e9n\u00e9rique disponibles : livraison rapide, emballage discret et paiement s\u00e9curis\u00e9. Commandez maintenant !\" \/>\n<meta property=\"og:url\" content=\"https:\/\/gblexprimer.com\/nl\/product\/viagra\/\" \/>\n<meta property=\"og:site_name\" content=\"GBL Exprimer\" \/>\n<meta property=\"article:modified_time\" content=\"2026-04-13T04:33:44+00:00\" \/>\n<meta property=\"og:image\" content=\"https:\/\/gblexprimer.com\/wp-content\/uploads\/2024\/11\/Viagra.jpg\" \/>\n\t<meta property=\"og:image:width\" content=\"600\" \/>\n\t<meta property=\"og:image:height\" content=\"600\" \/>\n\t<meta property=\"og:image:type\" content=\"image\/jpeg\" \/>\n<meta name=\"twitter:card\" content=\"summary_large_image\" \/>\n<meta name=\"twitter:label1\" content=\"Geschatte leestijd\" \/>\n\t<meta name=\"twitter:data1\" content=\"3 minuten\" \/>\n<script type=\"application\/ld+json\" class=\"yoast-schema-graph\">{\"@context\":\"https:\/\/schema.org\",\"@graph\":[{\"@type\":\"WebPage\",\"@id\":\"https:\/\/gblexprimer.com\/product\/viagra\/\",\"url\":\"https:\/\/gblexprimer.com\/product\/viagra\/\",\"name\":\"Achetez du Viagra | Qualit\u00e9 Sup\u00e9rieure et Livraison Discr\u00e8te\",\"isPartOf\":{\"@id\":\"https:\/\/gblexprimer.com\/#website\"},\"primaryImageOfPage\":{\"@id\":\"https:\/\/gblexprimer.com\/product\/viagra\/#primaryimage\"},\"image\":{\"@id\":\"https:\/\/gblexprimer.com\/product\/viagra\/#primaryimage\"},\"thumbnailUrl\":\"https:\/\/gblexprimer.com\/wp-content\/uploads\/2024\/11\/Viagra.jpg\",\"datePublished\":\"2024-11-26T06:06:40+00:00\",\"dateModified\":\"2026-04-13T04:33:44+00:00\",\"description\":\"Achetez du Viagra authentique en ligne sur GBlexprimer. Original et g\u00e9n\u00e9rique disponibles : livraison rapide, emballage discret et paiement s\u00e9curis\u00e9. Commandez maintenant !\",\"breadcrumb\":{\"@id\":\"https:\/\/gblexprimer.com\/product\/viagra\/#breadcrumb\"},\"inLanguage\":\"nl-BE\",\"potentialAction\":[{\"@type\":\"ReadAction\",\"target\":[\"https:\/\/gblexprimer.com\/product\/viagra\/\"]}]},{\"@type\":\"ImageObject\",\"inLanguage\":\"nl-BE\",\"@id\":\"https:\/\/gblexprimer.com\/product\/viagra\/#primaryimage\",\"url\":\"https:\/\/gblexprimer.com\/wp-content\/uploads\/2024\/11\/Viagra.jpg\",\"contentUrl\":\"https:\/\/gblexprimer.com\/wp-content\/uploads\/2024\/11\/Viagra.jpg\",\"width\":600,\"height\":600,\"caption\":\"Viagra\"},{\"@type\":\"BreadcrumbList\",\"@id\":\"https:\/\/gblexprimer.com\/product\/viagra\/#breadcrumb\",\"itemListElement\":[{\"@type\":\"ListItem\",\"position\":1,\"name\":\"Home\",\"item\":\"https:\/\/gblexprimer.com\/\"},{\"@type\":\"ListItem\",\"position\":2,\"name\":\"Shop\",\"item\":\"https:\/\/gblexprimer.com\/shop\/\"},{\"@type\":\"ListItem\",\"position\":3,\"name\":\"Viagra\"}]},{\"@type\":\"WebSite\",\"@id\":\"https:\/\/gblexprimer.com\/#website\",\"url\":\"https:\/\/gblexprimer.com\/\",\"name\":\"GBL Exprimer\",\"description\":\"\",\"publisher\":{\"@id\":\"https:\/\/gblexprimer.com\/#organization\"},\"potentialAction\":[{\"@type\":\"SearchAction\",\"target\":{\"@type\":\"EntryPoint\",\"urlTemplate\":\"https:\/\/gblexprimer.com\/?s={search_term_string}\"},\"query-input\":{\"@type\":\"PropertyValueSpecification\",\"valueRequired\":true,\"valueName\":\"search_term_string\"}}],\"inLanguage\":\"nl-BE\"},{\"@type\":\"Organization\",\"@id\":\"https:\/\/gblexprimer.com\/#organization\",\"name\":\"GBL Exprimer\",\"url\":\"https:\/\/gblexprimer.com\/\",\"logo\":{\"@type\":\"ImageObject\",\"inLanguage\":\"nl-BE\",\"@id\":\"https:\/\/gblexprimer.com\/#\/schema\/logo\/image\/\",\"url\":\"https:\/\/gblexprimer.com\/wp-content\/uploads\/2024\/01\/logo.png\",\"contentUrl\":\"https:\/\/gblexprimer.com\/wp-content\/uploads\/2024\/01\/logo.png\",\"width\":220,\"height\":80,\"caption\":\"GBL Exprimer\"},\"image\":{\"@id\":\"https:\/\/gblexprimer.com\/#\/schema\/logo\/image\/\"}}]}<\/script>\n<!-- \/ Yoast SEO plugin. -->","yoast_head_json":{"title":"Viagra kopen: superieure kwaliteit en discrete levering","description":"Koop echte Viagra online bij GBlexprimer. Origineel en generiek verkrijgbaar: snelle levering, discrete verpakking en veilige betaling. Bestel nu!","robots":{"index":"index","follow":"follow","max-snippet":"max-snippet:-1","max-image-preview":"max-image-preview:large","max-video-preview":"max-video-preview:-1"},"canonical":"https:\/\/gblexprimer.com\/nl\/product\/viagra\/","og_locale":"nl_BE","og_type":"article","og_title":"Achetez du Viagra | Qualit\u00e9 Sup\u00e9rieure et Livraison Discr\u00e8te","og_description":"Achetez du Viagra authentique en ligne sur GBlexprimer. Original et g\u00e9n\u00e9rique disponibles : livraison rapide, emballage discret et paiement s\u00e9curis\u00e9. Commandez maintenant !","og_url":"https:\/\/gblexprimer.com\/nl\/product\/viagra\/","og_site_name":"GBL Exprimer","article_modified_time":"2026-04-13T04:33:44+00:00","og_image":[{"width":600,"height":600,"url":"https:\/\/gblexprimer.com\/wp-content\/uploads\/2024\/11\/Viagra.jpg","type":"image\/jpeg"}],"twitter_card":"summary_large_image","twitter_misc":{"Geschatte leestijd":"3 minuten"},"schema":{"@context":"https:\/\/schema.org","@graph":[{"@type":"WebPage","@id":"https:\/\/gblexprimer.com\/product\/viagra\/","url":"https:\/\/gblexprimer.com\/product\/viagra\/","name":"Viagra kopen: superieure kwaliteit en discrete levering","isPartOf":{"@id":"https:\/\/gblexprimer.com\/#website"},"primaryImageOfPage":{"@id":"https:\/\/gblexprimer.com\/product\/viagra\/#primaryimage"},"image":{"@id":"https:\/\/gblexprimer.com\/product\/viagra\/#primaryimage"},"thumbnailUrl":"https:\/\/gblexprimer.com\/wp-content\/uploads\/2024\/11\/Viagra.jpg","datePublished":"2024-11-26T06:06:40+00:00","dateModified":"2026-04-13T04:33:44+00:00","description":"Koop echte Viagra online bij GBlexprimer. Origineel en generiek verkrijgbaar: snelle levering, discrete verpakking en veilige betaling. Bestel nu!","breadcrumb":{"@id":"https:\/\/gblexprimer.com\/product\/viagra\/#breadcrumb"},"inLanguage":"nl-BE","potentialAction":[{"@type":"ReadAction","target":["https:\/\/gblexprimer.com\/product\/viagra\/"]}]},{"@type":"ImageObject","inLanguage":"nl-BE","@id":"https:\/\/gblexprimer.com\/product\/viagra\/#primaryimage","url":"https:\/\/gblexprimer.com\/wp-content\/uploads\/2024\/11\/Viagra.jpg","contentUrl":"https:\/\/gblexprimer.com\/wp-content\/uploads\/2024\/11\/Viagra.jpg","width":600,"height":600,"caption":"Viagra"},{"@type":"BreadcrumbList","@id":"https:\/\/gblexprimer.com\/product\/viagra\/#breadcrumb","itemListElement":[{"@type":"ListItem","position":1,"name":"Home","item":"https:\/\/gblexprimer.com\/"},{"@type":"ListItem","position":2,"name":"Shop","item":"https:\/\/gblexprimer.com\/shop\/"},{"@type":"ListItem","position":3,"name":"Viagra"}]},{"@type":"WebSite","@id":"https:\/\/gblexprimer.com\/#website","url":"https:\/\/gblexprimer.com\/","name":"GBL Express","description":"","publisher":{"@id":"https:\/\/gblexprimer.com\/#organization"},"potentialAction":[{"@type":"SearchAction","target":{"@type":"EntryPoint","urlTemplate":"https:\/\/gblexprimer.com\/?s={search_term_string}"},"query-input":{"@type":"PropertyValueSpecification","valueRequired":true,"valueName":"search_term_string"}}],"inLanguage":"nl-BE"},{"@type":"Organization","@id":"https:\/\/gblexprimer.com\/#organization","name":"GBL Express","url":"https:\/\/gblexprimer.com\/","logo":{"@type":"ImageObject","inLanguage":"nl-BE","@id":"https:\/\/gblexprimer.com\/#\/schema\/logo\/image\/","url":"https:\/\/gblexprimer.com\/wp-content\/uploads\/2024\/01\/logo.png","contentUrl":"https:\/\/gblexprimer.com\/wp-content\/uploads\/2024\/01\/logo.png","width":220,"height":80,"caption":"GBL Exprimer"},"image":{"@id":"https:\/\/gblexprimer.com\/#\/schema\/logo\/image\/"}}]}},"_links":{"self":[{"href":"https:\/\/gblexprimer.com\/nl\/wp-json\/wp\/v2\/product\/5037","targetHints":{"allow":["GET"]}}],"collection":[{"href":"https:\/\/gblexprimer.com\/nl\/wp-json\/wp\/v2\/product"}],"about":[{"href":"https:\/\/gblexprimer.com\/nl\/wp-json\/wp\/v2\/types\/product"}],"replies":[{"embeddable":true,"href":"https:\/\/gblexprimer.com\/nl\/wp-json\/wp\/v2\/comments?post=5037"}],"wp:featuredmedia":[{"embeddable":true,"href":"https:\/\/gblexprimer.com\/nl\/wp-json\/wp\/v2\/media\/5282"}],"wp:attachment":[{"href":"https:\/\/gblexprimer.com\/nl\/wp-json\/wp\/v2\/media?parent=5037"}],"wp:term":[{"taxonomy":"product_brand","embeddable":true,"href":"https:\/\/gblexprimer.com\/nl\/wp-json\/wp\/v2\/product_brand?post=5037"},{"taxonomy":"product_cat","embeddable":true,"href":"https:\/\/gblexprimer.com\/nl\/wp-json\/wp\/v2\/product_cat?post=5037"},{"taxonomy":"product_tag","embeddable":true,"href":"https:\/\/gblexprimer.com\/nl\/wp-json\/wp\/v2\/product_tag?post=5037"}],"curies":[{"name":"wp","href":"https:\/\/api.w.org\/{rel}","templated":true}]}}