{"id":5038,"date":"2024-11-26T06:06:42","date_gmt":"2024-11-26T06:06:42","guid":{"rendered":"https:\/\/gblexprimer.com\/?post_type=product&#038;p=5038"},"modified":"2026-04-13T04:21:35","modified_gmt":"2026-04-13T04:21:35","slug":"knallers","status":"publish","type":"product","link":"https:\/\/gblexprimer.com\/nl\/product\/knallers\/","title":{"rendered":"Poppers"},"content":{"rendered":"<h2><strong>Poppers online kopen bij GBlexprimer<\/strong><\/h2>\n<p><strong>Koop er een paar <a href=\"https:\/\/gblexprimer.com\/nl\/product\/knallers\/\">knallers<\/a> authentiek en van hoge kwaliteit<\/strong> op <strong>GBlexpress<\/strong>de vertrouwde leverancier voor uw <strong>knallers<\/strong>. Deze vluchtige vloeistoffen, gebaseerd op nitrieten zoals propyl-, amyl- of isobutylnitriet, staan bekend om hun onmiddellijke spierontspannende effecten en hun vermogen om zintuiglijke ervaringen te verbeteren. Perfect voor recreatief of persoonlijk gebruik, <strong>knallers<\/strong> zijn erg populair in feestgemeenschappen en daarbuiten. Op <a href=\"https:\/\/gblexprimer.com\/nl\/\"><strong>GBlexpress<\/strong><\/a>Wij garanderen een veilige winkelervaring, snelle en discrete levering en een ruime keuze aan producten. <strong>poppers te koop<\/strong>voor elke behoefte<a href=\"https:\/\/gblexpress.com\/shop\/ko-tropfen-kaufen-online\/\">.<\/a><\/p>\n<h3><strong>Waarom poppers kopen bij GBlexprimer?<\/strong><\/h3>\n<h4><strong>Poppers van hoge kwaliteit<\/strong><\/h4>\n<p>Onze <a href=\"https:\/\/en.wikipedia.org\/wiki\/Poppers\"><strong>knallers<\/strong><\/a> worden streng getest om hun authenticiteit en veiligheid te garanderen. We bieden gerenommeerde merken zoals <strong>Rush<\/strong>, <strong>Amsterdam<\/strong>en <strong>Jungle Sap<\/strong>verkrijgbaar in verschillende formaten.<\/p>\n<h4><strong>Snelle, discrete levering<\/strong><\/h4>\n<p>Met <strong>GBlexpress<\/strong>je <strong>knallers<\/strong> worden snel geleverd, discreet verpakt om je vertrouwelijkheid te garanderen.<\/p>\n<h4><strong>Veilige betaling<\/strong><\/h4>\n<p>Geniet van veilige betalingen en een probleemloze winkelervaring op ons betrouwbare platform.<\/p>\n<h4><strong>Competitieve prijzen<\/strong><\/h4>\n<p>Onze <strong>poppers te koop<\/strong> worden aangeboden tegen concurrerende prijzen, met kortingen voor bulkbestellingen.<\/p>\n<h3><strong>Toepassingen en gebruik van Poppers<\/strong><\/h3>\n<h4><strong>Spierontspanning<\/strong><\/h4>\n<p>De <a href=\"https:\/\/gblexprimer.com\/nl\/product\/steroiden-2\/\"><strong>knallers<\/strong><\/a> staan bekend om hun vermogen om spieren snel te ontspannen, wat een onmiddellijk gevoel van welzijn geeft.<\/p>\n<h4><strong>Verbeteren van feestelijke ervaringen<\/strong><\/h4>\n<p>Erg populair in clubs en op feestjes. <strong>knallers<\/strong> intensiveren de sensaties en voegen een unieke dimensie toe aan feestelijke momenten.<\/p>\n<h4><strong>Persoonlijk welzijn<\/strong><\/h4>\n<p>Naast hun feestelijk gebruik zijn de <strong>knallers<\/strong> worden ook gebruikt om ontspanning te bevorderen in een persoonlijke context.<\/p>\n<h3><strong>Koop vandaag nog poppers online<\/strong><\/h3>\n<p>Of je nu op zoek bent naar <strong>Spoed knallers<\/strong>, <strong>Amsterdam<\/strong>of andere bekende merken, <strong>GBlexpress<\/strong> is uw eerste keuze. Wij bieden <strong>authentieke poppers<\/strong>snel en discreet geleverd. <strong>Poppers online kopen<\/strong> en ontdek waarom wij de voorkeursleverancier zijn voor consumenten over de hele wereld. <a href=\"https:\/\/gblexprimer.com\/nl\/product\/knallers\/\">Meilleures ventes<\/a><\/p>","protected":false},"excerpt":{"rendered":"<p><strong>Poppers<\/strong>of alkylnitraten, zijn chemische verbindingen die algemeen bekend staan om hun snelle ontspannende en vaatverwijdende effecten. Gebruikt voor recreatieve of wetenschappelijke doeleinden verwijden ze de bloedvaten en bevorderen ze spierontspanning en een tijdelijk gevoel van welzijn. De <strong>knallers<\/strong> worden ook bestudeerd in het laboratorium voor hun cardiovasculaire toepassingen en unieke chemische effecten.<\/p>\n<h3><strong>Hoe werken Poppers?<\/strong><\/h3>\n<p>De <strong>knallers<\/strong> stikstofmonoxide (NO) vrij, dat onmiddellijk de bloedvaten verwijdt en de spieren ontspant.<\/p>\n<ul>\n<li><strong>Belangrijkste effecten :<\/strong> Snelle ontspanning, een gevoel van warmte en een tijdelijke verbetering van de bloeddoorstroming.<\/li>\n<li><strong>Werkingsmechanisme :<\/strong> Directe inhalatie voor snelle absorptie en onmiddellijke effecten.<\/li>\n<li><strong>Duur:<\/strong> Een paar minuten maar.<\/li>\n<\/ul>\n<h3><strong>Formule en gegevens<\/strong><\/h3>\n<ul>\n<li><strong>Hoofdbestanddelen :<\/strong>\n<ul>\n<li>Amylnitriet (C5H11ONO)<\/li>\n<li>Butylnitriet (C4H9ONO)<\/li>\n<li>Isobutylnitriet (C4H9ONO)<\/li>\n<\/ul>\n<\/li>\n<\/ul>","protected":false},"featured_media":5281,"comment_status":"open","ping_status":"closed","template":"","meta":{"site-sidebar-layout":"default","site-content-layout":"","ast-site-content-layout":"default","site-content-style":"default","site-sidebar-style":"default","ast-global-header-display":"","ast-banner-title-visibility":"","ast-main-header-display":"","ast-hfb-above-header-display":"","ast-hfb-below-header-display":"","ast-hfb-mobile-header-display":"","site-post-title":"","ast-breadcrumbs-content":"","ast-featured-img":"","footer-sml-layout":"","theme-transparent-header-meta":"default","adv-header-id-meta":"","stick-header-meta":"","header-above-stick-meta":"","header-main-stick-meta":"","header-below-stick-meta":"","astra-migrate-meta-layouts":"set","ast-page-background-enabled":"default","ast-page-background-meta":{"desktop":{"background-color":"","background-image":"","background-repeat":"repeat","background-position":"center center","background-size":"auto","background-attachment":"scroll","background-type":"","background-media":"","overlay-type":"","overlay-color":"","overlay-opacity":"","overlay-gradient":""},"tablet":{"background-color":"","background-image":"","background-repeat":"repeat","background-position":"center center","background-size":"auto","background-attachment":"scroll","background-type":"","background-media":"","overlay-type":"","overlay-color":"","overlay-opacity":"","overlay-gradient":""},"mobile":{"background-color":"","background-image":"","background-repeat":"repeat","background-position":"center center","background-size":"auto","background-attachment":"scroll","background-type":"","background-media":"","overlay-type":"","overlay-color":"","overlay-opacity":"","overlay-gradient":""}},"ast-content-background-meta":{"desktop":{"background-color":"var(--ast-global-color-5)","background-image":"","background-repeat":"repeat","background-position":"center center","background-size":"auto","background-attachment":"scroll","background-type":"","background-media":"","overlay-type":"","overlay-color":"","overlay-opacity":"","overlay-gradient":""},"tablet":{"background-color":"var(--ast-global-color-5)","background-image":"","background-repeat":"repeat","background-position":"center center","background-size":"auto","background-attachment":"scroll","background-type":"","background-media":"","overlay-type":"","overlay-color":"","overlay-opacity":"","overlay-gradient":""},"mobile":{"background-color":"var(--ast-global-color-5)","background-image":"","background-repeat":"repeat","background-position":"center center","background-size":"auto","background-attachment":"scroll","background-type":"","background-media":"","overlay-type":"","overlay-color":"","overlay-opacity":"","overlay-gradient":""}},"_joinchat":[]},"product_brand":[],"product_cat":[141],"product_tag":[335,350,352,343,348,345,353,336,338,342,344,339,346,355,351,341,347,354,337,349,340],"class_list":{"0":"post-5038","1":"product","2":"type-product","3":"status-publish","4":"has-post-thumbnail","6":"product_cat-sex-meth","7":"product_tag-achetez-poppers","8":"product_tag-commandez-poppers-maintenant","9":"product_tag-fournisseurs-de-poppers-fiables","10":"product_tag-fournisseurs-fiables-de-poppers","11":"product_tag-meilleurs-poppers-en-ligne","12":"product_tag-nitrites-de-propyle","13":"product_tag-ou-acheter-des-poppers","14":"product_tag-poppers-a-vendre","15":"product_tag-poppers-amsterdam","16":"product_tag-poppers-authentiques-en-ligne","17":"product_tag-poppers-de-haute-qualite","18":"product_tag-poppers-jungle-juice","19":"product_tag-poppers-livraison-rapide","20":"product_tag-poppers-populaires","21":"product_tag-poppers-pour-communaute-lgbtq","22":"product_tag-poppers-pour-soirees","23":"product_tag-poppers-prix-abordables","24":"product_tag-poppers-recreatifs","25":"product_tag-poppers-rush","26":"product_tag-produits-premium-poppers","27":"product_tag-relaxation-musculaire-poppers","28":"desktop-align-left","29":"tablet-align-left","30":"mobile-align-left","32":"first","33":"instock","34":"shipping-taxable","35":"purchasable","36":"product-type-variable"},"yoast_head":"<!-- This site is optimized with the Yoast SEO plugin v26.9 - https:\/\/yoast.com\/product\/yoast-seo-wordpress\/ -->\n<title>Achetez des Poppers en Ligne | Haute Qualit\u00e9 et Livraison Rapide<\/title>\n<meta name=\"description\" content=\"Achetez des poppers authentiques en ligne sur GBlexprimer. Produits de qualit\u00e9 sup\u00e9rieure : Rush, Amsterdam, Jungle Juice. Livraison rapide et discr\u00e8te. Commandez maintenant !\" \/>\n<meta name=\"robots\" content=\"index, follow, max-snippet:-1, max-image-preview:large, max-video-preview:-1\" \/>\n<link rel=\"canonical\" href=\"https:\/\/gblexprimer.com\/nl\/product\/knallers\/\" \/>\n<meta property=\"og:locale\" content=\"nl_BE\" \/>\n<meta property=\"og:type\" content=\"article\" \/>\n<meta property=\"og:title\" content=\"Achetez des Poppers en Ligne | Haute Qualit\u00e9 et Livraison Rapide\" \/>\n<meta property=\"og:description\" content=\"Achetez des poppers authentiques en ligne sur GBlexprimer. Produits de qualit\u00e9 sup\u00e9rieure : Rush, Amsterdam, Jungle Juice. Livraison rapide et discr\u00e8te. Commandez maintenant !\" \/>\n<meta property=\"og:url\" content=\"https:\/\/gblexprimer.com\/nl\/product\/knallers\/\" \/>\n<meta property=\"og:site_name\" content=\"GBL Exprimer\" \/>\n<meta property=\"article:modified_time\" content=\"2026-04-13T04:21:35+00:00\" \/>\n<meta property=\"og:image\" content=\"https:\/\/gblexprimer.com\/wp-content\/uploads\/2024\/11\/Poppers.jpg\" \/>\n\t<meta property=\"og:image:width\" content=\"600\" \/>\n\t<meta property=\"og:image:height\" content=\"600\" \/>\n\t<meta property=\"og:image:type\" content=\"image\/jpeg\" \/>\n<meta name=\"twitter:card\" content=\"summary_large_image\" \/>\n<meta name=\"twitter:label1\" content=\"Geschatte leestijd\" \/>\n\t<meta name=\"twitter:data1\" content=\"2 minuten\" \/>\n<script type=\"application\/ld+json\" class=\"yoast-schema-graph\">{\"@context\":\"https:\/\/schema.org\",\"@graph\":[{\"@type\":\"WebPage\",\"@id\":\"https:\/\/gblexprimer.com\/product\/poppers\/\",\"url\":\"https:\/\/gblexprimer.com\/product\/poppers\/\",\"name\":\"Achetez des Poppers en Ligne | Haute Qualit\u00e9 et Livraison Rapide\",\"isPartOf\":{\"@id\":\"https:\/\/gblexprimer.com\/#website\"},\"primaryImageOfPage\":{\"@id\":\"https:\/\/gblexprimer.com\/product\/poppers\/#primaryimage\"},\"image\":{\"@id\":\"https:\/\/gblexprimer.com\/product\/poppers\/#primaryimage\"},\"thumbnailUrl\":\"https:\/\/gblexprimer.com\/wp-content\/uploads\/2024\/11\/Poppers.jpg\",\"datePublished\":\"2024-11-26T06:06:42+00:00\",\"dateModified\":\"2026-04-13T04:21:35+00:00\",\"description\":\"Achetez des poppers authentiques en ligne sur GBlexprimer. Produits de qualit\u00e9 sup\u00e9rieure : Rush, Amsterdam, Jungle Juice. Livraison rapide et discr\u00e8te. Commandez maintenant !\",\"breadcrumb\":{\"@id\":\"https:\/\/gblexprimer.com\/product\/poppers\/#breadcrumb\"},\"inLanguage\":\"nl-BE\",\"potentialAction\":[{\"@type\":\"ReadAction\",\"target\":[\"https:\/\/gblexprimer.com\/product\/poppers\/\"]}]},{\"@type\":\"ImageObject\",\"inLanguage\":\"nl-BE\",\"@id\":\"https:\/\/gblexprimer.com\/product\/poppers\/#primaryimage\",\"url\":\"https:\/\/gblexprimer.com\/wp-content\/uploads\/2024\/11\/Poppers.jpg\",\"contentUrl\":\"https:\/\/gblexprimer.com\/wp-content\/uploads\/2024\/11\/Poppers.jpg\",\"width\":600,\"height\":600,\"caption\":\"Poppers\"},{\"@type\":\"BreadcrumbList\",\"@id\":\"https:\/\/gblexprimer.com\/product\/poppers\/#breadcrumb\",\"itemListElement\":[{\"@type\":\"ListItem\",\"position\":1,\"name\":\"Home\",\"item\":\"https:\/\/gblexprimer.com\/\"},{\"@type\":\"ListItem\",\"position\":2,\"name\":\"Shop\",\"item\":\"https:\/\/gblexprimer.com\/shop\/\"},{\"@type\":\"ListItem\",\"position\":3,\"name\":\"Poppers\"}]},{\"@type\":\"WebSite\",\"@id\":\"https:\/\/gblexprimer.com\/#website\",\"url\":\"https:\/\/gblexprimer.com\/\",\"name\":\"GBL Exprimer\",\"description\":\"\",\"publisher\":{\"@id\":\"https:\/\/gblexprimer.com\/#organization\"},\"potentialAction\":[{\"@type\":\"SearchAction\",\"target\":{\"@type\":\"EntryPoint\",\"urlTemplate\":\"https:\/\/gblexprimer.com\/?s={search_term_string}\"},\"query-input\":{\"@type\":\"PropertyValueSpecification\",\"valueRequired\":true,\"valueName\":\"search_term_string\"}}],\"inLanguage\":\"nl-BE\"},{\"@type\":\"Organization\",\"@id\":\"https:\/\/gblexprimer.com\/#organization\",\"name\":\"GBL Exprimer\",\"url\":\"https:\/\/gblexprimer.com\/\",\"logo\":{\"@type\":\"ImageObject\",\"inLanguage\":\"nl-BE\",\"@id\":\"https:\/\/gblexprimer.com\/#\/schema\/logo\/image\/\",\"url\":\"https:\/\/gblexprimer.com\/wp-content\/uploads\/2024\/01\/logo.png\",\"contentUrl\":\"https:\/\/gblexprimer.com\/wp-content\/uploads\/2024\/01\/logo.png\",\"width\":220,\"height\":80,\"caption\":\"GBL Exprimer\"},\"image\":{\"@id\":\"https:\/\/gblexprimer.com\/#\/schema\/logo\/image\/\"}}]}<\/script>\n<!-- \/ Yoast SEO plugin. -->","yoast_head_json":{"title":"Koop Poppers Online | Hoge Kwaliteit en Snelle Levering","description":"Koop authentieke poppers online bij GBlexprimer. Producten van topkwaliteit: Rush, Amsterdam, Jungle Juice. Snelle, discrete levering. Bestel nu!","robots":{"index":"index","follow":"follow","max-snippet":"max-snippet:-1","max-image-preview":"max-image-preview:large","max-video-preview":"max-video-preview:-1"},"canonical":"https:\/\/gblexprimer.com\/nl\/product\/knallers\/","og_locale":"nl_BE","og_type":"article","og_title":"Achetez des Poppers en Ligne | Haute Qualit\u00e9 et Livraison Rapide","og_description":"Achetez des poppers authentiques en ligne sur GBlexprimer. Produits de qualit\u00e9 sup\u00e9rieure : Rush, Amsterdam, Jungle Juice. Livraison rapide et discr\u00e8te. Commandez maintenant !","og_url":"https:\/\/gblexprimer.com\/nl\/product\/knallers\/","og_site_name":"GBL Exprimer","article_modified_time":"2026-04-13T04:21:35+00:00","og_image":[{"width":600,"height":600,"url":"https:\/\/gblexprimer.com\/wp-content\/uploads\/2024\/11\/Poppers.jpg","type":"image\/jpeg"}],"twitter_card":"summary_large_image","twitter_misc":{"Geschatte leestijd":"2 minuten"},"schema":{"@context":"https:\/\/schema.org","@graph":[{"@type":"WebPage","@id":"https:\/\/gblexprimer.com\/product\/poppers\/","url":"https:\/\/gblexprimer.com\/product\/poppers\/","name":"Koop Poppers Online | Hoge Kwaliteit en Snelle Levering","isPartOf":{"@id":"https:\/\/gblexprimer.com\/#website"},"primaryImageOfPage":{"@id":"https:\/\/gblexprimer.com\/product\/poppers\/#primaryimage"},"image":{"@id":"https:\/\/gblexprimer.com\/product\/poppers\/#primaryimage"},"thumbnailUrl":"https:\/\/gblexprimer.com\/wp-content\/uploads\/2024\/11\/Poppers.jpg","datePublished":"2024-11-26T06:06:42+00:00","dateModified":"2026-04-13T04:21:35+00:00","description":"Koop authentieke poppers online bij GBlexprimer. Producten van topkwaliteit: Rush, Amsterdam, Jungle Juice. Snelle, discrete levering. Bestel nu!","breadcrumb":{"@id":"https:\/\/gblexprimer.com\/product\/poppers\/#breadcrumb"},"inLanguage":"nl-BE","potentialAction":[{"@type":"ReadAction","target":["https:\/\/gblexprimer.com\/product\/poppers\/"]}]},{"@type":"ImageObject","inLanguage":"nl-BE","@id":"https:\/\/gblexprimer.com\/product\/poppers\/#primaryimage","url":"https:\/\/gblexprimer.com\/wp-content\/uploads\/2024\/11\/Poppers.jpg","contentUrl":"https:\/\/gblexprimer.com\/wp-content\/uploads\/2024\/11\/Poppers.jpg","width":600,"height":600,"caption":"Poppers"},{"@type":"BreadcrumbList","@id":"https:\/\/gblexprimer.com\/product\/poppers\/#breadcrumb","itemListElement":[{"@type":"ListItem","position":1,"name":"Home","item":"https:\/\/gblexprimer.com\/"},{"@type":"ListItem","position":2,"name":"Shop","item":"https:\/\/gblexprimer.com\/shop\/"},{"@type":"ListItem","position":3,"name":"Poppers"}]},{"@type":"WebSite","@id":"https:\/\/gblexprimer.com\/#website","url":"https:\/\/gblexprimer.com\/","name":"GBL Express","description":"","publisher":{"@id":"https:\/\/gblexprimer.com\/#organization"},"potentialAction":[{"@type":"SearchAction","target":{"@type":"EntryPoint","urlTemplate":"https:\/\/gblexprimer.com\/?s={search_term_string}"},"query-input":{"@type":"PropertyValueSpecification","valueRequired":true,"valueName":"search_term_string"}}],"inLanguage":"nl-BE"},{"@type":"Organization","@id":"https:\/\/gblexprimer.com\/#organization","name":"GBL Express","url":"https:\/\/gblexprimer.com\/","logo":{"@type":"ImageObject","inLanguage":"nl-BE","@id":"https:\/\/gblexprimer.com\/#\/schema\/logo\/image\/","url":"https:\/\/gblexprimer.com\/wp-content\/uploads\/2024\/01\/logo.png","contentUrl":"https:\/\/gblexprimer.com\/wp-content\/uploads\/2024\/01\/logo.png","width":220,"height":80,"caption":"GBL Exprimer"},"image":{"@id":"https:\/\/gblexprimer.com\/#\/schema\/logo\/image\/"}}]}},"_links":{"self":[{"href":"https:\/\/gblexprimer.com\/nl\/wp-json\/wp\/v2\/product\/5038","targetHints":{"allow":["GET"]}}],"collection":[{"href":"https:\/\/gblexprimer.com\/nl\/wp-json\/wp\/v2\/product"}],"about":[{"href":"https:\/\/gblexprimer.com\/nl\/wp-json\/wp\/v2\/types\/product"}],"replies":[{"embeddable":true,"href":"https:\/\/gblexprimer.com\/nl\/wp-json\/wp\/v2\/comments?post=5038"}],"wp:featuredmedia":[{"embeddable":true,"href":"https:\/\/gblexprimer.com\/nl\/wp-json\/wp\/v2\/media\/5281"}],"wp:attachment":[{"href":"https:\/\/gblexprimer.com\/nl\/wp-json\/wp\/v2\/media?parent=5038"}],"wp:term":[{"taxonomy":"product_brand","embeddable":true,"href":"https:\/\/gblexprimer.com\/nl\/wp-json\/wp\/v2\/product_brand?post=5038"},{"taxonomy":"product_cat","embeddable":true,"href":"https:\/\/gblexprimer.com\/nl\/wp-json\/wp\/v2\/product_cat?post=5038"},{"taxonomy":"product_tag","embeddable":true,"href":"https:\/\/gblexprimer.com\/nl\/wp-json\/wp\/v2\/product_tag?post=5038"}],"curies":[{"name":"wp","href":"https:\/\/api.w.org\/{rel}","templated":true}]}}