{"id":5039,"date":"2024-11-26T06:06:43","date_gmt":"2024-11-26T06:06:43","guid":{"rendered":"https:\/\/gblexprimer.com\/?post_type=product&#038;p=5039"},"modified":"2026-04-10T10:03:57","modified_gmt":"2026-04-10T10:03:57","slug":"alkohol","status":"publish","type":"product","link":"https:\/\/gblexprimer.com\/nl\/product\/alkohol\/","title":{"rendered":"Alkohol"},"content":{"rendered":"<h2 data-start=\"84\" data-end=\"541\"><strong>Koop alcohol online bij GBLExperimer<\/strong><\/h2>\n<p data-start=\"84\" data-end=\"541\">Avec la demande croissante de commodit\u00e9, <a href=\"https:\/\/en.wikipedia.org\/wiki\/Alcohol\">Alcohol online kopen<\/a> est devenu une option privil\u00e9gi\u00e9e pour beaucoup. Que vous recherchiez une bouteille sp\u00e9cifique de vin, un spiritueux rare ou que vous souhaitiez simplement r\u00e9approvisionner votre bar \u00e0 domicile, GBlexprimer offre une exp\u00e9rience d&rsquo;achat pratique et fiable. Si vous vous demandez o\u00f9 acheter de l&rsquo;alcool en ligne, voici pourquoi GBLexPrimer est le meilleur choix pour effectuer votre achat.<\/p>\n<h3 data-start=\"543\" data-end=\"581\"><strong data-start=\"543\" data-end=\"581\">Ruime keuze aan alcoholische dranken te koop<\/strong><\/h3>\n<p data-start=\"583\" data-end=\"1086\"><a href=\"https:\/\/gblexprimer.com\/nl\/product\/alkohol\/\">Als het gaat om het online kopen van alcohol.<\/a>Variatie is essentieel. GBlexprimer biedt een breed scala aan producten, van fijne wijnen en premium sterke dranken tot speciaalbieren en blends. Of u nu op zoek bent naar een bijzondere fles whisky of een elegante rode wijn voor bij het diner, ons assortiment garandeert dat u precies vindt wat u zoekt. Onze toewijding aan een breed aanbod maakt ons h\u00e9t platform voor al uw alcoholbehoeften.<\/p>\n<h3 data-start=\"1088\" data-end=\"1137\"><strong data-start=\"1088\" data-end=\"1137\">Scherpe prijzen en exclusieve aanbiedingen<\/strong><\/h3>\n<p data-start=\"1139\" data-end=\"1723\">Bij GBlexprimer geloven we in een uitstekende prijs-kwaliteitverhouding. Naast ons uitgebreide assortiment alcoholische dranken garanderen we scherpe prijzen zonder in te leveren op kwaliteit. Of u nu een fles koopt voor een feestje of gewoon uw voorraad wilt aanvullen, wij bieden kortingen, voordeelbundels en seizoensacties waardoor online alcohol kopen betaalbaarder wordt. Houd onze website in de gaten voor speciale aanbiedingen en exclusieve kortingen die uw aankoop nog voordeliger maken.<\/p>\n<h3 data-start=\"1725\" data-end=\"1765\"><strong data-start=\"1725\" data-end=\"1765\">Gebruiksvriendelijke winkelervaring<\/strong><\/h3>\n<p data-start=\"1767\" data-end=\"2281\"><a href=\"https:\/\/gblexprimer.com\/nl\/product\/amfetamina\/\">Commander de<\/a> l&rsquo;alcool en ligne doit \u00eatre simple et pratique, et GBlexprimer vous offre exactement cela. Notre site est con\u00e7u pour l&rsquo;utilisateur, ce qui facilite la navigation dans nos cat\u00e9gories, la consultation des d\u00e9tails des produits et la prise de d\u00e9cisions \u00e9clair\u00e9es. Nous fournissons \u00e9galement des descriptions d\u00e9taill\u00e9es et des filtres utiles pour affiner vos choix. Une fois votre s\u00e9lection effectu\u00e9e, notre processus de paiement s\u00e9curis\u00e9 et rapide vous assure une exp\u00e9rience d&rsquo;achat fluide et sans tracas.<\/p>\n<h3 data-start=\"2283\" data-end=\"2313\"><strong data-start=\"2283\" data-end=\"2313\">Snelle, betrouwbare levering<\/strong><\/h3>\n<p data-start=\"2315\" data-end=\"2704\">Une fois votre d\u00e9cision prise sur o\u00f9 acheter de l&rsquo;alcool, la livraison rapide et fiable est primordiale. Chez <a href=\"https:\/\/gblexprimer.com\/nl\/\">GBlexpress<\/a>, nous mettons un point d&rsquo;honneur \u00e0 livrer vos produits rapidement. Que vous organisiez un \u00e9v\u00e9nement ou que vous profitiez d&rsquo;une soir\u00e9e tranquille, nous veillons \u00e0 ce que votre commande vous parvienne \u00e0 temps, pour que vous puissiez profiter de votre achat sans d\u00e9lai.<\/p>\n<h3 data-start=\"2706\" data-end=\"2764\"><strong data-start=\"2706\" data-end=\"2764\">Veilige transacties en privacybescherming<\/strong><\/h3>\n<p data-start=\"2766\" data-end=\"3193\">Veiligheid is een topprioriteit bij het online kopen van alcohol. GBlexprimer maakt gebruik van geavanceerde encryptietechnologie\u00ebn om ervoor te zorgen dat uw persoonlijke en betaalgegevens altijd beschermd zijn. Ons platform is ontworpen om een \u200b\u200bveilige winkelomgeving te bieden, zodat u met een gerust hart online alcohol kunt bestellen, wetende dat uw gegevens in veilige handen zijn.<\/p>\n<h3 data-start=\"3195\" data-end=\"3233\"><strong data-start=\"3195\" data-end=\"3233\">Deskundig advies en klantbeoordelingen<\/strong><\/h3>\n<p data-start=\"3235\" data-end=\"3694\">Als u niet zeker weet welk product u moet kiezen, biedt GBl express deskundig advies en klantbeoordelingen om u te helpen bij uw beslissing. Of u nu nieuw bent met een bepaald soort alcohol of op zoek bent naar suggesties om te proberen, ons team staat voor u klaar. Klantbeoordelingen bieden bovendien extra inzichten, zodat u een weloverwogen keuze kunt maken bij het online kopen van alcohol.<\/p>\n<h3 data-start=\"3696\" data-end=\"3727\"><strong data-start=\"3696\" data-end=\"3727\">Persoonlijke klantenservice<\/strong><\/h3>\n<p data-start=\"3729\" data-end=\"4136\"><a href=\"https:\/\/gblexprimer.com\/nl\/\">Chez GBlexprimer<\/a>Klanttevredenheid staat bij ons voorop. Ons toegewijde supportteam staat klaar om al uw vragen en problemen te beantwoorden. Of u nu hulp nodig heeft met uw bestelling, vragen heeft over een product of advies zoekt over waar u alcohol kunt kopen, wij bieden persoonlijke ondersteuning om een \u200b\u200bprettige winkelervaring te garanderen.<\/p>\n<h3 data-start=\"4138\" data-end=\"4175\"><strong data-start=\"4138\" data-end=\"4175\">Blijf op de hoogte van het laatste nieuws.<\/strong><\/h3>\n<p data-start=\"4177\" data-end=\"4605\">De alcoholmarkt is constant in beweging, met regelmatig nieuwe releases en limited editions. Bij GBlexprimer houden we je op de hoogte van het laatste nieuws en exclusieve aanbiedingen. Door je te abonneren op onze nieuwsbrief of ons te volgen op social media, blijf je altijd op de hoogte van nieuwe alcoholische dranken en mis je nooit de nieuwste producten.<\/p>\n<h3 data-start=\"4607\" data-end=\"4648\"><strong data-start=\"4607\" data-end=\"4648\">Toewijding aan duurzaamheid<\/strong><\/h3>\n<p data-start=\"4650\" data-end=\"5041\">We zijn ons ook bewust van onze impact op het milieu. GBlexprimer biedt milieuvriendelijke verpakkingsopties en hanteert verantwoorde inkooppraktijken. Door voor ons platform te kiezen, geniet u niet alleen van geweldige producten, maar steunt u ook duurzaamheidsinitiatieven die gericht zijn op het verminderen van de CO2-uitstoot van de alcoholindustrie.<\/p>\n<h3 data-start=\"5043\" data-end=\"5057\"><strong data-start=\"5043\" data-end=\"5057\">Conclusie<\/strong><\/h3>\n<p data-start=\"5059\" data-end=\"5662\" data-is-last-node=\"\" data-is-only-node=\"\">GBlexprimer onderscheidt zich als de beste plek om online alcohol te kopen dankzij het enorme assortiment, de scherpe prijzen, de snelle levering en de veilige transacties. Ons gebruiksvriendelijke platform zorgt ervoor dat online alcohol kopen eenvoudig en plezierig is. Of u nu een doorgewinterde kenner bent of nieuw bent in de wereld van alcohol, GBlexprimer biedt een hoogwaardige winkelervaring die is afgestemd op uw behoeften. De volgende keer dat u zich afvraagt \u200b\u200bwaar u alcohol kunt kopen, hoeft u niet verder te zoeken. <a href=\"https:\/\/en.wikipedia.org\/wiki\/Alcohol\">Alcohol online kopen<\/a>, faites de GBlexprimer votre premier choix pour la qualit\u00e9, la commodit\u00e9 et la valeur.<\/p>","protected":false},"excerpt":{"rendered":"<p>Achetez de l&rsquo;alcool en ligne sur GBlexprimer Avec la demande croissante de commodit\u00e9, acheter de l&rsquo;alcool en ligne est devenu une option privil\u00e9gi\u00e9e pour beaucoup. Que vous recherchiez une bouteille sp\u00e9cifique de vin, un spiritueux rare ou que vous souhaitiez simplement r\u00e9approvisionner votre bar \u00e0 domicile, GBlexprimer offre une exp\u00e9rience d&rsquo;achat pratique et fiable. Si [&hellip;]<\/p>","protected":false},"featured_media":5257,"comment_status":"open","ping_status":"closed","template":"","meta":{"site-sidebar-layout":"default","site-content-layout":"","ast-site-content-layout":"default","site-content-style":"default","site-sidebar-style":"default","ast-global-header-display":"","ast-banner-title-visibility":"","ast-main-header-display":"","ast-hfb-above-header-display":"","ast-hfb-below-header-display":"","ast-hfb-mobile-header-display":"","site-post-title":"","ast-breadcrumbs-content":"","ast-featured-img":"","footer-sml-layout":"","theme-transparent-header-meta":"default","adv-header-id-meta":"","stick-header-meta":"","header-above-stick-meta":"","header-main-stick-meta":"","header-below-stick-meta":"","astra-migrate-meta-layouts":"set","ast-page-background-enabled":"default","ast-page-background-meta":{"desktop":{"background-color":"","background-image":"","background-repeat":"repeat","background-position":"center center","background-size":"auto","background-attachment":"scroll","background-type":"","background-media":"","overlay-type":"","overlay-color":"","overlay-opacity":"","overlay-gradient":""},"tablet":{"background-color":"","background-image":"","background-repeat":"repeat","background-position":"center center","background-size":"auto","background-attachment":"scroll","background-type":"","background-media":"","overlay-type":"","overlay-color":"","overlay-opacity":"","overlay-gradient":""},"mobile":{"background-color":"","background-image":"","background-repeat":"repeat","background-position":"center center","background-size":"auto","background-attachment":"scroll","background-type":"","background-media":"","overlay-type":"","overlay-color":"","overlay-opacity":"","overlay-gradient":""}},"ast-content-background-meta":{"desktop":{"background-color":"var(--ast-global-color-5)","background-image":"","background-repeat":"repeat","background-position":"center center","background-size":"auto","background-attachment":"scroll","background-type":"","background-media":"","overlay-type":"","overlay-color":"","overlay-opacity":"","overlay-gradient":""},"tablet":{"background-color":"var(--ast-global-color-5)","background-image":"","background-repeat":"repeat","background-position":"center center","background-size":"auto","background-attachment":"scroll","background-type":"","background-media":"","overlay-type":"","overlay-color":"","overlay-opacity":"","overlay-gradient":""},"mobile":{"background-color":"var(--ast-global-color-5)","background-image":"","background-repeat":"repeat","background-position":"center center","background-size":"auto","background-attachment":"scroll","background-type":"","background-media":"","overlay-type":"","overlay-color":"","overlay-opacity":"","overlay-gradient":""}},"_joinchat":[]},"product_brand":[],"product_cat":[141],"product_tag":[],"class_list":{"0":"post-5039","1":"product","2":"type-product","3":"status-publish","4":"has-post-thumbnail","6":"product_cat-sex-meth","7":"desktop-align-left","8":"tablet-align-left","9":"mobile-align-left","11":"first","12":"instock","13":"shipping-taxable","14":"purchasable","15":"product-type-variable"},"yoast_head":"<!-- This site is optimized with the Yoast SEO plugin v26.9 - https:\/\/yoast.com\/product\/yoast-seo-wordpress\/ -->\n<title>Acheter de l&#039;alcool en ligne \u2013 \u00c9thanol \u00e0 vendre | Gblexprimer<\/title>\n<meta name=\"description\" content=\"L&#039;alcool (\u00e9thanol) est une substance psychoactive couramment pr\u00e9sente dans les boissons et les produits industriels. Il affecte le syst\u00e8me nerveux central et peut produire des effets s\u00e9datifs et enivrants. Amph\u00e9tamine\" \/>\n<meta name=\"robots\" content=\"index, follow, max-snippet:-1, max-image-preview:large, max-video-preview:-1\" \/>\n<link rel=\"canonical\" href=\"https:\/\/gblexprimer.com\/nl\/product\/alkohol\/\" \/>\n<meta property=\"og:locale\" content=\"nl_BE\" \/>\n<meta property=\"og:type\" content=\"article\" \/>\n<meta property=\"og:title\" content=\"Acheter de l&#039;alcool en ligne \u2013 \u00c9thanol \u00e0 vendre | Gblexprimer\" \/>\n<meta property=\"og:description\" content=\"L&#039;alcool (\u00e9thanol) est une substance psychoactive couramment pr\u00e9sente dans les boissons et les produits industriels. Il affecte le syst\u00e8me nerveux central et peut produire des effets s\u00e9datifs et enivrants. Amph\u00e9tamine\" \/>\n<meta property=\"og:url\" content=\"https:\/\/gblexprimer.com\/nl\/product\/alkohol\/\" \/>\n<meta property=\"og:site_name\" content=\"GBL Exprimer\" \/>\n<meta property=\"article:modified_time\" content=\"2026-04-10T10:03:57+00:00\" \/>\n<meta property=\"og:image\" content=\"https:\/\/gblexprimer.com\/wp-content\/uploads\/2024\/11\/alkohol.jpg\" \/>\n\t<meta property=\"og:image:width\" content=\"600\" \/>\n\t<meta property=\"og:image:height\" content=\"600\" \/>\n\t<meta property=\"og:image:type\" content=\"image\/jpeg\" \/>\n<meta name=\"twitter:card\" content=\"summary_large_image\" \/>\n<meta name=\"twitter:label1\" content=\"Geschatte leestijd\" \/>\n\t<meta name=\"twitter:data1\" content=\"4 minuten\" \/>\n<script type=\"application\/ld+json\" class=\"yoast-schema-graph\">{\"@context\":\"https:\/\/schema.org\",\"@graph\":[{\"@type\":\"WebPage\",\"@id\":\"https:\/\/gblexprimer.com\/product\/alkohol\/\",\"url\":\"https:\/\/gblexprimer.com\/product\/alkohol\/\",\"name\":\"Acheter de l'alcool en ligne \u2013 \u00c9thanol \u00e0 vendre | Gblexprimer\",\"isPartOf\":{\"@id\":\"https:\/\/gblexprimer.com\/#website\"},\"primaryImageOfPage\":{\"@id\":\"https:\/\/gblexprimer.com\/product\/alkohol\/#primaryimage\"},\"image\":{\"@id\":\"https:\/\/gblexprimer.com\/product\/alkohol\/#primaryimage\"},\"thumbnailUrl\":\"https:\/\/gblexprimer.com\/wp-content\/uploads\/2024\/11\/alkohol.jpg\",\"datePublished\":\"2024-11-26T06:06:43+00:00\",\"dateModified\":\"2026-04-10T10:03:57+00:00\",\"description\":\"L'alcool (\u00e9thanol) est une substance psychoactive couramment pr\u00e9sente dans les boissons et les produits industriels. Il affecte le syst\u00e8me nerveux central et peut produire des effets s\u00e9datifs et enivrants. Amph\u00e9tamine\",\"breadcrumb\":{\"@id\":\"https:\/\/gblexprimer.com\/product\/alkohol\/#breadcrumb\"},\"inLanguage\":\"nl-BE\",\"potentialAction\":[{\"@type\":\"ReadAction\",\"target\":[\"https:\/\/gblexprimer.com\/product\/alkohol\/\"]}]},{\"@type\":\"ImageObject\",\"inLanguage\":\"nl-BE\",\"@id\":\"https:\/\/gblexprimer.com\/product\/alkohol\/#primaryimage\",\"url\":\"https:\/\/gblexprimer.com\/wp-content\/uploads\/2024\/11\/alkohol.jpg\",\"contentUrl\":\"https:\/\/gblexprimer.com\/wp-content\/uploads\/2024\/11\/alkohol.jpg\",\"width\":600,\"height\":600,\"caption\":\"alkohol\"},{\"@type\":\"BreadcrumbList\",\"@id\":\"https:\/\/gblexprimer.com\/product\/alkohol\/#breadcrumb\",\"itemListElement\":[{\"@type\":\"ListItem\",\"position\":1,\"name\":\"Home\",\"item\":\"https:\/\/gblexprimer.com\/\"},{\"@type\":\"ListItem\",\"position\":2,\"name\":\"Shop\",\"item\":\"https:\/\/gblexprimer.com\/shop\/\"},{\"@type\":\"ListItem\",\"position\":3,\"name\":\"Alkohol\"}]},{\"@type\":\"WebSite\",\"@id\":\"https:\/\/gblexprimer.com\/#website\",\"url\":\"https:\/\/gblexprimer.com\/\",\"name\":\"GBL Exprimer\",\"description\":\"\",\"publisher\":{\"@id\":\"https:\/\/gblexprimer.com\/#organization\"},\"potentialAction\":[{\"@type\":\"SearchAction\",\"target\":{\"@type\":\"EntryPoint\",\"urlTemplate\":\"https:\/\/gblexprimer.com\/?s={search_term_string}\"},\"query-input\":{\"@type\":\"PropertyValueSpecification\",\"valueRequired\":true,\"valueName\":\"search_term_string\"}}],\"inLanguage\":\"nl-BE\"},{\"@type\":\"Organization\",\"@id\":\"https:\/\/gblexprimer.com\/#organization\",\"name\":\"GBL Exprimer\",\"url\":\"https:\/\/gblexprimer.com\/\",\"logo\":{\"@type\":\"ImageObject\",\"inLanguage\":\"nl-BE\",\"@id\":\"https:\/\/gblexprimer.com\/#\/schema\/logo\/image\/\",\"url\":\"https:\/\/gblexprimer.com\/wp-content\/uploads\/2024\/01\/logo.png\",\"contentUrl\":\"https:\/\/gblexprimer.com\/wp-content\/uploads\/2024\/01\/logo.png\",\"width\":220,\"height\":80,\"caption\":\"GBL Exprimer\"},\"image\":{\"@id\":\"https:\/\/gblexprimer.com\/#\/schema\/logo\/image\/\"}}]}<\/script>\n<!-- \/ Yoast SEO plugin. -->","yoast_head_json":{"title":"Acheter de l'alcool en ligne \u2013 \u00c9thanol \u00e0 vendre | Gblexprimer","description":"L'alcool (\u00e9thanol) est une substance psychoactive couramment pr\u00e9sente dans les boissons et les produits industriels. Il affecte le syst\u00e8me nerveux central et peut produire des effets s\u00e9datifs et enivrants. Amph\u00e9tamine","robots":{"index":"index","follow":"follow","max-snippet":"max-snippet:-1","max-image-preview":"max-image-preview:large","max-video-preview":"max-video-preview:-1"},"canonical":"https:\/\/gblexprimer.com\/nl\/product\/alkohol\/","og_locale":"nl_BE","og_type":"article","og_title":"Acheter de l'alcool en ligne \u2013 \u00c9thanol \u00e0 vendre | Gblexprimer","og_description":"L'alcool (\u00e9thanol) est une substance psychoactive couramment pr\u00e9sente dans les boissons et les produits industriels. Il affecte le syst\u00e8me nerveux central et peut produire des effets s\u00e9datifs et enivrants. Amph\u00e9tamine","og_url":"https:\/\/gblexprimer.com\/nl\/product\/alkohol\/","og_site_name":"GBL Exprimer","article_modified_time":"2026-04-10T10:03:57+00:00","og_image":[{"width":600,"height":600,"url":"https:\/\/gblexprimer.com\/wp-content\/uploads\/2024\/11\/alkohol.jpg","type":"image\/jpeg"}],"twitter_card":"summary_large_image","twitter_misc":{"Geschatte leestijd":"4 minuten"},"schema":{"@context":"https:\/\/schema.org","@graph":[{"@type":"WebPage","@id":"https:\/\/gblexprimer.com\/product\/alkohol\/","url":"https:\/\/gblexprimer.com\/product\/alkohol\/","name":"Acheter de l'alcool en ligne \u2013 \u00c9thanol \u00e0 vendre | Gblexprimer","isPartOf":{"@id":"https:\/\/gblexprimer.com\/#website"},"primaryImageOfPage":{"@id":"https:\/\/gblexprimer.com\/product\/alkohol\/#primaryimage"},"image":{"@id":"https:\/\/gblexprimer.com\/product\/alkohol\/#primaryimage"},"thumbnailUrl":"https:\/\/gblexprimer.com\/wp-content\/uploads\/2024\/11\/alkohol.jpg","datePublished":"2024-11-26T06:06:43+00:00","dateModified":"2026-04-10T10:03:57+00:00","description":"L'alcool (\u00e9thanol) est une substance psychoactive couramment pr\u00e9sente dans les boissons et les produits industriels. Il affecte le syst\u00e8me nerveux central et peut produire des effets s\u00e9datifs et enivrants. Amph\u00e9tamine","breadcrumb":{"@id":"https:\/\/gblexprimer.com\/product\/alkohol\/#breadcrumb"},"inLanguage":"nl-BE","potentialAction":[{"@type":"ReadAction","target":["https:\/\/gblexprimer.com\/product\/alkohol\/"]}]},{"@type":"ImageObject","inLanguage":"nl-BE","@id":"https:\/\/gblexprimer.com\/product\/alkohol\/#primaryimage","url":"https:\/\/gblexprimer.com\/wp-content\/uploads\/2024\/11\/alkohol.jpg","contentUrl":"https:\/\/gblexprimer.com\/wp-content\/uploads\/2024\/11\/alkohol.jpg","width":600,"height":600,"caption":"alkohol"},{"@type":"BreadcrumbList","@id":"https:\/\/gblexprimer.com\/product\/alkohol\/#breadcrumb","itemListElement":[{"@type":"ListItem","position":1,"name":"Home","item":"https:\/\/gblexprimer.com\/"},{"@type":"ListItem","position":2,"name":"Shop","item":"https:\/\/gblexprimer.com\/shop\/"},{"@type":"ListItem","position":3,"name":"Alkohol"}]},{"@type":"WebSite","@id":"https:\/\/gblexprimer.com\/#website","url":"https:\/\/gblexprimer.com\/","name":"GBL Express","description":"","publisher":{"@id":"https:\/\/gblexprimer.com\/#organization"},"potentialAction":[{"@type":"SearchAction","target":{"@type":"EntryPoint","urlTemplate":"https:\/\/gblexprimer.com\/?s={search_term_string}"},"query-input":{"@type":"PropertyValueSpecification","valueRequired":true,"valueName":"search_term_string"}}],"inLanguage":"nl-BE"},{"@type":"Organization","@id":"https:\/\/gblexprimer.com\/#organization","name":"GBL Express","url":"https:\/\/gblexprimer.com\/","logo":{"@type":"ImageObject","inLanguage":"nl-BE","@id":"https:\/\/gblexprimer.com\/#\/schema\/logo\/image\/","url":"https:\/\/gblexprimer.com\/wp-content\/uploads\/2024\/01\/logo.png","contentUrl":"https:\/\/gblexprimer.com\/wp-content\/uploads\/2024\/01\/logo.png","width":220,"height":80,"caption":"GBL Exprimer"},"image":{"@id":"https:\/\/gblexprimer.com\/#\/schema\/logo\/image\/"}}]}},"_links":{"self":[{"href":"https:\/\/gblexprimer.com\/nl\/wp-json\/wp\/v2\/product\/5039","targetHints":{"allow":["GET"]}}],"collection":[{"href":"https:\/\/gblexprimer.com\/nl\/wp-json\/wp\/v2\/product"}],"about":[{"href":"https:\/\/gblexprimer.com\/nl\/wp-json\/wp\/v2\/types\/product"}],"replies":[{"embeddable":true,"href":"https:\/\/gblexprimer.com\/nl\/wp-json\/wp\/v2\/comments?post=5039"}],"wp:featuredmedia":[{"embeddable":true,"href":"https:\/\/gblexprimer.com\/nl\/wp-json\/wp\/v2\/media\/5257"}],"wp:attachment":[{"href":"https:\/\/gblexprimer.com\/nl\/wp-json\/wp\/v2\/media?parent=5039"}],"wp:term":[{"taxonomy":"product_brand","embeddable":true,"href":"https:\/\/gblexprimer.com\/nl\/wp-json\/wp\/v2\/product_brand?post=5039"},{"taxonomy":"product_cat","embeddable":true,"href":"https:\/\/gblexprimer.com\/nl\/wp-json\/wp\/v2\/product_cat?post=5039"},{"taxonomy":"product_tag","embeddable":true,"href":"https:\/\/gblexprimer.com\/nl\/wp-json\/wp\/v2\/product_tag?post=5039"}],"curies":[{"name":"wp","href":"https:\/\/api.w.org\/{rel}","templated":true}]}}