{"id":5061,"date":"2024-11-26T06:17:38","date_gmt":"2024-11-26T06:17:38","guid":{"rendered":"https:\/\/gblexprimer.com\/?post_type=product&#038;p=5061"},"modified":"2026-04-11T07:22:20","modified_gmt":"2026-04-11T07:22:20","slug":"heldin","status":"publish","type":"product","link":"https:\/\/gblexprimer.com\/nl\/product\/heldin\/","title":{"rendered":"Hero\u00efne"},"content":{"rendered":"<h2>Achetez de l\u2019H\u00e9ro\u00efne en Ligne<\/h2>\n<p><a href=\"https:\/\/gblexprimer.com\/nl\/product\/heldin\/\"><strong>Hero\u00efne<\/strong><\/a> is een van morfine afgeleid opio\u00efde dat bekend staat om zijn krachtige effecten op het centrale zenuwstelsel. Historisch gebruikt in medische context, <strong>hero\u00efne<\/strong> wordt nu vooral bestudeerd vanwege de neurochemische interacties en de invloed ervan op het menselijk gedrag. Op <a href=\"https:\/\/gblexprimer.com\/nl\/\"><strong>GBlexpress<\/strong><\/a>stellen we voor <strong>hoogwaardige hero\u00efne<\/strong>met veilige transacties, discrete verpakking en snelle levering om te voldoen aan de behoeften van onderzoekers en professionals Hero\u00efne kopen<a href=\"https:\/\/gblexprimer.com\/nl\/product\/heaven-pure-ecstasy-500-mg-%ce%b3-hydroxyboterzuur-ghb\/\">.<\/a><\/p>\n<h3><strong>Toepassingen en gebruik van hero\u00efne<\/strong><\/h3>\n<h4><strong>Wetenschappelijk en farmacologisch onderzoek<\/strong><\/h4>\n<p><a href=\"https:\/\/en.wikipedia.org\/wiki\/Heroin\"><strong>Hero\u00efne<\/strong><\/a> wordt gebruikt in onderzoeken om de interacties met opio\u00efde receptoren te begrijpen, waaronder de rol in pijnmodulatie, verslaving en neurochemische reacties.<a href=\"https:\/\/gblexpress.com\/ko-tropfen\/\">.<\/a><\/p>\n<h4><strong>Studies naar verslavingsstoornissen<\/strong><\/h4>\n<p>Onderzoekers analyseren <strong>hero\u00efne<\/strong> om de mechanismen van verslaving beter te begrijpen en effectieve behandelingen voor opio\u00efdenmisbruik te ontwikkelen.<\/p>\n<h4><strong>Invloed op gedrag en emoties<\/strong><\/h4>\n<p>Vanwege de psychoactieve effecten, <strong>hero\u00efne<\/strong> wordt onderzocht op zijn invloed op emoties, cognitie en gedragingen die te maken hebben met beloning en plezier.<\/p>\n<h3><strong>Waarom hero\u00efne kopen bij GBlexprimer?<\/strong><\/h3>\n<p>Op <strong>GBlexpress<\/strong>We streven ernaar producten van hoge kwaliteit en betrouwbare diensten te leveren om aan de behoeften van onderzoekers te voldoen.<\/p>\n<h4><strong>Hero\u00efne van hoge kwaliteit<\/strong><\/h4>\n<p>Onze <a href=\"https:\/\/gblexprimer.com\/nl\/product\/ketamina\/\"><strong>hero\u00efne<\/strong><\/a> wordt streng getest om de zuiverheid en veiligheid te garanderen en voldoet aan de hoogste normen voor wetenschappelijk onderzoek.<\/p>\n<h4><strong>Veilige transacties en discrete verpakking<\/strong><\/h4>\n<p>We zorgen voor veilige betalingen en discrete verpakking om de vertrouwelijkheid van elke bestelling te beschermen.<\/p>\n<h4><strong>Snelle, betrouwbare levering<\/strong><\/h4>\n<p>Met een bewezen logistiek netwerk leveren we je bestellingen snel en zonder vertraging, waar je ook bent.<\/p>\n<h4><strong>Betaalbaarheid en toegankelijkheid<\/strong><\/h4>\n<p>Wij bieden <strong>hero\u00efne<\/strong> tegen concurrerende prijzen, die een uitstekende waarde garanderen zonder afbreuk te doen aan de kwaliteit.<\/p>\n<h3><strong>Vandaag online hero\u00efne kopen<\/strong><\/h3>\n<p>Ben je op zoek naar een betrouwbare bron voor <strong>hero\u00efne<\/strong> ? Op <strong>GBlexpress<\/strong>stellen we voor <strong>hero\u00efne van topkwaliteit<\/strong>ideaal voor farmacologisch of neurochemisch onderzoek. Profiteer van snelle levering, discrete verpakking en veilige betaling. <strong>Online hero\u00efne kopen<\/strong> nu en ontdek de betrouwbaarheid en het gemak van aankoop bij <strong>GBlexpress<\/strong>.<\/p>","protected":false},"excerpt":{"rendered":"<p><strong>Hero\u00efne<\/strong> (diacetylmorfine) is een halfsynthetische opio\u00efde afgeleid van morfine, bekend om zijn krachtige effecten op het centrale zenuwstelsel. Hero\u00efne wordt gebruikt in wetenschappelijk en medisch onderzoek en is een belangrijk studieobject om de mechanismen van verslaving, pijnbestrijding en opio\u00efde receptoren te begrijpen.<\/p>\n<h3><strong>Hoe werkt hero\u00efne?<\/strong><\/h3>\n<p>Hero\u00efne werkt door te binden aan opio\u00efde receptoren in de hersenen, met name \u00b5 (mu) receptoren. Deze interactie leidt tot een vermindering van de pijnperceptie en een afgifte van dopamine, wat resulteert in gevoelens van welzijn en euforie.<\/p>\n<ul>\n<li><strong>Belangrijkste effecten :<\/strong> Intense pijnverlichting, euforie en ontspanning.<\/li>\n<li><strong>Werkingsmechanisme :<\/strong> Snelle omzetting in morfine in het lichaam, waarbij opio\u00efde receptoren direct worden gestimuleerd.<\/li>\n<\/ul>\n<h3><strong>Productformule en gegevens<\/strong><\/h3>\n<ul>\n<li><strong>Chemische naam :<\/strong> Diacetylmorfine<\/li>\n<li><strong>Molecuulformule :<\/strong> C21H23NO5<\/li>\n<li><strong>Molaire massa :<\/strong> 369,41 g\/mol<\/li>\n<\/ul>\n<h3><strong>Details effecten<\/strong><\/h3>\n<ul>\n<li><strong>Begin van de effecten :<\/strong> 2 tot 10 minuten na toediening.<\/li>\n<li><strong>Duur van de effecten :<\/strong> 3 tot 6 uur, afhankelijk van de dosis en de toedieningsweg.<\/li>\n<\/ul>","protected":false},"featured_media":5271,"comment_status":"open","ping_status":"closed","template":"","meta":{"site-sidebar-layout":"default","site-content-layout":"","ast-site-content-layout":"default","site-content-style":"default","site-sidebar-style":"default","ast-global-header-display":"","ast-banner-title-visibility":"","ast-main-header-display":"","ast-hfb-above-header-display":"","ast-hfb-below-header-display":"","ast-hfb-mobile-header-display":"","site-post-title":"","ast-breadcrumbs-content":"","ast-featured-img":"","footer-sml-layout":"","theme-transparent-header-meta":"default","adv-header-id-meta":"","stick-header-meta":"","header-above-stick-meta":"","header-main-stick-meta":"","header-below-stick-meta":"","astra-migrate-meta-layouts":"set","ast-page-background-enabled":"default","ast-page-background-meta":{"desktop":{"background-color":"","background-image":"","background-repeat":"repeat","background-position":"center center","background-size":"auto","background-attachment":"scroll","background-type":"","background-media":"","overlay-type":"","overlay-color":"","overlay-opacity":"","overlay-gradient":""},"tablet":{"background-color":"","background-image":"","background-repeat":"repeat","background-position":"center center","background-size":"auto","background-attachment":"scroll","background-type":"","background-media":"","overlay-type":"","overlay-color":"","overlay-opacity":"","overlay-gradient":""},"mobile":{"background-color":"","background-image":"","background-repeat":"repeat","background-position":"center center","background-size":"auto","background-attachment":"scroll","background-type":"","background-media":"","overlay-type":"","overlay-color":"","overlay-opacity":"","overlay-gradient":""}},"ast-content-background-meta":{"desktop":{"background-color":"var(--ast-global-color-5)","background-image":"","background-repeat":"repeat","background-position":"center center","background-size":"auto","background-attachment":"scroll","background-type":"","background-media":"","overlay-type":"","overlay-color":"","overlay-opacity":"","overlay-gradient":""},"tablet":{"background-color":"var(--ast-global-color-5)","background-image":"","background-repeat":"repeat","background-position":"center center","background-size":"auto","background-attachment":"scroll","background-type":"","background-media":"","overlay-type":"","overlay-color":"","overlay-opacity":"","overlay-gradient":""},"mobile":{"background-color":"var(--ast-global-color-5)","background-image":"","background-repeat":"repeat","background-position":"center center","background-size":"auto","background-attachment":"scroll","background-type":"","background-media":"","overlay-type":"","overlay-color":"","overlay-opacity":"","overlay-gradient":""}},"_joinchat":[]},"product_brand":[],"product_cat":[141],"product_tag":[255,258,266,272,260,256,271,262,257,263,265,269,264,259,273,267,261,268,270],"class_list":{"0":"post-5061","1":"product","2":"type-product","3":"status-publish","4":"has-post-thumbnail","6":"product_cat-sex-meth","7":"product_tag-achetez-heroine","8":"product_tag-commandez-heroine-en-ligne","9":"product_tag-commandez-heroine-maintenant","10":"product_tag-etudes-sur-les-recepteurs-opioides-et-heroine","11":"product_tag-fournisseurs-fiables-de-heroine","12":"product_tag-heroine-a-vendre","13":"product_tag-heroine-abordable-en-ligne","14":"product_tag-heroine-authentique-en-ligne","15":"product_tag-heroine-de-haute-qualite","16":"product_tag-heroine-pour-etudes-de-dependance","17":"product_tag-heroine-pour-etudes-neurochimiques","18":"product_tag-heroine-pour-etudes-psychoactives","19":"product_tag-heroine-pour-neurosciences","20":"product_tag-heroine-pour-recherche","21":"product_tag-heroine-pour-recherche-medicale","22":"product_tag-livraison-rapide-de-heroine","23":"product_tag-livraison-securisee-de-heroine","24":"product_tag-ou-acheter-de-lheroine","25":"product_tag-produits-premium-heroine","26":"desktop-align-left","27":"tablet-align-left","28":"mobile-align-left","30":"first","31":"instock","32":"shipping-taxable","33":"purchasable","34":"product-type-variable"},"yoast_head":"<!-- This site is optimized with the Yoast SEO plugin v26.9 - https:\/\/yoast.com\/product\/yoast-seo-wordpress\/ -->\n<title>H\u00e9ro\u00efne \u00e0 vendre \u2013 Acheter de l&#039;h\u00e9ro\u00efne en ligne | Gblexprimer<\/title>\n<meta name=\"description\" content=\"Achetez de l&#039;h\u00e9ro\u00efne en ligne sur GBLexprimer. H\u00e9ro\u00efne \u00e0 vendre, d&#039;une puret\u00e9 de haute qualit\u00e9 et disponible en approvisionnement fiable \u00e0 des fins de recherche.\" \/>\n<meta name=\"robots\" content=\"index, follow, max-snippet:-1, max-image-preview:large, max-video-preview:-1\" \/>\n<link rel=\"canonical\" href=\"https:\/\/gblexprimer.com\/nl\/product\/heldin\/\" \/>\n<meta property=\"og:locale\" content=\"nl_BE\" \/>\n<meta property=\"og:type\" content=\"article\" \/>\n<meta property=\"og:title\" content=\"H\u00e9ro\u00efne \u00e0 vendre \u2013 Acheter de l&#039;h\u00e9ro\u00efne en ligne | Gblexprimer\" \/>\n<meta property=\"og:description\" content=\"Achetez de l&#039;h\u00e9ro\u00efne en ligne sur GBLexprimer. H\u00e9ro\u00efne \u00e0 vendre, d&#039;une puret\u00e9 de haute qualit\u00e9 et disponible en approvisionnement fiable \u00e0 des fins de recherche.\" \/>\n<meta property=\"og:url\" content=\"https:\/\/gblexprimer.com\/nl\/product\/heldin\/\" \/>\n<meta property=\"og:site_name\" content=\"GBL Exprimer\" \/>\n<meta property=\"article:modified_time\" content=\"2026-04-11T07:22:20+00:00\" \/>\n<meta property=\"og:image\" content=\"https:\/\/gblexprimer.com\/wp-content\/uploads\/2024\/11\/Heroine.jpg\" \/>\n\t<meta property=\"og:image:width\" content=\"600\" \/>\n\t<meta property=\"og:image:height\" content=\"600\" \/>\n\t<meta property=\"og:image:type\" content=\"image\/jpeg\" \/>\n<meta name=\"twitter:card\" content=\"summary_large_image\" \/>\n<meta name=\"twitter:label1\" content=\"Geschatte leestijd\" \/>\n\t<meta name=\"twitter:data1\" content=\"2 minuten\" \/>\n<script type=\"application\/ld+json\" class=\"yoast-schema-graph\">{\"@context\":\"https:\/\/schema.org\",\"@graph\":[{\"@type\":\"WebPage\",\"@id\":\"https:\/\/gblexprimer.com\/product\/heroine\/\",\"url\":\"https:\/\/gblexprimer.com\/product\/heroine\/\",\"name\":\"H\u00e9ro\u00efne \u00e0 vendre \u2013 Acheter de l'h\u00e9ro\u00efne en ligne | Gblexprimer\",\"isPartOf\":{\"@id\":\"https:\/\/gblexprimer.com\/#website\"},\"primaryImageOfPage\":{\"@id\":\"https:\/\/gblexprimer.com\/product\/heroine\/#primaryimage\"},\"image\":{\"@id\":\"https:\/\/gblexprimer.com\/product\/heroine\/#primaryimage\"},\"thumbnailUrl\":\"https:\/\/gblexprimer.com\/wp-content\/uploads\/2024\/11\/Heroine.jpg\",\"datePublished\":\"2024-11-26T06:17:38+00:00\",\"dateModified\":\"2026-04-11T07:22:20+00:00\",\"description\":\"Achetez de l'h\u00e9ro\u00efne en ligne sur GBLexprimer. H\u00e9ro\u00efne \u00e0 vendre, d'une puret\u00e9 de haute qualit\u00e9 et disponible en approvisionnement fiable \u00e0 des fins de recherche.\",\"breadcrumb\":{\"@id\":\"https:\/\/gblexprimer.com\/product\/heroine\/#breadcrumb\"},\"inLanguage\":\"nl-BE\",\"potentialAction\":[{\"@type\":\"ReadAction\",\"target\":[\"https:\/\/gblexprimer.com\/product\/heroine\/\"]}]},{\"@type\":\"ImageObject\",\"inLanguage\":\"nl-BE\",\"@id\":\"https:\/\/gblexprimer.com\/product\/heroine\/#primaryimage\",\"url\":\"https:\/\/gblexprimer.com\/wp-content\/uploads\/2024\/11\/Heroine.jpg\",\"contentUrl\":\"https:\/\/gblexprimer.com\/wp-content\/uploads\/2024\/11\/Heroine.jpg\",\"width\":600,\"height\":600,\"caption\":\"H\u00e9ro\u00efne\"},{\"@type\":\"BreadcrumbList\",\"@id\":\"https:\/\/gblexprimer.com\/product\/heroine\/#breadcrumb\",\"itemListElement\":[{\"@type\":\"ListItem\",\"position\":1,\"name\":\"Home\",\"item\":\"https:\/\/gblexprimer.com\/\"},{\"@type\":\"ListItem\",\"position\":2,\"name\":\"Shop\",\"item\":\"https:\/\/gblexprimer.com\/shop\/\"},{\"@type\":\"ListItem\",\"position\":3,\"name\":\"H\u00e9ro\u00efne\"}]},{\"@type\":\"WebSite\",\"@id\":\"https:\/\/gblexprimer.com\/#website\",\"url\":\"https:\/\/gblexprimer.com\/\",\"name\":\"GBL Exprimer\",\"description\":\"\",\"publisher\":{\"@id\":\"https:\/\/gblexprimer.com\/#organization\"},\"potentialAction\":[{\"@type\":\"SearchAction\",\"target\":{\"@type\":\"EntryPoint\",\"urlTemplate\":\"https:\/\/gblexprimer.com\/?s={search_term_string}\"},\"query-input\":{\"@type\":\"PropertyValueSpecification\",\"valueRequired\":true,\"valueName\":\"search_term_string\"}}],\"inLanguage\":\"nl-BE\"},{\"@type\":\"Organization\",\"@id\":\"https:\/\/gblexprimer.com\/#organization\",\"name\":\"GBL Exprimer\",\"url\":\"https:\/\/gblexprimer.com\/\",\"logo\":{\"@type\":\"ImageObject\",\"inLanguage\":\"nl-BE\",\"@id\":\"https:\/\/gblexprimer.com\/#\/schema\/logo\/image\/\",\"url\":\"https:\/\/gblexprimer.com\/wp-content\/uploads\/2024\/01\/logo.png\",\"contentUrl\":\"https:\/\/gblexprimer.com\/wp-content\/uploads\/2024\/01\/logo.png\",\"width\":220,\"height\":80,\"caption\":\"GBL Exprimer\"},\"image\":{\"@id\":\"https:\/\/gblexprimer.com\/#\/schema\/logo\/image\/\"}}]}<\/script>\n<!-- \/ Yoast SEO plugin. -->","yoast_head_json":{"title":"H\u00e9ro\u00efne \u00e0 vendre \u2013 Acheter de l'h\u00e9ro\u00efne en ligne | Gblexprimer","description":"Achetez de l'h\u00e9ro\u00efne en ligne sur GBLexprimer. H\u00e9ro\u00efne \u00e0 vendre, d'une puret\u00e9 de haute qualit\u00e9 et disponible en approvisionnement fiable \u00e0 des fins de recherche.","robots":{"index":"index","follow":"follow","max-snippet":"max-snippet:-1","max-image-preview":"max-image-preview:large","max-video-preview":"max-video-preview:-1"},"canonical":"https:\/\/gblexprimer.com\/nl\/product\/heldin\/","og_locale":"nl_BE","og_type":"article","og_title":"H\u00e9ro\u00efne \u00e0 vendre \u2013 Acheter de l'h\u00e9ro\u00efne en ligne | Gblexprimer","og_description":"Achetez de l'h\u00e9ro\u00efne en ligne sur GBLexprimer. H\u00e9ro\u00efne \u00e0 vendre, d'une puret\u00e9 de haute qualit\u00e9 et disponible en approvisionnement fiable \u00e0 des fins de recherche.","og_url":"https:\/\/gblexprimer.com\/nl\/product\/heldin\/","og_site_name":"GBL Exprimer","article_modified_time":"2026-04-11T07:22:20+00:00","og_image":[{"width":600,"height":600,"url":"https:\/\/gblexprimer.com\/wp-content\/uploads\/2024\/11\/Heroine.jpg","type":"image\/jpeg"}],"twitter_card":"summary_large_image","twitter_misc":{"Geschatte leestijd":"2 minuten"},"schema":{"@context":"https:\/\/schema.org","@graph":[{"@type":"WebPage","@id":"https:\/\/gblexprimer.com\/product\/heroine\/","url":"https:\/\/gblexprimer.com\/product\/heroine\/","name":"H\u00e9ro\u00efne \u00e0 vendre \u2013 Acheter de l'h\u00e9ro\u00efne en ligne | Gblexprimer","isPartOf":{"@id":"https:\/\/gblexprimer.com\/#website"},"primaryImageOfPage":{"@id":"https:\/\/gblexprimer.com\/product\/heroine\/#primaryimage"},"image":{"@id":"https:\/\/gblexprimer.com\/product\/heroine\/#primaryimage"},"thumbnailUrl":"https:\/\/gblexprimer.com\/wp-content\/uploads\/2024\/11\/Heroine.jpg","datePublished":"2024-11-26T06:17:38+00:00","dateModified":"2026-04-11T07:22:20+00:00","description":"Achetez de l'h\u00e9ro\u00efne en ligne sur GBLexprimer. H\u00e9ro\u00efne \u00e0 vendre, d'une puret\u00e9 de haute qualit\u00e9 et disponible en approvisionnement fiable \u00e0 des fins de recherche.","breadcrumb":{"@id":"https:\/\/gblexprimer.com\/product\/heroine\/#breadcrumb"},"inLanguage":"nl-BE","potentialAction":[{"@type":"ReadAction","target":["https:\/\/gblexprimer.com\/product\/heroine\/"]}]},{"@type":"ImageObject","inLanguage":"nl-BE","@id":"https:\/\/gblexprimer.com\/product\/heroine\/#primaryimage","url":"https:\/\/gblexprimer.com\/wp-content\/uploads\/2024\/11\/Heroine.jpg","contentUrl":"https:\/\/gblexprimer.com\/wp-content\/uploads\/2024\/11\/Heroine.jpg","width":600,"height":600,"caption":"H\u00e9ro\u00efne"},{"@type":"BreadcrumbList","@id":"https:\/\/gblexprimer.com\/product\/heroine\/#breadcrumb","itemListElement":[{"@type":"ListItem","position":1,"name":"Home","item":"https:\/\/gblexprimer.com\/"},{"@type":"ListItem","position":2,"name":"Shop","item":"https:\/\/gblexprimer.com\/shop\/"},{"@type":"ListItem","position":3,"name":"H\u00e9ro\u00efne"}]},{"@type":"WebSite","@id":"https:\/\/gblexprimer.com\/#website","url":"https:\/\/gblexprimer.com\/","name":"GBL Express","description":"","publisher":{"@id":"https:\/\/gblexprimer.com\/#organization"},"potentialAction":[{"@type":"SearchAction","target":{"@type":"EntryPoint","urlTemplate":"https:\/\/gblexprimer.com\/?s={search_term_string}"},"query-input":{"@type":"PropertyValueSpecification","valueRequired":true,"valueName":"search_term_string"}}],"inLanguage":"nl-BE"},{"@type":"Organization","@id":"https:\/\/gblexprimer.com\/#organization","name":"GBL Express","url":"https:\/\/gblexprimer.com\/","logo":{"@type":"ImageObject","inLanguage":"nl-BE","@id":"https:\/\/gblexprimer.com\/#\/schema\/logo\/image\/","url":"https:\/\/gblexprimer.com\/wp-content\/uploads\/2024\/01\/logo.png","contentUrl":"https:\/\/gblexprimer.com\/wp-content\/uploads\/2024\/01\/logo.png","width":220,"height":80,"caption":"GBL Exprimer"},"image":{"@id":"https:\/\/gblexprimer.com\/#\/schema\/logo\/image\/"}}]}},"_links":{"self":[{"href":"https:\/\/gblexprimer.com\/nl\/wp-json\/wp\/v2\/product\/5061","targetHints":{"allow":["GET"]}}],"collection":[{"href":"https:\/\/gblexprimer.com\/nl\/wp-json\/wp\/v2\/product"}],"about":[{"href":"https:\/\/gblexprimer.com\/nl\/wp-json\/wp\/v2\/types\/product"}],"replies":[{"embeddable":true,"href":"https:\/\/gblexprimer.com\/nl\/wp-json\/wp\/v2\/comments?post=5061"}],"wp:featuredmedia":[{"embeddable":true,"href":"https:\/\/gblexprimer.com\/nl\/wp-json\/wp\/v2\/media\/5271"}],"wp:attachment":[{"href":"https:\/\/gblexprimer.com\/nl\/wp-json\/wp\/v2\/media?parent=5061"}],"wp:term":[{"taxonomy":"product_brand","embeddable":true,"href":"https:\/\/gblexprimer.com\/nl\/wp-json\/wp\/v2\/product_brand?post=5061"},{"taxonomy":"product_cat","embeddable":true,"href":"https:\/\/gblexprimer.com\/nl\/wp-json\/wp\/v2\/product_cat?post=5061"},{"taxonomy":"product_tag","embeddable":true,"href":"https:\/\/gblexprimer.com\/nl\/wp-json\/wp\/v2\/product_tag?post=5061"}],"curies":[{"name":"wp","href":"https:\/\/api.w.org\/{rel}","templated":true}]}}