{"id":5142,"date":"2024-11-27T10:09:34","date_gmt":"2024-11-27T10:09:34","guid":{"rendered":"https:\/\/gblexprimer.com\/?post_type=product&#038;p=5142"},"modified":"2026-04-11T07:14:55","modified_gmt":"2026-04-11T07:14:55","slug":"dianabol-10mg","status":"publish","type":"product","link":"https:\/\/gblexprimer.com\/nl\/product\/dianabol-10mg\/","title":{"rendered":"Dianabol 10mg"},"content":{"rendered":"<h2><strong>Koop Dianabol 10 mg \u2013 Maximale resultaten voor bodybuilding<\/strong><\/h2>\n<p>Dianabol 10 mg online, ook bekend als <a href=\"https:\/\/en.wikipedia.org\/wiki\/Metandienone\"><strong>M\u00e9thandi\u00e9none<\/strong><\/a>, est l\u2019un des st\u00e9ro\u00efdes les plus populaires chez les culturistes. Il favorise une croissance musculaire rapide, accro\u00eet la force et soutient les phases d&rsquo;entra\u00eenement intensives. Parfait pour le cycle de construction, Dianabol offre des r\u00e9sultats efficaces gr\u00e2ce \u00e0 une formule fiable. Achetez Dianabol 10 mg : offre des r\u00e9sultats efficaces gr\u00e2ce \u00e0 une formule fiable. <a href=\"https:\/\/gblexprimer.com\/nl\/product\/diazepam-ratiopharm-5-mg-diazepam\/\">Achetez Dianabol 10 mg<\/a>. El<span lang=\"ES-PE\"> Dianabol is een gemodificeerde vorm van het testosteronmolecuul, ontworpen om minder androgeen en sterk anabool te zijn, met een significant effect op spierontwikkeling. De snelle werking stelt de gebruiker in staat om in slechts enkele weken tot 8 kg spiermassa te winnen, hoewel de resultaten afhangen van zowel de totale calorie-inname als de toegediende dosis. Dianabol is verkrijgbaar in injecteerbare en orale vorm; de orale vorm wordt het meest gebruikt, met resultaten die vergelijkbaar zijn met die van de injecteerbare vorm.<a href=\"https:\/\/gblexprimer.com\/nl\/product\/kokaina\/\">.<\/a><\/span><\/p>\n<p class=\"ds-markdown-paragraph\"><strong>Avantages du Dianabol<\/strong><\/p>\n<p class=\"ds-markdown-paragraph\">Bodybuilders gebruiken voornamelijk <strong>Dbol<\/strong> comme \u00ab\u00a0<strong>lanceur<\/strong>\u00a0\u00bb d&rsquo;un cycle de prise de masse.<\/p>\n<ul>\n<li>\n<p class=\"ds-markdown-paragraph\"><strong>Snelle spiergroei<\/strong> Het is niet ongebruikelijk om te nemen <strong>7 \u00e0 9 kg<\/strong> (7-9 kg) gedurende de eerste 4 tot 6 weken (een deel van deze toename is echter te wijten aan de <strong>r\u00e9tention d&rsquo;eau<\/strong>).<\/p>\n<\/li>\n<li>\n<p class=\"ds-markdown-paragraph\"><strong>Krachtexplosie<\/strong> Het verhoogt de aanzienlijk <strong>r\u00e9tention d&rsquo;azote<\/strong>leidend tot <strong>progr\u00e8s imm\u00e9diats en force<\/strong>.<\/p>\n<\/li>\n<li>\n<p class=\"ds-markdown-paragraph\"><strong>R\u00e9cup\u00e9ration am\u00e9lior\u00e9e<\/strong> : Acc\u00e9l\u00e8re la <strong>r\u00e9paration des tissus musculaires<\/strong> entre les s\u00e9ances d&rsquo;entra\u00eenement.<\/p>\n<\/li>\n<\/ul>\n<p class=\"ds-markdown-paragraph\"><strong>Aanbevolen dosering en cycli<\/strong><\/p>\n<p class=\"ds-markdown-paragraph\"><em>Let op: de volgende informatie is uitsluitend bedoeld ter informatie. Doe altijd zelf grondig onderzoek alvorens deze informatie te gebruiken.<\/em><\/p>\n<p class=\"ds-markdown-paragraph\">En raison de sa <strong>courte demi-vie<\/strong> (environ 3 \u00e0 5 heures), les utilisateurs r\u00e9partissent g\u00e9n\u00e9ralement leur <strong>dose quotidienne<\/strong> pour maintenir des <strong>taux sanguins stables<\/strong>.<\/p>\n<ul>\n<li>\n<p class=\"ds-markdown-paragraph\"><strong>Dosering voor beginners<\/strong> : 20 mg \u2013 30 mg per dag.<\/p>\n<\/li>\n<li>\n<p class=\"ds-markdown-paragraph\"><strong>Posologie avanc\u00e9e<\/strong> : 40 mg \u2013 50 mg par jour.<\/p>\n<\/li>\n<li>\n<p class=\"ds-markdown-paragraph\"><strong>Cyclusduur<\/strong> : En raison du <strong>stress h\u00e9patique<\/strong>, les cycles de Dianabol sont g\u00e9n\u00e9ralement limit\u00e9s \u00e0 <strong>4 \u00e0 6 semaines<\/strong>.<\/p>\n<\/li>\n<\/ul>\n<p class=\"ds-markdown-paragraph\"><strong>Veelvoorkomende associaties (stapels)<\/strong> Dbol wordt zelden alleen gebruikt. Het is effectiever in combinatie met een ander middel. <strong>testosteronbasis<\/strong> (comme l&rsquo;<strong>\u00c9nanthate<\/strong> ou le <a href=\"https:\/\/gblexprimer.com\/nl\/product\/dianabol-10mg\/\"><strong>Testosteroncypionaat<\/strong><\/a>) pour maintenir des <strong>niveaux hormonaux masculins<\/strong>.<\/p>\n<p><strong><span lang=\"ES-PE\">Voordelen van Dianabol ten opzichte van testosteron<\/span><\/strong><\/p>\n<p><span lang=\"ES-PE\">Net als testosteron bevordert Dianabol de eiwitsynthese en stikstofretentie, maar het biedt ook een uniek voordeel: het verhoogt de glycogenolyse. Dit proces zorgt ervoor dat het lichaam de ingenomen koolhydraten effici\u00ebnter gebruikt, wat resulteert in hogere niveaus van spierglycogeen. Dit geeft de spieren niet alleen een vollere, meer opgepompte uitstraling, maar verhoogt ook de kracht en energie tijdens trainingen aanzienlijk, aangezien glycogeen en ATP essenti\u00eble brandstoffen zijn voor intensieve training. Daarom is Dianabol ideaal voor mensen die hun spiermassa en -omvang willen vergroten en tegelijkertijd hun koolhydraat- en calorie-inname willen maximaliseren. <a href=\"https:\/\/gblexprimer.com\/nl\/product\/dianabol-10mg\/\">Des achats sans tracas<\/a><\/span><\/p>\n<p><strong><span lang=\"ES-PE\">Bijwerkingen en voorzorgsmaatregelen<\/span><\/strong><\/p>\n<p><span lang=\"ES-PE\">Dianabol is een alfa-gemethyleerde stof, wat betekent dat het een grotere levertoxiciteit heeft dan andere stero\u00efden. Tijdens het gebruik ervan wordt vaak een verhoging van de leverenzymen waargenomen, hoewel deze waarden meestal normaliseren zodra het gebruik wordt gestaakt. Vanwege de hoge hepatotoxiciteit is het essentieel om de aanbevolen dosering niet te overschrijden en het gebruik niet langer dan de aanbevolen periode te verlengen.<\/span><\/p>\n<p><span lang=\"ES-PE\">Een ander cruciaal aspect van Dianabol is de hoge omzetting naar oestrogeen, veel hoger dan die naar testosteron. Om die reden wordt aangeraden het gebruik ervan te combineren met een oestrogeenremmer, zoals Arimidex (anastrozol), die in deze gevallen effectiever is dan tamoxifen (Nolvadex). Het beheersen van deze omzetting helpt ongewenste vochtretentie te voorkomen en een steviger en meer gedefinieerd spierbeeld te behouden, en vermindert tevens risico's zoals hypertensie en gynaecomastie. <a href=\"https:\/\/gblexprimer.com\/nl\/\"><strong>GBLExpress<\/strong><\/a><\/span><\/p>\n<p><span lang=\"ES-PE\">Samenvattend: hoewel Dianabol zeer effectief is in het snel vergroten van spiermassa, moet het gebruik ervan met de nodige voorzichtigheid gebeuren vanwege de mogelijke bijwerkingen. <\/span><\/p>","protected":false},"excerpt":{"rendered":"<p class=\"ds-markdown-paragraph\"><strong>Dianoxyl 10<\/strong> is een <strong>st\u00e9ro\u00efde anabolisant oral de qualit\u00e9 premium<\/strong> fabriqu\u00e9 par <strong>Kalpa Pharmaceuticals<\/strong>. Chaque comprim\u00e9 contient <strong>10 mg de M\u00e9thandi\u00e9none<\/strong> (commun\u00e9ment appel\u00e9e <strong>Dianabol<\/strong> of <strong>Dbol<\/strong>), un compos\u00e9 <strong>classique et puissant<\/strong> utilis\u00e9 pour favoriser une <strong>croissance musculaire rapide<\/strong>en <strong>gains de force<\/strong> en een <strong>r\u00e9cup\u00e9ration am\u00e9lior\u00e9e<\/strong>. Ce format <strong>\u00e0 faible dosage<\/strong> est id\u00e9al pour les <strong>premiers utilisateurs<\/strong> ou ceux recherchant un <strong>contr\u00f4le pr\u00e9cis du dosage<\/strong>.<\/p>\n<p class=\"ds-markdown-paragraph\"><strong>Qu&rsquo;est-ce que la M\u00e9thandi\u00e9none ?<\/strong><\/p>\n<p class=\"ds-markdown-paragraph\">La M\u00e9thandi\u00e9none est un <strong>d\u00e9riv\u00e9 synth\u00e9tique<\/strong> de la testost\u00e9rone, dot\u00e9 de <strong>fortes propri\u00e9t\u00e9s anabolisantes<\/strong> et d&rsquo;effets <strong>androg\u00e8nes mod\u00e9r\u00e9s<\/strong>. Elle permet une <strong>meilleure r\u00e9tention de l&rsquo;azote<\/strong>, am\u00e9liore la <strong>synth\u00e8se prot\u00e9ique<\/strong> et acc\u00e9l\u00e8re la <strong>r\u00e9paration des tissus musculaires<\/strong>. Selon la <strong>Biblioth\u00e8que Nationale de M\u00e9decine<\/strong>, la M\u00e9thandi\u00e9none est l&rsquo;un des <strong>st\u00e9ro\u00efdes oraux les plus \u00e9tudi\u00e9s<\/strong> dans le milieu de la musculation pour son efficacit\u00e9 \u00e0 favoriser le <strong>gain de masse s\u00e8che<\/strong>.<\/p>\n<p class=\"ds-markdown-paragraph\"><strong>Comment utiliser le Dianoxyl 10<\/strong><\/p>\n<ul>\n<li>\n<p class=\"ds-markdown-paragraph\"><strong>Dose pour d\u00e9butant :<\/strong> 20\u201330 mg\/jour<\/p>\n<\/li>\n<li>\n<p class=\"ds-markdown-paragraph\"><strong>Dose interm\u00e9diaire :<\/strong> 30\u201350 mg\/jour<\/p>\n<\/li>\n<li>\n<p class=\"ds-markdown-paragraph\"><strong>Dur\u00e9e d&rsquo;un cycle :<\/strong> 4\u20136 semaines<\/p>\n<\/li>\n<\/ul>\n<p class=\"ds-markdown-paragraph\">Il est recommand\u00e9 de prendre le Dianoxyl 10 en <strong>doses fractionn\u00e9es<\/strong> (matin et avant l&rsquo;entra\u00eenement) pour maintenir des <strong>taux sanguins stables<\/strong>. Son utilisation au-del\u00e0 de <strong>6 semaines<\/strong> n&rsquo;est pas recommand\u00e9e en raison de son potentiel <strong>h\u00e9patotoxique<\/strong>.<\/p>","protected":false},"featured_media":5269,"comment_status":"open","ping_status":"closed","template":"","meta":{"site-sidebar-layout":"default","site-content-layout":"","ast-site-content-layout":"default","site-content-style":"default","site-sidebar-style":"default","ast-global-header-display":"","ast-banner-title-visibility":"","ast-main-header-display":"","ast-hfb-above-header-display":"","ast-hfb-below-header-display":"","ast-hfb-mobile-header-display":"","site-post-title":"","ast-breadcrumbs-content":"","ast-featured-img":"","footer-sml-layout":"","theme-transparent-header-meta":"default","adv-header-id-meta":"","stick-header-meta":"","header-above-stick-meta":"","header-main-stick-meta":"","header-below-stick-meta":"","astra-migrate-meta-layouts":"set","ast-page-background-enabled":"default","ast-page-background-meta":{"desktop":{"background-color":"","background-image":"","background-repeat":"repeat","background-position":"center center","background-size":"auto","background-attachment":"scroll","background-type":"","background-media":"","overlay-type":"","overlay-color":"","overlay-opacity":"","overlay-gradient":""},"tablet":{"background-color":"","background-image":"","background-repeat":"repeat","background-position":"center center","background-size":"auto","background-attachment":"scroll","background-type":"","background-media":"","overlay-type":"","overlay-color":"","overlay-opacity":"","overlay-gradient":""},"mobile":{"background-color":"","background-image":"","background-repeat":"repeat","background-position":"center center","background-size":"auto","background-attachment":"scroll","background-type":"","background-media":"","overlay-type":"","overlay-color":"","overlay-opacity":"","overlay-gradient":""}},"ast-content-background-meta":{"desktop":{"background-color":"var(--ast-global-color-5)","background-image":"","background-repeat":"repeat","background-position":"center center","background-size":"auto","background-attachment":"scroll","background-type":"","background-media":"","overlay-type":"","overlay-color":"","overlay-opacity":"","overlay-gradient":""},"tablet":{"background-color":"var(--ast-global-color-5)","background-image":"","background-repeat":"repeat","background-position":"center center","background-size":"auto","background-attachment":"scroll","background-type":"","background-media":"","overlay-type":"","overlay-color":"","overlay-opacity":"","overlay-gradient":""},"mobile":{"background-color":"var(--ast-global-color-5)","background-image":"","background-repeat":"repeat","background-position":"center center","background-size":"auto","background-attachment":"scroll","background-type":"","background-media":"","overlay-type":"","overlay-color":"","overlay-opacity":"","overlay-gradient":""}},"_joinchat":[]},"product_brand":[],"product_cat":[583],"product_tag":[],"class_list":{"0":"post-5142","1":"product","2":"type-product","3":"status-publish","4":"has-post-thumbnail","6":"product_cat-steroids","7":"desktop-align-left","8":"tablet-align-left","9":"mobile-align-left","11":"first","12":"instock","13":"shipping-taxable","14":"purchasable","15":"product-type-variable"},"yoast_head":"<!-- This site is optimized with the Yoast SEO plugin v26.9 - https:\/\/yoast.com\/product\/yoast-seo-wordpress\/ -->\n<title>Acheter du Dianabol 10 mg en ligne \u2013 Dianabol 10 mg \u00e0 vendre<\/title>\n<meta name=\"description\" content=\"Le Dianabol (m\u00e9thandrost\u00e9nolone) est un st\u00e9ro\u00efde anabolisant historiquement utilis\u00e9 pour favoriser la croissance musculaire et l&#039;augmentation de la force. En raison de ses effets secondaires potentiels et de son usage d\u00e9tourn\u00e9, il est r\u00e9glement\u00e9 dans de nombreux pays.\" \/>\n<meta name=\"robots\" content=\"index, follow, max-snippet:-1, max-image-preview:large, max-video-preview:-1\" \/>\n<link rel=\"canonical\" href=\"https:\/\/gblexprimer.com\/nl\/product\/dianabol-10mg\/\" \/>\n<meta property=\"og:locale\" content=\"nl_BE\" \/>\n<meta property=\"og:type\" content=\"article\" \/>\n<meta property=\"og:title\" content=\"Acheter du Dianabol 10 mg en ligne \u2013 Dianabol 10 mg \u00e0 vendre\" \/>\n<meta property=\"og:description\" content=\"Le Dianabol (m\u00e9thandrost\u00e9nolone) est un st\u00e9ro\u00efde anabolisant historiquement utilis\u00e9 pour favoriser la croissance musculaire et l&#039;augmentation de la force. En raison de ses effets secondaires potentiels et de son usage d\u00e9tourn\u00e9, il est r\u00e9glement\u00e9 dans de nombreux pays.\" \/>\n<meta property=\"og:url\" content=\"https:\/\/gblexprimer.com\/nl\/product\/dianabol-10mg\/\" \/>\n<meta property=\"og:site_name\" content=\"GBL Exprimer\" \/>\n<meta property=\"article:modified_time\" content=\"2026-04-11T07:14:55+00:00\" \/>\n<meta property=\"og:image\" content=\"https:\/\/gblexprimer.com\/wp-content\/uploads\/2024\/11\/Dianabol-10mg.jpg\" \/>\n\t<meta property=\"og:image:width\" content=\"600\" \/>\n\t<meta property=\"og:image:height\" content=\"600\" \/>\n\t<meta property=\"og:image:type\" content=\"image\/jpeg\" \/>\n<meta name=\"twitter:card\" content=\"summary_large_image\" \/>\n<meta name=\"twitter:label1\" content=\"Geschatte leestijd\" \/>\n\t<meta name=\"twitter:data1\" content=\"4 minuten\" \/>\n<script type=\"application\/ld+json\" class=\"yoast-schema-graph\">{\"@context\":\"https:\/\/schema.org\",\"@graph\":[{\"@type\":\"WebPage\",\"@id\":\"https:\/\/gblexprimer.com\/product\/dianabol-10mg\/\",\"url\":\"https:\/\/gblexprimer.com\/product\/dianabol-10mg\/\",\"name\":\"Acheter du Dianabol 10 mg en ligne \u2013 Dianabol 10 mg \u00e0 vendre\",\"isPartOf\":{\"@id\":\"https:\/\/gblexprimer.com\/#website\"},\"primaryImageOfPage\":{\"@id\":\"https:\/\/gblexprimer.com\/product\/dianabol-10mg\/#primaryimage\"},\"image\":{\"@id\":\"https:\/\/gblexprimer.com\/product\/dianabol-10mg\/#primaryimage\"},\"thumbnailUrl\":\"https:\/\/gblexprimer.com\/wp-content\/uploads\/2024\/11\/Dianabol-10mg.jpg\",\"datePublished\":\"2024-11-27T10:09:34+00:00\",\"dateModified\":\"2026-04-11T07:14:55+00:00\",\"description\":\"Le Dianabol (m\u00e9thandrost\u00e9nolone) est un st\u00e9ro\u00efde anabolisant historiquement utilis\u00e9 pour favoriser la croissance musculaire et l'augmentation de la force. En raison de ses effets secondaires potentiels et de son usage d\u00e9tourn\u00e9, il est r\u00e9glement\u00e9 dans de nombreux pays.\",\"breadcrumb\":{\"@id\":\"https:\/\/gblexprimer.com\/product\/dianabol-10mg\/#breadcrumb\"},\"inLanguage\":\"nl-BE\",\"potentialAction\":[{\"@type\":\"ReadAction\",\"target\":[\"https:\/\/gblexprimer.com\/product\/dianabol-10mg\/\"]}]},{\"@type\":\"ImageObject\",\"inLanguage\":\"nl-BE\",\"@id\":\"https:\/\/gblexprimer.com\/product\/dianabol-10mg\/#primaryimage\",\"url\":\"https:\/\/gblexprimer.com\/wp-content\/uploads\/2024\/11\/Dianabol-10mg.jpg\",\"contentUrl\":\"https:\/\/gblexprimer.com\/wp-content\/uploads\/2024\/11\/Dianabol-10mg.jpg\",\"width\":600,\"height\":600,\"caption\":\"Dianabol-10mg\"},{\"@type\":\"BreadcrumbList\",\"@id\":\"https:\/\/gblexprimer.com\/product\/dianabol-10mg\/#breadcrumb\",\"itemListElement\":[{\"@type\":\"ListItem\",\"position\":1,\"name\":\"Home\",\"item\":\"https:\/\/gblexprimer.com\/\"},{\"@type\":\"ListItem\",\"position\":2,\"name\":\"Shop\",\"item\":\"https:\/\/gblexprimer.com\/shop\/\"},{\"@type\":\"ListItem\",\"position\":3,\"name\":\"Dianabol 10mg\"}]},{\"@type\":\"WebSite\",\"@id\":\"https:\/\/gblexprimer.com\/#website\",\"url\":\"https:\/\/gblexprimer.com\/\",\"name\":\"GBL Exprimer\",\"description\":\"\",\"publisher\":{\"@id\":\"https:\/\/gblexprimer.com\/#organization\"},\"potentialAction\":[{\"@type\":\"SearchAction\",\"target\":{\"@type\":\"EntryPoint\",\"urlTemplate\":\"https:\/\/gblexprimer.com\/?s={search_term_string}\"},\"query-input\":{\"@type\":\"PropertyValueSpecification\",\"valueRequired\":true,\"valueName\":\"search_term_string\"}}],\"inLanguage\":\"nl-BE\"},{\"@type\":\"Organization\",\"@id\":\"https:\/\/gblexprimer.com\/#organization\",\"name\":\"GBL Exprimer\",\"url\":\"https:\/\/gblexprimer.com\/\",\"logo\":{\"@type\":\"ImageObject\",\"inLanguage\":\"nl-BE\",\"@id\":\"https:\/\/gblexprimer.com\/#\/schema\/logo\/image\/\",\"url\":\"https:\/\/gblexprimer.com\/wp-content\/uploads\/2024\/01\/logo.png\",\"contentUrl\":\"https:\/\/gblexprimer.com\/wp-content\/uploads\/2024\/01\/logo.png\",\"width\":220,\"height\":80,\"caption\":\"GBL Exprimer\"},\"image\":{\"@id\":\"https:\/\/gblexprimer.com\/#\/schema\/logo\/image\/\"}}]}<\/script>\n<!-- \/ Yoast SEO plugin. -->","yoast_head_json":{"title":"Acheter du Dianabol 10 mg en ligne \u2013 Dianabol 10 mg \u00e0 vendre","description":"Le Dianabol (m\u00e9thandrost\u00e9nolone) est un st\u00e9ro\u00efde anabolisant historiquement utilis\u00e9 pour favoriser la croissance musculaire et l'augmentation de la force. En raison de ses effets secondaires potentiels et de son usage d\u00e9tourn\u00e9, il est r\u00e9glement\u00e9 dans de nombreux pays.","robots":{"index":"index","follow":"follow","max-snippet":"max-snippet:-1","max-image-preview":"max-image-preview:large","max-video-preview":"max-video-preview:-1"},"canonical":"https:\/\/gblexprimer.com\/nl\/product\/dianabol-10mg\/","og_locale":"nl_BE","og_type":"article","og_title":"Acheter du Dianabol 10 mg en ligne \u2013 Dianabol 10 mg \u00e0 vendre","og_description":"Le Dianabol (m\u00e9thandrost\u00e9nolone) est un st\u00e9ro\u00efde anabolisant historiquement utilis\u00e9 pour favoriser la croissance musculaire et l'augmentation de la force. En raison de ses effets secondaires potentiels et de son usage d\u00e9tourn\u00e9, il est r\u00e9glement\u00e9 dans de nombreux pays.","og_url":"https:\/\/gblexprimer.com\/nl\/product\/dianabol-10mg\/","og_site_name":"GBL Exprimer","article_modified_time":"2026-04-11T07:14:55+00:00","og_image":[{"width":600,"height":600,"url":"https:\/\/gblexprimer.com\/wp-content\/uploads\/2024\/11\/Dianabol-10mg.jpg","type":"image\/jpeg"}],"twitter_card":"summary_large_image","twitter_misc":{"Geschatte leestijd":"4 minuten"},"schema":{"@context":"https:\/\/schema.org","@graph":[{"@type":"WebPage","@id":"https:\/\/gblexprimer.com\/product\/dianabol-10mg\/","url":"https:\/\/gblexprimer.com\/product\/dianabol-10mg\/","name":"Acheter du Dianabol 10 mg en ligne \u2013 Dianabol 10 mg \u00e0 vendre","isPartOf":{"@id":"https:\/\/gblexprimer.com\/#website"},"primaryImageOfPage":{"@id":"https:\/\/gblexprimer.com\/product\/dianabol-10mg\/#primaryimage"},"image":{"@id":"https:\/\/gblexprimer.com\/product\/dianabol-10mg\/#primaryimage"},"thumbnailUrl":"https:\/\/gblexprimer.com\/wp-content\/uploads\/2024\/11\/Dianabol-10mg.jpg","datePublished":"2024-11-27T10:09:34+00:00","dateModified":"2026-04-11T07:14:55+00:00","description":"Le Dianabol (m\u00e9thandrost\u00e9nolone) est un st\u00e9ro\u00efde anabolisant historiquement utilis\u00e9 pour favoriser la croissance musculaire et l'augmentation de la force. En raison de ses effets secondaires potentiels et de son usage d\u00e9tourn\u00e9, il est r\u00e9glement\u00e9 dans de nombreux pays.","breadcrumb":{"@id":"https:\/\/gblexprimer.com\/product\/dianabol-10mg\/#breadcrumb"},"inLanguage":"nl-BE","potentialAction":[{"@type":"ReadAction","target":["https:\/\/gblexprimer.com\/product\/dianabol-10mg\/"]}]},{"@type":"ImageObject","inLanguage":"nl-BE","@id":"https:\/\/gblexprimer.com\/product\/dianabol-10mg\/#primaryimage","url":"https:\/\/gblexprimer.com\/wp-content\/uploads\/2024\/11\/Dianabol-10mg.jpg","contentUrl":"https:\/\/gblexprimer.com\/wp-content\/uploads\/2024\/11\/Dianabol-10mg.jpg","width":600,"height":600,"caption":"Dianabol-10mg"},{"@type":"BreadcrumbList","@id":"https:\/\/gblexprimer.com\/product\/dianabol-10mg\/#breadcrumb","itemListElement":[{"@type":"ListItem","position":1,"name":"Home","item":"https:\/\/gblexprimer.com\/"},{"@type":"ListItem","position":2,"name":"Shop","item":"https:\/\/gblexprimer.com\/shop\/"},{"@type":"ListItem","position":3,"name":"Dianabol 10mg"}]},{"@type":"WebSite","@id":"https:\/\/gblexprimer.com\/#website","url":"https:\/\/gblexprimer.com\/","name":"GBL Express","description":"","publisher":{"@id":"https:\/\/gblexprimer.com\/#organization"},"potentialAction":[{"@type":"SearchAction","target":{"@type":"EntryPoint","urlTemplate":"https:\/\/gblexprimer.com\/?s={search_term_string}"},"query-input":{"@type":"PropertyValueSpecification","valueRequired":true,"valueName":"search_term_string"}}],"inLanguage":"nl-BE"},{"@type":"Organization","@id":"https:\/\/gblexprimer.com\/#organization","name":"GBL Express","url":"https:\/\/gblexprimer.com\/","logo":{"@type":"ImageObject","inLanguage":"nl-BE","@id":"https:\/\/gblexprimer.com\/#\/schema\/logo\/image\/","url":"https:\/\/gblexprimer.com\/wp-content\/uploads\/2024\/01\/logo.png","contentUrl":"https:\/\/gblexprimer.com\/wp-content\/uploads\/2024\/01\/logo.png","width":220,"height":80,"caption":"GBL Exprimer"},"image":{"@id":"https:\/\/gblexprimer.com\/#\/schema\/logo\/image\/"}}]}},"_links":{"self":[{"href":"https:\/\/gblexprimer.com\/nl\/wp-json\/wp\/v2\/product\/5142","targetHints":{"allow":["GET"]}}],"collection":[{"href":"https:\/\/gblexprimer.com\/nl\/wp-json\/wp\/v2\/product"}],"about":[{"href":"https:\/\/gblexprimer.com\/nl\/wp-json\/wp\/v2\/types\/product"}],"replies":[{"embeddable":true,"href":"https:\/\/gblexprimer.com\/nl\/wp-json\/wp\/v2\/comments?post=5142"}],"wp:featuredmedia":[{"embeddable":true,"href":"https:\/\/gblexprimer.com\/nl\/wp-json\/wp\/v2\/media\/5269"}],"wp:attachment":[{"href":"https:\/\/gblexprimer.com\/nl\/wp-json\/wp\/v2\/media?parent=5142"}],"wp:term":[{"taxonomy":"product_brand","embeddable":true,"href":"https:\/\/gblexprimer.com\/nl\/wp-json\/wp\/v2\/product_brand?post=5142"},{"taxonomy":"product_cat","embeddable":true,"href":"https:\/\/gblexprimer.com\/nl\/wp-json\/wp\/v2\/product_cat?post=5142"},{"taxonomy":"product_tag","embeddable":true,"href":"https:\/\/gblexprimer.com\/nl\/wp-json\/wp\/v2\/product_tag?post=5142"}],"curies":[{"name":"wp","href":"https:\/\/api.w.org\/{rel}","templated":true}]}}