{"id":5145,"date":"2024-11-27T10:09:26","date_gmt":"2024-11-27T10:09:26","guid":{"rendered":"https:\/\/gblexprimer.com\/?post_type=product&#038;p=5145"},"modified":"2026-04-10T10:07:31","modified_gmt":"2026-04-10T10:07:31","slug":"deca-durabin-300mg","status":"publish","type":"product","link":"https:\/\/gblexprimer.com\/nl\/product\/deca-durabin-300mg\/","title":{"rendered":"Deca Durabin 300mg"},"content":{"rendered":"<h2>Deca Durabolin 300 mg \u2013 Bekend om spieropbouw en herstel.<\/h2>\n<p>Le <a href=\"https:\/\/gblexprimer.com\/nl\/product\/deca-durabin-300mg\/\"><strong>Deca Durabolin 300 mg<\/strong><\/a>Nandrolondecanoaat, waarvan nandrolon het actieve bestanddeel is, is een van de bekendste en meest besproken stoffen in de bodybuilding- en krachttrainingswereld. Het wordt met name gewaardeerd vanwege de langdurige werking en de ondersteuning van spiergroei en herstel na intensieve trainingssessies.<\/p>\n<p>Veel atleten associ\u00ebren Deca Durabolin met duurzame krachttoename en een verbeterd herstel. Een ander vaak genoemd voordeel is de vermeende ondersteuning van gewrichten en bindweefsel, wat vooral belangrijk is tijdens intensieve trainingen.<\/p>\n<p>Gr\u00e2ce \u00e0 sa lib\u00e9ration lente, le <a href=\"https:\/\/gblexprimer.com\/nl\/product\/xyrem-180-ml-met-500-mg-gamma-hydroxy-ghb-boter\/\">d\u00e9canoate de<\/a> nandrolone est souvent d\u00e9crit comme ayant un effet stable et constant. Cela le rend particuli\u00e8rement pertinent dans les discussions concernant les phases d&rsquo;entra\u00eenement \u00e0 long terme. Cependant, comme pour toutes les substances am\u00e9liorant la performance, il est essentiel de s&rsquo;informer, de faire preuve de responsabilit\u00e9 et de suivre une formation ad\u00e9quate en mati\u00e8re de sant\u00e9.<\/p>\n<h3>Bijwerkingen van Deca Durabolin<\/h3>\n<p>Alle online reviews van Deca Durabolin geven aan dat deze stero\u00efde veilig is. Om uw gezondheid te beschermen, is het uiteraard essentieel om de aanbevolen doseringen aan te houden. De enige contra-indicatie voor het gebruik van Deca is afstoting van de werkzame stof door het lichaam. Veiligheid is dan ook een belangrijke factor geworden in de populariteit van deze stero\u00efde. Bovendien is het nu mogelijk om Deca Durabolin te kopen bij gespecialiseerde apotheken, zoals onze online apotheek. <a href=\"https:\/\/gblexprimer.com\/nl\/\"><strong>GBLExpress<\/strong><\/a><\/p>\n<h3>Post-cycle therapie (PCT)<\/h3>\n<p>Na een Deca-kuur is post-cycle therapie (PCT) essentieel. Deze hersteltherapie begint twee weken na de laatste injectie. Zoals gebruikelijk bij PCT, kunnen Tamoxifen of Clomid gedurende deze periode worden gebruikt voor optimaal hormonaal herstel. Als je na een langdurige Deca-kuur moeite hebt om je natuurlijke hormoonspiegel te herstellen, kun je overwegen om gonadotropinen, zoals hCG, aan je herstelkuur toe te voegen.<\/p>\n<p>Dit zorgt ervoor dat u sneller herstelt na lange of intensieve anabole cycli. In de sectie Deca Durabolin-injecties vindt u producten van andere fabrikanten. We raden u ook aan om onze volledige sectie over injecteerbare stero\u00efden te raadplegen. De levering van Deca 300 in de Verenigde Staten duurt 5 tot 12 werkdagen. Neem bij problemen gerust contact op met onze klantenservice.<\/p>\n<h3>Waarom kiezen voor Deca Durabolin?<\/h3>\n<p><a href=\"https:\/\/en.wikipedia.org\/wiki\/Nandrolone_decanoate\">Deca Durabolin<\/a> Deca Durabolin is een van de meest betrouwbare anabole stero\u00efden voor het opbouwen van spiermassa, het verbeteren van kracht en het bevorderen van gewrichtsherstel. Koop Deca Durabolin online bij een vertrouwde leverancier voor topkwaliteit en snelle, discrete levering. Bij correct gebruik kan Deca Durabolin u helpen aanzienlijke winst te behalen in kracht, omvang en algehele prestaties.<\/p>","protected":false},"excerpt":{"rendered":"<p>Deca Durabolin 300 mg \u2013 Reconnu pour la construction musculaire et la r\u00e9cup\u00e9ration Le Deca Durabolin 300 mg, dont le principe actif est le d\u00e9canoate de nandrolone, est l&rsquo;une des substances les plus connues et les plus discut\u00e9es dans le milieu du bodybuilding et de la musculation. Il est particuli\u00e8rement appr\u00e9ci\u00e9 pour ses effets prolong\u00e9s [&hellip;]<\/p>","protected":false},"featured_media":5261,"comment_status":"open","ping_status":"closed","template":"","meta":{"site-sidebar-layout":"default","site-content-layout":"","ast-site-content-layout":"default","site-content-style":"default","site-sidebar-style":"default","ast-global-header-display":"","ast-banner-title-visibility":"","ast-main-header-display":"","ast-hfb-above-header-display":"","ast-hfb-below-header-display":"","ast-hfb-mobile-header-display":"","site-post-title":"","ast-breadcrumbs-content":"","ast-featured-img":"","footer-sml-layout":"","theme-transparent-header-meta":"default","adv-header-id-meta":"","stick-header-meta":"","header-above-stick-meta":"","header-main-stick-meta":"","header-below-stick-meta":"","astra-migrate-meta-layouts":"set","ast-page-background-enabled":"default","ast-page-background-meta":{"desktop":{"background-color":"","background-image":"","background-repeat":"repeat","background-position":"center center","background-size":"auto","background-attachment":"scroll","background-type":"","background-media":"","overlay-type":"","overlay-color":"","overlay-opacity":"","overlay-gradient":""},"tablet":{"background-color":"","background-image":"","background-repeat":"repeat","background-position":"center center","background-size":"auto","background-attachment":"scroll","background-type":"","background-media":"","overlay-type":"","overlay-color":"","overlay-opacity":"","overlay-gradient":""},"mobile":{"background-color":"","background-image":"","background-repeat":"repeat","background-position":"center center","background-size":"auto","background-attachment":"scroll","background-type":"","background-media":"","overlay-type":"","overlay-color":"","overlay-opacity":"","overlay-gradient":""}},"ast-content-background-meta":{"desktop":{"background-color":"var(--ast-global-color-5)","background-image":"","background-repeat":"repeat","background-position":"center center","background-size":"auto","background-attachment":"scroll","background-type":"","background-media":"","overlay-type":"","overlay-color":"","overlay-opacity":"","overlay-gradient":""},"tablet":{"background-color":"var(--ast-global-color-5)","background-image":"","background-repeat":"repeat","background-position":"center center","background-size":"auto","background-attachment":"scroll","background-type":"","background-media":"","overlay-type":"","overlay-color":"","overlay-opacity":"","overlay-gradient":""},"mobile":{"background-color":"var(--ast-global-color-5)","background-image":"","background-repeat":"repeat","background-position":"center center","background-size":"auto","background-attachment":"scroll","background-type":"","background-media":"","overlay-type":"","overlay-color":"","overlay-opacity":"","overlay-gradient":""}},"_joinchat":[]},"product_brand":[],"product_cat":[583],"product_tag":[],"class_list":{"0":"post-5145","1":"product","2":"type-product","3":"status-publish","4":"has-post-thumbnail","6":"product_cat-steroids","7":"desktop-align-left","8":"tablet-align-left","9":"mobile-align-left","11":"first","12":"instock","13":"shipping-taxable","14":"purchasable","15":"product-type-variable"},"yoast_head":"<!-- This site is optimized with the Yoast SEO plugin v26.9 - https:\/\/yoast.com\/product\/yoast-seo-wordpress\/ -->\n<title>Achetez Deca Durabin 300mg en ligne | Gblexprimer<\/title>\n<meta name=\"description\" content=\"Achetez du Deca Durabin en ligne. Ce produit contient de la nandrolone, un compos\u00e9 anabolisant utilis\u00e9 dans certains traitements m\u00e9dicaux et pour am\u00e9liorer les performances. D\u00e9couvrez ses propri\u00e9t\u00e9s, ses effets et son origine pharmaceutique.\" \/>\n<meta name=\"robots\" content=\"index, follow, max-snippet:-1, max-image-preview:large, max-video-preview:-1\" \/>\n<link rel=\"canonical\" href=\"https:\/\/gblexprimer.com\/nl\/product\/deca-durabin-300mg\/\" \/>\n<meta property=\"og:locale\" content=\"nl_BE\" \/>\n<meta property=\"og:type\" content=\"article\" \/>\n<meta property=\"og:title\" content=\"Achetez Deca Durabin 300mg en ligne | Gblexprimer\" \/>\n<meta property=\"og:description\" content=\"Achetez du Deca Durabin en ligne. Ce produit contient de la nandrolone, un compos\u00e9 anabolisant utilis\u00e9 dans certains traitements m\u00e9dicaux et pour am\u00e9liorer les performances. D\u00e9couvrez ses propri\u00e9t\u00e9s, ses effets et son origine pharmaceutique.\" \/>\n<meta property=\"og:url\" content=\"https:\/\/gblexprimer.com\/nl\/product\/deca-durabin-300mg\/\" \/>\n<meta property=\"og:site_name\" content=\"GBL Exprimer\" \/>\n<meta property=\"article:modified_time\" content=\"2026-04-10T10:07:31+00:00\" \/>\n<meta property=\"og:image\" content=\"https:\/\/gblexprimer.com\/wp-content\/uploads\/2024\/11\/Deca-Durabin.jpg\" \/>\n\t<meta property=\"og:image:width\" content=\"600\" \/>\n\t<meta property=\"og:image:height\" content=\"600\" \/>\n\t<meta property=\"og:image:type\" content=\"image\/jpeg\" \/>\n<meta name=\"twitter:card\" content=\"summary_large_image\" \/>\n<meta name=\"twitter:label1\" content=\"Geschatte leestijd\" \/>\n\t<meta name=\"twitter:data1\" content=\"3 minuten\" \/>\n<script type=\"application\/ld+json\" class=\"yoast-schema-graph\">{\"@context\":\"https:\/\/schema.org\",\"@graph\":[{\"@type\":\"WebPage\",\"@id\":\"https:\/\/gblexprimer.com\/product\/deca-durabin-300mg\/\",\"url\":\"https:\/\/gblexprimer.com\/product\/deca-durabin-300mg\/\",\"name\":\"Achetez Deca Durabin 300mg en ligne | Gblexprimer\",\"isPartOf\":{\"@id\":\"https:\/\/gblexprimer.com\/#website\"},\"primaryImageOfPage\":{\"@id\":\"https:\/\/gblexprimer.com\/product\/deca-durabin-300mg\/#primaryimage\"},\"image\":{\"@id\":\"https:\/\/gblexprimer.com\/product\/deca-durabin-300mg\/#primaryimage\"},\"thumbnailUrl\":\"https:\/\/gblexprimer.com\/wp-content\/uploads\/2024\/11\/Deca-Durabin.jpg\",\"datePublished\":\"2024-11-27T10:09:26+00:00\",\"dateModified\":\"2026-04-10T10:07:31+00:00\",\"description\":\"Achetez du Deca Durabin en ligne. Ce produit contient de la nandrolone, un compos\u00e9 anabolisant utilis\u00e9 dans certains traitements m\u00e9dicaux et pour am\u00e9liorer les performances. D\u00e9couvrez ses propri\u00e9t\u00e9s, ses effets et son origine pharmaceutique.\",\"breadcrumb\":{\"@id\":\"https:\/\/gblexprimer.com\/product\/deca-durabin-300mg\/#breadcrumb\"},\"inLanguage\":\"nl-BE\",\"potentialAction\":[{\"@type\":\"ReadAction\",\"target\":[\"https:\/\/gblexprimer.com\/product\/deca-durabin-300mg\/\"]}]},{\"@type\":\"ImageObject\",\"inLanguage\":\"nl-BE\",\"@id\":\"https:\/\/gblexprimer.com\/product\/deca-durabin-300mg\/#primaryimage\",\"url\":\"https:\/\/gblexprimer.com\/wp-content\/uploads\/2024\/11\/Deca-Durabin.jpg\",\"contentUrl\":\"https:\/\/gblexprimer.com\/wp-content\/uploads\/2024\/11\/Deca-Durabin.jpg\",\"width\":600,\"height\":600,\"caption\":\"Deca-Durabin\"},{\"@type\":\"BreadcrumbList\",\"@id\":\"https:\/\/gblexprimer.com\/product\/deca-durabin-300mg\/#breadcrumb\",\"itemListElement\":[{\"@type\":\"ListItem\",\"position\":1,\"name\":\"Home\",\"item\":\"https:\/\/gblexprimer.com\/\"},{\"@type\":\"ListItem\",\"position\":2,\"name\":\"Shop\",\"item\":\"https:\/\/gblexprimer.com\/shop\/\"},{\"@type\":\"ListItem\",\"position\":3,\"name\":\"Deca Durabin 300mg\"}]},{\"@type\":\"WebSite\",\"@id\":\"https:\/\/gblexprimer.com\/#website\",\"url\":\"https:\/\/gblexprimer.com\/\",\"name\":\"GBL Exprimer\",\"description\":\"\",\"publisher\":{\"@id\":\"https:\/\/gblexprimer.com\/#organization\"},\"potentialAction\":[{\"@type\":\"SearchAction\",\"target\":{\"@type\":\"EntryPoint\",\"urlTemplate\":\"https:\/\/gblexprimer.com\/?s={search_term_string}\"},\"query-input\":{\"@type\":\"PropertyValueSpecification\",\"valueRequired\":true,\"valueName\":\"search_term_string\"}}],\"inLanguage\":\"nl-BE\"},{\"@type\":\"Organization\",\"@id\":\"https:\/\/gblexprimer.com\/#organization\",\"name\":\"GBL Exprimer\",\"url\":\"https:\/\/gblexprimer.com\/\",\"logo\":{\"@type\":\"ImageObject\",\"inLanguage\":\"nl-BE\",\"@id\":\"https:\/\/gblexprimer.com\/#\/schema\/logo\/image\/\",\"url\":\"https:\/\/gblexprimer.com\/wp-content\/uploads\/2024\/01\/logo.png\",\"contentUrl\":\"https:\/\/gblexprimer.com\/wp-content\/uploads\/2024\/01\/logo.png\",\"width\":220,\"height\":80,\"caption\":\"GBL Exprimer\"},\"image\":{\"@id\":\"https:\/\/gblexprimer.com\/#\/schema\/logo\/image\/\"}}]}<\/script>\n<!-- \/ Yoast SEO plugin. -->","yoast_head_json":{"title":"Achetez Deca Durabin 300mg en ligne | Gblexprimer","description":"Achetez du Deca Durabin en ligne. Ce produit contient de la nandrolone, un compos\u00e9 anabolisant utilis\u00e9 dans certains traitements m\u00e9dicaux et pour am\u00e9liorer les performances. D\u00e9couvrez ses propri\u00e9t\u00e9s, ses effets et son origine pharmaceutique.","robots":{"index":"index","follow":"follow","max-snippet":"max-snippet:-1","max-image-preview":"max-image-preview:large","max-video-preview":"max-video-preview:-1"},"canonical":"https:\/\/gblexprimer.com\/nl\/product\/deca-durabin-300mg\/","og_locale":"nl_BE","og_type":"article","og_title":"Achetez Deca Durabin 300mg en ligne | Gblexprimer","og_description":"Achetez du Deca Durabin en ligne. Ce produit contient de la nandrolone, un compos\u00e9 anabolisant utilis\u00e9 dans certains traitements m\u00e9dicaux et pour am\u00e9liorer les performances. D\u00e9couvrez ses propri\u00e9t\u00e9s, ses effets et son origine pharmaceutique.","og_url":"https:\/\/gblexprimer.com\/nl\/product\/deca-durabin-300mg\/","og_site_name":"GBL Exprimer","article_modified_time":"2026-04-10T10:07:31+00:00","og_image":[{"width":600,"height":600,"url":"https:\/\/gblexprimer.com\/wp-content\/uploads\/2024\/11\/Deca-Durabin.jpg","type":"image\/jpeg"}],"twitter_card":"summary_large_image","twitter_misc":{"Geschatte leestijd":"3 minuten"},"schema":{"@context":"https:\/\/schema.org","@graph":[{"@type":"WebPage","@id":"https:\/\/gblexprimer.com\/product\/deca-durabin-300mg\/","url":"https:\/\/gblexprimer.com\/product\/deca-durabin-300mg\/","name":"Achetez Deca Durabin 300mg en ligne | Gblexprimer","isPartOf":{"@id":"https:\/\/gblexprimer.com\/#website"},"primaryImageOfPage":{"@id":"https:\/\/gblexprimer.com\/product\/deca-durabin-300mg\/#primaryimage"},"image":{"@id":"https:\/\/gblexprimer.com\/product\/deca-durabin-300mg\/#primaryimage"},"thumbnailUrl":"https:\/\/gblexprimer.com\/wp-content\/uploads\/2024\/11\/Deca-Durabin.jpg","datePublished":"2024-11-27T10:09:26+00:00","dateModified":"2026-04-10T10:07:31+00:00","description":"Achetez du Deca Durabin en ligne. Ce produit contient de la nandrolone, un compos\u00e9 anabolisant utilis\u00e9 dans certains traitements m\u00e9dicaux et pour am\u00e9liorer les performances. D\u00e9couvrez ses propri\u00e9t\u00e9s, ses effets et son origine pharmaceutique.","breadcrumb":{"@id":"https:\/\/gblexprimer.com\/product\/deca-durabin-300mg\/#breadcrumb"},"inLanguage":"nl-BE","potentialAction":[{"@type":"ReadAction","target":["https:\/\/gblexprimer.com\/product\/deca-durabin-300mg\/"]}]},{"@type":"ImageObject","inLanguage":"nl-BE","@id":"https:\/\/gblexprimer.com\/product\/deca-durabin-300mg\/#primaryimage","url":"https:\/\/gblexprimer.com\/wp-content\/uploads\/2024\/11\/Deca-Durabin.jpg","contentUrl":"https:\/\/gblexprimer.com\/wp-content\/uploads\/2024\/11\/Deca-Durabin.jpg","width":600,"height":600,"caption":"Deca-Durabin"},{"@type":"BreadcrumbList","@id":"https:\/\/gblexprimer.com\/product\/deca-durabin-300mg\/#breadcrumb","itemListElement":[{"@type":"ListItem","position":1,"name":"Home","item":"https:\/\/gblexprimer.com\/"},{"@type":"ListItem","position":2,"name":"Shop","item":"https:\/\/gblexprimer.com\/shop\/"},{"@type":"ListItem","position":3,"name":"Deca Durabin 300mg"}]},{"@type":"WebSite","@id":"https:\/\/gblexprimer.com\/#website","url":"https:\/\/gblexprimer.com\/","name":"GBL Express","description":"","publisher":{"@id":"https:\/\/gblexprimer.com\/#organization"},"potentialAction":[{"@type":"SearchAction","target":{"@type":"EntryPoint","urlTemplate":"https:\/\/gblexprimer.com\/?s={search_term_string}"},"query-input":{"@type":"PropertyValueSpecification","valueRequired":true,"valueName":"search_term_string"}}],"inLanguage":"nl-BE"},{"@type":"Organization","@id":"https:\/\/gblexprimer.com\/#organization","name":"GBL Express","url":"https:\/\/gblexprimer.com\/","logo":{"@type":"ImageObject","inLanguage":"nl-BE","@id":"https:\/\/gblexprimer.com\/#\/schema\/logo\/image\/","url":"https:\/\/gblexprimer.com\/wp-content\/uploads\/2024\/01\/logo.png","contentUrl":"https:\/\/gblexprimer.com\/wp-content\/uploads\/2024\/01\/logo.png","width":220,"height":80,"caption":"GBL Exprimer"},"image":{"@id":"https:\/\/gblexprimer.com\/#\/schema\/logo\/image\/"}}]}},"_links":{"self":[{"href":"https:\/\/gblexprimer.com\/nl\/wp-json\/wp\/v2\/product\/5145","targetHints":{"allow":["GET"]}}],"collection":[{"href":"https:\/\/gblexprimer.com\/nl\/wp-json\/wp\/v2\/product"}],"about":[{"href":"https:\/\/gblexprimer.com\/nl\/wp-json\/wp\/v2\/types\/product"}],"replies":[{"embeddable":true,"href":"https:\/\/gblexprimer.com\/nl\/wp-json\/wp\/v2\/comments?post=5145"}],"wp:featuredmedia":[{"embeddable":true,"href":"https:\/\/gblexprimer.com\/nl\/wp-json\/wp\/v2\/media\/5261"}],"wp:attachment":[{"href":"https:\/\/gblexprimer.com\/nl\/wp-json\/wp\/v2\/media?parent=5145"}],"wp:term":[{"taxonomy":"product_brand","embeddable":true,"href":"https:\/\/gblexprimer.com\/nl\/wp-json\/wp\/v2\/product_brand?post=5145"},{"taxonomy":"product_cat","embeddable":true,"href":"https:\/\/gblexprimer.com\/nl\/wp-json\/wp\/v2\/product_cat?post=5145"},{"taxonomy":"product_tag","embeddable":true,"href":"https:\/\/gblexprimer.com\/nl\/wp-json\/wp\/v2\/product_tag?post=5145"}],"curies":[{"name":"wp","href":"https:\/\/api.w.org\/{rel}","templated":true}]}}