{"id":74,"date":"2023-12-26T07:26:45","date_gmt":"2023-12-26T07:26:45","guid":{"rendered":"https:\/\/cannasmed.com\/gbl\/?post_type=product&#038;p=74"},"modified":"2026-04-13T07:22:56","modified_gmt":"2026-04-13T07:22:56","slug":"100-gram-mdma-rocks-queens","status":"publish","type":"product","link":"https:\/\/gblexprimer.com\/nl\/product\/100-gram-mdma-rocks-queens\/","title":{"rendered":"100 gram MDMA Stenen"},"content":{"rendered":"<h2>100 gram koninginnen MDMA Rocks online kopen<\/h2>\n<h3>De ultieme MDMA-ervaring met PURE 100G MDMA ROCKS!<\/h3>\n<p>Ben je klaar om het best mogelijke feest te organiseren? Koop <a href=\"https:\/\/gblexprimer.com\/nl\/product\/100-gram-mdma-rocks-queens\/\">PURE MDMA ROCK 100G<\/a> nu! Wij bieden de puurste en beste 100G MDMA PURE STONE op de markt. Elke steen is vakkundig gemaakt voor een verbazingwekkende, euforische ervaring die je naar meer laat verlangen.<a href=\"https:\/\/gblexpress.com\/\">.<\/a><\/p>\n<h3>Waar kan ik PURE MDMA ROCKS 100g kopen?<\/h3>\n<p>Voor de beste stenen <a href=\"https:\/\/en.wikipedia.org\/wiki\/MDMA\">MDMA<\/a>Zoek niet verder dan example.com \u2014 uw alles-in-\u00e9\u00e9n adres. Naast een ruime selectie van andere hoogwaardige producten, bieden wij u graag pure MDMA-kristallen van 100 gram aan. U kunt uw aankoop eenvoudig doen op example.com, ons gebruiksvriendelijke en beveiligde platform. MDMA \u2014 vaak aangeduid als ecstasy of Molly \u2014 komt soms voor in de vorm van kristallen of 'brokken'. Deze uitgebreide gids biedt feitelijke en wetenschappelijke informatie voor educatieve doeleinden. Wij gaan in op veelgestelde vragen met betrekking tot de zuiverheid, de effecten en cruciale maatregelen ter beperking van risico's. Dit is geen bron voor het kopen of bestellen van MDMA-kristallen.<\/p>\n<h2 class=\"ds-markdown-paragraph\"><strong>Wat is een steen van MDMA? Vorm en kwaliteit<\/strong><\/h2>\n<p class=\"ds-markdown-paragraph\"><strong><a href=\"https:\/\/www.drugs.com\/illicit\/mdma.html\">MDMA<\/a><\/strong> stenen zijn de kristallijne vorm van 3,4-methyleendioxymethamfetamine. In tegenstelling tot tabletten wordt deze vorm vaak aangeboden als<\/p>\n<ul>\n<li>\n<p class=\"ds-markdown-paragraph\">Uiterlijk: Over het algemeen gebroken witte tot lichtbruine kristallen of gesteente.<\/p>\n<\/li>\n<li>\n<p class=\"ds-markdown-paragraph\">De mythe van 'zuiverheid': Geen enkele illegale drug is gegarandeerd zuiver. 'Originele' MDMA is zeldzaam; de kristallen worden vaak versneden met stoffen zoals methamfetamine, cafe\u00efne of synthetische cathinonen ('badzout').<\/p>\n<\/li>\n<li>\n<p class=\"ds-markdown-paragraph\">Keyword-inzicht: Zoekopdrachten zoals \"hoe herken je pure MDMA\" of \"kwalitatieve MDMA-kristallen\" tonen aan dat gebruikers zich zorgen maken over de veiligheid. De enige manier om de inhoud te verifi\u00ebren, is door middel van een reagenstest (zie hieronder).<\/p>\n<\/li>\n<\/ul>\n<h3 class=\"ds-markdown-paragraph\"><strong>\u00a0Effecten en gevaren: wat de wetenschap zegt<\/strong><br \/>\nInzicht in de effecten is cruciaal.<\/h3>\n<ul>\n<li>\n<p class=\"ds-markdown-paragraph\">Gewenste effecten: Gevoelens van euforie en emotionele openheid, toegenomen energie en een verhoogde tastwaarneming.<\/p>\n<\/li>\n<li>\n<p class=\"ds-markdown-paragraph\">Oververhitting (hyperthermie), uitdroging, hyponatri\u00ebmie (watervergiftiging), kaakklemmen, angst.<\/p>\n<\/li>\n<li>\n<p class=\"ds-markdown-paragraph\">Neurotoxiciteit, serotoninesyndroom, ernstige \u00abdownhill\u00bb depressie. De risico's worden vermenigvuldigd met<\/p>\n<\/li>\n<\/ul>\n<h3 class=\"ds-markdown-paragraph\"><strong>Risicovermindering: Hoe de gevaren verminderen (indien gebruikt)<\/strong><\/h3>\n<p class=\"ds-markdown-paragraph\">Als iemand ervoor kiest om ondanks de risico's toch te consumeren, kunnen deze stappen de schade beperken.<\/p>\n<ul>\n<li>\n<p class=\"ds-markdown-paragraph\">Test je middel: De belangrijkste stap. Gebruik meerdere testkits (Marquis, Mecke, Simon) om te controleren op de aanwezigheid van MDMA en veelvoorkomende versnijdingsmiddelen. \"Hoe test je een brok MDMA\" is een essenti\u00eble zoekopdracht.<\/p>\n<\/li>\n<li>\n<p class=\"ds-markdown-paragraph\">Begin met een lage dosis (bijvoorbeeld 80-120 mg). De kracht van een<\/p>\n<\/li>\n<li>\n<p class=\"ds-markdown-paragraph\">Neem pauzes, drink regelmatig water (ongeveer 500 ml per uur), maar niet te veel.<\/p>\n<\/li>\n<li>\n<p class=\"ds-markdown-paragraph\">Omring jezelf met mensen die je vertrouwt.<\/p>\n<\/li>\n<\/ul>\n<h4 class=\"ds-markdown-paragraph\"><strong>\u00a0Antwoorden op veelgestelde vragen (FAQ)<\/strong><\/h4>\n<ul>\n<li>\n<p class=\"ds-markdown-paragraph\">\"Waar kan ik pure MDMA-kristallen kopen?\" \/ \"MDMA-kristallen te koop?\" Wij kunnen en zullen dit niet doen. <a href=\"https:\/\/gblexprimer.com\/nl\/product\/gbl-online-winkelen\/\">Wij verstrekken deze informatie niet.<\/a>drugs kopen brengt extreme juridische risico's met zich mee en een grote kans om opgelicht te worden of gevaarlijke producten te ontvangen.<\/p>\n<\/li>\n<li>\n<p class=\"ds-markdown-paragraph\">Over het algemeen wordt het gesteente vermalen tot een poeder en oraal ingenomen. Dosering is cruciaal.<\/p>\n<\/li>\n<li>\n<p class=\"ds-markdown-paragraph\">\"Originele MDMA-kristallen online bestellen\"? Er bestaat geen veilige manier om illegale middelen te bestellen. Elke website die \"pure\" en \"originele\" MDMA belooft, is waarschijnlijk oplichterij of verkoopt gevaarlijkere chemicali\u00ebn.<\/p>\n<\/li>\n<li>\n<p class=\"ds-markdown-paragraph\">\"Goedkope MDMA-brokken\" \/ \"Kwaliteits-MDMA te koop\": Het streven naar een lage prijs of vermeende hoge kwaliteit vergroot de gezondheidsrisico's drastisch. Er bestaat niet zoiets als een \"goede deal\" in deze illegale context.<\/p>\n<\/li>\n<\/ul>\n<h3 class=\"ds-markdown-paragraph\">Conclusie (H2) : Informatie is de beste bescherming<\/h3>\n<p class=\"ds-markdown-paragraph\">De zoektocht naar informatie over MDMA-kristallen vloeit vaak voort uit de behoefte aan kwaliteitscontrole en veiligheid. De meest effectieve manier om veilig te blijven, is afzien van het gebruik van illegale drugs. Mocht u er toch voor kiezen om te gebruiken, dan zijn verplichte testen en ge\u00efnformeerde schadebeperking ononderhandelbaar. Uw gezondheid en juridische veiligheid staan \u200b\u200bvoorop.<a href=\"https:\/\/gblexprimer.com\/nl\/\">GblExpress.<\/a> <a href=\"https:\/\/gblexprimer.com\/nl\/product\/100-gram-mdma-rocks-queens\/\">Exp\u00e9dition rapide disponible<\/a><\/p>","protected":false},"excerpt":{"rendered":"<p><strong>MDMA is geweldig<\/strong>ook bekend als<strong>ecstasy in kristalvorm<\/strong>is een populaire psychoactieve verbinding in de fenethylamine klasse. Bekend om zijn stimulerende en empathogene effecten <strong>MDMA is geweldig<\/strong> wordt veel gebruikt in wetenschappelijk en farmacologisch onderzoek om de interacties met neurotransmitters en mogelijke therapeutische toepassingen te begrijpen.<\/p>\n<h3><strong>Hoe werkt MDMA Rocks?<\/strong><\/h3>\n<p>Le <strong>MDMA<\/strong> werkt voornamelijk in op de serotonerge, dopaminerge en noradrenerge systemen en verhoogt de afgifte van neurotransmitters terwijl het de heropname ervan remt. Deze interactie leidt tot intense hersenstimulatie en gevoelens van euforie, energie en emotionele verbondenheid.<\/p>\n<ul>\n<li><strong>Belangrijkste effecten :<\/strong> Euforie, mentale stimulatie en meer empathie.<\/li>\n<li><strong>Begin van de effecten :<\/strong> 20 tot 60 minuten na inname.<\/li>\n<li><strong>Duur:<\/strong> 4 tot 6 uur.<\/li>\n<\/ul>\n<h3><strong>Formule en gegevens<\/strong><\/h3>\n<ul>\n<li><strong>Chemische naam :<\/strong> 3,4-Methyleendioxymethamfetamine<\/li>\n<li><strong>Molecuulformule :<\/strong> C11H15NO2<\/li>\n<li><strong>Molecuulgewicht :<\/strong> 193,25 g\/mol<\/li>\n<\/ul>","protected":false},"featured_media":89,"comment_status":"open","ping_status":"closed","template":"","meta":{"site-sidebar-layout":"default","site-content-layout":"","ast-site-content-layout":"default","site-content-style":"default","site-sidebar-style":"default","ast-global-header-display":"","ast-banner-title-visibility":"","ast-main-header-display":"","ast-hfb-above-header-display":"","ast-hfb-below-header-display":"","ast-hfb-mobile-header-display":"","site-post-title":"","ast-breadcrumbs-content":"","ast-featured-img":"","footer-sml-layout":"","theme-transparent-header-meta":"default","adv-header-id-meta":"","stick-header-meta":"","header-above-stick-meta":"","header-main-stick-meta":"","header-below-stick-meta":"","astra-migrate-meta-layouts":"set","ast-page-background-enabled":"default","ast-page-background-meta":{"desktop":{"background-color":"","background-image":"","background-repeat":"repeat","background-position":"center center","background-size":"auto","background-attachment":"scroll","background-type":"","background-media":"","overlay-type":"","overlay-color":"","overlay-opacity":"","overlay-gradient":""},"tablet":{"background-color":"","background-image":"","background-repeat":"repeat","background-position":"center center","background-size":"auto","background-attachment":"scroll","background-type":"","background-media":"","overlay-type":"","overlay-color":"","overlay-opacity":"","overlay-gradient":""},"mobile":{"background-color":"","background-image":"","background-repeat":"repeat","background-position":"center center","background-size":"auto","background-attachment":"scroll","background-type":"","background-media":"","overlay-type":"","overlay-color":"","overlay-opacity":"","overlay-gradient":""}},"ast-content-background-meta":{"desktop":{"background-color":"var(--ast-global-color-5)","background-image":"","background-repeat":"repeat","background-position":"center center","background-size":"auto","background-attachment":"scroll","background-type":"","background-media":"","overlay-type":"","overlay-color":"","overlay-opacity":"","overlay-gradient":""},"tablet":{"background-color":"var(--ast-global-color-5)","background-image":"","background-repeat":"repeat","background-position":"center center","background-size":"auto","background-attachment":"scroll","background-type":"","background-media":"","overlay-type":"","overlay-color":"","overlay-opacity":"","overlay-gradient":""},"mobile":{"background-color":"var(--ast-global-color-5)","background-image":"","background-repeat":"repeat","background-position":"center center","background-size":"auto","background-attachment":"scroll","background-type":"","background-media":"","overlay-type":"","overlay-color":"","overlay-opacity":"","overlay-gradient":""}},"_joinchat":[]},"product_brand":[],"product_cat":[84,141],"product_tag":[496,497,499,489,493,491,495,508,507,278,500,502,501,503,494,498,505,504,506,488,490,492,510,509],"class_list":{"0":"post-74","1":"product","2":"type-product","3":"status-publish","4":"has-post-thumbnail","6":"product_cat-ko-drops","7":"product_cat-sex-meth","8":"product_tag-acheter-des-cristaux-de-mdma-en-ligne","9":"product_tag-acheter-des-cristaux-de-mdma-pas-cher-en-ligne","10":"product_tag-acheter-mdma-rocks-aux-usa","11":"product_tag-acheter-mdma-rocks-en-ligne","12":"product_tag-acheter-mdma-rocks-en-ue","13":"product_tag-commander-des-cristaux-de-mdma","14":"product_tag-commander-des-cristaux-de-mdma-en-ligne","15":"product_tag-comment-acheter-des-cristaux-de-mdma-en-ligne","16":"product_tag-comment-commander-des-cristaux-de-mdma","17":"product_tag-cristaux-de-mdma","18":"product_tag-cristaux-de-mdma-a-vendre","19":"product_tag-cristaux-de-mdma-a-vendre-au-royaume-uni","20":"product_tag-cristaux-de-mdma-a-vendre-aux-usa","21":"product_tag-cristaux-de-mdma-a-vendre-en-ligne","22":"product_tag-cristaux-de-mdma-en-ligne","23":"product_tag-cristaux-et-poudre-de-mdma","24":"product_tag-fournisseur-de-mdma-rocks-aux-usa-en-ligne","25":"product_tag-fournisseur-legitime-de-cristaux-de-mdma","26":"product_tag-fournisseur-mondial-de-cristaux-de-mdma-en-ligne","27":"product_tag-mdma-rocks","28":"product_tag-mdma-rocks-a-vendre-en-ligne","29":"product_tag-mdma-rocks-dubai","30":"product_tag-ou-acheter-des-cristaux-de-mdma-en-gros","31":"product_tag-ou-acheter-des-cristaux-de-mdma-en-ligne","32":"desktop-align-left","33":"tablet-align-left","34":"mobile-align-left","36":"first","37":"instock","38":"shipping-taxable","39":"purchasable","40":"product-type-variable"},"yoast_head":"<!-- This site is optimized with the Yoast SEO plugin v26.9 - https:\/\/yoast.com\/product\/yoast-seo-wordpress\/ -->\n<title>Acheter MDMA Rocks Pure en Ligne | GbleExprimer<\/title>\n<meta name=\"description\" content=\"Vous cherchez des infos sur les rochers de MDMA ? Guide sur la qualit\u00e9, la puret\u00e9, les effets et les pratiques essentielles de r\u00e9duction des risques. Pas une source pour acheter ou commander.\" \/>\n<meta name=\"robots\" content=\"index, follow, max-snippet:-1, max-image-preview:large, max-video-preview:-1\" \/>\n<link rel=\"canonical\" href=\"https:\/\/gblexprimer.com\/nl\/product\/100-gram-mdma-rocks-queens\/\" \/>\n<meta property=\"og:locale\" content=\"nl_BE\" \/>\n<meta property=\"og:type\" content=\"article\" \/>\n<meta property=\"og:title\" content=\"Acheter MDMA Rocks Pure en Ligne | GbleExprimer\" \/>\n<meta property=\"og:description\" content=\"Vous cherchez des infos sur les rochers de MDMA ? Guide sur la qualit\u00e9, la puret\u00e9, les effets et les pratiques essentielles de r\u00e9duction des risques. Pas une source pour acheter ou commander.\" \/>\n<meta property=\"og:url\" content=\"https:\/\/gblexprimer.com\/nl\/product\/100-gram-mdma-rocks-queens\/\" \/>\n<meta property=\"og:site_name\" content=\"GBL Exprimer\" \/>\n<meta property=\"article:modified_time\" content=\"2026-04-13T07:22:56+00:00\" \/>\n<meta property=\"og:image\" content=\"https:\/\/gblexprimer.com\/wp-content\/uploads\/2023\/12\/100-Gramm-reines-MDMA-Rocks.jpg\" \/>\n\t<meta property=\"og:image:width\" content=\"600\" \/>\n\t<meta property=\"og:image:height\" content=\"600\" \/>\n\t<meta property=\"og:image:type\" content=\"image\/jpeg\" \/>\n<meta name=\"twitter:card\" content=\"summary_large_image\" \/>\n<meta name=\"twitter:label1\" content=\"Geschatte leestijd\" \/>\n\t<meta name=\"twitter:data1\" content=\"4 minuten\" \/>\n<script type=\"application\/ld+json\" class=\"yoast-schema-graph\">{\"@context\":\"https:\/\/schema.org\",\"@graph\":[{\"@type\":\"WebPage\",\"@id\":\"https:\/\/gblexprimer.com\/product\/100-grammes-reines-mdma-rocks\/\",\"url\":\"https:\/\/gblexprimer.com\/product\/100-grammes-reines-mdma-rocks\/\",\"name\":\"Acheter MDMA Rocks Pure en Ligne | GbleExprimer\",\"isPartOf\":{\"@id\":\"https:\/\/gblexprimer.com\/#website\"},\"primaryImageOfPage\":{\"@id\":\"https:\/\/gblexprimer.com\/product\/100-grammes-reines-mdma-rocks\/#primaryimage\"},\"image\":{\"@id\":\"https:\/\/gblexprimer.com\/product\/100-grammes-reines-mdma-rocks\/#primaryimage\"},\"thumbnailUrl\":\"https:\/\/gblexprimer.com\/wp-content\/uploads\/2023\/12\/100-Gramm-reines-MDMA-Rocks.jpg\",\"datePublished\":\"2023-12-26T07:26:45+00:00\",\"dateModified\":\"2026-04-13T07:22:56+00:00\",\"description\":\"Vous cherchez des infos sur les rochers de MDMA ? Guide sur la qualit\u00e9, la puret\u00e9, les effets et les pratiques essentielles de r\u00e9duction des risques. Pas une source pour acheter ou commander.\",\"breadcrumb\":{\"@id\":\"https:\/\/gblexprimer.com\/product\/100-grammes-reines-mdma-rocks\/#breadcrumb\"},\"inLanguage\":\"nl-BE\",\"potentialAction\":[{\"@type\":\"ReadAction\",\"target\":[\"https:\/\/gblexprimer.com\/product\/100-grammes-reines-mdma-rocks\/\"]}]},{\"@type\":\"ImageObject\",\"inLanguage\":\"nl-BE\",\"@id\":\"https:\/\/gblexprimer.com\/product\/100-grammes-reines-mdma-rocks\/#primaryimage\",\"url\":\"https:\/\/gblexprimer.com\/wp-content\/uploads\/2023\/12\/100-Gramm-reines-MDMA-Rocks.jpg\",\"contentUrl\":\"https:\/\/gblexprimer.com\/wp-content\/uploads\/2023\/12\/100-Gramm-reines-MDMA-Rocks.jpg\",\"width\":600,\"height\":600,\"caption\":\"100 grammes reines MDMA Rocks\"},{\"@type\":\"BreadcrumbList\",\"@id\":\"https:\/\/gblexprimer.com\/product\/100-grammes-reines-mdma-rocks\/#breadcrumb\",\"itemListElement\":[{\"@type\":\"ListItem\",\"position\":1,\"name\":\"Home\",\"item\":\"https:\/\/gblexprimer.com\/\"},{\"@type\":\"ListItem\",\"position\":2,\"name\":\"Shop\",\"item\":\"https:\/\/gblexprimer.com\/shop\/\"},{\"@type\":\"ListItem\",\"position\":3,\"name\":\"100 grammes reines MDMA Rocks\"}]},{\"@type\":\"WebSite\",\"@id\":\"https:\/\/gblexprimer.com\/#website\",\"url\":\"https:\/\/gblexprimer.com\/\",\"name\":\"GBL Exprimer\",\"description\":\"\",\"publisher\":{\"@id\":\"https:\/\/gblexprimer.com\/#organization\"},\"potentialAction\":[{\"@type\":\"SearchAction\",\"target\":{\"@type\":\"EntryPoint\",\"urlTemplate\":\"https:\/\/gblexprimer.com\/?s={search_term_string}\"},\"query-input\":{\"@type\":\"PropertyValueSpecification\",\"valueRequired\":true,\"valueName\":\"search_term_string\"}}],\"inLanguage\":\"nl-BE\"},{\"@type\":\"Organization\",\"@id\":\"https:\/\/gblexprimer.com\/#organization\",\"name\":\"GBL Exprimer\",\"url\":\"https:\/\/gblexprimer.com\/\",\"logo\":{\"@type\":\"ImageObject\",\"inLanguage\":\"nl-BE\",\"@id\":\"https:\/\/gblexprimer.com\/#\/schema\/logo\/image\/\",\"url\":\"https:\/\/gblexprimer.com\/wp-content\/uploads\/2024\/01\/logo.png\",\"contentUrl\":\"https:\/\/gblexprimer.com\/wp-content\/uploads\/2024\/01\/logo.png\",\"width\":220,\"height\":80,\"caption\":\"GBL Exprimer\"},\"image\":{\"@id\":\"https:\/\/gblexprimer.com\/#\/schema\/logo\/image\/\"}}]}<\/script>\n<!-- \/ Yoast SEO plugin. -->","yoast_head_json":{"title":"pure MDMA-kristallen online kopen | gblexprimer","description":"Op zoek naar informatie over MDMA rock? Gids voor kwaliteit, zuiverheid, effecten en essenti\u00eble schadebeperkingspraktijken. Geen bron om te kopen of te bestellen.","robots":{"index":"index","follow":"follow","max-snippet":"max-snippet:-1","max-image-preview":"max-image-preview:large","max-video-preview":"max-video-preview:-1"},"canonical":"https:\/\/gblexprimer.com\/nl\/product\/100-gram-mdma-rocks-queens\/","og_locale":"nl_BE","og_type":"article","og_title":"Acheter MDMA Rocks Pure en Ligne | GbleExprimer","og_description":"Vous cherchez des infos sur les rochers de MDMA ? Guide sur la qualit\u00e9, la puret\u00e9, les effets et les pratiques essentielles de r\u00e9duction des risques. Pas une source pour acheter ou commander.","og_url":"https:\/\/gblexprimer.com\/nl\/product\/100-gram-mdma-rocks-queens\/","og_site_name":"GBL Exprimer","article_modified_time":"2026-04-13T07:22:56+00:00","og_image":[{"width":600,"height":600,"url":"https:\/\/gblexprimer.com\/wp-content\/uploads\/2023\/12\/100-Gramm-reines-MDMA-Rocks.jpg","type":"image\/jpeg"}],"twitter_card":"summary_large_image","twitter_misc":{"Geschatte leestijd":"4 minuten"},"schema":{"@context":"https:\/\/schema.org","@graph":[{"@type":"WebPage","@id":"https:\/\/gblexprimer.com\/product\/100-grammes-reines-mdma-rocks\/","url":"https:\/\/gblexprimer.com\/product\/100-grammes-reines-mdma-rocks\/","name":"pure MDMA-kristallen online kopen | gblexprimer","isPartOf":{"@id":"https:\/\/gblexprimer.com\/#website"},"primaryImageOfPage":{"@id":"https:\/\/gblexprimer.com\/product\/100-grammes-reines-mdma-rocks\/#primaryimage"},"image":{"@id":"https:\/\/gblexprimer.com\/product\/100-grammes-reines-mdma-rocks\/#primaryimage"},"thumbnailUrl":"https:\/\/gblexprimer.com\/wp-content\/uploads\/2023\/12\/100-Gramm-reines-MDMA-Rocks.jpg","datePublished":"2023-12-26T07:26:45+00:00","dateModified":"2026-04-13T07:22:56+00:00","description":"Op zoek naar informatie over MDMA rock? Gids voor kwaliteit, zuiverheid, effecten en essenti\u00eble schadebeperkingspraktijken. Geen bron om te kopen of te bestellen.","breadcrumb":{"@id":"https:\/\/gblexprimer.com\/product\/100-grammes-reines-mdma-rocks\/#breadcrumb"},"inLanguage":"nl-BE","potentialAction":[{"@type":"ReadAction","target":["https:\/\/gblexprimer.com\/product\/100-grammes-reines-mdma-rocks\/"]}]},{"@type":"ImageObject","inLanguage":"nl-BE","@id":"https:\/\/gblexprimer.com\/product\/100-grammes-reines-mdma-rocks\/#primaryimage","url":"https:\/\/gblexprimer.com\/wp-content\/uploads\/2023\/12\/100-Gramm-reines-MDMA-Rocks.jpg","contentUrl":"https:\/\/gblexprimer.com\/wp-content\/uploads\/2023\/12\/100-Gramm-reines-MDMA-Rocks.jpg","width":600,"height":600,"caption":"100 grammes reines MDMA Rocks"},{"@type":"BreadcrumbList","@id":"https:\/\/gblexprimer.com\/product\/100-grammes-reines-mdma-rocks\/#breadcrumb","itemListElement":[{"@type":"ListItem","position":1,"name":"Home","item":"https:\/\/gblexprimer.com\/"},{"@type":"ListItem","position":2,"name":"Shop","item":"https:\/\/gblexprimer.com\/shop\/"},{"@type":"ListItem","position":3,"name":"100 grammes reines MDMA Rocks"}]},{"@type":"WebSite","@id":"https:\/\/gblexprimer.com\/#website","url":"https:\/\/gblexprimer.com\/","name":"GBL Express","description":"","publisher":{"@id":"https:\/\/gblexprimer.com\/#organization"},"potentialAction":[{"@type":"SearchAction","target":{"@type":"EntryPoint","urlTemplate":"https:\/\/gblexprimer.com\/?s={search_term_string}"},"query-input":{"@type":"PropertyValueSpecification","valueRequired":true,"valueName":"search_term_string"}}],"inLanguage":"nl-BE"},{"@type":"Organization","@id":"https:\/\/gblexprimer.com\/#organization","name":"GBL Express","url":"https:\/\/gblexprimer.com\/","logo":{"@type":"ImageObject","inLanguage":"nl-BE","@id":"https:\/\/gblexprimer.com\/#\/schema\/logo\/image\/","url":"https:\/\/gblexprimer.com\/wp-content\/uploads\/2024\/01\/logo.png","contentUrl":"https:\/\/gblexprimer.com\/wp-content\/uploads\/2024\/01\/logo.png","width":220,"height":80,"caption":"GBL Exprimer"},"image":{"@id":"https:\/\/gblexprimer.com\/#\/schema\/logo\/image\/"}}]}},"_links":{"self":[{"href":"https:\/\/gblexprimer.com\/nl\/wp-json\/wp\/v2\/product\/74","targetHints":{"allow":["GET"]}}],"collection":[{"href":"https:\/\/gblexprimer.com\/nl\/wp-json\/wp\/v2\/product"}],"about":[{"href":"https:\/\/gblexprimer.com\/nl\/wp-json\/wp\/v2\/types\/product"}],"replies":[{"embeddable":true,"href":"https:\/\/gblexprimer.com\/nl\/wp-json\/wp\/v2\/comments?post=74"}],"wp:featuredmedia":[{"embeddable":true,"href":"https:\/\/gblexprimer.com\/nl\/wp-json\/wp\/v2\/media\/89"}],"wp:attachment":[{"href":"https:\/\/gblexprimer.com\/nl\/wp-json\/wp\/v2\/media?parent=74"}],"wp:term":[{"taxonomy":"product_brand","embeddable":true,"href":"https:\/\/gblexprimer.com\/nl\/wp-json\/wp\/v2\/product_brand?post=74"},{"taxonomy":"product_cat","embeddable":true,"href":"https:\/\/gblexprimer.com\/nl\/wp-json\/wp\/v2\/product_cat?post=74"},{"taxonomy":"product_tag","embeddable":true,"href":"https:\/\/gblexprimer.com\/nl\/wp-json\/wp\/v2\/product_tag?post=74"}],"curies":[{"name":"wp","href":"https:\/\/api.w.org\/{rel}","templated":true}]}}