{"id":76,"date":"2023-12-26T07:26:48","date_gmt":"2023-12-26T07:26:48","guid":{"rendered":"https:\/\/cannasmed.com\/gbl\/?post_type=product&#038;p=76"},"modified":"2026-04-08T09:28:17","modified_gmt":"2026-04-08T09:28:17","slug":"lorazepam-25-mg-in-blisterverpakking","status":"publish","type":"product","link":"https:\/\/gblexprimer.com\/nl\/product\/lorazepam-25-mg-in-blisterverpakking\/","title":{"rendered":"Lorazepam 2.5 mg in blisterverpakkingen online kopen"},"content":{"rendered":"<h2>5F-MDMB-2201 poeder te koop in Australi\u00eb<\/h2>\n<p data-start=\"141\" data-end=\"693\"><strong><a href=\"https:\/\/gblexprimer.com\/nl\/product\/lorazepam-25-mg-in-blisterverpakking\/\">Ativan Loraz\u00e9pam 2,5 mg<\/a><\/strong> est un m\u00e9dicament sur ordonnance utilis\u00e9 pour traiter les troubles anxieux, les crises de panique, l&rsquo;agitation et l&rsquo;insomnie li\u00e9es au stress et \u00e0 l&rsquo;anxi\u00e9t\u00e9. Appartenant \u00e0 la famille des benzodiaz\u00e9pines, Ativan procure de puissants effets calmants, s\u00e9datifs et <strong data-start=\"425\" data-end=\"440\">myorelaxant<\/strong>, offrant un <strong data-start=\"453\" data-end=\"486\">effet s\u00e9datif et anxiolytique<\/strong> ainsi qu\u2019un <strong data-start=\"499\" data-end=\"525\">effet calmant c\u00e9r\u00e9bral<\/strong>, aidant ainsi les utilisateurs \u00e0 soulager l&rsquo;anxi\u00e9t\u00e9 et la tension intenses. Il est reconnu comme un <a href=\"https:\/\/gblexprimer.com\/nl\/product\/tilidin-ratiopharm-plus-50-4-mg-tilidin-naloxon\/\"><strong data-start=\"626\" data-end=\"651\">anxiolytique puissant<\/strong><\/a> en een <strong data-start=\"658\" data-end=\"692\">traitement anxiolytique fiable<\/strong>.<\/p>\n<p data-start=\"695\" data-end=\"983\">Con\u00e7u pour un usage m\u00e9dical de courte dur\u00e9e, Ativan Loraz\u00e9pam 2,5 mg agit rapidement pour r\u00e9tablir l&rsquo;\u00e9quilibre \u00e9motionnel et am\u00e9liorer le bien-\u00eatre g\u00e9n\u00e9ral. Son utilisation repose sur une <strong data-start=\"883\" data-end=\"911\">prescription obligatoire<\/strong> afin de garantir la <strong data-start=\"932\" data-end=\"960\">s\u00e9curit\u00e9 des m\u00e9dicaments<\/strong> et un usage appropri\u00e9.<\/p>\n<h3 data-section-id=\"gqivfl\" data-start=\"985\" data-end=\"1032\">Hoe werkt Ativan Lorazepam 2,5 mg?<\/h3>\n<p data-start=\"1034\" data-end=\"1294\">Ativan augmente l&rsquo;activit\u00e9 du GABA, un neurotransmetteur calmant naturel du cerveau. Cela ralentit l&rsquo;activit\u00e9 c\u00e9r\u00e9brale excessive associ\u00e9e \u00e0 l&rsquo;anxi\u00e9t\u00e9 et au stress, procurant une sensation de d\u00e9tente et de clart\u00e9 mentale gr\u00e2ce \u00e0 son <strong data-start=\"1267\" data-end=\"1293\">effet calmant c\u00e9r\u00e9bral<\/strong>.<\/p>\n<h3 data-section-id=\"1sge3vc\" data-start=\"1296\" data-end=\"1331\">Belangrijkste therapeutische effecten<\/h3>\n<p data-start=\"1333\" data-end=\"1567\">Vermindert angst en paniekaanvallen.<br data-start=\"1374\" data-end=\"1377\" \/>Kalmeert onrust en emotionele spanning.<br data-start=\"1422\" data-end=\"1425\" \/>D\u00e9tend les muscles et am\u00e9liore le sommeil gr\u00e2ce \u00e0 son effet <a href=\"https:\/\/en.wikipedia.org\/wiki\/Lorazepam\"><strong data-start=\"1485\" data-end=\"1500\">myorelaxant<\/strong><\/a><br data-start=\"1500\" data-end=\"1503\" \/>Permet le <strong data-start=\"1513\" data-end=\"1548\">contr\u00f4le des crises d\u2019\u00e9pilepsie<\/strong> en cas d&rsquo;urgence<\/p>\n<h3 data-section-id=\"qon0hf\" data-start=\"1569\" data-end=\"1614\">Mode d'administration d'Ativan (loraz\u00e9pam)<\/h3>\n<p data-start=\"1616\" data-end=\"1921\">De wijze van toediening van Ativan hangt af van de gezondheidstoestand van de pati\u00ebnt, de ernst van de symptomen en de urgentie van de behandeling. Ativan (lorazepam) is verkrijgbaar in verschillende doseringsvormen, waardoor het flexibel kan worden ingezet, zowel in de reguliere poliklinische zorg als in noodsituaties.<\/p>\n<h3 data-section-id=\"1lv7xzm\" data-start=\"1923\" data-end=\"1978\">Waar kan ik Ativan (Lorazepam) 2,5 mg online kopen?<\/h3>\n<p data-start=\"1980\" data-end=\"2351\">Commandez en toute s\u00e9curit\u00e9 aupr\u00e8s d&rsquo;une <strong data-start=\"2021\" data-end=\"2050\">pharmacie en ligne fiable<\/strong> et d\u2019une <strong data-start=\"2060\" data-end=\"2080\">pharmacie agr\u00e9\u00e9e<\/strong>. Profitez d\u2019un <strong data-start=\"2096\" data-end=\"2118\">achat en ligne s\u00fbr<\/strong>, avec des <strong data-start=\"2129\" data-end=\"2157\">m\u00e9dicaments authentiques<\/strong>, un <strong data-start=\"2162\" data-end=\"2195\">paiement s\u00e9curis\u00e9 m\u00e9dicaments<\/strong> en een <strong data-start=\"2203\" data-end=\"2238\">commande s\u00e9curis\u00e9e de loraz\u00e9pam<\/strong>. La <strong data-start=\"2243\" data-end=\"2276\">disponibilit\u00e9 Ativan en ligne<\/strong> permet un acc\u00e8s rapide, accompagn\u00e9 d\u2019une <strong data-start=\"2318\" data-end=\"2350\">snelle, discrete levering<\/strong>.<\/p>\n<p data-start=\"2353\" data-end=\"2473\">Snelle, traceerbare levering. Koop Ativan (Lorazepam) 2,5 mg online \u2013 Nu verkrijgbaar bij <strong><a href=\"https:\/\/gblexprimer.com\/nl\/\">GblExpress<\/a>.<\/strong><\/p>\n<h3 data-section-id=\"1kvoo38\" data-start=\"2475\" data-end=\"2503\">Veelgestelde vragen (FAQ)<\/h3>\n<p data-start=\"2505\" data-end=\"2681\"><strong data-start=\"2505\" data-end=\"2554\">V: Wat is het doel van Ativan (Lorazepam) 2,5 mg?<\/strong><br data-start=\"2554\" data-end=\"2557\" \/>A: Het wordt gebruikt voor de behandeling van angst, paniekaanvallen, slapeloosheid, agitatie en voor sedatie voorafgaand aan een operatie.<\/p>\n<p data-start=\"2683\" data-end=\"2870\"><strong data-start=\"2683\" data-end=\"2753\">V: Is het veilig om Ativan (Lorazepam) 2,5 mg online te kopen?<\/strong><br data-start=\"2753\" data-end=\"2756\" \/>R : Oui, si vous l&rsquo;achetez aupr\u00e8s d&rsquo;une pharmacie agr\u00e9\u00e9e et v\u00e9rifi\u00e9e garantissant la <a href=\"https:\/\/www.mayoclinic.org\/drugs-supplements\/lorazepam-oral-route\/description\/drg-20072296\"><strong data-start=\"2841\" data-end=\"2869\">s\u00e9curit\u00e9 des m\u00e9dicaments<\/strong><\/a>.<\/p>\n<p data-start=\"2872\" data-end=\"3009\"><strong data-start=\"2872\" data-end=\"2931\">A: Hoe lang duurt het voordat Ativan werkt?<\/strong><br data-start=\"2931\" data-end=\"2934\" \/>A: De effecten zijn binnen 20 tot 30 minuten merkbaar en houden 6 tot 8 uur aan.<\/p>\n<h3 data-section-id=\"1gmgd3q\" data-start=\"3011\" data-end=\"3029\">Belangrijke mededeling<\/h3>\n<p data-start=\"3031\" data-end=\"3359\">La posologie doit \u00eatre adapt\u00e9e individuellement par un professionnel de sant\u00e9 qualifi\u00e9. L\u2019Ativan doit \u00eatre pris uniquement selon la prescription et la posologie ne doit pas \u00eatre augment\u00e9e ni le traitement interrompu brutalement sans avis m\u00e9dical en raison du risque de <strong data-start=\"3300\" data-end=\"3327\">d\u00e9pendance au loraz\u00e9pam<\/strong> en <strong data-start=\"3334\" data-end=\"3358\">sympt\u00f4mes de sevrage<\/strong>. <a href=\"https:\/\/gblexprimer.com\/nl\/product\/lorazepam-25-mg-in-blisterverpakking\/\"><strong>Voir les d\u00e9tails du produit<\/strong><\/a><\/p>","protected":false},"excerpt":{"rendered":"<p>Ativan Loraz\u00e9pam 2,5 mg : un soulagement rapide et efficace de l&rsquo;anxi\u00e9t\u00e9 Ativan Loraz\u00e9pam 2,5 mg est un m\u00e9dicament sur ordonnance utilis\u00e9 pour traiter les troubles anxieux, les crises de panique, l&rsquo;agitation et l&rsquo;insomnie li\u00e9es au stress et \u00e0 l&rsquo;anxi\u00e9t\u00e9. Appartenant \u00e0 la famille des benzodiaz\u00e9pines, Ativan procure de puissants effets calmants, s\u00e9datifs et myorelaxant, [&hellip;]<\/p>","protected":false},"featured_media":87,"comment_status":"open","ping_status":"closed","template":"","meta":{"site-sidebar-layout":"default","site-content-layout":"","ast-site-content-layout":"default","site-content-style":"default","site-sidebar-style":"default","ast-global-header-display":"","ast-banner-title-visibility":"","ast-main-header-display":"","ast-hfb-above-header-display":"","ast-hfb-below-header-display":"","ast-hfb-mobile-header-display":"","site-post-title":"","ast-breadcrumbs-content":"","ast-featured-img":"","footer-sml-layout":"","theme-transparent-header-meta":"default","adv-header-id-meta":"","stick-header-meta":"","header-above-stick-meta":"","header-main-stick-meta":"","header-below-stick-meta":"","astra-migrate-meta-layouts":"set","ast-page-background-enabled":"default","ast-page-background-meta":{"desktop":{"background-color":"","background-image":"","background-repeat":"repeat","background-position":"center center","background-size":"auto","background-attachment":"scroll","background-type":"","background-media":"","overlay-type":"","overlay-color":"","overlay-opacity":"","overlay-gradient":""},"tablet":{"background-color":"","background-image":"","background-repeat":"repeat","background-position":"center center","background-size":"auto","background-attachment":"scroll","background-type":"","background-media":"","overlay-type":"","overlay-color":"","overlay-opacity":"","overlay-gradient":""},"mobile":{"background-color":"","background-image":"","background-repeat":"repeat","background-position":"center center","background-size":"auto","background-attachment":"scroll","background-type":"","background-media":"","overlay-type":"","overlay-color":"","overlay-opacity":"","overlay-gradient":""}},"ast-content-background-meta":{"desktop":{"background-color":"var(--ast-global-color-5)","background-image":"","background-repeat":"repeat","background-position":"center center","background-size":"auto","background-attachment":"scroll","background-type":"","background-media":"","overlay-type":"","overlay-color":"","overlay-opacity":"","overlay-gradient":""},"tablet":{"background-color":"var(--ast-global-color-5)","background-image":"","background-repeat":"repeat","background-position":"center center","background-size":"auto","background-attachment":"scroll","background-type":"","background-media":"","overlay-type":"","overlay-color":"","overlay-opacity":"","overlay-gradient":""},"mobile":{"background-color":"var(--ast-global-color-5)","background-image":"","background-repeat":"repeat","background-position":"center center","background-size":"auto","background-attachment":"scroll","background-type":"","background-media":"","overlay-type":"","overlay-color":"","overlay-opacity":"","overlay-gradient":""}},"_joinchat":[]},"product_brand":[],"product_cat":[84],"product_tag":[],"class_list":{"0":"post-76","1":"product","2":"type-product","3":"status-publish","4":"has-post-thumbnail","6":"product_cat-ko-drops","7":"desktop-align-left","8":"tablet-align-left","9":"mobile-align-left","11":"first","12":"instock","13":"featured","14":"shipping-taxable","15":"purchasable","16":"product-type-variable"},"yoast_head":"<!-- This site is optimized with the Yoast SEO plugin v26.9 - https:\/\/yoast.com\/product\/yoast-seo-wordpress\/ -->\n<title>Acheter Loraz\u00e9pam 2,5 mg sous blister en ligne | GbleExprimer<\/title>\n<meta name=\"description\" content=\"Le loraz\u00e9pam est un m\u00e9dicament de la famille des benzodiaz\u00e9pines couramment prescrit pour traiter l&#039;anxi\u00e9t\u00e9, l&#039;insomnie et les troubles convulsifs. D\u00e9couvrez ses indications th\u00e9rapeutiques, sa posologie et les pr\u00e9cautions d&#039;emploi.\" \/>\n<meta name=\"robots\" content=\"index, follow, max-snippet:-1, max-image-preview:large, max-video-preview:-1\" \/>\n<link rel=\"canonical\" href=\"https:\/\/gblexprimer.com\/nl\/product\/lorazepam-25-mg-in-blisterverpakking\/\" \/>\n<meta property=\"og:locale\" content=\"nl_BE\" \/>\n<meta property=\"og:type\" content=\"article\" \/>\n<meta property=\"og:title\" content=\"Acheter Loraz\u00e9pam 2,5 mg sous blister en ligne | GbleExprimer\" \/>\n<meta property=\"og:description\" content=\"Le loraz\u00e9pam est un m\u00e9dicament de la famille des benzodiaz\u00e9pines couramment prescrit pour traiter l&#039;anxi\u00e9t\u00e9, l&#039;insomnie et les troubles convulsifs. D\u00e9couvrez ses indications th\u00e9rapeutiques, sa posologie et les pr\u00e9cautions d&#039;emploi.\" \/>\n<meta property=\"og:url\" content=\"https:\/\/gblexprimer.com\/nl\/product\/lorazepam-25-mg-in-blisterverpakking\/\" \/>\n<meta property=\"og:site_name\" content=\"GBL Exprimer\" \/>\n<meta property=\"article:modified_time\" content=\"2026-04-08T09:28:17+00:00\" \/>\n<meta property=\"og:image\" content=\"https:\/\/gblexprimer.com\/wp-content\/uploads\/2023\/12\/Lorazepam-2.5mg-Im-Blister.jpg\" \/>\n\t<meta property=\"og:image:width\" content=\"600\" \/>\n\t<meta property=\"og:image:height\" content=\"600\" \/>\n\t<meta property=\"og:image:type\" content=\"image\/jpeg\" \/>\n<meta name=\"twitter:card\" content=\"summary_large_image\" \/>\n<meta name=\"twitter:label1\" content=\"Geschatte leestijd\" \/>\n\t<meta name=\"twitter:data1\" content=\"3 minuten\" \/>\n<script type=\"application\/ld+json\" class=\"yoast-schema-graph\">{\"@context\":\"https:\/\/schema.org\",\"@graph\":[{\"@type\":\"WebPage\",\"@id\":\"https:\/\/gblexprimer.com\/product\/lorazepam-25-mg-sous-blister\/\",\"url\":\"https:\/\/gblexprimer.com\/product\/lorazepam-25-mg-sous-blister\/\",\"name\":\"Acheter Loraz\u00e9pam 2,5 mg sous blister en ligne | GbleExprimer\",\"isPartOf\":{\"@id\":\"https:\/\/gblexprimer.com\/#website\"},\"primaryImageOfPage\":{\"@id\":\"https:\/\/gblexprimer.com\/product\/lorazepam-25-mg-sous-blister\/#primaryimage\"},\"image\":{\"@id\":\"https:\/\/gblexprimer.com\/product\/lorazepam-25-mg-sous-blister\/#primaryimage\"},\"thumbnailUrl\":\"https:\/\/gblexprimer.com\/wp-content\/uploads\/2023\/12\/Lorazepam-2.5mg-Im-Blister.jpg\",\"datePublished\":\"2023-12-26T07:26:48+00:00\",\"dateModified\":\"2026-04-08T09:28:17+00:00\",\"description\":\"Le loraz\u00e9pam est un m\u00e9dicament de la famille des benzodiaz\u00e9pines couramment prescrit pour traiter l'anxi\u00e9t\u00e9, l'insomnie et les troubles convulsifs. D\u00e9couvrez ses indications th\u00e9rapeutiques, sa posologie et les pr\u00e9cautions d'emploi.\",\"breadcrumb\":{\"@id\":\"https:\/\/gblexprimer.com\/product\/lorazepam-25-mg-sous-blister\/#breadcrumb\"},\"inLanguage\":\"nl-BE\",\"potentialAction\":[{\"@type\":\"ReadAction\",\"target\":[\"https:\/\/gblexprimer.com\/product\/lorazepam-25-mg-sous-blister\/\"]}]},{\"@type\":\"ImageObject\",\"inLanguage\":\"nl-BE\",\"@id\":\"https:\/\/gblexprimer.com\/product\/lorazepam-25-mg-sous-blister\/#primaryimage\",\"url\":\"https:\/\/gblexprimer.com\/wp-content\/uploads\/2023\/12\/Lorazepam-2.5mg-Im-Blister.jpg\",\"contentUrl\":\"https:\/\/gblexprimer.com\/wp-content\/uploads\/2023\/12\/Lorazepam-2.5mg-Im-Blister.jpg\",\"width\":600,\"height\":600,\"caption\":\"Acheter Loraz\u00e9pam 2,5 mg sous blister en ligne\"},{\"@type\":\"BreadcrumbList\",\"@id\":\"https:\/\/gblexprimer.com\/product\/lorazepam-25-mg-sous-blister\/#breadcrumb\",\"itemListElement\":[{\"@type\":\"ListItem\",\"position\":1,\"name\":\"Home\",\"item\":\"https:\/\/gblexprimer.com\/\"},{\"@type\":\"ListItem\",\"position\":2,\"name\":\"Shop\",\"item\":\"https:\/\/gblexprimer.com\/shop\/\"},{\"@type\":\"ListItem\",\"position\":3,\"name\":\"Acheter Loraz\u00e9pam 2,5 mg sous blister en ligne\"}]},{\"@type\":\"WebSite\",\"@id\":\"https:\/\/gblexprimer.com\/#website\",\"url\":\"https:\/\/gblexprimer.com\/\",\"name\":\"GBL Exprimer\",\"description\":\"\",\"publisher\":{\"@id\":\"https:\/\/gblexprimer.com\/#organization\"},\"potentialAction\":[{\"@type\":\"SearchAction\",\"target\":{\"@type\":\"EntryPoint\",\"urlTemplate\":\"https:\/\/gblexprimer.com\/?s={search_term_string}\"},\"query-input\":{\"@type\":\"PropertyValueSpecification\",\"valueRequired\":true,\"valueName\":\"search_term_string\"}}],\"inLanguage\":\"nl-BE\"},{\"@type\":\"Organization\",\"@id\":\"https:\/\/gblexprimer.com\/#organization\",\"name\":\"GBL Exprimer\",\"url\":\"https:\/\/gblexprimer.com\/\",\"logo\":{\"@type\":\"ImageObject\",\"inLanguage\":\"nl-BE\",\"@id\":\"https:\/\/gblexprimer.com\/#\/schema\/logo\/image\/\",\"url\":\"https:\/\/gblexprimer.com\/wp-content\/uploads\/2024\/01\/logo.png\",\"contentUrl\":\"https:\/\/gblexprimer.com\/wp-content\/uploads\/2024\/01\/logo.png\",\"width\":220,\"height\":80,\"caption\":\"GBL Exprimer\"},\"image\":{\"@id\":\"https:\/\/gblexprimer.com\/#\/schema\/logo\/image\/\"}}]}<\/script>\n<!-- \/ Yoast SEO plugin. -->","yoast_head_json":{"title":"Acheter Loraz\u00e9pam 2,5 mg sous blister en ligne | GbleExprimer","description":"Le loraz\u00e9pam est un m\u00e9dicament de la famille des benzodiaz\u00e9pines couramment prescrit pour traiter l'anxi\u00e9t\u00e9, l'insomnie et les troubles convulsifs. D\u00e9couvrez ses indications th\u00e9rapeutiques, sa posologie et les pr\u00e9cautions d'emploi.","robots":{"index":"index","follow":"follow","max-snippet":"max-snippet:-1","max-image-preview":"max-image-preview:large","max-video-preview":"max-video-preview:-1"},"canonical":"https:\/\/gblexprimer.com\/nl\/product\/lorazepam-25-mg-in-blisterverpakking\/","og_locale":"nl_BE","og_type":"article","og_title":"Acheter Loraz\u00e9pam 2,5 mg sous blister en ligne | GbleExprimer","og_description":"Le loraz\u00e9pam est un m\u00e9dicament de la famille des benzodiaz\u00e9pines couramment prescrit pour traiter l'anxi\u00e9t\u00e9, l'insomnie et les troubles convulsifs. D\u00e9couvrez ses indications th\u00e9rapeutiques, sa posologie et les pr\u00e9cautions d'emploi.","og_url":"https:\/\/gblexprimer.com\/nl\/product\/lorazepam-25-mg-in-blisterverpakking\/","og_site_name":"GBL Exprimer","article_modified_time":"2026-04-08T09:28:17+00:00","og_image":[{"width":600,"height":600,"url":"https:\/\/gblexprimer.com\/wp-content\/uploads\/2023\/12\/Lorazepam-2.5mg-Im-Blister.jpg","type":"image\/jpeg"}],"twitter_card":"summary_large_image","twitter_misc":{"Geschatte leestijd":"3 minuten"},"schema":{"@context":"https:\/\/schema.org","@graph":[{"@type":"WebPage","@id":"https:\/\/gblexprimer.com\/product\/lorazepam-25-mg-sous-blister\/","url":"https:\/\/gblexprimer.com\/product\/lorazepam-25-mg-sous-blister\/","name":"Acheter Loraz\u00e9pam 2,5 mg sous blister en ligne | GbleExprimer","isPartOf":{"@id":"https:\/\/gblexprimer.com\/#website"},"primaryImageOfPage":{"@id":"https:\/\/gblexprimer.com\/product\/lorazepam-25-mg-sous-blister\/#primaryimage"},"image":{"@id":"https:\/\/gblexprimer.com\/product\/lorazepam-25-mg-sous-blister\/#primaryimage"},"thumbnailUrl":"https:\/\/gblexprimer.com\/wp-content\/uploads\/2023\/12\/Lorazepam-2.5mg-Im-Blister.jpg","datePublished":"2023-12-26T07:26:48+00:00","dateModified":"2026-04-08T09:28:17+00:00","description":"Le loraz\u00e9pam est un m\u00e9dicament de la famille des benzodiaz\u00e9pines couramment prescrit pour traiter l'anxi\u00e9t\u00e9, l'insomnie et les troubles convulsifs. D\u00e9couvrez ses indications th\u00e9rapeutiques, sa posologie et les pr\u00e9cautions d'emploi.","breadcrumb":{"@id":"https:\/\/gblexprimer.com\/product\/lorazepam-25-mg-sous-blister\/#breadcrumb"},"inLanguage":"nl-BE","potentialAction":[{"@type":"ReadAction","target":["https:\/\/gblexprimer.com\/product\/lorazepam-25-mg-sous-blister\/"]}]},{"@type":"ImageObject","inLanguage":"nl-BE","@id":"https:\/\/gblexprimer.com\/product\/lorazepam-25-mg-sous-blister\/#primaryimage","url":"https:\/\/gblexprimer.com\/wp-content\/uploads\/2023\/12\/Lorazepam-2.5mg-Im-Blister.jpg","contentUrl":"https:\/\/gblexprimer.com\/wp-content\/uploads\/2023\/12\/Lorazepam-2.5mg-Im-Blister.jpg","width":600,"height":600,"caption":"Acheter Loraz\u00e9pam 2,5 mg sous blister en ligne"},{"@type":"BreadcrumbList","@id":"https:\/\/gblexprimer.com\/product\/lorazepam-25-mg-sous-blister\/#breadcrumb","itemListElement":[{"@type":"ListItem","position":1,"name":"Home","item":"https:\/\/gblexprimer.com\/"},{"@type":"ListItem","position":2,"name":"Shop","item":"https:\/\/gblexprimer.com\/shop\/"},{"@type":"ListItem","position":3,"name":"Acheter Loraz\u00e9pam 2,5 mg sous blister en ligne"}]},{"@type":"WebSite","@id":"https:\/\/gblexprimer.com\/#website","url":"https:\/\/gblexprimer.com\/","name":"GBL Express","description":"","publisher":{"@id":"https:\/\/gblexprimer.com\/#organization"},"potentialAction":[{"@type":"SearchAction","target":{"@type":"EntryPoint","urlTemplate":"https:\/\/gblexprimer.com\/?s={search_term_string}"},"query-input":{"@type":"PropertyValueSpecification","valueRequired":true,"valueName":"search_term_string"}}],"inLanguage":"nl-BE"},{"@type":"Organization","@id":"https:\/\/gblexprimer.com\/#organization","name":"GBL Express","url":"https:\/\/gblexprimer.com\/","logo":{"@type":"ImageObject","inLanguage":"nl-BE","@id":"https:\/\/gblexprimer.com\/#\/schema\/logo\/image\/","url":"https:\/\/gblexprimer.com\/wp-content\/uploads\/2024\/01\/logo.png","contentUrl":"https:\/\/gblexprimer.com\/wp-content\/uploads\/2024\/01\/logo.png","width":220,"height":80,"caption":"GBL Exprimer"},"image":{"@id":"https:\/\/gblexprimer.com\/#\/schema\/logo\/image\/"}}]}},"_links":{"self":[{"href":"https:\/\/gblexprimer.com\/nl\/wp-json\/wp\/v2\/product\/76","targetHints":{"allow":["GET"]}}],"collection":[{"href":"https:\/\/gblexprimer.com\/nl\/wp-json\/wp\/v2\/product"}],"about":[{"href":"https:\/\/gblexprimer.com\/nl\/wp-json\/wp\/v2\/types\/product"}],"replies":[{"embeddable":true,"href":"https:\/\/gblexprimer.com\/nl\/wp-json\/wp\/v2\/comments?post=76"}],"wp:featuredmedia":[{"embeddable":true,"href":"https:\/\/gblexprimer.com\/nl\/wp-json\/wp\/v2\/media\/87"}],"wp:attachment":[{"href":"https:\/\/gblexprimer.com\/nl\/wp-json\/wp\/v2\/media?parent=76"}],"wp:term":[{"taxonomy":"product_brand","embeddable":true,"href":"https:\/\/gblexprimer.com\/nl\/wp-json\/wp\/v2\/product_brand?post=76"},{"taxonomy":"product_cat","embeddable":true,"href":"https:\/\/gblexprimer.com\/nl\/wp-json\/wp\/v2\/product_cat?post=76"},{"taxonomy":"product_tag","embeddable":true,"href":"https:\/\/gblexprimer.com\/nl\/wp-json\/wp\/v2\/product_tag?post=76"}],"curies":[{"name":"wp","href":"https:\/\/api.w.org\/{rel}","templated":true}]}}