{"id":78,"date":"2023-12-26T07:26:48","date_gmt":"2023-12-26T07:26:48","guid":{"rendered":"https:\/\/cannasmed.com\/gbl\/?post_type=product&#038;p=78"},"modified":"2026-04-07T08:42:09","modified_gmt":"2026-04-07T08:42:09","slug":"trocken-gekochtes-ghb-500-gram","status":"publish","type":"product","link":"https:\/\/gblexprimer.com\/nl\/product\/trocken-gekochtes-ghb-500-gram\/","title":{"rendered":"Drooggekookte GHB - 500 gram online kopen"},"content":{"rendered":"<h2>Gekochte GHB kopen <a href=\"https:\/\/gblexprimer.com\/nl\/product\/trocken-gekochtes-ghb-500-gram\/\">-<\/a> 500 gram online<\/h2>\n<h3>Droge GHB kopen - Droge GHB online kopen<\/h3>\n<p>&nbsp;<\/p>\n<p data-start=\"153\" data-end=\"439\">Gedroogde GHB kopen. Voor de productie van GHB gebruiken we GBL uit de Verenigde Staten. Net als de DMT die we verkopen, wordt GHB gemaakt door experts met een schat aan ervaring. <a href=\"https:\/\/gblexprimer.com\/nl\/product\/trocken-gekochtes-ghb-500-gram\/\">Acheter du <strong data-start=\"346\" data-end=\"371\">gamma-hydroxybutyraat<\/strong><\/a> sous forme de <strong data-start=\"386\" data-end=\"405\">GHB synth\u00e9tique<\/strong> garantit une qualit\u00e9 constante.<\/p>\n<p data-start=\"441\" data-end=\"686\">Onze <strong data-start=\"447\" data-end=\"463\">GHB chimique<\/strong> est fourni sous forme de cristal et \u00e0 un pH neutre. Cette <strong data-start=\"522\" data-end=\"539\">substance GHB<\/strong> doit \u00eatre m\u00e9lang\u00e9e avec de la demi-eau dans un rapport de 2:1, remuer et attendre qu&rsquo;il devienne le liquide attendu par les clients. <a href=\"https:\/\/gblexprimer.com\/nl\/\">GblExpress<\/a> Bien que cela ne soit pas conseill\u00e9, vous <strong><a href=\"https:\/\/www.betterhealth.vic.gov.au\/health\/healthyliving\/GHB\">pouvez \u00e9galement utiliser<\/a><\/strong> de l&rsquo;eau du robinet car la substance pourrait se d\u00e9t\u00e9riorer. L\u2019endroit id\u00e9al pour le conserver est un endroit froid, comme un r\u00e9frig\u00e9rateur.<\/p>\n<p data-start=\"900\" data-end=\"1111\">Les commandes pass\u00e9es avec du GHB ont \u00e9t\u00e9 exp\u00e9di\u00e9es 48 heures apr\u00e8s l&rsquo;achat. Pour <strong data-start=\"982\" data-end=\"999\">commander GHB<\/strong>, notre syst\u00e8me garantit une <strong data-start=\"1028\" data-end=\"1054\">GHB livraison discr\u00e8te<\/strong> via une <strong data-start=\"1063\" data-end=\"1088\">boutique GHB en ligne<\/strong> fiable et s\u00e9curis\u00e9e.<\/p>\n<p data-start=\"1113\" data-end=\"1290\">Les commandes pass\u00e9es au sein de l&rsquo;UE arrivent g\u00e9n\u00e9ralement dans une semaine, mais si la poste les retarde pour une raison quelconque, cela peut prendre jusqu&rsquo;\u00e0 deux semaines. Nous devons travailler vraiment dur pour cacher nos colis, cela peut donc prendre un peu plus de temps pour les commandes importantes ou celles provenant de l&rsquo;ext\u00e9rieur de l&rsquo;UE.<\/p>\n<p data-start=\"1473\" data-end=\"1742\">Nos \u00e9valuations montrent qu&rsquo;en mati\u00e8re d&rsquo;exp\u00e9dition, nous allons vraiment au-del\u00e0 de nos attentes en utilisant nos techniques furtives originales et \u00e9prouv\u00e9es. En tant que <a href=\"https:\/\/gblexprimer.com\/nl\/product\/ghb-online-kopen\/\"><strong data-start=\"1645\" data-end=\"1664\">GHB fournisseur<\/strong><\/a>, nous proposons \u00e9galement du <strong data-start=\"1694\" data-end=\"1710\">GHB pas cher<\/strong> sans compromettre la qualit\u00e9. De plus, nous avons d\u00e9couvert que les commandes Track &amp; Trace arrivent g\u00e9n\u00e9ralement plus t\u00f4t et b\u00e9n\u00e9ficient d&rsquo;une priorit\u00e9 plus \u00e9lev\u00e9e de la part de la Poste.<\/p>\n<h3 data-start=\"1906\" data-end=\"1935\">GHB: Wat is het?<\/h3>\n<p data-start=\"1937\" data-end=\"2447\">Les drogues synth\u00e9tiques comme le GHB ont <a href=\"https:\/\/en.wikipedia.org\/wiki\/%CE%93-Hydroxybutyric_acid\">d\u2019abord \u00e9t\u00e9 utilis\u00e9es comme<\/a> anesth\u00e9siques. En raison de son lien avec l&rsquo;agression sexuelle, on l&rsquo;appelle souvent la \u00ab drogue du viol \u00bb. Les effets euphorisants et relaxants du GHB peuvent le rendre tr\u00e8s amusant pour certaines personnes. Mais lorsqu\u2019il est utilis\u00e9, il pr\u00e9sente un certain nombre de dangers s\u00e9rieux, comme n\u2019importe quelle substance psychoactive, notamment les <strong data-start=\"2355\" data-end=\"2370\">risques GHB<\/strong>de <strong data-start=\"2375\" data-end=\"2391\">toxicit\u00e9 GHB<\/strong>de <strong data-start=\"2396\" data-end=\"2419\">verlies van bewustzijn<\/strong> en de <strong data-start=\"2426\" data-end=\"2444\">d\u00e9pendance GHB<\/strong>.<\/p>\n<h3 data-start=\"2449\" data-end=\"2480\">De gevaren van GHB kopen<\/h3>\n<p data-start=\"2482\" data-end=\"3012\">Vous prenez un risque important lorsque vous achetez du GHB car il est interdit et incontr\u00f4l\u00e9. La majorit\u00e9 des produits chimiques vendus ill\u00e9galement ne sont pas test\u00e9s, vous ne savez donc jamais exactement ce que vous obtenez. De plus, le dosage est assez difficile car il est presque impossible de d\u00e9terminer si la quantit\u00e9 que vous prenez est suffisante ou excessivement \u00e9lev\u00e9e. Cela augmente fortement le risque de <strong data-start=\"2901\" data-end=\"2918\">surdosage GHB<\/strong>, ce qui en fait un <strong data-start=\"2938\" data-end=\"2967\">usage dangereux substance<\/strong> pouvant \u00eatre tr\u00e8s dangereux, voire mortel. <a href=\"https:\/\/gblexprimer.com\/nl\/winkelen\/\"><strong>Produits de qualit\u00e9 sup\u00e9rieure<\/strong><\/a><\/p>","protected":false},"excerpt":{"rendered":"<p><strong>GBL<\/strong> (Gamma-Butyrolacton) is een organische verbinding die veel wordt gebruikt in de chemische industrie en voor onderzoekstoepassingen. Bekend om zijn veelzijdigheid, <strong>GBL<\/strong> fungeert als oplosmiddel, chemisch tussenproduct en precursor in de synthese van verschillende producten. Het wordt ook bestudeerd voor zijn interacties in biologische en chemische processen.<\/p>\n<h3><strong>Hoe werkt GBL?<\/strong><\/h3>\n<p><strong>GBL<\/strong> wordt in het lichaam omgezet in gamma-hydroxyboterzuur (GHB), wat leidt tot effecten op het centrale zenuwstelsel. In de industrie wordt het gebruikt als een effectief oplosmiddel dankzij zijn unieke chemische eigenschappen.<\/p>\n<ul>\n<li><strong>Industri\u00eble effecten :<\/strong> Oplossen van polymeren, ontvetten en reinigen.<\/li>\n<li><strong>Biologische transformatie :<\/strong> Omzetting in GHB voor onderzoek naar neurotransmitters en slaapregulatie.<\/li>\n<li><strong>Hoe te gebruiken:<\/strong> Verwerkt onder gecontroleerde omstandigheden om de veiligheid te garanderen.<\/li>\n<\/ul>\n<h3><strong>Formule en gegevens<\/strong><\/h3>\n<ul>\n<li><strong>Chemische naam :<\/strong> Gamma-butyrolacton<\/li>\n<li><strong>Molecuulformule :<\/strong> C4H6O2<\/li>\n<li><strong>Molecuulgewicht :<\/strong> 86,09 g\/mol<\/li>\n<\/ul>","protected":false},"featured_media":97,"comment_status":"open","ping_status":"closed","template":"","meta":{"site-sidebar-layout":"default","site-content-layout":"","ast-site-content-layout":"default","site-content-style":"default","site-sidebar-style":"default","ast-global-header-display":"","ast-banner-title-visibility":"","ast-main-header-display":"","ast-hfb-above-header-display":"","ast-hfb-below-header-display":"","ast-hfb-mobile-header-display":"","site-post-title":"","ast-breadcrumbs-content":"","ast-featured-img":"","footer-sml-layout":"","theme-transparent-header-meta":"default","adv-header-id-meta":"","stick-header-meta":"","header-above-stick-meta":"","header-main-stick-meta":"","header-below-stick-meta":"","astra-migrate-meta-layouts":"set","ast-page-background-enabled":"default","ast-page-background-meta":{"desktop":{"background-color":"","background-image":"","background-repeat":"repeat","background-position":"center center","background-size":"auto","background-attachment":"scroll","background-type":"","background-media":"","overlay-type":"","overlay-color":"","overlay-opacity":"","overlay-gradient":""},"tablet":{"background-color":"","background-image":"","background-repeat":"repeat","background-position":"center center","background-size":"auto","background-attachment":"scroll","background-type":"","background-media":"","overlay-type":"","overlay-color":"","overlay-opacity":"","overlay-gradient":""},"mobile":{"background-color":"","background-image":"","background-repeat":"repeat","background-position":"center center","background-size":"auto","background-attachment":"scroll","background-type":"","background-media":"","overlay-type":"","overlay-color":"","overlay-opacity":"","overlay-gradient":""}},"ast-content-background-meta":{"desktop":{"background-color":"var(--ast-global-color-5)","background-image":"","background-repeat":"repeat","background-position":"center center","background-size":"auto","background-attachment":"scroll","background-type":"","background-media":"","overlay-type":"","overlay-color":"","overlay-opacity":"","overlay-gradient":""},"tablet":{"background-color":"var(--ast-global-color-5)","background-image":"","background-repeat":"repeat","background-position":"center center","background-size":"auto","background-attachment":"scroll","background-type":"","background-media":"","overlay-type":"","overlay-color":"","overlay-opacity":"","overlay-gradient":""},"mobile":{"background-color":"var(--ast-global-color-5)","background-image":"","background-repeat":"repeat","background-position":"center center","background-size":"auto","background-attachment":"scroll","background-type":"","background-media":"","overlay-type":"","overlay-color":"","overlay-opacity":"","overlay-gradient":""}},"_joinchat":[]},"product_brand":[],"product_cat":[18,84,141],"product_tag":[419,432,423,438,436,440,420,428,417,427,20,421,426,424,425,439,431,435,441,422,442,434,433,429,418,437,430,443],"class_list":{"0":"post-78","1":"product","2":"type-product","3":"status-publish","4":"has-post-thumbnail","6":"product_cat-ghb","7":"product_cat-ko-drops","8":"product_cat-sex-meth","9":"product_tag-acheter-ghb","10":"product_tag-applications-ghb","11":"product_tag-disponibilite-du-ghb","12":"product_tag-distributeur-ghb","13":"product_tag-effets-gamma-hydroxybutyrate","14":"product_tag-etudes-sur-ghb","15":"product_tag-fournisseur-de-ghb","16":"product_tag-fournisseur-de-sodium-oxybate","17":"product_tag-gamma-hydroxybutyrate","18":"product_tag-gamma-hydroxybutyrate-acheter","19":"product_tag-ghb","20":"product_tag-ghb-a-vendre","21":"product_tag-ghb-en-vrac","22":"product_tag-ghb-pour-recherche","23":"product_tag-ghb-usage-en-laboratoire","24":"product_tag-grossiste-sodium-oxybate","25":"product_tag-manipulation-ghb","26":"product_tag-marche-ghb","27":"product_tag-pharmacologie-gamma-hydroxybutyrate","28":"product_tag-prix-du-ghb","29":"product_tag-proprietes-ghb","30":"product_tag-reglementations-ghb","31":"product_tag-risques-ghb","32":"product_tag-securite-ghb","33":"product_tag-sodium-oxybate","34":"product_tag-sodium-oxybate-en-vrac","35":"product_tag-stockage-ghb","36":"product_tag-usage-medical-ghb","37":"desktop-align-left","38":"tablet-align-left","39":"mobile-align-left","41":"first","42":"instock","43":"shipping-taxable","44":"purchasable","45":"product-type-variable"},"yoast_head":"<!-- This site is optimized with the Yoast SEO plugin v26.9 - https:\/\/yoast.com\/product\/yoast-seo-wordpress\/ -->\n<title>Acheter du GHB cuit \u00e0 sec - GHB 500 grammes en ligne<\/title>\n<meta name=\"description\" content=\"GBL Expresser est le meilleur magasin o\u00f9 acheter du GHB cuit \u00e0 sec - 500 grammes. Commandez maintenant!\" \/>\n<meta name=\"robots\" content=\"index, follow, max-snippet:-1, max-image-preview:large, max-video-preview:-1\" \/>\n<link rel=\"canonical\" href=\"https:\/\/gblexprimer.com\/nl\/product\/trocken-gekochtes-ghb-500-gram\/\" \/>\n<meta property=\"og:locale\" content=\"nl_BE\" \/>\n<meta property=\"og:type\" content=\"article\" \/>\n<meta property=\"og:title\" content=\"Acheter du GHB cuit \u00e0 sec - GHB 500 grammes en ligne\" \/>\n<meta property=\"og:description\" content=\"GBL Expresser est le meilleur magasin o\u00f9 acheter du GHB cuit \u00e0 sec - 500 grammes. Commandez maintenant!\" \/>\n<meta property=\"og:url\" content=\"https:\/\/gblexprimer.com\/nl\/product\/trocken-gekochtes-ghb-500-gram\/\" \/>\n<meta property=\"og:site_name\" content=\"GBL Exprimer\" \/>\n<meta property=\"article:modified_time\" content=\"2026-04-07T08:42:09+00:00\" \/>\n<meta property=\"og:image\" content=\"https:\/\/gblexprimer.com\/wp-content\/uploads\/2023\/12\/Trocken-gekochtes-GHB.jpg\" \/>\n\t<meta property=\"og:image:width\" content=\"600\" \/>\n\t<meta property=\"og:image:height\" content=\"600\" \/>\n\t<meta property=\"og:image:type\" content=\"image\/jpeg\" \/>\n<meta name=\"twitter:card\" content=\"summary_large_image\" \/>\n<meta name=\"twitter:label1\" content=\"Geschatte leestijd\" \/>\n\t<meta name=\"twitter:data1\" content=\"3 minuten\" \/>\n<script type=\"application\/ld+json\" class=\"yoast-schema-graph\">{\"@context\":\"https:\/\/schema.org\",\"@graph\":[{\"@type\":\"WebPage\",\"@id\":\"https:\/\/gblexprimer.com\/product\/trocken-gekochtes-ghb-500-gramme\/\",\"url\":\"https:\/\/gblexprimer.com\/product\/trocken-gekochtes-ghb-500-gramme\/\",\"name\":\"Acheter du GHB cuit \u00e0 sec - GHB 500 grammes en ligne\",\"isPartOf\":{\"@id\":\"https:\/\/gblexprimer.com\/#website\"},\"primaryImageOfPage\":{\"@id\":\"https:\/\/gblexprimer.com\/product\/trocken-gekochtes-ghb-500-gramme\/#primaryimage\"},\"image\":{\"@id\":\"https:\/\/gblexprimer.com\/product\/trocken-gekochtes-ghb-500-gramme\/#primaryimage\"},\"thumbnailUrl\":\"https:\/\/gblexprimer.com\/wp-content\/uploads\/2023\/12\/Trocken-gekochtes-GHB.jpg\",\"datePublished\":\"2023-12-26T07:26:48+00:00\",\"dateModified\":\"2026-04-07T08:42:09+00:00\",\"description\":\"GBL Expresser est le meilleur magasin o\u00f9 acheter du GHB cuit \u00e0 sec - 500 grammes. Commandez maintenant!\",\"breadcrumb\":{\"@id\":\"https:\/\/gblexprimer.com\/product\/trocken-gekochtes-ghb-500-gramme\/#breadcrumb\"},\"inLanguage\":\"nl-BE\",\"potentialAction\":[{\"@type\":\"ReadAction\",\"target\":[\"https:\/\/gblexprimer.com\/product\/trocken-gekochtes-ghb-500-gramme\/\"]}]},{\"@type\":\"ImageObject\",\"inLanguage\":\"nl-BE\",\"@id\":\"https:\/\/gblexprimer.com\/product\/trocken-gekochtes-ghb-500-gramme\/#primaryimage\",\"url\":\"https:\/\/gblexprimer.com\/wp-content\/uploads\/2023\/12\/Trocken-gekochtes-GHB.jpg\",\"contentUrl\":\"https:\/\/gblexprimer.com\/wp-content\/uploads\/2023\/12\/Trocken-gekochtes-GHB.jpg\",\"width\":600,\"height\":600,\"caption\":\"Acheter du GHB cuit \u00e0 sec - 500 grammes en ligne\"},{\"@type\":\"BreadcrumbList\",\"@id\":\"https:\/\/gblexprimer.com\/product\/trocken-gekochtes-ghb-500-gramme\/#breadcrumb\",\"itemListElement\":[{\"@type\":\"ListItem\",\"position\":1,\"name\":\"Home\",\"item\":\"https:\/\/gblexprimer.com\/\"},{\"@type\":\"ListItem\",\"position\":2,\"name\":\"Shop\",\"item\":\"https:\/\/gblexprimer.com\/shop\/\"},{\"@type\":\"ListItem\",\"position\":3,\"name\":\"Acheter du GHB cuit \u00e0 sec &#8211; 500 grammes en ligne\"}]},{\"@type\":\"WebSite\",\"@id\":\"https:\/\/gblexprimer.com\/#website\",\"url\":\"https:\/\/gblexprimer.com\/\",\"name\":\"GBL Exprimer\",\"description\":\"\",\"publisher\":{\"@id\":\"https:\/\/gblexprimer.com\/#organization\"},\"potentialAction\":[{\"@type\":\"SearchAction\",\"target\":{\"@type\":\"EntryPoint\",\"urlTemplate\":\"https:\/\/gblexprimer.com\/?s={search_term_string}\"},\"query-input\":{\"@type\":\"PropertyValueSpecification\",\"valueRequired\":true,\"valueName\":\"search_term_string\"}}],\"inLanguage\":\"nl-BE\"},{\"@type\":\"Organization\",\"@id\":\"https:\/\/gblexprimer.com\/#organization\",\"name\":\"GBL Exprimer\",\"url\":\"https:\/\/gblexprimer.com\/\",\"logo\":{\"@type\":\"ImageObject\",\"inLanguage\":\"nl-BE\",\"@id\":\"https:\/\/gblexprimer.com\/#\/schema\/logo\/image\/\",\"url\":\"https:\/\/gblexprimer.com\/wp-content\/uploads\/2024\/01\/logo.png\",\"contentUrl\":\"https:\/\/gblexprimer.com\/wp-content\/uploads\/2024\/01\/logo.png\",\"width\":220,\"height\":80,\"caption\":\"GBL Exprimer\"},\"image\":{\"@id\":\"https:\/\/gblexprimer.com\/#\/schema\/logo\/image\/\"}}]}<\/script>\n<!-- \/ Yoast SEO plugin. -->","yoast_head_json":{"title":"Acheter du GHB cuit \u00e0 sec - GHB 500 grammes en ligne","description":"GBL Expresser is de beste plaats om dry-cooked GHB - 500 gram te kopen. Bestel het nu!","robots":{"index":"index","follow":"follow","max-snippet":"max-snippet:-1","max-image-preview":"max-image-preview:large","max-video-preview":"max-video-preview:-1"},"canonical":"https:\/\/gblexprimer.com\/nl\/product\/trocken-gekochtes-ghb-500-gram\/","og_locale":"nl_BE","og_type":"article","og_title":"Acheter du GHB cuit \u00e0 sec - GHB 500 grammes en ligne","og_description":"GBL Expresser est le meilleur magasin o\u00f9 acheter du GHB cuit \u00e0 sec - 500 grammes. Commandez maintenant!","og_url":"https:\/\/gblexprimer.com\/nl\/product\/trocken-gekochtes-ghb-500-gram\/","og_site_name":"GBL Exprimer","article_modified_time":"2026-04-07T08:42:09+00:00","og_image":[{"width":600,"height":600,"url":"https:\/\/gblexprimer.com\/wp-content\/uploads\/2023\/12\/Trocken-gekochtes-GHB.jpg","type":"image\/jpeg"}],"twitter_card":"summary_large_image","twitter_misc":{"Geschatte leestijd":"3 minuten"},"schema":{"@context":"https:\/\/schema.org","@graph":[{"@type":"WebPage","@id":"https:\/\/gblexprimer.com\/product\/trocken-gekochtes-ghb-500-gramme\/","url":"https:\/\/gblexprimer.com\/product\/trocken-gekochtes-ghb-500-gramme\/","name":"Acheter du GHB cuit \u00e0 sec - GHB 500 grammes en ligne","isPartOf":{"@id":"https:\/\/gblexprimer.com\/#website"},"primaryImageOfPage":{"@id":"https:\/\/gblexprimer.com\/product\/trocken-gekochtes-ghb-500-gramme\/#primaryimage"},"image":{"@id":"https:\/\/gblexprimer.com\/product\/trocken-gekochtes-ghb-500-gramme\/#primaryimage"},"thumbnailUrl":"https:\/\/gblexprimer.com\/wp-content\/uploads\/2023\/12\/Trocken-gekochtes-GHB.jpg","datePublished":"2023-12-26T07:26:48+00:00","dateModified":"2026-04-07T08:42:09+00:00","description":"GBL Expresser is de beste plaats om dry-cooked GHB - 500 gram te kopen. Bestel het nu!","breadcrumb":{"@id":"https:\/\/gblexprimer.com\/product\/trocken-gekochtes-ghb-500-gramme\/#breadcrumb"},"inLanguage":"nl-BE","potentialAction":[{"@type":"ReadAction","target":["https:\/\/gblexprimer.com\/product\/trocken-gekochtes-ghb-500-gramme\/"]}]},{"@type":"ImageObject","inLanguage":"nl-BE","@id":"https:\/\/gblexprimer.com\/product\/trocken-gekochtes-ghb-500-gramme\/#primaryimage","url":"https:\/\/gblexprimer.com\/wp-content\/uploads\/2023\/12\/Trocken-gekochtes-GHB.jpg","contentUrl":"https:\/\/gblexprimer.com\/wp-content\/uploads\/2023\/12\/Trocken-gekochtes-GHB.jpg","width":600,"height":600,"caption":"Acheter du GHB cuit \u00e0 sec - 500 grammes en ligne"},{"@type":"BreadcrumbList","@id":"https:\/\/gblexprimer.com\/product\/trocken-gekochtes-ghb-500-gramme\/#breadcrumb","itemListElement":[{"@type":"ListItem","position":1,"name":"Home","item":"https:\/\/gblexprimer.com\/"},{"@type":"ListItem","position":2,"name":"Shop","item":"https:\/\/gblexprimer.com\/shop\/"},{"@type":"ListItem","position":3,"name":"Acheter du GHB cuit \u00e0 sec &#8211; 500 grammes en ligne"}]},{"@type":"WebSite","@id":"https:\/\/gblexprimer.com\/#website","url":"https:\/\/gblexprimer.com\/","name":"GBL Express","description":"","publisher":{"@id":"https:\/\/gblexprimer.com\/#organization"},"potentialAction":[{"@type":"SearchAction","target":{"@type":"EntryPoint","urlTemplate":"https:\/\/gblexprimer.com\/?s={search_term_string}"},"query-input":{"@type":"PropertyValueSpecification","valueRequired":true,"valueName":"search_term_string"}}],"inLanguage":"nl-BE"},{"@type":"Organization","@id":"https:\/\/gblexprimer.com\/#organization","name":"GBL Express","url":"https:\/\/gblexprimer.com\/","logo":{"@type":"ImageObject","inLanguage":"nl-BE","@id":"https:\/\/gblexprimer.com\/#\/schema\/logo\/image\/","url":"https:\/\/gblexprimer.com\/wp-content\/uploads\/2024\/01\/logo.png","contentUrl":"https:\/\/gblexprimer.com\/wp-content\/uploads\/2024\/01\/logo.png","width":220,"height":80,"caption":"GBL Exprimer"},"image":{"@id":"https:\/\/gblexprimer.com\/#\/schema\/logo\/image\/"}}]}},"_links":{"self":[{"href":"https:\/\/gblexprimer.com\/nl\/wp-json\/wp\/v2\/product\/78","targetHints":{"allow":["GET"]}}],"collection":[{"href":"https:\/\/gblexprimer.com\/nl\/wp-json\/wp\/v2\/product"}],"about":[{"href":"https:\/\/gblexprimer.com\/nl\/wp-json\/wp\/v2\/types\/product"}],"replies":[{"embeddable":true,"href":"https:\/\/gblexprimer.com\/nl\/wp-json\/wp\/v2\/comments?post=78"}],"wp:featuredmedia":[{"embeddable":true,"href":"https:\/\/gblexprimer.com\/nl\/wp-json\/wp\/v2\/media\/97"}],"wp:attachment":[{"href":"https:\/\/gblexprimer.com\/nl\/wp-json\/wp\/v2\/media?parent=78"}],"wp:term":[{"taxonomy":"product_brand","embeddable":true,"href":"https:\/\/gblexprimer.com\/nl\/wp-json\/wp\/v2\/product_brand?post=78"},{"taxonomy":"product_cat","embeddable":true,"href":"https:\/\/gblexprimer.com\/nl\/wp-json\/wp\/v2\/product_cat?post=78"},{"taxonomy":"product_tag","embeddable":true,"href":"https:\/\/gblexprimer.com\/nl\/wp-json\/wp\/v2\/product_tag?post=78"}],"curies":[{"name":"wp","href":"https:\/\/api.w.org\/{rel}","templated":true}]}}