{"id":5221,"date":"2025-02-02T00:33:12","date_gmt":"2025-02-02T00:33:12","guid":{"rendered":"https:\/\/gblexprimer.com\/?page_id=5221"},"modified":"2025-02-02T00:33:13","modified_gmt":"2025-02-02T00:33:13","slug":"co-to-jest-ghb","status":"publish","type":"page","link":"https:\/\/gblexprimer.com\/pl\/co-to-jest-ghb\/","title":{"rendered":"Co to jest GHB?"},"content":{"rendered":"<figure class=\"wp-block-image aligncenter size-full is-resized\"><img fetchpriority=\"high\" decoding=\"async\" width=\"225\" height=\"224\" src=\"https:\/\/gblexprimer.com\/wp-content\/uploads\/2025\/02\/Heaven-Pure-Ecstasy-12.jpeg\" alt=\"\" class=\"wp-image-5222\" style=\"width:225px;height:auto\" srcset=\"https:\/\/gblexprimer.com\/wp-content\/uploads\/2025\/02\/Heaven-Pure-Ecstasy-12.jpeg 225w, https:\/\/gblexprimer.com\/wp-content\/uploads\/2025\/02\/Heaven-Pure-Ecstasy-12-150x150.jpeg 150w, https:\/\/gblexprimer.com\/wp-content\/uploads\/2025\/02\/Heaven-Pure-Ecstasy-12-12x12.jpeg 12w, https:\/\/gblexprimer.com\/wp-content\/uploads\/2025\/02\/Heaven-Pure-Ecstasy-12-100x100.jpeg 100w\" sizes=\"(max-width: 225px) 100vw, 225px\" \/><\/figure>\n\n\n\n<p>GHB (gamma-hydroksyma\u015blan) to bezwonny, bezbarwny p\u0142yn o lekko s\u0142onym smaku. Jest klasyfikowany jako \u015brodek uspokajaj\u0105cy i nale\u017cy do tej samej rodziny lek\u00f3w co Rohypnol i ketamina. Czym jest GHB? <a href=\"https:\/\/chemspowder.com\/es\/\">.<\/a><\/p>\n\n\n\n<p>GHB jest stosowany jako znieczulenie og\u00f3lne w Europie. W Stanach Zjednoczonych FDA zatwierdzi\u0142a GHB do leczenia narkolepsji (zaburzenia snu) w 2002 roku. Zatwierdzeniu temu towarzyszy\u0142y surowe ograniczenia, w tym stosowanie GHB wy\u0142\u0105cznie w leczeniu narkolepsji i obowi\u0105zek stworzenia rejestru pacjent\u00f3w kontrolowanego przez FDA.<a href=\"https:\/\/gblexprimer.com\/pl\/\">.<\/a><\/p>\n\n\n\n<p>GHB by\u0142 u\u017cywany w tym kraju jako \u015brodek gwa\u0142tu na randce: mo\u017cna go wsypa\u0107 do drinka ofiary, powoduj\u0105c zawroty g\u0142owy, dezorientacj\u0119, senno\u015b\u0107, a czasem utrat\u0119 przytomno\u015bci. Gdy GHB jest po\u0142\u0105czony z alkoholem, jest to szczeg\u00f3lnie niebezpieczne, poniewa\u017c po\u0142\u0105czenie tych dw\u00f3ch depresant\u00f3w mo\u017ce prowadzi\u0107 do przedawkowania. Zanim stosowanie GHB zosta\u0142o ograniczone, by\u0142 on sprzedawany kulturystom jako produkt uwalniaj\u0105cy hormon wzrostu i buduj\u0105cy mi\u0119\u015bnie. Nie ma dowod\u00f3w na to, \u017ce tak jest. GHB by\u0142 r\u00f3wnie\u017c sprzedawany jako \"zio\u0142owy\" suplement wspomagaj\u0105cy sen i zwalczaj\u0105cy depresj\u0119.<\/p>\n\n\n\n<p>Naukowcy nie wiedz\u0105 dok\u0142adnie, w jaki spos\u00f3b GHB wp\u0142ywa na neurochemi\u0119, ale jest uwa\u017cany za bardzo silny \u015brodek uspokajaj\u0105cy, poniewa\u017c ma\u0142e dawki mog\u0105 mie\u0107 powa\u017cne skutki, takie jak utrata przytomno\u015bci. Dowody sugeruj\u0105, \u017ce \u0142atwo przekracza barier\u0119 krew-m\u00f3zg, fizjologiczny mechanizm, kt\u00f3ry reguluje uwalnianie substancji chemicznych i sk\u0142adnik\u00f3w od\u017cywczych do m\u00f3zgu. Ma zatem zdolno\u015b\u0107 do bezpo\u015bredniego dzia\u0142ania na m\u00f3zg w spos\u00f3b, w jaki nie robi\u0105 tego inne leki.<\/p>\n\n\n\n<h3 class=\"wp-block-heading\">Jak stosuje si\u0119 GHB?<\/h3>\n\n\n\n<p>GHB jest zwykle przyjmowany w postaci p\u0142ynnej, ale czasami wyst\u0119puje w postaci proszku, tabletek lub kapsu\u0142ek. Poniewa\u017c GHB w postaci p\u0142ynnej ma r\u00f3\u017cn\u0105 moc, a ludzie r\u00f3\u017cnie na niego reaguj\u0105, bardzo \u0142atwo jest przyj\u0105\u0107 niebezpieczn\u0105 dawk\u0119 narkotyku. Dzia\u0142anie narkotyku rozpoczyna si\u0119 10 do 20 minut po za\u017cyciu i trwa do 4 godzin.<\/p>\n\n\n\n<h2 class=\"wp-block-heading\">Dlaczego ludzie za\u017cywaj\u0105 GHB?<\/h2>\n\n\n\n<p>GHB mo\u017ce wywo\u0142ywa\u0107 halucynacje oraz uczucie odpr\u0119\u017cenia i euforii. Osoby u\u017cywaj\u0105ce GHB zg\u0142aszaj\u0105 r\u00f3wnie\u017c wzrost energii, uczucie przywi\u0105zania i towarzysko\u015bci, \u0142agodne odhamowanie i lepsze doznania seksualne.<\/p>\n\n\n\n<h3 class=\"wp-block-heading\">Czy istniej\u0105 jakie\u015b kr\u00f3tkoterminowe zagro\u017cenia zwi\u0105zane z przyjmowaniem GHB?<\/h3>\n\n\n\n<p>Zagro\u017cenia dla zdrowia obejmuj\u0105 nudno\u015bci, utrat\u0119 koordynacji, trudno\u015bci z koncentracj\u0105 i utrat\u0119 odruchu wymiotnego. Poniewa\u017c dawki s\u0105 trudne do okre\u015blenia ilo\u015bciowego, przedawkowanie mo\u017ce wyst\u0105pi\u0107 do\u015b\u0107 \u0142atwo, szczeg\u00f3lnie w po\u0142\u0105czeniu z alkoholem. Znaki ostrzegawcze przedawkowania GHB mog\u0105 by\u0107 nast\u0119puj\u0105ce<\/p>\n\n\n\n<p>Wymioty<br>Intensywne b\u00f3le g\u0142owy<br>Bardzo wolne oddychanie i t\u0119tno<br>Objawy odstawienia, takie jak bezsenno\u015b\u0107, niepok\u00f3j, dr\u017cenie i pocenie si\u0119.<br>utrata pami\u0119ci<br>Trudno\u015bci w oddychaniu<br>Utrata przytomno\u015bci<\/p>\n\n\n\n<p>Ze wzgl\u0119du na ryzyko przedawkowania, GHB jest prawdopodobnie najbardziej niebezpiecznym narkotykiem klubowym pod wzgl\u0119dem bezpo\u015brednich konsekwencji. GHB spowodowa\u0142 \u015bmier\u0107 73 os\u00f3b od 1995 roku. Liczba przyj\u0119\u0107 w nag\u0142ych wypadkach spowodowanych GHB wzros\u0142a prawie czterokrotnie w latach 1998-2000, zg\u0142aszaj\u0105c 4 969 przypadk\u00f3w.<\/p>\n\n\n\n<p>Poniewa\u017c GHB stosunkowo szybko opuszcza organizm, nie jest \u0142atwo wykrywany przez testy medyczne. Wa\u017cne jest, aby poinformowa\u0107 pracownika s\u0142u\u017cby zdrowia o za\u017cyciu GHB w celu uzyskania odpowiedniej pomocy medycznej.<\/p>\n\n\n\n<p>GHB mo\u017ce \u0142atwo przedosta\u0107 si\u0119 do napoju niezauwa\u017cony. Je\u015bli zaczniesz do\u015bwiadcza\u0107 objaw\u00f3w, kt\u00f3re nie maj\u0105 nic wsp\u00f3lnego z tym, co pijesz, natychmiast poszukaj pomocy.<\/p>\n\n\n\n<p>Pami\u0119taj, \u017ce nielegalne narkotyki s\u0105 produkowane w tajnych laboratoriach i nigdy nie mo\u017cesz mie\u0107 pewno\u015bci, co znajduje si\u0119 w narkotyku lub jak silny jest. Wytwarzanie GHB z przepisu jest r\u00f3wnie\u017c niezwykle niebezpieczne, poniewa\u017c wiele os\u00f3b, kt\u00f3re nie sformu\u0142owa\u0142y GHB prawid\u0142owo, poparzy\u0142o sobie usta, gard\u0142o i prze\u0142yk tym, co by\u0142o zasadniczo kwa\u015bnym zwi\u0105zkiem.<\/p>\n\n\n\n<h4 class=\"wp-block-heading\">Czy GHB uzale\u017cnia?<\/h4>\n\n\n\n<p>Powtarzaj\u0105ce si\u0119 stosowanie GHB mo\u017ce prowadzi\u0107 do efekt\u00f3w odstawienia, w tym bezsenno\u015bci, niepokoju i dr\u017cenia. Do\u015bwiadczenie odstawienia jest jednym z objaw\u00f3w uzale\u017cnienia. Nie ma wielu statystyk dotycz\u0105cych nadu\u017cywania GHB, ale dost\u0119pne informacje sugeruj\u0105, \u017ce nadu\u017cywanie GHB ro\u015bnie. Zg\u0142oszono wiele przypadk\u00f3w uzale\u017cnienia od GHB i wydaje si\u0119, \u017ce gdy osoba jest ju\u017c uzale\u017cniona, trudniej jest odstawi\u0107 GHB ni\u017c kokain\u0119 lub heroin\u0119. Mo\u017cliwo\u015bci leczenia pozostaj\u0105 ograniczone. Ze wzgl\u0119du na nasilenie objaw\u00f3w odstawienia GHB, konieczne jest poszukiwanie profesjonalnej pomocy podczas detoksykacji. Odstawienie mo\u017ce obejmowa\u0107 delirium, dezorientacj\u0119 i halucynacje, kt\u00f3re mog\u0105 trwa\u0107 do dw\u00f3ch tygodni Co to jest GHB.<\/p>\n\n\n\n<h4 class=\"wp-block-heading\">Czy GHB jest nielegalny?<\/h4>\n\n\n\n<p>U\u017cywanie GHB jest legalne tylko wtedy, gdy zosta\u0142 przepisany osobie w celu leczenia narkolepsji. Inne rodzaje posiadania, u\u017cywania, produkcji i sprzeda\u017cy s\u0105 karane ci\u0119\u017ckim wi\u0119zieniem, grzywnami i dzia\u0142aniami dyscyplinarnymi w UCSC.<\/p>\n\n\n\n<p>Jak mog\u0119 pom\u00f3c znajomemu, kt\u00f3ry ma problemy z narkotykami?<br>Je\u015bli jeste\u015b zaniepokojony u\u017cywaniem narkotyk\u00f3w lub alkoholu przez znajomego, ta strona zawiera przydatne informacje na temat r\u00f3\u017cnych sposob\u00f3w pomagania im, Co to jest GHB.<\/p>","protected":false},"excerpt":{"rendered":"<p>Le GHB (gamma hydroxybutyrate) est un liquide inodore et incolore au go\u00fbt l\u00e9g\u00e8rement sal\u00e9. Il est class\u00e9 parmi les s\u00e9datifs et appartient \u00e0 la m\u00eame famille de m\u00e9dicaments que le Rohypnol et la k\u00e9tamine, Qu&rsquo;est-ce que le GHB . Le GHB est utilis\u00e9 comme anesth\u00e9sique g\u00e9n\u00e9ral en Europe. Aux \u00c9tats-Unis, la FDA a approuv\u00e9 le [&hellip;]<\/p>","protected":false},"author":1,"featured_media":0,"parent":0,"menu_order":0,"comment_status":"closed","ping_status":"closed","template":"","meta":{"site-sidebar-layout":"default","site-content-layout":"","ast-site-content-layout":"","site-content-style":"default","site-sidebar-style":"default","ast-global-header-display":"","ast-banner-title-visibility":"","ast-main-header-display":"","ast-hfb-above-header-display":"","ast-hfb-below-header-display":"","ast-hfb-mobile-header-display":"","site-post-title":"","ast-breadcrumbs-content":"","ast-featured-img":"","footer-sml-layout":"","theme-transparent-header-meta":"","adv-header-id-meta":"","stick-header-meta":"","header-above-stick-meta":"","header-main-stick-meta":"","header-below-stick-meta":"","astra-migrate-meta-layouts":"default","ast-page-background-enabled":"default","ast-page-background-meta":{"desktop":{"background-color":"","background-image":"","background-repeat":"repeat","background-position":"center center","background-size":"auto","background-attachment":"scroll","background-type":"","background-media":"","overlay-type":"","overlay-color":"","overlay-opacity":"","overlay-gradient":""},"tablet":{"background-color":"","background-image":"","background-repeat":"repeat","background-position":"center center","background-size":"auto","background-attachment":"scroll","background-type":"","background-media":"","overlay-type":"","overlay-color":"","overlay-opacity":"","overlay-gradient":""},"mobile":{"background-color":"","background-image":"","background-repeat":"repeat","background-position":"center center","background-size":"auto","background-attachment":"scroll","background-type":"","background-media":"","overlay-type":"","overlay-color":"","overlay-opacity":"","overlay-gradient":""}},"ast-content-background-meta":{"desktop":{"background-color":"var(--ast-global-color-5)","background-image":"","background-repeat":"repeat","background-position":"center center","background-size":"auto","background-attachment":"scroll","background-type":"","background-media":"","overlay-type":"","overlay-color":"","overlay-opacity":"","overlay-gradient":""},"tablet":{"background-color":"var(--ast-global-color-5)","background-image":"","background-repeat":"repeat","background-position":"center center","background-size":"auto","background-attachment":"scroll","background-type":"","background-media":"","overlay-type":"","overlay-color":"","overlay-opacity":"","overlay-gradient":""},"mobile":{"background-color":"var(--ast-global-color-5)","background-image":"","background-repeat":"repeat","background-position":"center center","background-size":"auto","background-attachment":"scroll","background-type":"","background-media":"","overlay-type":"","overlay-color":"","overlay-opacity":"","overlay-gradient":""}},"_joinchat":[],"footnotes":""},"class_list":["post-5221","page","type-page","status-publish","hentry"],"yoast_head":"<!-- This site is optimized with the Yoast SEO plugin v26.9 - https:\/\/yoast.com\/product\/yoast-seo-wordpress\/ -->\n<title>Qu&#039;est-ce que le GHB - GHB (gamma hydroxybutyrate)<\/title>\n<meta name=\"description\" content=\"Qu&#039;est-ce que le GHB , La consommation r\u00e9p\u00e9t\u00e9e de GHB peut entra\u00eener des effets de sevrage, notamment l&#039;insomnie, l&#039;anxi\u00e9t\u00e9 et les tremblements. L&#039;exp\u00e9rience du sevrage est l&#039;un des signes de la d\u00e9pendance.\" \/>\n<meta name=\"robots\" content=\"index, follow, max-snippet:-1, max-image-preview:large, max-video-preview:-1\" \/>\n<link rel=\"canonical\" href=\"https:\/\/gblexprimer.com\/pl\/co-to-jest-ghb\/\" \/>\n<meta property=\"og:locale\" content=\"pl_PL\" \/>\n<meta property=\"og:type\" content=\"article\" \/>\n<meta property=\"og:title\" content=\"Qu&#039;est-ce que le GHB - GHB (gamma hydroxybutyrate)\" \/>\n<meta property=\"og:description\" content=\"Qu&#039;est-ce que le GHB , La consommation r\u00e9p\u00e9t\u00e9e de GHB peut entra\u00eener des effets de sevrage, notamment l&#039;insomnie, l&#039;anxi\u00e9t\u00e9 et les tremblements. L&#039;exp\u00e9rience du sevrage est l&#039;un des signes de la d\u00e9pendance.\" \/>\n<meta property=\"og:url\" content=\"https:\/\/gblexprimer.com\/pl\/co-to-jest-ghb\/\" \/>\n<meta property=\"og:site_name\" content=\"GBL Exprimer\" \/>\n<meta property=\"article:modified_time\" content=\"2025-02-02T00:33:13+00:00\" \/>\n<meta property=\"og:image\" content=\"https:\/\/gblexprimer.com\/wp-content\/uploads\/2025\/02\/Heaven-Pure-Ecstasy-12.jpeg\" \/>\n<meta name=\"twitter:card\" content=\"summary_large_image\" \/>\n<meta name=\"twitter:label1\" content=\"Szacowany czas czytania\" \/>\n\t<meta name=\"twitter:data1\" content=\"5 minut\" \/>\n<script type=\"application\/ld+json\" class=\"yoast-schema-graph\">{\"@context\":\"https:\/\/schema.org\",\"@graph\":[{\"@type\":\"WebPage\",\"@id\":\"https:\/\/gblexprimer.com\/quest-ce-que-le-ghb\/\",\"url\":\"https:\/\/gblexprimer.com\/quest-ce-que-le-ghb\/\",\"name\":\"Qu'est-ce que le GHB - GHB (gamma hydroxybutyrate)\",\"isPartOf\":{\"@id\":\"https:\/\/gblexprimer.com\/#website\"},\"primaryImageOfPage\":{\"@id\":\"https:\/\/gblexprimer.com\/quest-ce-que-le-ghb\/#primaryimage\"},\"image\":{\"@id\":\"https:\/\/gblexprimer.com\/quest-ce-que-le-ghb\/#primaryimage\"},\"thumbnailUrl\":\"https:\/\/gblexprimer.com\/wp-content\/uploads\/2025\/02\/Heaven-Pure-Ecstasy-12.jpeg\",\"datePublished\":\"2025-02-02T00:33:12+00:00\",\"dateModified\":\"2025-02-02T00:33:13+00:00\",\"description\":\"Qu'est-ce que le GHB , La consommation r\u00e9p\u00e9t\u00e9e de GHB peut entra\u00eener des effets de sevrage, notamment l'insomnie, l'anxi\u00e9t\u00e9 et les tremblements. L'exp\u00e9rience du sevrage est l'un des signes de la d\u00e9pendance.\",\"breadcrumb\":{\"@id\":\"https:\/\/gblexprimer.com\/quest-ce-que-le-ghb\/#breadcrumb\"},\"inLanguage\":\"pl-PL\",\"potentialAction\":[{\"@type\":\"ReadAction\",\"target\":[\"https:\/\/gblexprimer.com\/quest-ce-que-le-ghb\/\"]}]},{\"@type\":\"ImageObject\",\"inLanguage\":\"pl-PL\",\"@id\":\"https:\/\/gblexprimer.com\/quest-ce-que-le-ghb\/#primaryimage\",\"url\":\"https:\/\/gblexprimer.com\/wp-content\/uploads\/2025\/02\/Heaven-Pure-Ecstasy-12.jpeg\",\"contentUrl\":\"https:\/\/gblexprimer.com\/wp-content\/uploads\/2025\/02\/Heaven-Pure-Ecstasy-12.jpeg\"},{\"@type\":\"BreadcrumbList\",\"@id\":\"https:\/\/gblexprimer.com\/quest-ce-que-le-ghb\/#breadcrumb\",\"itemListElement\":[{\"@type\":\"ListItem\",\"position\":1,\"name\":\"Home\",\"item\":\"https:\/\/gblexprimer.com\/\"},{\"@type\":\"ListItem\",\"position\":2,\"name\":\"Qu&#8217;est-ce que le GHB ?\"}]},{\"@type\":\"WebSite\",\"@id\":\"https:\/\/gblexprimer.com\/#website\",\"url\":\"https:\/\/gblexprimer.com\/\",\"name\":\"GBL Exprimer\",\"description\":\"\",\"publisher\":{\"@id\":\"https:\/\/gblexprimer.com\/#organization\"},\"potentialAction\":[{\"@type\":\"SearchAction\",\"target\":{\"@type\":\"EntryPoint\",\"urlTemplate\":\"https:\/\/gblexprimer.com\/?s={search_term_string}\"},\"query-input\":{\"@type\":\"PropertyValueSpecification\",\"valueRequired\":true,\"valueName\":\"search_term_string\"}}],\"inLanguage\":\"pl-PL\"},{\"@type\":\"Organization\",\"@id\":\"https:\/\/gblexprimer.com\/#organization\",\"name\":\"GBL Exprimer\",\"url\":\"https:\/\/gblexprimer.com\/\",\"logo\":{\"@type\":\"ImageObject\",\"inLanguage\":\"pl-PL\",\"@id\":\"https:\/\/gblexprimer.com\/#\/schema\/logo\/image\/\",\"url\":\"https:\/\/gblexprimer.com\/wp-content\/uploads\/2024\/01\/logo.png\",\"contentUrl\":\"https:\/\/gblexprimer.com\/wp-content\/uploads\/2024\/01\/logo.png\",\"width\":220,\"height\":80,\"caption\":\"GBL Exprimer\"},\"image\":{\"@id\":\"https:\/\/gblexprimer.com\/#\/schema\/logo\/image\/\"}}]}<\/script>\n<!-- \/ Yoast SEO plugin. -->","yoast_head_json":{"title":"Co to jest GHB - GHB (hydroksyma\u015blan gamma)","description":"Co to jest GHB , Powtarzaj\u0105ce si\u0119 stosowanie GHB mo\u017ce prowadzi\u0107 do efekt\u00f3w odstawienia, w tym bezsenno\u015bci, niepokoju i dr\u017cenia. Do\u015bwiadczenie odstawienia jest jednym z objaw\u00f3w uzale\u017cnienia.","robots":{"index":"index","follow":"follow","max-snippet":"max-snippet:-1","max-image-preview":"max-image-preview:large","max-video-preview":"max-video-preview:-1"},"canonical":"https:\/\/gblexprimer.com\/pl\/co-to-jest-ghb\/","og_locale":"pl_PL","og_type":"article","og_title":"Qu'est-ce que le GHB - GHB (gamma hydroxybutyrate)","og_description":"Qu'est-ce que le GHB , La consommation r\u00e9p\u00e9t\u00e9e de GHB peut entra\u00eener des effets de sevrage, notamment l'insomnie, l'anxi\u00e9t\u00e9 et les tremblements. L'exp\u00e9rience du sevrage est l'un des signes de la d\u00e9pendance.","og_url":"https:\/\/gblexprimer.com\/pl\/co-to-jest-ghb\/","og_site_name":"GBL Exprimer","article_modified_time":"2025-02-02T00:33:13+00:00","og_image":[{"url":"https:\/\/gblexprimer.com\/wp-content\/uploads\/2025\/02\/Heaven-Pure-Ecstasy-12.jpeg","type":"","width":"","height":""}],"twitter_card":"summary_large_image","twitter_misc":{"Szacowany czas czytania":"5 minut"},"schema":{"@context":"https:\/\/schema.org","@graph":[{"@type":"WebPage","@id":"https:\/\/gblexprimer.com\/quest-ce-que-le-ghb\/","url":"https:\/\/gblexprimer.com\/quest-ce-que-le-ghb\/","name":"Co to jest GHB - GHB (hydroksyma\u015blan gamma)","isPartOf":{"@id":"https:\/\/gblexprimer.com\/#website"},"primaryImageOfPage":{"@id":"https:\/\/gblexprimer.com\/quest-ce-que-le-ghb\/#primaryimage"},"image":{"@id":"https:\/\/gblexprimer.com\/quest-ce-que-le-ghb\/#primaryimage"},"thumbnailUrl":"https:\/\/gblexprimer.com\/wp-content\/uploads\/2025\/02\/Heaven-Pure-Ecstasy-12.jpeg","datePublished":"2025-02-02T00:33:12+00:00","dateModified":"2025-02-02T00:33:13+00:00","description":"Co to jest GHB , Powtarzaj\u0105ce si\u0119 stosowanie GHB mo\u017ce prowadzi\u0107 do efekt\u00f3w odstawienia, w tym bezsenno\u015bci, niepokoju i dr\u017cenia. Do\u015bwiadczenie odstawienia jest jednym z objaw\u00f3w uzale\u017cnienia.","breadcrumb":{"@id":"https:\/\/gblexprimer.com\/quest-ce-que-le-ghb\/#breadcrumb"},"inLanguage":"pl-PL","potentialAction":[{"@type":"ReadAction","target":["https:\/\/gblexprimer.com\/quest-ce-que-le-ghb\/"]}]},{"@type":"ImageObject","inLanguage":"pl-PL","@id":"https:\/\/gblexprimer.com\/quest-ce-que-le-ghb\/#primaryimage","url":"https:\/\/gblexprimer.com\/wp-content\/uploads\/2025\/02\/Heaven-Pure-Ecstasy-12.jpeg","contentUrl":"https:\/\/gblexprimer.com\/wp-content\/uploads\/2025\/02\/Heaven-Pure-Ecstasy-12.jpeg"},{"@type":"BreadcrumbList","@id":"https:\/\/gblexprimer.com\/quest-ce-que-le-ghb\/#breadcrumb","itemListElement":[{"@type":"ListItem","position":1,"name":"Home","item":"https:\/\/gblexprimer.com\/"},{"@type":"ListItem","position":2,"name":"Qu&#8217;est-ce que le GHB ?"}]},{"@type":"WebSite","@id":"https:\/\/gblexprimer.com\/#website","url":"https:\/\/gblexprimer.com\/","name":"GBL Express","description":"","publisher":{"@id":"https:\/\/gblexprimer.com\/#organization"},"potentialAction":[{"@type":"SearchAction","target":{"@type":"EntryPoint","urlTemplate":"https:\/\/gblexprimer.com\/?s={search_term_string}"},"query-input":{"@type":"PropertyValueSpecification","valueRequired":true,"valueName":"search_term_string"}}],"inLanguage":"pl-PL"},{"@type":"Organization","@id":"https:\/\/gblexprimer.com\/#organization","name":"GBL Express","url":"https:\/\/gblexprimer.com\/","logo":{"@type":"ImageObject","inLanguage":"pl-PL","@id":"https:\/\/gblexprimer.com\/#\/schema\/logo\/image\/","url":"https:\/\/gblexprimer.com\/wp-content\/uploads\/2024\/01\/logo.png","contentUrl":"https:\/\/gblexprimer.com\/wp-content\/uploads\/2024\/01\/logo.png","width":220,"height":80,"caption":"GBL Exprimer"},"image":{"@id":"https:\/\/gblexprimer.com\/#\/schema\/logo\/image\/"}}]}},"_links":{"self":[{"href":"https:\/\/gblexprimer.com\/pl\/wp-json\/wp\/v2\/pages\/5221","targetHints":{"allow":["GET"]}}],"collection":[{"href":"https:\/\/gblexprimer.com\/pl\/wp-json\/wp\/v2\/pages"}],"about":[{"href":"https:\/\/gblexprimer.com\/pl\/wp-json\/wp\/v2\/types\/page"}],"author":[{"embeddable":true,"href":"https:\/\/gblexprimer.com\/pl\/wp-json\/wp\/v2\/users\/1"}],"replies":[{"embeddable":true,"href":"https:\/\/gblexprimer.com\/pl\/wp-json\/wp\/v2\/comments?post=5221"}],"version-history":[{"count":1,"href":"https:\/\/gblexprimer.com\/pl\/wp-json\/wp\/v2\/pages\/5221\/revisions"}],"predecessor-version":[{"id":5223,"href":"https:\/\/gblexprimer.com\/pl\/wp-json\/wp\/v2\/pages\/5221\/revisions\/5223"}],"wp:attachment":[{"href":"https:\/\/gblexprimer.com\/pl\/wp-json\/wp\/v2\/media?parent=5221"}],"curies":[{"name":"wp","href":"https:\/\/api.w.org\/{rel}","templated":true}]}}