{"id":17,"date":"2023-12-26T07:26:40","date_gmt":"2023-12-26T07:26:40","guid":{"rendered":"https:\/\/cannasmed.com\/gbl\/?post_type=product&#038;p=17"},"modified":"2026-04-16T05:58:23","modified_gmt":"2026-04-16T05:58:23","slug":"kupic-ritalin","status":"publish","type":"product","link":"https:\/\/gblexprimer.com\/pl\/produkt\/kupic-ritalin\/","title":{"rendered":"Ritalin zakupy online"},"content":{"rendered":"<h2>Ritalin zakupy online<\/h2>\n<p data-start=\"134\" data-end=\"512\">Do u\u017cytku publicznego metylofenidat jest sprzedawany w postaci tabletek. <a href=\"https:\/\/gblexprimer.com\/pl\/produkt\/kupic-ritalin\/\"><strong data-start=\"211\" data-end=\"234\">comprim\u00e9 de Ritalin<\/strong><\/a>. Lek ten dzia\u0142a cuda w leczeniu objaw\u00f3w TDAH. Tabletki Ritalin 20 mg (metylofenidat) s\u0105 jednak czasami przepisywane przez pracownik\u00f3w s\u0142u\u017cby zdrowia jako niedozwolone leczenie choroby Parkinsona i depresji.<\/p>\n<p data-start=\"514\" data-end=\"1006\">Le <a href=\"https:\/\/gblexprimer.com\/pl\/\"><strong data-start=\"517\" data-end=\"536\">metylofenidat<\/strong><\/a> jest lekiem, kt\u00f3ry dzia\u0142a jako centralny stymulant nerwowy, pomagaj\u0105c zwi\u0119kszy\u0107 poziom dopaminy w m\u00f3zgu. Ten neuroprzeka\u017anik, dopamina, promuje emocje pop\u0119du i zapa\u0142u. Sugeruje to, \u017ce wy\u017cszy poziom dopaminy mo\u017ce poprawi\u0107 koncentracj\u0119, u\u0142atwi\u0107 wykonywanie codziennych zada\u0144 i z\u0142agodzi\u0107 inne objawy zwi\u0105zane z ADHD.<\/p>\n<p data-start=\"1020\" data-end=\"1366\">Metylofenidat jest dost\u0119pny w postaci tabletek do \u017cucia Ritalin, tabletek do \u017cucia o przed\u0142u\u017conym uwalnianiu, tabletek rozpadaj\u0105cych si\u0119 w jamie ustnej o przed\u0142u\u017conym uwalnianiu i kapsu\u0142ek o przed\u0142u\u017conym uwalnianiu. Czasami jest sprzedawany pod nazwami handlowymi innymi ni\u017c Ritalin, np. Kup metylofenidat.<\/p>\n<h3 data-start=\"1368\" data-end=\"1406\">Dlaczego warto kupi\u0107 Ritalin online?<\/h3>\n<p data-start=\"1408\" data-end=\"1541\">Chocia\u017c zakup Ritalinu online ma wiele zalet, oto niekt\u00f3re z najwa\u017cniejszych i najcz\u0119stszych:<\/p>\n<p data-start=\"1543\" data-end=\"2023\">Leki zatwierdzone przez FDA mo\u017cna kupi\u0107 online bez <strong><a href=\"https:\/\/www.drugs.com\/ritalin.html\">recepta lekarska<\/a><\/strong>. Cho\u0107 jest to lek legalny, Ritalin trudno znale\u017a\u0107 w aptekach. Je\u015bli napi\u0119ty harmonogram uniemo\u017cliwia uzyskanie zalecenia lekarza na czas w celu uzyskania tego leku, najlepszym rozwi\u0105zaniem b\u0119dzie zakup Ritalinu przez Internet. Kupuj\u0105c online, oszcz\u0119dzasz pieni\u0105dze i wa\u017cny czas. Kup Ritalin bez recepty online.<\/p>\n<p data-start=\"2025\" data-end=\"2487\">Kolejn\u0105 zalet\u0105 zakupu Ritalinu przez Internet jest to, \u017ce jego cena jest znacznie ni\u017csza ni\u017c w przypadku tabletek Ritalin dost\u0119pnych w sklepach stacjonarnych. <strong><a href=\"https:\/\/en.wikipedia.org\/wiki\/Methylphenidate\">okoliczne apteki<\/a><\/strong>, \u017ce jego cena jest znacznie ni\u017csza ni\u017c w przypadku tabletek Ritalin dost\u0119pnych w lokalnych aptekach. Powodem, dla kt\u00f3rego pigu\u0142ki kupowane online s\u0105 tak tanie, nie jest ich niska jako\u015b\u0107; jest tak raczej dlatego, \u017ce apteki internetowe s\u0105 w stanie zaoferowa\u0107 te leki po obni\u017conej cenie, poniewa\u017c nie podlegaj\u0105 one \u017cadnym dodatkowym op\u0142atom.<\/p>\n<h3 data-start=\"2489\" data-end=\"2552\">Czy mo\u017cna kupi\u0107 Ritalin online bez recepty?<\/h3>\n<p data-start=\"2554\" data-end=\"2946\">Ritalin mo\u017cna kupi\u0107 u nas online bez recepty. Wystarczy z\u0142o\u017cy\u0107 zam\u00f3wienie i wype\u0142ni\u0107 szczeg\u00f3\u0142y p\u0142atno\u015bci na naszej stronie internetowej. Tabletki Ritalin zostan\u0105 dostarczone w ci\u0105gu jednego lub dw\u00f3ch dni. Leki te s\u0105 tak samo dobre i skuteczne, jak te dost\u0119pne w lokalnej aptece. Kup Ritalin bez recepty online.<\/p>\n<p data-start=\"2948\" data-end=\"3267\">Skutki uboczne metylofenidatu, bezpieczne stosowanie, uzale\u017cnienie od \u015brodk\u00f3w pobudzaj\u0105cych, \u015brodki ostro\u017cno\u015bci dotycz\u0105ce stosowania, przedawkowanie metylofenidatu, ryzyko stosowania Ritalinu i <a href=\"https:\/\/gblexprimer.com\/pl\/produkt\/kupic-alprazolam-w-proszku-100g-online\/\"><strong data-start=\"3125\" data-end=\"3157\">odpowiedzialne stosowanie lek\u00f3w<\/strong><\/a> to wszystko, o czym nale\u017cy pami\u0119ta\u0107, aby w pe\u0142ni skorzysta\u0107 z dobrodziejstw tego psychostymulatora.<\/p>\n<p>Metylina<\/p>\n<p>Koncert<\/p>\n<p>Metadane ER<\/p>\n<p>Oddzia\u0142 ratunkowy Quillichew<\/p>\n<p>Quillivant<\/p>\n<p>Aptension<\/p>\n<p>Cotempla XR-OTD<\/p>\n<p>Adhansie<\/p>\n<p>Wszystkie te leki zosta\u0142y zatwierdzone przez ekspert\u00f3w do u\u017cytku publicznego. <a href=\"https:\/\/gblexprimer.com\/pl\/produkt\/kupic-ritalin\/\"><strong>Ulubione przez klient\u00f3w<\/strong><\/a><\/p>","protected":false},"excerpt":{"rendered":"<p>Achats en ligne Ritalin Pour un usage public, le m\u00e9thylph\u00e9nidate est vendu sous l\u2019apparence d\u2019un comprim\u00e9 de Ritalin. Ce m\u00e9dicament TDAH fait des merveilles pour traiter les sympt\u00f4mes du TDAH. N\u00e9anmoins, les Ritalin 20 mg (comprim\u00e9s de Ritalin) sont parfois prescrits par les professionnels de la sant\u00e9 comme traitement non autoris\u00e9 de la maladie de [&hellip;]<\/p>","protected":false},"featured_media":105,"comment_status":"open","ping_status":"closed","template":"","meta":{"site-sidebar-layout":"default","site-content-layout":"","ast-site-content-layout":"default","site-content-style":"default","site-sidebar-style":"default","ast-global-header-display":"","ast-banner-title-visibility":"","ast-main-header-display":"","ast-hfb-above-header-display":"","ast-hfb-below-header-display":"","ast-hfb-mobile-header-display":"","site-post-title":"","ast-breadcrumbs-content":"","ast-featured-img":"","footer-sml-layout":"","theme-transparent-header-meta":"default","adv-header-id-meta":"","stick-header-meta":"","header-above-stick-meta":"","header-main-stick-meta":"","header-below-stick-meta":"","astra-migrate-meta-layouts":"set","ast-page-background-enabled":"default","ast-page-background-meta":{"desktop":{"background-color":"","background-image":"","background-repeat":"repeat","background-position":"center center","background-size":"auto","background-attachment":"scroll","background-type":"","background-media":"","overlay-type":"","overlay-color":"","overlay-opacity":"","overlay-gradient":""},"tablet":{"background-color":"","background-image":"","background-repeat":"repeat","background-position":"center center","background-size":"auto","background-attachment":"scroll","background-type":"","background-media":"","overlay-type":"","overlay-color":"","overlay-opacity":"","overlay-gradient":""},"mobile":{"background-color":"","background-image":"","background-repeat":"repeat","background-position":"center center","background-size":"auto","background-attachment":"scroll","background-type":"","background-media":"","overlay-type":"","overlay-color":"","overlay-opacity":"","overlay-gradient":""}},"ast-content-background-meta":{"desktop":{"background-color":"var(--ast-global-color-5)","background-image":"","background-repeat":"repeat","background-position":"center center","background-size":"auto","background-attachment":"scroll","background-type":"","background-media":"","overlay-type":"","overlay-color":"","overlay-opacity":"","overlay-gradient":""},"tablet":{"background-color":"var(--ast-global-color-5)","background-image":"","background-repeat":"repeat","background-position":"center center","background-size":"auto","background-attachment":"scroll","background-type":"","background-media":"","overlay-type":"","overlay-color":"","overlay-opacity":"","overlay-gradient":""},"mobile":{"background-color":"var(--ast-global-color-5)","background-image":"","background-repeat":"repeat","background-position":"center center","background-size":"auto","background-attachment":"scroll","background-type":"","background-media":"","overlay-type":"","overlay-color":"","overlay-opacity":"","overlay-gradient":""}},"_joinchat":[]},"product_brand":[],"product_cat":[45],"product_tag":[46,47,48,49,50,51,52,53,54,55,56,57,58,59,60,61,62,63,64,65,66,67,68,69,70,71,72,73,74,75,76,77,78,79,80,81,82,83],"class_list":{"0":"post-17","1":"product","2":"type-product","3":"status-publish","4":"has-post-thumbnail","6":"product_cat-ritalin","7":"product_tag-adhd-methylphenidat","8":"product_tag-einnahme-von-ritalin","9":"product_tag-goodrx-methylphenidat","10":"product_tag-gunstiges-ritalin-online-kaufen","11":"product_tag-kein-rx-ritalin","12":"product_tag-konnen-sie-bekommen-rezeptfreie-adhs-medikamente","13":"product_tag-konnen-sie-ritalin-ohne-rezept-kaufen","14":"product_tag-konnen-sie-ritalin-rezeptfrei-in-grosbritannien-kaufen","15":"product_tag-konnen-sie-sich-ritalin-online-verschreiben-lassen","16":"product_tag-methylphenidat","17":"product_tag-methylphenidat-mg","18":"product_tag-methylphenidat-online","19":"product_tag-methylphenidat-online-kaufen","20":"product_tag-methylphenidat-online-ohne-rezept-kaufen","21":"product_tag-methylphenidat-zum-online-verkauf","22":"product_tag-methylphenidat-zum-verkauf","23":"product_tag-methylphenidat-kosten","24":"product_tag-methylphenidat-preis","25":"product_tag-methylphenidat-rezept","26":"product_tag-ritalin","27":"product_tag-ritalin-10-mg","28":"product_tag-ritalin-adh","29":"product_tag-ritalin-fur-erwachsene","30":"product_tag-ritalin-ohne-rezept-kaufen","31":"product_tag-ritalin-online","32":"product_tag-ritalin-online-mit-nachtlieferung-kaufen","33":"product_tag-ritalin-online-ohne-rezept","34":"product_tag-ritalin-und-adh","35":"product_tag-ritalin-zum-verkauf","36":"product_tag-ritalin-zum-verkauf-in-den-usa","37":"product_tag-ritalin-zum-verkauf-online","38":"product_tag-ritalin-kosten","39":"product_tag-ritalin-medikamente","40":"product_tag-ritalin-pille","41":"product_tag-ritalin-preis","42":"product_tag-ritalin-rezept","43":"product_tag-so-bestellen-sie-ritalin-online","44":"product_tag-welche-rezeptfreien-medikamente-helfen-bei-adhs","45":"desktop-align-left","46":"tablet-align-left","47":"mobile-align-left","49":"first","50":"instock","51":"featured","52":"shipping-taxable","53":"purchasable","54":"product-type-variable"},"yoast_head":"<!-- This site is optimized with the Yoast SEO plugin v26.9 - https:\/\/yoast.com\/product\/yoast-seo-wordpress\/ -->\n<title>Acheter Ritalin en ligne - Acheter m\u00e9thylph\u00e9nidate en ligne<\/title>\n<meta name=\"description\" content=\"GBLExprimer est la meilleure boutique o\u00f9 acheter du ritalin en ligne. Commandez du Ritalin, Achetez du m\u00e9thylph\u00e9nidate maintenant !\" \/>\n<meta name=\"robots\" content=\"index, follow, max-snippet:-1, max-image-preview:large, max-video-preview:-1\" \/>\n<link rel=\"canonical\" href=\"https:\/\/gblexprimer.com\/pl\/produkt\/kupic-ritalin\/\" \/>\n<meta property=\"og:locale\" content=\"pl_PL\" \/>\n<meta property=\"og:type\" content=\"article\" \/>\n<meta property=\"og:title\" content=\"Acheter Ritalin en ligne - Acheter m\u00e9thylph\u00e9nidate en ligne\" \/>\n<meta property=\"og:description\" content=\"GBLExprimer est la meilleure boutique o\u00f9 acheter du ritalin en ligne. Commandez du Ritalin, Achetez du m\u00e9thylph\u00e9nidate maintenant !\" \/>\n<meta property=\"og:url\" content=\"https:\/\/gblexprimer.com\/pl\/produkt\/kupic-ritalin\/\" \/>\n<meta property=\"og:site_name\" content=\"GBL Exprimer\" \/>\n<meta property=\"article:modified_time\" content=\"2026-04-16T05:58:23+00:00\" \/>\n<meta property=\"og:image\" content=\"https:\/\/gblexprimer.com\/wp-content\/uploads\/2023\/12\/Ritalin-Online-Kaufen.jpg\" \/>\n\t<meta property=\"og:image:width\" content=\"600\" \/>\n\t<meta property=\"og:image:height\" content=\"600\" \/>\n\t<meta property=\"og:image:type\" content=\"image\/jpeg\" \/>\n<meta name=\"twitter:card\" content=\"summary_large_image\" \/>\n<meta name=\"twitter:label1\" content=\"Szacowany czas czytania\" \/>\n\t<meta name=\"twitter:data1\" content=\"3 minuty\" \/>\n<script type=\"application\/ld+json\" class=\"yoast-schema-graph\">{\"@context\":\"https:\/\/schema.org\",\"@graph\":[{\"@type\":\"WebPage\",\"@id\":\"https:\/\/gblexprimer.com\/product\/achats-en-ligne-ritalin\/\",\"url\":\"https:\/\/gblexprimer.com\/product\/achats-en-ligne-ritalin\/\",\"name\":\"Acheter Ritalin en ligne - Acheter m\u00e9thylph\u00e9nidate en ligne\",\"isPartOf\":{\"@id\":\"https:\/\/gblexprimer.com\/#website\"},\"primaryImageOfPage\":{\"@id\":\"https:\/\/gblexprimer.com\/product\/achats-en-ligne-ritalin\/#primaryimage\"},\"image\":{\"@id\":\"https:\/\/gblexprimer.com\/product\/achats-en-ligne-ritalin\/#primaryimage\"},\"thumbnailUrl\":\"https:\/\/gblexprimer.com\/wp-content\/uploads\/2023\/12\/Ritalin-Online-Kaufen.jpg\",\"datePublished\":\"2023-12-26T07:26:40+00:00\",\"dateModified\":\"2026-04-16T05:58:23+00:00\",\"description\":\"GBLExprimer est la meilleure boutique o\u00f9 acheter du ritalin en ligne. Commandez du Ritalin, Achetez du m\u00e9thylph\u00e9nidate maintenant !\",\"breadcrumb\":{\"@id\":\"https:\/\/gblexprimer.com\/product\/achats-en-ligne-ritalin\/#breadcrumb\"},\"inLanguage\":\"pl-PL\",\"potentialAction\":[{\"@type\":\"ReadAction\",\"target\":[\"https:\/\/gblexprimer.com\/product\/achats-en-ligne-ritalin\/\"]}]},{\"@type\":\"ImageObject\",\"inLanguage\":\"pl-PL\",\"@id\":\"https:\/\/gblexprimer.com\/product\/achats-en-ligne-ritalin\/#primaryimage\",\"url\":\"https:\/\/gblexprimer.com\/wp-content\/uploads\/2023\/12\/Ritalin-Online-Kaufen.jpg\",\"contentUrl\":\"https:\/\/gblexprimer.com\/wp-content\/uploads\/2023\/12\/Ritalin-Online-Kaufen.jpg\",\"width\":600,\"height\":600,\"caption\":\"Acheter du Ritalin en ligne\"},{\"@type\":\"BreadcrumbList\",\"@id\":\"https:\/\/gblexprimer.com\/product\/achats-en-ligne-ritalin\/#breadcrumb\",\"itemListElement\":[{\"@type\":\"ListItem\",\"position\":1,\"name\":\"Home\",\"item\":\"https:\/\/gblexprimer.com\/\"},{\"@type\":\"ListItem\",\"position\":2,\"name\":\"Shop\",\"item\":\"https:\/\/gblexprimer.com\/shop\/\"},{\"@type\":\"ListItem\",\"position\":3,\"name\":\"Achats en ligne Ritalin\"}]},{\"@type\":\"WebSite\",\"@id\":\"https:\/\/gblexprimer.com\/#website\",\"url\":\"https:\/\/gblexprimer.com\/\",\"name\":\"GBL Exprimer\",\"description\":\"\",\"publisher\":{\"@id\":\"https:\/\/gblexprimer.com\/#organization\"},\"potentialAction\":[{\"@type\":\"SearchAction\",\"target\":{\"@type\":\"EntryPoint\",\"urlTemplate\":\"https:\/\/gblexprimer.com\/?s={search_term_string}\"},\"query-input\":{\"@type\":\"PropertyValueSpecification\",\"valueRequired\":true,\"valueName\":\"search_term_string\"}}],\"inLanguage\":\"pl-PL\"},{\"@type\":\"Organization\",\"@id\":\"https:\/\/gblexprimer.com\/#organization\",\"name\":\"GBL Exprimer\",\"url\":\"https:\/\/gblexprimer.com\/\",\"logo\":{\"@type\":\"ImageObject\",\"inLanguage\":\"pl-PL\",\"@id\":\"https:\/\/gblexprimer.com\/#\/schema\/logo\/image\/\",\"url\":\"https:\/\/gblexprimer.com\/wp-content\/uploads\/2024\/01\/logo.png\",\"contentUrl\":\"https:\/\/gblexprimer.com\/wp-content\/uploads\/2024\/01\/logo.png\",\"width\":220,\"height\":80,\"caption\":\"GBL Exprimer\"},\"image\":{\"@id\":\"https:\/\/gblexprimer.com\/#\/schema\/logo\/image\/\"}}]}<\/script>\n<!-- \/ Yoast SEO plugin. -->","yoast_head_json":{"title":"Kup Ritalin online - Kup metylofenidat online","description":"GBLExprimer to najlepszy sklep, w kt\u00f3rym mo\u017cna kupi\u0107 ritalin online. Zam\u00f3w Ritalin, Kup metylofenidat ju\u017c teraz!","robots":{"index":"index","follow":"follow","max-snippet":"max-snippet:-1","max-image-preview":"max-image-preview:large","max-video-preview":"max-video-preview:-1"},"canonical":"https:\/\/gblexprimer.com\/pl\/produkt\/kupic-ritalin\/","og_locale":"pl_PL","og_type":"article","og_title":"Acheter Ritalin en ligne - Acheter m\u00e9thylph\u00e9nidate en ligne","og_description":"GBLExprimer est la meilleure boutique o\u00f9 acheter du ritalin en ligne. Commandez du Ritalin, Achetez du m\u00e9thylph\u00e9nidate maintenant !","og_url":"https:\/\/gblexprimer.com\/pl\/produkt\/kupic-ritalin\/","og_site_name":"GBL Exprimer","article_modified_time":"2026-04-16T05:58:23+00:00","og_image":[{"width":600,"height":600,"url":"https:\/\/gblexprimer.com\/wp-content\/uploads\/2023\/12\/Ritalin-Online-Kaufen.jpg","type":"image\/jpeg"}],"twitter_card":"summary_large_image","twitter_misc":{"Szacowany czas czytania":"3 minuty"},"schema":{"@context":"https:\/\/schema.org","@graph":[{"@type":"WebPage","@id":"https:\/\/gblexprimer.com\/product\/achats-en-ligne-ritalin\/","url":"https:\/\/gblexprimer.com\/product\/achats-en-ligne-ritalin\/","name":"Kup Ritalin online - Kup metylofenidat online","isPartOf":{"@id":"https:\/\/gblexprimer.com\/#website"},"primaryImageOfPage":{"@id":"https:\/\/gblexprimer.com\/product\/achats-en-ligne-ritalin\/#primaryimage"},"image":{"@id":"https:\/\/gblexprimer.com\/product\/achats-en-ligne-ritalin\/#primaryimage"},"thumbnailUrl":"https:\/\/gblexprimer.com\/wp-content\/uploads\/2023\/12\/Ritalin-Online-Kaufen.jpg","datePublished":"2023-12-26T07:26:40+00:00","dateModified":"2026-04-16T05:58:23+00:00","description":"GBLExprimer to najlepszy sklep, w kt\u00f3rym mo\u017cna kupi\u0107 ritalin online. Zam\u00f3w Ritalin, Kup metylofenidat ju\u017c teraz!","breadcrumb":{"@id":"https:\/\/gblexprimer.com\/product\/achats-en-ligne-ritalin\/#breadcrumb"},"inLanguage":"pl-PL","potentialAction":[{"@type":"ReadAction","target":["https:\/\/gblexprimer.com\/product\/achats-en-ligne-ritalin\/"]}]},{"@type":"ImageObject","inLanguage":"pl-PL","@id":"https:\/\/gblexprimer.com\/product\/achats-en-ligne-ritalin\/#primaryimage","url":"https:\/\/gblexprimer.com\/wp-content\/uploads\/2023\/12\/Ritalin-Online-Kaufen.jpg","contentUrl":"https:\/\/gblexprimer.com\/wp-content\/uploads\/2023\/12\/Ritalin-Online-Kaufen.jpg","width":600,"height":600,"caption":"Acheter du Ritalin en ligne"},{"@type":"BreadcrumbList","@id":"https:\/\/gblexprimer.com\/product\/achats-en-ligne-ritalin\/#breadcrumb","itemListElement":[{"@type":"ListItem","position":1,"name":"Home","item":"https:\/\/gblexprimer.com\/"},{"@type":"ListItem","position":2,"name":"Shop","item":"https:\/\/gblexprimer.com\/shop\/"},{"@type":"ListItem","position":3,"name":"Achats en ligne Ritalin"}]},{"@type":"WebSite","@id":"https:\/\/gblexprimer.com\/#website","url":"https:\/\/gblexprimer.com\/","name":"GBL Express","description":"","publisher":{"@id":"https:\/\/gblexprimer.com\/#organization"},"potentialAction":[{"@type":"SearchAction","target":{"@type":"EntryPoint","urlTemplate":"https:\/\/gblexprimer.com\/?s={search_term_string}"},"query-input":{"@type":"PropertyValueSpecification","valueRequired":true,"valueName":"search_term_string"}}],"inLanguage":"pl-PL"},{"@type":"Organization","@id":"https:\/\/gblexprimer.com\/#organization","name":"GBL Express","url":"https:\/\/gblexprimer.com\/","logo":{"@type":"ImageObject","inLanguage":"pl-PL","@id":"https:\/\/gblexprimer.com\/#\/schema\/logo\/image\/","url":"https:\/\/gblexprimer.com\/wp-content\/uploads\/2024\/01\/logo.png","contentUrl":"https:\/\/gblexprimer.com\/wp-content\/uploads\/2024\/01\/logo.png","width":220,"height":80,"caption":"GBL Exprimer"},"image":{"@id":"https:\/\/gblexprimer.com\/#\/schema\/logo\/image\/"}}]}},"_links":{"self":[{"href":"https:\/\/gblexprimer.com\/pl\/wp-json\/wp\/v2\/product\/17","targetHints":{"allow":["GET"]}}],"collection":[{"href":"https:\/\/gblexprimer.com\/pl\/wp-json\/wp\/v2\/product"}],"about":[{"href":"https:\/\/gblexprimer.com\/pl\/wp-json\/wp\/v2\/types\/product"}],"replies":[{"embeddable":true,"href":"https:\/\/gblexprimer.com\/pl\/wp-json\/wp\/v2\/comments?post=17"}],"wp:featuredmedia":[{"embeddable":true,"href":"https:\/\/gblexprimer.com\/pl\/wp-json\/wp\/v2\/media\/105"}],"wp:attachment":[{"href":"https:\/\/gblexprimer.com\/pl\/wp-json\/wp\/v2\/media?parent=17"}],"wp:term":[{"taxonomy":"product_brand","embeddable":true,"href":"https:\/\/gblexprimer.com\/pl\/wp-json\/wp\/v2\/product_brand?post=17"},{"taxonomy":"product_cat","embeddable":true,"href":"https:\/\/gblexprimer.com\/pl\/wp-json\/wp\/v2\/product_cat?post=17"},{"taxonomy":"product_tag","embeddable":true,"href":"https:\/\/gblexprimer.com\/pl\/wp-json\/wp\/v2\/product_tag?post=17"}],"curies":[{"name":"wp","href":"https:\/\/api.w.org\/{rel}","templated":true}]}}