{"id":34,"date":"2023-12-26T07:26:40","date_gmt":"2023-12-26T07:26:40","guid":{"rendered":"https:\/\/cannasmed.com\/gbl\/?post_type=product&#038;p=34"},"modified":"2026-04-09T09:30:56","modified_gmt":"2026-04-09T09:30:56","slug":"-18","status":"publish","type":"product","link":"https:\/\/gblexprimer.com\/pl\/produkt\/-18\/","title":{"rendered":"Kup Valocordin Diazepam Tropfen 10 mg online"},"content":{"rendered":"<h2>Acheter Valocordin Diazepam Tropfen 10 mg en Ligne chez GBLexprimer \u2013 Haute Qualit\u00e9 et Test\u00e9 en Laboratoire<\/h2>\n<p>Szukasz <a href=\"https:\/\/gblexprimer.com\/pl\/produkt\/-18\/\"><strong>Valocordin Diazepam Tropfen 10 mg<\/strong><\/a> jako\u015b\u0107? Na <strong>GBExpress<\/strong>oferujemy <strong>Valocordin Diazepam Tropfen 10 mg<\/strong> testowane laboratoryjnie za pomoc\u0105 <strong>gwarantowana czysto\u015b\u0107<\/strong> dla Twoich potrzeb badawczych. Skorzystaj z naszych <strong>szybka dostawa<\/strong>, <strong>konkurencyjne ceny<\/strong> i niezawodny serwis Kup Valocordin Diazepam Tropfen 10 mg\u00a0<a href=\"https:\/\/gblexpress.com\/ritalin\/\">.<\/a><\/p>\n<h4>Dlaczego warto kupi\u0107 Valocordin Diazepam Tropfen 10 mg od GBLexprimer?<\/h4>\n<p>Nasz <strong><a href=\"https:\/\/en.wikipedia.org\/wiki\/Diazepam\">Valocordin Diazepam<\/a> Tropfen 10 mg<\/strong> pochodzi od sprawdzonych dostawc\u00f3w i przechodzi rygorystyczne kontrole jako\u015bci, aby zapewni\u0107, \u017ce spe\u0142nia najwy\u017csze standardy. <strong>GBExpress<\/strong> zapewnia wysokiej jako\u015bci produkty do bada\u0144.<\/p>\n<p><strong>Korzy\u015bci ze stosowania leku Valocordin Diazepam Tropfen 10 mg<\/strong> :<\/p>\n<ul>\n<li><strong>Gwarantowana czysto\u015b\u0107<\/strong> : Test\u00e9 en laboratoire avec une puret\u00e9 <strong><a href=\"https:\/\/gblexprimer.com\/pl\/produkt\/-23\/\">maximale pour des r\u00e9sultats<\/a><\/strong> fiables.<\/li>\n<li><strong>Szybka i bezpieczna dostawa<\/strong> Zam\u00f3wienie zrealizowane szybko i dostarczone bezpiecznie.<\/li>\n<li><strong>Przyst\u0119pne ceny<\/strong> Oferujemy <strong>Valocordin Diazepam Tropfen<\/strong> jako\u015b\u0107 w konkurencyjnych cenach.<\/li>\n<\/ul>\n<h4>Co to jest Valocordin Diazepam Tropfen 10 mg?<\/h4>\n<p>The <strong>Valocordin Diazepam Tropfen 10 mg<\/strong> s\u0105 stosowane g\u0142\u00f3wnie w badaniach naukowych w celu zbadania wp\u0142ywu diazepamu na o\u015brodkowy uk\u0142ad nerwowy. Krople te s\u0105 przeznaczone wy\u0142\u0105cznie do <strong>aplikacje badawcze<\/strong> i nie s\u0105 przeznaczone do spo\u017cycia przez ludzi. <a href=\"https:\/\/gblexprimer.com\/pl\/\"><strong>GBlexpress<\/strong><\/a><\/p>\n<h4>Dlaczego warto wybra\u0107 GBLexprimer?<\/h4>\n<ul>\n<li><strong>Niezawodny dostawca<\/strong> Pozyskujemy produkty wy\u0142\u0105cznie od renomowanych producent\u00f3w.<\/li>\n<li><strong>Rygorystyczne kontrole<\/strong> Ka\u017cda partia <strong>Valocordin Diazepam Tropfen 10 mg<\/strong> s\u0105 skrupulatnie testowane, aby zagwarantowa\u0107 ich jako\u015b\u0107.<\/li>\n<li><strong>Zadowolenie klienta<\/strong> D\u0105\u017cymy do zapewnienia wyj\u0105tkowej obs\u0142ugi klienta, aby zapewni\u0107 jak najlepsze wra\u017cenia z zakup\u00f3w.<\/li>\n<\/ul>\n<h4>Jak zam\u00f3wi\u0107 Valocordin Diazepam Tropfen 10 mg online?<\/h4>\n<p>Zam\u00f3wienie <strong>Valocordin Diazepam Tropfen 10 mg<\/strong> na <strong>GBExpress<\/strong> jest proste i bezpieczne. Odwied\u017a nasz\u0105 stron\u0119 internetow\u0105, wybierz \u017c\u0105dan\u0105 ilo\u015b\u0107 i z\u0142\u00f3\u017c zam\u00f3wienie za pomoc\u0105 kilku klikni\u0119\u0107. Z naszym <a href=\"https:\/\/www.drugs.com\/diazepam.html\"><strong>szybka dostawa<\/strong><\/a> oraz <strong>dyskretne opakowanie<\/strong>Mo\u017cesz mie\u0107 pewno\u015b\u0107, \u017ce Twoje produkty dotr\u0105 bezpiecznie i na czas.<\/p>\n<p><strong>Zam\u00f3w teraz w GBLexprimer<\/strong> uzyska\u0107 <strong>Valocordin Diazepam Tropfen 10 mg<\/strong> w konkurencyjnych cenach. Skorzystaj z naszych niezawodnych produkt\u00f3w i nienagannej obs\u0142ugi klienta! <a href=\"https:\/\/gblexprimer.com\/pl\/produkt\/-18\/\"><strong>Des achats sans tracas<\/strong><\/a><\/p>","protected":false},"excerpt":{"rendered":"<p><strong>Valocordin Diazepam Tropfen 10 mg<\/strong> to lek zawieraj\u0105cy diazepam, lek przeciwl\u0119kowy i uspokajaj\u0105cy z grupy benzodiazepin. Jest on stosowany g\u0142\u00f3wnie w leczeniu l\u0119ku, zaburze\u0144 snu i skurcz\u00f3w mi\u0119\u015bni. Lek ten nale\u017cy przyjmowa\u0107 ostro\u017cnie ze wzgl\u0119du na jego silne dzia\u0142anie i mo\u017cliwo\u015b\u0107 uzale\u017cnienia.<\/p>\n<h4><strong>Wskazania:<\/strong><\/h4>\n<ul>\n<li>Leczenie zaburze\u0144 l\u0119kowych.<\/li>\n<li>Bezsenno\u015b\u0107 pochodzenia nerwowego.<\/li>\n<li>Skurcze mi\u0119\u015bni lub silne napi\u0119cie mi\u0119\u015bni.<\/li>\n<\/ul>\n<h4><strong>Efekty :<\/strong><\/h4>\n<ul>\n<li>Szybkie dzia\u0142anie uspokajaj\u0105ce i przeciwl\u0119kowe.<\/li>\n<li>Rozlu\u017anienie mi\u0119\u015bni.<\/li>\n<li>Lepsza jako\u015b\u0107 snu.<\/li>\n<\/ul>\n<h4><strong>Dawkowanie :<\/strong><\/h4>\n<p>Dawkowanie r\u00f3\u017cni si\u0119 w zale\u017cno\u015bci od indywidualnych potrzeb. Musi by\u0107 przepisana przez lekarza i \u015bci\u015ble przestrzegana, aby unikn\u0105\u0107 ryzyka wyst\u0105pienia dzia\u0142a\u0144 niepo\u017c\u0105danych lub uzale\u017cnienia.<\/p>","protected":false},"featured_media":102,"comment_status":"open","ping_status":"closed","template":"","meta":{"site-sidebar-layout":"default","site-content-layout":"","ast-site-content-layout":"default","site-content-style":"default","site-sidebar-style":"default","ast-global-header-display":"","ast-banner-title-visibility":"","ast-main-header-display":"","ast-hfb-above-header-display":"","ast-hfb-below-header-display":"","ast-hfb-mobile-header-display":"","site-post-title":"","ast-breadcrumbs-content":"","ast-featured-img":"","footer-sml-layout":"","theme-transparent-header-meta":"default","adv-header-id-meta":"","stick-header-meta":"","header-above-stick-meta":"","header-main-stick-meta":"","header-below-stick-meta":"","astra-migrate-meta-layouts":"set","ast-page-background-enabled":"default","ast-page-background-meta":{"desktop":{"background-color":"","background-image":"","background-repeat":"repeat","background-position":"center center","background-size":"auto","background-attachment":"scroll","background-type":"","background-media":"","overlay-type":"","overlay-color":"","overlay-opacity":"","overlay-gradient":""},"tablet":{"background-color":"","background-image":"","background-repeat":"repeat","background-position":"center center","background-size":"auto","background-attachment":"scroll","background-type":"","background-media":"","overlay-type":"","overlay-color":"","overlay-opacity":"","overlay-gradient":""},"mobile":{"background-color":"","background-image":"","background-repeat":"repeat","background-position":"center center","background-size":"auto","background-attachment":"scroll","background-type":"","background-media":"","overlay-type":"","overlay-color":"","overlay-opacity":"","overlay-gradient":""}},"ast-content-background-meta":{"desktop":{"background-color":"var(--ast-global-color-5)","background-image":"","background-repeat":"repeat","background-position":"center center","background-size":"auto","background-attachment":"scroll","background-type":"","background-media":"","overlay-type":"","overlay-color":"","overlay-opacity":"","overlay-gradient":""},"tablet":{"background-color":"var(--ast-global-color-5)","background-image":"","background-repeat":"repeat","background-position":"center center","background-size":"auto","background-attachment":"scroll","background-type":"","background-media":"","overlay-type":"","overlay-color":"","overlay-opacity":"","overlay-gradient":""},"mobile":{"background-color":"var(--ast-global-color-5)","background-image":"","background-repeat":"repeat","background-position":"center center","background-size":"auto","background-attachment":"scroll","background-type":"","background-media":"","overlay-type":"","overlay-color":"","overlay-opacity":"","overlay-gradient":""}},"_joinchat":[]},"product_brand":[],"product_cat":[84],"product_tag":[469,482,474,483,478,481,470,487,472,480,473,471,485,479,477,476,475,484,468,486],"class_list":{"0":"post-34","1":"product","2":"type-product","3":"status-publish","4":"has-post-thumbnail","6":"product_cat-ko-drops","7":"product_tag-acheter-valocordin-diazepam-tropfen","8":"product_tag-analyse-de-valocordin-diazepam","9":"product_tag-application-de-valocordin-diazepam","10":"product_tag-chimie-de-valocordin-diazepam","11":"product_tag-disponibilite-de-valocordin-diazepam","12":"product_tag-distribution-de-valocordin-diazepam","13":"product_tag-fournisseur-de-valocordin-diazepam-tropfen","14":"product_tag-laboratoire-de-recherche-valocordin-diazepam","15":"product_tag-laboratoire-valocordin-diazepam","16":"product_tag-marche-de-valocordin-diazepam","17":"product_tag-prix-de-valocordin-diazepam-tropfen","18":"product_tag-recherche-sur-valocordin-diazepam","19":"product_tag-reference-materiel-valocordin-diazepam","20":"product_tag-reglementations-valocordin-diazepam","21":"product_tag-risques-de-valocordin-diazepam-tropfen","22":"product_tag-securite-de-valocordin-diazepam","23":"product_tag-stockage-de-valocordin-diazepam-tropfen","24":"product_tag-substance-valocordin-diazepam","25":"product_tag-valocordin-diazepam-tropfen-10-mg","26":"product_tag-vente-en-gros-valocordin-diazepam","27":"desktop-align-left","28":"tablet-align-left","29":"mobile-align-left","31":"first","32":"instock","33":"shipping-taxable","34":"purchasable","35":"product-type-variable","36":"has-default-attributes"},"yoast_head":"<!-- This site is optimized with the Yoast SEO plugin v26.9 - https:\/\/yoast.com\/product\/yoast-seo-wordpress\/ -->\n<title>Acheter Valocordin Diazepam Gouttes 10 mg en ligne | Gblexprimer<\/title>\n<meta name=\"description\" content=\"Les gouttes Valocordin Diazepam contiennent du diaz\u00e9pam, une benzodiaz\u00e9pine utilis\u00e9e pour g\u00e9rer l&#039;anxi\u00e9t\u00e9, les spasmes musculaires et certaines affections neurologiques. Il agit sur le syst\u00e8me nerveux central pour produire des effets apaisants.\" \/>\n<meta name=\"robots\" content=\"index, follow, max-snippet:-1, max-image-preview:large, max-video-preview:-1\" \/>\n<link rel=\"canonical\" href=\"https:\/\/gblexprimer.com\/pl\/produkt\/-18\/\" \/>\n<meta property=\"og:locale\" content=\"pl_PL\" \/>\n<meta property=\"og:type\" content=\"article\" \/>\n<meta property=\"og:title\" content=\"Acheter Valocordin Diazepam Gouttes 10 mg en ligne | Gblexprimer\" \/>\n<meta property=\"og:description\" content=\"Les gouttes Valocordin Diazepam contiennent du diaz\u00e9pam, une benzodiaz\u00e9pine utilis\u00e9e pour g\u00e9rer l&#039;anxi\u00e9t\u00e9, les spasmes musculaires et certaines affections neurologiques. Il agit sur le syst\u00e8me nerveux central pour produire des effets apaisants.\" \/>\n<meta property=\"og:url\" content=\"https:\/\/gblexprimer.com\/pl\/produkt\/-18\/\" \/>\n<meta property=\"og:site_name\" content=\"GBL Exprimer\" \/>\n<meta property=\"article:modified_time\" content=\"2026-04-09T09:30:56+00:00\" \/>\n<meta property=\"og:image\" content=\"https:\/\/gblexprimer.com\/wp-content\/uploads\/2023\/12\/Valocordin-Diazepam-Tropfen-10-mg.jpg\" \/>\n\t<meta property=\"og:image:width\" content=\"600\" \/>\n\t<meta property=\"og:image:height\" content=\"600\" \/>\n\t<meta property=\"og:image:type\" content=\"image\/jpeg\" \/>\n<meta name=\"twitter:card\" content=\"summary_large_image\" \/>\n<meta name=\"twitter:label1\" content=\"Szacowany czas czytania\" \/>\n\t<meta name=\"twitter:data1\" content=\"2 minuty\" \/>\n<script type=\"application\/ld+json\" class=\"yoast-schema-graph\">{\"@context\":\"https:\/\/schema.org\",\"@graph\":[{\"@type\":\"WebPage\",\"@id\":\"https:\/\/gblexprimer.com\/product\/valocordin-diazepam-tropfene-10-mg\/\",\"url\":\"https:\/\/gblexprimer.com\/product\/valocordin-diazepam-tropfene-10-mg\/\",\"name\":\"Acheter Valocordin Diazepam Gouttes 10 mg en ligne | Gblexprimer\",\"isPartOf\":{\"@id\":\"https:\/\/gblexprimer.com\/#website\"},\"primaryImageOfPage\":{\"@id\":\"https:\/\/gblexprimer.com\/product\/valocordin-diazepam-tropfene-10-mg\/#primaryimage\"},\"image\":{\"@id\":\"https:\/\/gblexprimer.com\/product\/valocordin-diazepam-tropfene-10-mg\/#primaryimage\"},\"thumbnailUrl\":\"https:\/\/gblexprimer.com\/wp-content\/uploads\/2023\/12\/Valocordin-Diazepam-Tropfen-10-mg.jpg\",\"datePublished\":\"2023-12-26T07:26:40+00:00\",\"dateModified\":\"2026-04-09T09:30:56+00:00\",\"description\":\"Les gouttes Valocordin Diazepam contiennent du diaz\u00e9pam, une benzodiaz\u00e9pine utilis\u00e9e pour g\u00e9rer l'anxi\u00e9t\u00e9, les spasmes musculaires et certaines affections neurologiques. Il agit sur le syst\u00e8me nerveux central pour produire des effets apaisants.\",\"breadcrumb\":{\"@id\":\"https:\/\/gblexprimer.com\/product\/valocordin-diazepam-tropfene-10-mg\/#breadcrumb\"},\"inLanguage\":\"pl-PL\",\"potentialAction\":[{\"@type\":\"ReadAction\",\"target\":[\"https:\/\/gblexprimer.com\/product\/valocordin-diazepam-tropfene-10-mg\/\"]}]},{\"@type\":\"ImageObject\",\"inLanguage\":\"pl-PL\",\"@id\":\"https:\/\/gblexprimer.com\/product\/valocordin-diazepam-tropfene-10-mg\/#primaryimage\",\"url\":\"https:\/\/gblexprimer.com\/wp-content\/uploads\/2023\/12\/Valocordin-Diazepam-Tropfen-10-mg.jpg\",\"contentUrl\":\"https:\/\/gblexprimer.com\/wp-content\/uploads\/2023\/12\/Valocordin-Diazepam-Tropfen-10-mg.jpg\",\"width\":600,\"height\":600,\"caption\":\"Acheter Valocordin Diaz\u00e9pam Tropf\u00e8ne 10 mg en ligne\"},{\"@type\":\"BreadcrumbList\",\"@id\":\"https:\/\/gblexprimer.com\/product\/valocordin-diazepam-tropfene-10-mg\/#breadcrumb\",\"itemListElement\":[{\"@type\":\"ListItem\",\"position\":1,\"name\":\"Home\",\"item\":\"https:\/\/gblexprimer.com\/\"},{\"@type\":\"ListItem\",\"position\":2,\"name\":\"Shop\",\"item\":\"https:\/\/gblexprimer.com\/shop\/\"},{\"@type\":\"ListItem\",\"position\":3,\"name\":\"Acheter Valocordin Diaz\u00e9pam Tropf\u00e8ne 10 mg en ligne\"}]},{\"@type\":\"WebSite\",\"@id\":\"https:\/\/gblexprimer.com\/#website\",\"url\":\"https:\/\/gblexprimer.com\/\",\"name\":\"GBL Exprimer\",\"description\":\"\",\"publisher\":{\"@id\":\"https:\/\/gblexprimer.com\/#organization\"},\"potentialAction\":[{\"@type\":\"SearchAction\",\"target\":{\"@type\":\"EntryPoint\",\"urlTemplate\":\"https:\/\/gblexprimer.com\/?s={search_term_string}\"},\"query-input\":{\"@type\":\"PropertyValueSpecification\",\"valueRequired\":true,\"valueName\":\"search_term_string\"}}],\"inLanguage\":\"pl-PL\"},{\"@type\":\"Organization\",\"@id\":\"https:\/\/gblexprimer.com\/#organization\",\"name\":\"GBL Exprimer\",\"url\":\"https:\/\/gblexprimer.com\/\",\"logo\":{\"@type\":\"ImageObject\",\"inLanguage\":\"pl-PL\",\"@id\":\"https:\/\/gblexprimer.com\/#\/schema\/logo\/image\/\",\"url\":\"https:\/\/gblexprimer.com\/wp-content\/uploads\/2024\/01\/logo.png\",\"contentUrl\":\"https:\/\/gblexprimer.com\/wp-content\/uploads\/2024\/01\/logo.png\",\"width\":220,\"height\":80,\"caption\":\"GBL Exprimer\"},\"image\":{\"@id\":\"https:\/\/gblexprimer.com\/#\/schema\/logo\/image\/\"}}]}<\/script>\n<!-- \/ Yoast SEO plugin. -->","yoast_head_json":{"title":"Acheter Valocordin Diazepam Gouttes 10 mg en ligne | Gblexprimer","description":"Les gouttes Valocordin Diazepam contiennent du diaz\u00e9pam, une benzodiaz\u00e9pine utilis\u00e9e pour g\u00e9rer l'anxi\u00e9t\u00e9, les spasmes musculaires et certaines affections neurologiques. Il agit sur le syst\u00e8me nerveux central pour produire des effets apaisants.","robots":{"index":"index","follow":"follow","max-snippet":"max-snippet:-1","max-image-preview":"max-image-preview:large","max-video-preview":"max-video-preview:-1"},"canonical":"https:\/\/gblexprimer.com\/pl\/produkt\/-18\/","og_locale":"pl_PL","og_type":"article","og_title":"Acheter Valocordin Diazepam Gouttes 10 mg en ligne | Gblexprimer","og_description":"Les gouttes Valocordin Diazepam contiennent du diaz\u00e9pam, une benzodiaz\u00e9pine utilis\u00e9e pour g\u00e9rer l'anxi\u00e9t\u00e9, les spasmes musculaires et certaines affections neurologiques. Il agit sur le syst\u00e8me nerveux central pour produire des effets apaisants.","og_url":"https:\/\/gblexprimer.com\/pl\/produkt\/-18\/","og_site_name":"GBL Exprimer","article_modified_time":"2026-04-09T09:30:56+00:00","og_image":[{"width":600,"height":600,"url":"https:\/\/gblexprimer.com\/wp-content\/uploads\/2023\/12\/Valocordin-Diazepam-Tropfen-10-mg.jpg","type":"image\/jpeg"}],"twitter_card":"summary_large_image","twitter_misc":{"Szacowany czas czytania":"2 minuty"},"schema":{"@context":"https:\/\/schema.org","@graph":[{"@type":"WebPage","@id":"https:\/\/gblexprimer.com\/product\/valocordin-diazepam-tropfene-10-mg\/","url":"https:\/\/gblexprimer.com\/product\/valocordin-diazepam-tropfene-10-mg\/","name":"Acheter Valocordin Diazepam Gouttes 10 mg en ligne | Gblexprimer","isPartOf":{"@id":"https:\/\/gblexprimer.com\/#website"},"primaryImageOfPage":{"@id":"https:\/\/gblexprimer.com\/product\/valocordin-diazepam-tropfene-10-mg\/#primaryimage"},"image":{"@id":"https:\/\/gblexprimer.com\/product\/valocordin-diazepam-tropfene-10-mg\/#primaryimage"},"thumbnailUrl":"https:\/\/gblexprimer.com\/wp-content\/uploads\/2023\/12\/Valocordin-Diazepam-Tropfen-10-mg.jpg","datePublished":"2023-12-26T07:26:40+00:00","dateModified":"2026-04-09T09:30:56+00:00","description":"Les gouttes Valocordin Diazepam contiennent du diaz\u00e9pam, une benzodiaz\u00e9pine utilis\u00e9e pour g\u00e9rer l'anxi\u00e9t\u00e9, les spasmes musculaires et certaines affections neurologiques. Il agit sur le syst\u00e8me nerveux central pour produire des effets apaisants.","breadcrumb":{"@id":"https:\/\/gblexprimer.com\/product\/valocordin-diazepam-tropfene-10-mg\/#breadcrumb"},"inLanguage":"pl-PL","potentialAction":[{"@type":"ReadAction","target":["https:\/\/gblexprimer.com\/product\/valocordin-diazepam-tropfene-10-mg\/"]}]},{"@type":"ImageObject","inLanguage":"pl-PL","@id":"https:\/\/gblexprimer.com\/product\/valocordin-diazepam-tropfene-10-mg\/#primaryimage","url":"https:\/\/gblexprimer.com\/wp-content\/uploads\/2023\/12\/Valocordin-Diazepam-Tropfen-10-mg.jpg","contentUrl":"https:\/\/gblexprimer.com\/wp-content\/uploads\/2023\/12\/Valocordin-Diazepam-Tropfen-10-mg.jpg","width":600,"height":600,"caption":"Acheter Valocordin Diaz\u00e9pam Tropf\u00e8ne 10 mg en ligne"},{"@type":"BreadcrumbList","@id":"https:\/\/gblexprimer.com\/product\/valocordin-diazepam-tropfene-10-mg\/#breadcrumb","itemListElement":[{"@type":"ListItem","position":1,"name":"Home","item":"https:\/\/gblexprimer.com\/"},{"@type":"ListItem","position":2,"name":"Shop","item":"https:\/\/gblexprimer.com\/shop\/"},{"@type":"ListItem","position":3,"name":"Acheter Valocordin Diaz\u00e9pam Tropf\u00e8ne 10 mg en ligne"}]},{"@type":"WebSite","@id":"https:\/\/gblexprimer.com\/#website","url":"https:\/\/gblexprimer.com\/","name":"GBL Express","description":"","publisher":{"@id":"https:\/\/gblexprimer.com\/#organization"},"potentialAction":[{"@type":"SearchAction","target":{"@type":"EntryPoint","urlTemplate":"https:\/\/gblexprimer.com\/?s={search_term_string}"},"query-input":{"@type":"PropertyValueSpecification","valueRequired":true,"valueName":"search_term_string"}}],"inLanguage":"pl-PL"},{"@type":"Organization","@id":"https:\/\/gblexprimer.com\/#organization","name":"GBL Express","url":"https:\/\/gblexprimer.com\/","logo":{"@type":"ImageObject","inLanguage":"pl-PL","@id":"https:\/\/gblexprimer.com\/#\/schema\/logo\/image\/","url":"https:\/\/gblexprimer.com\/wp-content\/uploads\/2024\/01\/logo.png","contentUrl":"https:\/\/gblexprimer.com\/wp-content\/uploads\/2024\/01\/logo.png","width":220,"height":80,"caption":"GBL Exprimer"},"image":{"@id":"https:\/\/gblexprimer.com\/#\/schema\/logo\/image\/"}}]}},"_links":{"self":[{"href":"https:\/\/gblexprimer.com\/pl\/wp-json\/wp\/v2\/product\/34","targetHints":{"allow":["GET"]}}],"collection":[{"href":"https:\/\/gblexprimer.com\/pl\/wp-json\/wp\/v2\/product"}],"about":[{"href":"https:\/\/gblexprimer.com\/pl\/wp-json\/wp\/v2\/types\/product"}],"replies":[{"embeddable":true,"href":"https:\/\/gblexprimer.com\/pl\/wp-json\/wp\/v2\/comments?post=34"}],"wp:featuredmedia":[{"embeddable":true,"href":"https:\/\/gblexprimer.com\/pl\/wp-json\/wp\/v2\/media\/102"}],"wp:attachment":[{"href":"https:\/\/gblexprimer.com\/pl\/wp-json\/wp\/v2\/media?parent=34"}],"wp:term":[{"taxonomy":"product_brand","embeddable":true,"href":"https:\/\/gblexprimer.com\/pl\/wp-json\/wp\/v2\/product_brand?post=34"},{"taxonomy":"product_cat","embeddable":true,"href":"https:\/\/gblexprimer.com\/pl\/wp-json\/wp\/v2\/product_cat?post=34"},{"taxonomy":"product_tag","embeddable":true,"href":"https:\/\/gblexprimer.com\/pl\/wp-json\/wp\/v2\/product_tag?post=34"}],"curies":[{"name":"wp","href":"https:\/\/api.w.org\/{rel}","templated":true}]}}