{"id":35,"date":"2023-12-26T07:26:40","date_gmt":"2023-12-26T07:26:40","guid":{"rendered":"https:\/\/cannasmed.com\/gbl\/?post_type=product&#038;p=35"},"modified":"2026-04-11T07:15:58","modified_gmt":"2026-04-11T07:15:58","slug":"-19","status":"publish","type":"product","link":"https:\/\/gblexprimer.com\/pl\/produkt\/-19\/","title":{"rendered":"Diazepam Ratiopharm 5 mg Diazepam"},"content":{"rendered":"<h2>Kup Diazepam Ratiopharm 5 mg Diazepam online<\/h2>\n<p>Na Sample.com mo\u017cesz bez obaw kupi\u0107 oryginalne tabletki diazepamu. Przed wysy\u0142k\u0105 leku wymagana jest konsultacja online z lekarzem w celu ustalenia, czy mo\u017cna wystawi\u0107 legaln\u0105 recept\u0119. Upewnienie si\u0119, \u017ce Diazepam (Valium) jest odpowiednim lekiem dla Ciebie, uzyskuje si\u0119 poprzez porad\u0119 online. Ta procedura, por\u00f3wnywalna do tej w aptece internetowej, pomaga zapewni\u0107, \u017ce zakup <a href=\"https:\/\/gblexprimer.com\/pl\/produkt\/-19\/\">Diazepam online<\/a> jest bezpieczny i odpowiedni dla u\u017cytkownika. Przed rozpocz\u0119ciem jakiegokolwiek schematu farmaceutycznego nale\u017cy zawsze porozmawia\u0107 z lekarzem lub innym pracownikiem s\u0142u\u017cby zdrowia, aby upewni\u0107 si\u0119, \u017ce lek jest odpowiedni dla konkretnych potrzeb.<\/p>\n<h3>Co to jest diazepam?<\/h3>\n<p>Le <a href=\"https:\/\/en.wikipedia.org\/wiki\/Diazepam\">diazepam<\/a> Diazepam to lek stosowany w leczeniu l\u0119ku, atak\u00f3w paniki, skurcz\u00f3w mi\u0119\u015bni i innych objaw\u00f3w.<br \/>\nNiekt\u00f3rym osobom przepisuje si\u0119 diazepam, aby pom\u00f3c im zrelaksowa\u0107 si\u0119 przed zabiegiem medycznym. Mo\u017ce by\u0107 przepisywany jako \u015brodek zwiotczaj\u0105cy mi\u0119\u015bnie<br \/>\nLe diaz\u00e9pam \u00e9tait autrefois connu sous le nom de <a href=\"https:\/\/gblexprimer.com\/pl\/produkt\/heaven-pure-ecstasy-500-mg-%ce%b3-hydroxybutyric-acid-ghb\/\">Valium<\/a>, bien que cette marque de diaz\u00e9pam ne soit plus disponible au Royaume-Uni.<br \/>\nJest to substancja kontrolowana<br \/>\nDiazepam jest zwykle przyjmowany w postaci tabletek, ale mo\u017ce by\u0107 r\u00f3wnie\u017c przepisywany w postaci p\u0142ynnej lub doodbytniczej.<br \/>\nZaleca si\u0119, aby nie przyjmowa\u0107 diazepamu d\u0142u\u017cej ni\u017c przez cztery tygodnie z rz\u0119du, poniewa\u017c istnieje ryzyko uzale\u017cnienia od leku (Young Minds, 2023). Lekarz b\u0119dzie w stanie wyja\u015bni\u0107 prawid\u0142owy czas stosowania leku w zale\u017cno\u015bci od indywidualnych potrzeb.<br \/>\nPoniewa\u017c diazepam mo\u017ce powodowa\u0107 senno\u015b\u0107, podczas jego przyjmowania nie nale\u017cy prowadzi\u0107 pojazd\u00f3w ani obs\u0142ugiwa\u0107 ci\u0119\u017ckich maszyn.<br \/>\nWa\u017cne jest, aby zapozna\u0107 si\u0119 z ulotk\u0105 dla pacjenta w celu uzyskania pe\u0142nej listy typowych dzia\u0142a\u0144 niepo\u017c\u0105danych i ostrze\u017ce\u0144, a tak\u017ce zawsze skonsultowa\u0107 si\u0119 z lekarzem w celu uzyskania porady na temat odpowiedniego leczenia konkretnego schorzenia.<\/p>\n<h3>Jak nale\u017cy wstrz\u0105sa\u0107 diazepamem?<\/h3>\n<p>Benzodiazepiny, w tym diazepam, dzia\u0142aj\u0105 poprzez oddzia\u0142ywanie na pewne substancje chemiczne w m\u00f3zgu, zwi\u0119kszaj\u0105c wi\u0105zanie GABA z receptorami GABA (Michel, T., 2011). Te substancje chemiczne maj\u0105 uspokajaj\u0105cy wp\u0142yw na m\u00f3zg (Cuncic, A., 2022), co mo\u017ce pom\u00f3c zmniejszy\u0107 niepok\u00f3j, pom\u00f3c rozlu\u017ani\u0107 mi\u0119\u015bnie lub sprawi\u0107, \u017ce poczujesz si\u0119 zrelaksowany lub senny. Mo\u017ce nawet zatrzyma\u0107 aktywno\u015b\u0107 napadow\u0105 (Epilepsy Foundation, 2018). Czasami diazepam jest przepisywany jako \u015brodek nasenny. <a href=\"https:\/\/gblexprimer.com\/pl\/\">Gblexprimer<\/a><\/p>\n<p>Poniewa\u017c pigu\u0142ka diazepamu mo\u017ce mie\u0107 wiele r\u00f3\u017cnych efekt\u00f3w, jest przepisywana na r\u00f3\u017cne schorzenia. Mog\u0105 one obejmowa\u0107 niepok\u00f3j, trudno\u015bci z zasypianiem lub jako lek ratunkowy podawany w przypadku napadu padaczkowego.<\/p>","protected":false},"excerpt":{"rendered":"<p>Acheter Diaz\u00e9pam Ratiopharm 5 mg Diaz\u00e9pam en ligne Sur Sample.com, vous pouvez acheter des comprim\u00e9s de diaz\u00e9pam authentiques en toute confiance. Avant l&rsquo;envoi du m\u00e9dicament, une consultation en ligne d&rsquo;un m\u00e9decin est n\u00e9cessaire pour d\u00e9terminer si une ordonnance l\u00e9gitime peut \u00eatre \u00e9tablie. S&rsquo;assurer que le Diaz\u00e9pam (Valium) est le bon m\u00e9dicament pour vous est assur\u00e9 [&hellip;]<\/p>","protected":false},"featured_media":101,"comment_status":"open","ping_status":"closed","template":"","meta":{"site-sidebar-layout":"default","site-content-layout":"","ast-site-content-layout":"default","site-content-style":"default","site-sidebar-style":"default","ast-global-header-display":"","ast-banner-title-visibility":"","ast-main-header-display":"","ast-hfb-above-header-display":"","ast-hfb-below-header-display":"","ast-hfb-mobile-header-display":"","site-post-title":"","ast-breadcrumbs-content":"","ast-featured-img":"","footer-sml-layout":"","theme-transparent-header-meta":"default","adv-header-id-meta":"","stick-header-meta":"","header-above-stick-meta":"","header-main-stick-meta":"","header-below-stick-meta":"","astra-migrate-meta-layouts":"set","ast-page-background-enabled":"default","ast-page-background-meta":{"desktop":{"background-color":"","background-image":"","background-repeat":"repeat","background-position":"center center","background-size":"auto","background-attachment":"scroll","background-type":"","background-media":"","overlay-type":"","overlay-color":"","overlay-opacity":"","overlay-gradient":""},"tablet":{"background-color":"","background-image":"","background-repeat":"repeat","background-position":"center center","background-size":"auto","background-attachment":"scroll","background-type":"","background-media":"","overlay-type":"","overlay-color":"","overlay-opacity":"","overlay-gradient":""},"mobile":{"background-color":"","background-image":"","background-repeat":"repeat","background-position":"center center","background-size":"auto","background-attachment":"scroll","background-type":"","background-media":"","overlay-type":"","overlay-color":"","overlay-opacity":"","overlay-gradient":""}},"ast-content-background-meta":{"desktop":{"background-color":"var(--ast-global-color-5)","background-image":"","background-repeat":"repeat","background-position":"center center","background-size":"auto","background-attachment":"scroll","background-type":"","background-media":"","overlay-type":"","overlay-color":"","overlay-opacity":"","overlay-gradient":""},"tablet":{"background-color":"var(--ast-global-color-5)","background-image":"","background-repeat":"repeat","background-position":"center center","background-size":"auto","background-attachment":"scroll","background-type":"","background-media":"","overlay-type":"","overlay-color":"","overlay-opacity":"","overlay-gradient":""},"mobile":{"background-color":"var(--ast-global-color-5)","background-image":"","background-repeat":"repeat","background-position":"center center","background-size":"auto","background-attachment":"scroll","background-type":"","background-media":"","overlay-type":"","overlay-color":"","overlay-opacity":"","overlay-gradient":""}},"_joinchat":[]},"product_brand":[],"product_cat":[84],"product_tag":[],"class_list":{"0":"post-35","1":"product","2":"type-product","3":"status-publish","4":"has-post-thumbnail","6":"product_cat-ko-drops","7":"desktop-align-left","8":"tablet-align-left","9":"mobile-align-left","11":"first","12":"instock","13":"featured","14":"shipping-taxable","15":"purchasable","16":"product-type-variable","17":"has-default-attributes"},"yoast_head":"<!-- This site is optimized with the Yoast SEO plugin v26.9 - https:\/\/yoast.com\/product\/yoast-seo-wordpress\/ -->\n<title>Acheter du Diazepam-ratiopharm 5 mg en ligne | Gblexprimer<\/title>\n<meta name=\"description\" content=\"Le Diazepam-ratiopharm contient du diaz\u00e9pam, une benzodiaz\u00e9pine qui aide \u00e0 soulager l&#039;anxi\u00e9t\u00e9, les spasmes musculaires et les troubles convulsifs en apaisant le syst\u00e8me nerveux central.\" \/>\n<meta name=\"robots\" content=\"index, follow, max-snippet:-1, max-image-preview:large, max-video-preview:-1\" \/>\n<link rel=\"canonical\" href=\"https:\/\/gblexprimer.com\/pl\/produkt\/-19\/\" \/>\n<meta property=\"og:locale\" content=\"pl_PL\" \/>\n<meta property=\"og:type\" content=\"article\" \/>\n<meta property=\"og:title\" content=\"Acheter du Diazepam-ratiopharm 5 mg en ligne | Gblexprimer\" \/>\n<meta property=\"og:description\" content=\"Le Diazepam-ratiopharm contient du diaz\u00e9pam, une benzodiaz\u00e9pine qui aide \u00e0 soulager l&#039;anxi\u00e9t\u00e9, les spasmes musculaires et les troubles convulsifs en apaisant le syst\u00e8me nerveux central.\" \/>\n<meta property=\"og:url\" content=\"https:\/\/gblexprimer.com\/pl\/produkt\/-19\/\" \/>\n<meta property=\"og:site_name\" content=\"GBL Exprimer\" \/>\n<meta property=\"article:modified_time\" content=\"2026-04-11T07:15:58+00:00\" \/>\n<meta property=\"og:image\" content=\"https:\/\/gblexprimer.com\/wp-content\/uploads\/2023\/12\/Diazepam-Ratiopharm-5-mg-Diazepam.jpg\" \/>\n\t<meta property=\"og:image:width\" content=\"600\" \/>\n\t<meta property=\"og:image:height\" content=\"600\" \/>\n\t<meta property=\"og:image:type\" content=\"image\/jpeg\" \/>\n<meta name=\"twitter:card\" content=\"summary_large_image\" \/>\n<meta name=\"twitter:label1\" content=\"Szacowany czas czytania\" \/>\n\t<meta name=\"twitter:data1\" content=\"3 minuty\" \/>\n<script type=\"application\/ld+json\" class=\"yoast-schema-graph\">{\"@context\":\"https:\/\/schema.org\",\"@graph\":[{\"@type\":\"WebPage\",\"@id\":\"https:\/\/gblexprimer.com\/product\/diazepam-ratiopharm-5-mg-diazepam\/\",\"url\":\"https:\/\/gblexprimer.com\/product\/diazepam-ratiopharm-5-mg-diazepam\/\",\"name\":\"Acheter du Diazepam-ratiopharm 5 mg en ligne | Gblexprimer\",\"isPartOf\":{\"@id\":\"https:\/\/gblexprimer.com\/#website\"},\"primaryImageOfPage\":{\"@id\":\"https:\/\/gblexprimer.com\/product\/diazepam-ratiopharm-5-mg-diazepam\/#primaryimage\"},\"image\":{\"@id\":\"https:\/\/gblexprimer.com\/product\/diazepam-ratiopharm-5-mg-diazepam\/#primaryimage\"},\"thumbnailUrl\":\"https:\/\/gblexprimer.com\/wp-content\/uploads\/2023\/12\/Diazepam-Ratiopharm-5-mg-Diazepam.jpg\",\"datePublished\":\"2023-12-26T07:26:40+00:00\",\"dateModified\":\"2026-04-11T07:15:58+00:00\",\"description\":\"Le Diazepam-ratiopharm contient du diaz\u00e9pam, une benzodiaz\u00e9pine qui aide \u00e0 soulager l'anxi\u00e9t\u00e9, les spasmes musculaires et les troubles convulsifs en apaisant le syst\u00e8me nerveux central.\",\"breadcrumb\":{\"@id\":\"https:\/\/gblexprimer.com\/product\/diazepam-ratiopharm-5-mg-diazepam\/#breadcrumb\"},\"inLanguage\":\"pl-PL\",\"potentialAction\":[{\"@type\":\"ReadAction\",\"target\":[\"https:\/\/gblexprimer.com\/product\/diazepam-ratiopharm-5-mg-diazepam\/\"]}]},{\"@type\":\"ImageObject\",\"inLanguage\":\"pl-PL\",\"@id\":\"https:\/\/gblexprimer.com\/product\/diazepam-ratiopharm-5-mg-diazepam\/#primaryimage\",\"url\":\"https:\/\/gblexprimer.com\/wp-content\/uploads\/2023\/12\/Diazepam-Ratiopharm-5-mg-Diazepam.jpg\",\"contentUrl\":\"https:\/\/gblexprimer.com\/wp-content\/uploads\/2023\/12\/Diazepam-Ratiopharm-5-mg-Diazepam.jpg\",\"width\":600,\"height\":600,\"caption\":\"Diaz\u00e9pam Ratiopharm 5 mg Diaz\u00e9pam\"},{\"@type\":\"BreadcrumbList\",\"@id\":\"https:\/\/gblexprimer.com\/product\/diazepam-ratiopharm-5-mg-diazepam\/#breadcrumb\",\"itemListElement\":[{\"@type\":\"ListItem\",\"position\":1,\"name\":\"Home\",\"item\":\"https:\/\/gblexprimer.com\/\"},{\"@type\":\"ListItem\",\"position\":2,\"name\":\"Shop\",\"item\":\"https:\/\/gblexprimer.com\/shop\/\"},{\"@type\":\"ListItem\",\"position\":3,\"name\":\"Diaz\u00e9pam Ratiopharm 5 mg Diaz\u00e9pam\"}]},{\"@type\":\"WebSite\",\"@id\":\"https:\/\/gblexprimer.com\/#website\",\"url\":\"https:\/\/gblexprimer.com\/\",\"name\":\"GBL Exprimer\",\"description\":\"\",\"publisher\":{\"@id\":\"https:\/\/gblexprimer.com\/#organization\"},\"potentialAction\":[{\"@type\":\"SearchAction\",\"target\":{\"@type\":\"EntryPoint\",\"urlTemplate\":\"https:\/\/gblexprimer.com\/?s={search_term_string}\"},\"query-input\":{\"@type\":\"PropertyValueSpecification\",\"valueRequired\":true,\"valueName\":\"search_term_string\"}}],\"inLanguage\":\"pl-PL\"},{\"@type\":\"Organization\",\"@id\":\"https:\/\/gblexprimer.com\/#organization\",\"name\":\"GBL Exprimer\",\"url\":\"https:\/\/gblexprimer.com\/\",\"logo\":{\"@type\":\"ImageObject\",\"inLanguage\":\"pl-PL\",\"@id\":\"https:\/\/gblexprimer.com\/#\/schema\/logo\/image\/\",\"url\":\"https:\/\/gblexprimer.com\/wp-content\/uploads\/2024\/01\/logo.png\",\"contentUrl\":\"https:\/\/gblexprimer.com\/wp-content\/uploads\/2024\/01\/logo.png\",\"width\":220,\"height\":80,\"caption\":\"GBL Exprimer\"},\"image\":{\"@id\":\"https:\/\/gblexprimer.com\/#\/schema\/logo\/image\/\"}}]}<\/script>\n<!-- \/ Yoast SEO plugin. -->","yoast_head_json":{"title":"Acheter du Diazepam-ratiopharm 5 mg en ligne | Gblexprimer","description":"Le Diazepam-ratiopharm contient du diaz\u00e9pam, une benzodiaz\u00e9pine qui aide \u00e0 soulager l'anxi\u00e9t\u00e9, les spasmes musculaires et les troubles convulsifs en apaisant le syst\u00e8me nerveux central.","robots":{"index":"index","follow":"follow","max-snippet":"max-snippet:-1","max-image-preview":"max-image-preview:large","max-video-preview":"max-video-preview:-1"},"canonical":"https:\/\/gblexprimer.com\/pl\/produkt\/-19\/","og_locale":"pl_PL","og_type":"article","og_title":"Acheter du Diazepam-ratiopharm 5 mg en ligne | Gblexprimer","og_description":"Le Diazepam-ratiopharm contient du diaz\u00e9pam, une benzodiaz\u00e9pine qui aide \u00e0 soulager l'anxi\u00e9t\u00e9, les spasmes musculaires et les troubles convulsifs en apaisant le syst\u00e8me nerveux central.","og_url":"https:\/\/gblexprimer.com\/pl\/produkt\/-19\/","og_site_name":"GBL Exprimer","article_modified_time":"2026-04-11T07:15:58+00:00","og_image":[{"width":600,"height":600,"url":"https:\/\/gblexprimer.com\/wp-content\/uploads\/2023\/12\/Diazepam-Ratiopharm-5-mg-Diazepam.jpg","type":"image\/jpeg"}],"twitter_card":"summary_large_image","twitter_misc":{"Szacowany czas czytania":"3 minuty"},"schema":{"@context":"https:\/\/schema.org","@graph":[{"@type":"WebPage","@id":"https:\/\/gblexprimer.com\/product\/diazepam-ratiopharm-5-mg-diazepam\/","url":"https:\/\/gblexprimer.com\/product\/diazepam-ratiopharm-5-mg-diazepam\/","name":"Acheter du Diazepam-ratiopharm 5 mg en ligne | Gblexprimer","isPartOf":{"@id":"https:\/\/gblexprimer.com\/#website"},"primaryImageOfPage":{"@id":"https:\/\/gblexprimer.com\/product\/diazepam-ratiopharm-5-mg-diazepam\/#primaryimage"},"image":{"@id":"https:\/\/gblexprimer.com\/product\/diazepam-ratiopharm-5-mg-diazepam\/#primaryimage"},"thumbnailUrl":"https:\/\/gblexprimer.com\/wp-content\/uploads\/2023\/12\/Diazepam-Ratiopharm-5-mg-Diazepam.jpg","datePublished":"2023-12-26T07:26:40+00:00","dateModified":"2026-04-11T07:15:58+00:00","description":"Le Diazepam-ratiopharm contient du diaz\u00e9pam, une benzodiaz\u00e9pine qui aide \u00e0 soulager l'anxi\u00e9t\u00e9, les spasmes musculaires et les troubles convulsifs en apaisant le syst\u00e8me nerveux central.","breadcrumb":{"@id":"https:\/\/gblexprimer.com\/product\/diazepam-ratiopharm-5-mg-diazepam\/#breadcrumb"},"inLanguage":"pl-PL","potentialAction":[{"@type":"ReadAction","target":["https:\/\/gblexprimer.com\/product\/diazepam-ratiopharm-5-mg-diazepam\/"]}]},{"@type":"ImageObject","inLanguage":"pl-PL","@id":"https:\/\/gblexprimer.com\/product\/diazepam-ratiopharm-5-mg-diazepam\/#primaryimage","url":"https:\/\/gblexprimer.com\/wp-content\/uploads\/2023\/12\/Diazepam-Ratiopharm-5-mg-Diazepam.jpg","contentUrl":"https:\/\/gblexprimer.com\/wp-content\/uploads\/2023\/12\/Diazepam-Ratiopharm-5-mg-Diazepam.jpg","width":600,"height":600,"caption":"Diaz\u00e9pam Ratiopharm 5 mg Diaz\u00e9pam"},{"@type":"BreadcrumbList","@id":"https:\/\/gblexprimer.com\/product\/diazepam-ratiopharm-5-mg-diazepam\/#breadcrumb","itemListElement":[{"@type":"ListItem","position":1,"name":"Home","item":"https:\/\/gblexprimer.com\/"},{"@type":"ListItem","position":2,"name":"Shop","item":"https:\/\/gblexprimer.com\/shop\/"},{"@type":"ListItem","position":3,"name":"Diaz\u00e9pam Ratiopharm 5 mg Diaz\u00e9pam"}]},{"@type":"WebSite","@id":"https:\/\/gblexprimer.com\/#website","url":"https:\/\/gblexprimer.com\/","name":"GBL Express","description":"","publisher":{"@id":"https:\/\/gblexprimer.com\/#organization"},"potentialAction":[{"@type":"SearchAction","target":{"@type":"EntryPoint","urlTemplate":"https:\/\/gblexprimer.com\/?s={search_term_string}"},"query-input":{"@type":"PropertyValueSpecification","valueRequired":true,"valueName":"search_term_string"}}],"inLanguage":"pl-PL"},{"@type":"Organization","@id":"https:\/\/gblexprimer.com\/#organization","name":"GBL Express","url":"https:\/\/gblexprimer.com\/","logo":{"@type":"ImageObject","inLanguage":"pl-PL","@id":"https:\/\/gblexprimer.com\/#\/schema\/logo\/image\/","url":"https:\/\/gblexprimer.com\/wp-content\/uploads\/2024\/01\/logo.png","contentUrl":"https:\/\/gblexprimer.com\/wp-content\/uploads\/2024\/01\/logo.png","width":220,"height":80,"caption":"GBL Exprimer"},"image":{"@id":"https:\/\/gblexprimer.com\/#\/schema\/logo\/image\/"}}]}},"_links":{"self":[{"href":"https:\/\/gblexprimer.com\/pl\/wp-json\/wp\/v2\/product\/35","targetHints":{"allow":["GET"]}}],"collection":[{"href":"https:\/\/gblexprimer.com\/pl\/wp-json\/wp\/v2\/product"}],"about":[{"href":"https:\/\/gblexprimer.com\/pl\/wp-json\/wp\/v2\/types\/product"}],"replies":[{"embeddable":true,"href":"https:\/\/gblexprimer.com\/pl\/wp-json\/wp\/v2\/comments?post=35"}],"wp:featuredmedia":[{"embeddable":true,"href":"https:\/\/gblexprimer.com\/pl\/wp-json\/wp\/v2\/media\/101"}],"wp:attachment":[{"href":"https:\/\/gblexprimer.com\/pl\/wp-json\/wp\/v2\/media?parent=35"}],"wp:term":[{"taxonomy":"product_brand","embeddable":true,"href":"https:\/\/gblexprimer.com\/pl\/wp-json\/wp\/v2\/product_brand?post=35"},{"taxonomy":"product_cat","embeddable":true,"href":"https:\/\/gblexprimer.com\/pl\/wp-json\/wp\/v2\/product_cat?post=35"},{"taxonomy":"product_tag","embeddable":true,"href":"https:\/\/gblexprimer.com\/pl\/wp-json\/wp\/v2\/product_tag?post=35"}],"curies":[{"name":"wp","href":"https:\/\/api.w.org\/{rel}","templated":true}]}}