{"id":36,"date":"2023-12-26T07:26:41","date_gmt":"2023-12-26T07:26:41","guid":{"rendered":"https:\/\/cannasmed.com\/gbl\/?post_type=product&#038;p=36"},"modified":"2026-04-11T07:17:55","modified_gmt":"2026-04-11T07:17:55","slug":"heaven-pure-ecstasy-500-mg-%ce%b3-hydroxybutyric-acid-ghb","status":"publish","type":"product","link":"https:\/\/gblexprimer.com\/pl\/produkt\/heaven-pure-ecstasy-500-mg-%ce%b3-hydroxybutyric-acid-ghb\/","title":{"rendered":"Heaven Pure Ecstasy 500 mg kwasu \u03b3-hydroksymas\u0142owego (GHB)"},"content":{"rendered":"<div class=\"ds-markdown\">\n<h2 class=\"ds-markdown-paragraph\">Achetez du Heaven Pure Ecstasy 500mg (GHB) en ligne \u2013 Puret\u00e9 de qualit\u00e9, S\u00e9curit\u00e9 de confiance<\/h2>\n<p class=\"ds-markdown-paragraph\"><a href=\"https:\/\/gblexprimer.com\/pl\/kategoria-produktu\/ghb\/\"><strong>Zam\u00f3w Heaven Pure Ecstasy (GHB) online<\/strong><\/a>Odkryj czyst\u0105 esencj\u0119 relaksu i euforii z Heaven Pure Ecstasy (GHB) \u2013 wysokiej jako\u015bci roztworem gamma-hydroksybutyratu, cenionym za wyj\u0105tkowe dzia\u0142anie uspokajaj\u0105ce i poprawiaj\u0105ce nastr\u00f3j. Niezale\u017cnie od tego, czy chcesz zam\u00f3wi\u0107 Heaven Pure Ecstasy (GHB) online do u\u017cytku osobistego, czy te\u017c rozwa\u017casz inne opcje w celach rekreacyjnych, kluczowe jest zrozumienie, co wyr\u00f3\u017cnia ten produkt i jak odpowiedzialnie porusza\u0107 si\u0119 po rynku.<\/p>\n<h3 class=\"ds-markdown-paragraph\">Co to jest Heaven Pure Ecstasy (GHB) Zam\u00f3w Heaven Pure Ecstasy (GHB) online?<\/h3>\n<p class=\"ds-markdown-paragraph\">Le <strong>Heaven Pure Ecstasy (GHB)<\/strong> to wysoce wyrafinowana forma gamma-hydroksyma\u015blanu, znana ze swojej zdolno\u015bci do wywo\u0142ywania g\u0142\u0119bokiego relaksu, promowania towarzysko\u015bci i wzmacniania dozna\u0144 sensorycznych. Powszechnie znana w kr\u0119gach wellness i rekreacyjnych, substancja ta jest ceniona za szybkie dzia\u0142anie i \u0142agodne efekty.<\/p>\n<p class=\"ds-markdown-paragraph\">Sa popularit\u00e9 d\u00e9coule de ses propri\u00e9t\u00e9s \u00e0 la <a href=\"https:\/\/gblexprimer.com\/pl\/produkt\/bohaterka\/\">fois euphorisantes<\/a> et s\u00e9datives, souvent utilis\u00e9es en environnements contr\u00f4l\u00e9s pour se d\u00e9tendre ou am\u00e9liorer l&rsquo;humeur<a href=\"https:\/\/nembutalboutique.com\/\">.<\/a><\/p>\n<h3 class=\"ds-markdown-paragraph\">Zrozumienie GHB: charakter chemiczny i skutki<\/h3>\n<p class=\"ds-markdown-paragraph\">GHB jest naturalnie obecny w ludzkim organizmie i dzia\u0142a depresyjnie na o\u015brodkowy uk\u0142ad nerwowy. U\u017cywany w spos\u00f3b odpowiedzialny <strong>Heaven Pure Ecstasy (GHB)<\/strong> mo\u017ce promowa\u0107 spok\u00f3j, zwi\u0119kszon\u0105 przyjemno\u015b\u0107 i zmniejszony niepok\u00f3j.<\/p>\n<p class=\"ds-markdown-paragraph\">Wa\u017cne jest jednak, aby zdawa\u0107 sobie spraw\u0119, \u017ce niew\u0142a\u015bciwe stosowanie niesie ze sob\u0105 ryzyko, takie jak uspokojenie, zaburzenia koordynacji lub powa\u017cniejsze skutki przy wysokich dawkach.<\/p>\n<h3 class=\"ds-markdown-paragraph\">Status prawny: dowiedz si\u0119 przed zakupem<\/h3>\n<p class=\"ds-markdown-paragraph\">Prawa dotycz\u0105ce <a href=\"https:\/\/en.wikipedia.org\/wiki\/%CE%93-Hydroxybutyric_acid\"><strong>GHB<\/strong><\/a> r\u00f3\u017cni si\u0119 znacznie w zale\u017cno\u015bci od regionu. W niekt\u00f3rych regionach jest on klasyfikowany jako substancja kontrolowana ze wzgl\u0119du na mo\u017cliwo\u015b\u0107 nadu\u017cywania. Przed zakupem Heaven Pure Ecstasy (GHB) online, upewnij si\u0119, \u017ce rozumiesz lokalne ramy prawne, aby unikn\u0105\u0107 komplikacji prawnych.<\/p>\n<p class=\"ds-markdown-paragraph\">Odpowiedzialne zakupy obejmuj\u0105 przestrzeganie wszystkich lokalnych przepis\u00f3w i ogranicze\u0144.<\/p>\n<h3 class=\"ds-markdown-paragraph\">Ryzyko zwi\u0105zane z zakupem GHB online: o czym nale\u017cy pami\u0119ta\u0107<\/h3>\n<p class=\"ds-markdown-paragraph\">Rynek internetowy oferuje wygod\u0119, ale wi\u0105\u017ce si\u0119 r\u00f3wnie\u017c z ryzykiem. Najwi\u0119ksze obawy zwi\u0105zane z zakupem GHB online dotycz\u0105 podrobionych produkt\u00f3w, zanieczyszczonych partii i nierzetelnych sprzedawc\u00f3w. Takie produkty mog\u0105 nie tylko nie przynie\u015b\u0107 po\u017c\u0105danych efekt\u00f3w, ale tak\u017ce zagra\u017ca\u0107 zdrowiu.<\/p>\n<p class=\"ds-markdown-paragraph\">Zawsze szukaj renomowanych sprzedawc\u00f3w, kt\u00f3rzy zapewniaj\u0105 przejrzyste informacje o swoich produktach i obs\u0142udze klienta.<\/p>\n<h4 class=\"ds-markdown-paragraph\">Jak zachowa\u0107 bezpiecze\u0144stwo podczas zamawiania Heaven Pure Ecstasy (GHB) online?<\/h4>\n<ul>\n<li>\n<p class=\"ds-markdown-paragraph\">Sprawd\u017a \u017ar\u00f3d\u0142o: wybieraj sprzedawc\u00f3w ze zweryfikowanymi opiniami i jasnymi danymi kontaktowymi.<\/p>\n<\/li>\n<li>\n<p class=\"ds-markdown-paragraph\">Sprawd\u017a czysto\u015b\u0107 produktu: Szukaj produkt\u00f3w przebadanych laboratoryjnie lub posiadaj\u0105cych gwarancj\u0119 autentyczno\u015bci.<\/p>\n<\/li>\n<li>\n<p class=\"ds-markdown-paragraph\">Zrozumienie dawkowania: zacznij od najmniejszej skutecznej ilo\u015bci i nigdy nie mieszaj z innymi substancjami.<\/p>\n<\/li>\n<li>\n<p class=\"ds-markdown-paragraph\">Praktyka ograniczania ryzyka: U\u017cywaj w bezpiecznym otoczeniu, najlepiej z zaufanymi osobami w pobli\u017cu.<\/p>\n<\/li>\n<\/ul>\n<h4 class=\"ds-markdown-paragraph\">Alternatywy i wsparcie<\/h4>\n<p class=\"ds-markdown-paragraph\">Je\u015bli szukasz suplement\u00f3w na popraw\u0119 nastroju lub relaks, istniej\u0105 bezpieczniejsze i legalne alternatywy. Rozwa\u017c skonsultowanie si\u0119 z pracownikami s\u0142u\u017cby zdrowia w celu uzyskania porady na temat odpowiednich suplement\u00f3w lub terapii dla Twoich potrzeb. Dla os\u00f3b borykaj\u0105cych si\u0119 z problemami zwi\u0105zanymi z u\u017cywaniem substancji psychoaktywnych, wiele grup wsparcia i zasob\u00f3w oferuje poufn\u0105 pomoc i porady. <a href=\"https:\/\/gblexprimer.com\/pl\/\"><strong>GBLExpress<\/strong><\/a><\/p>\n<p class=\"ds-markdown-paragraph\">Dlaczego warto wybra\u0107 nas jako najlepsze miejsce do zakupu Heaven Pure Ecstasy (GHB)?<\/p>\n<p class=\"ds-markdown-paragraph\">Stawiamy bezpiecze\u0144stwo i satysfakcj\u0119 na pierwszym miejscu, oferuj\u0105c :<\/p>\n<ul>\n<li>\n<p class=\"ds-markdown-paragraph\">Czysta, najwy\u017cszej jako\u015bci substancja Heaven Pure Ecstasy (GHB), testowana pod k\u0105tem czysto\u015bci i si\u0142y dzia\u0142ania.<\/p>\n<\/li>\n<li>\n<p class=\"ds-markdown-paragraph\">Konkurencyjne, niskie ceny Heaven Pure Ecstasy (GHB) bez uszczerbku dla jako\u015bci<\/p>\n<\/li>\n<li>\n<p class=\"ds-markdown-paragraph\">Bezpieczny, dyskretny proces zamawiania z niezawodn\u0105 dostaw\u0105 na ca\u0142ym \u015bwiecie<\/p>\n<\/li>\n<li>\n<p class=\"ds-markdown-paragraph\">Fachowa obs\u0142uga klienta gotowa do pomocy w przypadku jakichkolwiek pyta\u0144 lub w\u0105tpliwo\u015bci<\/p>\n<\/li>\n<\/ul>\n<h5 class=\"ds-markdown-paragraph\">Wnioski<\/h5>\n<p class=\"ds-markdown-paragraph\">Decyduj\u0105c si\u0119 na zakup Heaven Pure Ecstasy (GHB) online, nale\u017cy zawsze zachowa\u0107 pe\u0142n\u0105 \u015bwiadomo\u015b\u0107 i ostro\u017cno\u015b\u0107. Nasz\u0105 misj\u0105 jest zapewnienie zaufanej platformy, na kt\u00f3rej mo\u017cna bezpiecznie uzyska\u0107 dost\u0119p do produkt\u00f3w premium, b\u0119d\u0105c jednocze\u015bnie poinformowanym o ryzyku i odpowiedzialnym u\u017cytkowaniu. Zapoznaj si\u0119 z nasz\u0105 ofert\u0105 ju\u017c teraz i odkryj koj\u0105ce zalety Heaven Pure Ecstasy.<\/p>\n<p class=\"ds-markdown-paragraph\">Zam\u00f3w Heaven Pure Ecstasy (GHB) online ju\u017c dzi\u015b - poniewa\u017c Twoje bezpiecze\u0144stwo i satysfakcja s\u0105 najwa\u017cniejsze.<\/p>\n<\/div>","protected":false},"excerpt":{"rendered":"<p>Kwas \u03b3-hydroksymas\u0142owy, znany r\u00f3wnie\u017c jako kwas gamma-hydroksymas\u0142owy, GHB lub kwas 4-hydroksymas\u0142owy, jest naturalnym neuroprzeka\u017anikiem i lekiem depresyjnym. Jest prekursorem GABA, glutaminianu i glicyny w niekt\u00f3rych obszarach m\u00f3zgu. Dzia\u0142a na receptor GHB i jest s\u0142abym agonist\u0105 receptora GABAB. GHB by\u0142 stosowany w medycynie jako \u015brodek znieczulenia og\u00f3lnego oraz w leczeniu katapleksji, narkolepsji i alkoholizmu.<\/p>","protected":false},"featured_media":99,"comment_status":"open","ping_status":"closed","template":"","meta":{"site-sidebar-layout":"default","site-content-layout":"","ast-site-content-layout":"default","site-content-style":"default","site-sidebar-style":"default","ast-global-header-display":"","ast-banner-title-visibility":"","ast-main-header-display":"","ast-hfb-above-header-display":"","ast-hfb-below-header-display":"","ast-hfb-mobile-header-display":"","site-post-title":"","ast-breadcrumbs-content":"","ast-featured-img":"","footer-sml-layout":"","theme-transparent-header-meta":"default","adv-header-id-meta":"","stick-header-meta":"","header-above-stick-meta":"","header-main-stick-meta":"","header-below-stick-meta":"","astra-migrate-meta-layouts":"set","ast-page-background-enabled":"default","ast-page-background-meta":{"desktop":{"background-color":"","background-image":"","background-repeat":"repeat","background-position":"center center","background-size":"auto","background-attachment":"scroll","background-type":"","background-media":"","overlay-type":"","overlay-color":"","overlay-opacity":"","overlay-gradient":""},"tablet":{"background-color":"","background-image":"","background-repeat":"repeat","background-position":"center center","background-size":"auto","background-attachment":"scroll","background-type":"","background-media":"","overlay-type":"","overlay-color":"","overlay-opacity":"","overlay-gradient":""},"mobile":{"background-color":"","background-image":"","background-repeat":"repeat","background-position":"center center","background-size":"auto","background-attachment":"scroll","background-type":"","background-media":"","overlay-type":"","overlay-color":"","overlay-opacity":"","overlay-gradient":""}},"ast-content-background-meta":{"desktop":{"background-color":"var(--ast-global-color-5)","background-image":"","background-repeat":"repeat","background-position":"center center","background-size":"auto","background-attachment":"scroll","background-type":"","background-media":"","overlay-type":"","overlay-color":"","overlay-opacity":"","overlay-gradient":""},"tablet":{"background-color":"var(--ast-global-color-5)","background-image":"","background-repeat":"repeat","background-position":"center center","background-size":"auto","background-attachment":"scroll","background-type":"","background-media":"","overlay-type":"","overlay-color":"","overlay-opacity":"","overlay-gradient":""},"mobile":{"background-color":"var(--ast-global-color-5)","background-image":"","background-repeat":"repeat","background-position":"center center","background-size":"auto","background-attachment":"scroll","background-type":"","background-media":"","overlay-type":"","overlay-color":"","overlay-opacity":"","overlay-gradient":""}},"_joinchat":[]},"product_brand":[],"product_cat":[18],"product_tag":[],"class_list":{"0":"post-36","1":"product","2":"type-product","3":"status-publish","4":"has-post-thumbnail","6":"product_cat-ghb","7":"desktop-align-left","8":"tablet-align-left","9":"mobile-align-left","11":"first","12":"instock","13":"shipping-taxable","14":"purchasable","15":"product-type-variable","16":"has-default-attributes"},"yoast_head":"<!-- This site is optimized with the Yoast SEO plugin v26.9 - https:\/\/yoast.com\/product\/yoast-seo-wordpress\/ -->\n<title>Acheter de l&#039;acide gamma-hydroxybutyrique (GHB) 500mg en ligne<\/title>\n<meta name=\"description\" content=\"L&#039;acide gamma-hydroxybutyrique (GHB) est un d\u00e9presseur du syst\u00e8me nerveux central qui poss\u00e8de \u00e0 la fois des d\u00e9riv\u00e9s \u00e0 usage m\u00e9dical et des usages r\u00e9cr\u00e9atifs illicites. Il pr\u00e9sente des risques importants, notamment la s\u00e9dation, la d\u00e9pression respiratoire et la d\u00e9pendance.\" \/>\n<meta name=\"robots\" content=\"index, follow, max-snippet:-1, max-image-preview:large, max-video-preview:-1\" \/>\n<link rel=\"canonical\" href=\"https:\/\/gblexprimer.com\/pl\/produkt\/heaven-pure-ecstasy-500-mg-\u03b3-hydroxybutyric-acid-ghb\/\" \/>\n<meta property=\"og:locale\" content=\"pl_PL\" \/>\n<meta property=\"og:type\" content=\"article\" \/>\n<meta property=\"og:title\" content=\"Acheter de l&#039;acide gamma-hydroxybutyrique (GHB) 500mg en ligne\" \/>\n<meta property=\"og:description\" content=\"L&#039;acide gamma-hydroxybutyrique (GHB) est un d\u00e9presseur du syst\u00e8me nerveux central qui poss\u00e8de \u00e0 la fois des d\u00e9riv\u00e9s \u00e0 usage m\u00e9dical et des usages r\u00e9cr\u00e9atifs illicites. Il pr\u00e9sente des risques importants, notamment la s\u00e9dation, la d\u00e9pression respiratoire et la d\u00e9pendance.\" \/>\n<meta property=\"og:url\" content=\"https:\/\/gblexprimer.com\/pl\/produkt\/heaven-pure-ecstasy-500-mg-\u03b3-hydroxybutyric-acid-ghb\/\" \/>\n<meta property=\"og:site_name\" content=\"GBL Exprimer\" \/>\n<meta property=\"article:modified_time\" content=\"2026-04-11T07:17:55+00:00\" \/>\n<meta property=\"og:image\" content=\"https:\/\/gblexprimer.com\/wp-content\/uploads\/2023\/12\/Heaven-Pure-Ecstasy-500-mg.jpg\" \/>\n\t<meta property=\"og:image:width\" content=\"600\" \/>\n\t<meta property=\"og:image:height\" content=\"600\" \/>\n\t<meta property=\"og:image:type\" content=\"image\/jpeg\" \/>\n<meta name=\"twitter:card\" content=\"summary_large_image\" \/>\n<meta name=\"twitter:label1\" content=\"Szacowany czas czytania\" \/>\n\t<meta name=\"twitter:data1\" content=\"4 minuty\" \/>\n<script type=\"application\/ld+json\" class=\"yoast-schema-graph\">{\"@context\":\"https:\/\/schema.org\",\"@graph\":[{\"@type\":\"WebPage\",\"@id\":\"https:\/\/gblexprimer.com\/product\/heaven-pure-ecstasy-500-mg-dacide-%ce%b3-hydroxybutyrique-ghb\/\",\"url\":\"https:\/\/gblexprimer.com\/product\/heaven-pure-ecstasy-500-mg-dacide-%ce%b3-hydroxybutyrique-ghb\/\",\"name\":\"Acheter de l'acide gamma-hydroxybutyrique (GHB) 500mg en ligne\",\"isPartOf\":{\"@id\":\"https:\/\/gblexprimer.com\/#website\"},\"primaryImageOfPage\":{\"@id\":\"https:\/\/gblexprimer.com\/product\/heaven-pure-ecstasy-500-mg-dacide-%ce%b3-hydroxybutyrique-ghb\/#primaryimage\"},\"image\":{\"@id\":\"https:\/\/gblexprimer.com\/product\/heaven-pure-ecstasy-500-mg-dacide-%ce%b3-hydroxybutyrique-ghb\/#primaryimage\"},\"thumbnailUrl\":\"https:\/\/gblexprimer.com\/wp-content\/uploads\/2023\/12\/Heaven-Pure-Ecstasy-500-mg.jpg\",\"datePublished\":\"2023-12-26T07:26:41+00:00\",\"dateModified\":\"2026-04-11T07:17:55+00:00\",\"description\":\"L'acide gamma-hydroxybutyrique (GHB) est un d\u00e9presseur du syst\u00e8me nerveux central qui poss\u00e8de \u00e0 la fois des d\u00e9riv\u00e9s \u00e0 usage m\u00e9dical et des usages r\u00e9cr\u00e9atifs illicites. Il pr\u00e9sente des risques importants, notamment la s\u00e9dation, la d\u00e9pression respiratoire et la d\u00e9pendance.\",\"breadcrumb\":{\"@id\":\"https:\/\/gblexprimer.com\/product\/heaven-pure-ecstasy-500-mg-dacide-%ce%b3-hydroxybutyrique-ghb\/#breadcrumb\"},\"inLanguage\":\"pl-PL\",\"potentialAction\":[{\"@type\":\"ReadAction\",\"target\":[\"https:\/\/gblexprimer.com\/product\/heaven-pure-ecstasy-500-mg-dacide-%ce%b3-hydroxybutyrique-ghb\/\"]}]},{\"@type\":\"ImageObject\",\"inLanguage\":\"pl-PL\",\"@id\":\"https:\/\/gblexprimer.com\/product\/heaven-pure-ecstasy-500-mg-dacide-%ce%b3-hydroxybutyrique-ghb\/#primaryimage\",\"url\":\"https:\/\/gblexprimer.com\/wp-content\/uploads\/2023\/12\/Heaven-Pure-Ecstasy-500-mg.jpg\",\"contentUrl\":\"https:\/\/gblexprimer.com\/wp-content\/uploads\/2023\/12\/Heaven-Pure-Ecstasy-500-mg.jpg\",\"width\":600,\"height\":600,\"caption\":\"Gamma-Hydroxybutyrate GHB \u00e0 vendre\"},{\"@type\":\"BreadcrumbList\",\"@id\":\"https:\/\/gblexprimer.com\/product\/heaven-pure-ecstasy-500-mg-dacide-%ce%b3-hydroxybutyrique-ghb\/#breadcrumb\",\"itemListElement\":[{\"@type\":\"ListItem\",\"position\":1,\"name\":\"Home\",\"item\":\"https:\/\/gblexprimer.com\/\"},{\"@type\":\"ListItem\",\"position\":2,\"name\":\"Shop\",\"item\":\"https:\/\/gblexprimer.com\/shop\/\"},{\"@type\":\"ListItem\",\"position\":3,\"name\":\"Heaven Pure Ecstasy 500 mg d&#8217;acide \u03b3-hydroxybutyrique (GHB)\"}]},{\"@type\":\"WebSite\",\"@id\":\"https:\/\/gblexprimer.com\/#website\",\"url\":\"https:\/\/gblexprimer.com\/\",\"name\":\"GBL Exprimer\",\"description\":\"\",\"publisher\":{\"@id\":\"https:\/\/gblexprimer.com\/#organization\"},\"potentialAction\":[{\"@type\":\"SearchAction\",\"target\":{\"@type\":\"EntryPoint\",\"urlTemplate\":\"https:\/\/gblexprimer.com\/?s={search_term_string}\"},\"query-input\":{\"@type\":\"PropertyValueSpecification\",\"valueRequired\":true,\"valueName\":\"search_term_string\"}}],\"inLanguage\":\"pl-PL\"},{\"@type\":\"Organization\",\"@id\":\"https:\/\/gblexprimer.com\/#organization\",\"name\":\"GBL Exprimer\",\"url\":\"https:\/\/gblexprimer.com\/\",\"logo\":{\"@type\":\"ImageObject\",\"inLanguage\":\"pl-PL\",\"@id\":\"https:\/\/gblexprimer.com\/#\/schema\/logo\/image\/\",\"url\":\"https:\/\/gblexprimer.com\/wp-content\/uploads\/2024\/01\/logo.png\",\"contentUrl\":\"https:\/\/gblexprimer.com\/wp-content\/uploads\/2024\/01\/logo.png\",\"width\":220,\"height\":80,\"caption\":\"GBL Exprimer\"},\"image\":{\"@id\":\"https:\/\/gblexprimer.com\/#\/schema\/logo\/image\/\"}}]}<\/script>\n<!-- \/ Yoast SEO plugin. -->","yoast_head_json":{"title":"Acheter de l'acide gamma-hydroxybutyrique (GHB) 500mg en ligne","description":"L'acide gamma-hydroxybutyrique (GHB) est un d\u00e9presseur du syst\u00e8me nerveux central qui poss\u00e8de \u00e0 la fois des d\u00e9riv\u00e9s \u00e0 usage m\u00e9dical et des usages r\u00e9cr\u00e9atifs illicites. Il pr\u00e9sente des risques importants, notamment la s\u00e9dation, la d\u00e9pression respiratoire et la d\u00e9pendance.","robots":{"index":"index","follow":"follow","max-snippet":"max-snippet:-1","max-image-preview":"max-image-preview:large","max-video-preview":"max-video-preview:-1"},"canonical":"https:\/\/gblexprimer.com\/pl\/produkt\/heaven-pure-ecstasy-500-mg-\u03b3-hydroxybutyric-acid-ghb\/","og_locale":"pl_PL","og_type":"article","og_title":"Acheter de l'acide gamma-hydroxybutyrique (GHB) 500mg en ligne","og_description":"L'acide gamma-hydroxybutyrique (GHB) est un d\u00e9presseur du syst\u00e8me nerveux central qui poss\u00e8de \u00e0 la fois des d\u00e9riv\u00e9s \u00e0 usage m\u00e9dical et des usages r\u00e9cr\u00e9atifs illicites. Il pr\u00e9sente des risques importants, notamment la s\u00e9dation, la d\u00e9pression respiratoire et la d\u00e9pendance.","og_url":"https:\/\/gblexprimer.com\/pl\/produkt\/heaven-pure-ecstasy-500-mg-\u03b3-hydroxybutyric-acid-ghb\/","og_site_name":"GBL Exprimer","article_modified_time":"2026-04-11T07:17:55+00:00","og_image":[{"width":600,"height":600,"url":"https:\/\/gblexprimer.com\/wp-content\/uploads\/2023\/12\/Heaven-Pure-Ecstasy-500-mg.jpg","type":"image\/jpeg"}],"twitter_card":"summary_large_image","twitter_misc":{"Szacowany czas czytania":"4 minuty"},"schema":{"@context":"https:\/\/schema.org","@graph":[{"@type":"WebPage","@id":"https:\/\/gblexprimer.com\/product\/heaven-pure-ecstasy-500-mg-dacide-%ce%b3-hydroxybutyrique-ghb\/","url":"https:\/\/gblexprimer.com\/product\/heaven-pure-ecstasy-500-mg-dacide-%ce%b3-hydroxybutyrique-ghb\/","name":"Acheter de l'acide gamma-hydroxybutyrique (GHB) 500mg en ligne","isPartOf":{"@id":"https:\/\/gblexprimer.com\/#website"},"primaryImageOfPage":{"@id":"https:\/\/gblexprimer.com\/product\/heaven-pure-ecstasy-500-mg-dacide-%ce%b3-hydroxybutyrique-ghb\/#primaryimage"},"image":{"@id":"https:\/\/gblexprimer.com\/product\/heaven-pure-ecstasy-500-mg-dacide-%ce%b3-hydroxybutyrique-ghb\/#primaryimage"},"thumbnailUrl":"https:\/\/gblexprimer.com\/wp-content\/uploads\/2023\/12\/Heaven-Pure-Ecstasy-500-mg.jpg","datePublished":"2023-12-26T07:26:41+00:00","dateModified":"2026-04-11T07:17:55+00:00","description":"L'acide gamma-hydroxybutyrique (GHB) est un d\u00e9presseur du syst\u00e8me nerveux central qui poss\u00e8de \u00e0 la fois des d\u00e9riv\u00e9s \u00e0 usage m\u00e9dical et des usages r\u00e9cr\u00e9atifs illicites. Il pr\u00e9sente des risques importants, notamment la s\u00e9dation, la d\u00e9pression respiratoire et la d\u00e9pendance.","breadcrumb":{"@id":"https:\/\/gblexprimer.com\/product\/heaven-pure-ecstasy-500-mg-dacide-%ce%b3-hydroxybutyrique-ghb\/#breadcrumb"},"inLanguage":"pl-PL","potentialAction":[{"@type":"ReadAction","target":["https:\/\/gblexprimer.com\/product\/heaven-pure-ecstasy-500-mg-dacide-%ce%b3-hydroxybutyrique-ghb\/"]}]},{"@type":"ImageObject","inLanguage":"pl-PL","@id":"https:\/\/gblexprimer.com\/product\/heaven-pure-ecstasy-500-mg-dacide-%ce%b3-hydroxybutyrique-ghb\/#primaryimage","url":"https:\/\/gblexprimer.com\/wp-content\/uploads\/2023\/12\/Heaven-Pure-Ecstasy-500-mg.jpg","contentUrl":"https:\/\/gblexprimer.com\/wp-content\/uploads\/2023\/12\/Heaven-Pure-Ecstasy-500-mg.jpg","width":600,"height":600,"caption":"Gamma-Hydroxybutyrate GHB \u00e0 vendre"},{"@type":"BreadcrumbList","@id":"https:\/\/gblexprimer.com\/product\/heaven-pure-ecstasy-500-mg-dacide-%ce%b3-hydroxybutyrique-ghb\/#breadcrumb","itemListElement":[{"@type":"ListItem","position":1,"name":"Home","item":"https:\/\/gblexprimer.com\/"},{"@type":"ListItem","position":2,"name":"Shop","item":"https:\/\/gblexprimer.com\/shop\/"},{"@type":"ListItem","position":3,"name":"Heaven Pure Ecstasy 500 mg d&#8217;acide \u03b3-hydroxybutyrique (GHB)"}]},{"@type":"WebSite","@id":"https:\/\/gblexprimer.com\/#website","url":"https:\/\/gblexprimer.com\/","name":"GBL Express","description":"","publisher":{"@id":"https:\/\/gblexprimer.com\/#organization"},"potentialAction":[{"@type":"SearchAction","target":{"@type":"EntryPoint","urlTemplate":"https:\/\/gblexprimer.com\/?s={search_term_string}"},"query-input":{"@type":"PropertyValueSpecification","valueRequired":true,"valueName":"search_term_string"}}],"inLanguage":"pl-PL"},{"@type":"Organization","@id":"https:\/\/gblexprimer.com\/#organization","name":"GBL Express","url":"https:\/\/gblexprimer.com\/","logo":{"@type":"ImageObject","inLanguage":"pl-PL","@id":"https:\/\/gblexprimer.com\/#\/schema\/logo\/image\/","url":"https:\/\/gblexprimer.com\/wp-content\/uploads\/2024\/01\/logo.png","contentUrl":"https:\/\/gblexprimer.com\/wp-content\/uploads\/2024\/01\/logo.png","width":220,"height":80,"caption":"GBL Exprimer"},"image":{"@id":"https:\/\/gblexprimer.com\/#\/schema\/logo\/image\/"}}]}},"_links":{"self":[{"href":"https:\/\/gblexprimer.com\/pl\/wp-json\/wp\/v2\/product\/36","targetHints":{"allow":["GET"]}}],"collection":[{"href":"https:\/\/gblexprimer.com\/pl\/wp-json\/wp\/v2\/product"}],"about":[{"href":"https:\/\/gblexprimer.com\/pl\/wp-json\/wp\/v2\/types\/product"}],"replies":[{"embeddable":true,"href":"https:\/\/gblexprimer.com\/pl\/wp-json\/wp\/v2\/comments?post=36"}],"wp:featuredmedia":[{"embeddable":true,"href":"https:\/\/gblexprimer.com\/pl\/wp-json\/wp\/v2\/media\/99"}],"wp:attachment":[{"href":"https:\/\/gblexprimer.com\/pl\/wp-json\/wp\/v2\/media?parent=36"}],"wp:term":[{"taxonomy":"product_brand","embeddable":true,"href":"https:\/\/gblexprimer.com\/pl\/wp-json\/wp\/v2\/product_brand?post=36"},{"taxonomy":"product_cat","embeddable":true,"href":"https:\/\/gblexprimer.com\/pl\/wp-json\/wp\/v2\/product_cat?post=36"},{"taxonomy":"product_tag","embeddable":true,"href":"https:\/\/gblexprimer.com\/pl\/wp-json\/wp\/v2\/product_tag?post=36"}],"curies":[{"name":"wp","href":"https:\/\/api.w.org\/{rel}","templated":true}]}}