{"id":39,"date":"2023-12-26T07:26:41","date_gmt":"2023-12-26T07:26:41","guid":{"rendered":"https:\/\/cannasmed.com\/gbl\/?post_type=product&#038;p=39"},"modified":"2026-04-11T07:24:03","modified_gmt":"2026-04-11T07:24:03","slug":"ketamina-inresa-100-mg-ml-ketamina","status":"publish","type":"product","link":"https:\/\/gblexprimer.com\/pl\/produkt\/ketamina-inresa-100-mg-ml-ketamina\/","title":{"rendered":"Ketamina Entrance 100 mg\/ml Ketamina"},"content":{"rendered":"<h2>Kup online Ketamine Inresa 100 mg\/ml Ketamina<\/h2>\n<p><a href=\"https:\/\/gblexprimer.com\/pl\/produkt\/ketamina-inresa-100-mg-ml-ketamina\/\">Pobierz 2 ml Inresa Ketamine online<\/a>. Wszystkie jednostki produkt\u00f3w Ketamine Inresa, kt\u00f3re oferujemy, s\u0105 fabrycznie nowe, o jako\u015bci farmaceutycznej. Je\u015bli przypadkowa dostawa nie spe\u0142nia tego wymogu, otrzymasz zwrot pieni\u0119dzy lub przesy\u0142k\u0119 zast\u0119pcz\u0105. Lek nale\u017cy utylizowa\u0107 zgodnie z instrukcjami producenta (patrz ulotka) po up\u0142ywie okresu wa\u017cno\u015bci.<\/p>\n<h3>Szczeg\u00f3\u0142y dost\u0119pno\u015bci :<\/h3>\n<p><a href=\"https:\/\/gblexprimer.com\/pl\/produkt\/ketamina-inresa-20-x-2-ml-100-mg-ml-ketaminy\/\">Ketamina<\/a> Inresa est un produit qui peut \u00eatre livr\u00e9 d\u00e8s maintenant.<\/p>\n<p>Specyficzne dla danego kraju ograniczenia w zakresie dostarczalno\u015bci :<\/p>\n<p>Obecnie Ketamin Inresa nie podlega \u017cadnym ograniczeniom dostawy w zale\u017cno\u015bci od kraju klienta.<\/p>\n<h3>Nale\u017cy o tym pami\u0119ta\u0107:<\/h3>\n<p>Prosimy o zachowanie produktu <a href=\"https:\/\/en.wikipedia.org\/wiki\/Ketamine\">Ketamina<\/a> Lek Inresa nale\u017cy przechowywa\u0107 w oryginalnym opakowaniu, w miejscu niedost\u0119pnym dla dzieci. Szczeg\u00f3\u0142owe informacje na temat usuwania i odpowiedniego przechowywania produktu Inresa znajduj\u0105 si\u0119 w ulotce. <a href=\"https:\/\/gblexprimer.com\/pl\/\"><strong>GBlexpress<\/strong><\/a><\/p>","protected":false},"excerpt":{"rendered":"<p>Acheter K\u00e9tamine Inresa 100 mg\/ml K\u00e9tamine en ligne Obtenez 2 ml de K\u00e9tamine Inresa en ligne. Toutes les unit\u00e9s de produits Ketamine Inresa que nous proposons sont des produits neufs et de qualit\u00e9 pharmaceutique. Vous serez rembours\u00e9 ou recevrez une livraison de remplacement si une livraison par inadvertance ne r\u00e9pond pas \u00e0 cette exigence. Le [&hellip;]<\/p>","protected":false},"featured_media":98,"comment_status":"open","ping_status":"closed","template":"","meta":{"site-sidebar-layout":"default","site-content-layout":"","ast-site-content-layout":"default","site-content-style":"default","site-sidebar-style":"default","ast-global-header-display":"","ast-banner-title-visibility":"","ast-main-header-display":"","ast-hfb-above-header-display":"","ast-hfb-below-header-display":"","ast-hfb-mobile-header-display":"","site-post-title":"","ast-breadcrumbs-content":"","ast-featured-img":"","footer-sml-layout":"","theme-transparent-header-meta":"default","adv-header-id-meta":"","stick-header-meta":"","header-above-stick-meta":"","header-main-stick-meta":"","header-below-stick-meta":"","astra-migrate-meta-layouts":"set","ast-page-background-enabled":"default","ast-page-background-meta":{"desktop":{"background-color":"","background-image":"","background-repeat":"repeat","background-position":"center center","background-size":"auto","background-attachment":"scroll","background-type":"","background-media":"","overlay-type":"","overlay-color":"","overlay-opacity":"","overlay-gradient":""},"tablet":{"background-color":"","background-image":"","background-repeat":"repeat","background-position":"center center","background-size":"auto","background-attachment":"scroll","background-type":"","background-media":"","overlay-type":"","overlay-color":"","overlay-opacity":"","overlay-gradient":""},"mobile":{"background-color":"","background-image":"","background-repeat":"repeat","background-position":"center center","background-size":"auto","background-attachment":"scroll","background-type":"","background-media":"","overlay-type":"","overlay-color":"","overlay-opacity":"","overlay-gradient":""}},"ast-content-background-meta":{"desktop":{"background-color":"var(--ast-global-color-5)","background-image":"","background-repeat":"repeat","background-position":"center center","background-size":"auto","background-attachment":"scroll","background-type":"","background-media":"","overlay-type":"","overlay-color":"","overlay-opacity":"","overlay-gradient":""},"tablet":{"background-color":"var(--ast-global-color-5)","background-image":"","background-repeat":"repeat","background-position":"center center","background-size":"auto","background-attachment":"scroll","background-type":"","background-media":"","overlay-type":"","overlay-color":"","overlay-opacity":"","overlay-gradient":""},"mobile":{"background-color":"var(--ast-global-color-5)","background-image":"","background-repeat":"repeat","background-position":"center center","background-size":"auto","background-attachment":"scroll","background-type":"","background-media":"","overlay-type":"","overlay-color":"","overlay-opacity":"","overlay-gradient":""}},"_joinchat":[]},"product_brand":[],"product_cat":[45],"product_tag":[85,86,87,88,89,90,91,92],"class_list":{"0":"post-39","1":"product","2":"type-product","3":"status-publish","4":"has-post-thumbnail","6":"product_cat-ritalin","7":"product_tag-kaufen-ketamin-inresa-2-ml-rezeptfrei","8":"product_tag-ketamin-inresa-2-ml","9":"product_tag-ketamin-inresa-2-ml-bestellen","10":"product_tag-ketamin-inresa-2-ml-kaufen","11":"product_tag-ketamin-inresa-2-ml-ohne-rezept","12":"product_tag-ketamin-inresa-2-ml-online","13":"product_tag-ketamin-inresa-2-ml-online-bestellen","14":"product_tag-ketamin-inresa-2-ml-shop","15":"desktop-align-left","16":"tablet-align-left","17":"mobile-align-left","19":"first","20":"instock","21":"shipping-taxable","22":"purchasable","23":"product-type-variable","24":"has-default-attributes"},"yoast_head":"<!-- This site is optimized with the Yoast SEO plugin v26.9 - https:\/\/yoast.com\/product\/yoast-seo-wordpress\/ -->\n<title>Acheter de la Ketamine Entree en ligne | Gblexprimer<\/title>\n<meta name=\"description\" content=\"Achetez de la Ketamine Entree 100 mg\/ml en ligne sur GBLexprimer. Ketamine Entree \u00e0 vendre, sous une formulation de qualit\u00e9 pharmaceutique destin\u00e9e \u00e0 des applications m\u00e9dicales contr\u00f4l\u00e9es.\" \/>\n<meta name=\"robots\" content=\"index, follow, max-snippet:-1, max-image-preview:large, max-video-preview:-1\" \/>\n<link rel=\"canonical\" href=\"https:\/\/gblexprimer.com\/pl\/produkt\/ketamina-inresa-100-mg-ml-ketamina\/\" \/>\n<meta property=\"og:locale\" content=\"pl_PL\" \/>\n<meta property=\"og:type\" content=\"article\" \/>\n<meta property=\"og:title\" content=\"Acheter de la Ketamine Entree en ligne | Gblexprimer\" \/>\n<meta property=\"og:description\" content=\"Achetez de la Ketamine Entree 100 mg\/ml en ligne sur GBLexprimer. Ketamine Entree \u00e0 vendre, sous une formulation de qualit\u00e9 pharmaceutique destin\u00e9e \u00e0 des applications m\u00e9dicales contr\u00f4l\u00e9es.\" \/>\n<meta property=\"og:url\" content=\"https:\/\/gblexprimer.com\/pl\/produkt\/ketamina-inresa-100-mg-ml-ketamina\/\" \/>\n<meta property=\"og:site_name\" content=\"GBL Exprimer\" \/>\n<meta property=\"article:modified_time\" content=\"2026-04-11T07:24:03+00:00\" \/>\n<meta property=\"og:image\" content=\"https:\/\/gblexprimer.com\/wp-content\/uploads\/2023\/12\/Ketamin-Inresa-100-mg-ml-1.jpg\" \/>\n\t<meta property=\"og:image:width\" content=\"600\" \/>\n\t<meta property=\"og:image:height\" content=\"600\" \/>\n\t<meta property=\"og:image:type\" content=\"image\/jpeg\" \/>\n<meta name=\"twitter:card\" content=\"summary_large_image\" \/>\n<meta name=\"twitter:label1\" content=\"Szacowany czas czytania\" \/>\n\t<meta name=\"twitter:data1\" content=\"1 minuta\" \/>\n<script type=\"application\/ld+json\" class=\"yoast-schema-graph\">{\"@context\":\"https:\/\/schema.org\",\"@graph\":[{\"@type\":\"WebPage\",\"@id\":\"https:\/\/gblexprimer.com\/product\/ketamine-entree-100-mg-ml-ketamine\/\",\"url\":\"https:\/\/gblexprimer.com\/product\/ketamine-entree-100-mg-ml-ketamine\/\",\"name\":\"Acheter de la Ketamine Entree en ligne | Gblexprimer\",\"isPartOf\":{\"@id\":\"https:\/\/gblexprimer.com\/#website\"},\"primaryImageOfPage\":{\"@id\":\"https:\/\/gblexprimer.com\/product\/ketamine-entree-100-mg-ml-ketamine\/#primaryimage\"},\"image\":{\"@id\":\"https:\/\/gblexprimer.com\/product\/ketamine-entree-100-mg-ml-ketamine\/#primaryimage\"},\"thumbnailUrl\":\"https:\/\/gblexprimer.com\/wp-content\/uploads\/2023\/12\/Ketamin-Inresa-100-mg-ml-1.jpg\",\"datePublished\":\"2023-12-26T07:26:41+00:00\",\"dateModified\":\"2026-04-11T07:24:03+00:00\",\"description\":\"Achetez de la Ketamine Entree 100 mg\/ml en ligne sur GBLexprimer. Ketamine Entree \u00e0 vendre, sous une formulation de qualit\u00e9 pharmaceutique destin\u00e9e \u00e0 des applications m\u00e9dicales contr\u00f4l\u00e9es.\",\"breadcrumb\":{\"@id\":\"https:\/\/gblexprimer.com\/product\/ketamine-entree-100-mg-ml-ketamine\/#breadcrumb\"},\"inLanguage\":\"pl-PL\",\"potentialAction\":[{\"@type\":\"ReadAction\",\"target\":[\"https:\/\/gblexprimer.com\/product\/ketamine-entree-100-mg-ml-ketamine\/\"]}]},{\"@type\":\"ImageObject\",\"inLanguage\":\"pl-PL\",\"@id\":\"https:\/\/gblexprimer.com\/product\/ketamine-entree-100-mg-ml-ketamine\/#primaryimage\",\"url\":\"https:\/\/gblexprimer.com\/wp-content\/uploads\/2023\/12\/Ketamin-Inresa-100-mg-ml-1.jpg\",\"contentUrl\":\"https:\/\/gblexprimer.com\/wp-content\/uploads\/2023\/12\/Ketamin-Inresa-100-mg-ml-1.jpg\",\"width\":600,\"height\":600,\"caption\":\"K\u00e9tamine Entr\u00e9e 100 mg\/ml K\u00e9tamine\"},{\"@type\":\"BreadcrumbList\",\"@id\":\"https:\/\/gblexprimer.com\/product\/ketamine-entree-100-mg-ml-ketamine\/#breadcrumb\",\"itemListElement\":[{\"@type\":\"ListItem\",\"position\":1,\"name\":\"Home\",\"item\":\"https:\/\/gblexprimer.com\/\"},{\"@type\":\"ListItem\",\"position\":2,\"name\":\"Shop\",\"item\":\"https:\/\/gblexprimer.com\/shop\/\"},{\"@type\":\"ListItem\",\"position\":3,\"name\":\"K\u00e9tamine Entr\u00e9e 100 mg\/ml K\u00e9tamine\"}]},{\"@type\":\"WebSite\",\"@id\":\"https:\/\/gblexprimer.com\/#website\",\"url\":\"https:\/\/gblexprimer.com\/\",\"name\":\"GBL Exprimer\",\"description\":\"\",\"publisher\":{\"@id\":\"https:\/\/gblexprimer.com\/#organization\"},\"potentialAction\":[{\"@type\":\"SearchAction\",\"target\":{\"@type\":\"EntryPoint\",\"urlTemplate\":\"https:\/\/gblexprimer.com\/?s={search_term_string}\"},\"query-input\":{\"@type\":\"PropertyValueSpecification\",\"valueRequired\":true,\"valueName\":\"search_term_string\"}}],\"inLanguage\":\"pl-PL\"},{\"@type\":\"Organization\",\"@id\":\"https:\/\/gblexprimer.com\/#organization\",\"name\":\"GBL Exprimer\",\"url\":\"https:\/\/gblexprimer.com\/\",\"logo\":{\"@type\":\"ImageObject\",\"inLanguage\":\"pl-PL\",\"@id\":\"https:\/\/gblexprimer.com\/#\/schema\/logo\/image\/\",\"url\":\"https:\/\/gblexprimer.com\/wp-content\/uploads\/2024\/01\/logo.png\",\"contentUrl\":\"https:\/\/gblexprimer.com\/wp-content\/uploads\/2024\/01\/logo.png\",\"width\":220,\"height\":80,\"caption\":\"GBL Exprimer\"},\"image\":{\"@id\":\"https:\/\/gblexprimer.com\/#\/schema\/logo\/image\/\"}}]}<\/script>\n<!-- \/ Yoast SEO plugin. -->","yoast_head_json":{"title":"Acheter de la Ketamine Entree en ligne | Gblexprimer","description":"Achetez de la Ketamine Entree 100 mg\/ml en ligne sur GBLexprimer. Ketamine Entree \u00e0 vendre, sous une formulation de qualit\u00e9 pharmaceutique destin\u00e9e \u00e0 des applications m\u00e9dicales contr\u00f4l\u00e9es.","robots":{"index":"index","follow":"follow","max-snippet":"max-snippet:-1","max-image-preview":"max-image-preview:large","max-video-preview":"max-video-preview:-1"},"canonical":"https:\/\/gblexprimer.com\/pl\/produkt\/ketamina-inresa-100-mg-ml-ketamina\/","og_locale":"pl_PL","og_type":"article","og_title":"Acheter de la Ketamine Entree en ligne | Gblexprimer","og_description":"Achetez de la Ketamine Entree 100 mg\/ml en ligne sur GBLexprimer. Ketamine Entree \u00e0 vendre, sous une formulation de qualit\u00e9 pharmaceutique destin\u00e9e \u00e0 des applications m\u00e9dicales contr\u00f4l\u00e9es.","og_url":"https:\/\/gblexprimer.com\/pl\/produkt\/ketamina-inresa-100-mg-ml-ketamina\/","og_site_name":"GBL Exprimer","article_modified_time":"2026-04-11T07:24:03+00:00","og_image":[{"width":600,"height":600,"url":"https:\/\/gblexprimer.com\/wp-content\/uploads\/2023\/12\/Ketamin-Inresa-100-mg-ml-1.jpg","type":"image\/jpeg"}],"twitter_card":"summary_large_image","twitter_misc":{"Szacowany czas czytania":"1 minuta"},"schema":{"@context":"https:\/\/schema.org","@graph":[{"@type":"WebPage","@id":"https:\/\/gblexprimer.com\/product\/ketamine-entree-100-mg-ml-ketamine\/","url":"https:\/\/gblexprimer.com\/product\/ketamine-entree-100-mg-ml-ketamine\/","name":"Acheter de la Ketamine Entree en ligne | Gblexprimer","isPartOf":{"@id":"https:\/\/gblexprimer.com\/#website"},"primaryImageOfPage":{"@id":"https:\/\/gblexprimer.com\/product\/ketamine-entree-100-mg-ml-ketamine\/#primaryimage"},"image":{"@id":"https:\/\/gblexprimer.com\/product\/ketamine-entree-100-mg-ml-ketamine\/#primaryimage"},"thumbnailUrl":"https:\/\/gblexprimer.com\/wp-content\/uploads\/2023\/12\/Ketamin-Inresa-100-mg-ml-1.jpg","datePublished":"2023-12-26T07:26:41+00:00","dateModified":"2026-04-11T07:24:03+00:00","description":"Achetez de la Ketamine Entree 100 mg\/ml en ligne sur GBLexprimer. Ketamine Entree \u00e0 vendre, sous une formulation de qualit\u00e9 pharmaceutique destin\u00e9e \u00e0 des applications m\u00e9dicales contr\u00f4l\u00e9es.","breadcrumb":{"@id":"https:\/\/gblexprimer.com\/product\/ketamine-entree-100-mg-ml-ketamine\/#breadcrumb"},"inLanguage":"pl-PL","potentialAction":[{"@type":"ReadAction","target":["https:\/\/gblexprimer.com\/product\/ketamine-entree-100-mg-ml-ketamine\/"]}]},{"@type":"ImageObject","inLanguage":"pl-PL","@id":"https:\/\/gblexprimer.com\/product\/ketamine-entree-100-mg-ml-ketamine\/#primaryimage","url":"https:\/\/gblexprimer.com\/wp-content\/uploads\/2023\/12\/Ketamin-Inresa-100-mg-ml-1.jpg","contentUrl":"https:\/\/gblexprimer.com\/wp-content\/uploads\/2023\/12\/Ketamin-Inresa-100-mg-ml-1.jpg","width":600,"height":600,"caption":"K\u00e9tamine Entr\u00e9e 100 mg\/ml K\u00e9tamine"},{"@type":"BreadcrumbList","@id":"https:\/\/gblexprimer.com\/product\/ketamine-entree-100-mg-ml-ketamine\/#breadcrumb","itemListElement":[{"@type":"ListItem","position":1,"name":"Home","item":"https:\/\/gblexprimer.com\/"},{"@type":"ListItem","position":2,"name":"Shop","item":"https:\/\/gblexprimer.com\/shop\/"},{"@type":"ListItem","position":3,"name":"K\u00e9tamine Entr\u00e9e 100 mg\/ml K\u00e9tamine"}]},{"@type":"WebSite","@id":"https:\/\/gblexprimer.com\/#website","url":"https:\/\/gblexprimer.com\/","name":"GBL Express","description":"","publisher":{"@id":"https:\/\/gblexprimer.com\/#organization"},"potentialAction":[{"@type":"SearchAction","target":{"@type":"EntryPoint","urlTemplate":"https:\/\/gblexprimer.com\/?s={search_term_string}"},"query-input":{"@type":"PropertyValueSpecification","valueRequired":true,"valueName":"search_term_string"}}],"inLanguage":"pl-PL"},{"@type":"Organization","@id":"https:\/\/gblexprimer.com\/#organization","name":"GBL Express","url":"https:\/\/gblexprimer.com\/","logo":{"@type":"ImageObject","inLanguage":"pl-PL","@id":"https:\/\/gblexprimer.com\/#\/schema\/logo\/image\/","url":"https:\/\/gblexprimer.com\/wp-content\/uploads\/2024\/01\/logo.png","contentUrl":"https:\/\/gblexprimer.com\/wp-content\/uploads\/2024\/01\/logo.png","width":220,"height":80,"caption":"GBL Exprimer"},"image":{"@id":"https:\/\/gblexprimer.com\/#\/schema\/logo\/image\/"}}]}},"_links":{"self":[{"href":"https:\/\/gblexprimer.com\/pl\/wp-json\/wp\/v2\/product\/39","targetHints":{"allow":["GET"]}}],"collection":[{"href":"https:\/\/gblexprimer.com\/pl\/wp-json\/wp\/v2\/product"}],"about":[{"href":"https:\/\/gblexprimer.com\/pl\/wp-json\/wp\/v2\/types\/product"}],"replies":[{"embeddable":true,"href":"https:\/\/gblexprimer.com\/pl\/wp-json\/wp\/v2\/comments?post=39"}],"wp:featuredmedia":[{"embeddable":true,"href":"https:\/\/gblexprimer.com\/pl\/wp-json\/wp\/v2\/media\/98"}],"wp:attachment":[{"href":"https:\/\/gblexprimer.com\/pl\/wp-json\/wp\/v2\/media?parent=39"}],"wp:term":[{"taxonomy":"product_brand","embeddable":true,"href":"https:\/\/gblexprimer.com\/pl\/wp-json\/wp\/v2\/product_brand?post=39"},{"taxonomy":"product_cat","embeddable":true,"href":"https:\/\/gblexprimer.com\/pl\/wp-json\/wp\/v2\/product_cat?post=39"},{"taxonomy":"product_tag","embeddable":true,"href":"https:\/\/gblexprimer.com\/pl\/wp-json\/wp\/v2\/product_tag?post=39"}],"curies":[{"name":"wp","href":"https:\/\/api.w.org\/{rel}","templated":true}]}}