{"id":43,"date":"2023-12-26T07:26:41","date_gmt":"2023-12-26T07:26:41","guid":{"rendered":"https:\/\/cannasmed.com\/gbl\/?post_type=product&#038;p=43"},"modified":"2026-04-10T10:02:28","modified_gmt":"2026-04-10T10:02:28","slug":"xyrem-180-ml-z-500-mg-masla-gamma-hydroxy-ghb","status":"publish","type":"product","link":"https:\/\/gblexprimer.com\/pl\/produkt\/xyrem-180-ml-z-500-mg-masla-gamma-hydroxy-ghb\/","title":{"rendered":"Kup Xyrem 180 ml z 500 mg mas\u0142a gamma-hydroksylowego (GHB) online"},"content":{"rendered":"<h2>Kup Xyrem 180 ml z 500 mg \u03b3-hydroksymas\u0142a (GHB) online<\/h2>\n<p>kupi\u0107 troch\u0119 <a href=\"https:\/\/gblexprimer.com\/pl\/produkt\/xyrem-180-ml-z-500-mg-masla-gamma-hydroxy-ghb\/\">xyrem<\/a> Ka\u017cda jednostka produktu znanego jako Xyrem, kt\u00f3r\u0105 dostarczamy, jest fabrycznie nowym towarem o jako\u015bci farmaceutycznej. W ma\u0142o prawdopodobnym przypadku, gdy dostarczona przesy\u0142ka nie spe\u0142nia tego wymogu, u\u017cytkownik otrzyma przesy\u0142k\u0119 zast\u0119pcz\u0105 lub otrzyma zwrot pieni\u0119dzy. Lek nale\u017cy zutylizowa\u0107 zgodnie z instrukcjami producenta (patrz ulotka) po up\u0142ywie okresu wa\u017cno\u015bci.<\/p>\n<h3>Szczeg\u00f3\u0142y dost\u0119pno\u015bci :<\/h3>\n<p>Le produit connu sous le nom de <a href=\"https:\/\/gblexprimer.com\/pl\/produkt\/alkohol\/\">Xyrem<\/a> peut \u00eatre exp\u00e9di\u00e9 d\u00e8s maintenant.<\/p>\n<h3>Specyficzne dla danego kraju ograniczenia w zakresie dostarczalno\u015bci :<\/h3>\n<p>Obecnie dla produktu Tramadol Tropfen Ratiopharm nie ma ogranicze\u0144 dostawy w zale\u017cno\u015bci od kraju klienta. <a href=\"https:\/\/gblexprimer.com\/pl\/\"><strong>GBlexpress<\/strong><\/a><\/p>\n<h3>Nale\u017cy o tym pami\u0119ta\u0107:<\/h3>\n<p>Prosimy o zachowanie produktu <a href=\"https:\/\/en.wikipedia.org\/wiki\/Sodium_oxybate\">Xyrem<\/a> w oryginalnym opakowaniu i w miejscu niedost\u0119pnym dla dzieci. W celu uzyskania dalszych informacji na temat w\u0142a\u015bciwego przechowywania i obchodzenia si\u0119 z produktem nale\u017cy zapozna\u0107 si\u0119 z ulotk\u0105 dla u\u017cytkownika; w celu uzyskania dalszych informacji nale\u017cy zapozna\u0107 si\u0119 z ulotk\u0105 dla<\/p>","protected":false},"excerpt":{"rendered":"<p>Acheter Xyrem 180 ml \u00e0 500 mg de beurre de \u03b3-hydroxy (GHB) en ligne acheter du xyrem Chaque unit\u00e9 du produit connue sous le nom de Xyrem que nous fournissons est une marchandise neuve de qualit\u00e9 pharmaceutique. Dans le cas peu probable o\u00f9 un envoi livr\u00e9 ne r\u00e9pondrait pas \u00e0 cette exigence, vous recevrez soit [&hellip;]<\/p>","protected":false},"featured_media":91,"comment_status":"open","ping_status":"closed","template":"","meta":{"site-sidebar-layout":"default","site-content-layout":"","ast-site-content-layout":"default","site-content-style":"default","site-sidebar-style":"default","ast-global-header-display":"","ast-banner-title-visibility":"","ast-main-header-display":"","ast-hfb-above-header-display":"","ast-hfb-below-header-display":"","ast-hfb-mobile-header-display":"","site-post-title":"","ast-breadcrumbs-content":"","ast-featured-img":"","footer-sml-layout":"","theme-transparent-header-meta":"default","adv-header-id-meta":"","stick-header-meta":"","header-above-stick-meta":"","header-main-stick-meta":"","header-below-stick-meta":"","astra-migrate-meta-layouts":"set","ast-page-background-enabled":"default","ast-page-background-meta":{"desktop":{"background-color":"","background-image":"","background-repeat":"repeat","background-position":"center center","background-size":"auto","background-attachment":"scroll","background-type":"","background-media":"","overlay-type":"","overlay-color":"","overlay-opacity":"","overlay-gradient":""},"tablet":{"background-color":"","background-image":"","background-repeat":"repeat","background-position":"center center","background-size":"auto","background-attachment":"scroll","background-type":"","background-media":"","overlay-type":"","overlay-color":"","overlay-opacity":"","overlay-gradient":""},"mobile":{"background-color":"","background-image":"","background-repeat":"repeat","background-position":"center center","background-size":"auto","background-attachment":"scroll","background-type":"","background-media":"","overlay-type":"","overlay-color":"","overlay-opacity":"","overlay-gradient":""}},"ast-content-background-meta":{"desktop":{"background-color":"var(--ast-global-color-5)","background-image":"","background-repeat":"repeat","background-position":"center center","background-size":"auto","background-attachment":"scroll","background-type":"","background-media":"","overlay-type":"","overlay-color":"","overlay-opacity":"","overlay-gradient":""},"tablet":{"background-color":"var(--ast-global-color-5)","background-image":"","background-repeat":"repeat","background-position":"center center","background-size":"auto","background-attachment":"scroll","background-type":"","background-media":"","overlay-type":"","overlay-color":"","overlay-opacity":"","overlay-gradient":""},"mobile":{"background-color":"var(--ast-global-color-5)","background-image":"","background-repeat":"repeat","background-position":"center center","background-size":"auto","background-attachment":"scroll","background-type":"","background-media":"","overlay-type":"","overlay-color":"","overlay-opacity":"","overlay-gradient":""}},"_joinchat":[]},"product_brand":[],"product_cat":[18],"product_tag":[],"class_list":{"0":"post-43","1":"product","2":"type-product","3":"status-publish","4":"has-post-thumbnail","6":"product_cat-ghb","7":"desktop-align-left","8":"tablet-align-left","9":"mobile-align-left","11":"first","12":"instock","13":"shipping-taxable","14":"purchasable","15":"product-type-variable"},"yoast_head":"<!-- This site is optimized with the Yoast SEO plugin v26.9 - https:\/\/yoast.com\/product\/yoast-seo-wordpress\/ -->\n<title>Acheter Xyrem 180 ml \u00e0 500 mg en ligne | Gblexprimer<\/title>\n<meta name=\"description\" content=\"Xyrem 180 ml \u00e0 500 mg un m\u00e9dicament sur ordonnance contenant de l&#039;oxybate de sodium, utilis\u00e9 pour traiter les sympt\u00f4mes de la narcolepsie tels que la cataplexie et la somnolence diurne excessive.\" \/>\n<meta name=\"robots\" content=\"index, follow, max-snippet:-1, max-image-preview:large, max-video-preview:-1\" \/>\n<link rel=\"canonical\" href=\"https:\/\/gblexprimer.com\/pl\/produkt\/xyrem-180-ml-z-500-mg-masla-gamma-hydroxy-ghb\/\" \/>\n<meta property=\"og:locale\" content=\"pl_PL\" \/>\n<meta property=\"og:type\" content=\"article\" \/>\n<meta property=\"og:title\" content=\"Acheter Xyrem 180 ml \u00e0 500 mg en ligne | Gblexprimer\" \/>\n<meta property=\"og:description\" content=\"Xyrem 180 ml \u00e0 500 mg un m\u00e9dicament sur ordonnance contenant de l&#039;oxybate de sodium, utilis\u00e9 pour traiter les sympt\u00f4mes de la narcolepsie tels que la cataplexie et la somnolence diurne excessive.\" \/>\n<meta property=\"og:url\" content=\"https:\/\/gblexprimer.com\/pl\/produkt\/xyrem-180-ml-z-500-mg-masla-gamma-hydroxy-ghb\/\" \/>\n<meta property=\"og:site_name\" content=\"GBL Exprimer\" \/>\n<meta property=\"article:modified_time\" content=\"2026-04-10T10:02:28+00:00\" \/>\n<meta property=\"og:image\" content=\"https:\/\/gblexprimer.com\/wp-content\/uploads\/2023\/12\/Xyrem-180-ml-zu-500-mg-Hydroxybuttersaure.jpg\" \/>\n\t<meta property=\"og:image:width\" content=\"600\" \/>\n\t<meta property=\"og:image:height\" content=\"600\" \/>\n\t<meta property=\"og:image:type\" content=\"image\/jpeg\" \/>\n<meta name=\"twitter:card\" content=\"summary_large_image\" \/>\n<meta name=\"twitter:label1\" content=\"Szacowany czas czytania\" \/>\n\t<meta name=\"twitter:data1\" content=\"1 minuta\" \/>\n<script type=\"application\/ld+json\" class=\"yoast-schema-graph\">{\"@context\":\"https:\/\/schema.org\",\"@graph\":[{\"@type\":\"WebPage\",\"@id\":\"https:\/\/gblexprimer.com\/product\/xyrem-180-ml-a-500-mg-beurre-de-gamma-hydroxy-ghb\/\",\"url\":\"https:\/\/gblexprimer.com\/product\/xyrem-180-ml-a-500-mg-beurre-de-gamma-hydroxy-ghb\/\",\"name\":\"Acheter Xyrem 180 ml \u00e0 500 mg en ligne | Gblexprimer\",\"isPartOf\":{\"@id\":\"https:\/\/gblexprimer.com\/#website\"},\"primaryImageOfPage\":{\"@id\":\"https:\/\/gblexprimer.com\/product\/xyrem-180-ml-a-500-mg-beurre-de-gamma-hydroxy-ghb\/#primaryimage\"},\"image\":{\"@id\":\"https:\/\/gblexprimer.com\/product\/xyrem-180-ml-a-500-mg-beurre-de-gamma-hydroxy-ghb\/#primaryimage\"},\"thumbnailUrl\":\"https:\/\/gblexprimer.com\/wp-content\/uploads\/2023\/12\/Xyrem-180-ml-zu-500-mg-Hydroxybuttersaure.jpg\",\"datePublished\":\"2023-12-26T07:26:41+00:00\",\"dateModified\":\"2026-04-10T10:02:28+00:00\",\"description\":\"Xyrem 180 ml \u00e0 500 mg un m\u00e9dicament sur ordonnance contenant de l'oxybate de sodium, utilis\u00e9 pour traiter les sympt\u00f4mes de la narcolepsie tels que la cataplexie et la somnolence diurne excessive.\",\"breadcrumb\":{\"@id\":\"https:\/\/gblexprimer.com\/product\/xyrem-180-ml-a-500-mg-beurre-de-gamma-hydroxy-ghb\/#breadcrumb\"},\"inLanguage\":\"pl-PL\",\"potentialAction\":[{\"@type\":\"ReadAction\",\"target\":[\"https:\/\/gblexprimer.com\/product\/xyrem-180-ml-a-500-mg-beurre-de-gamma-hydroxy-ghb\/\"]}]},{\"@type\":\"ImageObject\",\"inLanguage\":\"pl-PL\",\"@id\":\"https:\/\/gblexprimer.com\/product\/xyrem-180-ml-a-500-mg-beurre-de-gamma-hydroxy-ghb\/#primaryimage\",\"url\":\"https:\/\/gblexprimer.com\/wp-content\/uploads\/2023\/12\/Xyrem-180-ml-zu-500-mg-Hydroxybuttersaure.jpg\",\"contentUrl\":\"https:\/\/gblexprimer.com\/wp-content\/uploads\/2023\/12\/Xyrem-180-ml-zu-500-mg-Hydroxybuttersaure.jpg\",\"width\":600,\"height\":600,\"caption\":\"Acheter Xyrem 180 ml \u00e0 500 mg beurre de gamma-hydroxy (GHB) en ligne\"},{\"@type\":\"BreadcrumbList\",\"@id\":\"https:\/\/gblexprimer.com\/product\/xyrem-180-ml-a-500-mg-beurre-de-gamma-hydroxy-ghb\/#breadcrumb\",\"itemListElement\":[{\"@type\":\"ListItem\",\"position\":1,\"name\":\"Home\",\"item\":\"https:\/\/gblexprimer.com\/\"},{\"@type\":\"ListItem\",\"position\":2,\"name\":\"Shop\",\"item\":\"https:\/\/gblexprimer.com\/shop\/\"},{\"@type\":\"ListItem\",\"position\":3,\"name\":\"Acheter Xyrem 180 ml \u00e0 500 mg beurre de gamma-hydroxy (GHB) en ligne\"}]},{\"@type\":\"WebSite\",\"@id\":\"https:\/\/gblexprimer.com\/#website\",\"url\":\"https:\/\/gblexprimer.com\/\",\"name\":\"GBL Exprimer\",\"description\":\"\",\"publisher\":{\"@id\":\"https:\/\/gblexprimer.com\/#organization\"},\"potentialAction\":[{\"@type\":\"SearchAction\",\"target\":{\"@type\":\"EntryPoint\",\"urlTemplate\":\"https:\/\/gblexprimer.com\/?s={search_term_string}\"},\"query-input\":{\"@type\":\"PropertyValueSpecification\",\"valueRequired\":true,\"valueName\":\"search_term_string\"}}],\"inLanguage\":\"pl-PL\"},{\"@type\":\"Organization\",\"@id\":\"https:\/\/gblexprimer.com\/#organization\",\"name\":\"GBL Exprimer\",\"url\":\"https:\/\/gblexprimer.com\/\",\"logo\":{\"@type\":\"ImageObject\",\"inLanguage\":\"pl-PL\",\"@id\":\"https:\/\/gblexprimer.com\/#\/schema\/logo\/image\/\",\"url\":\"https:\/\/gblexprimer.com\/wp-content\/uploads\/2024\/01\/logo.png\",\"contentUrl\":\"https:\/\/gblexprimer.com\/wp-content\/uploads\/2024\/01\/logo.png\",\"width\":220,\"height\":80,\"caption\":\"GBL Exprimer\"},\"image\":{\"@id\":\"https:\/\/gblexprimer.com\/#\/schema\/logo\/image\/\"}}]}<\/script>\n<!-- \/ Yoast SEO plugin. -->","yoast_head_json":{"title":"Acheter Xyrem 180 ml \u00e0 500 mg en ligne | Gblexprimer","description":"Xyrem 180 ml \u00e0 500 mg un m\u00e9dicament sur ordonnance contenant de l'oxybate de sodium, utilis\u00e9 pour traiter les sympt\u00f4mes de la narcolepsie tels que la cataplexie et la somnolence diurne excessive.","robots":{"index":"index","follow":"follow","max-snippet":"max-snippet:-1","max-image-preview":"max-image-preview:large","max-video-preview":"max-video-preview:-1"},"canonical":"https:\/\/gblexprimer.com\/pl\/produkt\/xyrem-180-ml-z-500-mg-masla-gamma-hydroxy-ghb\/","og_locale":"pl_PL","og_type":"article","og_title":"Acheter Xyrem 180 ml \u00e0 500 mg en ligne | Gblexprimer","og_description":"Xyrem 180 ml \u00e0 500 mg un m\u00e9dicament sur ordonnance contenant de l'oxybate de sodium, utilis\u00e9 pour traiter les sympt\u00f4mes de la narcolepsie tels que la cataplexie et la somnolence diurne excessive.","og_url":"https:\/\/gblexprimer.com\/pl\/produkt\/xyrem-180-ml-z-500-mg-masla-gamma-hydroxy-ghb\/","og_site_name":"GBL Exprimer","article_modified_time":"2026-04-10T10:02:28+00:00","og_image":[{"width":600,"height":600,"url":"https:\/\/gblexprimer.com\/wp-content\/uploads\/2023\/12\/Xyrem-180-ml-zu-500-mg-Hydroxybuttersaure.jpg","type":"image\/jpeg"}],"twitter_card":"summary_large_image","twitter_misc":{"Szacowany czas czytania":"1 minuta"},"schema":{"@context":"https:\/\/schema.org","@graph":[{"@type":"WebPage","@id":"https:\/\/gblexprimer.com\/product\/xyrem-180-ml-a-500-mg-beurre-de-gamma-hydroxy-ghb\/","url":"https:\/\/gblexprimer.com\/product\/xyrem-180-ml-a-500-mg-beurre-de-gamma-hydroxy-ghb\/","name":"Acheter Xyrem 180 ml \u00e0 500 mg en ligne | Gblexprimer","isPartOf":{"@id":"https:\/\/gblexprimer.com\/#website"},"primaryImageOfPage":{"@id":"https:\/\/gblexprimer.com\/product\/xyrem-180-ml-a-500-mg-beurre-de-gamma-hydroxy-ghb\/#primaryimage"},"image":{"@id":"https:\/\/gblexprimer.com\/product\/xyrem-180-ml-a-500-mg-beurre-de-gamma-hydroxy-ghb\/#primaryimage"},"thumbnailUrl":"https:\/\/gblexprimer.com\/wp-content\/uploads\/2023\/12\/Xyrem-180-ml-zu-500-mg-Hydroxybuttersaure.jpg","datePublished":"2023-12-26T07:26:41+00:00","dateModified":"2026-04-10T10:02:28+00:00","description":"Xyrem 180 ml \u00e0 500 mg un m\u00e9dicament sur ordonnance contenant de l'oxybate de sodium, utilis\u00e9 pour traiter les sympt\u00f4mes de la narcolepsie tels que la cataplexie et la somnolence diurne excessive.","breadcrumb":{"@id":"https:\/\/gblexprimer.com\/product\/xyrem-180-ml-a-500-mg-beurre-de-gamma-hydroxy-ghb\/#breadcrumb"},"inLanguage":"pl-PL","potentialAction":[{"@type":"ReadAction","target":["https:\/\/gblexprimer.com\/product\/xyrem-180-ml-a-500-mg-beurre-de-gamma-hydroxy-ghb\/"]}]},{"@type":"ImageObject","inLanguage":"pl-PL","@id":"https:\/\/gblexprimer.com\/product\/xyrem-180-ml-a-500-mg-beurre-de-gamma-hydroxy-ghb\/#primaryimage","url":"https:\/\/gblexprimer.com\/wp-content\/uploads\/2023\/12\/Xyrem-180-ml-zu-500-mg-Hydroxybuttersaure.jpg","contentUrl":"https:\/\/gblexprimer.com\/wp-content\/uploads\/2023\/12\/Xyrem-180-ml-zu-500-mg-Hydroxybuttersaure.jpg","width":600,"height":600,"caption":"Acheter Xyrem 180 ml \u00e0 500 mg beurre de gamma-hydroxy (GHB) en ligne"},{"@type":"BreadcrumbList","@id":"https:\/\/gblexprimer.com\/product\/xyrem-180-ml-a-500-mg-beurre-de-gamma-hydroxy-ghb\/#breadcrumb","itemListElement":[{"@type":"ListItem","position":1,"name":"Home","item":"https:\/\/gblexprimer.com\/"},{"@type":"ListItem","position":2,"name":"Shop","item":"https:\/\/gblexprimer.com\/shop\/"},{"@type":"ListItem","position":3,"name":"Acheter Xyrem 180 ml \u00e0 500 mg beurre de gamma-hydroxy (GHB) en ligne"}]},{"@type":"WebSite","@id":"https:\/\/gblexprimer.com\/#website","url":"https:\/\/gblexprimer.com\/","name":"GBL Express","description":"","publisher":{"@id":"https:\/\/gblexprimer.com\/#organization"},"potentialAction":[{"@type":"SearchAction","target":{"@type":"EntryPoint","urlTemplate":"https:\/\/gblexprimer.com\/?s={search_term_string}"},"query-input":{"@type":"PropertyValueSpecification","valueRequired":true,"valueName":"search_term_string"}}],"inLanguage":"pl-PL"},{"@type":"Organization","@id":"https:\/\/gblexprimer.com\/#organization","name":"GBL Express","url":"https:\/\/gblexprimer.com\/","logo":{"@type":"ImageObject","inLanguage":"pl-PL","@id":"https:\/\/gblexprimer.com\/#\/schema\/logo\/image\/","url":"https:\/\/gblexprimer.com\/wp-content\/uploads\/2024\/01\/logo.png","contentUrl":"https:\/\/gblexprimer.com\/wp-content\/uploads\/2024\/01\/logo.png","width":220,"height":80,"caption":"GBL Exprimer"},"image":{"@id":"https:\/\/gblexprimer.com\/#\/schema\/logo\/image\/"}}]}},"_links":{"self":[{"href":"https:\/\/gblexprimer.com\/pl\/wp-json\/wp\/v2\/product\/43","targetHints":{"allow":["GET"]}}],"collection":[{"href":"https:\/\/gblexprimer.com\/pl\/wp-json\/wp\/v2\/product"}],"about":[{"href":"https:\/\/gblexprimer.com\/pl\/wp-json\/wp\/v2\/types\/product"}],"replies":[{"embeddable":true,"href":"https:\/\/gblexprimer.com\/pl\/wp-json\/wp\/v2\/comments?post=43"}],"wp:featuredmedia":[{"embeddable":true,"href":"https:\/\/gblexprimer.com\/pl\/wp-json\/wp\/v2\/media\/91"}],"wp:attachment":[{"href":"https:\/\/gblexprimer.com\/pl\/wp-json\/wp\/v2\/media?parent=43"}],"wp:term":[{"taxonomy":"product_brand","embeddable":true,"href":"https:\/\/gblexprimer.com\/pl\/wp-json\/wp\/v2\/product_brand?post=43"},{"taxonomy":"product_cat","embeddable":true,"href":"https:\/\/gblexprimer.com\/pl\/wp-json\/wp\/v2\/product_cat?post=43"},{"taxonomy":"product_tag","embeddable":true,"href":"https:\/\/gblexprimer.com\/pl\/wp-json\/wp\/v2\/product_tag?post=43"}],"curies":[{"name":"wp","href":"https:\/\/api.w.org\/{rel}","templated":true}]}}