{"id":5037,"date":"2024-11-26T06:06:40","date_gmt":"2024-11-26T06:06:40","guid":{"rendered":"https:\/\/gblexprimer.com\/?post_type=product&#038;p=5037"},"modified":"2026-04-13T04:33:44","modified_gmt":"2026-04-13T04:33:44","slug":"viagra","status":"publish","type":"product","link":"https:\/\/gblexprimer.com\/pl\/produkt\/viagra\/","title":{"rendered":"Viagra"},"content":{"rendered":"<h3><strong>Kup Viagr\u0119 online na GBlexprimer<\/strong><\/h3>\n<p><a href=\"https:\/\/gblexprimer.com\/pl\/produkt\/viagra\/\"><strong>Viagra<\/strong><\/a>znany r\u00f3wnie\u017c pod nazw\u0105 rodzajow\u0105 <strong>sildenafil<\/strong>to popularny lek stosowany w leczeniu zaburze\u0144 erekcji. Znany ze swojej skuteczno\u015bci, pomaga poprawi\u0107 sprawno\u015b\u0107 seksualn\u0105 i satysfakcj\u0119 poprzez promowanie lepszego kr\u0105\u017cenia krwi. Przy <a href=\"https:\/\/gblexprimer.com\/pl\/\"><strong>GBlexpress<\/strong><\/a>proponujemy <strong>autentyczna, wysokiej jako\u015bci Viagra<\/strong>z szybk\u0105 dostaw\u0105, dyskretnym opakowaniem i bezpiecznymi opcjami p\u0142atno\u015bci Kup Viagr\u0119<a href=\"https:\/\/gblexpress.com\/shop\/ko-tropfen-kaufen-online\/\">.<\/a><\/p>\n<p>Le Viagra est le traitement le plus connu contre les troubles de l\u2019\u00e9rection chez l\u2019homme. Mais comment <strong>kupi\u0107 Viagr\u0119<\/strong> bezpieczne? Pomi\u0119dzy wprowadzaj\u0105cymi w b\u0142\u0105d reklamami, sprzeda\u017c\u0105 online bez recepty i podrabianymi produktami, wa\u017cne jest, aby wiedzie\u0107, co jest dozwolone - a co nie.<\/p>\n<h3><strong>Dlaczego warto wybra\u0107 GBlexprimer, aby kupi\u0107 Viagr\u0119?<\/strong><\/h3>\n<h4><strong>Autentyczno\u015b\u0107 i najwy\u017csza jako\u015b\u0107<\/strong><\/h4>\n<p>Nasze produkty s\u0105 certyfikowane jako autentyczne i przetestowane, aby zagwarantowa\u0107 ich skuteczno\u015b\u0107. Oferujemy zar\u00f3wno <strong><a href=\"https:\/\/en.wikipedia.org\/wiki\/Viagra_(disambiguation)\">Viagra<\/a> Oryginalna<\/strong> i og\u00f3lne alternatywy, takie jak <a href=\"https:\/\/gblexprimer.com\/pl\/produkt\/kupic-mefedron\/\"><strong>sildenafil<\/strong><\/a>dost\u0119pny w r\u00f3\u017cnych dawkach (25 mg, 50 mg, 100 mg)<a href=\"https:\/\/gblexprimer.com\/pl\/produkt\/100-gramow-czystych-krysztalow-mdma\/\">.<\/a><\/p>\n<h4><strong>Szybka i dyskretna dostawa<\/strong><\/h4>\n<p>Zapewniamy <strong>szybka dostawa<\/strong> oraz <strong>dyskretne opakowanie<\/strong> aby zagwarantowa\u0107 poufno\u015b\u0107.<\/p>\n<h4><strong>Bezpieczne p\u0142atno\u015bci<\/strong><\/h4>\n<p>Korzystaj z bezpiecznych p\u0142atno\u015bci, aby robi\u0107 zakupy bez obaw.<\/p>\n<h4><strong>Konkurencyjne i przyst\u0119pne ceny<\/strong><\/h4>\n<p>Kup <strong>Viagra w konkurencyjnych cenach<\/strong>z rabatami dost\u0119pnymi dla zam\u00f3wie\u0144 hurtowych.<\/p>\n<h3><strong>Aplikacje i zastosowania Viagry<\/strong><\/h3>\n<h4><strong>Leczenie zaburze\u0144 erekcji<\/strong><\/h4>\n<p>Viagra jest przepisywana w celu poprawy zdolno\u015bci do osi\u0105gni\u0119cia i utrzymania erekcji, pomagaj\u0105c przywr\u00f3ci\u0107 pewno\u015b\u0107 siebie i sprawno\u015b\u0107 seksualn\u0105.<\/p>\n<h4><strong>Lepsze kr\u0105\u017cenie krwi<\/strong><\/h4>\n<p>Sildenafil dzia\u0142a poprzez rozlu\u017anienie naczy\u0144 krwiono\u015bnych, poprawiaj\u0105c przep\u0142yw krwi do obszar\u00f3w docelowych.<\/p>\n<h4><strong>Bezpieczne u\u017cytkowanie<\/strong><\/h4>\n<p>Zalecane przez pracownik\u00f3w s\u0142u\u017cby zdrowia, <strong>Viagra<\/strong> jest skutecznym rozwi\u0105zaniem, gdy jest stosowany w zalecanych dawkach.<\/p>\n<div>\n<div>\n<p><em>Tre\u015b\u0107 zatwierdzona przez lekarzy z komitetu naukowego Charlesa.<\/em><\/p>\n<\/div>\n<\/div>\n<div>\n<div>\n<p>Le <strong>Viagra<\/strong> est sans doute le m\u00e9dicament le plus connu dans le monde pour traiter les troubles de l\u2019\u00e9rection chez l\u2019homme. Mais comment agit-il ? Est-il possible d\u2019en acheter sans ordonnance ? Et quels sont ses effets r\u00e9els et ses risques ? Cet article vous explique tout ce qu\u2019il faut savoir sur ce traitement embl\u00e9matique de la dysfonction \u00e9rectile.<\/p>\n<\/div>\n<\/div>\n<h3><strong>Kup Viagr\u0119 online ju\u017c dzi\u015b<\/strong><\/h3>\n<p>Niezale\u017cnie od tego, czy szukasz <strong>Oryginalna Viagra<\/strong> lub skuteczne wersje generyczne, <strong>GBlexpress<\/strong> jest zaufanym dostawc\u0105. Oferujemy produkty wysokiej jako\u015bci, szybk\u0105 dostaw\u0119 i wyj\u0105tkow\u0105 obs\u0142ug\u0119 klienta. <strong>Kup Viagr\u0119 online ju\u017c dzi\u015b<\/strong> aby odzyska\u0107 pewno\u015b\u0107 siebie i cieszy\u0107 si\u0119 p\u0142ynnymi, dyskretnymi zakupami. <a href=\"https:\/\/gblexprimer.com\/pl\/produkt\/viagra\/\"><strong>Achetez en toute confiance<\/strong><\/a><\/p>","protected":false},"excerpt":{"rendered":"<p><strong>Viagra<\/strong>kt\u00f3rego aktywnym sk\u0142adnikiem jest <strong>sildenafil<\/strong>jest lekiem szeroko stosowanym w leczeniu zaburze\u0144 erekcji. Poprzez zwi\u0119kszenie przep\u0142ywu krwi do tkanek, <strong>Viagra<\/strong> jest znany ze swojej skuteczno\u015bci i szybkiego dzia\u0142ania. Zwi\u0105zek ten jest r\u00f3wnie\u017c badany w laboratorium pod k\u0105tem jego wp\u0142ywu na mechanizmy naczyniowe i jego potencja\u0142u do innych zastosowa\u0144 medycznych.<\/p>\n<h3><strong>Jak dzia\u0142a Viagra?<\/strong><\/h3>\n<p>Le <strong>sildenafil<\/strong> dzia\u0142a poprzez hamowanie enzymu PDE5 (fosfodiesterazy typu 5), kt\u00f3ry poprawia rozszerzenie naczy\u0144 krwiono\u015bnych i u\u0142atwia przep\u0142yw krwi do tkanki erekcji.<\/p>\n<ul>\n<li><strong>G\u0142\u00f3wne efekty :<\/strong> Poprawiona erekcja, lepsze kr\u0105\u017cenie krwi i zmniejszenie objaw\u00f3w niekt\u00f3rych zaburze\u0144 kr\u0105\u017cenia.<\/li>\n<li><strong>Pocz\u0105tek efekt\u00f3w :<\/strong> 30 do 60 minut po podaniu.<\/li>\n<li><strong>Czas trwania efekt\u00f3w :<\/strong> Od 4 do 6 godzin w zale\u017cno\u015bci od osoby.<\/li>\n<\/ul>\n<h3><strong>Formu\u0142a i dane<\/strong><\/h3>\n<ul>\n<li><strong>Nazwa chemiczna :<\/strong> Cytrynian sildenafilu<\/li>\n<li><strong>Wz\u00f3r cz\u0105steczkowy :<\/strong> C22H30N6O4S<\/li>\n<li><strong>Masa cz\u0105steczkowa :<\/strong> 474,58 g\/mol<\/li>\n<\/ul>","protected":false},"featured_media":5282,"comment_status":"open","ping_status":"closed","template":"","meta":{"site-sidebar-layout":"default","site-content-layout":"","ast-site-content-layout":"default","site-content-style":"default","site-sidebar-style":"default","ast-global-header-display":"","ast-banner-title-visibility":"","ast-main-header-display":"","ast-hfb-above-header-display":"","ast-hfb-below-header-display":"","ast-hfb-mobile-header-display":"","site-post-title":"","ast-breadcrumbs-content":"","ast-featured-img":"","footer-sml-layout":"","theme-transparent-header-meta":"default","adv-header-id-meta":"","stick-header-meta":"","header-above-stick-meta":"","header-main-stick-meta":"","header-below-stick-meta":"","astra-migrate-meta-layouts":"set","ast-page-background-enabled":"default","ast-page-background-meta":{"desktop":{"background-color":"","background-image":"","background-repeat":"repeat","background-position":"center center","background-size":"auto","background-attachment":"scroll","background-type":"","background-media":"","overlay-type":"","overlay-color":"","overlay-opacity":"","overlay-gradient":""},"tablet":{"background-color":"","background-image":"","background-repeat":"repeat","background-position":"center center","background-size":"auto","background-attachment":"scroll","background-type":"","background-media":"","overlay-type":"","overlay-color":"","overlay-opacity":"","overlay-gradient":""},"mobile":{"background-color":"","background-image":"","background-repeat":"repeat","background-position":"center center","background-size":"auto","background-attachment":"scroll","background-type":"","background-media":"","overlay-type":"","overlay-color":"","overlay-opacity":"","overlay-gradient":""}},"ast-content-background-meta":{"desktop":{"background-color":"var(--ast-global-color-5)","background-image":"","background-repeat":"repeat","background-position":"center center","background-size":"auto","background-attachment":"scroll","background-type":"","background-media":"","overlay-type":"","overlay-color":"","overlay-opacity":"","overlay-gradient":""},"tablet":{"background-color":"var(--ast-global-color-5)","background-image":"","background-repeat":"repeat","background-position":"center center","background-size":"auto","background-attachment":"scroll","background-type":"","background-media":"","overlay-type":"","overlay-color":"","overlay-opacity":"","overlay-gradient":""},"mobile":{"background-color":"var(--ast-global-color-5)","background-image":"","background-repeat":"repeat","background-position":"center center","background-size":"auto","background-attachment":"scroll","background-type":"","background-media":"","overlay-type":"","overlay-color":"","overlay-opacity":"","overlay-gradient":""}},"_joinchat":[]},"product_brand":[],"product_cat":[141],"product_tag":[393,377,382,394,385,392,387,390,379,378,383,380,388,395,381,391,396,389,386,384],"class_list":{"0":"post-5037","1":"product","2":"type-product","3":"status-publish","4":"has-post-thumbnail","6":"product_cat-sex-meth","7":"product_tag-achat-discret-de-viagra","8":"product_tag-achetez-viagra","9":"product_tag-commandez-viagra-en-ligne","10":"product_tag-commandez-viagra-maintenant","11":"product_tag-fournisseurs-fiables-de-viagra","12":"product_tag-meilleurs-prix-viagra","13":"product_tag-ou-acheter-viagra","14":"product_tag-produits-premium-viagra","15":"product_tag-sildenafil-authentique","16":"product_tag-viagra-a-vendre","17":"product_tag-viagra-de-haute-qualite","18":"product_tag-viagra-generique","19":"product_tag-viagra-generique-pas-cher","20":"product_tag-viagra-livraison-securisee","21":"product_tag-viagra-original-livraison-rapide","22":"product_tag-viagra-pour-circulation-sanguine","23":"product_tag-viagra-pour-confiance-et-performance","24":"product_tag-viagra-pour-performance-sexuelle","25":"product_tag-viagra-pour-troubles-de-lerection","26":"product_tag-viagra-prix-abordable","27":"desktop-align-left","28":"tablet-align-left","29":"mobile-align-left","31":"first","32":"instock","33":"shipping-taxable","34":"purchasable","35":"product-type-variable"},"yoast_head":"<!-- This site is optimized with the Yoast SEO plugin v26.9 - https:\/\/yoast.com\/product\/yoast-seo-wordpress\/ -->\n<title>Achetez du Viagra | Qualit\u00e9 Sup\u00e9rieure et Livraison Discr\u00e8te<\/title>\n<meta name=\"description\" content=\"Achetez du Viagra authentique en ligne sur GBlexprimer. Original et g\u00e9n\u00e9rique disponibles : livraison rapide, emballage discret et paiement s\u00e9curis\u00e9. Commandez maintenant !\" \/>\n<meta name=\"robots\" content=\"index, follow, max-snippet:-1, max-image-preview:large, max-video-preview:-1\" \/>\n<link rel=\"canonical\" href=\"https:\/\/gblexprimer.com\/pl\/produkt\/viagra\/\" \/>\n<meta property=\"og:locale\" content=\"pl_PL\" \/>\n<meta property=\"og:type\" content=\"article\" \/>\n<meta property=\"og:title\" content=\"Achetez du Viagra | Qualit\u00e9 Sup\u00e9rieure et Livraison Discr\u00e8te\" \/>\n<meta property=\"og:description\" content=\"Achetez du Viagra authentique en ligne sur GBlexprimer. Original et g\u00e9n\u00e9rique disponibles : livraison rapide, emballage discret et paiement s\u00e9curis\u00e9. Commandez maintenant !\" \/>\n<meta property=\"og:url\" content=\"https:\/\/gblexprimer.com\/pl\/produkt\/viagra\/\" \/>\n<meta property=\"og:site_name\" content=\"GBL Exprimer\" \/>\n<meta property=\"article:modified_time\" content=\"2026-04-13T04:33:44+00:00\" \/>\n<meta property=\"og:image\" content=\"https:\/\/gblexprimer.com\/wp-content\/uploads\/2024\/11\/Viagra.jpg\" \/>\n\t<meta property=\"og:image:width\" content=\"600\" \/>\n\t<meta property=\"og:image:height\" content=\"600\" \/>\n\t<meta property=\"og:image:type\" content=\"image\/jpeg\" \/>\n<meta name=\"twitter:card\" content=\"summary_large_image\" \/>\n<meta name=\"twitter:label1\" content=\"Szacowany czas czytania\" \/>\n\t<meta name=\"twitter:data1\" content=\"3 minuty\" \/>\n<script type=\"application\/ld+json\" class=\"yoast-schema-graph\">{\"@context\":\"https:\/\/schema.org\",\"@graph\":[{\"@type\":\"WebPage\",\"@id\":\"https:\/\/gblexprimer.com\/product\/viagra\/\",\"url\":\"https:\/\/gblexprimer.com\/product\/viagra\/\",\"name\":\"Achetez du Viagra | Qualit\u00e9 Sup\u00e9rieure et Livraison Discr\u00e8te\",\"isPartOf\":{\"@id\":\"https:\/\/gblexprimer.com\/#website\"},\"primaryImageOfPage\":{\"@id\":\"https:\/\/gblexprimer.com\/product\/viagra\/#primaryimage\"},\"image\":{\"@id\":\"https:\/\/gblexprimer.com\/product\/viagra\/#primaryimage\"},\"thumbnailUrl\":\"https:\/\/gblexprimer.com\/wp-content\/uploads\/2024\/11\/Viagra.jpg\",\"datePublished\":\"2024-11-26T06:06:40+00:00\",\"dateModified\":\"2026-04-13T04:33:44+00:00\",\"description\":\"Achetez du Viagra authentique en ligne sur GBlexprimer. Original et g\u00e9n\u00e9rique disponibles : livraison rapide, emballage discret et paiement s\u00e9curis\u00e9. Commandez maintenant !\",\"breadcrumb\":{\"@id\":\"https:\/\/gblexprimer.com\/product\/viagra\/#breadcrumb\"},\"inLanguage\":\"pl-PL\",\"potentialAction\":[{\"@type\":\"ReadAction\",\"target\":[\"https:\/\/gblexprimer.com\/product\/viagra\/\"]}]},{\"@type\":\"ImageObject\",\"inLanguage\":\"pl-PL\",\"@id\":\"https:\/\/gblexprimer.com\/product\/viagra\/#primaryimage\",\"url\":\"https:\/\/gblexprimer.com\/wp-content\/uploads\/2024\/11\/Viagra.jpg\",\"contentUrl\":\"https:\/\/gblexprimer.com\/wp-content\/uploads\/2024\/11\/Viagra.jpg\",\"width\":600,\"height\":600,\"caption\":\"Viagra\"},{\"@type\":\"BreadcrumbList\",\"@id\":\"https:\/\/gblexprimer.com\/product\/viagra\/#breadcrumb\",\"itemListElement\":[{\"@type\":\"ListItem\",\"position\":1,\"name\":\"Home\",\"item\":\"https:\/\/gblexprimer.com\/\"},{\"@type\":\"ListItem\",\"position\":2,\"name\":\"Shop\",\"item\":\"https:\/\/gblexprimer.com\/shop\/\"},{\"@type\":\"ListItem\",\"position\":3,\"name\":\"Viagra\"}]},{\"@type\":\"WebSite\",\"@id\":\"https:\/\/gblexprimer.com\/#website\",\"url\":\"https:\/\/gblexprimer.com\/\",\"name\":\"GBL Exprimer\",\"description\":\"\",\"publisher\":{\"@id\":\"https:\/\/gblexprimer.com\/#organization\"},\"potentialAction\":[{\"@type\":\"SearchAction\",\"target\":{\"@type\":\"EntryPoint\",\"urlTemplate\":\"https:\/\/gblexprimer.com\/?s={search_term_string}\"},\"query-input\":{\"@type\":\"PropertyValueSpecification\",\"valueRequired\":true,\"valueName\":\"search_term_string\"}}],\"inLanguage\":\"pl-PL\"},{\"@type\":\"Organization\",\"@id\":\"https:\/\/gblexprimer.com\/#organization\",\"name\":\"GBL Exprimer\",\"url\":\"https:\/\/gblexprimer.com\/\",\"logo\":{\"@type\":\"ImageObject\",\"inLanguage\":\"pl-PL\",\"@id\":\"https:\/\/gblexprimer.com\/#\/schema\/logo\/image\/\",\"url\":\"https:\/\/gblexprimer.com\/wp-content\/uploads\/2024\/01\/logo.png\",\"contentUrl\":\"https:\/\/gblexprimer.com\/wp-content\/uploads\/2024\/01\/logo.png\",\"width\":220,\"height\":80,\"caption\":\"GBL Exprimer\"},\"image\":{\"@id\":\"https:\/\/gblexprimer.com\/#\/schema\/logo\/image\/\"}}]}<\/script>\n<!-- \/ Yoast SEO plugin. -->","yoast_head_json":{"title":"Kup Viagr\u0119 | Najwy\u017csza jako\u015b\u0107 i dyskretna dostawa","description":"Kup oryginaln\u0105 Viagr\u0119 online w GBlexprimer. Dost\u0119pne oryginalne i generyczne: szybka dostawa, dyskretne opakowanie i bezpieczna p\u0142atno\u015b\u0107. Zam\u00f3w teraz!","robots":{"index":"index","follow":"follow","max-snippet":"max-snippet:-1","max-image-preview":"max-image-preview:large","max-video-preview":"max-video-preview:-1"},"canonical":"https:\/\/gblexprimer.com\/pl\/produkt\/viagra\/","og_locale":"pl_PL","og_type":"article","og_title":"Achetez du Viagra | Qualit\u00e9 Sup\u00e9rieure et Livraison Discr\u00e8te","og_description":"Achetez du Viagra authentique en ligne sur GBlexprimer. Original et g\u00e9n\u00e9rique disponibles : livraison rapide, emballage discret et paiement s\u00e9curis\u00e9. Commandez maintenant !","og_url":"https:\/\/gblexprimer.com\/pl\/produkt\/viagra\/","og_site_name":"GBL Exprimer","article_modified_time":"2026-04-13T04:33:44+00:00","og_image":[{"width":600,"height":600,"url":"https:\/\/gblexprimer.com\/wp-content\/uploads\/2024\/11\/Viagra.jpg","type":"image\/jpeg"}],"twitter_card":"summary_large_image","twitter_misc":{"Szacowany czas czytania":"3 minuty"},"schema":{"@context":"https:\/\/schema.org","@graph":[{"@type":"WebPage","@id":"https:\/\/gblexprimer.com\/product\/viagra\/","url":"https:\/\/gblexprimer.com\/product\/viagra\/","name":"Kup Viagr\u0119 | Najwy\u017csza jako\u015b\u0107 i dyskretna dostawa","isPartOf":{"@id":"https:\/\/gblexprimer.com\/#website"},"primaryImageOfPage":{"@id":"https:\/\/gblexprimer.com\/product\/viagra\/#primaryimage"},"image":{"@id":"https:\/\/gblexprimer.com\/product\/viagra\/#primaryimage"},"thumbnailUrl":"https:\/\/gblexprimer.com\/wp-content\/uploads\/2024\/11\/Viagra.jpg","datePublished":"2024-11-26T06:06:40+00:00","dateModified":"2026-04-13T04:33:44+00:00","description":"Kup oryginaln\u0105 Viagr\u0119 online w GBlexprimer. Dost\u0119pne oryginalne i generyczne: szybka dostawa, dyskretne opakowanie i bezpieczna p\u0142atno\u015b\u0107. Zam\u00f3w teraz!","breadcrumb":{"@id":"https:\/\/gblexprimer.com\/product\/viagra\/#breadcrumb"},"inLanguage":"pl-PL","potentialAction":[{"@type":"ReadAction","target":["https:\/\/gblexprimer.com\/product\/viagra\/"]}]},{"@type":"ImageObject","inLanguage":"pl-PL","@id":"https:\/\/gblexprimer.com\/product\/viagra\/#primaryimage","url":"https:\/\/gblexprimer.com\/wp-content\/uploads\/2024\/11\/Viagra.jpg","contentUrl":"https:\/\/gblexprimer.com\/wp-content\/uploads\/2024\/11\/Viagra.jpg","width":600,"height":600,"caption":"Viagra"},{"@type":"BreadcrumbList","@id":"https:\/\/gblexprimer.com\/product\/viagra\/#breadcrumb","itemListElement":[{"@type":"ListItem","position":1,"name":"Home","item":"https:\/\/gblexprimer.com\/"},{"@type":"ListItem","position":2,"name":"Shop","item":"https:\/\/gblexprimer.com\/shop\/"},{"@type":"ListItem","position":3,"name":"Viagra"}]},{"@type":"WebSite","@id":"https:\/\/gblexprimer.com\/#website","url":"https:\/\/gblexprimer.com\/","name":"GBL Express","description":"","publisher":{"@id":"https:\/\/gblexprimer.com\/#organization"},"potentialAction":[{"@type":"SearchAction","target":{"@type":"EntryPoint","urlTemplate":"https:\/\/gblexprimer.com\/?s={search_term_string}"},"query-input":{"@type":"PropertyValueSpecification","valueRequired":true,"valueName":"search_term_string"}}],"inLanguage":"pl-PL"},{"@type":"Organization","@id":"https:\/\/gblexprimer.com\/#organization","name":"GBL Express","url":"https:\/\/gblexprimer.com\/","logo":{"@type":"ImageObject","inLanguage":"pl-PL","@id":"https:\/\/gblexprimer.com\/#\/schema\/logo\/image\/","url":"https:\/\/gblexprimer.com\/wp-content\/uploads\/2024\/01\/logo.png","contentUrl":"https:\/\/gblexprimer.com\/wp-content\/uploads\/2024\/01\/logo.png","width":220,"height":80,"caption":"GBL Exprimer"},"image":{"@id":"https:\/\/gblexprimer.com\/#\/schema\/logo\/image\/"}}]}},"_links":{"self":[{"href":"https:\/\/gblexprimer.com\/pl\/wp-json\/wp\/v2\/product\/5037","targetHints":{"allow":["GET"]}}],"collection":[{"href":"https:\/\/gblexprimer.com\/pl\/wp-json\/wp\/v2\/product"}],"about":[{"href":"https:\/\/gblexprimer.com\/pl\/wp-json\/wp\/v2\/types\/product"}],"replies":[{"embeddable":true,"href":"https:\/\/gblexprimer.com\/pl\/wp-json\/wp\/v2\/comments?post=5037"}],"wp:featuredmedia":[{"embeddable":true,"href":"https:\/\/gblexprimer.com\/pl\/wp-json\/wp\/v2\/media\/5282"}],"wp:attachment":[{"href":"https:\/\/gblexprimer.com\/pl\/wp-json\/wp\/v2\/media?parent=5037"}],"wp:term":[{"taxonomy":"product_brand","embeddable":true,"href":"https:\/\/gblexprimer.com\/pl\/wp-json\/wp\/v2\/product_brand?post=5037"},{"taxonomy":"product_cat","embeddable":true,"href":"https:\/\/gblexprimer.com\/pl\/wp-json\/wp\/v2\/product_cat?post=5037"},{"taxonomy":"product_tag","embeddable":true,"href":"https:\/\/gblexprimer.com\/pl\/wp-json\/wp\/v2\/product_tag?post=5037"}],"curies":[{"name":"wp","href":"https:\/\/api.w.org\/{rel}","templated":true}]}}