{"id":5039,"date":"2024-11-26T06:06:43","date_gmt":"2024-11-26T06:06:43","guid":{"rendered":"https:\/\/gblexprimer.com\/?post_type=product&#038;p=5039"},"modified":"2026-04-10T10:03:57","modified_gmt":"2026-04-10T10:03:57","slug":"alkohol","status":"publish","type":"product","link":"https:\/\/gblexprimer.com\/pl\/produkt\/alkohol\/","title":{"rendered":"Alkohol"},"content":{"rendered":"<h2 data-start=\"84\" data-end=\"541\"><strong>Kup alkohol online w GBLExperimer<\/strong><\/h2>\n<p data-start=\"84\" data-end=\"541\">Avec la demande croissante de commodit\u00e9, <a href=\"https:\/\/en.wikipedia.org\/wiki\/Alcohol\">kup alkohol online<\/a> est devenu une option privil\u00e9gi\u00e9e pour beaucoup. Que vous recherchiez une bouteille sp\u00e9cifique de vin, un spiritueux rare ou que vous souhaitiez simplement r\u00e9approvisionner votre bar \u00e0 domicile, GBlexprimer offre une exp\u00e9rience d&rsquo;achat pratique et fiable. Si vous vous demandez o\u00f9 acheter de l&rsquo;alcool en ligne, voici pourquoi GBLexPrimer est le meilleur choix pour effectuer votre achat.<\/p>\n<h3 data-start=\"543\" data-end=\"581\"><strong data-start=\"543\" data-end=\"581\">Zr\u00f3\u017cnicowany wyb\u00f3r alkoholi na sprzeda\u017c<\/strong><\/h3>\n<p data-start=\"583\" data-end=\"1086\"><a href=\"https:\/\/gblexprimer.com\/pl\/produkt\/alkohol\/\">Je\u015bli chodzi o kupowanie alkoholu online<\/a>R\u00f3\u017cnorodno\u015b\u0107 jest kluczowa. GBlexprimer oferuje szerok\u0105 gam\u0119 produkt\u00f3w, od wykwintnych win i alkoholi premium po piwa rzemie\u015blnicze i mieszanki. Niezale\u017cnie od tego, czy szukasz wyj\u0105tkowej butelki whisky, czy eleganckiego czerwonego wina do kolacji, nasz asortyment gwarantuje, \u017ce znajdziesz dok\u0142adnie to, czego potrzebujesz. Nasze zaanga\u017cowanie w oferowanie szerokiego wyboru sprawia, \u017ce \u200b\u200bjeste\u015bmy platform\u0105, do kt\u00f3rej mo\u017cesz si\u0119 uda\u0107, aby zaspokoi\u0107 wszystkie swoje potrzeby zwi\u0105zane z alkoholem.<\/p>\n<h3 data-start=\"1088\" data-end=\"1137\"><strong data-start=\"1088\" data-end=\"1137\">Konkurencyjne ceny i ekskluzywne oferty<\/strong><\/h3>\n<p data-start=\"1139\" data-end=\"1723\">W GBlexprimer wierzymy w oferowanie doskona\u0142ej warto\u015bci. Opr\u00f3cz bogatego asortymentu alkoholi na sprzeda\u017c, gwarantujemy konkurencyjne ceny bez kompromis\u00f3w w zakresie jako\u015bci. Niezale\u017cnie od tego, czy kupujesz butelk\u0119 na imprez\u0119, czy po prostu uzupe\u0142niasz zapasy, oferujemy zni\u017cki, pakiety i promocje sezonowe, dzi\u0119ki kt\u00f3rym zakup alkoholu online staje si\u0119 bardziej przyst\u0119pny cenowo. \u015aled\u017a nasz\u0105 stron\u0119 internetow\u0105, aby by\u0107 na bie\u017c\u0105co z ofertami specjalnymi i ekskluzywnymi rabatami, kt\u00f3re sprawi\u0105, \u017ce Tw\u00f3j zakup b\u0119dzie jeszcze bardziej ekonomiczny.<\/p>\n<h3 data-start=\"1725\" data-end=\"1765\"><strong data-start=\"1725\" data-end=\"1765\">\u0141atwe w obs\u0142udze do\u015bwiadczenie zakupowe<\/strong><\/h3>\n<p data-start=\"1767\" data-end=\"2281\"><a href=\"https:\/\/gblexprimer.com\/pl\/produkt\/amfetamina\/\">Commander de<\/a> l&rsquo;alcool en ligne doit \u00eatre simple et pratique, et GBlexprimer vous offre exactement cela. Notre site est con\u00e7u pour l&rsquo;utilisateur, ce qui facilite la navigation dans nos cat\u00e9gories, la consultation des d\u00e9tails des produits et la prise de d\u00e9cisions \u00e9clair\u00e9es. Nous fournissons \u00e9galement des descriptions d\u00e9taill\u00e9es et des filtres utiles pour affiner vos choix. Une fois votre s\u00e9lection effectu\u00e9e, notre processus de paiement s\u00e9curis\u00e9 et rapide vous assure une exp\u00e9rience d&rsquo;achat fluide et sans tracas.<\/p>\n<h3 data-start=\"2283\" data-end=\"2313\"><strong data-start=\"2283\" data-end=\"2313\">Szybka i niezawodna dostawa<\/strong><\/h3>\n<p data-start=\"2315\" data-end=\"2704\">Une fois votre d\u00e9cision prise sur o\u00f9 acheter de l&rsquo;alcool, la livraison rapide et fiable est primordiale. Chez <a href=\"https:\/\/gblexprimer.com\/pl\/\">GBlexpress<\/a>, nous mettons un point d&rsquo;honneur \u00e0 livrer vos produits rapidement. Que vous organisiez un \u00e9v\u00e9nement ou que vous profitiez d&rsquo;une soir\u00e9e tranquille, nous veillons \u00e0 ce que votre commande vous parvienne \u00e0 temps, pour que vous puissiez profiter de votre achat sans d\u00e9lai.<\/p>\n<h3 data-start=\"2706\" data-end=\"2764\"><strong data-start=\"2706\" data-end=\"2764\">Bezpieczne transakcje i ochrona prywatno\u015bci<\/strong><\/h3>\n<p data-start=\"2766\" data-end=\"3193\">Bezpiecze\u0144stwo jest priorytetem przy zakupie alkoholu online. GBlexprimer wykorzystuje najnowocze\u015bniejsze technologie szyfrowania, aby zapewni\u0107 sta\u0142\u0105 ochron\u0119 Twoich danych osobowych i p\u0142atniczych. Nasza platforma zosta\u0142a zaprojektowana tak, aby zapewni\u0107 bezpieczne \u015brodowisko zakupowe, pozwalaj\u0105ce zamawia\u0107 alkohol online z pe\u0142nym zaufaniem, wiedz\u0105c, \u017ce Twoje dane s\u0105 w bezpiecznych r\u0119kach.<\/p>\n<h3 data-start=\"3195\" data-end=\"3233\"><strong data-start=\"3195\" data-end=\"3233\">Porady ekspert\u00f3w i opinie klient\u00f3w<\/strong><\/h3>\n<p data-start=\"3235\" data-end=\"3694\">Je\u015bli nie wiesz, kt\u00f3ry produkt wybra\u0107, GBl express oferuje rekomendacje ekspert\u00f3w i opinie klient\u00f3w, kt\u00f3re pomog\u0105 Ci podj\u0105\u0107 decyzj\u0119. Niezale\u017cnie od tego, czy dopiero zaczynasz przygod\u0119 z konkretnym rodzajem alkoholu, czy szukasz sugestii, czego spr\u00f3bowa\u0107, nasz zesp\u00f3\u0142 s\u0142u\u017cy pomoc\u0105. Opinie klient\u00f3w dostarczaj\u0105 r\u00f3wnie\u017c dodatkowych informacji, pomagaj\u0105c Ci dokona\u0107 \u015bwiadomego wyboru przy zakupie alkoholu online.<\/p>\n<h3 data-start=\"3696\" data-end=\"3727\"><strong data-start=\"3696\" data-end=\"3727\">Spersonalizowana obs\u0142uga klienta<\/strong><\/h3>\n<p data-start=\"3729\" data-end=\"4136\"><a href=\"https:\/\/gblexprimer.com\/pl\/\">Chez GBlexprimer<\/a>Satysfakcja klienta jest naszym priorytetem. Nasz dedykowany zesp\u00f3\u0142 wsparcia jest do Pa\u0144stwa dyspozycji, aby odpowiedzie\u0107 na wszelkie pytania i w\u0105tpliwo\u015bci. Niezale\u017cnie od tego, czy potrzebuj\u0105 Pa\u0144stwo pomocy przy zam\u00f3wieniu, maj\u0105 Pa\u0144stwo pytania dotycz\u0105ce produktu, czy szukaj\u0105 porady, gdzie kupi\u0107 alkohol, oferujemy spersonalizowane wsparcie, aby zapewni\u0107 Pa\u0144stwu przyjemne zakupy.<\/p>\n<h3 data-start=\"4138\" data-end=\"4175\"><strong data-start=\"4138\" data-end=\"4175\">B\u0105d\u017a na bie\u017c\u0105co z najnowszymi wiadomo\u015bciami<\/strong><\/h3>\n<p data-start=\"4177\" data-end=\"4605\">Rynek alkoholi stale si\u0119 rozwija, a nowo\u015bci i edycje limitowane pojawiaj\u0105 si\u0119 regularnie. W GBlexprimer informujemy Ci\u0119 o najnowszych produktach i ekskluzywnych ofertach. Subskrybuj\u0105c nasz newsletter lub obserwuj\u0105c nas w mediach spo\u0142eczno\u015bciowych, zawsze b\u0119dziesz na bie\u017c\u0105co z nowo\u015bciami alkoholowymi, dzi\u0119ki czemu nigdy nie przegapisz najnowszych produkt\u00f3w.<\/p>\n<h3 data-start=\"4607\" data-end=\"4648\"><strong data-start=\"4607\" data-end=\"4648\">Zaanga\u017cowanie w zr\u00f3wnowa\u017cony rozw\u00f3j<\/strong><\/h3>\n<p data-start=\"4650\" data-end=\"5041\">Dbamy r\u00f3wnie\u017c o nasz wp\u0142yw na \u015brodowisko. GBlexprimer oferuje ekologiczne opcje opakowa\u0144 i przestrzega zasad odpowiedzialnego pozyskiwania surowc\u00f3w. Wybieraj\u0105c nasz\u0105 platform\u0119, nie tylko korzystasz z doskona\u0142ych produkt\u00f3w, ale tak\u017ce wspierasz dzia\u0142ania na rzecz zr\u00f3wnowa\u017conego rozwoju, kt\u00f3rych celem jest redukcja \u015bladu w\u0119glowego bran\u017cy alkoholowej.<\/p>\n<h3 data-start=\"5043\" data-end=\"5057\"><strong data-start=\"5043\" data-end=\"5057\">Wnioski<\/strong><\/h3>\n<p data-start=\"5059\" data-end=\"5662\" data-is-last-node=\"\" data-is-only-node=\"\">GBlexprimer wyr\u00f3\u017cnia si\u0119 jako najlepsze miejsce do zakupu alkoholu online dzi\u0119ki bogatemu asortymentowi, konkurencyjnym cenom, szybkiej dostawie i bezpiecznym transakcjom. Nasza przyjazna dla u\u017cytkownika platforma sprawia, \u017ce \u200b\u200bkupowanie alkoholu online jest proste i przyjemne. Niezale\u017cnie od tego, czy jeste\u015b do\u015bwiadczonym koneserem, czy nowicjuszem w \u015bwiecie alkoholu, GBlexprimer oferuje wysokiej jako\u015bci zakupy dopasowane do Twoich potrzeb. Nast\u0119pnym razem, gdy b\u0119dziesz si\u0119 zastanawia\u0107, gdzie kupi\u0107 alkohol, nie szukaj dalej. <a href=\"https:\/\/en.wikipedia.org\/wiki\/Alcohol\">kup alkohol online<\/a>, faites de GBlexprimer votre premier choix pour la qualit\u00e9, la commodit\u00e9 et la valeur.<\/p>","protected":false},"excerpt":{"rendered":"<p>Achetez de l&rsquo;alcool en ligne sur GBlexprimer Avec la demande croissante de commodit\u00e9, acheter de l&rsquo;alcool en ligne est devenu une option privil\u00e9gi\u00e9e pour beaucoup. Que vous recherchiez une bouteille sp\u00e9cifique de vin, un spiritueux rare ou que vous souhaitiez simplement r\u00e9approvisionner votre bar \u00e0 domicile, GBlexprimer offre une exp\u00e9rience d&rsquo;achat pratique et fiable. Si [&hellip;]<\/p>","protected":false},"featured_media":5257,"comment_status":"open","ping_status":"closed","template":"","meta":{"site-sidebar-layout":"default","site-content-layout":"","ast-site-content-layout":"default","site-content-style":"default","site-sidebar-style":"default","ast-global-header-display":"","ast-banner-title-visibility":"","ast-main-header-display":"","ast-hfb-above-header-display":"","ast-hfb-below-header-display":"","ast-hfb-mobile-header-display":"","site-post-title":"","ast-breadcrumbs-content":"","ast-featured-img":"","footer-sml-layout":"","theme-transparent-header-meta":"default","adv-header-id-meta":"","stick-header-meta":"","header-above-stick-meta":"","header-main-stick-meta":"","header-below-stick-meta":"","astra-migrate-meta-layouts":"set","ast-page-background-enabled":"default","ast-page-background-meta":{"desktop":{"background-color":"","background-image":"","background-repeat":"repeat","background-position":"center center","background-size":"auto","background-attachment":"scroll","background-type":"","background-media":"","overlay-type":"","overlay-color":"","overlay-opacity":"","overlay-gradient":""},"tablet":{"background-color":"","background-image":"","background-repeat":"repeat","background-position":"center center","background-size":"auto","background-attachment":"scroll","background-type":"","background-media":"","overlay-type":"","overlay-color":"","overlay-opacity":"","overlay-gradient":""},"mobile":{"background-color":"","background-image":"","background-repeat":"repeat","background-position":"center center","background-size":"auto","background-attachment":"scroll","background-type":"","background-media":"","overlay-type":"","overlay-color":"","overlay-opacity":"","overlay-gradient":""}},"ast-content-background-meta":{"desktop":{"background-color":"var(--ast-global-color-5)","background-image":"","background-repeat":"repeat","background-position":"center center","background-size":"auto","background-attachment":"scroll","background-type":"","background-media":"","overlay-type":"","overlay-color":"","overlay-opacity":"","overlay-gradient":""},"tablet":{"background-color":"var(--ast-global-color-5)","background-image":"","background-repeat":"repeat","background-position":"center center","background-size":"auto","background-attachment":"scroll","background-type":"","background-media":"","overlay-type":"","overlay-color":"","overlay-opacity":"","overlay-gradient":""},"mobile":{"background-color":"var(--ast-global-color-5)","background-image":"","background-repeat":"repeat","background-position":"center center","background-size":"auto","background-attachment":"scroll","background-type":"","background-media":"","overlay-type":"","overlay-color":"","overlay-opacity":"","overlay-gradient":""}},"_joinchat":[]},"product_brand":[],"product_cat":[141],"product_tag":[],"class_list":{"0":"post-5039","1":"product","2":"type-product","3":"status-publish","4":"has-post-thumbnail","6":"product_cat-sex-meth","7":"desktop-align-left","8":"tablet-align-left","9":"mobile-align-left","11":"first","12":"instock","13":"shipping-taxable","14":"purchasable","15":"product-type-variable"},"yoast_head":"<!-- This site is optimized with the Yoast SEO plugin v26.9 - https:\/\/yoast.com\/product\/yoast-seo-wordpress\/ -->\n<title>Acheter de l&#039;alcool en ligne \u2013 \u00c9thanol \u00e0 vendre | Gblexprimer<\/title>\n<meta name=\"description\" content=\"L&#039;alcool (\u00e9thanol) est une substance psychoactive couramment pr\u00e9sente dans les boissons et les produits industriels. Il affecte le syst\u00e8me nerveux central et peut produire des effets s\u00e9datifs et enivrants. Amph\u00e9tamine\" \/>\n<meta name=\"robots\" content=\"index, follow, max-snippet:-1, max-image-preview:large, max-video-preview:-1\" \/>\n<link rel=\"canonical\" href=\"https:\/\/gblexprimer.com\/pl\/produkt\/alkohol\/\" \/>\n<meta property=\"og:locale\" content=\"pl_PL\" \/>\n<meta property=\"og:type\" content=\"article\" \/>\n<meta property=\"og:title\" content=\"Acheter de l&#039;alcool en ligne \u2013 \u00c9thanol \u00e0 vendre | Gblexprimer\" \/>\n<meta property=\"og:description\" content=\"L&#039;alcool (\u00e9thanol) est une substance psychoactive couramment pr\u00e9sente dans les boissons et les produits industriels. Il affecte le syst\u00e8me nerveux central et peut produire des effets s\u00e9datifs et enivrants. Amph\u00e9tamine\" \/>\n<meta property=\"og:url\" content=\"https:\/\/gblexprimer.com\/pl\/produkt\/alkohol\/\" \/>\n<meta property=\"og:site_name\" content=\"GBL Exprimer\" \/>\n<meta property=\"article:modified_time\" content=\"2026-04-10T10:03:57+00:00\" \/>\n<meta property=\"og:image\" content=\"https:\/\/gblexprimer.com\/wp-content\/uploads\/2024\/11\/alkohol.jpg\" \/>\n\t<meta property=\"og:image:width\" content=\"600\" \/>\n\t<meta property=\"og:image:height\" content=\"600\" \/>\n\t<meta property=\"og:image:type\" content=\"image\/jpeg\" \/>\n<meta name=\"twitter:card\" content=\"summary_large_image\" \/>\n<meta name=\"twitter:label1\" content=\"Szacowany czas czytania\" \/>\n\t<meta name=\"twitter:data1\" content=\"4 minuty\" \/>\n<script type=\"application\/ld+json\" class=\"yoast-schema-graph\">{\"@context\":\"https:\/\/schema.org\",\"@graph\":[{\"@type\":\"WebPage\",\"@id\":\"https:\/\/gblexprimer.com\/product\/alkohol\/\",\"url\":\"https:\/\/gblexprimer.com\/product\/alkohol\/\",\"name\":\"Acheter de l'alcool en ligne \u2013 \u00c9thanol \u00e0 vendre | Gblexprimer\",\"isPartOf\":{\"@id\":\"https:\/\/gblexprimer.com\/#website\"},\"primaryImageOfPage\":{\"@id\":\"https:\/\/gblexprimer.com\/product\/alkohol\/#primaryimage\"},\"image\":{\"@id\":\"https:\/\/gblexprimer.com\/product\/alkohol\/#primaryimage\"},\"thumbnailUrl\":\"https:\/\/gblexprimer.com\/wp-content\/uploads\/2024\/11\/alkohol.jpg\",\"datePublished\":\"2024-11-26T06:06:43+00:00\",\"dateModified\":\"2026-04-10T10:03:57+00:00\",\"description\":\"L'alcool (\u00e9thanol) est une substance psychoactive couramment pr\u00e9sente dans les boissons et les produits industriels. Il affecte le syst\u00e8me nerveux central et peut produire des effets s\u00e9datifs et enivrants. Amph\u00e9tamine\",\"breadcrumb\":{\"@id\":\"https:\/\/gblexprimer.com\/product\/alkohol\/#breadcrumb\"},\"inLanguage\":\"pl-PL\",\"potentialAction\":[{\"@type\":\"ReadAction\",\"target\":[\"https:\/\/gblexprimer.com\/product\/alkohol\/\"]}]},{\"@type\":\"ImageObject\",\"inLanguage\":\"pl-PL\",\"@id\":\"https:\/\/gblexprimer.com\/product\/alkohol\/#primaryimage\",\"url\":\"https:\/\/gblexprimer.com\/wp-content\/uploads\/2024\/11\/alkohol.jpg\",\"contentUrl\":\"https:\/\/gblexprimer.com\/wp-content\/uploads\/2024\/11\/alkohol.jpg\",\"width\":600,\"height\":600,\"caption\":\"alkohol\"},{\"@type\":\"BreadcrumbList\",\"@id\":\"https:\/\/gblexprimer.com\/product\/alkohol\/#breadcrumb\",\"itemListElement\":[{\"@type\":\"ListItem\",\"position\":1,\"name\":\"Home\",\"item\":\"https:\/\/gblexprimer.com\/\"},{\"@type\":\"ListItem\",\"position\":2,\"name\":\"Shop\",\"item\":\"https:\/\/gblexprimer.com\/shop\/\"},{\"@type\":\"ListItem\",\"position\":3,\"name\":\"Alkohol\"}]},{\"@type\":\"WebSite\",\"@id\":\"https:\/\/gblexprimer.com\/#website\",\"url\":\"https:\/\/gblexprimer.com\/\",\"name\":\"GBL Exprimer\",\"description\":\"\",\"publisher\":{\"@id\":\"https:\/\/gblexprimer.com\/#organization\"},\"potentialAction\":[{\"@type\":\"SearchAction\",\"target\":{\"@type\":\"EntryPoint\",\"urlTemplate\":\"https:\/\/gblexprimer.com\/?s={search_term_string}\"},\"query-input\":{\"@type\":\"PropertyValueSpecification\",\"valueRequired\":true,\"valueName\":\"search_term_string\"}}],\"inLanguage\":\"pl-PL\"},{\"@type\":\"Organization\",\"@id\":\"https:\/\/gblexprimer.com\/#organization\",\"name\":\"GBL Exprimer\",\"url\":\"https:\/\/gblexprimer.com\/\",\"logo\":{\"@type\":\"ImageObject\",\"inLanguage\":\"pl-PL\",\"@id\":\"https:\/\/gblexprimer.com\/#\/schema\/logo\/image\/\",\"url\":\"https:\/\/gblexprimer.com\/wp-content\/uploads\/2024\/01\/logo.png\",\"contentUrl\":\"https:\/\/gblexprimer.com\/wp-content\/uploads\/2024\/01\/logo.png\",\"width\":220,\"height\":80,\"caption\":\"GBL Exprimer\"},\"image\":{\"@id\":\"https:\/\/gblexprimer.com\/#\/schema\/logo\/image\/\"}}]}<\/script>\n<!-- \/ Yoast SEO plugin. -->","yoast_head_json":{"title":"Acheter de l'alcool en ligne \u2013 \u00c9thanol \u00e0 vendre | Gblexprimer","description":"L'alcool (\u00e9thanol) est une substance psychoactive couramment pr\u00e9sente dans les boissons et les produits industriels. Il affecte le syst\u00e8me nerveux central et peut produire des effets s\u00e9datifs et enivrants. Amph\u00e9tamine","robots":{"index":"index","follow":"follow","max-snippet":"max-snippet:-1","max-image-preview":"max-image-preview:large","max-video-preview":"max-video-preview:-1"},"canonical":"https:\/\/gblexprimer.com\/pl\/produkt\/alkohol\/","og_locale":"pl_PL","og_type":"article","og_title":"Acheter de l'alcool en ligne \u2013 \u00c9thanol \u00e0 vendre | Gblexprimer","og_description":"L'alcool (\u00e9thanol) est une substance psychoactive couramment pr\u00e9sente dans les boissons et les produits industriels. Il affecte le syst\u00e8me nerveux central et peut produire des effets s\u00e9datifs et enivrants. Amph\u00e9tamine","og_url":"https:\/\/gblexprimer.com\/pl\/produkt\/alkohol\/","og_site_name":"GBL Exprimer","article_modified_time":"2026-04-10T10:03:57+00:00","og_image":[{"width":600,"height":600,"url":"https:\/\/gblexprimer.com\/wp-content\/uploads\/2024\/11\/alkohol.jpg","type":"image\/jpeg"}],"twitter_card":"summary_large_image","twitter_misc":{"Szacowany czas czytania":"4 minuty"},"schema":{"@context":"https:\/\/schema.org","@graph":[{"@type":"WebPage","@id":"https:\/\/gblexprimer.com\/product\/alkohol\/","url":"https:\/\/gblexprimer.com\/product\/alkohol\/","name":"Acheter de l'alcool en ligne \u2013 \u00c9thanol \u00e0 vendre | Gblexprimer","isPartOf":{"@id":"https:\/\/gblexprimer.com\/#website"},"primaryImageOfPage":{"@id":"https:\/\/gblexprimer.com\/product\/alkohol\/#primaryimage"},"image":{"@id":"https:\/\/gblexprimer.com\/product\/alkohol\/#primaryimage"},"thumbnailUrl":"https:\/\/gblexprimer.com\/wp-content\/uploads\/2024\/11\/alkohol.jpg","datePublished":"2024-11-26T06:06:43+00:00","dateModified":"2026-04-10T10:03:57+00:00","description":"L'alcool (\u00e9thanol) est une substance psychoactive couramment pr\u00e9sente dans les boissons et les produits industriels. Il affecte le syst\u00e8me nerveux central et peut produire des effets s\u00e9datifs et enivrants. Amph\u00e9tamine","breadcrumb":{"@id":"https:\/\/gblexprimer.com\/product\/alkohol\/#breadcrumb"},"inLanguage":"pl-PL","potentialAction":[{"@type":"ReadAction","target":["https:\/\/gblexprimer.com\/product\/alkohol\/"]}]},{"@type":"ImageObject","inLanguage":"pl-PL","@id":"https:\/\/gblexprimer.com\/product\/alkohol\/#primaryimage","url":"https:\/\/gblexprimer.com\/wp-content\/uploads\/2024\/11\/alkohol.jpg","contentUrl":"https:\/\/gblexprimer.com\/wp-content\/uploads\/2024\/11\/alkohol.jpg","width":600,"height":600,"caption":"alkohol"},{"@type":"BreadcrumbList","@id":"https:\/\/gblexprimer.com\/product\/alkohol\/#breadcrumb","itemListElement":[{"@type":"ListItem","position":1,"name":"Home","item":"https:\/\/gblexprimer.com\/"},{"@type":"ListItem","position":2,"name":"Shop","item":"https:\/\/gblexprimer.com\/shop\/"},{"@type":"ListItem","position":3,"name":"Alkohol"}]},{"@type":"WebSite","@id":"https:\/\/gblexprimer.com\/#website","url":"https:\/\/gblexprimer.com\/","name":"GBL Express","description":"","publisher":{"@id":"https:\/\/gblexprimer.com\/#organization"},"potentialAction":[{"@type":"SearchAction","target":{"@type":"EntryPoint","urlTemplate":"https:\/\/gblexprimer.com\/?s={search_term_string}"},"query-input":{"@type":"PropertyValueSpecification","valueRequired":true,"valueName":"search_term_string"}}],"inLanguage":"pl-PL"},{"@type":"Organization","@id":"https:\/\/gblexprimer.com\/#organization","name":"GBL Express","url":"https:\/\/gblexprimer.com\/","logo":{"@type":"ImageObject","inLanguage":"pl-PL","@id":"https:\/\/gblexprimer.com\/#\/schema\/logo\/image\/","url":"https:\/\/gblexprimer.com\/wp-content\/uploads\/2024\/01\/logo.png","contentUrl":"https:\/\/gblexprimer.com\/wp-content\/uploads\/2024\/01\/logo.png","width":220,"height":80,"caption":"GBL Exprimer"},"image":{"@id":"https:\/\/gblexprimer.com\/#\/schema\/logo\/image\/"}}]}},"_links":{"self":[{"href":"https:\/\/gblexprimer.com\/pl\/wp-json\/wp\/v2\/product\/5039","targetHints":{"allow":["GET"]}}],"collection":[{"href":"https:\/\/gblexprimer.com\/pl\/wp-json\/wp\/v2\/product"}],"about":[{"href":"https:\/\/gblexprimer.com\/pl\/wp-json\/wp\/v2\/types\/product"}],"replies":[{"embeddable":true,"href":"https:\/\/gblexprimer.com\/pl\/wp-json\/wp\/v2\/comments?post=5039"}],"wp:featuredmedia":[{"embeddable":true,"href":"https:\/\/gblexprimer.com\/pl\/wp-json\/wp\/v2\/media\/5257"}],"wp:attachment":[{"href":"https:\/\/gblexprimer.com\/pl\/wp-json\/wp\/v2\/media?parent=5039"}],"wp:term":[{"taxonomy":"product_brand","embeddable":true,"href":"https:\/\/gblexprimer.com\/pl\/wp-json\/wp\/v2\/product_brand?post=5039"},{"taxonomy":"product_cat","embeddable":true,"href":"https:\/\/gblexprimer.com\/pl\/wp-json\/wp\/v2\/product_cat?post=5039"},{"taxonomy":"product_tag","embeddable":true,"href":"https:\/\/gblexprimer.com\/pl\/wp-json\/wp\/v2\/product_tag?post=5039"}],"curies":[{"name":"wp","href":"https:\/\/api.w.org\/{rel}","templated":true}]}}