{"id":5049,"date":"2024-11-26T06:13:53","date_gmt":"2024-11-26T06:13:53","guid":{"rendered":"https:\/\/gblexprimer.com\/?post_type=product&#038;p=5049"},"modified":"2026-04-11T08:00:17","modified_gmt":"2026-04-11T08:00:17","slug":"mdma-ekstaza","status":"publish","type":"product","link":"https:\/\/gblexprimer.com\/pl\/produkt\/mdma-ekstaza\/","title":{"rendered":"MDMA (Ekstaza)"},"content":{"rendered":"<h2><strong>Kup MDMA (ecstasy) online \u2013 GBLExprimer<br \/>\n<\/strong><\/h2>\n<p><strong>La <a href=\"https:\/\/gblexprimer.com\/pl\/produkt\/mdma-ekstaza\/\">MDMA<\/a><\/strong>znany r\u00f3wnie\u017c jako<strong>Ekstaza<\/strong> lub <strong>de Molly<\/strong>to syntetyczna substancja psychoaktywna znana ze swojego dzia\u0142ania pobudzaj\u0105cego i empatogennego. U\u017cywana g\u0142\u00f3wnie w celach rekreacyjnych <strong>MDMA<\/strong> jest r\u00f3wnie\u017c badany pod k\u0105tem jego potencja\u0142u terapeutycznego, szczeg\u00f3lnie w leczeniu zespo\u0142u stresu pourazowego (PTSD). Przy <a href=\"https:\/\/gblexprimer.com\/pl\/\"><strong>GBlexpress<\/strong><\/a>proponujemy <strong>czyste, wysokiej jako\u015bci MDMA<\/strong>, Bezpieczne transakcje, dyskretne opakowanie i szybka dostawa. Kup MDMA.<\/p>\n<p class=\"ds-markdown-paragraph\"><a href=\"https:\/\/en.wikipedia.org\/wiki\/MDMA\"><strong>Proszek MDMA w sprzeda\u017cy<\/strong><\/a>, powszechnie znany jako \u00abecstasy\u00bb. MDMA by\u0142o sercem brytyjskiej sceny acid house, rave i klub\u00f3w tanecznych przez ostatnie 20 lat. Dane z corocznego badania przest\u0119pczo\u015bci w Wielkiej Brytanii sugeruj\u0105, \u017ce u\u017cywanie ecstasy spad\u0142o od 2001 roku. <strong>Kup czysty proszek i kryszta\u0142 MDMA online<\/strong>.<\/p>\n<p class=\"ds-markdown-paragraph\">Ten pozorny spadek jest tutaj analizowany wraz z jednoczesnym pojawieniem si\u0119 <strong>\u00abnowa\u00bb forma ekstazy<\/strong> w Stanach Zjednoczonych <strong>Proszek lub kryszta\u0142 MDMA<\/strong> - oraz\u00a0<strong>na pytanie, w jakim stopniu mo\u017cna to postrzega\u0107 jako udany rebranding ecstasy jako produktu \u00abpremium\u00bb, po rozczarowaniu u\u017cytkownik\u00f3w tanimi i \u0142atwo dost\u0119pnymi tabletkami, jest jako\u015b\u0107.<\/strong>.<\/p>\n<p class=\"ds-markdown-paragraph\">Zmiany te mia\u0142y miejsce w kontek\u015bcie politycznym, kt\u00f3ry w ci\u0105gu ostatniej dekady nada\u0142 priorytet relacjom mi\u0119dzy pa\u0144stwem a sektorem prywatnym. <strong>narkotyki-przest\u0119pczo\u015b\u0107<\/strong>, przez <a href=\"https:\/\/gblexprimer.com\/pl\/produkt\/leki-uspokajajace\/\"><strong>przymusowe traktowanie<\/strong><\/a> u\u017cytkownik\u00f3w problemowych w kontek\u015bcie interwencji karnych, wraz z naciskiem na <strong>upijanie si\u0119<\/strong> i <strong>ryzyko zwi\u0105zane z alkoholem<\/strong>.<\/p>\n<p class=\"ds-markdown-paragraph\">Rozw\u00f3j ten doprowadzi\u0142 do <strong>znacz\u0105ca redukcja<\/strong> informacji, wsparcia i leczenia dost\u0119pnych dla u\u017cytkownik\u00f3w ecstasy od czas\u00f3w \u015bwietno\u015bci tego narkotyku. <strong>redukcja ryzyka<\/strong> zwi\u0105zane z narkotykami tanecznymi, zainicjowane przez <strong>Bezpieczniejszy taniec<\/strong> w po\u0142owie lat 90-tych. <strong>Kup czyste MDMA online<\/strong>, w postaci proszku lub kryszta\u0142\u00f3w.<\/p>\n<p class=\"ds-markdown-paragraph\"><strong>MDMA w proszku<\/strong><\/p>\n<p class=\"ds-markdown-paragraph\">Le <strong>MDMA w proszku krystalicznym<\/strong> jest lekiem, kt\u00f3ry dzia\u0142a zar\u00f3wno jako <strong>stymulant<\/strong> oraz <strong>psychodeliczny<\/strong> - kt\u00f3re wywo\u0142uj\u0105 efekt energetyzuj\u0105cy, a tak\u017ce <strong>zniekszta\u0142cenia czasowe<\/strong> i spostrzegawczo\u015b\u0107 <strong>zwi\u0119kszona empatia<\/strong>. Zwykle przyjmuje si\u0119 go w postaci tabletek lub kapsu\u0142ek, a jego dzia\u0142anie utrzymuje si\u0119 od 3 do 6 godzin. \u015arednia zg\u0142aszana dawka to jedna do dw\u00f3ch tabletek, przy czym ka\u017cda tabletka zawiera zazwyczaj od 60 do 120 miligram\u00f3w. <strong>MDMA w sprzeda\u017cy w Stanach Zjednoczonych<\/strong>. Nierzadko zdarza si\u0119, \u017ce u\u017cytkownicy przyjmuj\u0105 drug\u0105 dawk\u0119, gdy efekty pierwszej zaczynaj\u0105 zanika\u0107.<\/p>\n<p class=\"ds-markdown-paragraph\"><strong>Kryszta\u0142y MDMA w proszku online<\/strong> w <strong>3,4-metylenodioksymetamfetamina<\/strong> (MDMA) jest <strong>lek syntetyczny<\/strong> kt\u00f3ry zmienia nastr\u00f3j i percepcj\u0119. Jest chemicznie podobny zar\u00f3wno do stymulant\u00f3w, jak i halucynogen\u00f3w, wywo\u0142uj\u0105c wra\u017cenia\u2019<strong>zwi\u0119kszona energia<\/strong>, z <strong>przyjemno\u015b\u0107<\/strong>, z <strong>emocjonalne ciep\u0142o<\/strong>, jak r\u00f3wnie\u017c <strong>zniekszta\u0142cona percepcja sensoryczna i czasowa<\/strong>.<\/p>\n<h3><strong>Aplikacje i zastosowania MDMA (Ekstaza)<\/strong><\/h3>\n<h4><strong>U\u017cytkowanie rekreacyjne<\/strong><\/h4>\n<p>La <a href=\"https:\/\/en.wikipedia.org\/wiki\/MDMA\"><strong>MDMA<\/strong><\/a> jest popularny na festiwalach, imprezach i wydarzeniach zwi\u0105zanych z kultur\u0105 klubow\u0105 i rave, dzi\u0119ki wp\u0142ywowi na energi\u0119, towarzysko\u015b\u0107 i percepcj\u0119 sensoryczn\u0105<a href=\"https:\/\/gblexpress.com\/shop\/gbl-online-kaufen-%ce%b3-butyrolacton-kaufen\/\">.<\/a><\/p>\n<h4><strong>Badania naukowe i terapeutyczne<\/strong><\/h4>\n<p>Ostatnie badania pokazuj\u0105 potencja\u0142 <strong>MDMA<\/strong> w leczeniu zaburze\u0144 takich jak PTSD i l\u0119k spo\u0142eczny. Naukowcy wykorzystuj\u0105 <strong>MDMA<\/strong> w celu zbadania jej interakcji z serotonin\u0105 i jej wp\u0142ywu neurochemicznego.<\/p>\n<h4><strong>Dost\u0119pne kszta\u0142ty<\/strong><\/h4>\n<p>Odwied\u017a <strong>GBlexpress<\/strong>mo\u017cna kupi\u0107 <strong>MDMA w postaci tabletek, kapsu\u0142ek lub kryszta\u0142\u00f3w<\/strong>w zale\u017cno\u015bci od konkretnych potrzeb.<\/p>\n<h3><strong>Dlaczego warto kupi\u0107 MDMA od GBlexprimer?<\/strong><\/h3>\n<h4><strong>Wysokiej jako\u015bci MDMA<\/strong><\/h4>\n<p>Nasz <strong>MDMA<\/strong> jest rygorystycznie testowany, aby zagwarantowa\u0107 jego czysto\u015b\u0107 i autentyczno\u015b\u0107.<\/p>\n<h4><strong>Zaufani dostawcy<\/strong><\/h4>\n<p>Dzi\u0119ki udokumentowanemu do\u015bwiadczeniu jeste\u015bmy niezawodnymi sprzedawcami <strong>MDMA<\/strong> dla wszystkich Twoich potrzeb.<\/p>\n<h4><strong>Bezpieczne transakcje i dyskretne opakowania<\/strong><\/h4>\n<p>Zapewniamy bezpieczne p\u0142atno\u015bci i poufn\u0105 dostaw\u0119, aby chroni\u0107 Twoj\u0105 prywatno\u015b\u0107.<\/p>\n<h4><strong>Szybka i niezawodna dostawa<\/strong><\/h4>\n<p>Zam\u00f3w online i otrzymaj <strong>MDMA<\/strong> szybko dzi\u0119ki naszej wydajnej sieci logistycznej.<\/p>\n<h3><strong>Kup MDMA online ju\u017c dzi\u015b<\/strong><\/h3>\n<p>Szukam miejsca do zakupu <strong>MDMA<\/strong> online? Na <strong>GBlexpress<\/strong>oferujemy <strong>Wysokiej jako\u015bci tabletki, kapsu\u0142ki i kryszta\u0142y MDMA<\/strong>. Skorzystaj z naszej oferty <strong>najlepsze ceny za gram<\/strong>, Skorzystasz r\u00f3wnie\u017c z naszej dyskretnej dostawy i szybkiej obs\u0142ugi. Zam\u00f3w teraz, aby cieszy\u0107 si\u0119 niezawodno\u015bci\u0105 i bezproblemow\u0105 obs\u0142ug\u0105. <strong>Kup MDMA online<\/strong> ju\u017c dzi\u015b i dowiedz si\u0119, dlaczego jeste\u015bmy preferowanym wyborem dla nabywc\u00f3w <strong>MDMA<\/strong>.<\/p>","protected":false},"excerpt":{"rendered":"<div class=\"ds-message _63c77b1\">\n<div class=\"ds-markdown\">\n<p class=\"ds-markdown-paragraph\"><strong>Zam\u00f3w online tabletki MDMA przebadane laboratoryjnie.<\/strong><br \/>\nKup MDMA online pod adresem <strong>gblexprimer<\/strong>. MDMA ju\u017c w sprzeda\u017cy, z dostaw\u0105 <strong>Bezpiecznie i szybko<\/strong> na skal\u0119 globaln\u0105.<\/p>\n<\/div>\n<\/div>\n<p>MDMA dzia\u0142a poprzez zwi\u0119kszenie uwalniania serotoniny, dopaminy i noradrenaliny w m\u00f3zgu, jednocze\u015bnie hamuj\u0105c ich wychwyt zwrotny. Ta kombinacja zwi\u0119ksza pozytywne emocje, empati\u0119 i stymulacj\u0119 umys\u0142ow\u0105.<\/p>\n<ul>\n<li><strong>G\u0142\u00f3wne efekty :<\/strong> Euforia, poczucie emocjonalnej blisko\u015bci i zwi\u0119kszona energia.<\/li>\n<li><strong>Spos\u00f3b dzia\u0142ania :<\/strong> Bezpo\u015brednia interakcja z transporterami neuroprzeka\u017anik\u00f3w w celu przed\u0142u\u017cenia ich aktywno\u015bci w m\u00f3zgu.<\/li>\n<\/ul>\n<h3><strong>Formu\u0142a i dane produktu<\/strong><\/h3>\n<ul>\n<li><strong>Nazwa chemiczna :<\/strong> 3,4-metylenodioksymetamfetamina<\/li>\n<li><strong>Wz\u00f3r cz\u0105steczkowy :<\/strong> C11H15NO2<\/li>\n<li><strong>Masa molowa :<\/strong> 193,25 g\/mol<\/li>\n<\/ul>\n<h3><strong>Szczeg\u00f3\u0142y dotycz\u0105ce efekt\u00f3w<\/strong><\/h3>\n<ul>\n<li><strong>Pocz\u0105tek efekt\u00f3w :<\/strong> 20 do 60 minut po spo\u017cyciu.<\/li>\n<li><strong>Efekty szczytowe :<\/strong> 2 do 4 godzin.<\/li>\n<li><strong>Ca\u0142kowity czas trwania :<\/strong> 4 do 6 godzin, w zale\u017cno\u015bci od dawki i metabolizmu.<\/li>\n<\/ul>","protected":false},"featured_media":5133,"comment_status":"open","ping_status":"closed","template":"","meta":{"site-sidebar-layout":"default","site-content-layout":"","ast-site-content-layout":"default","site-content-style":"default","site-sidebar-style":"default","ast-global-header-display":"","ast-banner-title-visibility":"","ast-main-header-display":"","ast-hfb-above-header-display":"","ast-hfb-below-header-display":"","ast-hfb-mobile-header-display":"","site-post-title":"","ast-breadcrumbs-content":"","ast-featured-img":"","footer-sml-layout":"","theme-transparent-header-meta":"default","adv-header-id-meta":"","stick-header-meta":"","header-above-stick-meta":"","header-main-stick-meta":"","header-below-stick-meta":"","astra-migrate-meta-layouts":"set","ast-page-background-enabled":"default","ast-page-background-meta":{"desktop":{"background-color":"","background-image":"","background-repeat":"repeat","background-position":"center center","background-size":"auto","background-attachment":"scroll","background-type":"","background-media":"","overlay-type":"","overlay-color":"","overlay-opacity":"","overlay-gradient":""},"tablet":{"background-color":"","background-image":"","background-repeat":"repeat","background-position":"center center","background-size":"auto","background-attachment":"scroll","background-type":"","background-media":"","overlay-type":"","overlay-color":"","overlay-opacity":"","overlay-gradient":""},"mobile":{"background-color":"","background-image":"","background-repeat":"repeat","background-position":"center center","background-size":"auto","background-attachment":"scroll","background-type":"","background-media":"","overlay-type":"","overlay-color":"","overlay-opacity":"","overlay-gradient":""}},"ast-content-background-meta":{"desktop":{"background-color":"var(--ast-global-color-5)","background-image":"","background-repeat":"repeat","background-position":"center center","background-size":"auto","background-attachment":"scroll","background-type":"","background-media":"","overlay-type":"","overlay-color":"","overlay-opacity":"","overlay-gradient":""},"tablet":{"background-color":"var(--ast-global-color-5)","background-image":"","background-repeat":"repeat","background-position":"center center","background-size":"auto","background-attachment":"scroll","background-type":"","background-media":"","overlay-type":"","overlay-color":"","overlay-opacity":"","overlay-gradient":""},"mobile":{"background-color":"var(--ast-global-color-5)","background-image":"","background-repeat":"repeat","background-position":"center center","background-size":"auto","background-attachment":"scroll","background-type":"","background-media":"","overlay-type":"","overlay-color":"","overlay-opacity":"","overlay-gradient":""}},"_joinchat":[]},"product_brand":[],"product_cat":[141],"product_tag":[289,274,277,282,278,293,279,275,285,292,284,294,290,288,287,291,280,286,283,276,281],"class_list":{"0":"post-5049","1":"product","2":"type-product","3":"status-publish","4":"has-post-thumbnail","6":"product_cat-sex-meth","7":"product_tag-achat-securise-de-mdma","8":"product_tag-achetez-mdma","9":"product_tag-capsules-de-mdma","10":"product_tag-commandez-mdma-en-ligne","11":"product_tag-cristaux-de-mdma","12":"product_tag-fournisseur-authentique-de-mdma","13":"product_tag-fournisseurs-de-mdma-fiables","14":"product_tag-mdma-a-vendre","15":"product_tag-mdma-de-haute-qualite","16":"product_tag-mdma-disponible-immediatement","17":"product_tag-mdma-livraison-discrete","18":"product_tag-mdma-livraison-rapide","19":"product_tag-mdma-pour-raves","20":"product_tag-mdma-pour-recherche","21":"product_tag-mdma-pour-soirees","22":"product_tag-mdma-pure-a-vendre","23":"product_tag-mdma-pure-en-ligne","24":"product_tag-meilleurs-fournisseurs-de-mdma","25":"product_tag-ou-acheter-mdma","26":"product_tag-pilules-de-mdma","27":"product_tag-prix-de-la-mdma-par-gramme","28":"desktop-align-left","29":"tablet-align-left","30":"mobile-align-left","32":"first","33":"instock","34":"shipping-taxable","35":"purchasable","36":"product-type-variable"},"yoast_head":"<!-- This site is optimized with the Yoast SEO plugin v26.9 - https:\/\/yoast.com\/product\/yoast-seo-wordpress\/ -->\n<title>Achetez de la MDMA | Fournisseur Fiable sur GBlexprimer<\/title>\n<meta name=\"description\" content=\"Achetez de la MDMA en ligne sur GBlexprimer. MDMA de qualit\u00e9 sup\u00e9rieure : pilules, capsules, cristaux. Livraison rapide, paiement s\u00e9curis\u00e9, commandez maintenant !\" \/>\n<meta name=\"robots\" content=\"index, follow, max-snippet:-1, max-image-preview:large, max-video-preview:-1\" \/>\n<link rel=\"canonical\" href=\"https:\/\/gblexprimer.com\/pl\/produkt\/mdma-ekstaza\/\" \/>\n<meta property=\"og:locale\" content=\"pl_PL\" \/>\n<meta property=\"og:type\" content=\"article\" \/>\n<meta property=\"og:title\" content=\"Achetez de la MDMA | Fournisseur Fiable sur GBlexprimer\" \/>\n<meta property=\"og:description\" content=\"Achetez de la MDMA en ligne sur GBlexprimer. MDMA de qualit\u00e9 sup\u00e9rieure : pilules, capsules, cristaux. Livraison rapide, paiement s\u00e9curis\u00e9, commandez maintenant !\" \/>\n<meta property=\"og:url\" content=\"https:\/\/gblexprimer.com\/pl\/produkt\/mdma-ekstaza\/\" \/>\n<meta property=\"og:site_name\" content=\"GBL Exprimer\" \/>\n<meta property=\"article:modified_time\" content=\"2026-04-11T08:00:17+00:00\" \/>\n<meta property=\"og:image\" content=\"https:\/\/gblexprimer.com\/wp-content\/uploads\/2024\/11\/Mephedrone-MDMA-drug-rehabilitation-centre-South-Africa.jpg\" \/>\n\t<meta property=\"og:image:width\" content=\"615\" \/>\n\t<meta property=\"og:image:height\" content=\"409\" \/>\n\t<meta property=\"og:image:type\" content=\"image\/jpeg\" \/>\n<meta name=\"twitter:card\" content=\"summary_large_image\" \/>\n<meta name=\"twitter:label1\" content=\"Szacowany czas czytania\" \/>\n\t<meta name=\"twitter:data1\" content=\"4 minuty\" \/>\n<script type=\"application\/ld+json\" class=\"yoast-schema-graph\">{\"@context\":\"https:\/\/schema.org\",\"@graph\":[{\"@type\":\"WebPage\",\"@id\":\"https:\/\/gblexprimer.com\/product\/mdma-ekstaza\/\",\"url\":\"https:\/\/gblexprimer.com\/product\/mdma-ekstaza\/\",\"name\":\"Achetez de la MDMA | Fournisseur Fiable sur GBlexprimer\",\"isPartOf\":{\"@id\":\"https:\/\/gblexprimer.com\/#website\"},\"primaryImageOfPage\":{\"@id\":\"https:\/\/gblexprimer.com\/product\/mdma-ekstaza\/#primaryimage\"},\"image\":{\"@id\":\"https:\/\/gblexprimer.com\/product\/mdma-ekstaza\/#primaryimage\"},\"thumbnailUrl\":\"https:\/\/gblexprimer.com\/wp-content\/uploads\/2024\/11\/Mephedrone-MDMA-drug-rehabilitation-centre-South-Africa.jpg\",\"datePublished\":\"2024-11-26T06:13:53+00:00\",\"dateModified\":\"2026-04-11T08:00:17+00:00\",\"description\":\"Achetez de la MDMA en ligne sur GBlexprimer. MDMA de qualit\u00e9 sup\u00e9rieure : pilules, capsules, cristaux. Livraison rapide, paiement s\u00e9curis\u00e9, commandez maintenant !\",\"breadcrumb\":{\"@id\":\"https:\/\/gblexprimer.com\/product\/mdma-ekstaza\/#breadcrumb\"},\"inLanguage\":\"pl-PL\",\"potentialAction\":[{\"@type\":\"ReadAction\",\"target\":[\"https:\/\/gblexprimer.com\/product\/mdma-ekstaza\/\"]}]},{\"@type\":\"ImageObject\",\"inLanguage\":\"pl-PL\",\"@id\":\"https:\/\/gblexprimer.com\/product\/mdma-ekstaza\/#primaryimage\",\"url\":\"https:\/\/gblexprimer.com\/wp-content\/uploads\/2024\/11\/Mephedrone-MDMA-drug-rehabilitation-centre-South-Africa.jpg\",\"contentUrl\":\"https:\/\/gblexprimer.com\/wp-content\/uploads\/2024\/11\/Mephedrone-MDMA-drug-rehabilitation-centre-South-Africa.jpg\",\"width\":615,\"height\":409},{\"@type\":\"BreadcrumbList\",\"@id\":\"https:\/\/gblexprimer.com\/product\/mdma-ekstaza\/#breadcrumb\",\"itemListElement\":[{\"@type\":\"ListItem\",\"position\":1,\"name\":\"Home\",\"item\":\"https:\/\/gblexprimer.com\/\"},{\"@type\":\"ListItem\",\"position\":2,\"name\":\"Shop\",\"item\":\"https:\/\/gblexprimer.com\/shop\/\"},{\"@type\":\"ListItem\",\"position\":3,\"name\":\"MDMA (Ekstaza)\"}]},{\"@type\":\"WebSite\",\"@id\":\"https:\/\/gblexprimer.com\/#website\",\"url\":\"https:\/\/gblexprimer.com\/\",\"name\":\"GBL Exprimer\",\"description\":\"\",\"publisher\":{\"@id\":\"https:\/\/gblexprimer.com\/#organization\"},\"potentialAction\":[{\"@type\":\"SearchAction\",\"target\":{\"@type\":\"EntryPoint\",\"urlTemplate\":\"https:\/\/gblexprimer.com\/?s={search_term_string}\"},\"query-input\":{\"@type\":\"PropertyValueSpecification\",\"valueRequired\":true,\"valueName\":\"search_term_string\"}}],\"inLanguage\":\"pl-PL\"},{\"@type\":\"Organization\",\"@id\":\"https:\/\/gblexprimer.com\/#organization\",\"name\":\"GBL Exprimer\",\"url\":\"https:\/\/gblexprimer.com\/\",\"logo\":{\"@type\":\"ImageObject\",\"inLanguage\":\"pl-PL\",\"@id\":\"https:\/\/gblexprimer.com\/#\/schema\/logo\/image\/\",\"url\":\"https:\/\/gblexprimer.com\/wp-content\/uploads\/2024\/01\/logo.png\",\"contentUrl\":\"https:\/\/gblexprimer.com\/wp-content\/uploads\/2024\/01\/logo.png\",\"width\":220,\"height\":80,\"caption\":\"GBL Exprimer\"},\"image\":{\"@id\":\"https:\/\/gblexprimer.com\/#\/schema\/logo\/image\/\"}}]}<\/script>\n<!-- \/ Yoast SEO plugin. -->","yoast_head_json":{"title":"Kup MDMA | Niezawodny dostawca na GBlexprimer","description":"Kup MDMA online w GBlexprimer. Wysokiej jako\u015bci MDMA: tabletki, kapsu\u0142ki, kryszta\u0142y. Szybka dostawa, bezpieczna p\u0142atno\u015b\u0107, zam\u00f3w teraz!","robots":{"index":"index","follow":"follow","max-snippet":"max-snippet:-1","max-image-preview":"max-image-preview:large","max-video-preview":"max-video-preview:-1"},"canonical":"https:\/\/gblexprimer.com\/pl\/produkt\/mdma-ekstaza\/","og_locale":"pl_PL","og_type":"article","og_title":"Achetez de la MDMA | Fournisseur Fiable sur GBlexprimer","og_description":"Achetez de la MDMA en ligne sur GBlexprimer. MDMA de qualit\u00e9 sup\u00e9rieure : pilules, capsules, cristaux. Livraison rapide, paiement s\u00e9curis\u00e9, commandez maintenant !","og_url":"https:\/\/gblexprimer.com\/pl\/produkt\/mdma-ekstaza\/","og_site_name":"GBL Exprimer","article_modified_time":"2026-04-11T08:00:17+00:00","og_image":[{"width":615,"height":409,"url":"https:\/\/gblexprimer.com\/wp-content\/uploads\/2024\/11\/Mephedrone-MDMA-drug-rehabilitation-centre-South-Africa.jpg","type":"image\/jpeg"}],"twitter_card":"summary_large_image","twitter_misc":{"Szacowany czas czytania":"4 minuty"},"schema":{"@context":"https:\/\/schema.org","@graph":[{"@type":"WebPage","@id":"https:\/\/gblexprimer.com\/product\/mdma-ekstaza\/","url":"https:\/\/gblexprimer.com\/product\/mdma-ekstaza\/","name":"Kup MDMA | Niezawodny dostawca na GBlexprimer","isPartOf":{"@id":"https:\/\/gblexprimer.com\/#website"},"primaryImageOfPage":{"@id":"https:\/\/gblexprimer.com\/product\/mdma-ekstaza\/#primaryimage"},"image":{"@id":"https:\/\/gblexprimer.com\/product\/mdma-ekstaza\/#primaryimage"},"thumbnailUrl":"https:\/\/gblexprimer.com\/wp-content\/uploads\/2024\/11\/Mephedrone-MDMA-drug-rehabilitation-centre-South-Africa.jpg","datePublished":"2024-11-26T06:13:53+00:00","dateModified":"2026-04-11T08:00:17+00:00","description":"Kup MDMA online w GBlexprimer. Wysokiej jako\u015bci MDMA: tabletki, kapsu\u0142ki, kryszta\u0142y. Szybka dostawa, bezpieczna p\u0142atno\u015b\u0107, zam\u00f3w teraz!","breadcrumb":{"@id":"https:\/\/gblexprimer.com\/product\/mdma-ekstaza\/#breadcrumb"},"inLanguage":"pl-PL","potentialAction":[{"@type":"ReadAction","target":["https:\/\/gblexprimer.com\/product\/mdma-ekstaza\/"]}]},{"@type":"ImageObject","inLanguage":"pl-PL","@id":"https:\/\/gblexprimer.com\/product\/mdma-ekstaza\/#primaryimage","url":"https:\/\/gblexprimer.com\/wp-content\/uploads\/2024\/11\/Mephedrone-MDMA-drug-rehabilitation-centre-South-Africa.jpg","contentUrl":"https:\/\/gblexprimer.com\/wp-content\/uploads\/2024\/11\/Mephedrone-MDMA-drug-rehabilitation-centre-South-Africa.jpg","width":615,"height":409},{"@type":"BreadcrumbList","@id":"https:\/\/gblexprimer.com\/product\/mdma-ekstaza\/#breadcrumb","itemListElement":[{"@type":"ListItem","position":1,"name":"Home","item":"https:\/\/gblexprimer.com\/"},{"@type":"ListItem","position":2,"name":"Shop","item":"https:\/\/gblexprimer.com\/shop\/"},{"@type":"ListItem","position":3,"name":"MDMA (Ekstaza)"}]},{"@type":"WebSite","@id":"https:\/\/gblexprimer.com\/#website","url":"https:\/\/gblexprimer.com\/","name":"GBL Express","description":"","publisher":{"@id":"https:\/\/gblexprimer.com\/#organization"},"potentialAction":[{"@type":"SearchAction","target":{"@type":"EntryPoint","urlTemplate":"https:\/\/gblexprimer.com\/?s={search_term_string}"},"query-input":{"@type":"PropertyValueSpecification","valueRequired":true,"valueName":"search_term_string"}}],"inLanguage":"pl-PL"},{"@type":"Organization","@id":"https:\/\/gblexprimer.com\/#organization","name":"GBL Express","url":"https:\/\/gblexprimer.com\/","logo":{"@type":"ImageObject","inLanguage":"pl-PL","@id":"https:\/\/gblexprimer.com\/#\/schema\/logo\/image\/","url":"https:\/\/gblexprimer.com\/wp-content\/uploads\/2024\/01\/logo.png","contentUrl":"https:\/\/gblexprimer.com\/wp-content\/uploads\/2024\/01\/logo.png","width":220,"height":80,"caption":"GBL Exprimer"},"image":{"@id":"https:\/\/gblexprimer.com\/#\/schema\/logo\/image\/"}}]}},"_links":{"self":[{"href":"https:\/\/gblexprimer.com\/pl\/wp-json\/wp\/v2\/product\/5049","targetHints":{"allow":["GET"]}}],"collection":[{"href":"https:\/\/gblexprimer.com\/pl\/wp-json\/wp\/v2\/product"}],"about":[{"href":"https:\/\/gblexprimer.com\/pl\/wp-json\/wp\/v2\/types\/product"}],"replies":[{"embeddable":true,"href":"https:\/\/gblexprimer.com\/pl\/wp-json\/wp\/v2\/comments?post=5049"}],"wp:featuredmedia":[{"embeddable":true,"href":"https:\/\/gblexprimer.com\/pl\/wp-json\/wp\/v2\/media\/5133"}],"wp:attachment":[{"href":"https:\/\/gblexprimer.com\/pl\/wp-json\/wp\/v2\/media?parent=5049"}],"wp:term":[{"taxonomy":"product_brand","embeddable":true,"href":"https:\/\/gblexprimer.com\/pl\/wp-json\/wp\/v2\/product_brand?post=5049"},{"taxonomy":"product_cat","embeddable":true,"href":"https:\/\/gblexprimer.com\/pl\/wp-json\/wp\/v2\/product_cat?post=5049"},{"taxonomy":"product_tag","embeddable":true,"href":"https:\/\/gblexprimer.com\/pl\/wp-json\/wp\/v2\/product_tag?post=5049"}],"curies":[{"name":"wp","href":"https:\/\/api.w.org\/{rel}","templated":true}]}}