{"id":5221,"date":"2025-02-02T00:33:12","date_gmt":"2025-02-02T00:33:12","guid":{"rendered":"https:\/\/gblexprimer.com\/?page_id=5221"},"modified":"2025-02-02T00:33:13","modified_gmt":"2025-02-02T00:33:13","slug":"o-que-e-o-ghb","status":"publish","type":"page","link":"https:\/\/gblexprimer.com\/pt\/o-que-e-o-ghb\/","title":{"rendered":"O que \u00e9 o GHB?"},"content":{"rendered":"<figure class=\"wp-block-image aligncenter size-full is-resized\"><img fetchpriority=\"high\" decoding=\"async\" width=\"225\" height=\"224\" src=\"https:\/\/gblexprimer.com\/wp-content\/uploads\/2025\/02\/Heaven-Pure-Ecstasy-12.jpeg\" alt=\"\" class=\"wp-image-5222\" style=\"width:225px;height:auto\" srcset=\"https:\/\/gblexprimer.com\/wp-content\/uploads\/2025\/02\/Heaven-Pure-Ecstasy-12.jpeg 225w, https:\/\/gblexprimer.com\/wp-content\/uploads\/2025\/02\/Heaven-Pure-Ecstasy-12-150x150.jpeg 150w, https:\/\/gblexprimer.com\/wp-content\/uploads\/2025\/02\/Heaven-Pure-Ecstasy-12-12x12.jpeg 12w, https:\/\/gblexprimer.com\/wp-content\/uploads\/2025\/02\/Heaven-Pure-Ecstasy-12-100x100.jpeg 100w\" sizes=\"(max-width: 225px) 100vw, 225px\" \/><\/figure>\n\n\n\n<p>O GHB (gama-hidroxibutirato) \u00e9 um l\u00edquido inodoro, incolor e com um sabor ligeiramente salgado. \u00c9 classificado como um sedativo e pertence \u00e0 mesma fam\u00edlia de drogas que o Rohypnol e a cetamina. O que \u00e9 o GHB? <a href=\"https:\/\/chemspowder.com\/es\/\">.<\/a><\/p>\n\n\n\n<p>O GHB \u00e9 utilizado como anest\u00e9sico geral na Europa. Nos Estados Unidos, a FDA aprovou o GHB para o tratamento da narcolepsia (uma perturba\u00e7\u00e3o do sono) em 2002. Esta aprova\u00e7\u00e3o foi acompanhada de restri\u00e7\u00f5es severas, incluindo a utiliza\u00e7\u00e3o de GHB apenas para o tratamento da narcolepsia e a obriga\u00e7\u00e3o de criar um registo de doentes controlado pela FDA.<a href=\"https:\/\/gblexprimer.com\/pt\/\">.<\/a><\/p>\n\n\n\n<p>O GHB tem sido utilizado neste pa\u00eds como uma droga de viola\u00e7\u00e3o: pode ser introduzido na bebida da v\u00edtima, causando tonturas, confus\u00e3o, sonol\u00eancia e, por vezes, perda de consci\u00eancia. Quando o GHB \u00e9 combinado com \u00e1lcool, \u00e9 particularmente perigoso, uma vez que a combina\u00e7\u00e3o dos dois depressores pode levar a uma overdose. Antes de o uso do GHB ser restringido, era comercializado para os culturistas como um produto que libertava a hormona do crescimento e aumentava a massa muscular. N\u00e3o h\u00e1 provas de que tal aconte\u00e7a. O GHB era tamb\u00e9m comercializado como suplemento \"\u00e0 base de plantas\" para ajudar a combater o sono e a depress\u00e3o.<\/p>\n\n\n\n<p>Os investigadores n\u00e3o sabem exatamente como o GHB afecta a neuroqu\u00edmica, mas \u00e9 considerado um sedativo muito potente, uma vez que pequenas doses podem ter efeitos graves, como a perda de consci\u00eancia. As provas sugerem que atravessa facilmente a barreira hemato-encef\u00e1lica, o mecanismo fisiol\u00f3gico que regula a liberta\u00e7\u00e3o de subst\u00e2ncias qu\u00edmicas e nutrientes no c\u00e9rebro. Por conseguinte, tem a capacidade de atuar diretamente no c\u00e9rebro de uma forma que outras drogas n\u00e3o t\u00eam.<\/p>\n\n\n\n<h3 class=\"wp-block-heading\">Como \u00e9 que o GHB \u00e9 utilizado?<\/h3>\n\n\n\n<p>O GHB \u00e9 geralmente tomado sob a forma l\u00edquida, mas por vezes pode ser encontrado em p\u00f3, comprimidos ou c\u00e1psulas. Dado que o GHB na forma l\u00edquida varia em for\u00e7a e as pessoas reagem de forma diferente, \u00e9 muito f\u00e1cil tomar uma dose perigosa da droga. Os efeitos da droga come\u00e7am 10 a 20 minutos ap\u00f3s a sua ingest\u00e3o e duram at\u00e9 4 horas.<\/p>\n\n\n\n<h2 class=\"wp-block-heading\">Porque \u00e9 que as pessoas tomam GHB?<\/h2>\n\n\n\n<p>O GHB pode produzir alucina\u00e7\u00f5es e sensa\u00e7\u00f5es de relaxamento e euforia. As pessoas que consomem GHB tamb\u00e9m referem um aumento de energia, sentimentos de afeto e sociabilidade, uma ligeira desinibi\u00e7\u00e3o e uma melhor experi\u00eancia sexual.<\/p>\n\n\n\n<h3 class=\"wp-block-heading\">Existem riscos a curto prazo associados \u00e0 toma de GHB?<\/h3>\n\n\n\n<p>Os riscos para a sa\u00fade incluem n\u00e1useas, perda de coordena\u00e7\u00e3o, dificuldade de concentra\u00e7\u00e3o e perda do reflexo de v\u00f3mito. Como as doses s\u00e3o dif\u00edceis de quantificar, a sobredosagem pode ocorrer muito facilmente, sobretudo quando combinada com \u00e1lcool. Os sinais de alerta de uma overdose de GHB podem ser os seguintes<\/p>\n\n\n\n<p>V\u00f3mitos<br>Dores de cabe\u00e7a intensas<br>Respira\u00e7\u00e3o e ritmo card\u00edaco muito lentos<br>Sintomas de abstin\u00eancia como ins\u00f3nia, ansiedade, tremores e suores<br>perda de mem\u00f3ria<br>Dificuldades respirat\u00f3rias<br>Perda de consci\u00eancia<\/p>\n\n\n\n<p>Devido ao risco de overdose, o GHB \u00e9 talvez a droga de discoteca mais perigosa em termos de consequ\u00eancias imediatas. O GHB causou 73 mortes desde 1995. O n\u00famero de admiss\u00f5es de emerg\u00eancia devido ao GHB quase quadruplicou a n\u00edvel nacional entre 1998 e 2000, com 4 969 casos registados.<\/p>\n\n\n\n<p>Como o GHB deixa o corpo com relativa rapidez, n\u00e3o \u00e9 facilmente detectado por testes m\u00e9dicos. \u00c9 importante informar um profissional de sa\u00fade de que tomou GHB para que possa receber a ajuda m\u00e9dica adequada.<\/p>\n\n\n\n<p>O GHB pode facilmente entrar na bebida de uma pessoa sem ser detectado. Se come\u00e7ar a sentir sintomas que n\u00e3o t\u00eam nada a ver com o que est\u00e1 a beber, procure ajuda imediatamente.<\/p>\n\n\n\n<p>Lembra-te que as drogas ilegais s\u00e3o produzidas em laborat\u00f3rios clandestinos e nunca podes ter a certeza do que cont\u00e9m a droga ou da sua pot\u00eancia. Fazer GHB a partir de uma receita tamb\u00e9m \u00e9 extremamente perigoso, pois v\u00e1rias pessoas que n\u00e3o formularam o GHB corretamente queimaram a boca, a garganta e o es\u00f3fago com o que era essencialmente um composto \u00e1cido.<\/p>\n\n\n\n<h4 class=\"wp-block-heading\">O GHB causa depend\u00eancia?<\/h4>\n\n\n\n<p>O uso repetido de GHB pode provocar efeitos de abstin\u00eancia, incluindo ins\u00f3nia, ansiedade e tremores. A experi\u00eancia de abstin\u00eancia \u00e9 um dos sinais de depend\u00eancia. N\u00e3o existem muitas estat\u00edsticas sobre o abuso de GHB, mas as informa\u00e7\u00f5es dispon\u00edveis sugerem que o abuso de GHB est\u00e1 a aumentar. Foram registados v\u00e1rios casos de depend\u00eancia de GHB e parece que, uma vez dependente, \u00e9 mais dif\u00edcil deixar de consumir GHB do que coca\u00edna ou hero\u00edna. As op\u00e7\u00f5es de tratamento continuam a ser limitadas. Devido \u00e0 gravidade dos sintomas de abstin\u00eancia do GHB, \u00e9 imperativo procurar ajuda profissional durante a desintoxica\u00e7\u00e3o. A abstin\u00eancia pode incluir del\u00edrio, desorienta\u00e7\u00e3o e alucina\u00e7\u00f5es, que podem durar at\u00e9 duas semanas O que \u00e9 o GHB.<\/p>\n\n\n\n<h4 class=\"wp-block-heading\">O GHB \u00e9 ilegal?<\/h4>\n\n\n\n<p>O uso de GHB s\u00f3 \u00e9 legal quando prescrito a uma pessoa para o tratamento da narcolepsia. Outros tipos de posse, utiliza\u00e7\u00e3o, fabrico e venda s\u00e3o pun\u00edveis com penas de pris\u00e3o pesadas, multas e ac\u00e7\u00f5es disciplinares na UCSC.<\/p>\n\n\n\n<p>Como posso ajudar um amigo com problemas de droga?<br>Se est\u00e1 preocupado com o consumo de drogas ou \u00e1lcool de um amigo, esta p\u00e1gina cont\u00e9m informa\u00e7\u00f5es \u00fateis sobre as v\u00e1rias formas de o ajudar, O que \u00e9 o GHB.<\/p>","protected":false},"excerpt":{"rendered":"<p>Le GHB (gamma hydroxybutyrate) est un liquide inodore et incolore au go\u00fbt l\u00e9g\u00e8rement sal\u00e9. Il est class\u00e9 parmi les s\u00e9datifs et appartient \u00e0 la m\u00eame famille de m\u00e9dicaments que le Rohypnol et la k\u00e9tamine, Qu&rsquo;est-ce que le GHB . Le GHB est utilis\u00e9 comme anesth\u00e9sique g\u00e9n\u00e9ral en Europe. Aux \u00c9tats-Unis, la FDA a approuv\u00e9 le [&hellip;]<\/p>","protected":false},"author":1,"featured_media":0,"parent":0,"menu_order":0,"comment_status":"closed","ping_status":"closed","template":"","meta":{"site-sidebar-layout":"default","site-content-layout":"","ast-site-content-layout":"","site-content-style":"default","site-sidebar-style":"default","ast-global-header-display":"","ast-banner-title-visibility":"","ast-main-header-display":"","ast-hfb-above-header-display":"","ast-hfb-below-header-display":"","ast-hfb-mobile-header-display":"","site-post-title":"","ast-breadcrumbs-content":"","ast-featured-img":"","footer-sml-layout":"","theme-transparent-header-meta":"","adv-header-id-meta":"","stick-header-meta":"","header-above-stick-meta":"","header-main-stick-meta":"","header-below-stick-meta":"","astra-migrate-meta-layouts":"default","ast-page-background-enabled":"default","ast-page-background-meta":{"desktop":{"background-color":"","background-image":"","background-repeat":"repeat","background-position":"center center","background-size":"auto","background-attachment":"scroll","background-type":"","background-media":"","overlay-type":"","overlay-color":"","overlay-opacity":"","overlay-gradient":""},"tablet":{"background-color":"","background-image":"","background-repeat":"repeat","background-position":"center center","background-size":"auto","background-attachment":"scroll","background-type":"","background-media":"","overlay-type":"","overlay-color":"","overlay-opacity":"","overlay-gradient":""},"mobile":{"background-color":"","background-image":"","background-repeat":"repeat","background-position":"center center","background-size":"auto","background-attachment":"scroll","background-type":"","background-media":"","overlay-type":"","overlay-color":"","overlay-opacity":"","overlay-gradient":""}},"ast-content-background-meta":{"desktop":{"background-color":"var(--ast-global-color-5)","background-image":"","background-repeat":"repeat","background-position":"center center","background-size":"auto","background-attachment":"scroll","background-type":"","background-media":"","overlay-type":"","overlay-color":"","overlay-opacity":"","overlay-gradient":""},"tablet":{"background-color":"var(--ast-global-color-5)","background-image":"","background-repeat":"repeat","background-position":"center center","background-size":"auto","background-attachment":"scroll","background-type":"","background-media":"","overlay-type":"","overlay-color":"","overlay-opacity":"","overlay-gradient":""},"mobile":{"background-color":"var(--ast-global-color-5)","background-image":"","background-repeat":"repeat","background-position":"center center","background-size":"auto","background-attachment":"scroll","background-type":"","background-media":"","overlay-type":"","overlay-color":"","overlay-opacity":"","overlay-gradient":""}},"_joinchat":[],"footnotes":""},"class_list":["post-5221","page","type-page","status-publish","hentry"],"yoast_head":"<!-- This site is optimized with the Yoast SEO plugin v26.9 - https:\/\/yoast.com\/product\/yoast-seo-wordpress\/ -->\n<title>Qu&#039;est-ce que le GHB - GHB (gamma hydroxybutyrate)<\/title>\n<meta name=\"description\" content=\"Qu&#039;est-ce que le GHB , La consommation r\u00e9p\u00e9t\u00e9e de GHB peut entra\u00eener des effets de sevrage, notamment l&#039;insomnie, l&#039;anxi\u00e9t\u00e9 et les tremblements. L&#039;exp\u00e9rience du sevrage est l&#039;un des signes de la d\u00e9pendance.\" \/>\n<meta name=\"robots\" content=\"index, follow, max-snippet:-1, max-image-preview:large, max-video-preview:-1\" \/>\n<link rel=\"canonical\" href=\"https:\/\/gblexprimer.com\/pt\/o-que-e-o-ghb\/\" \/>\n<meta property=\"og:locale\" content=\"pt_PT\" \/>\n<meta property=\"og:type\" content=\"article\" \/>\n<meta property=\"og:title\" content=\"Qu&#039;est-ce que le GHB - GHB (gamma hydroxybutyrate)\" \/>\n<meta property=\"og:description\" content=\"Qu&#039;est-ce que le GHB , La consommation r\u00e9p\u00e9t\u00e9e de GHB peut entra\u00eener des effets de sevrage, notamment l&#039;insomnie, l&#039;anxi\u00e9t\u00e9 et les tremblements. L&#039;exp\u00e9rience du sevrage est l&#039;un des signes de la d\u00e9pendance.\" \/>\n<meta property=\"og:url\" content=\"https:\/\/gblexprimer.com\/pt\/o-que-e-o-ghb\/\" \/>\n<meta property=\"og:site_name\" content=\"GBL Exprimer\" \/>\n<meta property=\"article:modified_time\" content=\"2025-02-02T00:33:13+00:00\" \/>\n<meta property=\"og:image\" content=\"https:\/\/gblexprimer.com\/wp-content\/uploads\/2025\/02\/Heaven-Pure-Ecstasy-12.jpeg\" \/>\n<meta name=\"twitter:card\" content=\"summary_large_image\" \/>\n<meta name=\"twitter:label1\" content=\"Tempo estimado de leitura\" \/>\n\t<meta name=\"twitter:data1\" content=\"5 minutos\" \/>\n<script type=\"application\/ld+json\" class=\"yoast-schema-graph\">{\"@context\":\"https:\/\/schema.org\",\"@graph\":[{\"@type\":\"WebPage\",\"@id\":\"https:\/\/gblexprimer.com\/quest-ce-que-le-ghb\/\",\"url\":\"https:\/\/gblexprimer.com\/quest-ce-que-le-ghb\/\",\"name\":\"Qu'est-ce que le GHB - GHB (gamma hydroxybutyrate)\",\"isPartOf\":{\"@id\":\"https:\/\/gblexprimer.com\/#website\"},\"primaryImageOfPage\":{\"@id\":\"https:\/\/gblexprimer.com\/quest-ce-que-le-ghb\/#primaryimage\"},\"image\":{\"@id\":\"https:\/\/gblexprimer.com\/quest-ce-que-le-ghb\/#primaryimage\"},\"thumbnailUrl\":\"https:\/\/gblexprimer.com\/wp-content\/uploads\/2025\/02\/Heaven-Pure-Ecstasy-12.jpeg\",\"datePublished\":\"2025-02-02T00:33:12+00:00\",\"dateModified\":\"2025-02-02T00:33:13+00:00\",\"description\":\"Qu'est-ce que le GHB , La consommation r\u00e9p\u00e9t\u00e9e de GHB peut entra\u00eener des effets de sevrage, notamment l'insomnie, l'anxi\u00e9t\u00e9 et les tremblements. L'exp\u00e9rience du sevrage est l'un des signes de la d\u00e9pendance.\",\"breadcrumb\":{\"@id\":\"https:\/\/gblexprimer.com\/quest-ce-que-le-ghb\/#breadcrumb\"},\"inLanguage\":\"pt-PT\",\"potentialAction\":[{\"@type\":\"ReadAction\",\"target\":[\"https:\/\/gblexprimer.com\/quest-ce-que-le-ghb\/\"]}]},{\"@type\":\"ImageObject\",\"inLanguage\":\"pt-PT\",\"@id\":\"https:\/\/gblexprimer.com\/quest-ce-que-le-ghb\/#primaryimage\",\"url\":\"https:\/\/gblexprimer.com\/wp-content\/uploads\/2025\/02\/Heaven-Pure-Ecstasy-12.jpeg\",\"contentUrl\":\"https:\/\/gblexprimer.com\/wp-content\/uploads\/2025\/02\/Heaven-Pure-Ecstasy-12.jpeg\"},{\"@type\":\"BreadcrumbList\",\"@id\":\"https:\/\/gblexprimer.com\/quest-ce-que-le-ghb\/#breadcrumb\",\"itemListElement\":[{\"@type\":\"ListItem\",\"position\":1,\"name\":\"Home\",\"item\":\"https:\/\/gblexprimer.com\/\"},{\"@type\":\"ListItem\",\"position\":2,\"name\":\"Qu&#8217;est-ce que le GHB ?\"}]},{\"@type\":\"WebSite\",\"@id\":\"https:\/\/gblexprimer.com\/#website\",\"url\":\"https:\/\/gblexprimer.com\/\",\"name\":\"GBL Exprimer\",\"description\":\"\",\"publisher\":{\"@id\":\"https:\/\/gblexprimer.com\/#organization\"},\"potentialAction\":[{\"@type\":\"SearchAction\",\"target\":{\"@type\":\"EntryPoint\",\"urlTemplate\":\"https:\/\/gblexprimer.com\/?s={search_term_string}\"},\"query-input\":{\"@type\":\"PropertyValueSpecification\",\"valueRequired\":true,\"valueName\":\"search_term_string\"}}],\"inLanguage\":\"pt-PT\"},{\"@type\":\"Organization\",\"@id\":\"https:\/\/gblexprimer.com\/#organization\",\"name\":\"GBL Exprimer\",\"url\":\"https:\/\/gblexprimer.com\/\",\"logo\":{\"@type\":\"ImageObject\",\"inLanguage\":\"pt-PT\",\"@id\":\"https:\/\/gblexprimer.com\/#\/schema\/logo\/image\/\",\"url\":\"https:\/\/gblexprimer.com\/wp-content\/uploads\/2024\/01\/logo.png\",\"contentUrl\":\"https:\/\/gblexprimer.com\/wp-content\/uploads\/2024\/01\/logo.png\",\"width\":220,\"height\":80,\"caption\":\"GBL Exprimer\"},\"image\":{\"@id\":\"https:\/\/gblexprimer.com\/#\/schema\/logo\/image\/\"}}]}<\/script>\n<!-- \/ Yoast SEO plugin. -->","yoast_head_json":{"title":"O que \u00e9 o GHB - GHB (gama-hidroxibutirato)","description":"O que \u00e9 o GHB , A utiliza\u00e7\u00e3o repetida de GHB pode provocar efeitos de abstin\u00eancia, incluindo ins\u00f3nias, ansiedade e tremores. A experi\u00eancia de abstin\u00eancia \u00e9 um dos sinais de depend\u00eancia.","robots":{"index":"index","follow":"follow","max-snippet":"max-snippet:-1","max-image-preview":"max-image-preview:large","max-video-preview":"max-video-preview:-1"},"canonical":"https:\/\/gblexprimer.com\/pt\/o-que-e-o-ghb\/","og_locale":"pt_PT","og_type":"article","og_title":"Qu'est-ce que le GHB - GHB (gamma hydroxybutyrate)","og_description":"Qu'est-ce que le GHB , La consommation r\u00e9p\u00e9t\u00e9e de GHB peut entra\u00eener des effets de sevrage, notamment l'insomnie, l'anxi\u00e9t\u00e9 et les tremblements. L'exp\u00e9rience du sevrage est l'un des signes de la d\u00e9pendance.","og_url":"https:\/\/gblexprimer.com\/pt\/o-que-e-o-ghb\/","og_site_name":"GBL Exprimer","article_modified_time":"2025-02-02T00:33:13+00:00","og_image":[{"url":"https:\/\/gblexprimer.com\/wp-content\/uploads\/2025\/02\/Heaven-Pure-Ecstasy-12.jpeg","type":"","width":"","height":""}],"twitter_card":"summary_large_image","twitter_misc":{"Tempo estimado de leitura":"5 minutos"},"schema":{"@context":"https:\/\/schema.org","@graph":[{"@type":"WebPage","@id":"https:\/\/gblexprimer.com\/quest-ce-que-le-ghb\/","url":"https:\/\/gblexprimer.com\/quest-ce-que-le-ghb\/","name":"O que \u00e9 o GHB - GHB (gama-hidroxibutirato)","isPartOf":{"@id":"https:\/\/gblexprimer.com\/#website"},"primaryImageOfPage":{"@id":"https:\/\/gblexprimer.com\/quest-ce-que-le-ghb\/#primaryimage"},"image":{"@id":"https:\/\/gblexprimer.com\/quest-ce-que-le-ghb\/#primaryimage"},"thumbnailUrl":"https:\/\/gblexprimer.com\/wp-content\/uploads\/2025\/02\/Heaven-Pure-Ecstasy-12.jpeg","datePublished":"2025-02-02T00:33:12+00:00","dateModified":"2025-02-02T00:33:13+00:00","description":"O que \u00e9 o GHB , A utiliza\u00e7\u00e3o repetida de GHB pode provocar efeitos de abstin\u00eancia, incluindo ins\u00f3nias, ansiedade e tremores. A experi\u00eancia de abstin\u00eancia \u00e9 um dos sinais de depend\u00eancia.","breadcrumb":{"@id":"https:\/\/gblexprimer.com\/quest-ce-que-le-ghb\/#breadcrumb"},"inLanguage":"pt-PT","potentialAction":[{"@type":"ReadAction","target":["https:\/\/gblexprimer.com\/quest-ce-que-le-ghb\/"]}]},{"@type":"ImageObject","inLanguage":"pt-PT","@id":"https:\/\/gblexprimer.com\/quest-ce-que-le-ghb\/#primaryimage","url":"https:\/\/gblexprimer.com\/wp-content\/uploads\/2025\/02\/Heaven-Pure-Ecstasy-12.jpeg","contentUrl":"https:\/\/gblexprimer.com\/wp-content\/uploads\/2025\/02\/Heaven-Pure-Ecstasy-12.jpeg"},{"@type":"BreadcrumbList","@id":"https:\/\/gblexprimer.com\/quest-ce-que-le-ghb\/#breadcrumb","itemListElement":[{"@type":"ListItem","position":1,"name":"Home","item":"https:\/\/gblexprimer.com\/"},{"@type":"ListItem","position":2,"name":"Qu&#8217;est-ce que le GHB ?"}]},{"@type":"WebSite","@id":"https:\/\/gblexprimer.com\/#website","url":"https:\/\/gblexprimer.com\/","name":"GBL Express","description":"","publisher":{"@id":"https:\/\/gblexprimer.com\/#organization"},"potentialAction":[{"@type":"SearchAction","target":{"@type":"EntryPoint","urlTemplate":"https:\/\/gblexprimer.com\/?s={search_term_string}"},"query-input":{"@type":"PropertyValueSpecification","valueRequired":true,"valueName":"search_term_string"}}],"inLanguage":"pt-PT"},{"@type":"Organization","@id":"https:\/\/gblexprimer.com\/#organization","name":"GBL Express","url":"https:\/\/gblexprimer.com\/","logo":{"@type":"ImageObject","inLanguage":"pt-PT","@id":"https:\/\/gblexprimer.com\/#\/schema\/logo\/image\/","url":"https:\/\/gblexprimer.com\/wp-content\/uploads\/2024\/01\/logo.png","contentUrl":"https:\/\/gblexprimer.com\/wp-content\/uploads\/2024\/01\/logo.png","width":220,"height":80,"caption":"GBL Exprimer"},"image":{"@id":"https:\/\/gblexprimer.com\/#\/schema\/logo\/image\/"}}]}},"_links":{"self":[{"href":"https:\/\/gblexprimer.com\/pt\/wp-json\/wp\/v2\/pages\/5221","targetHints":{"allow":["GET"]}}],"collection":[{"href":"https:\/\/gblexprimer.com\/pt\/wp-json\/wp\/v2\/pages"}],"about":[{"href":"https:\/\/gblexprimer.com\/pt\/wp-json\/wp\/v2\/types\/page"}],"author":[{"embeddable":true,"href":"https:\/\/gblexprimer.com\/pt\/wp-json\/wp\/v2\/users\/1"}],"replies":[{"embeddable":true,"href":"https:\/\/gblexprimer.com\/pt\/wp-json\/wp\/v2\/comments?post=5221"}],"version-history":[{"count":1,"href":"https:\/\/gblexprimer.com\/pt\/wp-json\/wp\/v2\/pages\/5221\/revisions"}],"predecessor-version":[{"id":5223,"href":"https:\/\/gblexprimer.com\/pt\/wp-json\/wp\/v2\/pages\/5221\/revisions\/5223"}],"wp:attachment":[{"href":"https:\/\/gblexprimer.com\/pt\/wp-json\/wp\/v2\/media?parent=5221"}],"curies":[{"name":"wp","href":"https:\/\/api.w.org\/{rel}","templated":true}]}}