{"id":17,"date":"2023-12-26T07:26:40","date_gmt":"2023-12-26T07:26:40","guid":{"rendered":"https:\/\/cannasmed.com\/gbl\/?post_type=product&#038;p=17"},"modified":"2026-04-16T05:58:23","modified_gmt":"2026-04-16T05:58:23","slug":"-2","status":"publish","type":"product","link":"https:\/\/gblexprimer.com\/pt\/produto\/-2\/","title":{"rendered":"Ritalin online shopping"},"content":{"rendered":"<h2>Ritalin online shopping<\/h2>\n<p data-start=\"134\" data-end=\"512\">Para uso p\u00fablico, o metilfenidato \u00e9 vendido sob a forma de comprimidos. <a href=\"https:\/\/gblexprimer.com\/pt\/produto\/-2\/\"><strong data-start=\"211\" data-end=\"234\">comprim\u00e9 de Ritalin<\/strong><\/a>. Este medicamento faz maravilhas para tratar os sintomas da TDAH. No entanto, os comprimidos de Ritalina 20 mg (metilfenidato) s\u00e3o por vezes prescritos por profissionais de sa\u00fade como tratamento n\u00e3o autorizado para a doen\u00e7a de Parkinson e para a depress\u00e3o.<\/p>\n<p data-start=\"514\" data-end=\"1006\">Le <a href=\"https:\/\/gblexprimer.com\/pt\/\"><strong data-start=\"517\" data-end=\"536\">metilfenidato<\/strong><\/a> \u00e9 um medicamento que actua como estimulante nervoso central, ajudando a aumentar os n\u00edveis de dopamina no c\u00e9rebro. Este neurotransmissor, a dopamina, promove emo\u00e7\u00f5es de impulso e zelo. Isto sugere que n\u00edveis mais elevados de dopamina podem melhorar a concentra\u00e7\u00e3o, facilitar as tarefas di\u00e1rias e aliviar outros sintomas associados \u00e0 PHDA.<\/p>\n<p data-start=\"1020\" data-end=\"1366\">O metilfenidato est\u00e1 dispon\u00edvel sob a forma de comprimidos mastig\u00e1veis, comprimidos mastig\u00e1veis de liberta\u00e7\u00e3o prolongada, comprimidos de desintegra\u00e7\u00e3o oral de liberta\u00e7\u00e3o prolongada e c\u00e1psulas de liberta\u00e7\u00e3o prolongada. Por vezes, \u00e9 comercializado sob outras designa\u00e7\u00f5es comerciais para al\u00e9m de Ritalin, como buy methylphenidate.<\/p>\n<h3 data-start=\"1368\" data-end=\"1406\">Porqu\u00ea comprar Ritalin online?<\/h3>\n<p data-start=\"1408\" data-end=\"1541\">Embora existam muitos benef\u00edcios em comprar Ritalina online, aqui est\u00e3o alguns dos mais importantes e comuns:<\/p>\n<p data-start=\"1543\" data-end=\"2023\">Os medicamentos aprovados pela FDA podem ser adquiridos online sem <strong><a href=\"https:\/\/www.drugs.com\/ritalin.html\">prescri\u00e7\u00e3o m\u00e9dica<\/a><\/strong>. Embora seja um medicamento legal, a Ritalina \u00e9 dif\u00edcil de encontrar nas farm\u00e1cias. Se a sua agenda preenchida o impede de obter a recomenda\u00e7\u00e3o de um m\u00e9dico a tempo de obter este medicamento, a melhor coisa a fazer \u00e9 comprar Ritalin online. Poupa dinheiro e tempo crucial quando o compra online. Compre Ritalin sem receita m\u00e9dica online.<\/p>\n<p data-start=\"2025\" data-end=\"2487\">Outra vantagem de comprar Ritalina online \u00e9 que o pre\u00e7o \u00e9 significativamente inferior ao dos comprimidos de Ritalina encontrados nas lojas. <strong><a href=\"https:\/\/en.wikipedia.org\/wiki\/Methylphenidate\">farm\u00e1cias de bairro<\/a><\/strong>\u00e9 que o pre\u00e7o \u00e9 significativamente mais baixo do que o dos comprimidos de Ritalina encontrados nas farm\u00e1cias locais. A raz\u00e3o pela qual os comprimidos comprados online s\u00e3o t\u00e3o baratos n\u00e3o \u00e9 o facto de serem de m\u00e1 qualidade, mas sim o facto de as farm\u00e1cias online poderem oferecer estes medicamentos a um custo reduzido, uma vez que n\u00e3o est\u00e3o sujeitos a quaisquer encargos adicionais.<\/p>\n<h3 data-start=\"2489\" data-end=\"2552\">\u00c9 poss\u00edvel comprar Ritalin online sem receita m\u00e9dica?<\/h3>\n<p data-start=\"2554\" data-end=\"2946\">Pode obter Ritalin online sem receita m\u00e9dica. Basta efetuar a sua encomenda e preencher os dados de pagamento no nosso site. Os seus comprimidos de Ritalin ser\u00e3o entregues no prazo de um ou dois dias. Estes medicamentos s\u00e3o t\u00e3o bons e eficazes como os que obt\u00e9m na sua farm\u00e1cia local. Compre Ritalin sem receita m\u00e9dica online.<\/p>\n<p data-start=\"2948\" data-end=\"3267\">Efeitos secund\u00e1rios do metilfenidato, utiliza\u00e7\u00e3o segura, depend\u00eancia de estimulantes, precau\u00e7\u00f5es de utiliza\u00e7\u00e3o, sobredosagem de metilfenidato, riscos da Ritalina e <a href=\"https:\/\/gblexprimer.com\/pt\/produto\/buy-alprazolam-powder-100g-online\/\"><strong data-start=\"3125\" data-end=\"3157\">uso respons\u00e1vel de medicamentos<\/strong><\/a> s\u00e3o todos pontos a ter em conta para beneficiar plenamente dos benef\u00edcios deste psicoestimulante.<\/p>\n<p>Metilina<\/p>\n<p>Concerto<\/p>\n<p>Metadados ER<\/p>\n<p>Servi\u00e7o de Urg\u00eancia de Quillichew<\/p>\n<p>Quillivant<\/p>\n<p>Aptens\u00e3o<\/p>\n<p>Cotempla XR-OTD<\/p>\n<p>Adhansie<\/p>\n<p>Todos estes medicamentos s\u00e3o aprovados por especialistas para utiliza\u00e7\u00e3o p\u00fablica. <a href=\"https:\/\/gblexprimer.com\/pt\/produto\/-2\/\"><strong>Favoritos do cliente<\/strong><\/a><\/p>","protected":false},"excerpt":{"rendered":"<p>Achats en ligne Ritalin Pour un usage public, le m\u00e9thylph\u00e9nidate est vendu sous l\u2019apparence d\u2019un comprim\u00e9 de Ritalin. Ce m\u00e9dicament TDAH fait des merveilles pour traiter les sympt\u00f4mes du TDAH. N\u00e9anmoins, les Ritalin 20 mg (comprim\u00e9s de Ritalin) sont parfois prescrits par les professionnels de la sant\u00e9 comme traitement non autoris\u00e9 de la maladie de [&hellip;]<\/p>","protected":false},"featured_media":105,"comment_status":"open","ping_status":"closed","template":"","meta":{"site-sidebar-layout":"default","site-content-layout":"","ast-site-content-layout":"default","site-content-style":"default","site-sidebar-style":"default","ast-global-header-display":"","ast-banner-title-visibility":"","ast-main-header-display":"","ast-hfb-above-header-display":"","ast-hfb-below-header-display":"","ast-hfb-mobile-header-display":"","site-post-title":"","ast-breadcrumbs-content":"","ast-featured-img":"","footer-sml-layout":"","theme-transparent-header-meta":"default","adv-header-id-meta":"","stick-header-meta":"","header-above-stick-meta":"","header-main-stick-meta":"","header-below-stick-meta":"","astra-migrate-meta-layouts":"set","ast-page-background-enabled":"default","ast-page-background-meta":{"desktop":{"background-color":"","background-image":"","background-repeat":"repeat","background-position":"center center","background-size":"auto","background-attachment":"scroll","background-type":"","background-media":"","overlay-type":"","overlay-color":"","overlay-opacity":"","overlay-gradient":""},"tablet":{"background-color":"","background-image":"","background-repeat":"repeat","background-position":"center center","background-size":"auto","background-attachment":"scroll","background-type":"","background-media":"","overlay-type":"","overlay-color":"","overlay-opacity":"","overlay-gradient":""},"mobile":{"background-color":"","background-image":"","background-repeat":"repeat","background-position":"center center","background-size":"auto","background-attachment":"scroll","background-type":"","background-media":"","overlay-type":"","overlay-color":"","overlay-opacity":"","overlay-gradient":""}},"ast-content-background-meta":{"desktop":{"background-color":"var(--ast-global-color-5)","background-image":"","background-repeat":"repeat","background-position":"center center","background-size":"auto","background-attachment":"scroll","background-type":"","background-media":"","overlay-type":"","overlay-color":"","overlay-opacity":"","overlay-gradient":""},"tablet":{"background-color":"var(--ast-global-color-5)","background-image":"","background-repeat":"repeat","background-position":"center center","background-size":"auto","background-attachment":"scroll","background-type":"","background-media":"","overlay-type":"","overlay-color":"","overlay-opacity":"","overlay-gradient":""},"mobile":{"background-color":"var(--ast-global-color-5)","background-image":"","background-repeat":"repeat","background-position":"center center","background-size":"auto","background-attachment":"scroll","background-type":"","background-media":"","overlay-type":"","overlay-color":"","overlay-opacity":"","overlay-gradient":""}},"_joinchat":[]},"product_brand":[],"product_cat":[45],"product_tag":[46,47,48,49,50,51,52,53,54,55,56,57,58,59,60,61,62,63,64,65,66,67,68,69,70,71,72,73,74,75,76,77,78,79,80,81,82,83],"class_list":{"0":"post-17","1":"product","2":"type-product","3":"status-publish","4":"has-post-thumbnail","6":"product_cat-ritalin","7":"product_tag-adhd-methylphenidat","8":"product_tag-einnahme-von-ritalin","9":"product_tag-goodrx-methylphenidat","10":"product_tag-gunstiges-ritalin-online-kaufen","11":"product_tag-kein-rx-ritalin","12":"product_tag-konnen-sie-bekommen-rezeptfreie-adhs-medikamente","13":"product_tag-konnen-sie-ritalin-ohne-rezept-kaufen","14":"product_tag-konnen-sie-ritalin-rezeptfrei-in-grosbritannien-kaufen","15":"product_tag-konnen-sie-sich-ritalin-online-verschreiben-lassen","16":"product_tag-methylphenidat","17":"product_tag-methylphenidat-mg","18":"product_tag-methylphenidat-online","19":"product_tag-methylphenidat-online-kaufen","20":"product_tag-methylphenidat-online-ohne-rezept-kaufen","21":"product_tag-methylphenidat-zum-online-verkauf","22":"product_tag-methylphenidat-zum-verkauf","23":"product_tag-methylphenidat-kosten","24":"product_tag-methylphenidat-preis","25":"product_tag-methylphenidat-rezept","26":"product_tag-ritalin","27":"product_tag-ritalin-10-mg","28":"product_tag-ritalin-adh","29":"product_tag-ritalin-fur-erwachsene","30":"product_tag-ritalin-ohne-rezept-kaufen","31":"product_tag-ritalin-online","32":"product_tag-ritalin-online-mit-nachtlieferung-kaufen","33":"product_tag-ritalin-online-ohne-rezept","34":"product_tag-ritalin-und-adh","35":"product_tag-ritalin-zum-verkauf","36":"product_tag-ritalin-zum-verkauf-in-den-usa","37":"product_tag-ritalin-zum-verkauf-online","38":"product_tag-ritalin-kosten","39":"product_tag-ritalin-medikamente","40":"product_tag-ritalin-pille","41":"product_tag-ritalin-preis","42":"product_tag-ritalin-rezept","43":"product_tag-so-bestellen-sie-ritalin-online","44":"product_tag-welche-rezeptfreien-medikamente-helfen-bei-adhs","45":"desktop-align-left","46":"tablet-align-left","47":"mobile-align-left","49":"first","50":"instock","51":"featured","52":"shipping-taxable","53":"purchasable","54":"product-type-variable"},"yoast_head":"<!-- This site is optimized with the Yoast SEO plugin v26.9 - https:\/\/yoast.com\/product\/yoast-seo-wordpress\/ -->\n<title>Acheter Ritalin en ligne - Acheter m\u00e9thylph\u00e9nidate en ligne<\/title>\n<meta name=\"description\" content=\"GBLExprimer est la meilleure boutique o\u00f9 acheter du ritalin en ligne. Commandez du Ritalin, Achetez du m\u00e9thylph\u00e9nidate maintenant !\" \/>\n<meta name=\"robots\" content=\"index, follow, max-snippet:-1, max-image-preview:large, max-video-preview:-1\" \/>\n<link rel=\"canonical\" href=\"https:\/\/gblexprimer.com\/pt\/produto\/-2\/\" \/>\n<meta property=\"og:locale\" content=\"pt_PT\" \/>\n<meta property=\"og:type\" content=\"article\" \/>\n<meta property=\"og:title\" content=\"Acheter Ritalin en ligne - Acheter m\u00e9thylph\u00e9nidate en ligne\" \/>\n<meta property=\"og:description\" content=\"GBLExprimer est la meilleure boutique o\u00f9 acheter du ritalin en ligne. Commandez du Ritalin, Achetez du m\u00e9thylph\u00e9nidate maintenant !\" \/>\n<meta property=\"og:url\" content=\"https:\/\/gblexprimer.com\/pt\/produto\/-2\/\" \/>\n<meta property=\"og:site_name\" content=\"GBL Exprimer\" \/>\n<meta property=\"article:modified_time\" content=\"2026-04-16T05:58:23+00:00\" \/>\n<meta property=\"og:image\" content=\"https:\/\/gblexprimer.com\/wp-content\/uploads\/2023\/12\/Ritalin-Online-Kaufen.jpg\" \/>\n\t<meta property=\"og:image:width\" content=\"600\" \/>\n\t<meta property=\"og:image:height\" content=\"600\" \/>\n\t<meta property=\"og:image:type\" content=\"image\/jpeg\" \/>\n<meta name=\"twitter:card\" content=\"summary_large_image\" \/>\n<meta name=\"twitter:label1\" content=\"Tempo estimado de leitura\" \/>\n\t<meta name=\"twitter:data1\" content=\"3 minutos\" \/>\n<script type=\"application\/ld+json\" class=\"yoast-schema-graph\">{\"@context\":\"https:\/\/schema.org\",\"@graph\":[{\"@type\":\"WebPage\",\"@id\":\"https:\/\/gblexprimer.com\/product\/achats-en-ligne-ritalin\/\",\"url\":\"https:\/\/gblexprimer.com\/product\/achats-en-ligne-ritalin\/\",\"name\":\"Acheter Ritalin en ligne - Acheter m\u00e9thylph\u00e9nidate en ligne\",\"isPartOf\":{\"@id\":\"https:\/\/gblexprimer.com\/#website\"},\"primaryImageOfPage\":{\"@id\":\"https:\/\/gblexprimer.com\/product\/achats-en-ligne-ritalin\/#primaryimage\"},\"image\":{\"@id\":\"https:\/\/gblexprimer.com\/product\/achats-en-ligne-ritalin\/#primaryimage\"},\"thumbnailUrl\":\"https:\/\/gblexprimer.com\/wp-content\/uploads\/2023\/12\/Ritalin-Online-Kaufen.jpg\",\"datePublished\":\"2023-12-26T07:26:40+00:00\",\"dateModified\":\"2026-04-16T05:58:23+00:00\",\"description\":\"GBLExprimer est la meilleure boutique o\u00f9 acheter du ritalin en ligne. Commandez du Ritalin, Achetez du m\u00e9thylph\u00e9nidate maintenant !\",\"breadcrumb\":{\"@id\":\"https:\/\/gblexprimer.com\/product\/achats-en-ligne-ritalin\/#breadcrumb\"},\"inLanguage\":\"pt-PT\",\"potentialAction\":[{\"@type\":\"ReadAction\",\"target\":[\"https:\/\/gblexprimer.com\/product\/achats-en-ligne-ritalin\/\"]}]},{\"@type\":\"ImageObject\",\"inLanguage\":\"pt-PT\",\"@id\":\"https:\/\/gblexprimer.com\/product\/achats-en-ligne-ritalin\/#primaryimage\",\"url\":\"https:\/\/gblexprimer.com\/wp-content\/uploads\/2023\/12\/Ritalin-Online-Kaufen.jpg\",\"contentUrl\":\"https:\/\/gblexprimer.com\/wp-content\/uploads\/2023\/12\/Ritalin-Online-Kaufen.jpg\",\"width\":600,\"height\":600,\"caption\":\"Acheter du Ritalin en ligne\"},{\"@type\":\"BreadcrumbList\",\"@id\":\"https:\/\/gblexprimer.com\/product\/achats-en-ligne-ritalin\/#breadcrumb\",\"itemListElement\":[{\"@type\":\"ListItem\",\"position\":1,\"name\":\"Home\",\"item\":\"https:\/\/gblexprimer.com\/\"},{\"@type\":\"ListItem\",\"position\":2,\"name\":\"Shop\",\"item\":\"https:\/\/gblexprimer.com\/shop\/\"},{\"@type\":\"ListItem\",\"position\":3,\"name\":\"Achats en ligne Ritalin\"}]},{\"@type\":\"WebSite\",\"@id\":\"https:\/\/gblexprimer.com\/#website\",\"url\":\"https:\/\/gblexprimer.com\/\",\"name\":\"GBL Exprimer\",\"description\":\"\",\"publisher\":{\"@id\":\"https:\/\/gblexprimer.com\/#organization\"},\"potentialAction\":[{\"@type\":\"SearchAction\",\"target\":{\"@type\":\"EntryPoint\",\"urlTemplate\":\"https:\/\/gblexprimer.com\/?s={search_term_string}\"},\"query-input\":{\"@type\":\"PropertyValueSpecification\",\"valueRequired\":true,\"valueName\":\"search_term_string\"}}],\"inLanguage\":\"pt-PT\"},{\"@type\":\"Organization\",\"@id\":\"https:\/\/gblexprimer.com\/#organization\",\"name\":\"GBL Exprimer\",\"url\":\"https:\/\/gblexprimer.com\/\",\"logo\":{\"@type\":\"ImageObject\",\"inLanguage\":\"pt-PT\",\"@id\":\"https:\/\/gblexprimer.com\/#\/schema\/logo\/image\/\",\"url\":\"https:\/\/gblexprimer.com\/wp-content\/uploads\/2024\/01\/logo.png\",\"contentUrl\":\"https:\/\/gblexprimer.com\/wp-content\/uploads\/2024\/01\/logo.png\",\"width\":220,\"height\":80,\"caption\":\"GBL Exprimer\"},\"image\":{\"@id\":\"https:\/\/gblexprimer.com\/#\/schema\/logo\/image\/\"}}]}<\/script>\n<!-- \/ Yoast SEO plugin. -->","yoast_head_json":{"title":"Comprar Ritalin online - Comprar metilfenidato online","description":"GBLExprimer \u00e9 a melhor loja onde comprar ritalina online. Encomendar Ritalin, Comprar metilfenidato agora!","robots":{"index":"index","follow":"follow","max-snippet":"max-snippet:-1","max-image-preview":"max-image-preview:large","max-video-preview":"max-video-preview:-1"},"canonical":"https:\/\/gblexprimer.com\/pt\/produto\/-2\/","og_locale":"pt_PT","og_type":"article","og_title":"Acheter Ritalin en ligne - Acheter m\u00e9thylph\u00e9nidate en ligne","og_description":"GBLExprimer est la meilleure boutique o\u00f9 acheter du ritalin en ligne. Commandez du Ritalin, Achetez du m\u00e9thylph\u00e9nidate maintenant !","og_url":"https:\/\/gblexprimer.com\/pt\/produto\/-2\/","og_site_name":"GBL Exprimer","article_modified_time":"2026-04-16T05:58:23+00:00","og_image":[{"width":600,"height":600,"url":"https:\/\/gblexprimer.com\/wp-content\/uploads\/2023\/12\/Ritalin-Online-Kaufen.jpg","type":"image\/jpeg"}],"twitter_card":"summary_large_image","twitter_misc":{"Tempo estimado de leitura":"3 minutos"},"schema":{"@context":"https:\/\/schema.org","@graph":[{"@type":"WebPage","@id":"https:\/\/gblexprimer.com\/product\/achats-en-ligne-ritalin\/","url":"https:\/\/gblexprimer.com\/product\/achats-en-ligne-ritalin\/","name":"Comprar Ritalin online - Comprar metilfenidato online","isPartOf":{"@id":"https:\/\/gblexprimer.com\/#website"},"primaryImageOfPage":{"@id":"https:\/\/gblexprimer.com\/product\/achats-en-ligne-ritalin\/#primaryimage"},"image":{"@id":"https:\/\/gblexprimer.com\/product\/achats-en-ligne-ritalin\/#primaryimage"},"thumbnailUrl":"https:\/\/gblexprimer.com\/wp-content\/uploads\/2023\/12\/Ritalin-Online-Kaufen.jpg","datePublished":"2023-12-26T07:26:40+00:00","dateModified":"2026-04-16T05:58:23+00:00","description":"GBLExprimer \u00e9 a melhor loja onde comprar ritalina online. Encomendar Ritalin, Comprar metilfenidato agora!","breadcrumb":{"@id":"https:\/\/gblexprimer.com\/product\/achats-en-ligne-ritalin\/#breadcrumb"},"inLanguage":"pt-PT","potentialAction":[{"@type":"ReadAction","target":["https:\/\/gblexprimer.com\/product\/achats-en-ligne-ritalin\/"]}]},{"@type":"ImageObject","inLanguage":"pt-PT","@id":"https:\/\/gblexprimer.com\/product\/achats-en-ligne-ritalin\/#primaryimage","url":"https:\/\/gblexprimer.com\/wp-content\/uploads\/2023\/12\/Ritalin-Online-Kaufen.jpg","contentUrl":"https:\/\/gblexprimer.com\/wp-content\/uploads\/2023\/12\/Ritalin-Online-Kaufen.jpg","width":600,"height":600,"caption":"Acheter du Ritalin en ligne"},{"@type":"BreadcrumbList","@id":"https:\/\/gblexprimer.com\/product\/achats-en-ligne-ritalin\/#breadcrumb","itemListElement":[{"@type":"ListItem","position":1,"name":"Home","item":"https:\/\/gblexprimer.com\/"},{"@type":"ListItem","position":2,"name":"Shop","item":"https:\/\/gblexprimer.com\/shop\/"},{"@type":"ListItem","position":3,"name":"Achats en ligne Ritalin"}]},{"@type":"WebSite","@id":"https:\/\/gblexprimer.com\/#website","url":"https:\/\/gblexprimer.com\/","name":"GBL Express","description":"","publisher":{"@id":"https:\/\/gblexprimer.com\/#organization"},"potentialAction":[{"@type":"SearchAction","target":{"@type":"EntryPoint","urlTemplate":"https:\/\/gblexprimer.com\/?s={search_term_string}"},"query-input":{"@type":"PropertyValueSpecification","valueRequired":true,"valueName":"search_term_string"}}],"inLanguage":"pt-PT"},{"@type":"Organization","@id":"https:\/\/gblexprimer.com\/#organization","name":"GBL Express","url":"https:\/\/gblexprimer.com\/","logo":{"@type":"ImageObject","inLanguage":"pt-PT","@id":"https:\/\/gblexprimer.com\/#\/schema\/logo\/image\/","url":"https:\/\/gblexprimer.com\/wp-content\/uploads\/2024\/01\/logo.png","contentUrl":"https:\/\/gblexprimer.com\/wp-content\/uploads\/2024\/01\/logo.png","width":220,"height":80,"caption":"GBL Exprimer"},"image":{"@id":"https:\/\/gblexprimer.com\/#\/schema\/logo\/image\/"}}]}},"_links":{"self":[{"href":"https:\/\/gblexprimer.com\/pt\/wp-json\/wp\/v2\/product\/17","targetHints":{"allow":["GET"]}}],"collection":[{"href":"https:\/\/gblexprimer.com\/pt\/wp-json\/wp\/v2\/product"}],"about":[{"href":"https:\/\/gblexprimer.com\/pt\/wp-json\/wp\/v2\/types\/product"}],"replies":[{"embeddable":true,"href":"https:\/\/gblexprimer.com\/pt\/wp-json\/wp\/v2\/comments?post=17"}],"wp:featuredmedia":[{"embeddable":true,"href":"https:\/\/gblexprimer.com\/pt\/wp-json\/wp\/v2\/media\/105"}],"wp:attachment":[{"href":"https:\/\/gblexprimer.com\/pt\/wp-json\/wp\/v2\/media?parent=17"}],"wp:term":[{"taxonomy":"product_brand","embeddable":true,"href":"https:\/\/gblexprimer.com\/pt\/wp-json\/wp\/v2\/product_brand?post=17"},{"taxonomy":"product_cat","embeddable":true,"href":"https:\/\/gblexprimer.com\/pt\/wp-json\/wp\/v2\/product_cat?post=17"},{"taxonomy":"product_tag","embeddable":true,"href":"https:\/\/gblexprimer.com\/pt\/wp-json\/wp\/v2\/product_tag?post=17"}],"curies":[{"name":"wp","href":"https:\/\/api.w.org\/{rel}","templated":true}]}}