{"id":34,"date":"2023-12-26T07:26:40","date_gmt":"2023-12-26T07:26:40","guid":{"rendered":"https:\/\/cannasmed.com\/gbl\/?post_type=product&#038;p=34"},"modified":"2026-04-09T09:30:56","modified_gmt":"2026-04-09T09:30:56","slug":"-19","status":"publish","type":"product","link":"https:\/\/gblexprimer.com\/pt\/produto\/-19\/","title":{"rendered":"Comprar Valocordin Diazepam Tropfen 10 mg online"},"content":{"rendered":"<h2>Acheter Valocordin Diazepam Tropfen 10 mg en Ligne chez GBLexprimer \u2013 Haute Qualit\u00e9 et Test\u00e9 en Laboratoire<\/h2>\n<p>Est\u00e1 \u00e0 procura de <a href=\"https:\/\/gblexprimer.com\/pt\/produto\/-19\/\"><strong>Valocordin Diazepam Tropfen 10 mg<\/strong><\/a> qualidade? Em <strong>GBExpress<\/strong>oferecemos <strong>Valocordin Diazepam Tropfen 10 mg<\/strong> testado em laborat\u00f3rio com um <strong>pureza garantida<\/strong> para as suas necessidades de investiga\u00e7\u00e3o. Tire partido das nossas <strong>entrega r\u00e1pida<\/strong>, <strong>pre\u00e7os competitivos<\/strong> e servi\u00e7o de confian\u00e7a Comprar Valocordin Diazepam Tropfen 10 mg\u00a0<a href=\"https:\/\/gblexpress.com\/ritalin\/\">.<\/a><\/p>\n<h4>Por que raz\u00e3o deve comprar Valocordin Diazepam Tropfen 10 mg na GBLexprimer?<\/h4>\n<p>O nosso <strong><a href=\"https:\/\/en.wikipedia.org\/wiki\/Diazepam\">Valocordin Diazepam<\/a> Tropfen 10 mg<\/strong> prov\u00e9m de fornecedores fi\u00e1veis e \u00e9 submetido a controlos de qualidade rigorosos para garantir que cumpre os mais elevados padr\u00f5es. <strong>GBExpress<\/strong> fornece-lhe produtos de alta qualidade para a sua investiga\u00e7\u00e3o.<\/p>\n<p><strong>Valocordin Diazepam Tropfen 10 mg<\/strong> :<\/p>\n<ul>\n<li><strong>Pureza garantida<\/strong> : Test\u00e9 en laboratoire avec une puret\u00e9 <strong><a href=\"https:\/\/gblexprimer.com\/pt\/produto\/-24\/\">maximale pour des r\u00e9sultats<\/a><\/strong> fiables.<\/li>\n<li><strong>Entrega r\u00e1pida e segura<\/strong> : A encomenda foi processada rapidamente e entregue em seguran\u00e7a.<\/li>\n<li><strong>Pre\u00e7os acess\u00edveis<\/strong> : Oferecemos <strong>Valocordin Diazepam Tropfen<\/strong> qualidade a pre\u00e7os competitivos.<\/li>\n<\/ul>\n<h4>O que \u00e9 o Valocordin Diazepam Tropfen 10 mg?<\/h4>\n<p>O <strong>Valocordin Diazepam Tropfen 10 mg<\/strong> s\u00e3o utilizados principalmente em contextos de investiga\u00e7\u00e3o cient\u00edfica para estudar os efeitos do diazepam no sistema nervoso central. Estas gotas foram concebidas exclusivamente para <strong>aplica\u00e7\u00f5es de investiga\u00e7\u00e3o<\/strong> e n\u00e3o se destinam ao consumo humano. <a href=\"https:\/\/gblexprimer.com\/pt\/\"><strong>GBlexpress<\/strong><\/a><\/p>\n<h4>Porqu\u00ea escolher o GBLexprimer?<\/h4>\n<ul>\n<li><strong>Fornecedor fi\u00e1vel<\/strong> : S\u00f3 nos abastecemos de produtos de fabricantes conceituados.<\/li>\n<li><strong>Controlos rigorosos<\/strong> Cada lote de <strong>Valocordin Diazepam Tropfen 10 mg<\/strong> \u00e9 meticulosamente testado para garantir a sua qualidade.<\/li>\n<li><strong>Satisfa\u00e7\u00e3o do cliente<\/strong> Estamos empenhados em fornecer um servi\u00e7o excecional ao cliente para garantir que a sua experi\u00eancia de compra seja a melhor poss\u00edvel.<\/li>\n<\/ul>\n<h4>Como \u00e9 que posso encomendar Valocordin Diazepam Tropfen 10 mg online?<\/h4>\n<p>Encomendar <strong>Valocordin Diazepam Tropfen 10 mg<\/strong> em <strong>GBExpress<\/strong> \u00e9 simples e seguro. Visite o nosso s\u00edtio Web, selecione a quantidade pretendida e fa\u00e7a a sua encomenda em apenas alguns cliques. Com o nosso <a href=\"https:\/\/www.drugs.com\/diazepam.html\"><strong>entrega r\u00e1pida<\/strong><\/a> e <strong>embalagem discreta<\/strong>Pode ter a certeza de que os seus produtos chegar\u00e3o em seguran\u00e7a e a tempo.<\/p>\n<p><strong>Encomendar agora a partir de GBLexprimer<\/strong> para obter <strong>Valocordin Diazepam Tropfen 10 mg<\/strong> a pre\u00e7os competitivos. Tire partido dos nossos produtos fi\u00e1veis e do nosso servi\u00e7o de apoio ao cliente impec\u00e1vel! <a href=\"https:\/\/gblexprimer.com\/pt\/produto\/-19\/\"><strong>Des achats sans tracas<\/strong><\/a><\/p>","protected":false},"excerpt":{"rendered":"<p><strong>Valocordin Diazepam Tropfen 10 mg<\/strong> \u00e9 um medicamento que cont\u00e9m diazepam, um ansiol\u00edtico e sedativo da classe das benzodiazepinas. \u00c9 utilizado principalmente para tratar a ansiedade, dist\u00farbios do sono e espasmos musculares. Este medicamento deve ser tomado com precau\u00e7\u00e3o devido aos seus efeitos potentes e ao potencial de depend\u00eancia.<\/p>\n<h4><strong>Indica\u00e7\u00f5es:<\/strong><\/h4>\n<ul>\n<li>Tratamento das perturba\u00e7\u00f5es de ansiedade.<\/li>\n<li>Ins\u00f3nia de origem nervosa.<\/li>\n<li>Espasmos musculares ou tens\u00e3o muscular grave.<\/li>\n<\/ul>\n<h4><strong>Efeitos :<\/strong><\/h4>\n<ul>\n<li>Efeito calmante e ansiol\u00edtico r\u00e1pido.<\/li>\n<li>Relaxamento muscular.<\/li>\n<li>Melhoria da qualidade do sono.<\/li>\n<\/ul>\n<h4><strong>Dosagem :<\/strong><\/h4>\n<p>A dosagem varia consoante as necessidades individuais. Deve ser prescrita por um m\u00e9dico e rigorosamente respeitada para evitar o risco de efeitos indesej\u00e1veis ou de depend\u00eancia.<\/p>","protected":false},"featured_media":102,"comment_status":"open","ping_status":"closed","template":"","meta":{"site-sidebar-layout":"default","site-content-layout":"","ast-site-content-layout":"default","site-content-style":"default","site-sidebar-style":"default","ast-global-header-display":"","ast-banner-title-visibility":"","ast-main-header-display":"","ast-hfb-above-header-display":"","ast-hfb-below-header-display":"","ast-hfb-mobile-header-display":"","site-post-title":"","ast-breadcrumbs-content":"","ast-featured-img":"","footer-sml-layout":"","theme-transparent-header-meta":"default","adv-header-id-meta":"","stick-header-meta":"","header-above-stick-meta":"","header-main-stick-meta":"","header-below-stick-meta":"","astra-migrate-meta-layouts":"set","ast-page-background-enabled":"default","ast-page-background-meta":{"desktop":{"background-color":"","background-image":"","background-repeat":"repeat","background-position":"center center","background-size":"auto","background-attachment":"scroll","background-type":"","background-media":"","overlay-type":"","overlay-color":"","overlay-opacity":"","overlay-gradient":""},"tablet":{"background-color":"","background-image":"","background-repeat":"repeat","background-position":"center center","background-size":"auto","background-attachment":"scroll","background-type":"","background-media":"","overlay-type":"","overlay-color":"","overlay-opacity":"","overlay-gradient":""},"mobile":{"background-color":"","background-image":"","background-repeat":"repeat","background-position":"center center","background-size":"auto","background-attachment":"scroll","background-type":"","background-media":"","overlay-type":"","overlay-color":"","overlay-opacity":"","overlay-gradient":""}},"ast-content-background-meta":{"desktop":{"background-color":"var(--ast-global-color-5)","background-image":"","background-repeat":"repeat","background-position":"center center","background-size":"auto","background-attachment":"scroll","background-type":"","background-media":"","overlay-type":"","overlay-color":"","overlay-opacity":"","overlay-gradient":""},"tablet":{"background-color":"var(--ast-global-color-5)","background-image":"","background-repeat":"repeat","background-position":"center center","background-size":"auto","background-attachment":"scroll","background-type":"","background-media":"","overlay-type":"","overlay-color":"","overlay-opacity":"","overlay-gradient":""},"mobile":{"background-color":"var(--ast-global-color-5)","background-image":"","background-repeat":"repeat","background-position":"center center","background-size":"auto","background-attachment":"scroll","background-type":"","background-media":"","overlay-type":"","overlay-color":"","overlay-opacity":"","overlay-gradient":""}},"_joinchat":[]},"product_brand":[],"product_cat":[84],"product_tag":[469,482,474,483,478,481,470,487,472,480,473,471,485,479,477,476,475,484,468,486],"class_list":{"0":"post-34","1":"product","2":"type-product","3":"status-publish","4":"has-post-thumbnail","6":"product_cat-ko-drops","7":"product_tag-acheter-valocordin-diazepam-tropfen","8":"product_tag-analyse-de-valocordin-diazepam","9":"product_tag-application-de-valocordin-diazepam","10":"product_tag-chimie-de-valocordin-diazepam","11":"product_tag-disponibilite-de-valocordin-diazepam","12":"product_tag-distribution-de-valocordin-diazepam","13":"product_tag-fournisseur-de-valocordin-diazepam-tropfen","14":"product_tag-laboratoire-de-recherche-valocordin-diazepam","15":"product_tag-laboratoire-valocordin-diazepam","16":"product_tag-marche-de-valocordin-diazepam","17":"product_tag-prix-de-valocordin-diazepam-tropfen","18":"product_tag-recherche-sur-valocordin-diazepam","19":"product_tag-reference-materiel-valocordin-diazepam","20":"product_tag-reglementations-valocordin-diazepam","21":"product_tag-risques-de-valocordin-diazepam-tropfen","22":"product_tag-securite-de-valocordin-diazepam","23":"product_tag-stockage-de-valocordin-diazepam-tropfen","24":"product_tag-substance-valocordin-diazepam","25":"product_tag-valocordin-diazepam-tropfen-10-mg","26":"product_tag-vente-en-gros-valocordin-diazepam","27":"desktop-align-left","28":"tablet-align-left","29":"mobile-align-left","31":"first","32":"instock","33":"shipping-taxable","34":"purchasable","35":"product-type-variable","36":"has-default-attributes"},"yoast_head":"<!-- This site is optimized with the Yoast SEO plugin v26.9 - https:\/\/yoast.com\/product\/yoast-seo-wordpress\/ -->\n<title>Acheter Valocordin Diazepam Gouttes 10 mg en ligne | Gblexprimer<\/title>\n<meta name=\"description\" content=\"Les gouttes Valocordin Diazepam contiennent du diaz\u00e9pam, une benzodiaz\u00e9pine utilis\u00e9e pour g\u00e9rer l&#039;anxi\u00e9t\u00e9, les spasmes musculaires et certaines affections neurologiques. Il agit sur le syst\u00e8me nerveux central pour produire des effets apaisants.\" \/>\n<meta name=\"robots\" content=\"index, follow, max-snippet:-1, max-image-preview:large, max-video-preview:-1\" \/>\n<link rel=\"canonical\" href=\"https:\/\/gblexprimer.com\/pt\/produto\/-19\/\" \/>\n<meta property=\"og:locale\" content=\"pt_PT\" \/>\n<meta property=\"og:type\" content=\"article\" \/>\n<meta property=\"og:title\" content=\"Acheter Valocordin Diazepam Gouttes 10 mg en ligne | Gblexprimer\" \/>\n<meta property=\"og:description\" content=\"Les gouttes Valocordin Diazepam contiennent du diaz\u00e9pam, une benzodiaz\u00e9pine utilis\u00e9e pour g\u00e9rer l&#039;anxi\u00e9t\u00e9, les spasmes musculaires et certaines affections neurologiques. Il agit sur le syst\u00e8me nerveux central pour produire des effets apaisants.\" \/>\n<meta property=\"og:url\" content=\"https:\/\/gblexprimer.com\/pt\/produto\/-19\/\" \/>\n<meta property=\"og:site_name\" content=\"GBL Exprimer\" \/>\n<meta property=\"article:modified_time\" content=\"2026-04-09T09:30:56+00:00\" \/>\n<meta property=\"og:image\" content=\"https:\/\/gblexprimer.com\/wp-content\/uploads\/2023\/12\/Valocordin-Diazepam-Tropfen-10-mg.jpg\" \/>\n\t<meta property=\"og:image:width\" content=\"600\" \/>\n\t<meta property=\"og:image:height\" content=\"600\" \/>\n\t<meta property=\"og:image:type\" content=\"image\/jpeg\" \/>\n<meta name=\"twitter:card\" content=\"summary_large_image\" \/>\n<meta name=\"twitter:label1\" content=\"Tempo estimado de leitura\" \/>\n\t<meta name=\"twitter:data1\" content=\"2 minutos\" \/>\n<script type=\"application\/ld+json\" class=\"yoast-schema-graph\">{\"@context\":\"https:\/\/schema.org\",\"@graph\":[{\"@type\":\"WebPage\",\"@id\":\"https:\/\/gblexprimer.com\/product\/valocordin-diazepam-tropfene-10-mg\/\",\"url\":\"https:\/\/gblexprimer.com\/product\/valocordin-diazepam-tropfene-10-mg\/\",\"name\":\"Acheter Valocordin Diazepam Gouttes 10 mg en ligne | Gblexprimer\",\"isPartOf\":{\"@id\":\"https:\/\/gblexprimer.com\/#website\"},\"primaryImageOfPage\":{\"@id\":\"https:\/\/gblexprimer.com\/product\/valocordin-diazepam-tropfene-10-mg\/#primaryimage\"},\"image\":{\"@id\":\"https:\/\/gblexprimer.com\/product\/valocordin-diazepam-tropfene-10-mg\/#primaryimage\"},\"thumbnailUrl\":\"https:\/\/gblexprimer.com\/wp-content\/uploads\/2023\/12\/Valocordin-Diazepam-Tropfen-10-mg.jpg\",\"datePublished\":\"2023-12-26T07:26:40+00:00\",\"dateModified\":\"2026-04-09T09:30:56+00:00\",\"description\":\"Les gouttes Valocordin Diazepam contiennent du diaz\u00e9pam, une benzodiaz\u00e9pine utilis\u00e9e pour g\u00e9rer l'anxi\u00e9t\u00e9, les spasmes musculaires et certaines affections neurologiques. Il agit sur le syst\u00e8me nerveux central pour produire des effets apaisants.\",\"breadcrumb\":{\"@id\":\"https:\/\/gblexprimer.com\/product\/valocordin-diazepam-tropfene-10-mg\/#breadcrumb\"},\"inLanguage\":\"pt-PT\",\"potentialAction\":[{\"@type\":\"ReadAction\",\"target\":[\"https:\/\/gblexprimer.com\/product\/valocordin-diazepam-tropfene-10-mg\/\"]}]},{\"@type\":\"ImageObject\",\"inLanguage\":\"pt-PT\",\"@id\":\"https:\/\/gblexprimer.com\/product\/valocordin-diazepam-tropfene-10-mg\/#primaryimage\",\"url\":\"https:\/\/gblexprimer.com\/wp-content\/uploads\/2023\/12\/Valocordin-Diazepam-Tropfen-10-mg.jpg\",\"contentUrl\":\"https:\/\/gblexprimer.com\/wp-content\/uploads\/2023\/12\/Valocordin-Diazepam-Tropfen-10-mg.jpg\",\"width\":600,\"height\":600,\"caption\":\"Acheter Valocordin Diaz\u00e9pam Tropf\u00e8ne 10 mg en ligne\"},{\"@type\":\"BreadcrumbList\",\"@id\":\"https:\/\/gblexprimer.com\/product\/valocordin-diazepam-tropfene-10-mg\/#breadcrumb\",\"itemListElement\":[{\"@type\":\"ListItem\",\"position\":1,\"name\":\"Home\",\"item\":\"https:\/\/gblexprimer.com\/\"},{\"@type\":\"ListItem\",\"position\":2,\"name\":\"Shop\",\"item\":\"https:\/\/gblexprimer.com\/shop\/\"},{\"@type\":\"ListItem\",\"position\":3,\"name\":\"Acheter Valocordin Diaz\u00e9pam Tropf\u00e8ne 10 mg en ligne\"}]},{\"@type\":\"WebSite\",\"@id\":\"https:\/\/gblexprimer.com\/#website\",\"url\":\"https:\/\/gblexprimer.com\/\",\"name\":\"GBL Exprimer\",\"description\":\"\",\"publisher\":{\"@id\":\"https:\/\/gblexprimer.com\/#organization\"},\"potentialAction\":[{\"@type\":\"SearchAction\",\"target\":{\"@type\":\"EntryPoint\",\"urlTemplate\":\"https:\/\/gblexprimer.com\/?s={search_term_string}\"},\"query-input\":{\"@type\":\"PropertyValueSpecification\",\"valueRequired\":true,\"valueName\":\"search_term_string\"}}],\"inLanguage\":\"pt-PT\"},{\"@type\":\"Organization\",\"@id\":\"https:\/\/gblexprimer.com\/#organization\",\"name\":\"GBL Exprimer\",\"url\":\"https:\/\/gblexprimer.com\/\",\"logo\":{\"@type\":\"ImageObject\",\"inLanguage\":\"pt-PT\",\"@id\":\"https:\/\/gblexprimer.com\/#\/schema\/logo\/image\/\",\"url\":\"https:\/\/gblexprimer.com\/wp-content\/uploads\/2024\/01\/logo.png\",\"contentUrl\":\"https:\/\/gblexprimer.com\/wp-content\/uploads\/2024\/01\/logo.png\",\"width\":220,\"height\":80,\"caption\":\"GBL Exprimer\"},\"image\":{\"@id\":\"https:\/\/gblexprimer.com\/#\/schema\/logo\/image\/\"}}]}<\/script>\n<!-- \/ Yoast SEO plugin. -->","yoast_head_json":{"title":"Acheter Valocordin Diazepam Gouttes 10 mg en ligne | Gblexprimer","description":"Les gouttes Valocordin Diazepam contiennent du diaz\u00e9pam, une benzodiaz\u00e9pine utilis\u00e9e pour g\u00e9rer l'anxi\u00e9t\u00e9, les spasmes musculaires et certaines affections neurologiques. Il agit sur le syst\u00e8me nerveux central pour produire des effets apaisants.","robots":{"index":"index","follow":"follow","max-snippet":"max-snippet:-1","max-image-preview":"max-image-preview:large","max-video-preview":"max-video-preview:-1"},"canonical":"https:\/\/gblexprimer.com\/pt\/produto\/-19\/","og_locale":"pt_PT","og_type":"article","og_title":"Acheter Valocordin Diazepam Gouttes 10 mg en ligne | Gblexprimer","og_description":"Les gouttes Valocordin Diazepam contiennent du diaz\u00e9pam, une benzodiaz\u00e9pine utilis\u00e9e pour g\u00e9rer l'anxi\u00e9t\u00e9, les spasmes musculaires et certaines affections neurologiques. Il agit sur le syst\u00e8me nerveux central pour produire des effets apaisants.","og_url":"https:\/\/gblexprimer.com\/pt\/produto\/-19\/","og_site_name":"GBL Exprimer","article_modified_time":"2026-04-09T09:30:56+00:00","og_image":[{"width":600,"height":600,"url":"https:\/\/gblexprimer.com\/wp-content\/uploads\/2023\/12\/Valocordin-Diazepam-Tropfen-10-mg.jpg","type":"image\/jpeg"}],"twitter_card":"summary_large_image","twitter_misc":{"Tempo estimado de leitura":"2 minutos"},"schema":{"@context":"https:\/\/schema.org","@graph":[{"@type":"WebPage","@id":"https:\/\/gblexprimer.com\/product\/valocordin-diazepam-tropfene-10-mg\/","url":"https:\/\/gblexprimer.com\/product\/valocordin-diazepam-tropfene-10-mg\/","name":"Acheter Valocordin Diazepam Gouttes 10 mg en ligne | Gblexprimer","isPartOf":{"@id":"https:\/\/gblexprimer.com\/#website"},"primaryImageOfPage":{"@id":"https:\/\/gblexprimer.com\/product\/valocordin-diazepam-tropfene-10-mg\/#primaryimage"},"image":{"@id":"https:\/\/gblexprimer.com\/product\/valocordin-diazepam-tropfene-10-mg\/#primaryimage"},"thumbnailUrl":"https:\/\/gblexprimer.com\/wp-content\/uploads\/2023\/12\/Valocordin-Diazepam-Tropfen-10-mg.jpg","datePublished":"2023-12-26T07:26:40+00:00","dateModified":"2026-04-09T09:30:56+00:00","description":"Les gouttes Valocordin Diazepam contiennent du diaz\u00e9pam, une benzodiaz\u00e9pine utilis\u00e9e pour g\u00e9rer l'anxi\u00e9t\u00e9, les spasmes musculaires et certaines affections neurologiques. Il agit sur le syst\u00e8me nerveux central pour produire des effets apaisants.","breadcrumb":{"@id":"https:\/\/gblexprimer.com\/product\/valocordin-diazepam-tropfene-10-mg\/#breadcrumb"},"inLanguage":"pt-PT","potentialAction":[{"@type":"ReadAction","target":["https:\/\/gblexprimer.com\/product\/valocordin-diazepam-tropfene-10-mg\/"]}]},{"@type":"ImageObject","inLanguage":"pt-PT","@id":"https:\/\/gblexprimer.com\/product\/valocordin-diazepam-tropfene-10-mg\/#primaryimage","url":"https:\/\/gblexprimer.com\/wp-content\/uploads\/2023\/12\/Valocordin-Diazepam-Tropfen-10-mg.jpg","contentUrl":"https:\/\/gblexprimer.com\/wp-content\/uploads\/2023\/12\/Valocordin-Diazepam-Tropfen-10-mg.jpg","width":600,"height":600,"caption":"Acheter Valocordin Diaz\u00e9pam Tropf\u00e8ne 10 mg en ligne"},{"@type":"BreadcrumbList","@id":"https:\/\/gblexprimer.com\/product\/valocordin-diazepam-tropfene-10-mg\/#breadcrumb","itemListElement":[{"@type":"ListItem","position":1,"name":"Home","item":"https:\/\/gblexprimer.com\/"},{"@type":"ListItem","position":2,"name":"Shop","item":"https:\/\/gblexprimer.com\/shop\/"},{"@type":"ListItem","position":3,"name":"Acheter Valocordin Diaz\u00e9pam Tropf\u00e8ne 10 mg en ligne"}]},{"@type":"WebSite","@id":"https:\/\/gblexprimer.com\/#website","url":"https:\/\/gblexprimer.com\/","name":"GBL Express","description":"","publisher":{"@id":"https:\/\/gblexprimer.com\/#organization"},"potentialAction":[{"@type":"SearchAction","target":{"@type":"EntryPoint","urlTemplate":"https:\/\/gblexprimer.com\/?s={search_term_string}"},"query-input":{"@type":"PropertyValueSpecification","valueRequired":true,"valueName":"search_term_string"}}],"inLanguage":"pt-PT"},{"@type":"Organization","@id":"https:\/\/gblexprimer.com\/#organization","name":"GBL Express","url":"https:\/\/gblexprimer.com\/","logo":{"@type":"ImageObject","inLanguage":"pt-PT","@id":"https:\/\/gblexprimer.com\/#\/schema\/logo\/image\/","url":"https:\/\/gblexprimer.com\/wp-content\/uploads\/2024\/01\/logo.png","contentUrl":"https:\/\/gblexprimer.com\/wp-content\/uploads\/2024\/01\/logo.png","width":220,"height":80,"caption":"GBL Exprimer"},"image":{"@id":"https:\/\/gblexprimer.com\/#\/schema\/logo\/image\/"}}]}},"_links":{"self":[{"href":"https:\/\/gblexprimer.com\/pt\/wp-json\/wp\/v2\/product\/34","targetHints":{"allow":["GET"]}}],"collection":[{"href":"https:\/\/gblexprimer.com\/pt\/wp-json\/wp\/v2\/product"}],"about":[{"href":"https:\/\/gblexprimer.com\/pt\/wp-json\/wp\/v2\/types\/product"}],"replies":[{"embeddable":true,"href":"https:\/\/gblexprimer.com\/pt\/wp-json\/wp\/v2\/comments?post=34"}],"wp:featuredmedia":[{"embeddable":true,"href":"https:\/\/gblexprimer.com\/pt\/wp-json\/wp\/v2\/media\/102"}],"wp:attachment":[{"href":"https:\/\/gblexprimer.com\/pt\/wp-json\/wp\/v2\/media?parent=34"}],"wp:term":[{"taxonomy":"product_brand","embeddable":true,"href":"https:\/\/gblexprimer.com\/pt\/wp-json\/wp\/v2\/product_brand?post=34"},{"taxonomy":"product_cat","embeddable":true,"href":"https:\/\/gblexprimer.com\/pt\/wp-json\/wp\/v2\/product_cat?post=34"},{"taxonomy":"product_tag","embeddable":true,"href":"https:\/\/gblexprimer.com\/pt\/wp-json\/wp\/v2\/product_tag?post=34"}],"curies":[{"name":"wp","href":"https:\/\/api.w.org\/{rel}","templated":true}]}}