{"id":36,"date":"2023-12-26T07:26:41","date_gmt":"2023-12-26T07:26:41","guid":{"rendered":"https:\/\/cannasmed.com\/gbl\/?post_type=product&#038;p=36"},"modified":"2026-04-11T07:17:55","modified_gmt":"2026-04-11T07:17:55","slug":"heaven-pure-ecstasy-500-mg-%ce%b3-hydroxybutyric-acid-ghb","status":"publish","type":"product","link":"https:\/\/gblexprimer.com\/pt\/produto\/heaven-pure-ecstasy-500-mg-%ce%b3-hydroxybutyric-acid-ghb\/","title":{"rendered":"Heaven Pure Ecstasy 500 mg de \u00e1cido \u03b3-hidroxibut\u00edrico (GHB)"},"content":{"rendered":"<div class=\"ds-markdown\">\n<h2 class=\"ds-markdown-paragraph\">Achetez du Heaven Pure Ecstasy 500mg (GHB) en ligne \u2013 Puret\u00e9 de qualit\u00e9, S\u00e9curit\u00e9 de confiance<\/h2>\n<p class=\"ds-markdown-paragraph\"><a href=\"https:\/\/gblexprimer.com\/pt\/categoria-do-produto\/ghb\/\"><strong>Encomendar Heaven Pure Ecstasy (GHB) online<\/strong><\/a>Descubra a ess\u00eancia pura do relaxamento e da euforia com Heaven Pure Ecstasy (GHB) \u2014 uma solu\u00e7\u00e3o premium de gama-hidroxibutirato procurada por seus efeitos calmantes e de melhoria do humor \u00fanicos. Se voc\u00ea deseja comprar Heaven Pure Ecstasy (GHB) online para uso pessoal ou explorar op\u00e7\u00f5es para fins recreativos, \u00e9 fundamental entender o que diferencia este produto e como navegar no mercado de forma respons\u00e1vel.<\/p>\n<h3 class=\"ds-markdown-paragraph\">O que \u00e9 o Heaven Pure Ecstasy (GHB) Encomendar Heaven Pure Ecstasy (GHB) online?<\/h3>\n<p class=\"ds-markdown-paragraph\">Le <strong>Ecstasy Puro do C\u00e9u (GHB)<\/strong> \u00e9 uma forma altamente refinada de gama-hidroxibutirato, conhecida pela sua capacidade de induzir um relaxamento profundo, promover a sociabilidade e melhorar as experi\u00eancias sensoriais. Amplamente reconhecida nos c\u00edrculos de bem-estar e de lazer, esta subst\u00e2ncia \u00e9 apreciada pela sua a\u00e7\u00e3o r\u00e1pida e pelos seus efeitos suaves.<\/p>\n<p class=\"ds-markdown-paragraph\">Sa popularit\u00e9 d\u00e9coule de ses propri\u00e9t\u00e9s \u00e0 la <a href=\"https:\/\/gblexprimer.com\/pt\/produto\/heroina\/\">fois euphorisantes<\/a> et s\u00e9datives, souvent utilis\u00e9es en environnements contr\u00f4l\u00e9s pour se d\u00e9tendre ou am\u00e9liorer l&rsquo;humeur<a href=\"https:\/\/nembutalboutique.com\/\">.<\/a><\/p>\n<h3 class=\"ds-markdown-paragraph\">Compreender o GHB: natureza qu\u00edmica e efeitos<\/h3>\n<p class=\"ds-markdown-paragraph\">O GHB est\u00e1 naturalmente presente no corpo humano e funciona como um depressor do sistema nervoso central. Quando utilizado de forma respons\u00e1vel <strong>Ecstasy Puro do C\u00e9u (GHB)<\/strong> pode promover a tranquilidade, o aumento do prazer e a redu\u00e7\u00e3o da ansiedade.<\/p>\n<p class=\"ds-markdown-paragraph\">No entanto, \u00e9 importante reconhecer que a utiliza\u00e7\u00e3o incorrecta acarreta riscos como seda\u00e7\u00e3o, perturba\u00e7\u00f5es da coordena\u00e7\u00e3o ou efeitos mais graves em doses elevadas.<\/p>\n<h3 class=\"ds-markdown-paragraph\">Estatuto jur\u00eddico: Informe-se antes de comprar<\/h3>\n<p class=\"ds-markdown-paragraph\">As leis relativas <a href=\"https:\/\/en.wikipedia.org\/wiki\/%CE%93-Hydroxybutyric_acid\"><strong>GHB<\/strong><\/a> varia consideravelmente de regi\u00e3o para regi\u00e3o. Nalgumas \u00e1reas, \u00e9 classificada como subst\u00e2ncia controlada devido ao seu potencial de abuso. Antes de comprar Heaven Pure Ecstasy (GHB) online, certifica-te de que compreendes o enquadramento legal local para evitar complica\u00e7\u00f5es legais.<\/p>\n<p class=\"ds-markdown-paragraph\">A compra respons\u00e1vel inclui o cumprimento de todos os regulamentos e restri\u00e7\u00f5es locais.<\/p>\n<h3 class=\"ds-markdown-paragraph\">Riscos de comprar GHB online: o que deve saber<\/h3>\n<p class=\"ds-markdown-paragraph\">O mercado em linha oferece comodidade, mas tamb\u00e9m apresenta riscos. As maiores preocupa\u00e7\u00f5es quando se compra GHB em linha s\u00e3o os produtos contrafeitos, os lotes contaminados e os vendedores pouco fi\u00e1veis. Estes produtos podem n\u00e3o s\u00f3 n\u00e3o produzir os efeitos desejados, como tamb\u00e9m p\u00f4r em risco a sua sa\u00fade.<\/p>\n<p class=\"ds-markdown-paragraph\">Procure sempre vendedores com boa reputa\u00e7\u00e3o que forne\u00e7am informa\u00e7\u00f5es transparentes sobre os seus produtos e o servi\u00e7o de apoio ao cliente.<\/p>\n<h4 class=\"ds-markdown-paragraph\">Como se manter seguro ao encomendar Heaven Pure Ecstasy (GHB) online<\/h4>\n<ul>\n<li>\n<p class=\"ds-markdown-paragraph\">Verifique a fonte: Escolha vendedores com avalia\u00e7\u00f5es verificadas e detalhes de contacto claros.<\/p>\n<\/li>\n<li>\n<p class=\"ds-markdown-paragraph\">Verificar a pureza do produto: Procure produtos testados em laborat\u00f3rio ou garantias de autenticidade.<\/p>\n<\/li>\n<li>\n<p class=\"ds-markdown-paragraph\">Compreender a dosagem: come\u00e7ar com a menor quantidade eficaz e nunca misturar com outras subst\u00e2ncias.<\/p>\n<\/li>\n<li>\n<p class=\"ds-markdown-paragraph\">Praticar a redu\u00e7\u00e3o dos riscos: Utilizar em ambientes seguros, de prefer\u00eancia com pessoas de confian\u00e7a por perto.<\/p>\n<\/li>\n<\/ul>\n<h4 class=\"ds-markdown-paragraph\">Alternativas e apoio<\/h4>\n<p class=\"ds-markdown-paragraph\">Se est\u00e1 a explorar suplementos para melhorar o humor ou relaxar, existem alternativas mais seguras e legais. Considere a possibilidade de consultar profissionais de sa\u00fade para obter aconselhamento sobre os suplementos ou terapias mais adequados \u00e0s suas necessidades. Para quem est\u00e1 a lidar com problemas de consumo de subst\u00e2ncias, muitos grupos de apoio e recursos oferecem ajuda e aconselhamento confidenciais. <a href=\"https:\/\/gblexprimer.com\/pt\/\"><strong>GBLExpress<\/strong><\/a><\/p>\n<p class=\"ds-markdown-paragraph\">Porqu\u00ea escolher-nos como o melhor local para comprar Heaven Pure Ecstasy (GHB)?<\/p>\n<p class=\"ds-markdown-paragraph\">Colocamos a sua seguran\u00e7a e satisfa\u00e7\u00e3o em primeiro lugar, oferecendo :<\/p>\n<ul>\n<li>\n<p class=\"ds-markdown-paragraph\">Heaven Pure Ecstasy (GHB) puro e de alta qualidade, testado quanto \u00e0 sua pureza e pot\u00eancia<\/p>\n<\/li>\n<li>\n<p class=\"ds-markdown-paragraph\">Pre\u00e7os competitivos e baixos para Heaven Pure Ecstasy (GHB) sem comprometer a qualidade<\/p>\n<\/li>\n<li>\n<p class=\"ds-markdown-paragraph\">Um processo de encomenda seguro e discreto com entrega fi\u00e1vel em todo o mundo<\/p>\n<\/li>\n<li>\n<p class=\"ds-markdown-paragraph\">Servi\u00e7o de apoio ao cliente especializado pronto a ajudar com quaisquer quest\u00f5es ou preocupa\u00e7\u00f5es<\/p>\n<\/li>\n<\/ul>\n<h5 class=\"ds-markdown-paragraph\">Conclus\u00e3o<\/h5>\n<p class=\"ds-markdown-paragraph\">A escolha de comprar Heaven Pure Ecstasy (GHB) online deve ser sempre feita com total consci\u00eancia e cautela. A nossa miss\u00e3o \u00e9 fornecer uma plataforma de confian\u00e7a onde pode aceder com seguran\u00e7a a produtos premium, mantendo-se informado sobre os riscos e o uso respons\u00e1vel. Explore a nossa sele\u00e7\u00e3o agora e descubra os benef\u00edcios calmantes do Heaven Pure Ecstasy com confian\u00e7a.<\/p>\n<p class=\"ds-markdown-paragraph\">Encomende hoje mesmo o Heaven Pure Ecstasy (GHB) online - porque a sua seguran\u00e7a e satisfa\u00e7\u00e3o est\u00e3o em primeiro lugar.<\/p>\n<\/div>","protected":false},"excerpt":{"rendered":"<p>O \u00e1cido \u03b3-hidroxibut\u00edrico, tamb\u00e9m conhecido como \u00e1cido gama-hidroxibut\u00edrico, GHB ou \u00e1cido 4-hidroxibutan\u00f3ico, \u00e9 um neurotransmissor natural e uma droga depressora. \u00c9 um precursor do GABA, do glutamato e da glicina em certas zonas do c\u00e9rebro. Actua no recetor de GHB e \u00e9 um agonista fraco do recetor GABAB. O GHB tem sido utilizado na medicina como anest\u00e9sico geral e como tratamento da cataplexia, da narcolepsia e do alcoolismo.<\/p>","protected":false},"featured_media":99,"comment_status":"open","ping_status":"closed","template":"","meta":{"site-sidebar-layout":"default","site-content-layout":"","ast-site-content-layout":"default","site-content-style":"default","site-sidebar-style":"default","ast-global-header-display":"","ast-banner-title-visibility":"","ast-main-header-display":"","ast-hfb-above-header-display":"","ast-hfb-below-header-display":"","ast-hfb-mobile-header-display":"","site-post-title":"","ast-breadcrumbs-content":"","ast-featured-img":"","footer-sml-layout":"","theme-transparent-header-meta":"default","adv-header-id-meta":"","stick-header-meta":"","header-above-stick-meta":"","header-main-stick-meta":"","header-below-stick-meta":"","astra-migrate-meta-layouts":"set","ast-page-background-enabled":"default","ast-page-background-meta":{"desktop":{"background-color":"","background-image":"","background-repeat":"repeat","background-position":"center center","background-size":"auto","background-attachment":"scroll","background-type":"","background-media":"","overlay-type":"","overlay-color":"","overlay-opacity":"","overlay-gradient":""},"tablet":{"background-color":"","background-image":"","background-repeat":"repeat","background-position":"center center","background-size":"auto","background-attachment":"scroll","background-type":"","background-media":"","overlay-type":"","overlay-color":"","overlay-opacity":"","overlay-gradient":""},"mobile":{"background-color":"","background-image":"","background-repeat":"repeat","background-position":"center center","background-size":"auto","background-attachment":"scroll","background-type":"","background-media":"","overlay-type":"","overlay-color":"","overlay-opacity":"","overlay-gradient":""}},"ast-content-background-meta":{"desktop":{"background-color":"var(--ast-global-color-5)","background-image":"","background-repeat":"repeat","background-position":"center center","background-size":"auto","background-attachment":"scroll","background-type":"","background-media":"","overlay-type":"","overlay-color":"","overlay-opacity":"","overlay-gradient":""},"tablet":{"background-color":"var(--ast-global-color-5)","background-image":"","background-repeat":"repeat","background-position":"center center","background-size":"auto","background-attachment":"scroll","background-type":"","background-media":"","overlay-type":"","overlay-color":"","overlay-opacity":"","overlay-gradient":""},"mobile":{"background-color":"var(--ast-global-color-5)","background-image":"","background-repeat":"repeat","background-position":"center center","background-size":"auto","background-attachment":"scroll","background-type":"","background-media":"","overlay-type":"","overlay-color":"","overlay-opacity":"","overlay-gradient":""}},"_joinchat":[]},"product_brand":[],"product_cat":[18],"product_tag":[],"class_list":{"0":"post-36","1":"product","2":"type-product","3":"status-publish","4":"has-post-thumbnail","6":"product_cat-ghb","7":"desktop-align-left","8":"tablet-align-left","9":"mobile-align-left","11":"first","12":"instock","13":"shipping-taxable","14":"purchasable","15":"product-type-variable","16":"has-default-attributes"},"yoast_head":"<!-- This site is optimized with the Yoast SEO plugin v26.9 - https:\/\/yoast.com\/product\/yoast-seo-wordpress\/ -->\n<title>Acheter de l&#039;acide gamma-hydroxybutyrique (GHB) 500mg en ligne<\/title>\n<meta name=\"description\" content=\"L&#039;acide gamma-hydroxybutyrique (GHB) est un d\u00e9presseur du syst\u00e8me nerveux central qui poss\u00e8de \u00e0 la fois des d\u00e9riv\u00e9s \u00e0 usage m\u00e9dical et des usages r\u00e9cr\u00e9atifs illicites. Il pr\u00e9sente des risques importants, notamment la s\u00e9dation, la d\u00e9pression respiratoire et la d\u00e9pendance.\" \/>\n<meta name=\"robots\" content=\"index, follow, max-snippet:-1, max-image-preview:large, max-video-preview:-1\" \/>\n<link rel=\"canonical\" href=\"https:\/\/gblexprimer.com\/pt\/produto\/heaven-pure-ecstasy-500-mg-\u03b3-hydroxybutyric-acid-ghb\/\" \/>\n<meta property=\"og:locale\" content=\"pt_PT\" \/>\n<meta property=\"og:type\" content=\"article\" \/>\n<meta property=\"og:title\" content=\"Acheter de l&#039;acide gamma-hydroxybutyrique (GHB) 500mg en ligne\" \/>\n<meta property=\"og:description\" content=\"L&#039;acide gamma-hydroxybutyrique (GHB) est un d\u00e9presseur du syst\u00e8me nerveux central qui poss\u00e8de \u00e0 la fois des d\u00e9riv\u00e9s \u00e0 usage m\u00e9dical et des usages r\u00e9cr\u00e9atifs illicites. Il pr\u00e9sente des risques importants, notamment la s\u00e9dation, la d\u00e9pression respiratoire et la d\u00e9pendance.\" \/>\n<meta property=\"og:url\" content=\"https:\/\/gblexprimer.com\/pt\/produto\/heaven-pure-ecstasy-500-mg-\u03b3-hydroxybutyric-acid-ghb\/\" \/>\n<meta property=\"og:site_name\" content=\"GBL Exprimer\" \/>\n<meta property=\"article:modified_time\" content=\"2026-04-11T07:17:55+00:00\" \/>\n<meta property=\"og:image\" content=\"https:\/\/gblexprimer.com\/wp-content\/uploads\/2023\/12\/Heaven-Pure-Ecstasy-500-mg.jpg\" \/>\n\t<meta property=\"og:image:width\" content=\"600\" \/>\n\t<meta property=\"og:image:height\" content=\"600\" \/>\n\t<meta property=\"og:image:type\" content=\"image\/jpeg\" \/>\n<meta name=\"twitter:card\" content=\"summary_large_image\" \/>\n<meta name=\"twitter:label1\" content=\"Tempo estimado de leitura\" \/>\n\t<meta name=\"twitter:data1\" content=\"4 minutos\" \/>\n<script type=\"application\/ld+json\" class=\"yoast-schema-graph\">{\"@context\":\"https:\/\/schema.org\",\"@graph\":[{\"@type\":\"WebPage\",\"@id\":\"https:\/\/gblexprimer.com\/product\/heaven-pure-ecstasy-500-mg-dacide-%ce%b3-hydroxybutyrique-ghb\/\",\"url\":\"https:\/\/gblexprimer.com\/product\/heaven-pure-ecstasy-500-mg-dacide-%ce%b3-hydroxybutyrique-ghb\/\",\"name\":\"Acheter de l'acide gamma-hydroxybutyrique (GHB) 500mg en ligne\",\"isPartOf\":{\"@id\":\"https:\/\/gblexprimer.com\/#website\"},\"primaryImageOfPage\":{\"@id\":\"https:\/\/gblexprimer.com\/product\/heaven-pure-ecstasy-500-mg-dacide-%ce%b3-hydroxybutyrique-ghb\/#primaryimage\"},\"image\":{\"@id\":\"https:\/\/gblexprimer.com\/product\/heaven-pure-ecstasy-500-mg-dacide-%ce%b3-hydroxybutyrique-ghb\/#primaryimage\"},\"thumbnailUrl\":\"https:\/\/gblexprimer.com\/wp-content\/uploads\/2023\/12\/Heaven-Pure-Ecstasy-500-mg.jpg\",\"datePublished\":\"2023-12-26T07:26:41+00:00\",\"dateModified\":\"2026-04-11T07:17:55+00:00\",\"description\":\"L'acide gamma-hydroxybutyrique (GHB) est un d\u00e9presseur du syst\u00e8me nerveux central qui poss\u00e8de \u00e0 la fois des d\u00e9riv\u00e9s \u00e0 usage m\u00e9dical et des usages r\u00e9cr\u00e9atifs illicites. Il pr\u00e9sente des risques importants, notamment la s\u00e9dation, la d\u00e9pression respiratoire et la d\u00e9pendance.\",\"breadcrumb\":{\"@id\":\"https:\/\/gblexprimer.com\/product\/heaven-pure-ecstasy-500-mg-dacide-%ce%b3-hydroxybutyrique-ghb\/#breadcrumb\"},\"inLanguage\":\"pt-PT\",\"potentialAction\":[{\"@type\":\"ReadAction\",\"target\":[\"https:\/\/gblexprimer.com\/product\/heaven-pure-ecstasy-500-mg-dacide-%ce%b3-hydroxybutyrique-ghb\/\"]}]},{\"@type\":\"ImageObject\",\"inLanguage\":\"pt-PT\",\"@id\":\"https:\/\/gblexprimer.com\/product\/heaven-pure-ecstasy-500-mg-dacide-%ce%b3-hydroxybutyrique-ghb\/#primaryimage\",\"url\":\"https:\/\/gblexprimer.com\/wp-content\/uploads\/2023\/12\/Heaven-Pure-Ecstasy-500-mg.jpg\",\"contentUrl\":\"https:\/\/gblexprimer.com\/wp-content\/uploads\/2023\/12\/Heaven-Pure-Ecstasy-500-mg.jpg\",\"width\":600,\"height\":600,\"caption\":\"Gamma-Hydroxybutyrate GHB \u00e0 vendre\"},{\"@type\":\"BreadcrumbList\",\"@id\":\"https:\/\/gblexprimer.com\/product\/heaven-pure-ecstasy-500-mg-dacide-%ce%b3-hydroxybutyrique-ghb\/#breadcrumb\",\"itemListElement\":[{\"@type\":\"ListItem\",\"position\":1,\"name\":\"Home\",\"item\":\"https:\/\/gblexprimer.com\/\"},{\"@type\":\"ListItem\",\"position\":2,\"name\":\"Shop\",\"item\":\"https:\/\/gblexprimer.com\/shop\/\"},{\"@type\":\"ListItem\",\"position\":3,\"name\":\"Heaven Pure Ecstasy 500 mg d&#8217;acide \u03b3-hydroxybutyrique (GHB)\"}]},{\"@type\":\"WebSite\",\"@id\":\"https:\/\/gblexprimer.com\/#website\",\"url\":\"https:\/\/gblexprimer.com\/\",\"name\":\"GBL Exprimer\",\"description\":\"\",\"publisher\":{\"@id\":\"https:\/\/gblexprimer.com\/#organization\"},\"potentialAction\":[{\"@type\":\"SearchAction\",\"target\":{\"@type\":\"EntryPoint\",\"urlTemplate\":\"https:\/\/gblexprimer.com\/?s={search_term_string}\"},\"query-input\":{\"@type\":\"PropertyValueSpecification\",\"valueRequired\":true,\"valueName\":\"search_term_string\"}}],\"inLanguage\":\"pt-PT\"},{\"@type\":\"Organization\",\"@id\":\"https:\/\/gblexprimer.com\/#organization\",\"name\":\"GBL Exprimer\",\"url\":\"https:\/\/gblexprimer.com\/\",\"logo\":{\"@type\":\"ImageObject\",\"inLanguage\":\"pt-PT\",\"@id\":\"https:\/\/gblexprimer.com\/#\/schema\/logo\/image\/\",\"url\":\"https:\/\/gblexprimer.com\/wp-content\/uploads\/2024\/01\/logo.png\",\"contentUrl\":\"https:\/\/gblexprimer.com\/wp-content\/uploads\/2024\/01\/logo.png\",\"width\":220,\"height\":80,\"caption\":\"GBL Exprimer\"},\"image\":{\"@id\":\"https:\/\/gblexprimer.com\/#\/schema\/logo\/image\/\"}}]}<\/script>\n<!-- \/ Yoast SEO plugin. -->","yoast_head_json":{"title":"Acheter de l'acide gamma-hydroxybutyrique (GHB) 500mg en ligne","description":"L'acide gamma-hydroxybutyrique (GHB) est un d\u00e9presseur du syst\u00e8me nerveux central qui poss\u00e8de \u00e0 la fois des d\u00e9riv\u00e9s \u00e0 usage m\u00e9dical et des usages r\u00e9cr\u00e9atifs illicites. Il pr\u00e9sente des risques importants, notamment la s\u00e9dation, la d\u00e9pression respiratoire et la d\u00e9pendance.","robots":{"index":"index","follow":"follow","max-snippet":"max-snippet:-1","max-image-preview":"max-image-preview:large","max-video-preview":"max-video-preview:-1"},"canonical":"https:\/\/gblexprimer.com\/pt\/produto\/heaven-pure-ecstasy-500-mg-\u03b3-hydroxybutyric-acid-ghb\/","og_locale":"pt_PT","og_type":"article","og_title":"Acheter de l'acide gamma-hydroxybutyrique (GHB) 500mg en ligne","og_description":"L'acide gamma-hydroxybutyrique (GHB) est un d\u00e9presseur du syst\u00e8me nerveux central qui poss\u00e8de \u00e0 la fois des d\u00e9riv\u00e9s \u00e0 usage m\u00e9dical et des usages r\u00e9cr\u00e9atifs illicites. Il pr\u00e9sente des risques importants, notamment la s\u00e9dation, la d\u00e9pression respiratoire et la d\u00e9pendance.","og_url":"https:\/\/gblexprimer.com\/pt\/produto\/heaven-pure-ecstasy-500-mg-\u03b3-hydroxybutyric-acid-ghb\/","og_site_name":"GBL Exprimer","article_modified_time":"2026-04-11T07:17:55+00:00","og_image":[{"width":600,"height":600,"url":"https:\/\/gblexprimer.com\/wp-content\/uploads\/2023\/12\/Heaven-Pure-Ecstasy-500-mg.jpg","type":"image\/jpeg"}],"twitter_card":"summary_large_image","twitter_misc":{"Tempo estimado de leitura":"4 minutos"},"schema":{"@context":"https:\/\/schema.org","@graph":[{"@type":"WebPage","@id":"https:\/\/gblexprimer.com\/product\/heaven-pure-ecstasy-500-mg-dacide-%ce%b3-hydroxybutyrique-ghb\/","url":"https:\/\/gblexprimer.com\/product\/heaven-pure-ecstasy-500-mg-dacide-%ce%b3-hydroxybutyrique-ghb\/","name":"Acheter de l'acide gamma-hydroxybutyrique (GHB) 500mg en ligne","isPartOf":{"@id":"https:\/\/gblexprimer.com\/#website"},"primaryImageOfPage":{"@id":"https:\/\/gblexprimer.com\/product\/heaven-pure-ecstasy-500-mg-dacide-%ce%b3-hydroxybutyrique-ghb\/#primaryimage"},"image":{"@id":"https:\/\/gblexprimer.com\/product\/heaven-pure-ecstasy-500-mg-dacide-%ce%b3-hydroxybutyrique-ghb\/#primaryimage"},"thumbnailUrl":"https:\/\/gblexprimer.com\/wp-content\/uploads\/2023\/12\/Heaven-Pure-Ecstasy-500-mg.jpg","datePublished":"2023-12-26T07:26:41+00:00","dateModified":"2026-04-11T07:17:55+00:00","description":"L'acide gamma-hydroxybutyrique (GHB) est un d\u00e9presseur du syst\u00e8me nerveux central qui poss\u00e8de \u00e0 la fois des d\u00e9riv\u00e9s \u00e0 usage m\u00e9dical et des usages r\u00e9cr\u00e9atifs illicites. Il pr\u00e9sente des risques importants, notamment la s\u00e9dation, la d\u00e9pression respiratoire et la d\u00e9pendance.","breadcrumb":{"@id":"https:\/\/gblexprimer.com\/product\/heaven-pure-ecstasy-500-mg-dacide-%ce%b3-hydroxybutyrique-ghb\/#breadcrumb"},"inLanguage":"pt-PT","potentialAction":[{"@type":"ReadAction","target":["https:\/\/gblexprimer.com\/product\/heaven-pure-ecstasy-500-mg-dacide-%ce%b3-hydroxybutyrique-ghb\/"]}]},{"@type":"ImageObject","inLanguage":"pt-PT","@id":"https:\/\/gblexprimer.com\/product\/heaven-pure-ecstasy-500-mg-dacide-%ce%b3-hydroxybutyrique-ghb\/#primaryimage","url":"https:\/\/gblexprimer.com\/wp-content\/uploads\/2023\/12\/Heaven-Pure-Ecstasy-500-mg.jpg","contentUrl":"https:\/\/gblexprimer.com\/wp-content\/uploads\/2023\/12\/Heaven-Pure-Ecstasy-500-mg.jpg","width":600,"height":600,"caption":"Gamma-Hydroxybutyrate GHB \u00e0 vendre"},{"@type":"BreadcrumbList","@id":"https:\/\/gblexprimer.com\/product\/heaven-pure-ecstasy-500-mg-dacide-%ce%b3-hydroxybutyrique-ghb\/#breadcrumb","itemListElement":[{"@type":"ListItem","position":1,"name":"Home","item":"https:\/\/gblexprimer.com\/"},{"@type":"ListItem","position":2,"name":"Shop","item":"https:\/\/gblexprimer.com\/shop\/"},{"@type":"ListItem","position":3,"name":"Heaven Pure Ecstasy 500 mg d&#8217;acide \u03b3-hydroxybutyrique (GHB)"}]},{"@type":"WebSite","@id":"https:\/\/gblexprimer.com\/#website","url":"https:\/\/gblexprimer.com\/","name":"GBL Express","description":"","publisher":{"@id":"https:\/\/gblexprimer.com\/#organization"},"potentialAction":[{"@type":"SearchAction","target":{"@type":"EntryPoint","urlTemplate":"https:\/\/gblexprimer.com\/?s={search_term_string}"},"query-input":{"@type":"PropertyValueSpecification","valueRequired":true,"valueName":"search_term_string"}}],"inLanguage":"pt-PT"},{"@type":"Organization","@id":"https:\/\/gblexprimer.com\/#organization","name":"GBL Express","url":"https:\/\/gblexprimer.com\/","logo":{"@type":"ImageObject","inLanguage":"pt-PT","@id":"https:\/\/gblexprimer.com\/#\/schema\/logo\/image\/","url":"https:\/\/gblexprimer.com\/wp-content\/uploads\/2024\/01\/logo.png","contentUrl":"https:\/\/gblexprimer.com\/wp-content\/uploads\/2024\/01\/logo.png","width":220,"height":80,"caption":"GBL Exprimer"},"image":{"@id":"https:\/\/gblexprimer.com\/#\/schema\/logo\/image\/"}}]}},"_links":{"self":[{"href":"https:\/\/gblexprimer.com\/pt\/wp-json\/wp\/v2\/product\/36","targetHints":{"allow":["GET"]}}],"collection":[{"href":"https:\/\/gblexprimer.com\/pt\/wp-json\/wp\/v2\/product"}],"about":[{"href":"https:\/\/gblexprimer.com\/pt\/wp-json\/wp\/v2\/types\/product"}],"replies":[{"embeddable":true,"href":"https:\/\/gblexprimer.com\/pt\/wp-json\/wp\/v2\/comments?post=36"}],"wp:featuredmedia":[{"embeddable":true,"href":"https:\/\/gblexprimer.com\/pt\/wp-json\/wp\/v2\/media\/99"}],"wp:attachment":[{"href":"https:\/\/gblexprimer.com\/pt\/wp-json\/wp\/v2\/media?parent=36"}],"wp:term":[{"taxonomy":"product_brand","embeddable":true,"href":"https:\/\/gblexprimer.com\/pt\/wp-json\/wp\/v2\/product_brand?post=36"},{"taxonomy":"product_cat","embeddable":true,"href":"https:\/\/gblexprimer.com\/pt\/wp-json\/wp\/v2\/product_cat?post=36"},{"taxonomy":"product_tag","embeddable":true,"href":"https:\/\/gblexprimer.com\/pt\/wp-json\/wp\/v2\/product_tag?post=36"}],"curies":[{"name":"wp","href":"https:\/\/api.w.org\/{rel}","templated":true}]}}