{"id":5038,"date":"2024-11-26T06:06:42","date_gmt":"2024-11-26T06:06:42","guid":{"rendered":"https:\/\/gblexprimer.com\/?post_type=product&#038;p=5038"},"modified":"2026-04-13T04:21:35","modified_gmt":"2026-04-13T04:21:35","slug":"poppers","status":"publish","type":"product","link":"https:\/\/gblexprimer.com\/pt\/produto\/poppers\/","title":{"rendered":"Estalinhos"},"content":{"rendered":"<h2><strong>Comprar Poppers Online na GBlexprimer<\/strong><\/h2>\n<p><strong>Compre alguns <a href=\"https:\/\/gblexprimer.com\/pt\/produto\/poppers\/\">poppers<\/a> aut\u00eantico e de alta qualidade<\/strong> sobre <strong>GBlexpress<\/strong>o fornecedor de confian\u00e7a para os seus <strong>poppers<\/strong>. Estes l\u00edquidos vol\u00e1teis, \u00e0 base de nitritos como o nitrito de propilo, de amilo ou de isobutilo, s\u00e3o conhecidos pelos seus efeitos relaxantes musculares imediatos e pela sua capacidade de melhorar as experi\u00eancias sensoriais. Perfeitos para uso recreativo ou pessoal, <strong>poppers<\/strong> s\u00e3o muito populares nas comunidades do partido e n\u00e3o s\u00f3. Em <a href=\"https:\/\/gblexprimer.com\/pt\/\"><strong>GBlexpress<\/strong><\/a>Garantimos uma experi\u00eancia de compra segura, uma entrega r\u00e1pida e discreta e uma vasta sele\u00e7\u00e3o de produtos. <strong>venda de poppers<\/strong>para satisfazer todas as necessidades<a href=\"https:\/\/gblexpress.com\/shop\/ko-tropfen-kaufen-online\/\">.<\/a><\/p>\n<h3><strong>Porqu\u00ea comprar poppers na GBlexprimer?<\/strong><\/h3>\n<h4><strong>Estalos de alta qualidade<\/strong><\/h4>\n<p>O nosso <a href=\"https:\/\/en.wikipedia.org\/wiki\/Poppers\"><strong>poppers<\/strong><\/a> s\u00e3o rigorosamente testados para garantir a sua autenticidade e seguran\u00e7a. Propomos marcas de renome, tais como <strong>Rush<\/strong>, <strong>Amesterd\u00e3o<\/strong>e <strong>Sumo da selva<\/strong>dispon\u00edveis numa s\u00e9rie de formatos.<\/p>\n<h4><strong>Entrega r\u00e1pida e discreta<\/strong><\/h4>\n<p>Com <strong>GBlexpress<\/strong>seu <strong>poppers<\/strong> s\u00e3o entregues rapidamente, embalados de forma discreta para garantir a sua confidencialidade.<\/p>\n<h4><strong>Pagamento seguro<\/strong><\/h4>\n<p>Desfrute de pagamentos seguros e de uma experi\u00eancia de compras sem complica\u00e7\u00f5es na nossa plataforma fi\u00e1vel.<\/p>\n<h4><strong>Pr\u00e9mios competitivos<\/strong><\/h4>\n<p>O nosso <strong>venda de poppers<\/strong> s\u00e3o oferecidos a pre\u00e7os competitivos, com descontos para encomendas em grandes quantidades.<\/p>\n<h3><strong>Aplica\u00e7\u00f5es e utiliza\u00e7\u00f5es dos poppers<\/strong><\/h3>\n<h4><strong>Relaxamento muscular<\/strong><\/h4>\n<p>O <a href=\"https:\/\/gblexprimer.com\/pt\/produto\/esteroides-2\/\"><strong>poppers<\/strong><\/a> s\u00e3o conhecidos pela sua capacidade de relaxar rapidamente os m\u00fasculos, proporcionando uma sensa\u00e7\u00e3o imediata de bem-estar.<\/p>\n<h4><strong>Melhorar as experi\u00eancias festivas<\/strong><\/h4>\n<p>Muito popular em clubes e festas, o <strong>poppers<\/strong> intensificam as sensa\u00e7\u00f5es e conferem uma dimens\u00e3o \u00fanica aos momentos festivos.<\/p>\n<h4><strong>Bem-estar pessoal<\/strong><\/h4>\n<p>Para al\u00e9m da sua utiliza\u00e7\u00e3o festiva, os <strong>poppers<\/strong> s\u00e3o tamb\u00e9m utilizados para promover o relaxamento em contextos pessoais.<\/p>\n<h3><strong>Comprar Poppers online hoje<\/strong><\/h3>\n<p>Quer esteja \u00e0 procura de <strong>Estalos de corrida<\/strong>, <strong>Amesterd\u00e3o<\/strong>ou outras marcas conhecidas, <strong>GBlexpress<\/strong> \u00e9 a sua escolha n\u00famero um. Oferecemos <strong>aut\u00eanticos poppers<\/strong>entregue de forma r\u00e1pida e discreta. <strong>Comprar poppers online<\/strong> hoje e descubra porque \u00e9 que somos o fornecedor preferido dos consumidores em todo o mundo. <a href=\"https:\/\/gblexprimer.com\/pt\/produto\/poppers\/\">Meilleures ventes<\/a><\/p>","protected":false},"excerpt":{"rendered":"<p><strong>Estalinhos<\/strong>ou nitratos de alquilo, s\u00e3o compostos qu\u00edmicos amplamente conhecidos pelos seus r\u00e1pidos efeitos relaxantes e vasodilatadores. Utilizados para fins recreativos ou cient\u00edficos, actuam dilatando os vasos sangu\u00edneos, promovendo o relaxamento muscular e uma sensa\u00e7\u00e3o tempor\u00e1ria de bem-estar. Os <strong>poppers<\/strong> est\u00e3o tamb\u00e9m a ser estudados em laborat\u00f3rio pelas suas aplica\u00e7\u00f5es cardiovasculares e efeitos qu\u00edmicos \u00fanicos.<\/p>\n<h3><strong>Como \u00e9 que os Poppers funcionam?<\/strong><\/h3>\n<p>O <strong>poppers<\/strong> libertam \u00f3xido n\u00edtrico (NO), que dilata imediatamente os vasos sangu\u00edneos e relaxa os m\u00fasculos.<\/p>\n<ul>\n<li><strong>Principais efeitos :<\/strong> Relaxamento r\u00e1pido, sensa\u00e7\u00e3o de calor e melhoria tempor\u00e1ria da circula\u00e7\u00e3o sangu\u00ednea.<\/li>\n<li><strong>Modo de a\u00e7\u00e3o :<\/strong> Inala\u00e7\u00e3o direta para uma absor\u00e7\u00e3o r\u00e1pida e efeitos imediatos.<\/li>\n<li><strong>Dura\u00e7\u00e3o:<\/strong> Apenas alguns minutos.<\/li>\n<\/ul>\n<h3><strong>F\u00f3rmula e dados<\/strong><\/h3>\n<ul>\n<li><strong>Principais compostos :<\/strong>\n<ul>\n<li>Nitrito de amilo (C5H11ONO)<\/li>\n<li>Nitrito de butilo (C4H9ONO)<\/li>\n<li>Nitrito de isobutilo (C4H9ONO)<\/li>\n<\/ul>\n<\/li>\n<\/ul>","protected":false},"featured_media":5281,"comment_status":"open","ping_status":"closed","template":"","meta":{"site-sidebar-layout":"default","site-content-layout":"","ast-site-content-layout":"default","site-content-style":"default","site-sidebar-style":"default","ast-global-header-display":"","ast-banner-title-visibility":"","ast-main-header-display":"","ast-hfb-above-header-display":"","ast-hfb-below-header-display":"","ast-hfb-mobile-header-display":"","site-post-title":"","ast-breadcrumbs-content":"","ast-featured-img":"","footer-sml-layout":"","theme-transparent-header-meta":"default","adv-header-id-meta":"","stick-header-meta":"","header-above-stick-meta":"","header-main-stick-meta":"","header-below-stick-meta":"","astra-migrate-meta-layouts":"set","ast-page-background-enabled":"default","ast-page-background-meta":{"desktop":{"background-color":"","background-image":"","background-repeat":"repeat","background-position":"center center","background-size":"auto","background-attachment":"scroll","background-type":"","background-media":"","overlay-type":"","overlay-color":"","overlay-opacity":"","overlay-gradient":""},"tablet":{"background-color":"","background-image":"","background-repeat":"repeat","background-position":"center center","background-size":"auto","background-attachment":"scroll","background-type":"","background-media":"","overlay-type":"","overlay-color":"","overlay-opacity":"","overlay-gradient":""},"mobile":{"background-color":"","background-image":"","background-repeat":"repeat","background-position":"center center","background-size":"auto","background-attachment":"scroll","background-type":"","background-media":"","overlay-type":"","overlay-color":"","overlay-opacity":"","overlay-gradient":""}},"ast-content-background-meta":{"desktop":{"background-color":"var(--ast-global-color-5)","background-image":"","background-repeat":"repeat","background-position":"center center","background-size":"auto","background-attachment":"scroll","background-type":"","background-media":"","overlay-type":"","overlay-color":"","overlay-opacity":"","overlay-gradient":""},"tablet":{"background-color":"var(--ast-global-color-5)","background-image":"","background-repeat":"repeat","background-position":"center center","background-size":"auto","background-attachment":"scroll","background-type":"","background-media":"","overlay-type":"","overlay-color":"","overlay-opacity":"","overlay-gradient":""},"mobile":{"background-color":"var(--ast-global-color-5)","background-image":"","background-repeat":"repeat","background-position":"center center","background-size":"auto","background-attachment":"scroll","background-type":"","background-media":"","overlay-type":"","overlay-color":"","overlay-opacity":"","overlay-gradient":""}},"_joinchat":[]},"product_brand":[],"product_cat":[141],"product_tag":[335,350,352,343,348,345,353,336,338,342,344,339,346,355,351,341,347,354,337,349,340],"class_list":{"0":"post-5038","1":"product","2":"type-product","3":"status-publish","4":"has-post-thumbnail","6":"product_cat-sex-meth","7":"product_tag-achetez-poppers","8":"product_tag-commandez-poppers-maintenant","9":"product_tag-fournisseurs-de-poppers-fiables","10":"product_tag-fournisseurs-fiables-de-poppers","11":"product_tag-meilleurs-poppers-en-ligne","12":"product_tag-nitrites-de-propyle","13":"product_tag-ou-acheter-des-poppers","14":"product_tag-poppers-a-vendre","15":"product_tag-poppers-amsterdam","16":"product_tag-poppers-authentiques-en-ligne","17":"product_tag-poppers-de-haute-qualite","18":"product_tag-poppers-jungle-juice","19":"product_tag-poppers-livraison-rapide","20":"product_tag-poppers-populaires","21":"product_tag-poppers-pour-communaute-lgbtq","22":"product_tag-poppers-pour-soirees","23":"product_tag-poppers-prix-abordables","24":"product_tag-poppers-recreatifs","25":"product_tag-poppers-rush","26":"product_tag-produits-premium-poppers","27":"product_tag-relaxation-musculaire-poppers","28":"desktop-align-left","29":"tablet-align-left","30":"mobile-align-left","32":"first","33":"instock","34":"shipping-taxable","35":"purchasable","36":"product-type-variable"},"yoast_head":"<!-- This site is optimized with the Yoast SEO plugin v26.9 - https:\/\/yoast.com\/product\/yoast-seo-wordpress\/ -->\n<title>Achetez des Poppers en Ligne | Haute Qualit\u00e9 et Livraison Rapide<\/title>\n<meta name=\"description\" content=\"Achetez des poppers authentiques en ligne sur GBlexprimer. Produits de qualit\u00e9 sup\u00e9rieure : Rush, Amsterdam, Jungle Juice. Livraison rapide et discr\u00e8te. Commandez maintenant !\" \/>\n<meta name=\"robots\" content=\"index, follow, max-snippet:-1, max-image-preview:large, max-video-preview:-1\" \/>\n<link rel=\"canonical\" href=\"https:\/\/gblexprimer.com\/pt\/produto\/poppers\/\" \/>\n<meta property=\"og:locale\" content=\"pt_PT\" \/>\n<meta property=\"og:type\" content=\"article\" \/>\n<meta property=\"og:title\" content=\"Achetez des Poppers en Ligne | Haute Qualit\u00e9 et Livraison Rapide\" \/>\n<meta property=\"og:description\" content=\"Achetez des poppers authentiques en ligne sur GBlexprimer. Produits de qualit\u00e9 sup\u00e9rieure : Rush, Amsterdam, Jungle Juice. Livraison rapide et discr\u00e8te. Commandez maintenant !\" \/>\n<meta property=\"og:url\" content=\"https:\/\/gblexprimer.com\/pt\/produto\/poppers\/\" \/>\n<meta property=\"og:site_name\" content=\"GBL Exprimer\" \/>\n<meta property=\"article:modified_time\" content=\"2026-04-13T04:21:35+00:00\" \/>\n<meta property=\"og:image\" content=\"https:\/\/gblexprimer.com\/wp-content\/uploads\/2024\/11\/Poppers.jpg\" \/>\n\t<meta property=\"og:image:width\" content=\"600\" \/>\n\t<meta property=\"og:image:height\" content=\"600\" \/>\n\t<meta property=\"og:image:type\" content=\"image\/jpeg\" \/>\n<meta name=\"twitter:card\" content=\"summary_large_image\" \/>\n<meta name=\"twitter:label1\" content=\"Tempo estimado de leitura\" \/>\n\t<meta name=\"twitter:data1\" content=\"2 minutos\" \/>\n<script type=\"application\/ld+json\" class=\"yoast-schema-graph\">{\"@context\":\"https:\/\/schema.org\",\"@graph\":[{\"@type\":\"WebPage\",\"@id\":\"https:\/\/gblexprimer.com\/product\/poppers\/\",\"url\":\"https:\/\/gblexprimer.com\/product\/poppers\/\",\"name\":\"Achetez des Poppers en Ligne | Haute Qualit\u00e9 et Livraison Rapide\",\"isPartOf\":{\"@id\":\"https:\/\/gblexprimer.com\/#website\"},\"primaryImageOfPage\":{\"@id\":\"https:\/\/gblexprimer.com\/product\/poppers\/#primaryimage\"},\"image\":{\"@id\":\"https:\/\/gblexprimer.com\/product\/poppers\/#primaryimage\"},\"thumbnailUrl\":\"https:\/\/gblexprimer.com\/wp-content\/uploads\/2024\/11\/Poppers.jpg\",\"datePublished\":\"2024-11-26T06:06:42+00:00\",\"dateModified\":\"2026-04-13T04:21:35+00:00\",\"description\":\"Achetez des poppers authentiques en ligne sur GBlexprimer. Produits de qualit\u00e9 sup\u00e9rieure : Rush, Amsterdam, Jungle Juice. Livraison rapide et discr\u00e8te. Commandez maintenant !\",\"breadcrumb\":{\"@id\":\"https:\/\/gblexprimer.com\/product\/poppers\/#breadcrumb\"},\"inLanguage\":\"pt-PT\",\"potentialAction\":[{\"@type\":\"ReadAction\",\"target\":[\"https:\/\/gblexprimer.com\/product\/poppers\/\"]}]},{\"@type\":\"ImageObject\",\"inLanguage\":\"pt-PT\",\"@id\":\"https:\/\/gblexprimer.com\/product\/poppers\/#primaryimage\",\"url\":\"https:\/\/gblexprimer.com\/wp-content\/uploads\/2024\/11\/Poppers.jpg\",\"contentUrl\":\"https:\/\/gblexprimer.com\/wp-content\/uploads\/2024\/11\/Poppers.jpg\",\"width\":600,\"height\":600,\"caption\":\"Poppers\"},{\"@type\":\"BreadcrumbList\",\"@id\":\"https:\/\/gblexprimer.com\/product\/poppers\/#breadcrumb\",\"itemListElement\":[{\"@type\":\"ListItem\",\"position\":1,\"name\":\"Home\",\"item\":\"https:\/\/gblexprimer.com\/\"},{\"@type\":\"ListItem\",\"position\":2,\"name\":\"Shop\",\"item\":\"https:\/\/gblexprimer.com\/shop\/\"},{\"@type\":\"ListItem\",\"position\":3,\"name\":\"Poppers\"}]},{\"@type\":\"WebSite\",\"@id\":\"https:\/\/gblexprimer.com\/#website\",\"url\":\"https:\/\/gblexprimer.com\/\",\"name\":\"GBL Exprimer\",\"description\":\"\",\"publisher\":{\"@id\":\"https:\/\/gblexprimer.com\/#organization\"},\"potentialAction\":[{\"@type\":\"SearchAction\",\"target\":{\"@type\":\"EntryPoint\",\"urlTemplate\":\"https:\/\/gblexprimer.com\/?s={search_term_string}\"},\"query-input\":{\"@type\":\"PropertyValueSpecification\",\"valueRequired\":true,\"valueName\":\"search_term_string\"}}],\"inLanguage\":\"pt-PT\"},{\"@type\":\"Organization\",\"@id\":\"https:\/\/gblexprimer.com\/#organization\",\"name\":\"GBL Exprimer\",\"url\":\"https:\/\/gblexprimer.com\/\",\"logo\":{\"@type\":\"ImageObject\",\"inLanguage\":\"pt-PT\",\"@id\":\"https:\/\/gblexprimer.com\/#\/schema\/logo\/image\/\",\"url\":\"https:\/\/gblexprimer.com\/wp-content\/uploads\/2024\/01\/logo.png\",\"contentUrl\":\"https:\/\/gblexprimer.com\/wp-content\/uploads\/2024\/01\/logo.png\",\"width\":220,\"height\":80,\"caption\":\"GBL Exprimer\"},\"image\":{\"@id\":\"https:\/\/gblexprimer.com\/#\/schema\/logo\/image\/\"}}]}<\/script>\n<!-- \/ Yoast SEO plugin. -->","yoast_head_json":{"title":"Comprar Poppers Online | Alta Qualidade e Entrega R\u00e1pida","description":"Comprar poppers aut\u00eanticos online na GBlexprimer. Produtos de alta qualidade: Rush, Amsterdam, Jungle Juice. Entrega r\u00e1pida e discreta. Encomenda j\u00e1!","robots":{"index":"index","follow":"follow","max-snippet":"max-snippet:-1","max-image-preview":"max-image-preview:large","max-video-preview":"max-video-preview:-1"},"canonical":"https:\/\/gblexprimer.com\/pt\/produto\/poppers\/","og_locale":"pt_PT","og_type":"article","og_title":"Achetez des Poppers en Ligne | Haute Qualit\u00e9 et Livraison Rapide","og_description":"Achetez des poppers authentiques en ligne sur GBlexprimer. Produits de qualit\u00e9 sup\u00e9rieure : Rush, Amsterdam, Jungle Juice. Livraison rapide et discr\u00e8te. Commandez maintenant !","og_url":"https:\/\/gblexprimer.com\/pt\/produto\/poppers\/","og_site_name":"GBL Exprimer","article_modified_time":"2026-04-13T04:21:35+00:00","og_image":[{"width":600,"height":600,"url":"https:\/\/gblexprimer.com\/wp-content\/uploads\/2024\/11\/Poppers.jpg","type":"image\/jpeg"}],"twitter_card":"summary_large_image","twitter_misc":{"Tempo estimado de leitura":"2 minutos"},"schema":{"@context":"https:\/\/schema.org","@graph":[{"@type":"WebPage","@id":"https:\/\/gblexprimer.com\/product\/poppers\/","url":"https:\/\/gblexprimer.com\/product\/poppers\/","name":"Comprar Poppers Online | Alta Qualidade e Entrega R\u00e1pida","isPartOf":{"@id":"https:\/\/gblexprimer.com\/#website"},"primaryImageOfPage":{"@id":"https:\/\/gblexprimer.com\/product\/poppers\/#primaryimage"},"image":{"@id":"https:\/\/gblexprimer.com\/product\/poppers\/#primaryimage"},"thumbnailUrl":"https:\/\/gblexprimer.com\/wp-content\/uploads\/2024\/11\/Poppers.jpg","datePublished":"2024-11-26T06:06:42+00:00","dateModified":"2026-04-13T04:21:35+00:00","description":"Comprar poppers aut\u00eanticos online na GBlexprimer. Produtos de alta qualidade: Rush, Amsterdam, Jungle Juice. Entrega r\u00e1pida e discreta. Encomenda j\u00e1!","breadcrumb":{"@id":"https:\/\/gblexprimer.com\/product\/poppers\/#breadcrumb"},"inLanguage":"pt-PT","potentialAction":[{"@type":"ReadAction","target":["https:\/\/gblexprimer.com\/product\/poppers\/"]}]},{"@type":"ImageObject","inLanguage":"pt-PT","@id":"https:\/\/gblexprimer.com\/product\/poppers\/#primaryimage","url":"https:\/\/gblexprimer.com\/wp-content\/uploads\/2024\/11\/Poppers.jpg","contentUrl":"https:\/\/gblexprimer.com\/wp-content\/uploads\/2024\/11\/Poppers.jpg","width":600,"height":600,"caption":"Poppers"},{"@type":"BreadcrumbList","@id":"https:\/\/gblexprimer.com\/product\/poppers\/#breadcrumb","itemListElement":[{"@type":"ListItem","position":1,"name":"Home","item":"https:\/\/gblexprimer.com\/"},{"@type":"ListItem","position":2,"name":"Shop","item":"https:\/\/gblexprimer.com\/shop\/"},{"@type":"ListItem","position":3,"name":"Poppers"}]},{"@type":"WebSite","@id":"https:\/\/gblexprimer.com\/#website","url":"https:\/\/gblexprimer.com\/","name":"GBL Express","description":"","publisher":{"@id":"https:\/\/gblexprimer.com\/#organization"},"potentialAction":[{"@type":"SearchAction","target":{"@type":"EntryPoint","urlTemplate":"https:\/\/gblexprimer.com\/?s={search_term_string}"},"query-input":{"@type":"PropertyValueSpecification","valueRequired":true,"valueName":"search_term_string"}}],"inLanguage":"pt-PT"},{"@type":"Organization","@id":"https:\/\/gblexprimer.com\/#organization","name":"GBL Express","url":"https:\/\/gblexprimer.com\/","logo":{"@type":"ImageObject","inLanguage":"pt-PT","@id":"https:\/\/gblexprimer.com\/#\/schema\/logo\/image\/","url":"https:\/\/gblexprimer.com\/wp-content\/uploads\/2024\/01\/logo.png","contentUrl":"https:\/\/gblexprimer.com\/wp-content\/uploads\/2024\/01\/logo.png","width":220,"height":80,"caption":"GBL Exprimer"},"image":{"@id":"https:\/\/gblexprimer.com\/#\/schema\/logo\/image\/"}}]}},"_links":{"self":[{"href":"https:\/\/gblexprimer.com\/pt\/wp-json\/wp\/v2\/product\/5038","targetHints":{"allow":["GET"]}}],"collection":[{"href":"https:\/\/gblexprimer.com\/pt\/wp-json\/wp\/v2\/product"}],"about":[{"href":"https:\/\/gblexprimer.com\/pt\/wp-json\/wp\/v2\/types\/product"}],"replies":[{"embeddable":true,"href":"https:\/\/gblexprimer.com\/pt\/wp-json\/wp\/v2\/comments?post=5038"}],"wp:featuredmedia":[{"embeddable":true,"href":"https:\/\/gblexprimer.com\/pt\/wp-json\/wp\/v2\/media\/5281"}],"wp:attachment":[{"href":"https:\/\/gblexprimer.com\/pt\/wp-json\/wp\/v2\/media?parent=5038"}],"wp:term":[{"taxonomy":"product_brand","embeddable":true,"href":"https:\/\/gblexprimer.com\/pt\/wp-json\/wp\/v2\/product_brand?post=5038"},{"taxonomy":"product_cat","embeddable":true,"href":"https:\/\/gblexprimer.com\/pt\/wp-json\/wp\/v2\/product_cat?post=5038"},{"taxonomy":"product_tag","embeddable":true,"href":"https:\/\/gblexprimer.com\/pt\/wp-json\/wp\/v2\/product_tag?post=5038"}],"curies":[{"name":"wp","href":"https:\/\/api.w.org\/{rel}","templated":true}]}}