{"id":5048,"date":"2024-11-26T06:13:51","date_gmt":"2024-11-26T06:13:51","guid":{"rendered":"https:\/\/gblexprimer.com\/?post_type=product&#038;p=5048"},"modified":"2026-04-13T04:21:44","modified_gmt":"2026-04-13T04:21:44","slug":"esteroides-2","status":"publish","type":"product","link":"https:\/\/gblexprimer.com\/pt\/produto\/esteroides-2\/","title":{"rendered":"Ester\u00f3ides"},"content":{"rendered":"<h2><strong>Comprar ester\u00f3ides (Sterydy) online em GBlexprimer<\/strong><\/h2>\n<p><a href=\"https:\/\/gblexprimer.com\/pt\/produto\/esteroides-2\/\"><strong>Ester\u00f3ides<\/strong><\/a>tamb\u00e9m conhecido como <strong>Sterydy<\/strong>s\u00e3o compostos sint\u00e9ticos utilizados para melhorar o desempenho f\u00edsico, melhorar a massa muscular e, por vezes, para fins m\u00e9dicos. Estes produtos s\u00e3o apreciados por atletas, culturistas e indiv\u00edduos que procuram maximizar a sua for\u00e7a e resist\u00eancia. Em <a href=\"https:\/\/gblexprimer.com\/pt\/\"><strong>GBlexpress<\/strong><\/a>Oferecemos uma vasta gama de <strong>ester\u00f3ides de alta qualidade<\/strong>rigorosamente testados, com op\u00e7\u00f5es de entrega r\u00e1pida e discreta para satisfazer as suas necessidades Comprar ester\u00f3ides<a href=\"https:\/\/gblexpress.com\/shop\/tilidin-ratiopharm-plus-50-4-mg-tilidin-naloxon\/\">.<\/a><\/p>\n<p><strong>Dianabol 10mg<\/strong><br \/>\n<strong>Anavar 50mg<\/strong><br \/>\n<strong>Testosterona 250mg<\/strong><br \/>\n<strong>Deca Durabin 300mg<\/strong><\/p>\n<h3><strong>Porqu\u00ea escolher o GBlexprimer para os seus ester\u00f3ides?<\/strong><\/h3>\n<h4><strong>Ester\u00f3ides de alta qualidade<\/strong><\/h4>\n<p>O nosso <a href=\"https:\/\/en.wikipedia.org\/wiki\/Steroid\"><strong>ester\u00f3ides<\/strong><\/a> s\u00e3o selecionados pela sua efic\u00e1cia e seguran\u00e7a. Oferecemos produtos aut\u00eanticos, incluindo marcas bem conhecidas como <strong>Dianabol<\/strong>, <strong>Testosterona<\/strong>, <strong>Anavar<\/strong>, <strong>Trenbolona<\/strong>e muito mais<a href=\"https:\/\/gblexprimer.com\/pt\/produto\/buy-alprazolam-powder-100g-online\/\">.<\/a><\/p>\n<h4><strong>Entrega r\u00e1pida e discreta<\/strong><\/h4>\n<p>Com o GBlexprimer, o seu <strong>ester\u00f3ides<\/strong> s\u00e3o entregues rapidamente, em embalagens discretas para garantir a sua confidencialidade.<\/p>\n<h4><strong>Pagamentos seguros<\/strong><\/h4>\n<p>Oferecemos m\u00e9todos de pagamento seguros para uma experi\u00eancia de compra sem preocupa\u00e7\u00f5es.<\/p>\n<h4><strong>Pr\u00e9mios competitivos<\/strong><\/h4>\n<p>Tirar partido de <a href=\"https:\/\/gblexprimer.com\/pt\/produto\/testosterona-250mg\/\"><strong>melhores pre\u00e7os de ester\u00f3ides<\/strong><\/a>com op\u00e7\u00f5es para encomendas individuais ou por grosso.<\/p>\n<h3><strong>Aplica\u00e7\u00f5es e utiliza\u00e7\u00f5es dos ester\u00f3ides (Sterydy)<\/strong><\/h3>\n<h4><strong>Melhorar o desempenho f\u00edsico<\/strong><\/h4>\n<p>Os ester\u00f3ides s\u00e3o apreciados por atletas e culturistas para aumentar a sua for\u00e7a, resist\u00eancia e capacidade de recupera\u00e7\u00e3o.<\/p>\n<h4><strong>Constru\u00e7\u00e3o de massa muscular<\/strong><\/h4>\n<p>Utilizado em sess\u00f5es de treino intensas, o <strong>ester\u00f3ides<\/strong> contribuem para um r\u00e1pido aumento da massa muscular e uma melhor defini\u00e7\u00e3o corporal.<\/p>\n<h4><strong>Aplica\u00e7\u00f5es m\u00e9dicas<\/strong><\/h4>\n<p>Alguns ester\u00f3ides, tais como <strong>testosterona<\/strong> ou corticoster\u00f3ides, s\u00e3o prescritos para tratar perturba\u00e7\u00f5es hormonais ou reduzir a inflama\u00e7\u00e3o.<\/p>\n<h3><strong>Comprar ester\u00f3ides (Sterydy) online hoje<\/strong><\/h3>\n<p>Quer esteja \u00e0 procura de <strong>ester\u00f3ides orais<\/strong>e <strong>ester\u00f3ides inject\u00e1veis<\/strong>ou produtos espec\u00edficos, tais como <strong>Dianabol<\/strong> ou o <strong>Trenbolona<\/strong>, <strong>GBlexpress<\/strong> \u00e9 o seu fornecedor de confian\u00e7a. Os nossos produtos s\u00e3o aut\u00eanticos, as nossas entregas s\u00e3o r\u00e1pidas e o nosso servi\u00e7o de apoio ao cliente \u00e9 excecional. <strong>Comprar ester\u00f3ides online hoje<\/strong> e descubra porque \u00e9 que somos a escolha preferida de atletas e culturistas. <a href=\"https:\/\/gblexprimer.com\/pt\/produto\/esteroides-2\/\">Produits de confiance<\/a><\/p>","protected":false},"excerpt":{"rendered":"<p><strong>Sterydy<\/strong>ou <strong>ester\u00f3ides<\/strong>s\u00e3o compostos org\u00e2nicos sint\u00e9ticos ou naturais, amplamente utilizados pelas suas propriedades anabolizantes e pelos seus efeitos nos processos metab\u00f3licos. S\u00e3o normalmente estudados pelo seu papel na melhoria do desempenho, na regenera\u00e7\u00e3o muscular e em tratamentos m\u00e9dicos. Os <strong>ester\u00f3ides<\/strong> est\u00e3o tamb\u00e9m a ser explorados em laborat\u00f3rio pelo seu impacto no desenvolvimento celular e na regula\u00e7\u00e3o hormonal.<\/p>\n<h3><strong>Como \u00e9 que o Sterydy funciona?<\/strong><\/h3>\n<p>O <strong>ester\u00f3ides<\/strong> actuam imitando as hormonas naturais, tais como <strong>testosterona<\/strong>Isto estimula o crescimento muscular e melhora a recupera\u00e7\u00e3o.<\/p>\n<ul>\n<li><strong>Principais efeitos :<\/strong> Aumenta a s\u00edntese proteica, estimula o crescimento muscular e reduz a inflama\u00e7\u00e3o.<\/li>\n<li><strong>Modo de a\u00e7\u00e3o :<\/strong> Liga\u00e7\u00e3o aos receptores hormonais para ativar processos anab\u00f3licos nas c\u00e9lulas.<\/li>\n<li><strong>Dura\u00e7\u00e3o dos efeitos :<\/strong> Varia consoante o tipo de esteroide e o m\u00e9todo de administra\u00e7\u00e3o.<\/li>\n<\/ul>\n<h3><strong>F\u00f3rmula e dados<\/strong><\/h3>\n<ul>\n<li><strong>Tipos comuns :<\/strong>\n<ul>\n<li><strong>Ester\u00f3ides anabolizantes<\/strong> Testosterona, Nandrolona.<\/li>\n<li><strong>Corticoster\u00f3ides ester\u00f3ides<\/strong> Prednisolona, Dexametasona.<\/li>\n<\/ul>\n<\/li>\n<li><strong>F\u00f3rmulas moleculares :<\/strong> Depende do composto espec\u00edfico (por exemplo, C19H28O2 para a testosterona).<\/li>\n<\/ul>","protected":false},"featured_media":5278,"comment_status":"open","ping_status":"closed","template":"","meta":{"site-sidebar-layout":"default","site-content-layout":"","ast-site-content-layout":"default","site-content-style":"default","site-sidebar-style":"default","ast-global-header-display":"","ast-banner-title-visibility":"","ast-main-header-display":"","ast-hfb-above-header-display":"","ast-hfb-below-header-display":"","ast-hfb-mobile-header-display":"","site-post-title":"","ast-breadcrumbs-content":"","ast-featured-img":"","footer-sml-layout":"","theme-transparent-header-meta":"default","adv-header-id-meta":"","stick-header-meta":"","header-above-stick-meta":"","header-main-stick-meta":"","header-below-stick-meta":"","astra-migrate-meta-layouts":"set","ast-page-background-enabled":"default","ast-page-background-meta":{"desktop":{"background-color":"","background-image":"","background-repeat":"repeat","background-position":"center center","background-size":"auto","background-attachment":"scroll","background-type":"","background-media":"","overlay-type":"","overlay-color":"","overlay-opacity":"","overlay-gradient":""},"tablet":{"background-color":"","background-image":"","background-repeat":"repeat","background-position":"center center","background-size":"auto","background-attachment":"scroll","background-type":"","background-media":"","overlay-type":"","overlay-color":"","overlay-opacity":"","overlay-gradient":""},"mobile":{"background-color":"","background-image":"","background-repeat":"repeat","background-position":"center center","background-size":"auto","background-attachment":"scroll","background-type":"","background-media":"","overlay-type":"","overlay-color":"","overlay-opacity":"","overlay-gradient":""}},"ast-content-background-meta":{"desktop":{"background-color":"var(--ast-global-color-5)","background-image":"","background-repeat":"repeat","background-position":"center center","background-size":"auto","background-attachment":"scroll","background-type":"","background-media":"","overlay-type":"","overlay-color":"","overlay-opacity":"","overlay-gradient":""},"tablet":{"background-color":"var(--ast-global-color-5)","background-image":"","background-repeat":"repeat","background-position":"center center","background-size":"auto","background-attachment":"scroll","background-type":"","background-media":"","overlay-type":"","overlay-color":"","overlay-opacity":"","overlay-gradient":""},"mobile":{"background-color":"var(--ast-global-color-5)","background-image":"","background-repeat":"repeat","background-position":"center center","background-size":"auto","background-attachment":"scroll","background-type":"","background-media":"","overlay-type":"","overlay-color":"","overlay-opacity":"","overlay-gradient":""}},"_joinchat":[]},"product_brand":[],"product_cat":[141],"product_tag":[356,362,360,375,361,365,374,370,372,371,357,358,368,369,376,373,366,367,359,364,363],"class_list":{"0":"post-5048","1":"product","2":"type-product","3":"status-publish","4":"has-post-thumbnail","6":"product_cat-sex-meth","7":"product_tag-achetez-steroides","8":"product_tag-anavar-authentique","9":"product_tag-commandez-steroides-en-ligne","10":"product_tag-commandez-sterydy-maintenant","11":"product_tag-dianabol-a-vendre","12":"product_tag-fournisseurs-fiables-de-steroides","13":"product_tag-meilleurs-steroides-en-ligne","14":"product_tag-ou-acheter-des-steroides","15":"product_tag-prix-abordables-pour-steroides","16":"product_tag-produits-premium-steroides","17":"product_tag-steroides-a-vendre","18":"product_tag-steroides-authentiques","19":"product_tag-steroides-injectables","20":"product_tag-steroides-oraux","21":"product_tag-steroides-pour-athletes-et-bodybuilders","22":"product_tag-steroides-pour-force-et-endurance","23":"product_tag-steroides-pour-musculation","24":"product_tag-steroides-pour-performance-sportive","25":"product_tag-sterydy-de-haute-qualite","26":"product_tag-testosterone-livraison-rapide","27":"product_tag-trenbolone-pure","28":"desktop-align-left","29":"tablet-align-left","30":"mobile-align-left","32":"first","33":"instock","34":"shipping-taxable","35":"purchasable","36":"product-type-variable"},"yoast_head":"<!-- This site is optimized with the Yoast SEO plugin v26.9 - https:\/\/yoast.com\/product\/yoast-seo-wordpress\/ -->\n<title>Achetez des St\u00e9ro\u00efdes (Sterydy) en Ligne | Haute Qualit\u00e9<\/title>\n<meta name=\"description\" content=\"Achetez des st\u00e9ro\u00efdes (Sterydy) en ligne sur GBlexprimer. Produits authentiques pour performances physiques et musculation. Livraison rapide et paiement s\u00e9curis\u00e9. Commandez maintenant !\" \/>\n<meta name=\"robots\" content=\"index, follow, max-snippet:-1, max-image-preview:large, max-video-preview:-1\" \/>\n<link rel=\"canonical\" href=\"https:\/\/gblexprimer.com\/pt\/produto\/esteroides-2\/\" \/>\n<meta property=\"og:locale\" content=\"pt_PT\" \/>\n<meta property=\"og:type\" content=\"article\" \/>\n<meta property=\"og:title\" content=\"Achetez des St\u00e9ro\u00efdes (Sterydy) en Ligne | Haute Qualit\u00e9\" \/>\n<meta property=\"og:description\" content=\"Achetez des st\u00e9ro\u00efdes (Sterydy) en ligne sur GBlexprimer. Produits authentiques pour performances physiques et musculation. Livraison rapide et paiement s\u00e9curis\u00e9. Commandez maintenant !\" \/>\n<meta property=\"og:url\" content=\"https:\/\/gblexprimer.com\/pt\/produto\/esteroides-2\/\" \/>\n<meta property=\"og:site_name\" content=\"GBL Exprimer\" \/>\n<meta property=\"article:modified_time\" content=\"2026-04-13T04:21:44+00:00\" \/>\n<meta property=\"og:image\" content=\"https:\/\/gblexprimer.com\/wp-content\/uploads\/2024\/11\/Steroides.jpg\" \/>\n\t<meta property=\"og:image:width\" content=\"600\" \/>\n\t<meta property=\"og:image:height\" content=\"600\" \/>\n\t<meta property=\"og:image:type\" content=\"image\/jpeg\" \/>\n<meta name=\"twitter:card\" content=\"summary_large_image\" \/>\n<meta name=\"twitter:label1\" content=\"Tempo estimado de leitura\" \/>\n\t<meta name=\"twitter:data1\" content=\"2 minutos\" \/>\n<script type=\"application\/ld+json\" class=\"yoast-schema-graph\">{\"@context\":\"https:\/\/schema.org\",\"@graph\":[{\"@type\":\"WebPage\",\"@id\":\"https:\/\/gblexprimer.com\/product\/steroides\/\",\"url\":\"https:\/\/gblexprimer.com\/product\/steroides\/\",\"name\":\"Achetez des St\u00e9ro\u00efdes (Sterydy) en Ligne | Haute Qualit\u00e9\",\"isPartOf\":{\"@id\":\"https:\/\/gblexprimer.com\/#website\"},\"primaryImageOfPage\":{\"@id\":\"https:\/\/gblexprimer.com\/product\/steroides\/#primaryimage\"},\"image\":{\"@id\":\"https:\/\/gblexprimer.com\/product\/steroides\/#primaryimage\"},\"thumbnailUrl\":\"https:\/\/gblexprimer.com\/wp-content\/uploads\/2024\/11\/Steroides.jpg\",\"datePublished\":\"2024-11-26T06:13:51+00:00\",\"dateModified\":\"2026-04-13T04:21:44+00:00\",\"description\":\"Achetez des st\u00e9ro\u00efdes (Sterydy) en ligne sur GBlexprimer. Produits authentiques pour performances physiques et musculation. Livraison rapide et paiement s\u00e9curis\u00e9. Commandez maintenant !\",\"breadcrumb\":{\"@id\":\"https:\/\/gblexprimer.com\/product\/steroides\/#breadcrumb\"},\"inLanguage\":\"pt-PT\",\"potentialAction\":[{\"@type\":\"ReadAction\",\"target\":[\"https:\/\/gblexprimer.com\/product\/steroides\/\"]}]},{\"@type\":\"ImageObject\",\"inLanguage\":\"pt-PT\",\"@id\":\"https:\/\/gblexprimer.com\/product\/steroides\/#primaryimage\",\"url\":\"https:\/\/gblexprimer.com\/wp-content\/uploads\/2024\/11\/Steroides.jpg\",\"contentUrl\":\"https:\/\/gblexprimer.com\/wp-content\/uploads\/2024\/11\/Steroides.jpg\",\"width\":600,\"height\":600,\"caption\":\"St\u00e9ro\u00efdes\"},{\"@type\":\"BreadcrumbList\",\"@id\":\"https:\/\/gblexprimer.com\/product\/steroides\/#breadcrumb\",\"itemListElement\":[{\"@type\":\"ListItem\",\"position\":1,\"name\":\"Home\",\"item\":\"https:\/\/gblexprimer.com\/\"},{\"@type\":\"ListItem\",\"position\":2,\"name\":\"Shop\",\"item\":\"https:\/\/gblexprimer.com\/shop\/\"},{\"@type\":\"ListItem\",\"position\":3,\"name\":\"St\u00e9ro\u00efdes\"}]},{\"@type\":\"WebSite\",\"@id\":\"https:\/\/gblexprimer.com\/#website\",\"url\":\"https:\/\/gblexprimer.com\/\",\"name\":\"GBL Exprimer\",\"description\":\"\",\"publisher\":{\"@id\":\"https:\/\/gblexprimer.com\/#organization\"},\"potentialAction\":[{\"@type\":\"SearchAction\",\"target\":{\"@type\":\"EntryPoint\",\"urlTemplate\":\"https:\/\/gblexprimer.com\/?s={search_term_string}\"},\"query-input\":{\"@type\":\"PropertyValueSpecification\",\"valueRequired\":true,\"valueName\":\"search_term_string\"}}],\"inLanguage\":\"pt-PT\"},{\"@type\":\"Organization\",\"@id\":\"https:\/\/gblexprimer.com\/#organization\",\"name\":\"GBL Exprimer\",\"url\":\"https:\/\/gblexprimer.com\/\",\"logo\":{\"@type\":\"ImageObject\",\"inLanguage\":\"pt-PT\",\"@id\":\"https:\/\/gblexprimer.com\/#\/schema\/logo\/image\/\",\"url\":\"https:\/\/gblexprimer.com\/wp-content\/uploads\/2024\/01\/logo.png\",\"contentUrl\":\"https:\/\/gblexprimer.com\/wp-content\/uploads\/2024\/01\/logo.png\",\"width\":220,\"height\":80,\"caption\":\"GBL Exprimer\"},\"image\":{\"@id\":\"https:\/\/gblexprimer.com\/#\/schema\/logo\/image\/\"}}]}<\/script>\n<!-- \/ Yoast SEO plugin. -->","yoast_head_json":{"title":"Comprar Ester\u00f3ides (Sterydy) Online | Alta Qualidade","description":"Comprar ester\u00f3ides (Sterydy) online na GBlexprimer. Produtos aut\u00eanticos para o desempenho f\u00edsico e a muscula\u00e7\u00e3o. Entrega r\u00e1pida e pagamento seguro. Encomendar agora!","robots":{"index":"index","follow":"follow","max-snippet":"max-snippet:-1","max-image-preview":"max-image-preview:large","max-video-preview":"max-video-preview:-1"},"canonical":"https:\/\/gblexprimer.com\/pt\/produto\/esteroides-2\/","og_locale":"pt_PT","og_type":"article","og_title":"Achetez des St\u00e9ro\u00efdes (Sterydy) en Ligne | Haute Qualit\u00e9","og_description":"Achetez des st\u00e9ro\u00efdes (Sterydy) en ligne sur GBlexprimer. Produits authentiques pour performances physiques et musculation. Livraison rapide et paiement s\u00e9curis\u00e9. Commandez maintenant !","og_url":"https:\/\/gblexprimer.com\/pt\/produto\/esteroides-2\/","og_site_name":"GBL Exprimer","article_modified_time":"2026-04-13T04:21:44+00:00","og_image":[{"width":600,"height":600,"url":"https:\/\/gblexprimer.com\/wp-content\/uploads\/2024\/11\/Steroides.jpg","type":"image\/jpeg"}],"twitter_card":"summary_large_image","twitter_misc":{"Tempo estimado de leitura":"2 minutos"},"schema":{"@context":"https:\/\/schema.org","@graph":[{"@type":"WebPage","@id":"https:\/\/gblexprimer.com\/product\/steroides\/","url":"https:\/\/gblexprimer.com\/product\/steroides\/","name":"Comprar Ester\u00f3ides (Sterydy) Online | Alta Qualidade","isPartOf":{"@id":"https:\/\/gblexprimer.com\/#website"},"primaryImageOfPage":{"@id":"https:\/\/gblexprimer.com\/product\/steroides\/#primaryimage"},"image":{"@id":"https:\/\/gblexprimer.com\/product\/steroides\/#primaryimage"},"thumbnailUrl":"https:\/\/gblexprimer.com\/wp-content\/uploads\/2024\/11\/Steroides.jpg","datePublished":"2024-11-26T06:13:51+00:00","dateModified":"2026-04-13T04:21:44+00:00","description":"Comprar ester\u00f3ides (Sterydy) online na GBlexprimer. Produtos aut\u00eanticos para o desempenho f\u00edsico e a muscula\u00e7\u00e3o. Entrega r\u00e1pida e pagamento seguro. Encomendar agora!","breadcrumb":{"@id":"https:\/\/gblexprimer.com\/product\/steroides\/#breadcrumb"},"inLanguage":"pt-PT","potentialAction":[{"@type":"ReadAction","target":["https:\/\/gblexprimer.com\/product\/steroides\/"]}]},{"@type":"ImageObject","inLanguage":"pt-PT","@id":"https:\/\/gblexprimer.com\/product\/steroides\/#primaryimage","url":"https:\/\/gblexprimer.com\/wp-content\/uploads\/2024\/11\/Steroides.jpg","contentUrl":"https:\/\/gblexprimer.com\/wp-content\/uploads\/2024\/11\/Steroides.jpg","width":600,"height":600,"caption":"St\u00e9ro\u00efdes"},{"@type":"BreadcrumbList","@id":"https:\/\/gblexprimer.com\/product\/steroides\/#breadcrumb","itemListElement":[{"@type":"ListItem","position":1,"name":"Home","item":"https:\/\/gblexprimer.com\/"},{"@type":"ListItem","position":2,"name":"Shop","item":"https:\/\/gblexprimer.com\/shop\/"},{"@type":"ListItem","position":3,"name":"St\u00e9ro\u00efdes"}]},{"@type":"WebSite","@id":"https:\/\/gblexprimer.com\/#website","url":"https:\/\/gblexprimer.com\/","name":"GBL Express","description":"","publisher":{"@id":"https:\/\/gblexprimer.com\/#organization"},"potentialAction":[{"@type":"SearchAction","target":{"@type":"EntryPoint","urlTemplate":"https:\/\/gblexprimer.com\/?s={search_term_string}"},"query-input":{"@type":"PropertyValueSpecification","valueRequired":true,"valueName":"search_term_string"}}],"inLanguage":"pt-PT"},{"@type":"Organization","@id":"https:\/\/gblexprimer.com\/#organization","name":"GBL Express","url":"https:\/\/gblexprimer.com\/","logo":{"@type":"ImageObject","inLanguage":"pt-PT","@id":"https:\/\/gblexprimer.com\/#\/schema\/logo\/image\/","url":"https:\/\/gblexprimer.com\/wp-content\/uploads\/2024\/01\/logo.png","contentUrl":"https:\/\/gblexprimer.com\/wp-content\/uploads\/2024\/01\/logo.png","width":220,"height":80,"caption":"GBL Exprimer"},"image":{"@id":"https:\/\/gblexprimer.com\/#\/schema\/logo\/image\/"}}]}},"_links":{"self":[{"href":"https:\/\/gblexprimer.com\/pt\/wp-json\/wp\/v2\/product\/5048","targetHints":{"allow":["GET"]}}],"collection":[{"href":"https:\/\/gblexprimer.com\/pt\/wp-json\/wp\/v2\/product"}],"about":[{"href":"https:\/\/gblexprimer.com\/pt\/wp-json\/wp\/v2\/types\/product"}],"replies":[{"embeddable":true,"href":"https:\/\/gblexprimer.com\/pt\/wp-json\/wp\/v2\/comments?post=5048"}],"wp:featuredmedia":[{"embeddable":true,"href":"https:\/\/gblexprimer.com\/pt\/wp-json\/wp\/v2\/media\/5278"}],"wp:attachment":[{"href":"https:\/\/gblexprimer.com\/pt\/wp-json\/wp\/v2\/media?parent=5048"}],"wp:term":[{"taxonomy":"product_brand","embeddable":true,"href":"https:\/\/gblexprimer.com\/pt\/wp-json\/wp\/v2\/product_brand?post=5048"},{"taxonomy":"product_cat","embeddable":true,"href":"https:\/\/gblexprimer.com\/pt\/wp-json\/wp\/v2\/product_cat?post=5048"},{"taxonomy":"product_tag","embeddable":true,"href":"https:\/\/gblexprimer.com\/pt\/wp-json\/wp\/v2\/product_tag?post=5048"}],"curies":[{"name":"wp","href":"https:\/\/api.w.org\/{rel}","templated":true}]}}