{"id":5049,"date":"2024-11-26T06:13:53","date_gmt":"2024-11-26T06:13:53","guid":{"rendered":"https:\/\/gblexprimer.com\/?post_type=product&#038;p=5049"},"modified":"2026-04-11T08:00:17","modified_gmt":"2026-04-11T08:00:17","slug":"mdma-ekstaza","status":"publish","type":"product","link":"https:\/\/gblexprimer.com\/pt\/produto\/mdma-ekstaza\/","title":{"rendered":"MDMA (Ekstaza)"},"content":{"rendered":"<h2><strong>Compre MDMA (Ecstasy) online \u2013 GBLExprimer<br \/>\n<\/strong><\/h2>\n<p><strong>La <a href=\"https:\/\/gblexprimer.com\/pt\/produto\/mdma-ekstaza\/\">MDMA<\/a><\/strong>tamb\u00e9m conhecido como<strong>Ecstasy<\/strong> ou <strong>de Molly<\/strong>\u00e9 uma subst\u00e2ncia psicoactiva sint\u00e9tica conhecida pelos seus efeitos estimulantes e empatog\u00e9nicos. Utilizada principalmente para fins recreativos <strong>MDMA<\/strong> est\u00e1 tamb\u00e9m a ser estudado pelo seu potencial terap\u00eautico, nomeadamente no tratamento da perturba\u00e7\u00e3o de stress p\u00f3s-traum\u00e1tico (PTSD). Em <a href=\"https:\/\/gblexprimer.com\/pt\/\"><strong>GBlexpress<\/strong><\/a>propomos <strong>MDMA puro e de alta qualidade<\/strong>, Com transac\u00e7\u00f5es seguras, embalagem discreta e entrega r\u00e1pida. Comprar MDMA.<\/p>\n<p class=\"ds-markdown-paragraph\"><a href=\"https:\/\/en.wikipedia.org\/wiki\/MDMA\"><strong>MDMA em p\u00f3 \u00e0 venda<\/strong><\/a>, vulgarmente conhecida por \u00abecstasy\u00bb. Nos \u00faltimos 20 anos, a MDMA tem estado no centro da cena brit\u00e2nica de acid house, rave e clubes de dan\u00e7a. Os dados do inqu\u00e9rito anual sobre a criminalidade no Reino Unido sugerem que o consumo de ecstasy diminuiu desde 2001. <strong>Comprar MDMA puro em p\u00f3 e cristal online<\/strong>.<\/p>\n<p class=\"ds-markdown-paragraph\">Este decl\u00ednio aparente \u00e9 analisado aqui juntamente com o surgimento simult\u00e2neo de uma <strong>\u00abuma \u00bbnova\" forma de ecstasy<\/strong> nos Estados Unidos - o <strong>MDMA em p\u00f3 ou em cristais<\/strong> - e\u00a0<strong>A quest\u00e3o de saber at\u00e9 que ponto isto pode ser visto como uma revaloriza\u00e7\u00e3o bem sucedida do ecstasy como produto \u00abpremium\u00bb, ap\u00f3s a desilus\u00e3o dos utilizadores com comprimidos baratos e facilmente dispon\u00edveis, \u00e9 a qualidade.<\/strong>.<\/p>\n<p class=\"ds-markdown-paragraph\">Estas mudan\u00e7as ocorreram num contexto pol\u00edtico que, na \u00faltima d\u00e9cada, deu prioridade \u00e0 rela\u00e7\u00e3o entre o Estado e o sector privado. <strong>drogas-crime<\/strong>, pelo <a href=\"https:\/\/gblexprimer.com\/pt\/produto\/medicamentos-sedativos\/\"><strong>tratamento coercivo<\/strong><\/a> dos utilizadores problem\u00e1ticos no contexto das interven\u00e7\u00f5es penais, a par de uma \u00eanfase na <strong>consumo excessivo de \u00e1lcool<\/strong> e <strong>riscos associados ao \u00e1lcool<\/strong>.<\/p>\n<p class=\"ds-markdown-paragraph\">Esta evolu\u00e7\u00e3o conduziu a <strong>redu\u00e7\u00e3o significativa<\/strong> de informa\u00e7\u00e3o, apoio e tratamento dispon\u00edveis para os consumidores de ecstasy desde o auge da <strong>redu\u00e7\u00e3o dos riscos<\/strong> ligado \u00e0s drogas de dan\u00e7a, iniciado pelo <strong>Dan\u00e7ar com mais seguran\u00e7a<\/strong> em meados da d\u00e9cada de 1990. <strong>Comprar MDMA puro online<\/strong>, em p\u00f3 ou em cristais.<\/p>\n<p class=\"ds-markdown-paragraph\"><strong>MDMA em p\u00f3<\/strong><\/p>\n<p class=\"ds-markdown-paragraph\">Le <strong>MDMA em p\u00f3 cristalino<\/strong> \u00e9 um medicamento que actua como <strong>estimulante<\/strong> e um <strong>psicad\u00e9lico<\/strong> - que produzem um efeito energizante, bem como <strong>distor\u00e7\u00f5es temporais<\/strong> e capacidades de perce\u00e7\u00e3o <strong>maior empatia<\/strong>. \u00c9 geralmente tomada sob a forma de comprimidos ou c\u00e1psulas e os seus efeitos duram de 3 a 6 horas. A dose m\u00e9dia registada \u00e9 de um a dois comprimidos, contendo cada comprimido geralmente entre 60 e 120 miligramas de <strong>MDMA \u00e0 venda nos Estados Unidos<\/strong>. N\u00e3o \u00e9 raro que os utilizadores tomem uma segunda dose quando os efeitos da primeira come\u00e7am a desaparecer.<\/p>\n<p class=\"ds-markdown-paragraph\"><strong>Cristais de MDMA em p\u00f3 online<\/strong> a <strong>3,4-metilenodioximetanfetamina<\/strong> (MDMA) \u00e9 uma <strong>droga sint\u00e9tica<\/strong> que altera o humor e a perce\u00e7\u00e3o. \u00c9 quimicamente semelhante aos estimulantes e alucinog\u00e9nios, produzindo sensa\u00e7\u00f5es de\u2019<strong>aumento da energia<\/strong>, de <strong>prazer<\/strong>, de <strong>calor emocional<\/strong>, bem como um <strong>distor\u00e7\u00e3o da perce\u00e7\u00e3o sensorial e temporal<\/strong>.<\/p>\n<h3><strong>Aplica\u00e7\u00f5es e utiliza\u00e7\u00f5es da MDMA (Ekstaza)<\/strong><\/h3>\n<h4><strong>Utiliza\u00e7\u00e3o recreativa<\/strong><\/h4>\n<p>La <a href=\"https:\/\/en.wikipedia.org\/wiki\/MDMA\"><strong>MDMA<\/strong><\/a> \u00e9 popular em festivais, festas e eventos ligados \u00e0 cultura club e rave, gra\u00e7as aos seus efeitos sobre a energia, a sociabilidade e a perce\u00e7\u00e3o sensorial<a href=\"https:\/\/gblexpress.com\/shop\/gbl-online-kaufen-%ce%b3-butyrolacton-kaufen\/\">.<\/a><\/p>\n<h4><strong>Investiga\u00e7\u00e3o cient\u00edfica e terap\u00eautica<\/strong><\/h4>\n<p>Estudos recentes mostram o potencial de <strong>MDMA<\/strong> no tratamento de perturba\u00e7\u00f5es como a PSPT e a ansiedade social. Os investigadores est\u00e3o a utilizar <strong>MDMA<\/strong> para explorar as suas intera\u00e7\u00f5es com a serotonina e o seu impacto neuroqu\u00edmico.<\/p>\n<h4><strong>Formas dispon\u00edveis<\/strong><\/h4>\n<p>Visitar <strong>GBlexpress<\/strong>pode comprar <strong>MDMA sob a forma de comprimido, c\u00e1psula ou cristal<\/strong>em fun\u00e7\u00e3o das suas necessidades espec\u00edficas.<\/p>\n<h3><strong>Porqu\u00ea comprar MDMA \u00e0 GBlexprimer?<\/strong><\/h3>\n<h4><strong>MDMA de alta qualidade<\/strong><\/h4>\n<p>O nosso <strong>MDMA<\/strong> \u00e9 rigorosamente testado para garantir a sua pureza e autenticidade.<\/p>\n<h4><strong>Fornecedores de confian\u00e7a<\/strong><\/h4>\n<p>Com um historial comprovado, somos vendedores fi\u00e1veis de <strong>MDMA<\/strong> para todas as suas necessidades.<\/p>\n<h4><strong>Transac\u00e7\u00f5es seguras e embalagens discretas<\/strong><\/h4>\n<p>Asseguramos pagamentos seguros e entregas confidenciais para proteger a sua privacidade.<\/p>\n<h4><strong>Entrega r\u00e1pida e fi\u00e1vel<\/strong><\/h4>\n<p>Encomende online e receba o seu <strong>MDMA<\/strong> rapidamente gra\u00e7as \u00e0 nossa rede log\u00edstica eficaz.<\/p>\n<h3><strong>Comprar MDMA online hoje<\/strong><\/h3>\n<p>\u00c0 procura de um local para comprar <strong>MDMA<\/strong> em linha? Em <strong>GBlexpress<\/strong>oferecemos <strong>Comprimidos, c\u00e1psulas e cristais de MDMA de alta qualidade<\/strong>. Aproveite as vantagens do nosso <strong>melhores pre\u00e7os por grama<\/strong>, Beneficiar\u00e1 tamb\u00e9m da nossa entrega discreta e do nosso servi\u00e7o r\u00e1pido. Encomende agora para uma experi\u00eancia fi\u00e1vel e sem complica\u00e7\u00f5es. <strong>Comprar MDMA online<\/strong> hoje e descubra porque \u00e9 que somos a escolha preferida dos compradores de <strong>MDMA<\/strong>.<\/p>","protected":false},"excerpt":{"rendered":"<div class=\"ds-message _63c77b1\">\n<div class=\"ds-markdown\">\n<p class=\"ds-markdown-paragraph\"><strong>Encomendar online comprimidos de MDMA testados em laborat\u00f3rio.<\/strong><br \/>\nComprar MDMA online em <strong>gblexprimer<\/strong>. MDMA \u00e0 venda agora, com entrega <strong>seguro e r\u00e1pido<\/strong> a uma escala global.<\/p>\n<\/div>\n<\/div>\n<p>A MDMA actua aumentando a liberta\u00e7\u00e3o de serotonina, dopamina e noradrenalina no c\u00e9rebro, ao mesmo tempo que inibe a sua recapta\u00e7\u00e3o. Esta combina\u00e7\u00e3o estimula as emo\u00e7\u00f5es positivas, a empatia e a estimula\u00e7\u00e3o mental.<\/p>\n<ul>\n<li><strong>Principais efeitos :<\/strong> Euforia, sensa\u00e7\u00e3o de proximidade afectiva e aumento de energia.<\/li>\n<li><strong>Modo de a\u00e7\u00e3o :<\/strong> Intera\u00e7\u00e3o direta com os transportadores de neurotransmissores para prolongar a sua atividade no c\u00e9rebro.<\/li>\n<\/ul>\n<h3><strong>F\u00f3rmula e dados do produto<\/strong><\/h3>\n<ul>\n<li><strong>Denomina\u00e7\u00e3o qu\u00edmica :<\/strong> 3,4-Metilenodioximetanfetamina<\/li>\n<li><strong>F\u00f3rmula molecular :<\/strong> C11H15NO2<\/li>\n<li><strong>Massa molar :<\/strong> 193,25 g\/mol<\/li>\n<\/ul>\n<h3><strong>Detalhes dos efeitos<\/strong><\/h3>\n<ul>\n<li><strong>In\u00edcio dos efeitos :<\/strong> 20 a 60 minutos ap\u00f3s a ingest\u00e3o.<\/li>\n<li><strong>Efeitos de pico :<\/strong> 2 a 4 horas.<\/li>\n<li><strong>Dura\u00e7\u00e3o total :<\/strong> 4 a 6 horas, consoante a dose e o metabolismo.<\/li>\n<\/ul>","protected":false},"featured_media":5133,"comment_status":"open","ping_status":"closed","template":"","meta":{"site-sidebar-layout":"default","site-content-layout":"","ast-site-content-layout":"default","site-content-style":"default","site-sidebar-style":"default","ast-global-header-display":"","ast-banner-title-visibility":"","ast-main-header-display":"","ast-hfb-above-header-display":"","ast-hfb-below-header-display":"","ast-hfb-mobile-header-display":"","site-post-title":"","ast-breadcrumbs-content":"","ast-featured-img":"","footer-sml-layout":"","theme-transparent-header-meta":"default","adv-header-id-meta":"","stick-header-meta":"","header-above-stick-meta":"","header-main-stick-meta":"","header-below-stick-meta":"","astra-migrate-meta-layouts":"set","ast-page-background-enabled":"default","ast-page-background-meta":{"desktop":{"background-color":"","background-image":"","background-repeat":"repeat","background-position":"center center","background-size":"auto","background-attachment":"scroll","background-type":"","background-media":"","overlay-type":"","overlay-color":"","overlay-opacity":"","overlay-gradient":""},"tablet":{"background-color":"","background-image":"","background-repeat":"repeat","background-position":"center center","background-size":"auto","background-attachment":"scroll","background-type":"","background-media":"","overlay-type":"","overlay-color":"","overlay-opacity":"","overlay-gradient":""},"mobile":{"background-color":"","background-image":"","background-repeat":"repeat","background-position":"center center","background-size":"auto","background-attachment":"scroll","background-type":"","background-media":"","overlay-type":"","overlay-color":"","overlay-opacity":"","overlay-gradient":""}},"ast-content-background-meta":{"desktop":{"background-color":"var(--ast-global-color-5)","background-image":"","background-repeat":"repeat","background-position":"center center","background-size":"auto","background-attachment":"scroll","background-type":"","background-media":"","overlay-type":"","overlay-color":"","overlay-opacity":"","overlay-gradient":""},"tablet":{"background-color":"var(--ast-global-color-5)","background-image":"","background-repeat":"repeat","background-position":"center center","background-size":"auto","background-attachment":"scroll","background-type":"","background-media":"","overlay-type":"","overlay-color":"","overlay-opacity":"","overlay-gradient":""},"mobile":{"background-color":"var(--ast-global-color-5)","background-image":"","background-repeat":"repeat","background-position":"center center","background-size":"auto","background-attachment":"scroll","background-type":"","background-media":"","overlay-type":"","overlay-color":"","overlay-opacity":"","overlay-gradient":""}},"_joinchat":[]},"product_brand":[],"product_cat":[141],"product_tag":[289,274,277,282,278,293,279,275,285,292,284,294,290,288,287,291,280,286,283,276,281],"class_list":{"0":"post-5049","1":"product","2":"type-product","3":"status-publish","4":"has-post-thumbnail","6":"product_cat-sex-meth","7":"product_tag-achat-securise-de-mdma","8":"product_tag-achetez-mdma","9":"product_tag-capsules-de-mdma","10":"product_tag-commandez-mdma-en-ligne","11":"product_tag-cristaux-de-mdma","12":"product_tag-fournisseur-authentique-de-mdma","13":"product_tag-fournisseurs-de-mdma-fiables","14":"product_tag-mdma-a-vendre","15":"product_tag-mdma-de-haute-qualite","16":"product_tag-mdma-disponible-immediatement","17":"product_tag-mdma-livraison-discrete","18":"product_tag-mdma-livraison-rapide","19":"product_tag-mdma-pour-raves","20":"product_tag-mdma-pour-recherche","21":"product_tag-mdma-pour-soirees","22":"product_tag-mdma-pure-a-vendre","23":"product_tag-mdma-pure-en-ligne","24":"product_tag-meilleurs-fournisseurs-de-mdma","25":"product_tag-ou-acheter-mdma","26":"product_tag-pilules-de-mdma","27":"product_tag-prix-de-la-mdma-par-gramme","28":"desktop-align-left","29":"tablet-align-left","30":"mobile-align-left","32":"first","33":"instock","34":"shipping-taxable","35":"purchasable","36":"product-type-variable"},"yoast_head":"<!-- This site is optimized with the Yoast SEO plugin v26.9 - https:\/\/yoast.com\/product\/yoast-seo-wordpress\/ -->\n<title>Achetez de la MDMA | Fournisseur Fiable sur GBlexprimer<\/title>\n<meta name=\"description\" content=\"Achetez de la MDMA en ligne sur GBlexprimer. MDMA de qualit\u00e9 sup\u00e9rieure : pilules, capsules, cristaux. Livraison rapide, paiement s\u00e9curis\u00e9, commandez maintenant !\" \/>\n<meta name=\"robots\" content=\"index, follow, max-snippet:-1, max-image-preview:large, max-video-preview:-1\" \/>\n<link rel=\"canonical\" href=\"https:\/\/gblexprimer.com\/pt\/produto\/mdma-ekstaza\/\" \/>\n<meta property=\"og:locale\" content=\"pt_PT\" \/>\n<meta property=\"og:type\" content=\"article\" \/>\n<meta property=\"og:title\" content=\"Achetez de la MDMA | Fournisseur Fiable sur GBlexprimer\" \/>\n<meta property=\"og:description\" content=\"Achetez de la MDMA en ligne sur GBlexprimer. MDMA de qualit\u00e9 sup\u00e9rieure : pilules, capsules, cristaux. Livraison rapide, paiement s\u00e9curis\u00e9, commandez maintenant !\" \/>\n<meta property=\"og:url\" content=\"https:\/\/gblexprimer.com\/pt\/produto\/mdma-ekstaza\/\" \/>\n<meta property=\"og:site_name\" content=\"GBL Exprimer\" \/>\n<meta property=\"article:modified_time\" content=\"2026-04-11T08:00:17+00:00\" \/>\n<meta property=\"og:image\" content=\"https:\/\/gblexprimer.com\/wp-content\/uploads\/2024\/11\/Mephedrone-MDMA-drug-rehabilitation-centre-South-Africa.jpg\" \/>\n\t<meta property=\"og:image:width\" content=\"615\" \/>\n\t<meta property=\"og:image:height\" content=\"409\" \/>\n\t<meta property=\"og:image:type\" content=\"image\/jpeg\" \/>\n<meta name=\"twitter:card\" content=\"summary_large_image\" \/>\n<meta name=\"twitter:label1\" content=\"Tempo estimado de leitura\" \/>\n\t<meta name=\"twitter:data1\" content=\"4 minutos\" \/>\n<script type=\"application\/ld+json\" class=\"yoast-schema-graph\">{\"@context\":\"https:\/\/schema.org\",\"@graph\":[{\"@type\":\"WebPage\",\"@id\":\"https:\/\/gblexprimer.com\/product\/mdma-ekstaza\/\",\"url\":\"https:\/\/gblexprimer.com\/product\/mdma-ekstaza\/\",\"name\":\"Achetez de la MDMA | Fournisseur Fiable sur GBlexprimer\",\"isPartOf\":{\"@id\":\"https:\/\/gblexprimer.com\/#website\"},\"primaryImageOfPage\":{\"@id\":\"https:\/\/gblexprimer.com\/product\/mdma-ekstaza\/#primaryimage\"},\"image\":{\"@id\":\"https:\/\/gblexprimer.com\/product\/mdma-ekstaza\/#primaryimage\"},\"thumbnailUrl\":\"https:\/\/gblexprimer.com\/wp-content\/uploads\/2024\/11\/Mephedrone-MDMA-drug-rehabilitation-centre-South-Africa.jpg\",\"datePublished\":\"2024-11-26T06:13:53+00:00\",\"dateModified\":\"2026-04-11T08:00:17+00:00\",\"description\":\"Achetez de la MDMA en ligne sur GBlexprimer. MDMA de qualit\u00e9 sup\u00e9rieure : pilules, capsules, cristaux. Livraison rapide, paiement s\u00e9curis\u00e9, commandez maintenant !\",\"breadcrumb\":{\"@id\":\"https:\/\/gblexprimer.com\/product\/mdma-ekstaza\/#breadcrumb\"},\"inLanguage\":\"pt-PT\",\"potentialAction\":[{\"@type\":\"ReadAction\",\"target\":[\"https:\/\/gblexprimer.com\/product\/mdma-ekstaza\/\"]}]},{\"@type\":\"ImageObject\",\"inLanguage\":\"pt-PT\",\"@id\":\"https:\/\/gblexprimer.com\/product\/mdma-ekstaza\/#primaryimage\",\"url\":\"https:\/\/gblexprimer.com\/wp-content\/uploads\/2024\/11\/Mephedrone-MDMA-drug-rehabilitation-centre-South-Africa.jpg\",\"contentUrl\":\"https:\/\/gblexprimer.com\/wp-content\/uploads\/2024\/11\/Mephedrone-MDMA-drug-rehabilitation-centre-South-Africa.jpg\",\"width\":615,\"height\":409},{\"@type\":\"BreadcrumbList\",\"@id\":\"https:\/\/gblexprimer.com\/product\/mdma-ekstaza\/#breadcrumb\",\"itemListElement\":[{\"@type\":\"ListItem\",\"position\":1,\"name\":\"Home\",\"item\":\"https:\/\/gblexprimer.com\/\"},{\"@type\":\"ListItem\",\"position\":2,\"name\":\"Shop\",\"item\":\"https:\/\/gblexprimer.com\/shop\/\"},{\"@type\":\"ListItem\",\"position\":3,\"name\":\"MDMA (Ekstaza)\"}]},{\"@type\":\"WebSite\",\"@id\":\"https:\/\/gblexprimer.com\/#website\",\"url\":\"https:\/\/gblexprimer.com\/\",\"name\":\"GBL Exprimer\",\"description\":\"\",\"publisher\":{\"@id\":\"https:\/\/gblexprimer.com\/#organization\"},\"potentialAction\":[{\"@type\":\"SearchAction\",\"target\":{\"@type\":\"EntryPoint\",\"urlTemplate\":\"https:\/\/gblexprimer.com\/?s={search_term_string}\"},\"query-input\":{\"@type\":\"PropertyValueSpecification\",\"valueRequired\":true,\"valueName\":\"search_term_string\"}}],\"inLanguage\":\"pt-PT\"},{\"@type\":\"Organization\",\"@id\":\"https:\/\/gblexprimer.com\/#organization\",\"name\":\"GBL Exprimer\",\"url\":\"https:\/\/gblexprimer.com\/\",\"logo\":{\"@type\":\"ImageObject\",\"inLanguage\":\"pt-PT\",\"@id\":\"https:\/\/gblexprimer.com\/#\/schema\/logo\/image\/\",\"url\":\"https:\/\/gblexprimer.com\/wp-content\/uploads\/2024\/01\/logo.png\",\"contentUrl\":\"https:\/\/gblexprimer.com\/wp-content\/uploads\/2024\/01\/logo.png\",\"width\":220,\"height\":80,\"caption\":\"GBL Exprimer\"},\"image\":{\"@id\":\"https:\/\/gblexprimer.com\/#\/schema\/logo\/image\/\"}}]}<\/script>\n<!-- \/ Yoast SEO plugin. -->","yoast_head_json":{"title":"Comprar MDMA | Fornecedor de confian\u00e7a em GBlexprimer","description":"Compra MDMA online na GBlexprimer. MDMA de alta qualidade: comprimidos, c\u00e1psulas, cristais. Entrega r\u00e1pida, pagamento seguro, encomenda agora!","robots":{"index":"index","follow":"follow","max-snippet":"max-snippet:-1","max-image-preview":"max-image-preview:large","max-video-preview":"max-video-preview:-1"},"canonical":"https:\/\/gblexprimer.com\/pt\/produto\/mdma-ekstaza\/","og_locale":"pt_PT","og_type":"article","og_title":"Achetez de la MDMA | Fournisseur Fiable sur GBlexprimer","og_description":"Achetez de la MDMA en ligne sur GBlexprimer. MDMA de qualit\u00e9 sup\u00e9rieure : pilules, capsules, cristaux. Livraison rapide, paiement s\u00e9curis\u00e9, commandez maintenant !","og_url":"https:\/\/gblexprimer.com\/pt\/produto\/mdma-ekstaza\/","og_site_name":"GBL Exprimer","article_modified_time":"2026-04-11T08:00:17+00:00","og_image":[{"width":615,"height":409,"url":"https:\/\/gblexprimer.com\/wp-content\/uploads\/2024\/11\/Mephedrone-MDMA-drug-rehabilitation-centre-South-Africa.jpg","type":"image\/jpeg"}],"twitter_card":"summary_large_image","twitter_misc":{"Tempo estimado de leitura":"4 minutos"},"schema":{"@context":"https:\/\/schema.org","@graph":[{"@type":"WebPage","@id":"https:\/\/gblexprimer.com\/product\/mdma-ekstaza\/","url":"https:\/\/gblexprimer.com\/product\/mdma-ekstaza\/","name":"Comprar MDMA | Fornecedor de confian\u00e7a em GBlexprimer","isPartOf":{"@id":"https:\/\/gblexprimer.com\/#website"},"primaryImageOfPage":{"@id":"https:\/\/gblexprimer.com\/product\/mdma-ekstaza\/#primaryimage"},"image":{"@id":"https:\/\/gblexprimer.com\/product\/mdma-ekstaza\/#primaryimage"},"thumbnailUrl":"https:\/\/gblexprimer.com\/wp-content\/uploads\/2024\/11\/Mephedrone-MDMA-drug-rehabilitation-centre-South-Africa.jpg","datePublished":"2024-11-26T06:13:53+00:00","dateModified":"2026-04-11T08:00:17+00:00","description":"Compra MDMA online na GBlexprimer. MDMA de alta qualidade: comprimidos, c\u00e1psulas, cristais. Entrega r\u00e1pida, pagamento seguro, encomenda agora!","breadcrumb":{"@id":"https:\/\/gblexprimer.com\/product\/mdma-ekstaza\/#breadcrumb"},"inLanguage":"pt-PT","potentialAction":[{"@type":"ReadAction","target":["https:\/\/gblexprimer.com\/product\/mdma-ekstaza\/"]}]},{"@type":"ImageObject","inLanguage":"pt-PT","@id":"https:\/\/gblexprimer.com\/product\/mdma-ekstaza\/#primaryimage","url":"https:\/\/gblexprimer.com\/wp-content\/uploads\/2024\/11\/Mephedrone-MDMA-drug-rehabilitation-centre-South-Africa.jpg","contentUrl":"https:\/\/gblexprimer.com\/wp-content\/uploads\/2024\/11\/Mephedrone-MDMA-drug-rehabilitation-centre-South-Africa.jpg","width":615,"height":409},{"@type":"BreadcrumbList","@id":"https:\/\/gblexprimer.com\/product\/mdma-ekstaza\/#breadcrumb","itemListElement":[{"@type":"ListItem","position":1,"name":"Home","item":"https:\/\/gblexprimer.com\/"},{"@type":"ListItem","position":2,"name":"Shop","item":"https:\/\/gblexprimer.com\/shop\/"},{"@type":"ListItem","position":3,"name":"MDMA (Ekstaza)"}]},{"@type":"WebSite","@id":"https:\/\/gblexprimer.com\/#website","url":"https:\/\/gblexprimer.com\/","name":"GBL Express","description":"","publisher":{"@id":"https:\/\/gblexprimer.com\/#organization"},"potentialAction":[{"@type":"SearchAction","target":{"@type":"EntryPoint","urlTemplate":"https:\/\/gblexprimer.com\/?s={search_term_string}"},"query-input":{"@type":"PropertyValueSpecification","valueRequired":true,"valueName":"search_term_string"}}],"inLanguage":"pt-PT"},{"@type":"Organization","@id":"https:\/\/gblexprimer.com\/#organization","name":"GBL Express","url":"https:\/\/gblexprimer.com\/","logo":{"@type":"ImageObject","inLanguage":"pt-PT","@id":"https:\/\/gblexprimer.com\/#\/schema\/logo\/image\/","url":"https:\/\/gblexprimer.com\/wp-content\/uploads\/2024\/01\/logo.png","contentUrl":"https:\/\/gblexprimer.com\/wp-content\/uploads\/2024\/01\/logo.png","width":220,"height":80,"caption":"GBL Exprimer"},"image":{"@id":"https:\/\/gblexprimer.com\/#\/schema\/logo\/image\/"}}]}},"_links":{"self":[{"href":"https:\/\/gblexprimer.com\/pt\/wp-json\/wp\/v2\/product\/5049","targetHints":{"allow":["GET"]}}],"collection":[{"href":"https:\/\/gblexprimer.com\/pt\/wp-json\/wp\/v2\/product"}],"about":[{"href":"https:\/\/gblexprimer.com\/pt\/wp-json\/wp\/v2\/types\/product"}],"replies":[{"embeddable":true,"href":"https:\/\/gblexprimer.com\/pt\/wp-json\/wp\/v2\/comments?post=5049"}],"wp:featuredmedia":[{"embeddable":true,"href":"https:\/\/gblexprimer.com\/pt\/wp-json\/wp\/v2\/media\/5133"}],"wp:attachment":[{"href":"https:\/\/gblexprimer.com\/pt\/wp-json\/wp\/v2\/media?parent=5049"}],"wp:term":[{"taxonomy":"product_brand","embeddable":true,"href":"https:\/\/gblexprimer.com\/pt\/wp-json\/wp\/v2\/product_brand?post=5049"},{"taxonomy":"product_cat","embeddable":true,"href":"https:\/\/gblexprimer.com\/pt\/wp-json\/wp\/v2\/product_cat?post=5049"},{"taxonomy":"product_tag","embeddable":true,"href":"https:\/\/gblexprimer.com\/pt\/wp-json\/wp\/v2\/product_tag?post=5049"}],"curies":[{"name":"wp","href":"https:\/\/api.w.org\/{rel}","templated":true}]}}