{"id":5060,"date":"2024-11-26T06:17:36","date_gmt":"2024-11-26T06:17:36","guid":{"rendered":"https:\/\/gblexprimer.com\/?post_type=product&#038;p=5060"},"modified":"2026-04-11T07:59:35","modified_gmt":"2026-04-11T07:59:35","slug":"lsd-kwas","status":"publish","type":"product","link":"https:\/\/gblexprimer.com\/pt\/produto\/lsd-kwas\/","title":{"rendered":"LSD (Kwas)"},"content":{"rendered":"<h2><strong>Comprar LSD (\u00e1cido lis\u00e9rgico) online na GBlexprimer<\/strong><\/h2>\n<p><a href=\"https:\/\/gblexprimer.com\/pt\/produto\/lsd-kwas\/\"><strong>LSD<\/strong><\/a> (dietilamida do \u00e1cido lis\u00e9rgico), vulgarmente conhecida por <strong>kwas<\/strong>\u00e9 um composto psicoativo conhecido pelos seus efeitos \u00fanicos na perce\u00e7\u00e3o, cogni\u00e7\u00e3o e consci\u00eancia. Descoberto em 1938, <strong>LSD<\/strong> tem sido amplamente estudada pelas suas intera\u00e7\u00f5es com os receptores da serotonina, bem como pelas suas potenciais aplica\u00e7\u00f5es na investiga\u00e7\u00e3o cient\u00edfica e terap\u00eautica. Em <strong>GBlexpress<\/strong>propomos <strong>LSD de alta qualidade<\/strong>, A gama de produtos LSD foi concebida para satisfazer as necessidades dos investigadores e exploradores, garantindo transac\u00e7\u00f5es seguras, embalagens discretas e entrega r\u00e1pida. Comprar LSD<a href=\"https:\/\/gblexprimer.com\/pt\/ghb\/\">.<\/a><\/p>\n<h3 class=\"ds-markdown-paragraph\"><strong>Comprar LSD online - Seguro, fi\u00e1vel e discreto<\/strong><\/h3>\n<p class=\"ds-markdown-paragraph\">A Gblexprimer oferece uma plataforma segura e fi\u00e1vel para comprar LSD online. Todas as encomendas s\u00e3o <a href=\"https:\/\/gblexprimer.com\/pt\/produto\/mdma-ekstaza\/\"><strong>embalado de forma discreta<\/strong><\/a> para proteger a sua privacidade e enviado atrav\u00e9s de um <strong>entrega r\u00e1pida e segura<\/strong>.<\/p>\n<p class=\"ds-markdown-paragraph\">Deixe-nos gui\u00e1-lo atrav\u00e9s de um <strong>processo de compra sem problemas<\/strong> e ajud\u00e1-lo a explorar o mundo transformador da <strong>a expans\u00e3o da consci\u00eancia<\/strong>.<\/p>\n<h3 class=\"ds-markdown-paragraph\"><strong>Uma experi\u00eancia de compra de LSD online sem problemas<\/strong><\/h3>\n<p class=\"ds-markdown-paragraph\"><strong>Compra segura e discreta de LSD<\/strong> : Seu <strong>confidencialidade<\/strong> \u00e9 a nossa prioridade. Medidas de seguran\u00e7a avan\u00e7adas protegem as suas informa\u00e7\u00f5es pessoais e os detalhes da transa\u00e7\u00e3o, garantindo uma experi\u00eancia de compra segura. <strong>seguro e privado<\/strong> \u00e0 chaque fois que vous commandez du LSD en ligne sur gblexprimer.com.<\/p>\n<p class=\"ds-markdown-paragraph\"><strong>LSD Premium para venda<\/strong> : S\u00f3 oferecemos LSD de <strong>alta qualidade<\/strong>, provenientes de fornecedores de confian\u00e7a. Cada lote \u00e9 submetido a <strong>testes rigorosos<\/strong> de pureza e pot\u00eancia, garantindo uma experi\u00eancia <strong>seguro, aut\u00eantico e eficiente<\/strong>.<\/p>\n<p class=\"ds-markdown-paragraph\"><strong>Conselhos de especialistas sobre a utiliza\u00e7\u00e3o segura do LSD<\/strong> A nossa equipa experiente oferece <strong>informa\u00e7\u00f5es completas<\/strong> sobre a utiliza\u00e7\u00e3o segura, o <strong>dosagens recomendadas<\/strong> e os poss\u00edveis efeitos. Permitimos-lhe tomar <strong>decis\u00f5es informadas<\/strong> para um <strong>experi\u00eancia psicad\u00e9lica positiva<\/strong>.<\/p>\n<h4 class=\"ds-markdown-paragraph\"><strong>Como comprar LSD online - Passos simples<\/strong><\/h4>\n<p class=\"ds-markdown-paragraph\"><strong>Ver a nossa cole\u00e7\u00e3o LSD<\/strong> Descubra uma vasta sele\u00e7\u00e3o de produtos \u00e0 base de LSD, incluindo <strong>mata-borr\u00e3o cl\u00e1ssico<\/strong> e <strong>microdosagem<\/strong>, para satisfazer as suas necessidades e prefer\u00eancias \u00fanicas.<\/p>\n<p class=\"ds-markdown-paragraph\"><strong>Criar a sua conta<\/strong> Registe-se no nosso site para uma experi\u00eancia de compra sem problemas. Acompanhe as suas encomendas, aceda <strong>descontos exclusivos<\/strong> e manter-se atualizado com o nosso <strong>novos produtos<\/strong> e promo\u00e7\u00f5es ligadas ao LSD.<\/p>\n<h3><strong>Porqu\u00ea comprar LSD (Kwas) na GBlexprimer?<\/strong><\/h3>\n<p>Em <strong>GBlexpress<\/strong>Oferecemos produtos de alta qualidade e um servi\u00e7o ao cliente fi\u00e1vel para uma experi\u00eancia de compra tranquila.<\/p>\n<h4><strong>LSD de alta qualidade<\/strong><\/h4>\n<p>O nosso <a href=\"https:\/\/en.wikipedia.org\/wiki\/LSD\"><strong>LSD<\/strong><\/a> \u00e9 rigorosamente testado para garantir a sua pureza e seguran\u00e7a, satisfazendo os mais elevados padr\u00f5es de investiga\u00e7\u00e3o e explora\u00e7\u00e3o pessoal.<\/p>\n<h4><strong>Transac\u00e7\u00f5es seguras e embalagens discretas<\/strong><\/h4>\n<p>Asseguramos pagamentos seguros e embalagens discretas para proteger a sua privacidade em todas as fases do processo.<\/p>\n<h4><strong>Entrega r\u00e1pida e fi\u00e1vel<\/strong><\/h4>\n<p>Gra\u00e7as \u00e0 nossa rede log\u00edstica, garantimos uma entrega r\u00e1pida para que possa iniciar os seus projectos sem demora.<\/p>\n<h4><strong>Pre\u00e7os e acessibilidade<\/strong><\/h4>\n<p>Oferecemos <strong>LSD<\/strong> a pre\u00e7os competitivos, sem comprometer a qualidade ou a fiabilidade.<\/p>\n<h3><strong>Comprar LSD (Kwas) online hoje<\/strong><\/h3>\n<p>Est\u00e1 \u00e0 procura de uma fonte fi\u00e1vel para <strong>LSD<\/strong> ? Em <strong>GBlexpress<\/strong>n\u00f3s fornecemos <strong>LSD de alta qualidade<\/strong> com um servi\u00e7o r\u00e1pido e pagamentos seguros. Quer seja um investigador ou um explorador, o nosso <strong>LSD<\/strong> \u00e9 a sua melhor escolha para obter resultados fi\u00e1veis. <strong>Comprar LSD (Kwas) online<\/strong> agora e descubra a qualidade e a facilidade de compra em <strong>GBlexpress<\/strong>.<\/p>","protected":false},"excerpt":{"rendered":"<p class=\"ds-markdown-paragraph\">Descobrir <strong>LSD e mata-borr\u00e3o<\/strong> produtos de alta qualidade \u00e0 venda a pre\u00e7os de saldo na nossa loja online. Oferecemos <strong>envio discreto<\/strong> para garantir a sua <strong>confidencialidade<\/strong> - s\u00f3 tu saber\u00e1s o que est\u00e1 na tua encomenda. Como\u2019<strong>utilizadores experientes<\/strong>, estamos empenhados em fornecer <strong>satisfa\u00e7\u00e3o do cliente em 100%<\/strong>. Comprar <strong>LSD l\u00edquido e mata-borr\u00e3o<\/strong> connosco em pleno <strong>confian\u00e7a<\/strong> e desfrutar de um <strong>qualidade superior<\/strong>.<\/p>\n<h3><strong>Como \u00e9 que o LSD funciona?<\/strong><\/h3>\n<p>O LSD actua principalmente atrav\u00e9s da intera\u00e7\u00e3o com os receptores de serotonina (5-HT2A) no c\u00e9rebro, resultando num aumento da atividade neuronal e em altera\u00e7\u00f5es nas liga\u00e7\u00f5es entre regi\u00f5es cerebrais.<\/p>\n<ul>\n<li><strong>Principais efeitos :<\/strong> Distor\u00e7\u00f5es sensoriais, consci\u00eancia alargada e introspe\u00e7\u00e3o profunda.<\/li>\n<li><strong>Dose ativa :<\/strong> Medida em microgramas (\u00b5g), o que garante um controlo preciso dos efeitos.<\/li>\n<\/ul>\n<h3><strong>F\u00f3rmula e dados do produto<\/strong><\/h3>\n<ul>\n<li><strong>Denomina\u00e7\u00e3o qu\u00edmica :<\/strong> Dietilamida do \u00e1cido D-lis\u00e9rgico<\/li>\n<li><strong>F\u00f3rmula molecular :<\/strong> C20H25N3O<\/li>\n<li><strong>Massa molar :<\/strong> 323,44 g\/mol<\/li>\n<\/ul>\n<h3><strong>Detalhes dos efeitos<\/strong><\/h3>\n<ul>\n<li><strong>In\u00edcio dos efeitos :<\/strong> 20 a 90 minutos ap\u00f3s a ingest\u00e3o.<\/li>\n<li><strong>Efeitos de pico :<\/strong> 2 a 4 horas.<\/li>\n<li><strong>Dura\u00e7\u00e3o total :<\/strong> 6 a 12 horas, consoante a dose e o metabolismo.<\/li>\n<\/ul>","protected":false},"featured_media":5129,"comment_status":"open","ping_status":"closed","template":"","meta":{"site-sidebar-layout":"default","site-content-layout":"","ast-site-content-layout":"default","site-content-style":"default","site-sidebar-style":"default","ast-global-header-display":"","ast-banner-title-visibility":"","ast-main-header-display":"","ast-hfb-above-header-display":"","ast-hfb-below-header-display":"","ast-hfb-mobile-header-display":"","site-post-title":"","ast-breadcrumbs-content":"","ast-featured-img":"","footer-sml-layout":"","theme-transparent-header-meta":"default","adv-header-id-meta":"","stick-header-meta":"","header-above-stick-meta":"","header-main-stick-meta":"","header-below-stick-meta":"","astra-migrate-meta-layouts":"set","ast-page-background-enabled":"default","ast-page-background-meta":{"desktop":{"background-color":"","background-image":"","background-repeat":"repeat","background-position":"center center","background-size":"auto","background-attachment":"scroll","background-type":"","background-media":"","overlay-type":"","overlay-color":"","overlay-opacity":"","overlay-gradient":""},"tablet":{"background-color":"","background-image":"","background-repeat":"repeat","background-position":"center center","background-size":"auto","background-attachment":"scroll","background-type":"","background-media":"","overlay-type":"","overlay-color":"","overlay-opacity":"","overlay-gradient":""},"mobile":{"background-color":"","background-image":"","background-repeat":"repeat","background-position":"center center","background-size":"auto","background-attachment":"scroll","background-type":"","background-media":"","overlay-type":"","overlay-color":"","overlay-opacity":"","overlay-gradient":""}},"ast-content-background-meta":{"desktop":{"background-color":"var(--ast-global-color-5)","background-image":"","background-repeat":"repeat","background-position":"center center","background-size":"auto","background-attachment":"scroll","background-type":"","background-media":"","overlay-type":"","overlay-color":"","overlay-opacity":"","overlay-gradient":""},"tablet":{"background-color":"var(--ast-global-color-5)","background-image":"","background-repeat":"repeat","background-position":"center center","background-size":"auto","background-attachment":"scroll","background-type":"","background-media":"","overlay-type":"","overlay-color":"","overlay-opacity":"","overlay-gradient":""},"mobile":{"background-color":"var(--ast-global-color-5)","background-image":"","background-repeat":"repeat","background-position":"center center","background-size":"auto","background-attachment":"scroll","background-type":"","background-media":"","overlay-type":"","overlay-color":"","overlay-opacity":"","overlay-gradient":""}},"_joinchat":[]},"product_brand":[],"product_cat":[141],"product_tag":[235,243,238,247,252,240,248,241,236,254,242,237,251,246,244,245,239,250,249,253],"class_list":{"0":"post-5060","1":"product","2":"type-product","3":"status-publish","4":"has-post-thumbnail","6":"product_cat-sex-meth","7":"product_tag-achetez-lsd","8":"product_tag-acide-lysergique-a-vendre","9":"product_tag-commandez-lsd-en-ligne","10":"product_tag-commandez-lsd-maintenant","11":"product_tag-etudes-sur-le-lsd-et-la-serotonine","12":"product_tag-fournisseurs-fiables-de-lsd","13":"product_tag-livraison-rapide-de-lsd","14":"product_tag-livraison-securisee-de-lsd","15":"product_tag-lsd-a-vendre","16":"product_tag-lsd-abordable-en-ligne","17":"product_tag-lsd-authentique-en-ligne","18":"product_tag-lsd-de-haute-qualite","19":"product_tag-lsd-pour-creativite","20":"product_tag-lsd-pour-etudes-de-conscience","21":"product_tag-lsd-pour-exploration","22":"product_tag-lsd-pour-neurosciences","23":"product_tag-lsd-pour-recherche","24":"product_tag-lsd-pour-sante-mentale","25":"product_tag-ou-acheter-du-lsd","26":"product_tag-produits-premium-lsd","27":"desktop-align-left","28":"tablet-align-left","29":"mobile-align-left","31":"first","32":"instock","33":"shipping-taxable","34":"purchasable","35":"product-type-variable"},"yoast_head":"<!-- This site is optimized with the Yoast SEO plugin v26.9 - https:\/\/yoast.com\/product\/yoast-seo-wordpress\/ -->\n<title>Achetez du LSD (Acide Lysergique) | Qualit\u00e9 sur GBlexprimer<\/title>\n<meta name=\"description\" content=\"Achetez du LSD (Acide Lysergique) en ligne sur GBlexprimer. Produit de qualit\u00e9 sup\u00e9rieure pour la recherche et l\u2019exploration. Vous ignorez peut-\u00eatre que vous pouvez ACHETER DU LSD EN LIGNE sur notre boutique. Non ?!, commandez maintenant !\" \/>\n<meta name=\"robots\" content=\"index, follow, max-snippet:-1, max-image-preview:large, max-video-preview:-1\" \/>\n<link rel=\"canonical\" href=\"https:\/\/gblexprimer.com\/pt\/produto\/lsd-kwas\/\" \/>\n<meta property=\"og:locale\" content=\"pt_PT\" \/>\n<meta property=\"og:type\" content=\"article\" \/>\n<meta property=\"og:title\" content=\"Achetez du LSD (Acide Lysergique) | Qualit\u00e9 sur GBlexprimer\" \/>\n<meta property=\"og:description\" content=\"Achetez du LSD (Acide Lysergique) en ligne sur GBlexprimer. Produit de qualit\u00e9 sup\u00e9rieure pour la recherche et l\u2019exploration. Vous ignorez peut-\u00eatre que vous pouvez ACHETER DU LSD EN LIGNE sur notre boutique. Non ?!, commandez maintenant !\" \/>\n<meta property=\"og:url\" content=\"https:\/\/gblexprimer.com\/pt\/produto\/lsd-kwas\/\" \/>\n<meta property=\"og:site_name\" content=\"GBL Exprimer\" \/>\n<meta property=\"article:modified_time\" content=\"2026-04-11T07:59:35+00:00\" \/>\n<meta property=\"og:image\" content=\"https:\/\/gblexprimer.com\/wp-content\/uploads\/2024\/11\/1624027774644-product.webp\" \/>\n\t<meta property=\"og:image:width\" content=\"1600\" \/>\n\t<meta property=\"og:image:height\" content=\"1067\" \/>\n\t<meta property=\"og:image:type\" content=\"image\/webp\" \/>\n<meta name=\"twitter:card\" content=\"summary_large_image\" \/>\n<meta name=\"twitter:label1\" content=\"Tempo estimado de leitura\" \/>\n\t<meta name=\"twitter:data1\" content=\"3 minutos\" \/>\n<script type=\"application\/ld+json\" class=\"yoast-schema-graph\">{\"@context\":\"https:\/\/schema.org\",\"@graph\":[{\"@type\":\"WebPage\",\"@id\":\"https:\/\/gblexprimer.com\/product\/lsd-kwas\/\",\"url\":\"https:\/\/gblexprimer.com\/product\/lsd-kwas\/\",\"name\":\"Achetez du LSD (Acide Lysergique) | Qualit\u00e9 sur GBlexprimer\",\"isPartOf\":{\"@id\":\"https:\/\/gblexprimer.com\/#website\"},\"primaryImageOfPage\":{\"@id\":\"https:\/\/gblexprimer.com\/product\/lsd-kwas\/#primaryimage\"},\"image\":{\"@id\":\"https:\/\/gblexprimer.com\/product\/lsd-kwas\/#primaryimage\"},\"thumbnailUrl\":\"https:\/\/gblexprimer.com\/wp-content\/uploads\/2024\/11\/1624027774644-product.webp\",\"datePublished\":\"2024-11-26T06:17:36+00:00\",\"dateModified\":\"2026-04-11T07:59:35+00:00\",\"description\":\"Achetez du LSD (Acide Lysergique) en ligne sur GBlexprimer. Produit de qualit\u00e9 sup\u00e9rieure pour la recherche et l\u2019exploration. Vous ignorez peut-\u00eatre que vous pouvez ACHETER DU LSD EN LIGNE sur notre boutique. Non ?!, commandez maintenant !\",\"breadcrumb\":{\"@id\":\"https:\/\/gblexprimer.com\/product\/lsd-kwas\/#breadcrumb\"},\"inLanguage\":\"pt-PT\",\"potentialAction\":[{\"@type\":\"ReadAction\",\"target\":[\"https:\/\/gblexprimer.com\/product\/lsd-kwas\/\"]}]},{\"@type\":\"ImageObject\",\"inLanguage\":\"pt-PT\",\"@id\":\"https:\/\/gblexprimer.com\/product\/lsd-kwas\/#primaryimage\",\"url\":\"https:\/\/gblexprimer.com\/wp-content\/uploads\/2024\/11\/1624027774644-product.webp\",\"contentUrl\":\"https:\/\/gblexprimer.com\/wp-content\/uploads\/2024\/11\/1624027774644-product.webp\",\"width\":1600,\"height\":1067,\"caption\":\"Achetez LSD\"},{\"@type\":\"BreadcrumbList\",\"@id\":\"https:\/\/gblexprimer.com\/product\/lsd-kwas\/#breadcrumb\",\"itemListElement\":[{\"@type\":\"ListItem\",\"position\":1,\"name\":\"Home\",\"item\":\"https:\/\/gblexprimer.com\/\"},{\"@type\":\"ListItem\",\"position\":2,\"name\":\"Shop\",\"item\":\"https:\/\/gblexprimer.com\/shop\/\"},{\"@type\":\"ListItem\",\"position\":3,\"name\":\"LSD (Kwas)\"}]},{\"@type\":\"WebSite\",\"@id\":\"https:\/\/gblexprimer.com\/#website\",\"url\":\"https:\/\/gblexprimer.com\/\",\"name\":\"GBL Exprimer\",\"description\":\"\",\"publisher\":{\"@id\":\"https:\/\/gblexprimer.com\/#organization\"},\"potentialAction\":[{\"@type\":\"SearchAction\",\"target\":{\"@type\":\"EntryPoint\",\"urlTemplate\":\"https:\/\/gblexprimer.com\/?s={search_term_string}\"},\"query-input\":{\"@type\":\"PropertyValueSpecification\",\"valueRequired\":true,\"valueName\":\"search_term_string\"}}],\"inLanguage\":\"pt-PT\"},{\"@type\":\"Organization\",\"@id\":\"https:\/\/gblexprimer.com\/#organization\",\"name\":\"GBL Exprimer\",\"url\":\"https:\/\/gblexprimer.com\/\",\"logo\":{\"@type\":\"ImageObject\",\"inLanguage\":\"pt-PT\",\"@id\":\"https:\/\/gblexprimer.com\/#\/schema\/logo\/image\/\",\"url\":\"https:\/\/gblexprimer.com\/wp-content\/uploads\/2024\/01\/logo.png\",\"contentUrl\":\"https:\/\/gblexprimer.com\/wp-content\/uploads\/2024\/01\/logo.png\",\"width\":220,\"height\":80,\"caption\":\"GBL Exprimer\"},\"image\":{\"@id\":\"https:\/\/gblexprimer.com\/#\/schema\/logo\/image\/\"}}]}<\/script>\n<!-- \/ Yoast SEO plugin. -->","yoast_head_json":{"title":"Comprar LSD (\u00c1cido Lis\u00e9rgico) | Qualidade em GBlexprimer","description":"Comprar LSD (\u00e1cido lis\u00e9rgico) online na GBlexprimer. Produto de alta qualidade para investiga\u00e7\u00e3o e explora\u00e7\u00e3o. Talvez n\u00e3o saibas que podes COMPRAR LSD ONLINE na nossa loja. N\u00e3o?! Encomende j\u00e1!","robots":{"index":"index","follow":"follow","max-snippet":"max-snippet:-1","max-image-preview":"max-image-preview:large","max-video-preview":"max-video-preview:-1"},"canonical":"https:\/\/gblexprimer.com\/pt\/produto\/lsd-kwas\/","og_locale":"pt_PT","og_type":"article","og_title":"Achetez du LSD (Acide Lysergique) | Qualit\u00e9 sur GBlexprimer","og_description":"Achetez du LSD (Acide Lysergique) en ligne sur GBlexprimer. Produit de qualit\u00e9 sup\u00e9rieure pour la recherche et l\u2019exploration. Vous ignorez peut-\u00eatre que vous pouvez ACHETER DU LSD EN LIGNE sur notre boutique. Non ?!, commandez maintenant !","og_url":"https:\/\/gblexprimer.com\/pt\/produto\/lsd-kwas\/","og_site_name":"GBL Exprimer","article_modified_time":"2026-04-11T07:59:35+00:00","og_image":[{"width":1600,"height":1067,"url":"https:\/\/gblexprimer.com\/wp-content\/uploads\/2024\/11\/1624027774644-product.webp","type":"image\/webp"}],"twitter_card":"summary_large_image","twitter_misc":{"Tempo estimado de leitura":"3 minutos"},"schema":{"@context":"https:\/\/schema.org","@graph":[{"@type":"WebPage","@id":"https:\/\/gblexprimer.com\/product\/lsd-kwas\/","url":"https:\/\/gblexprimer.com\/product\/lsd-kwas\/","name":"Comprar LSD (\u00c1cido Lis\u00e9rgico) | Qualidade em GBlexprimer","isPartOf":{"@id":"https:\/\/gblexprimer.com\/#website"},"primaryImageOfPage":{"@id":"https:\/\/gblexprimer.com\/product\/lsd-kwas\/#primaryimage"},"image":{"@id":"https:\/\/gblexprimer.com\/product\/lsd-kwas\/#primaryimage"},"thumbnailUrl":"https:\/\/gblexprimer.com\/wp-content\/uploads\/2024\/11\/1624027774644-product.webp","datePublished":"2024-11-26T06:17:36+00:00","dateModified":"2026-04-11T07:59:35+00:00","description":"Comprar LSD (\u00e1cido lis\u00e9rgico) online na GBlexprimer. Produto de alta qualidade para investiga\u00e7\u00e3o e explora\u00e7\u00e3o. Talvez n\u00e3o saibas que podes COMPRAR LSD ONLINE na nossa loja. N\u00e3o?! Encomende j\u00e1!","breadcrumb":{"@id":"https:\/\/gblexprimer.com\/product\/lsd-kwas\/#breadcrumb"},"inLanguage":"pt-PT","potentialAction":[{"@type":"ReadAction","target":["https:\/\/gblexprimer.com\/product\/lsd-kwas\/"]}]},{"@type":"ImageObject","inLanguage":"pt-PT","@id":"https:\/\/gblexprimer.com\/product\/lsd-kwas\/#primaryimage","url":"https:\/\/gblexprimer.com\/wp-content\/uploads\/2024\/11\/1624027774644-product.webp","contentUrl":"https:\/\/gblexprimer.com\/wp-content\/uploads\/2024\/11\/1624027774644-product.webp","width":1600,"height":1067,"caption":"Achetez LSD"},{"@type":"BreadcrumbList","@id":"https:\/\/gblexprimer.com\/product\/lsd-kwas\/#breadcrumb","itemListElement":[{"@type":"ListItem","position":1,"name":"Home","item":"https:\/\/gblexprimer.com\/"},{"@type":"ListItem","position":2,"name":"Shop","item":"https:\/\/gblexprimer.com\/shop\/"},{"@type":"ListItem","position":3,"name":"LSD (Kwas)"}]},{"@type":"WebSite","@id":"https:\/\/gblexprimer.com\/#website","url":"https:\/\/gblexprimer.com\/","name":"GBL Express","description":"","publisher":{"@id":"https:\/\/gblexprimer.com\/#organization"},"potentialAction":[{"@type":"SearchAction","target":{"@type":"EntryPoint","urlTemplate":"https:\/\/gblexprimer.com\/?s={search_term_string}"},"query-input":{"@type":"PropertyValueSpecification","valueRequired":true,"valueName":"search_term_string"}}],"inLanguage":"pt-PT"},{"@type":"Organization","@id":"https:\/\/gblexprimer.com\/#organization","name":"GBL Express","url":"https:\/\/gblexprimer.com\/","logo":{"@type":"ImageObject","inLanguage":"pt-PT","@id":"https:\/\/gblexprimer.com\/#\/schema\/logo\/image\/","url":"https:\/\/gblexprimer.com\/wp-content\/uploads\/2024\/01\/logo.png","contentUrl":"https:\/\/gblexprimer.com\/wp-content\/uploads\/2024\/01\/logo.png","width":220,"height":80,"caption":"GBL Exprimer"},"image":{"@id":"https:\/\/gblexprimer.com\/#\/schema\/logo\/image\/"}}]}},"_links":{"self":[{"href":"https:\/\/gblexprimer.com\/pt\/wp-json\/wp\/v2\/product\/5060","targetHints":{"allow":["GET"]}}],"collection":[{"href":"https:\/\/gblexprimer.com\/pt\/wp-json\/wp\/v2\/product"}],"about":[{"href":"https:\/\/gblexprimer.com\/pt\/wp-json\/wp\/v2\/types\/product"}],"replies":[{"embeddable":true,"href":"https:\/\/gblexprimer.com\/pt\/wp-json\/wp\/v2\/comments?post=5060"}],"wp:featuredmedia":[{"embeddable":true,"href":"https:\/\/gblexprimer.com\/pt\/wp-json\/wp\/v2\/media\/5129"}],"wp:attachment":[{"href":"https:\/\/gblexprimer.com\/pt\/wp-json\/wp\/v2\/media?parent=5060"}],"wp:term":[{"taxonomy":"product_brand","embeddable":true,"href":"https:\/\/gblexprimer.com\/pt\/wp-json\/wp\/v2\/product_brand?post=5060"},{"taxonomy":"product_cat","embeddable":true,"href":"https:\/\/gblexprimer.com\/pt\/wp-json\/wp\/v2\/product_cat?post=5060"},{"taxonomy":"product_tag","embeddable":true,"href":"https:\/\/gblexprimer.com\/pt\/wp-json\/wp\/v2\/product_tag?post=5060"}],"curies":[{"name":"wp","href":"https:\/\/api.w.org\/{rel}","templated":true}]}}