{"id":77,"date":"2023-12-26T07:26:48","date_gmt":"2023-12-26T07:26:48","guid":{"rendered":"https:\/\/cannasmed.com\/gbl\/?post_type=product&#038;p=77"},"modified":"2026-04-16T14:46:10","modified_gmt":"2026-04-16T14:46:10","slug":"buy-alprazolam-powder-100g-online","status":"publish","type":"product","link":"https:\/\/gblexprimer.com\/pt\/produto\/buy-alprazolam-powder-100g-online\/","title":{"rendered":"BUY ALPRAZOLAM POWDER 100G ONLINE"},"content":{"rendered":"<h2>BUY KAUFEN ALPRAZOLAM PULVER 100G ONLINE<\/h2>\n<h3>Alprazolam em p\u00f3 a pre\u00e7os grossistas<\/h3>\n<p data-start=\"153\" data-end=\"678\"><strong><a href=\"https:\/\/gblexprimer.com\/pt\/produto\/buy-alprazolam-powder-100g-online\/\">Comprar Alprazolam em P\u00f3<\/a><\/strong> wholesale. Para venda: alprazolam powder. Fornecedores de alprazolam em p\u00f3. Comprar alprazolam em p\u00f3 online. Outro benzodiazep\u00ednico \u00e9 o alprazolam. Isso tem um impacto na qu\u00edmica do c\u00e9rebro que as pessoas com ansiedade podem ter fora de equil\u00edbrio. O alprazolam \u00e9 usado para tratar dist\u00farbios de p\u00e2nico, dist\u00farbios de ansiedade relacionados \u00e0 depress\u00e3o e dist\u00farbios de ansiedade de todos os tipos.<\/p>\n<h3 data-start=\"680\" data-end=\"775\">O alprazolam pode tamb\u00e9m ser utilizado para fins n\u00e3o m\u00e9dicos n\u00e3o especificados neste guia.<\/h3>\n<p data-start=\"777\" data-end=\"1672\">Xanax \u00e9 o nome comercial do alprazolam, um ansiol\u00edtico benzodiazep\u00ednico potente e de a\u00e7\u00e3o r\u00e1pida que \u00e9 tamb\u00e9m um tranquilizante ligeiro. \u00c9 frequentemente utilizado para tratar perturba\u00e7\u00f5es de ansiedade, em particular a perturba\u00e7\u00e3o de p\u00e2nico, embora tamb\u00e9m seja por vezes utilizado para tratar a perturba\u00e7\u00e3o de ansiedade social e a perturba\u00e7\u00e3o de ansiedade generalizada. Em 2010, era o 12\u00ba medicamento mais prescrito nos Estados Unidos. Tal como outras benzodiazepinas, o alprazolam liga-se a locais espec\u00edficos dos receptores GABAA. \u00c9 um relaxante muscular esquel\u00e9tico, anticonvulsivo, hipn\u00f3tico, ansiol\u00edtico, sedativo, amn\u00e9sico e antidepressivo. O alprazolam apresenta-se sob duas formas que podem ser tomadas por via oral: c\u00e1psulas de liberta\u00e7\u00e3o prolongada e comprimidos (CT). <a href=\"https:\/\/gblexprimer.com\/pt\/\">GblExpress<\/a><\/p>\n<p data-start=\"1674\" data-end=\"2321\">Para a perturba\u00e7\u00e3o de ansiedade generalizada, este pode <strong><a href=\"https:\/\/www.mayoclinic.org\/drugs-supplements\/alprazolam-oral-route\/description\/drg-20061040\">Demorar at\u00e9 uma semana<\/a><\/strong> No caso da perturba\u00e7\u00e3o de ansiedade generalizada, pode demorar at\u00e9 uma semana para se obterem benef\u00edcios \u00f3ptimos. Enquanto a toler\u00e2ncia aos efeitos sedativos e hipn\u00f3ticos demora alguns dias a desenvolver-se, a toler\u00e2ncia aos efeitos ansiol\u00edticos e antip\u00e2nicos \u00e9 question\u00e1vel, havendo apenas algumas publica\u00e7\u00f5es cred\u00edveis que apoiam o desenvolvimento de toler\u00e2ncia. Ap\u00f3s algumas semanas ou mais de administra\u00e7\u00e3o constante, a interrup\u00e7\u00e3o abrupta do tratamento pode causar sintomas de abstin\u00eancia ou sintomas de rebote, o que pode exigir uma redu\u00e7\u00e3o gradual da dose. Outro risco \u00e9 o aumento das taxas de suic\u00eddio, possivelmente devido \u00e0 desinibi\u00e7\u00e3o.<\/p>\n<h3 data-start=\"2323\" data-end=\"2337\">Detalhes vitais<\/h3>\n<p data-start=\"2339\" data-end=\"2802\">Se sofre de glaucoma de \u00e2ngulo fechado, se est\u00e1 a tomar itraconazol ou cetoconazol ao mesmo tempo, ou se \u00e9 al\u00e9rgico ao alprazolam ou a medicamentos relacionados (Valium, Ativan, Tranxene e outros), n\u00e3o deve utilizar alprazolam. <a href=\"https:\/\/gblexprimer.com\/pt\/produto\/-58\/\"><strong data-start=\"2679\" data-end=\"2703\">surdosage alprazolam<\/strong><\/a>e seguir pr\u00e1ticas de utiliza\u00e7\u00e3o segura do alprazolam, de forma a limitar a depend\u00eancia de benzodiazepinas.<\/p>\n<h4>Porqu\u00ea escolher o GBLexprimer?<\/h4>\n<ul>\n<li><strong>Fornecedor fi\u00e1vel<\/strong> : S\u00f3 adquirimos os nossos produtos a fabricantes reputados e fi\u00e1veis.<\/li>\n<li><strong>Controlos rigorosos<\/strong> \u00e9 testado para garantir que cumpre as normas mais rigorosas.<\/li>\n<li><strong>Servi\u00e7o ao cliente de qualidade<\/strong> Estamos empenhados em proporcionar-lhe uma experi\u00eancia de compra tranquila e satisfat\u00f3ria.<\/li>\n<\/ul>\n<h4>Como \u00e9 que posso encomendar Alprazolam online?<\/h4>\n<p>Encomendar a partir de<strong><a href=\"https:\/\/en.wikipedia.org\/wiki\/Alprazolam\">Alprazolam<\/a><\/strong>\u00e9 simples e seguro. Visite o nosso s\u00edtio Web, escolha a quantidade pretendida e efectue a sua encomenda em apenas alguns cliques. N\u00f3s garantimos<\/p>\n<p>Fa\u00e7a j\u00e1 a sua encomenda na GBLexprimer e adquira Alprazolam de alta qualidade a pre\u00e7os competitivos. Beneficie dos nossos produtos fi\u00e1veis \u200b\u200be de um excelente atendimento ao cliente! <a href=\"https:\/\/gblexprimer.com\/pt\/loja\/\"><strong>Articles les mieux not\u00e9s<\/strong><\/a><\/p>","protected":false},"excerpt":{"rendered":"<p><strong>Alprazolam<\/strong>vulgarmente comercializado sob a designa\u00e7\u00e3o <strong>Xanax<\/strong>\u00e9 um membro da classe das benzodiazepinas, utilizado principalmente no tratamento de perturba\u00e7\u00f5es de ansiedade, ataques de p\u00e2nico e sintomas relacionados com o stress. Gra\u00e7as \u00e0s suas propriedades sedativas e ansiol\u00edticas, <strong>alprazolam<\/strong> est\u00e1 tamb\u00e9m a ser estudado pelo seu impacto nos neurotransmissores e pelas suas aplica\u00e7\u00f5es terap\u00eauticas.<\/p>\n<h3><strong>Como \u00e9 que o Alprazolam actua?<\/strong><\/h3>\n<p>O alprazolam actua aumentando o efeito do neurotransmissor GABA (\u00e1cido gama-aminobut\u00edrico) no c\u00e9rebro. Isto leva a uma redu\u00e7\u00e3o da atividade nervosa, promovendo um estado de relaxamento e reduzindo os sintomas de ansiedade.<\/p>\n<ul>\n<li><strong>Principais efeitos :<\/strong> Al\u00edvio r\u00e1pido da ansiedade, redu\u00e7\u00e3o do stress e estabiliza\u00e7\u00e3o do humor.<\/li>\n<li><strong>In\u00edcio dos efeitos :<\/strong> 15 a 30 minutos ap\u00f3s a ingest\u00e3o.<\/li>\n<li><strong>Dura\u00e7\u00e3o:<\/strong> 6 a 12 horas, consoante a dose.<\/li>\n<\/ul>\n<h3><strong>F\u00f3rmula e dados<\/strong><\/h3>\n<ul>\n<li><strong>Denomina\u00e7\u00e3o qu\u00edmica :<\/strong> 8-Chloro-1-m\u00e9thyl-6-ph\u00e9nyl-4H-s-triazolo[4,3-a][1,4]benzodiaz\u00e9pine<\/li>\n<li><strong>F\u00f3rmula molecular :<\/strong> C17H13ClN4<\/li>\n<li><strong>Peso molecular :<\/strong> 308,76 g\/mol<\/li>\n<\/ul>","protected":false},"featured_media":85,"comment_status":"open","ping_status":"closed","template":"","meta":{"site-sidebar-layout":"default","site-content-layout":"","ast-site-content-layout":"default","site-content-style":"default","site-sidebar-style":"default","ast-global-header-display":"","ast-banner-title-visibility":"","ast-main-header-display":"","ast-hfb-above-header-display":"","ast-hfb-below-header-display":"","ast-hfb-mobile-header-display":"","site-post-title":"","ast-breadcrumbs-content":"","ast-featured-img":"","footer-sml-layout":"","theme-transparent-header-meta":"default","adv-header-id-meta":"","stick-header-meta":"","header-above-stick-meta":"","header-main-stick-meta":"","header-below-stick-meta":"","astra-migrate-meta-layouts":"set","ast-page-background-enabled":"default","ast-page-background-meta":{"desktop":{"background-color":"","background-image":"","background-repeat":"repeat","background-position":"center center","background-size":"auto","background-attachment":"scroll","background-type":"","background-media":"","overlay-type":"","overlay-color":"","overlay-opacity":"","overlay-gradient":""},"tablet":{"background-color":"","background-image":"","background-repeat":"repeat","background-position":"center center","background-size":"auto","background-attachment":"scroll","background-type":"","background-media":"","overlay-type":"","overlay-color":"","overlay-opacity":"","overlay-gradient":""},"mobile":{"background-color":"","background-image":"","background-repeat":"repeat","background-position":"center center","background-size":"auto","background-attachment":"scroll","background-type":"","background-media":"","overlay-type":"","overlay-color":"","overlay-opacity":"","overlay-gradient":""}},"ast-content-background-meta":{"desktop":{"background-color":"var(--ast-global-color-5)","background-image":"","background-repeat":"repeat","background-position":"center center","background-size":"auto","background-attachment":"scroll","background-type":"","background-media":"","overlay-type":"","overlay-color":"","overlay-opacity":"","overlay-gradient":""},"tablet":{"background-color":"var(--ast-global-color-5)","background-image":"","background-repeat":"repeat","background-position":"center center","background-size":"auto","background-attachment":"scroll","background-type":"","background-media":"","overlay-type":"","overlay-color":"","overlay-opacity":"","overlay-gradient":""},"mobile":{"background-color":"var(--ast-global-color-5)","background-image":"","background-repeat":"repeat","background-position":"center center","background-size":"auto","background-attachment":"scroll","background-type":"","background-media":"","overlay-type":"","overlay-color":"","overlay-opacity":"","overlay-gradient":""}},"_joinchat":[]},"product_brand":[],"product_cat":[15,84,141],"product_tag":[522,512,517,520,525,511,204,524,523,513,518,521,516,519,515,530,529,527,526,528,532,531,514],"class_list":{"0":"post-77","1":"product","2":"type-product","3":"status-publish","4":"has-post-thumbnail","6":"product_cat-uncategorized","7":"product_cat-ko-drops","8":"product_cat-sex-meth","9":"product_tag-acheter-alprazolam-aux-usa","10":"product_tag-acheter-alprazolam-en-ligne","11":"product_tag-acheter-alprazolam-en-ue","12":"product_tag-acheter-alprazolam-pas-cher","13":"product_tag-acheter-alprazolam-pas-cher-en-ligne","14":"product_tag-alprazolam","15":"product_tag-alprazolam-a-vendre","16":"product_tag-alprazolam-a-vendre-au-royaume-uni","17":"product_tag-alprazolam-a-vendre-aux-usa","18":"product_tag-alprazolam-a-vendre-en-ligne","19":"product_tag-alprazolam-en-ligne","20":"product_tag-alprazolam-et-ses-derives","21":"product_tag-alprazolam-liquide","22":"product_tag-commander-alprazolam-en-ligne","23":"product_tag-commander-alprazolam-en-poudre","24":"product_tag-comment-acheter-alprazolam-en-ligne","25":"product_tag-comment-commander-alprazolam","26":"product_tag-fournisseur-dalprazolam-aux-usa-en-ligne","27":"product_tag-fournisseur-legitime-dalprazolam","28":"product_tag-fournisseur-mondial-dalprazolam-en-ligne","29":"product_tag-ou-acheter-alprazolam-en-gros","30":"product_tag-ou-acheter-alprazolam-en-ligne","31":"product_tag-poudre-dalprazolam","32":"desktop-align-left","33":"tablet-align-left","34":"mobile-align-left","36":"first","37":"instock","38":"shipping-taxable","39":"purchasable","40":"product-type-variable"},"yoast_head":"<!-- This site is optimized with the Yoast SEO plugin v26.9 - https:\/\/yoast.com\/product\/yoast-seo-wordpress\/ -->\n<title>Acheter Alprazolam Poudre 100G en ligne | GBLExprimer<\/title>\n<meta name=\"description\" content=\"Achetez de l\u2019Alprazolam en ligne chez GBLexprimer. Test\u00e9 en laboratoire, puret\u00e9 \u226599%, livraison rapide et prix comp\u00e9titifs. Commandez maintenant !\" \/>\n<meta name=\"robots\" content=\"index, follow, max-snippet:-1, max-image-preview:large, max-video-preview:-1\" \/>\n<link rel=\"canonical\" href=\"https:\/\/gblexprimer.com\/pt\/produto\/buy-alprazolam-powder-100g-online\/\" \/>\n<meta property=\"og:locale\" content=\"pt_PT\" \/>\n<meta property=\"og:type\" content=\"article\" \/>\n<meta property=\"og:title\" content=\"Acheter Alprazolam Poudre 100G en ligne | GBLExprimer\" \/>\n<meta property=\"og:description\" content=\"Achetez de l\u2019Alprazolam en ligne chez GBLexprimer. Test\u00e9 en laboratoire, puret\u00e9 \u226599%, livraison rapide et prix comp\u00e9titifs. Commandez maintenant !\" \/>\n<meta property=\"og:url\" content=\"https:\/\/gblexprimer.com\/pt\/produto\/buy-alprazolam-powder-100g-online\/\" \/>\n<meta property=\"og:site_name\" content=\"GBL Exprimer\" \/>\n<meta property=\"article:modified_time\" content=\"2026-04-16T14:46:10+00:00\" \/>\n<meta property=\"og:image\" content=\"https:\/\/gblexprimer.com\/wp-content\/uploads\/2023\/12\/KAUFEN-ALPRAZOLAM-PULVER-100G.jpg\" \/>\n\t<meta property=\"og:image:width\" content=\"600\" \/>\n\t<meta property=\"og:image:height\" content=\"600\" \/>\n\t<meta property=\"og:image:type\" content=\"image\/jpeg\" \/>\n<meta name=\"twitter:card\" content=\"summary_large_image\" \/>\n<meta name=\"twitter:label1\" content=\"Tempo estimado de leitura\" \/>\n\t<meta name=\"twitter:data1\" content=\"3 minutos\" \/>\n<script type=\"application\/ld+json\" class=\"yoast-schema-graph\">{\"@context\":\"https:\/\/schema.org\",\"@graph\":[{\"@type\":\"WebPage\",\"@id\":\"https:\/\/gblexprimer.com\/product\/acheter-alprazolam-poudre-100g-en-ligne\/\",\"url\":\"https:\/\/gblexprimer.com\/product\/acheter-alprazolam-poudre-100g-en-ligne\/\",\"name\":\"Acheter Alprazolam Poudre 100G en ligne | GBLExprimer\",\"isPartOf\":{\"@id\":\"https:\/\/gblexprimer.com\/#website\"},\"primaryImageOfPage\":{\"@id\":\"https:\/\/gblexprimer.com\/product\/acheter-alprazolam-poudre-100g-en-ligne\/#primaryimage\"},\"image\":{\"@id\":\"https:\/\/gblexprimer.com\/product\/acheter-alprazolam-poudre-100g-en-ligne\/#primaryimage\"},\"thumbnailUrl\":\"https:\/\/gblexprimer.com\/wp-content\/uploads\/2023\/12\/KAUFEN-ALPRAZOLAM-PULVER-100G.jpg\",\"datePublished\":\"2023-12-26T07:26:48+00:00\",\"dateModified\":\"2026-04-16T14:46:10+00:00\",\"description\":\"Achetez de l\u2019Alprazolam en ligne chez GBLexprimer. Test\u00e9 en laboratoire, puret\u00e9 \u226599%, livraison rapide et prix comp\u00e9titifs. Commandez maintenant !\",\"breadcrumb\":{\"@id\":\"https:\/\/gblexprimer.com\/product\/acheter-alprazolam-poudre-100g-en-ligne\/#breadcrumb\"},\"inLanguage\":\"pt-PT\",\"potentialAction\":[{\"@type\":\"ReadAction\",\"target\":[\"https:\/\/gblexprimer.com\/product\/acheter-alprazolam-poudre-100g-en-ligne\/\"]}]},{\"@type\":\"ImageObject\",\"inLanguage\":\"pt-PT\",\"@id\":\"https:\/\/gblexprimer.com\/product\/acheter-alprazolam-poudre-100g-en-ligne\/#primaryimage\",\"url\":\"https:\/\/gblexprimer.com\/wp-content\/uploads\/2023\/12\/KAUFEN-ALPRAZOLAM-PULVER-100G.jpg\",\"contentUrl\":\"https:\/\/gblexprimer.com\/wp-content\/uploads\/2023\/12\/KAUFEN-ALPRAZOLAM-PULVER-100G.jpg\",\"width\":600,\"height\":600,\"caption\":\"Acheter Alprazolam Poudre 100G en ligne\"},{\"@type\":\"BreadcrumbList\",\"@id\":\"https:\/\/gblexprimer.com\/product\/acheter-alprazolam-poudre-100g-en-ligne\/#breadcrumb\",\"itemListElement\":[{\"@type\":\"ListItem\",\"position\":1,\"name\":\"Home\",\"item\":\"https:\/\/gblexprimer.com\/\"},{\"@type\":\"ListItem\",\"position\":2,\"name\":\"Shop\",\"item\":\"https:\/\/gblexprimer.com\/shop\/\"},{\"@type\":\"ListItem\",\"position\":3,\"name\":\"ACHETER ALPRAZOLAM POUDRE 100G EN LIGNE\"}]},{\"@type\":\"WebSite\",\"@id\":\"https:\/\/gblexprimer.com\/#website\",\"url\":\"https:\/\/gblexprimer.com\/\",\"name\":\"GBL Exprimer\",\"description\":\"\",\"publisher\":{\"@id\":\"https:\/\/gblexprimer.com\/#organization\"},\"potentialAction\":[{\"@type\":\"SearchAction\",\"target\":{\"@type\":\"EntryPoint\",\"urlTemplate\":\"https:\/\/gblexprimer.com\/?s={search_term_string}\"},\"query-input\":{\"@type\":\"PropertyValueSpecification\",\"valueRequired\":true,\"valueName\":\"search_term_string\"}}],\"inLanguage\":\"pt-PT\"},{\"@type\":\"Organization\",\"@id\":\"https:\/\/gblexprimer.com\/#organization\",\"name\":\"GBL Exprimer\",\"url\":\"https:\/\/gblexprimer.com\/\",\"logo\":{\"@type\":\"ImageObject\",\"inLanguage\":\"pt-PT\",\"@id\":\"https:\/\/gblexprimer.com\/#\/schema\/logo\/image\/\",\"url\":\"https:\/\/gblexprimer.com\/wp-content\/uploads\/2024\/01\/logo.png\",\"contentUrl\":\"https:\/\/gblexprimer.com\/wp-content\/uploads\/2024\/01\/logo.png\",\"width\":220,\"height\":80,\"caption\":\"GBL Exprimer\"},\"image\":{\"@id\":\"https:\/\/gblexprimer.com\/#\/schema\/logo\/image\/\"}}]}<\/script>\n<!-- \/ Yoast SEO plugin. -->","yoast_head_json":{"title":"Comprar Alprazolam Powder 100G online | GBLExprimer","description":"Comprar Alprazolam online em GBLexprimer. Testado em laborat\u00f3rio, pureza \u226599%, entrega r\u00e1pida e pre\u00e7os competitivos. Encomendar agora!","robots":{"index":"index","follow":"follow","max-snippet":"max-snippet:-1","max-image-preview":"max-image-preview:large","max-video-preview":"max-video-preview:-1"},"canonical":"https:\/\/gblexprimer.com\/pt\/produto\/buy-alprazolam-powder-100g-online\/","og_locale":"pt_PT","og_type":"article","og_title":"Acheter Alprazolam Poudre 100G en ligne | GBLExprimer","og_description":"Achetez de l\u2019Alprazolam en ligne chez GBLexprimer. Test\u00e9 en laboratoire, puret\u00e9 \u226599%, livraison rapide et prix comp\u00e9titifs. Commandez maintenant !","og_url":"https:\/\/gblexprimer.com\/pt\/produto\/buy-alprazolam-powder-100g-online\/","og_site_name":"GBL Exprimer","article_modified_time":"2026-04-16T14:46:10+00:00","og_image":[{"width":600,"height":600,"url":"https:\/\/gblexprimer.com\/wp-content\/uploads\/2023\/12\/KAUFEN-ALPRAZOLAM-PULVER-100G.jpg","type":"image\/jpeg"}],"twitter_card":"summary_large_image","twitter_misc":{"Tempo estimado de leitura":"3 minutos"},"schema":{"@context":"https:\/\/schema.org","@graph":[{"@type":"WebPage","@id":"https:\/\/gblexprimer.com\/product\/acheter-alprazolam-poudre-100g-en-ligne\/","url":"https:\/\/gblexprimer.com\/product\/acheter-alprazolam-poudre-100g-en-ligne\/","name":"Comprar Alprazolam Powder 100G online | GBLExprimer","isPartOf":{"@id":"https:\/\/gblexprimer.com\/#website"},"primaryImageOfPage":{"@id":"https:\/\/gblexprimer.com\/product\/acheter-alprazolam-poudre-100g-en-ligne\/#primaryimage"},"image":{"@id":"https:\/\/gblexprimer.com\/product\/acheter-alprazolam-poudre-100g-en-ligne\/#primaryimage"},"thumbnailUrl":"https:\/\/gblexprimer.com\/wp-content\/uploads\/2023\/12\/KAUFEN-ALPRAZOLAM-PULVER-100G.jpg","datePublished":"2023-12-26T07:26:48+00:00","dateModified":"2026-04-16T14:46:10+00:00","description":"Comprar Alprazolam online em GBLexprimer. Testado em laborat\u00f3rio, pureza \u226599%, entrega r\u00e1pida e pre\u00e7os competitivos. Encomendar agora!","breadcrumb":{"@id":"https:\/\/gblexprimer.com\/product\/acheter-alprazolam-poudre-100g-en-ligne\/#breadcrumb"},"inLanguage":"pt-PT","potentialAction":[{"@type":"ReadAction","target":["https:\/\/gblexprimer.com\/product\/acheter-alprazolam-poudre-100g-en-ligne\/"]}]},{"@type":"ImageObject","inLanguage":"pt-PT","@id":"https:\/\/gblexprimer.com\/product\/acheter-alprazolam-poudre-100g-en-ligne\/#primaryimage","url":"https:\/\/gblexprimer.com\/wp-content\/uploads\/2023\/12\/KAUFEN-ALPRAZOLAM-PULVER-100G.jpg","contentUrl":"https:\/\/gblexprimer.com\/wp-content\/uploads\/2023\/12\/KAUFEN-ALPRAZOLAM-PULVER-100G.jpg","width":600,"height":600,"caption":"Acheter Alprazolam Poudre 100G en ligne"},{"@type":"BreadcrumbList","@id":"https:\/\/gblexprimer.com\/product\/acheter-alprazolam-poudre-100g-en-ligne\/#breadcrumb","itemListElement":[{"@type":"ListItem","position":1,"name":"Home","item":"https:\/\/gblexprimer.com\/"},{"@type":"ListItem","position":2,"name":"Shop","item":"https:\/\/gblexprimer.com\/shop\/"},{"@type":"ListItem","position":3,"name":"ACHETER ALPRAZOLAM POUDRE 100G EN LIGNE"}]},{"@type":"WebSite","@id":"https:\/\/gblexprimer.com\/#website","url":"https:\/\/gblexprimer.com\/","name":"GBL Express","description":"","publisher":{"@id":"https:\/\/gblexprimer.com\/#organization"},"potentialAction":[{"@type":"SearchAction","target":{"@type":"EntryPoint","urlTemplate":"https:\/\/gblexprimer.com\/?s={search_term_string}"},"query-input":{"@type":"PropertyValueSpecification","valueRequired":true,"valueName":"search_term_string"}}],"inLanguage":"pt-PT"},{"@type":"Organization","@id":"https:\/\/gblexprimer.com\/#organization","name":"GBL Express","url":"https:\/\/gblexprimer.com\/","logo":{"@type":"ImageObject","inLanguage":"pt-PT","@id":"https:\/\/gblexprimer.com\/#\/schema\/logo\/image\/","url":"https:\/\/gblexprimer.com\/wp-content\/uploads\/2024\/01\/logo.png","contentUrl":"https:\/\/gblexprimer.com\/wp-content\/uploads\/2024\/01\/logo.png","width":220,"height":80,"caption":"GBL Exprimer"},"image":{"@id":"https:\/\/gblexprimer.com\/#\/schema\/logo\/image\/"}}]}},"_links":{"self":[{"href":"https:\/\/gblexprimer.com\/pt\/wp-json\/wp\/v2\/product\/77","targetHints":{"allow":["GET"]}}],"collection":[{"href":"https:\/\/gblexprimer.com\/pt\/wp-json\/wp\/v2\/product"}],"about":[{"href":"https:\/\/gblexprimer.com\/pt\/wp-json\/wp\/v2\/types\/product"}],"replies":[{"embeddable":true,"href":"https:\/\/gblexprimer.com\/pt\/wp-json\/wp\/v2\/comments?post=77"}],"wp:featuredmedia":[{"embeddable":true,"href":"https:\/\/gblexprimer.com\/pt\/wp-json\/wp\/v2\/media\/85"}],"wp:attachment":[{"href":"https:\/\/gblexprimer.com\/pt\/wp-json\/wp\/v2\/media?parent=77"}],"wp:term":[{"taxonomy":"product_brand","embeddable":true,"href":"https:\/\/gblexprimer.com\/pt\/wp-json\/wp\/v2\/product_brand?post=77"},{"taxonomy":"product_cat","embeddable":true,"href":"https:\/\/gblexprimer.com\/pt\/wp-json\/wp\/v2\/product_cat?post=77"},{"taxonomy":"product_tag","embeddable":true,"href":"https:\/\/gblexprimer.com\/pt\/wp-json\/wp\/v2\/product_tag?post=77"}],"curies":[{"name":"wp","href":"https:\/\/api.w.org\/{rel}","templated":true}]}}