{"id":5221,"date":"2025-02-02T00:33:12","date_gmt":"2025-02-02T00:33:12","guid":{"rendered":"https:\/\/gblexprimer.com\/?page_id=5221"},"modified":"2025-02-02T00:33:13","modified_gmt":"2025-02-02T00:33:13","slug":"quest-ce-que-le-ghb","status":"publish","type":"page","link":"https:\/\/gblexprimer.com\/sv\/quest-ce-que-le-ghb\/","title":{"rendered":"Vad \u00e4r GHB?"},"content":{"rendered":"<figure class=\"wp-block-image aligncenter size-full is-resized\"><img fetchpriority=\"high\" decoding=\"async\" width=\"225\" height=\"224\" src=\"https:\/\/gblexprimer.com\/wp-content\/uploads\/2025\/02\/Heaven-Pure-Ecstasy-12.jpeg\" alt=\"\" class=\"wp-image-5222\" style=\"width:225px;height:auto\" srcset=\"https:\/\/gblexprimer.com\/wp-content\/uploads\/2025\/02\/Heaven-Pure-Ecstasy-12.jpeg 225w, https:\/\/gblexprimer.com\/wp-content\/uploads\/2025\/02\/Heaven-Pure-Ecstasy-12-150x150.jpeg 150w, https:\/\/gblexprimer.com\/wp-content\/uploads\/2025\/02\/Heaven-Pure-Ecstasy-12-12x12.jpeg 12w, https:\/\/gblexprimer.com\/wp-content\/uploads\/2025\/02\/Heaven-Pure-Ecstasy-12-100x100.jpeg 100w\" sizes=\"(max-width: 225px) 100vw, 225px\" \/><\/figure>\n\n\n\n<p>GHB (gammahydroxybutyrat) \u00e4r en luktfri, f\u00e4rgl\u00f6s v\u00e4tska med en l\u00e4tt salt smak. Det klassificeras som ett lugnande medel och tillh\u00f6r samma familj av l\u00e4kemedel som Rohypnol och ketamin. Vad \u00e4r GHB? <a href=\"https:\/\/chemspowder.com\/es\/\">.<\/a><\/p>\n\n\n\n<p>GHB anv\u00e4nds som narkosmedel i Europa. I USA godk\u00e4nde FDA \u00e5r 2002 GHB f\u00f6r behandling av narkolepsi (en s\u00f6mnst\u00f6rning). Godk\u00e4nnandet var f\u00f6renat med str\u00e4nga restriktioner, bland annat att GHB endast f\u00e5r anv\u00e4ndas f\u00f6r behandling av narkolepsi och att ett FDA-kontrollerat patientregister m\u00e5ste uppr\u00e4ttas.<a href=\"https:\/\/gblexprimer.com\/sv\/\">.<\/a><\/p>\n\n\n\n<p>GHB har i v\u00e5rt land anv\u00e4nts som v\u00e5ldt\u00e4ktsdrog: det kan l\u00e4ggas i offrets drink och orsaka yrsel, f\u00f6rvirring, s\u00f6mnighet och ibland medvetsl\u00f6shet. N\u00e4r GHB kombineras med alkohol \u00e4r det s\u00e4rskilt farligt, eftersom kombinationen av de tv\u00e5 depressiva medlen kan leda till en \u00f6verdos. Innan anv\u00e4ndningen av GHB begr\u00e4nsades marknadsf\u00f6rdes det till kroppsbyggare som en produkt f\u00f6r att frig\u00f6ra tillv\u00e4xthormon och bygga muskler. Det finns inga bevis f\u00f6r att det g\u00f6r detta. GHB marknadsf\u00f6rdes ocks\u00e5 som ett \"v\u00e4xtbaserat\" tillskott f\u00f6r att hj\u00e4lpa till att sova och bek\u00e4mpa depression.<\/p>\n\n\n\n<p>Forskarna vet inte exakt hur GHB p\u00e5verkar neurokemin, men det anses vara ett mycket kraftfullt lugnande medel, eftersom sm\u00e5 doser kan f\u00e5 allvarliga effekter, t.ex. medvetsl\u00f6shet. Bevis tyder p\u00e5 att det l\u00e4tt passerar blod-hj\u00e4rnbarri\u00e4ren, den fysiologiska mekanism som reglerar fris\u00e4ttningen av kemikalier och n\u00e4rings\u00e4mnen i hj\u00e4rnan. Det har d\u00e4rf\u00f6r f\u00f6rm\u00e5gan att verka direkt p\u00e5 hj\u00e4rnan p\u00e5 ett s\u00e4tt som andra droger inte g\u00f6r.<\/p>\n\n\n\n<h3 class=\"wp-block-heading\">Hur anv\u00e4nds GHB?<\/h3>\n\n\n\n<p>GHB tas vanligtvis i flytande form, men finns ibland i pulver-, tablett- eller kapselform. Eftersom GHB i flytande form varierar i styrka och m\u00e4nniskor reagerar olika, \u00e4r det mycket l\u00e4tt att ta en farlig dos av l\u00e4kemedlet. Effekten av drogen b\u00f6rjar 10 till 20 minuter efter intag och varar i upp till 4 timmar.<\/p>\n\n\n\n<h2 class=\"wp-block-heading\">Varf\u00f6r tar folk GHB?<\/h2>\n\n\n\n<p>GHB kan ge hallucinationer och en k\u00e4nsla av avslappning och eufori. Personer som anv\u00e4nder GHB rapporterar ocks\u00e5 en \u00f6kning av energi, k\u00e4nslor av tillgivenhet och s\u00e4llskaplighet, mild h\u00e4mningsl\u00f6shet och f\u00f6rb\u00e4ttrad sexuell upplevelse.<\/p>\n\n\n\n<h3 class=\"wp-block-heading\">Finns det n\u00e5gra kortsiktiga risker f\u00f6rknippade med att ta GHB?<\/h3>\n\n\n\n<p>H\u00e4lsoriskerna omfattar illam\u00e5ende, koordinationsf\u00f6rlust, koncentrationssv\u00e5righeter och f\u00f6rlust av kr\u00e4kreflexen. Eftersom doserna \u00e4r sv\u00e5ra att kvantifiera kan \u00f6verdosering ske ganska l\u00e4tt, s\u00e4rskilt i kombination med alkohol. Varningssignalerna f\u00f6r \u00f6verdosering av GHB kan vara f\u00f6ljande<\/p>\n\n\n\n<p>Kr\u00e4kningar<br>Intensiv huvudv\u00e4rk<br>Mycket l\u00e5ngsam andning och hj\u00e4rtfrekvens<br>Abstinenssymtom s\u00e5som s\u00f6mnl\u00f6shet, \u00e5ngest, darrningar och svettningar<br>minnesf\u00f6rlust<br>Andningssv\u00e5righeter<br>Medvetsl\u00f6shet<\/p>\n\n\n\n<p>P\u00e5 grund av risken f\u00f6r \u00f6verdosering \u00e4r GHB kanske den farligaste klubbdrogen n\u00e4r det g\u00e4ller omedelbara konsekvenser. GHB har orsakat 73 d\u00f6dsfall sedan 1995. Antalet akutintagningar p\u00e5 grund av GHB n\u00e4stan fyrdubblades nationellt mellan 1998 och 2000, med 4.969 rapporterade fall.<\/p>\n\n\n\n<p>Eftersom GHB l\u00e4mnar kroppen relativt snabbt \u00e4r det inte l\u00e4tt att uppt\u00e4cka det genom medicinska tester. Det \u00e4r viktigt att du ber\u00e4ttar f\u00f6r sjukv\u00e5rdspersonal att du har tagit GHB s\u00e5 att du kan f\u00e5 l\u00e4mplig medicinsk hj\u00e4lp.<\/p>\n\n\n\n<p>GHB kan l\u00e4tt slinka in i en persons drink utan att uppt\u00e4ckas. Om du b\u00f6rjar uppleva symtom som inte har n\u00e5got att g\u00f6ra med vad du dricker, s\u00f6k omedelbart hj\u00e4lp.<\/p>\n\n\n\n<p>Kom ih\u00e5g att olagliga droger produceras i hemliga laboratorier och att du aldrig kan vara s\u00e4ker p\u00e5 vad som finns i drogen eller hur potent den \u00e4r. Att tillverka GHB enligt ett recept \u00e4r ocks\u00e5 extremt farligt, eftersom ett antal personer som inte har formulerat GHB p\u00e5 r\u00e4tt s\u00e4tt har br\u00e4nt sig i munnen, halsen och matstrupen med vad som i huvudsak var en sur f\u00f6rening.<\/p>\n\n\n\n<h4 class=\"wp-block-heading\">\u00c4r GHB beroendeframkallande?<\/h4>\n\n\n\n<p>Upprepad anv\u00e4ndning av GHB kan leda till abstinensbesv\u00e4r, bl.a. s\u00f6mnl\u00f6shet, \u00e5ngest och skakningar. Upplevelsen av abstinens \u00e4r ett av tecknen p\u00e5 beroende. Det finns inte mycket statistik om GHB-missbruk, men tillg\u00e4nglig information tyder p\u00e5 att GHB-missbruket \u00f6kar. Ett antal fall av GHB-beroende har rapporterats och det verkar som om det \u00e4r sv\u00e5rare att bli av med GHB \u00e4n med kokain eller heroin n\u00e4r man v\u00e4l \u00e4r beroende. Behandlingsalternativen \u00e4r fortfarande begr\u00e4nsade. P\u00e5 grund av sv\u00e5righetsgraden av GHB-abstinenssymtom \u00e4r det absolut n\u00f6dv\u00e4ndigt att s\u00f6ka professionell hj\u00e4lp under avgiftning. Abstinens kan inkludera delirium, desorientering och hallucinationer, som kan p\u00e5g\u00e5 i upp till tv\u00e5 veckor Vad \u00e4r GHB.<\/p>\n\n\n\n<h4 class=\"wp-block-heading\">\u00c4r GHB olagligt?<\/h4>\n\n\n\n<p>Anv\u00e4ndning av GHB \u00e4r endast lagligt n\u00e4r det skrivs ut till en person f\u00f6r behandling av narkolepsi. Andra typer av innehav, anv\u00e4ndning, tillverkning och f\u00f6rs\u00e4ljning bestraffas med l\u00e5nga f\u00e4ngelsestraff, b\u00f6ter och disciplin\u00e4ra \u00e5tg\u00e4rder vid UCSC.<\/p>\n\n\n\n<p>Hur kan jag hj\u00e4lpa en v\u00e4n med drogproblem?<br>Om du \u00e4r orolig f\u00f6r en v\u00e4ns drog- eller alkoholanv\u00e4ndning inneh\u00e5ller den h\u00e4r sidan anv\u00e4ndbar information om olika s\u00e4tt att hj\u00e4lpa dem, Vad \u00e4r GHB.<\/p>","protected":false},"excerpt":{"rendered":"<p>Le GHB (gamma hydroxybutyrate) est un liquide inodore et incolore au go\u00fbt l\u00e9g\u00e8rement sal\u00e9. Il est class\u00e9 parmi les s\u00e9datifs et appartient \u00e0 la m\u00eame famille de m\u00e9dicaments que le Rohypnol et la k\u00e9tamine, Qu&rsquo;est-ce que le GHB . Le GHB est utilis\u00e9 comme anesth\u00e9sique g\u00e9n\u00e9ral en Europe. Aux \u00c9tats-Unis, la FDA a approuv\u00e9 le [&hellip;]<\/p>","protected":false},"author":1,"featured_media":0,"parent":0,"menu_order":0,"comment_status":"closed","ping_status":"closed","template":"","meta":{"site-sidebar-layout":"default","site-content-layout":"","ast-site-content-layout":"","site-content-style":"default","site-sidebar-style":"default","ast-global-header-display":"","ast-banner-title-visibility":"","ast-main-header-display":"","ast-hfb-above-header-display":"","ast-hfb-below-header-display":"","ast-hfb-mobile-header-display":"","site-post-title":"","ast-breadcrumbs-content":"","ast-featured-img":"","footer-sml-layout":"","theme-transparent-header-meta":"","adv-header-id-meta":"","stick-header-meta":"","header-above-stick-meta":"","header-main-stick-meta":"","header-below-stick-meta":"","astra-migrate-meta-layouts":"default","ast-page-background-enabled":"default","ast-page-background-meta":{"desktop":{"background-color":"","background-image":"","background-repeat":"repeat","background-position":"center center","background-size":"auto","background-attachment":"scroll","background-type":"","background-media":"","overlay-type":"","overlay-color":"","overlay-opacity":"","overlay-gradient":""},"tablet":{"background-color":"","background-image":"","background-repeat":"repeat","background-position":"center center","background-size":"auto","background-attachment":"scroll","background-type":"","background-media":"","overlay-type":"","overlay-color":"","overlay-opacity":"","overlay-gradient":""},"mobile":{"background-color":"","background-image":"","background-repeat":"repeat","background-position":"center center","background-size":"auto","background-attachment":"scroll","background-type":"","background-media":"","overlay-type":"","overlay-color":"","overlay-opacity":"","overlay-gradient":""}},"ast-content-background-meta":{"desktop":{"background-color":"var(--ast-global-color-5)","background-image":"","background-repeat":"repeat","background-position":"center center","background-size":"auto","background-attachment":"scroll","background-type":"","background-media":"","overlay-type":"","overlay-color":"","overlay-opacity":"","overlay-gradient":""},"tablet":{"background-color":"var(--ast-global-color-5)","background-image":"","background-repeat":"repeat","background-position":"center center","background-size":"auto","background-attachment":"scroll","background-type":"","background-media":"","overlay-type":"","overlay-color":"","overlay-opacity":"","overlay-gradient":""},"mobile":{"background-color":"var(--ast-global-color-5)","background-image":"","background-repeat":"repeat","background-position":"center center","background-size":"auto","background-attachment":"scroll","background-type":"","background-media":"","overlay-type":"","overlay-color":"","overlay-opacity":"","overlay-gradient":""}},"_joinchat":[],"footnotes":""},"class_list":["post-5221","page","type-page","status-publish","hentry"],"yoast_head":"<!-- This site is optimized with the Yoast SEO plugin v26.9 - https:\/\/yoast.com\/product\/yoast-seo-wordpress\/ -->\n<title>Qu&#039;est-ce que le GHB - GHB (gamma hydroxybutyrate)<\/title>\n<meta name=\"description\" content=\"Qu&#039;est-ce que le GHB , La consommation r\u00e9p\u00e9t\u00e9e de GHB peut entra\u00eener des effets de sevrage, notamment l&#039;insomnie, l&#039;anxi\u00e9t\u00e9 et les tremblements. L&#039;exp\u00e9rience du sevrage est l&#039;un des signes de la d\u00e9pendance.\" \/>\n<meta name=\"robots\" content=\"index, follow, max-snippet:-1, max-image-preview:large, max-video-preview:-1\" \/>\n<link rel=\"canonical\" href=\"https:\/\/gblexprimer.com\/sv\/quest-ce-que-le-ghb\/\" \/>\n<meta property=\"og:locale\" content=\"sv_SE\" \/>\n<meta property=\"og:type\" content=\"article\" \/>\n<meta property=\"og:title\" content=\"Qu&#039;est-ce que le GHB - GHB (gamma hydroxybutyrate)\" \/>\n<meta property=\"og:description\" content=\"Qu&#039;est-ce que le GHB , La consommation r\u00e9p\u00e9t\u00e9e de GHB peut entra\u00eener des effets de sevrage, notamment l&#039;insomnie, l&#039;anxi\u00e9t\u00e9 et les tremblements. L&#039;exp\u00e9rience du sevrage est l&#039;un des signes de la d\u00e9pendance.\" \/>\n<meta property=\"og:url\" content=\"https:\/\/gblexprimer.com\/sv\/quest-ce-que-le-ghb\/\" \/>\n<meta property=\"og:site_name\" content=\"GBL Exprimer\" \/>\n<meta property=\"article:modified_time\" content=\"2025-02-02T00:33:13+00:00\" \/>\n<meta property=\"og:image\" content=\"https:\/\/gblexprimer.com\/wp-content\/uploads\/2025\/02\/Heaven-Pure-Ecstasy-12.jpeg\" \/>\n<meta name=\"twitter:card\" content=\"summary_large_image\" \/>\n<meta name=\"twitter:label1\" content=\"Ber\u00e4knad l\u00e4stid\" \/>\n\t<meta name=\"twitter:data1\" content=\"5 minuter\" \/>\n<script type=\"application\/ld+json\" class=\"yoast-schema-graph\">{\"@context\":\"https:\/\/schema.org\",\"@graph\":[{\"@type\":\"WebPage\",\"@id\":\"https:\/\/gblexprimer.com\/quest-ce-que-le-ghb\/\",\"url\":\"https:\/\/gblexprimer.com\/quest-ce-que-le-ghb\/\",\"name\":\"Qu'est-ce que le GHB - GHB (gamma hydroxybutyrate)\",\"isPartOf\":{\"@id\":\"https:\/\/gblexprimer.com\/#website\"},\"primaryImageOfPage\":{\"@id\":\"https:\/\/gblexprimer.com\/quest-ce-que-le-ghb\/#primaryimage\"},\"image\":{\"@id\":\"https:\/\/gblexprimer.com\/quest-ce-que-le-ghb\/#primaryimage\"},\"thumbnailUrl\":\"https:\/\/gblexprimer.com\/wp-content\/uploads\/2025\/02\/Heaven-Pure-Ecstasy-12.jpeg\",\"datePublished\":\"2025-02-02T00:33:12+00:00\",\"dateModified\":\"2025-02-02T00:33:13+00:00\",\"description\":\"Qu'est-ce que le GHB , La consommation r\u00e9p\u00e9t\u00e9e de GHB peut entra\u00eener des effets de sevrage, notamment l'insomnie, l'anxi\u00e9t\u00e9 et les tremblements. L'exp\u00e9rience du sevrage est l'un des signes de la d\u00e9pendance.\",\"breadcrumb\":{\"@id\":\"https:\/\/gblexprimer.com\/quest-ce-que-le-ghb\/#breadcrumb\"},\"inLanguage\":\"sv-SE\",\"potentialAction\":[{\"@type\":\"ReadAction\",\"target\":[\"https:\/\/gblexprimer.com\/quest-ce-que-le-ghb\/\"]}]},{\"@type\":\"ImageObject\",\"inLanguage\":\"sv-SE\",\"@id\":\"https:\/\/gblexprimer.com\/quest-ce-que-le-ghb\/#primaryimage\",\"url\":\"https:\/\/gblexprimer.com\/wp-content\/uploads\/2025\/02\/Heaven-Pure-Ecstasy-12.jpeg\",\"contentUrl\":\"https:\/\/gblexprimer.com\/wp-content\/uploads\/2025\/02\/Heaven-Pure-Ecstasy-12.jpeg\"},{\"@type\":\"BreadcrumbList\",\"@id\":\"https:\/\/gblexprimer.com\/quest-ce-que-le-ghb\/#breadcrumb\",\"itemListElement\":[{\"@type\":\"ListItem\",\"position\":1,\"name\":\"Home\",\"item\":\"https:\/\/gblexprimer.com\/\"},{\"@type\":\"ListItem\",\"position\":2,\"name\":\"Qu&#8217;est-ce que le GHB ?\"}]},{\"@type\":\"WebSite\",\"@id\":\"https:\/\/gblexprimer.com\/#website\",\"url\":\"https:\/\/gblexprimer.com\/\",\"name\":\"GBL Exprimer\",\"description\":\"\",\"publisher\":{\"@id\":\"https:\/\/gblexprimer.com\/#organization\"},\"potentialAction\":[{\"@type\":\"SearchAction\",\"target\":{\"@type\":\"EntryPoint\",\"urlTemplate\":\"https:\/\/gblexprimer.com\/?s={search_term_string}\"},\"query-input\":{\"@type\":\"PropertyValueSpecification\",\"valueRequired\":true,\"valueName\":\"search_term_string\"}}],\"inLanguage\":\"sv-SE\"},{\"@type\":\"Organization\",\"@id\":\"https:\/\/gblexprimer.com\/#organization\",\"name\":\"GBL Exprimer\",\"url\":\"https:\/\/gblexprimer.com\/\",\"logo\":{\"@type\":\"ImageObject\",\"inLanguage\":\"sv-SE\",\"@id\":\"https:\/\/gblexprimer.com\/#\/schema\/logo\/image\/\",\"url\":\"https:\/\/gblexprimer.com\/wp-content\/uploads\/2024\/01\/logo.png\",\"contentUrl\":\"https:\/\/gblexprimer.com\/wp-content\/uploads\/2024\/01\/logo.png\",\"width\":220,\"height\":80,\"caption\":\"GBL Exprimer\"},\"image\":{\"@id\":\"https:\/\/gblexprimer.com\/#\/schema\/logo\/image\/\"}}]}<\/script>\n<!-- \/ Yoast SEO plugin. -->","yoast_head_json":{"title":"Vad \u00e4r GHB - GHB (gammahydroxibutyrat)","description":"Vad \u00e4r GHB , Upprepad anv\u00e4ndning av GHB kan leda till abstinensbesv\u00e4r, bland annat s\u00f6mnl\u00f6shet, \u00e5ngest och skakningar. Upplevelsen av tillbakadragande \u00e4r ett av tecknen p\u00e5 beroende.","robots":{"index":"index","follow":"follow","max-snippet":"max-snippet:-1","max-image-preview":"max-image-preview:large","max-video-preview":"max-video-preview:-1"},"canonical":"https:\/\/gblexprimer.com\/sv\/quest-ce-que-le-ghb\/","og_locale":"sv_SE","og_type":"article","og_title":"Qu'est-ce que le GHB - GHB (gamma hydroxybutyrate)","og_description":"Qu'est-ce que le GHB , La consommation r\u00e9p\u00e9t\u00e9e de GHB peut entra\u00eener des effets de sevrage, notamment l'insomnie, l'anxi\u00e9t\u00e9 et les tremblements. L'exp\u00e9rience du sevrage est l'un des signes de la d\u00e9pendance.","og_url":"https:\/\/gblexprimer.com\/sv\/quest-ce-que-le-ghb\/","og_site_name":"GBL Exprimer","article_modified_time":"2025-02-02T00:33:13+00:00","og_image":[{"url":"https:\/\/gblexprimer.com\/wp-content\/uploads\/2025\/02\/Heaven-Pure-Ecstasy-12.jpeg","type":"","width":"","height":""}],"twitter_card":"summary_large_image","twitter_misc":{"Ber\u00e4knad l\u00e4stid":"5 minuter"},"schema":{"@context":"https:\/\/schema.org","@graph":[{"@type":"WebPage","@id":"https:\/\/gblexprimer.com\/quest-ce-que-le-ghb\/","url":"https:\/\/gblexprimer.com\/quest-ce-que-le-ghb\/","name":"Vad \u00e4r GHB - GHB (gammahydroxibutyrat)","isPartOf":{"@id":"https:\/\/gblexprimer.com\/#website"},"primaryImageOfPage":{"@id":"https:\/\/gblexprimer.com\/quest-ce-que-le-ghb\/#primaryimage"},"image":{"@id":"https:\/\/gblexprimer.com\/quest-ce-que-le-ghb\/#primaryimage"},"thumbnailUrl":"https:\/\/gblexprimer.com\/wp-content\/uploads\/2025\/02\/Heaven-Pure-Ecstasy-12.jpeg","datePublished":"2025-02-02T00:33:12+00:00","dateModified":"2025-02-02T00:33:13+00:00","description":"Vad \u00e4r GHB , Upprepad anv\u00e4ndning av GHB kan leda till abstinensbesv\u00e4r, bland annat s\u00f6mnl\u00f6shet, \u00e5ngest och skakningar. Upplevelsen av tillbakadragande \u00e4r ett av tecknen p\u00e5 beroende.","breadcrumb":{"@id":"https:\/\/gblexprimer.com\/quest-ce-que-le-ghb\/#breadcrumb"},"inLanguage":"sv-SE","potentialAction":[{"@type":"ReadAction","target":["https:\/\/gblexprimer.com\/quest-ce-que-le-ghb\/"]}]},{"@type":"ImageObject","inLanguage":"sv-SE","@id":"https:\/\/gblexprimer.com\/quest-ce-que-le-ghb\/#primaryimage","url":"https:\/\/gblexprimer.com\/wp-content\/uploads\/2025\/02\/Heaven-Pure-Ecstasy-12.jpeg","contentUrl":"https:\/\/gblexprimer.com\/wp-content\/uploads\/2025\/02\/Heaven-Pure-Ecstasy-12.jpeg"},{"@type":"BreadcrumbList","@id":"https:\/\/gblexprimer.com\/quest-ce-que-le-ghb\/#breadcrumb","itemListElement":[{"@type":"ListItem","position":1,"name":"Home","item":"https:\/\/gblexprimer.com\/"},{"@type":"ListItem","position":2,"name":"Qu&#8217;est-ce que le GHB ?"}]},{"@type":"WebSite","@id":"https:\/\/gblexprimer.com\/#website","url":"https:\/\/gblexprimer.com\/","name":"GBL Express","description":"","publisher":{"@id":"https:\/\/gblexprimer.com\/#organization"},"potentialAction":[{"@type":"SearchAction","target":{"@type":"EntryPoint","urlTemplate":"https:\/\/gblexprimer.com\/?s={search_term_string}"},"query-input":{"@type":"PropertyValueSpecification","valueRequired":true,"valueName":"search_term_string"}}],"inLanguage":"sv-SE"},{"@type":"Organization","@id":"https:\/\/gblexprimer.com\/#organization","name":"GBL Express","url":"https:\/\/gblexprimer.com\/","logo":{"@type":"ImageObject","inLanguage":"sv-SE","@id":"https:\/\/gblexprimer.com\/#\/schema\/logo\/image\/","url":"https:\/\/gblexprimer.com\/wp-content\/uploads\/2024\/01\/logo.png","contentUrl":"https:\/\/gblexprimer.com\/wp-content\/uploads\/2024\/01\/logo.png","width":220,"height":80,"caption":"GBL Exprimer"},"image":{"@id":"https:\/\/gblexprimer.com\/#\/schema\/logo\/image\/"}}]}},"_links":{"self":[{"href":"https:\/\/gblexprimer.com\/sv\/wp-json\/wp\/v2\/pages\/5221","targetHints":{"allow":["GET"]}}],"collection":[{"href":"https:\/\/gblexprimer.com\/sv\/wp-json\/wp\/v2\/pages"}],"about":[{"href":"https:\/\/gblexprimer.com\/sv\/wp-json\/wp\/v2\/types\/page"}],"author":[{"embeddable":true,"href":"https:\/\/gblexprimer.com\/sv\/wp-json\/wp\/v2\/users\/1"}],"replies":[{"embeddable":true,"href":"https:\/\/gblexprimer.com\/sv\/wp-json\/wp\/v2\/comments?post=5221"}],"version-history":[{"count":1,"href":"https:\/\/gblexprimer.com\/sv\/wp-json\/wp\/v2\/pages\/5221\/revisions"}],"predecessor-version":[{"id":5223,"href":"https:\/\/gblexprimer.com\/sv\/wp-json\/wp\/v2\/pages\/5221\/revisions\/5223"}],"wp:attachment":[{"href":"https:\/\/gblexprimer.com\/sv\/wp-json\/wp\/v2\/media?parent=5221"}],"curies":[{"name":"wp","href":"https:\/\/api.w.org\/{rel}","templated":true}]}}