{"id":15,"date":"2023-12-26T07:26:39","date_gmt":"2023-12-26T07:26:39","guid":{"rendered":"https:\/\/cannasmed.com\/gbl\/?post_type=product&#038;p=15"},"modified":"2026-04-15T03:42:23","modified_gmt":"2026-04-15T03:42:23","slug":"gbl-online-shopping","status":"publish","type":"product","link":"https:\/\/gblexprimer.com\/sv\/produkt\/gbl-online-shopping\/","title":{"rendered":"GBL online shopping"},"content":{"rendered":"<h2>K\u00f6p GBL online K\u00f6p online<\/h2>\n<h3>K\u00f6p GBL nu<\/h3>\n<p class=\"ds-markdown-paragraph\">V\u00e4lj\u2019<a href=\"https:\/\/en.wikipedia.org\/wiki\/GBL\"><strong>k\u00f6pa GBL online<\/strong><\/a> p\u00e5 v\u00e5r plattform inneb\u00e4r att v\u00e4lja en p\u00e5litlig leverant\u00f6r, specialiserad p\u00e5 produktion av f\u00f6rstklassiga kemiska produkter. F\u00f6r att s\u00e4kerst\u00e4lla maximal renhet och integritet kommer v\u00e5r GBL uteslutande fr\u00e5n certifierade tillverkare och \u00e4r f\u00f6rem\u00e5l f\u00f6r rigor\u00f6sa kvalitetskontrollprocedurer.<\/p>\n<p class=\"ds-markdown-paragraph\">Vi \u00e4r angel\u00e4gna om att \u00f6vertr\u00e4ffa dina f\u00f6rv\u00e4ntningar med varje best\u00e4llning, att placera tillf\u00f6rlitlighet, konsekvens och kundn\u00f6jdhet i hj\u00e4rtat av v\u00e5rt uppdrag. F\u00f6r en s\u00e4ker, diskret och professionell leverans f\u00f6rblir GblExprimer din p\u00e5litliga partner<a href=\"https:\/\/gblexprimer.com\/sv\/\">.<\/a><\/p>\n<p>P\u00e5 example.com \u00e4r v\u00e5ra kunders bekv\u00e4mlighet och lycka v\u00e5r h\u00f6gsta prioritet. Med hj\u00e4lp av v\u00e5r l\u00e4ttanv\u00e4nda webbplattform kan du bl\u00e4ddra bland v\u00e5rt urval av GBL-produkter, bed\u00f6ma kostnaderna och best\u00e4mma vilka som b\u00e4st passar dina behov. Vi erbjuder en smidig best\u00e4llningsupplevelse och garanterar snabb och s\u00e4ker leverans av dina utvalda produkter till din d\u00f6rr.<\/p>\n<p>Du kan <a href=\"https:\/\/gblexprimer.com\/sv\/produkt\/gbl-online-shopping\/\">k\u00f6pa GBL online<\/a> p\u00e5 example.com med tillf\u00f6rsikt, eftersom vi \u00e4r en p\u00e5litlig leverant\u00f6r som s\u00e4tter konsumenternas s\u00e4kerhet i f\u00f6rsta rummet. Vi \u00e4r ytterst noggranna n\u00e4r vi hanterar, f\u00f6rpackar och skickar v\u00e5ra produkter, eftersom vi omfattas av strikta s\u00e4kerhetsstandarder och best\u00e4mmelser.<\/p>\n<h3>Var kan jag k\u00f6pa GBL i USA?<\/h3>\n<p>Du beh\u00f6ver inte leta mycket l\u00e4ngre f\u00f6r att ta reda p\u00e5 var du kan k\u00f6pa GBL i USA. Gamma-butyrolakton, eller GBL, \u00e4r l\u00e4tt att k\u00f6pa fr\u00e5n oss online i USA.<\/p>\n<p>Men det \u00e4r viktigt att komma ih\u00e5g att GBL \u00e4r en kraftfull kemikalie och d\u00e4rf\u00f6r b\u00f6r hanteras med f\u00f6rsiktighet. Vid f\u00f6rt\u00e4ring kan GBL vara skadligt eller d\u00f6dligt. <strong><a href=\"https:\/\/gblexprimer.com\/sv\/produkt\/kopa-ritalin-online\/\">D\u00e4rf\u00f6r<\/a><\/strong>, \u00e4r det absolut n\u00f6dv\u00e4ndigt att du hanterar f\u00f6reningen ansvarsfullt och i enlighet med s\u00e4kerhetsf\u00f6reskrifter.<\/p>\n<p>Det \u00e4r tillr\u00e5dligt att leta efter p\u00e5litliga online\u00e5terf\u00f6rs\u00e4ljare som oss d\u00e4r du kan k\u00f6pa GBL i USA, f\u00f6r att s\u00e4kerst\u00e4lla b\u00e5de <strong><a href=\"https:\/\/www.sciencedirect.com\/topics\/medicine-and-dentistry\/gamma-butyrolactone\">produktkvalitet<\/a><\/strong> och din s\u00e4kerhet. Dessa plattformar ger ett bekv\u00e4mt och s\u00e4kert s\u00e4tt att granska GBL-alternativ, utv\u00e4rdera kostnader och best\u00e4mma vilket k\u00f6p som passar dina behov b\u00e4st.<\/p>\n<h3>K\u00f6p GHB online<\/h3>\n<div class=\"ds-message _63c77b1\">\n<div class=\"ds-markdown\">\n<p>&nbsp;<\/p>\n<p class=\"ds-markdown-paragraph\">Letar du efter f\u00f6rstklassiga forskningsprodukter? Uppt\u00e4ck v\u00e5rt omfattande sortiment som inkluderar efedrin, AB-FUBINACA, GHB (Gamma-Hydroxybutyrate) och m\u00e5nga andra.<\/p>\n<p class=\"ds-markdown-paragraph\">Fr\u00e5n oss f\u00e5r du rena forskningskemikalier till marknadens mest konkurrenskraftiga priser. Best\u00e4ll idag och dra nytta av snabb, diskret frakt.<\/p>\n<p class=\"ds-markdown-paragraph\"><a href=\"https:\/\/gblexprimer.com\/sv\/\"><strong>GHB (gamma-hydroxibutyrat)<\/strong><\/a>, en syntetisk psykoaktiv f\u00f6rening, \u00e4r k\u00e4nd f\u00f6r sina unika forskningsegenskaper. Vi har \u00e5tagit oss att tillhandah\u00e5lla<\/p>\n<\/div>\n<\/div>\n<h3>Heaven Pure Ecstasy 500 mg \u03b3-hydroxism\u00f6rsyra (GHB)<\/h3>\n<p class=\"ds-markdown-paragraph\">Varje enhet \u00e4r f\u00f6rseglad och kontrollerad, vilket garanterar en produkt av h\u00f6gsta kvalitet. Varje enhet \u00e4r f\u00f6rseglad och testad, vilket garanterar en produkt av h\u00f6gsta kvalitet.<\/p>\n<p class=\"ds-markdown-paragraph\"><strong>V\u00e5rt \u00e5tagande gentemot dig :<\/strong><br \/>\nVi garanterar din totala tillfredsst\u00e4llelse. Om din best\u00e4llning inte uppfyller v\u00e5ra strikta kvalitetskrav, erbjuder vi full \u00e5terbetalning eller omedelbar \u00e5teruppbyggnad.<\/p>\n<p class=\"ds-markdown-paragraph\"><strong>Tillg\u00e4nglighet och leverans:<\/strong><\/p>\n<ul>\n<li>\n<p class=\"ds-markdown-paragraph\"><strong>Omedelbar tillg\u00e4nglighet<\/strong> GHB \u00e4r redo att levereras.<\/p>\n<\/li>\n<li>\n<p class=\"ds-markdown-paragraph\"><strong>Leverans \u00f6ver hela v\u00e4rlden<\/strong> : Inga geografiska begr\u00e4nsningar baserade p\u00e5 destinationsland.<\/p>\n<\/li>\n<li>\n<p class=\"ds-markdown-paragraph\"><strong>Snabb och diskret leverans<\/strong> : Din best\u00e4llning kommer att behandlas och skickas snabbt och konfidentiellt.<\/p>\n<\/li>\n<\/ul>\n<p class=\"ds-markdown-paragraph\"><strong>Viktiga instruktioner :<\/strong><\/p>\n<ul>\n<li>\n<p class=\"ds-markdown-paragraph\"><strong>F\u00f6rvaring<\/strong> : F\u00f6rvara produkten i originalf\u00f6rpackningen, p\u00e5 en s\u00e4ker plats och utom r\u00e4ckh\u00e5ll f\u00f6r barn.<\/p>\n<\/li>\n<li>\n<p class=\"ds-markdown-paragraph\"><strong>Utg\u00e5ngsdatum<\/strong> Kassering: L\u00e4kemedlet m\u00e5ste kasseras i enlighet med g\u00e4llande riktlinjer efter utg\u00e5ngsdatum. Se bipacksedeln f\u00f6r ytterligare information.<\/p>\n<\/li>\n<li>\n<p class=\"ds-markdown-paragraph\"><strong>S\u00e4kerhet<\/strong> : F\u00f6r detaljerad information om f\u00f6rvaring, anv\u00e4ndning och avfallshantering, se den bifogade informationsbroschyren.<\/p>\n<\/li>\n<\/ul>\n<p class=\"ds-markdown-paragraph\">F\u00e5 tillg\u00e5ng till ett p\u00e5litligt och professionellt utbud f\u00f6r dina behov. Best\u00e4ll din premium GHB idag. <a href=\"https:\/\/gblexprimer.com\/sv\/butik\/\"><strong>Meilleures ventes<\/strong><\/a><\/p>","protected":false},"excerpt":{"rendered":"<p><strong>\u00a0Uppt\u00e4ck GBL (gamma-butyrolakton): ett l\u00f6sningsmedel och en kemisk intermedi\u00e4r med h\u00f6g renhet till konkurrenskraftiga priser. Nu tillg\u00e4ngligt online f\u00f6r dina industri- och forskningsbehov. H\u00f6gkvalitativ produkt, snabb leverans och kundf\u00f6rs\u00e4kring.<\/strong><\/p>\n<h3><strong>Hur fungerar GBL?<\/strong><\/h3>\n<p><strong>GBL<\/strong> omvandlas till gamma-hydroxism\u00f6rsyra (GHB) i kroppen, vilket leder till effekter p\u00e5 det centrala nervsystemet. Inom industrin anv\u00e4nds det som ett effektivt l\u00f6sningsmedel tack vare sina unika kemiska egenskaper.<\/p>\n<ul>\n<li><strong>Industriella effekter :<\/strong> Uppl\u00f6sning av polymerer, avfettning och reng\u00f6ring.<\/li>\n<li><strong>Biologisk omvandling :<\/strong> Omvandling till GHB f\u00f6r studier av neurotransmittorer och s\u00f6mnreglering.<\/li>\n<li><strong>Hur man anv\u00e4nder :<\/strong> Hanteras under kontrollerade f\u00f6rh\u00e5llanden f\u00f6r att garantera s\u00e4kerheten.<\/li>\n<\/ul>\n<h3><strong>Formel och data<\/strong><\/h3>\n<ul>\n<li><strong>Kemiskt namn :<\/strong> Gamma-butyrolakton<\/li>\n<li><strong>Molekylformel :<\/strong> C4H6O2<\/li>\n<li><strong>Molekylvikt :<\/strong> 86,09 g\/mol<\/li>\n<\/ul>","protected":false},"featured_media":109,"comment_status":"open","ping_status":"closed","template":"","meta":{"site-sidebar-layout":"default","site-content-layout":"","ast-site-content-layout":"default","site-content-style":"default","site-sidebar-style":"default","ast-global-header-display":"","ast-banner-title-visibility":"","ast-main-header-display":"","ast-hfb-above-header-display":"","ast-hfb-below-header-display":"","ast-hfb-mobile-header-display":"","site-post-title":"","ast-breadcrumbs-content":"","ast-featured-img":"","footer-sml-layout":"","theme-transparent-header-meta":"default","adv-header-id-meta":"","stick-header-meta":"","header-above-stick-meta":"","header-main-stick-meta":"","header-below-stick-meta":"","astra-migrate-meta-layouts":"set","ast-page-background-enabled":"default","ast-page-background-meta":{"desktop":{"background-color":"","background-image":"","background-repeat":"repeat","background-position":"center center","background-size":"auto","background-attachment":"scroll","background-type":"","background-media":"","overlay-type":"","overlay-color":"","overlay-opacity":"","overlay-gradient":""},"tablet":{"background-color":"","background-image":"","background-repeat":"repeat","background-position":"center center","background-size":"auto","background-attachment":"scroll","background-type":"","background-media":"","overlay-type":"","overlay-color":"","overlay-opacity":"","overlay-gradient":""},"mobile":{"background-color":"","background-image":"","background-repeat":"repeat","background-position":"center center","background-size":"auto","background-attachment":"scroll","background-type":"","background-media":"","overlay-type":"","overlay-color":"","overlay-opacity":"","overlay-gradient":""}},"ast-content-background-meta":{"desktop":{"background-color":"var(--ast-global-color-5)","background-image":"","background-repeat":"repeat","background-position":"center center","background-size":"auto","background-attachment":"scroll","background-type":"","background-media":"","overlay-type":"","overlay-color":"","overlay-opacity":"","overlay-gradient":""},"tablet":{"background-color":"var(--ast-global-color-5)","background-image":"","background-repeat":"repeat","background-position":"center center","background-size":"auto","background-attachment":"scroll","background-type":"","background-media":"","overlay-type":"","overlay-color":"","overlay-opacity":"","overlay-gradient":""},"mobile":{"background-color":"var(--ast-global-color-5)","background-image":"","background-repeat":"repeat","background-position":"center center","background-size":"auto","background-attachment":"scroll","background-type":"","background-media":"","overlay-type":"","overlay-color":"","overlay-opacity":"","overlay-gradient":""}},"_joinchat":[]},"product_brand":[],"product_cat":[17],"product_tag":[405,408,398,406,413,399,397,414,412,400,410,407,411,409,403,401,416,415,404,402],"class_list":{"0":"post-15","1":"product","2":"type-product","3":"status-publish","4":"has-post-thumbnail","6":"product_cat-gbl","7":"product_tag-acheter-gamma-butyrolactone","8":"product_tag-applications-industrielles-gbl","9":"product_tag-fournisseur-de-gbl","10":"product_tag-fournisseur-fiable-de-gbl","11":"product_tag-fourniture-de-gbl","12":"product_tag-gamma-butyrolactone","13":"product_tag-gbl-acheter","14":"product_tag-gbl-chimie","15":"product_tag-gbl-disponible","16":"product_tag-gbl-en-vrac","17":"product_tag-gbl-gros-volumes","18":"product_tag-gbl-livraison-rapide","19":"product_tag-gbl-normes-de-securite","20":"product_tag-gbl-petites-quantites","21":"product_tag-gbl-pour-la-recherche","22":"product_tag-gbl-qualite-superieure","23":"product_tag-gbl-reglementation","24":"product_tag-gbl-stockage","25":"product_tag-gbl-usage-industriel","26":"product_tag-prix-du-gbl","27":"desktop-align-left","28":"tablet-align-left","29":"mobile-align-left","31":"first","32":"instock","33":"featured","34":"shipping-taxable","35":"purchasable","36":"product-type-variable","37":"has-default-attributes"},"yoast_head":"<!-- This site is optimized with the Yoast SEO plugin v26.9 - https:\/\/yoast.com\/product\/yoast-seo-wordpress\/ -->\n<title>Acheter GBL - GBL Boutique en Ligne - GBL Ventes en Ligne<\/title>\n<meta name=\"description\" content=\"acheter GBL, GBLExprimer est la meilleure boutique GBL o\u00f9 acheter du GBL en ligne. Commandez GBL maintenant\u00a0! Sourc\u00e9 de fabricants certifi\u00e9s et test\u00e9 rigoureusement pour puret\u00e9 et s\u00e9curit\u00e9. Livraison rapide et discr\u00e8te. Commandez d\u00e8s maintenant !\" \/>\n<meta name=\"robots\" content=\"index, follow, max-snippet:-1, max-image-preview:large, max-video-preview:-1\" \/>\n<link rel=\"canonical\" href=\"https:\/\/gblexprimer.com\/sv\/produkt\/gbl-online-shopping\/\" \/>\n<meta property=\"og:locale\" content=\"sv_SE\" \/>\n<meta property=\"og:type\" content=\"article\" \/>\n<meta property=\"og:title\" content=\"Acheter GBL - GBL Boutique en Ligne - GBL Ventes en Ligne\" \/>\n<meta property=\"og:description\" content=\"acheter GBL, GBLExprimer est la meilleure boutique GBL o\u00f9 acheter du GBL en ligne. Commandez GBL maintenant\u00a0! Sourc\u00e9 de fabricants certifi\u00e9s et test\u00e9 rigoureusement pour puret\u00e9 et s\u00e9curit\u00e9. Livraison rapide et discr\u00e8te. Commandez d\u00e8s maintenant !\" \/>\n<meta property=\"og:url\" content=\"https:\/\/gblexprimer.com\/sv\/produkt\/gbl-online-shopping\/\" \/>\n<meta property=\"og:site_name\" content=\"GBL Exprimer\" \/>\n<meta property=\"article:modified_time\" content=\"2026-04-15T03:42:23+00:00\" \/>\n<meta property=\"og:image\" content=\"https:\/\/gblexprimer.com\/wp-content\/uploads\/2023\/12\/GBL-Online-Kaufen-1.jpg\" \/>\n\t<meta property=\"og:image:width\" content=\"600\" \/>\n\t<meta property=\"og:image:height\" content=\"600\" \/>\n\t<meta property=\"og:image:type\" content=\"image\/jpeg\" \/>\n<meta name=\"twitter:card\" content=\"summary_large_image\" \/>\n<meta name=\"twitter:label1\" content=\"Ber\u00e4knad l\u00e4stid\" \/>\n\t<meta name=\"twitter:data1\" content=\"3 minuter\" \/>\n<script type=\"application\/ld+json\" class=\"yoast-schema-graph\">{\"@context\":\"https:\/\/schema.org\",\"@graph\":[{\"@type\":\"WebPage\",\"@id\":\"https:\/\/gblexprimer.com\/product\/achats-en-ligne-gbl\/\",\"url\":\"https:\/\/gblexprimer.com\/product\/achats-en-ligne-gbl\/\",\"name\":\"Acheter GBL - GBL Boutique en Ligne - GBL Ventes en Ligne\",\"isPartOf\":{\"@id\":\"https:\/\/gblexprimer.com\/#website\"},\"primaryImageOfPage\":{\"@id\":\"https:\/\/gblexprimer.com\/product\/achats-en-ligne-gbl\/#primaryimage\"},\"image\":{\"@id\":\"https:\/\/gblexprimer.com\/product\/achats-en-ligne-gbl\/#primaryimage\"},\"thumbnailUrl\":\"https:\/\/gblexprimer.com\/wp-content\/uploads\/2023\/12\/GBL-Online-Kaufen-1.jpg\",\"datePublished\":\"2023-12-26T07:26:39+00:00\",\"dateModified\":\"2026-04-15T03:42:23+00:00\",\"description\":\"acheter GBL, GBLExprimer est la meilleure boutique GBL o\u00f9 acheter du GBL en ligne. Commandez GBL maintenant\u00a0! Sourc\u00e9 de fabricants certifi\u00e9s et test\u00e9 rigoureusement pour puret\u00e9 et s\u00e9curit\u00e9. Livraison rapide et discr\u00e8te. Commandez d\u00e8s maintenant !\",\"breadcrumb\":{\"@id\":\"https:\/\/gblexprimer.com\/product\/achats-en-ligne-gbl\/#breadcrumb\"},\"inLanguage\":\"sv-SE\",\"potentialAction\":[{\"@type\":\"ReadAction\",\"target\":[\"https:\/\/gblexprimer.com\/product\/achats-en-ligne-gbl\/\"]}]},{\"@type\":\"ImageObject\",\"inLanguage\":\"sv-SE\",\"@id\":\"https:\/\/gblexprimer.com\/product\/achats-en-ligne-gbl\/#primaryimage\",\"url\":\"https:\/\/gblexprimer.com\/wp-content\/uploads\/2023\/12\/GBL-Online-Kaufen-1.jpg\",\"contentUrl\":\"https:\/\/gblexprimer.com\/wp-content\/uploads\/2023\/12\/GBL-Online-Kaufen-1.jpg\",\"width\":600,\"height\":600,\"caption\":\"Acheter GBL en ligne\"},{\"@type\":\"BreadcrumbList\",\"@id\":\"https:\/\/gblexprimer.com\/product\/achats-en-ligne-gbl\/#breadcrumb\",\"itemListElement\":[{\"@type\":\"ListItem\",\"position\":1,\"name\":\"Home\",\"item\":\"https:\/\/gblexprimer.com\/\"},{\"@type\":\"ListItem\",\"position\":2,\"name\":\"Shop\",\"item\":\"https:\/\/gblexprimer.com\/shop\/\"},{\"@type\":\"ListItem\",\"position\":3,\"name\":\"Achats en ligne GBL\"}]},{\"@type\":\"WebSite\",\"@id\":\"https:\/\/gblexprimer.com\/#website\",\"url\":\"https:\/\/gblexprimer.com\/\",\"name\":\"GBL Exprimer\",\"description\":\"\",\"publisher\":{\"@id\":\"https:\/\/gblexprimer.com\/#organization\"},\"potentialAction\":[{\"@type\":\"SearchAction\",\"target\":{\"@type\":\"EntryPoint\",\"urlTemplate\":\"https:\/\/gblexprimer.com\/?s={search_term_string}\"},\"query-input\":{\"@type\":\"PropertyValueSpecification\",\"valueRequired\":true,\"valueName\":\"search_term_string\"}}],\"inLanguage\":\"sv-SE\"},{\"@type\":\"Organization\",\"@id\":\"https:\/\/gblexprimer.com\/#organization\",\"name\":\"GBL Exprimer\",\"url\":\"https:\/\/gblexprimer.com\/\",\"logo\":{\"@type\":\"ImageObject\",\"inLanguage\":\"sv-SE\",\"@id\":\"https:\/\/gblexprimer.com\/#\/schema\/logo\/image\/\",\"url\":\"https:\/\/gblexprimer.com\/wp-content\/uploads\/2024\/01\/logo.png\",\"contentUrl\":\"https:\/\/gblexprimer.com\/wp-content\/uploads\/2024\/01\/logo.png\",\"width\":220,\"height\":80,\"caption\":\"GBL Exprimer\"},\"image\":{\"@id\":\"https:\/\/gblexprimer.com\/#\/schema\/logo\/image\/\"}}]}<\/script>\n<!-- \/ Yoast SEO plugin. -->","yoast_head_json":{"title":"K\u00f6p GBL - GBL Onlinebutik - GBL Onlinef\u00f6rs\u00e4ljning","description":"k\u00f6p GBL, GBLExprimer \u00e4r den b\u00e4sta GBL-butiken d\u00e4r du kan k\u00f6pa GBL online. Best\u00e4ll GBL nu! K\u00f6ps fr\u00e5n certifierade tillverkare och testas noggrant f\u00f6r renhet och s\u00e4kerhet. Snabb och diskret leverans. Best\u00e4ll GBL nu!","robots":{"index":"index","follow":"follow","max-snippet":"max-snippet:-1","max-image-preview":"max-image-preview:large","max-video-preview":"max-video-preview:-1"},"canonical":"https:\/\/gblexprimer.com\/sv\/produkt\/gbl-online-shopping\/","og_locale":"sv_SE","og_type":"article","og_title":"Acheter GBL - GBL Boutique en Ligne - GBL Ventes en Ligne","og_description":"acheter GBL, GBLExprimer est la meilleure boutique GBL o\u00f9 acheter du GBL en ligne. Commandez GBL maintenant\u00a0! Sourc\u00e9 de fabricants certifi\u00e9s et test\u00e9 rigoureusement pour puret\u00e9 et s\u00e9curit\u00e9. Livraison rapide et discr\u00e8te. Commandez d\u00e8s maintenant !","og_url":"https:\/\/gblexprimer.com\/sv\/produkt\/gbl-online-shopping\/","og_site_name":"GBL Exprimer","article_modified_time":"2026-04-15T03:42:23+00:00","og_image":[{"width":600,"height":600,"url":"https:\/\/gblexprimer.com\/wp-content\/uploads\/2023\/12\/GBL-Online-Kaufen-1.jpg","type":"image\/jpeg"}],"twitter_card":"summary_large_image","twitter_misc":{"Ber\u00e4knad l\u00e4stid":"3 minuter"},"schema":{"@context":"https:\/\/schema.org","@graph":[{"@type":"WebPage","@id":"https:\/\/gblexprimer.com\/product\/achats-en-ligne-gbl\/","url":"https:\/\/gblexprimer.com\/product\/achats-en-ligne-gbl\/","name":"K\u00f6p GBL - GBL Onlinebutik - GBL Onlinef\u00f6rs\u00e4ljning","isPartOf":{"@id":"https:\/\/gblexprimer.com\/#website"},"primaryImageOfPage":{"@id":"https:\/\/gblexprimer.com\/product\/achats-en-ligne-gbl\/#primaryimage"},"image":{"@id":"https:\/\/gblexprimer.com\/product\/achats-en-ligne-gbl\/#primaryimage"},"thumbnailUrl":"https:\/\/gblexprimer.com\/wp-content\/uploads\/2023\/12\/GBL-Online-Kaufen-1.jpg","datePublished":"2023-12-26T07:26:39+00:00","dateModified":"2026-04-15T03:42:23+00:00","description":"k\u00f6p GBL, GBLExprimer \u00e4r den b\u00e4sta GBL-butiken d\u00e4r du kan k\u00f6pa GBL online. Best\u00e4ll GBL nu! K\u00f6ps fr\u00e5n certifierade tillverkare och testas noggrant f\u00f6r renhet och s\u00e4kerhet. Snabb och diskret leverans. Best\u00e4ll GBL nu!","breadcrumb":{"@id":"https:\/\/gblexprimer.com\/product\/achats-en-ligne-gbl\/#breadcrumb"},"inLanguage":"sv-SE","potentialAction":[{"@type":"ReadAction","target":["https:\/\/gblexprimer.com\/product\/achats-en-ligne-gbl\/"]}]},{"@type":"ImageObject","inLanguage":"sv-SE","@id":"https:\/\/gblexprimer.com\/product\/achats-en-ligne-gbl\/#primaryimage","url":"https:\/\/gblexprimer.com\/wp-content\/uploads\/2023\/12\/GBL-Online-Kaufen-1.jpg","contentUrl":"https:\/\/gblexprimer.com\/wp-content\/uploads\/2023\/12\/GBL-Online-Kaufen-1.jpg","width":600,"height":600,"caption":"Acheter GBL en ligne"},{"@type":"BreadcrumbList","@id":"https:\/\/gblexprimer.com\/product\/achats-en-ligne-gbl\/#breadcrumb","itemListElement":[{"@type":"ListItem","position":1,"name":"Home","item":"https:\/\/gblexprimer.com\/"},{"@type":"ListItem","position":2,"name":"Shop","item":"https:\/\/gblexprimer.com\/shop\/"},{"@type":"ListItem","position":3,"name":"Achats en ligne GBL"}]},{"@type":"WebSite","@id":"https:\/\/gblexprimer.com\/#website","url":"https:\/\/gblexprimer.com\/","name":"GBL Express","description":"","publisher":{"@id":"https:\/\/gblexprimer.com\/#organization"},"potentialAction":[{"@type":"SearchAction","target":{"@type":"EntryPoint","urlTemplate":"https:\/\/gblexprimer.com\/?s={search_term_string}"},"query-input":{"@type":"PropertyValueSpecification","valueRequired":true,"valueName":"search_term_string"}}],"inLanguage":"sv-SE"},{"@type":"Organization","@id":"https:\/\/gblexprimer.com\/#organization","name":"GBL Express","url":"https:\/\/gblexprimer.com\/","logo":{"@type":"ImageObject","inLanguage":"sv-SE","@id":"https:\/\/gblexprimer.com\/#\/schema\/logo\/image\/","url":"https:\/\/gblexprimer.com\/wp-content\/uploads\/2024\/01\/logo.png","contentUrl":"https:\/\/gblexprimer.com\/wp-content\/uploads\/2024\/01\/logo.png","width":220,"height":80,"caption":"GBL Exprimer"},"image":{"@id":"https:\/\/gblexprimer.com\/#\/schema\/logo\/image\/"}}]}},"_links":{"self":[{"href":"https:\/\/gblexprimer.com\/sv\/wp-json\/wp\/v2\/product\/15","targetHints":{"allow":["GET"]}}],"collection":[{"href":"https:\/\/gblexprimer.com\/sv\/wp-json\/wp\/v2\/product"}],"about":[{"href":"https:\/\/gblexprimer.com\/sv\/wp-json\/wp\/v2\/types\/product"}],"replies":[{"embeddable":true,"href":"https:\/\/gblexprimer.com\/sv\/wp-json\/wp\/v2\/comments?post=15"}],"wp:featuredmedia":[{"embeddable":true,"href":"https:\/\/gblexprimer.com\/sv\/wp-json\/wp\/v2\/media\/109"}],"wp:attachment":[{"href":"https:\/\/gblexprimer.com\/sv\/wp-json\/wp\/v2\/media?parent=15"}],"wp:term":[{"taxonomy":"product_brand","embeddable":true,"href":"https:\/\/gblexprimer.com\/sv\/wp-json\/wp\/v2\/product_brand?post=15"},{"taxonomy":"product_cat","embeddable":true,"href":"https:\/\/gblexprimer.com\/sv\/wp-json\/wp\/v2\/product_cat?post=15"},{"taxonomy":"product_tag","embeddable":true,"href":"https:\/\/gblexprimer.com\/sv\/wp-json\/wp\/v2\/product_tag?post=15"}],"curies":[{"name":"wp","href":"https:\/\/api.w.org\/{rel}","templated":true}]}}