{"id":16,"date":"2023-12-26T07:26:39","date_gmt":"2023-12-26T07:26:39","guid":{"rendered":"https:\/\/cannasmed.com\/gbl\/?post_type=product&#038;p=16"},"modified":"2026-04-08T08:55:32","modified_gmt":"2026-04-08T08:55:32","slug":"kopa-ghb-online","status":"publish","type":"product","link":"https:\/\/gblexprimer.com\/sv\/produkt\/kopa-ghb-online\/","title":{"rendered":"K\u00f6p GHB online"},"content":{"rendered":"<h2><strong>GHB (gamma-hydroxibutyrat) : Snabbguide<\/strong><\/h2>\n<p><a href=\"https:\/\/gblexprimer.com\/sv\/produkt\/kopa-ghb-online\/\"><strong>Gamma-hydroxibutyrat (GHB)<\/strong><\/a> \u00e4r ett centralt nervsystem (CNS) -depressivt medel som anv\u00e4nds medicinskt, men med en h\u00f6g potential f\u00f6r missbruk. Medicinskt \u00e4r det ordinerat f\u00f6r <strong>behandling av narkolepsi<\/strong> (under namnet Xyrem\u00ae) och ibland mot alkoholberoende. Det tas p\u00e5 fritiden f\u00f6r dess effekter p\u00e5 <strong>euforiserande<\/strong> och <strong>lugnande medel<\/strong>men det \u00e4r ocks\u00e5 k\u00e4nt som \"v\u00e5ldt\u00e4ktsdrogen\".<a href=\"https:\/\/cokebricks.com\/product-category\/buy-cocaine-online\/\">.<\/a><\/p>\n<h3>K\u00f6p Gamma Hydroxybutyrate (GHB) online - H\u00f6gkvalitativa produkter fr\u00e5n Medeus Research Chem<\/h3>\n<p data-start=\"147\" data-end=\"874\">Le gamma-hydroxybutyrate (GHB) est un<strong><a href=\"https:\/\/gblexprimer.com\/sv\/produkt\/ketamin-s-isomere-99-rene-500g\/\"> compos\u00e9 largement utilis\u00e9<\/a> <\/strong>dans les domaines m\u00e9dical et de la recherche. En tant que <strong data-start=\"269\" data-end=\"297\">Compos\u00e9 de recherche GHB<\/strong> och <strong data-start=\"301\" data-end=\"347\">Gamma-hydroxybutyrate \u00e0 usage de recherche<\/strong>, Medeus Research Chem propose du gamma-hydroxybutyrate \u00e0 la vente avec une qualit\u00e9 et une authenticit\u00e9 garanties. En tant que <strong data-start=\"474\" data-end=\"530\">Fournisseur de produits chimiques de recherche (GHB)<\/strong> och <strong data-start=\"534\" data-end=\"573\">Source fiable de produits chimiques<\/strong>, notre plateforme met \u00e0 disposition des <strong data-start=\"614\" data-end=\"665\">Produits chimiques de recherche de haute puret\u00e9<\/strong> och <strong data-start=\"673\" data-end=\"717\">Compos\u00e9s chimiques test\u00e9s en laboratoire<\/strong>. Que vous cherchiez \u00e0 acheter du GHB \u00e0 des fins de recherche ou \u00e0 en apprendre davantage sur ses propri\u00e9t\u00e9s, notre plateforme est votre source de confiance.<\/p>\n<h3 data-section-id=\"1wjbekd\" data-start=\"876\" data-end=\"909\">Gammahydroxibutyrat till salu<\/h3>\n<p data-start=\"911\" data-end=\"1363\">Medeus Research Chem offre un acc\u00e8s fiable au gamma-hydroxybutyrate \u00e0 vendre \u00e0 des prix comp\u00e9titifs. Nos produits, y compris la <strong data-start=\"1039\" data-end=\"1058\">Solution de GHB<\/strong> och <strong data-start=\"1065\" data-end=\"1104\">Produit chimique de recherche (GHB)<\/strong>, sont adapt\u00e9s \u00e0 la recherche scientifique, ce qui fait de nous un <strong data-start=\"1171\" data-end=\"1220\">Fournisseur de produits de recherche certifi\u00e9<\/strong> proposant des <a href=\"https:\/\/en.wikipedia.org\/wiki\/%CE%93-Hydroxybutyric_acid\"><strong data-start=\"1235\" data-end=\"1277\">Produits chimiques \u00e0 qualit\u00e9 contr\u00f4l\u00e9e<\/strong><\/a> och <strong data-start=\"1285\" data-end=\"1323\">Compos\u00e9s de qualit\u00e9 pharmaceutique<\/strong>. Apprenez-en plus sur nos produits ici.<\/p>\n<h3 data-section-id=\"16qabkc\" data-start=\"1365\" data-end=\"1409\">K\u00f6p Gamma Hydroxybutyrate online<\/h3>\n<p data-start=\"1411\" data-end=\"1813\">Vous recherchez un moyen s\u00e9curis\u00e9 d&rsquo;acheter du gamma-hydroxybutyrate en ligne ? Medeus Research Chem simplifie le processus d&rsquo;achat tout en garantissant que tous les produits r\u00e9pondent \u00e0 des normes de qualit\u00e9 strictes. Nos offres incluent \u00e9galement <strong data-start=\"1660\" data-end=\"1690\">GHB de qualit\u00e9 laboratoire<\/strong> och <a href=\"https:\/\/www.betterhealth.vic.gov.au\/health\/healthyliving\/GHB\"><strong data-start=\"1694\" data-end=\"1722\">\u00c9talon analytique de GHB<\/strong><\/a>, assurant pr\u00e9cision et fiabilit\u00e9 pour les chercheurs. Explorez notre catalogue de GHB ici.<\/p>\n<h3 data-section-id=\"1pp79vi\" data-start=\"1815\" data-end=\"1839\">Gamma-hydroxibutyrat<\/h3>\n<p data-start=\"1841\" data-end=\"2184\">Le gamma-hydroxybutyrate (GHB) est un compos\u00e9 naturellement pr\u00e9sent dans le corps humain qui agit comme un neurotransmetteur. Il est couramment utilis\u00e9 dans les traitements m\u00e9dicaux et en tant que produit de recherche chimique. Cette <strong data-start=\"2075\" data-end=\"2120\">Substance \u00e0 effet d\u00e9presseur respiratoire<\/strong> doit \u00eatre manipul\u00e9e avec pr\u00e9caution dans un cadre scientifique.<\/p>\n<h3 data-section-id=\"15sx9n7\" data-start=\"2186\" data-end=\"2214\">Gamma-hydroxibutyrat GHB<\/h3>\n<p data-start=\"2216\" data-end=\"2614\">Le gamma-hydroxybutyrate (GHB) a diverses applications, allant du traitement de certaines conditions m\u00e9dicales \u00e0 celui d&rsquo;\u00eatre un sujet de recherche scientifique en cours. Medeus Research Chem veille \u00e0 ce que les chercheurs obtiennent des produits GHB purs et fiables, conformes \u00e0 la <strong data-start=\"2499\" data-end=\"2547\">R\u00e9glementation sur les substances contr\u00f4l\u00e9es<\/strong> et soutenant la <strong data-start=\"2564\" data-end=\"2613\">Sensibilisation \u00e0 la s\u00e9curit\u00e9 des m\u00e9dicaments<\/strong>.<\/p>\n<h3 data-section-id=\"tnjb4n\" data-start=\"2616\" data-end=\"2628\">Faror :<\/h3>\n<p data-start=\"2630\" data-end=\"2848\">Le surdosage peut entra\u00eener une d\u00e9pression respiratoire, une perte de conscience ou la mort. Ces <strong data-start=\"2727\" data-end=\"2756\">Effets secondaires du GHB<\/strong> illustrent les <strong data-start=\"2772\" data-end=\"2809\">Risques d&rsquo;abus de substance (GHB)<\/strong> och <strong data-start=\"2816\" data-end=\"2847\">Risque de d\u00e9pendance au GHB<\/strong>.<\/p>\n<h3 data-section-id=\"14ivhoc\" data-start=\"2850\" data-end=\"2865\">Conclusion :<\/h3>\n<p data-start=\"2867\" data-end=\"3024\">Bien que le GHB ait des b\u00e9n\u00e9fices m\u00e9dicaux, son usage r\u00e9cr\u00e9atif est dangereux et strictement contr\u00f4l\u00e9. Priorisez toujours la s\u00e9curit\u00e9 et le respect des lois. \u00a0<a style=\"font-size: 16px; background-color: #ffffff;\" href=\"https:\/\/gblexprimer.com\/sv\/\">GblExpress<\/a> .\u00a0 <a href=\"https:\/\/gblexprimer.com\/sv\/butik\/\"><strong>D\u00e9couvrir les fonctionnalit\u00e9s<\/strong><\/a><\/p>","protected":false},"excerpt":{"rendered":"<h4><strong>Viktiga punkter :<\/strong><\/h4>\n<ul>\n<li><strong>Kemisk formel<\/strong> C\u2084H\u2088O\u2083<\/li>\n<li><strong>Effekter<\/strong> Eufori, avslappning, minskad \u00e5ngest.<\/li>\n<li><strong>Risker<\/strong> L\u00e5g s\u00e4kerhetsmarginal, risk f\u00f6r \u00f6verdosering, beroende, sv\u00e5ra abstinensbesv\u00e4r.<\/li>\n<li><strong>R\u00e4ttslig status<\/strong> Strikt reglerad \u00f6ver hela v\u00e4rlden, olaglig utom f\u00f6r medicinskt bruk.<\/li>\n<\/ul>","protected":false},"featured_media":106,"comment_status":"open","ping_status":"closed","template":"","meta":{"site-sidebar-layout":"default","site-content-layout":"","ast-site-content-layout":"default","site-content-style":"default","site-sidebar-style":"default","ast-global-header-display":"","ast-banner-title-visibility":"","ast-main-header-display":"","ast-hfb-above-header-display":"","ast-hfb-below-header-display":"","ast-hfb-mobile-header-display":"","site-post-title":"","ast-breadcrumbs-content":"","ast-featured-img":"","footer-sml-layout":"","theme-transparent-header-meta":"default","adv-header-id-meta":"","stick-header-meta":"","header-above-stick-meta":"","header-main-stick-meta":"","header-below-stick-meta":"","astra-migrate-meta-layouts":"set","ast-page-background-enabled":"default","ast-page-background-meta":{"desktop":{"background-color":"","background-image":"","background-repeat":"repeat","background-position":"center center","background-size":"auto","background-attachment":"scroll","background-type":"","background-media":"","overlay-type":"","overlay-color":"","overlay-opacity":"","overlay-gradient":""},"tablet":{"background-color":"","background-image":"","background-repeat":"repeat","background-position":"center center","background-size":"auto","background-attachment":"scroll","background-type":"","background-media":"","overlay-type":"","overlay-color":"","overlay-opacity":"","overlay-gradient":""},"mobile":{"background-color":"","background-image":"","background-repeat":"repeat","background-position":"center center","background-size":"auto","background-attachment":"scroll","background-type":"","background-media":"","overlay-type":"","overlay-color":"","overlay-opacity":"","overlay-gradient":""}},"ast-content-background-meta":{"desktop":{"background-color":"var(--ast-global-color-5)","background-image":"","background-repeat":"repeat","background-position":"center center","background-size":"auto","background-attachment":"scroll","background-type":"","background-media":"","overlay-type":"","overlay-color":"","overlay-opacity":"","overlay-gradient":""},"tablet":{"background-color":"var(--ast-global-color-5)","background-image":"","background-repeat":"repeat","background-position":"center center","background-size":"auto","background-attachment":"scroll","background-type":"","background-media":"","overlay-type":"","overlay-color":"","overlay-opacity":"","overlay-gradient":""},"mobile":{"background-color":"var(--ast-global-color-5)","background-image":"","background-repeat":"repeat","background-position":"center center","background-size":"auto","background-attachment":"scroll","background-type":"","background-media":"","overlay-type":"","overlay-color":"","overlay-opacity":"","overlay-gradient":""}},"_joinchat":[]},"product_brand":[],"product_cat":[18],"product_tag":[444,455,452,453,449,460,447,451,465,464,462,461,463,20,445,467,466,446,456,458,457,459,448,450,454],"class_list":{"0":"post-16","1":"product","2":"type-product","3":"status-publish","4":"has-post-thumbnail","6":"product_cat-ghb","7":"product_tag-acheter-ghb-en-ligne","8":"product_tag-acheter-poudre-de-ghb-aux-usa","9":"product_tag-acheter-poudre-de-ghb-en-ligne","10":"product_tag-acheter-poudre-de-ghb-en-ligne-pas-cher","11":"product_tag-acheter-poudre-de-ghb-en-ue","12":"product_tag-acheter-poudre-de-ghb-pas-cher-en-ligne","13":"product_tag-commander-poudre-de-ghb","14":"product_tag-commander-poudre-de-ghb-en-ligne","15":"product_tag-comment-acheter-de-la-poudre-de-ghb-en-ligne","16":"product_tag-comment-commander-de-la-poudre-de-ghb","17":"product_tag-fournisseur-de-poudre-de-ghb-aux-usa-en-ligne","18":"product_tag-fournisseur-legitime-de-poudre-de-ghb","19":"product_tag-fournisseur-mondial-de-poudre-de-ghb-en-ligne","20":"product_tag-ghb","21":"product_tag-ghb-a-vendre-en-ligne","22":"product_tag-ou-acheter-de-la-poudre-de-ghb-en-gros","23":"product_tag-ou-acheter-de-la-poudre-de-ghb-en-ligne","24":"product_tag-poudre-de-ghb","25":"product_tag-poudre-de-ghb-a-vendre","26":"product_tag-poudre-de-ghb-a-vendre-au-royaume-uni","27":"product_tag-poudre-de-ghb-a-vendre-aux-usa","28":"product_tag-poudre-de-ghb-a-vendre-en-ligne","29":"product_tag-poudre-de-ghb-dubai","30":"product_tag-poudre-de-ghb-en-ligne","31":"product_tag-poudre-et-liquide-de-ghb","32":"desktop-align-left","33":"tablet-align-left","34":"mobile-align-left","36":"first","37":"instock","38":"featured","39":"shipping-taxable","40":"purchasable","41":"product-type-variable"},"yoast_head":"<!-- This site is optimized with the Yoast SEO plugin v26.9 - https:\/\/yoast.com\/product\/yoast-seo-wordpress\/ -->\n<title>GHB (Gamma-Hydroxybutyrate) - GHB Boutique en ligne<\/title>\n<meta name=\"description\" content=\"GHB (Gamma-Hydroxybutyrate), GBLExprimer est la meilleure boutique o\u00f9 acheter GHB en ligne. Commandez du GHB, du GHB \u00e0 vendre maintenant\u00a0!\" \/>\n<meta name=\"robots\" content=\"index, follow, max-snippet:-1, max-image-preview:large, max-video-preview:-1\" \/>\n<link rel=\"canonical\" href=\"https:\/\/gblexprimer.com\/sv\/produkt\/kopa-ghb-online\/\" \/>\n<meta property=\"og:locale\" content=\"sv_SE\" \/>\n<meta property=\"og:type\" content=\"article\" \/>\n<meta property=\"og:title\" content=\"GHB (Gamma-Hydroxybutyrate) - GHB Boutique en ligne\" \/>\n<meta property=\"og:description\" content=\"GHB (Gamma-Hydroxybutyrate), GBLExprimer est la meilleure boutique o\u00f9 acheter GHB en ligne. Commandez du GHB, du GHB \u00e0 vendre maintenant\u00a0!\" \/>\n<meta property=\"og:url\" content=\"https:\/\/gblexprimer.com\/sv\/produkt\/kopa-ghb-online\/\" \/>\n<meta property=\"og:site_name\" content=\"GBL Exprimer\" \/>\n<meta property=\"article:modified_time\" content=\"2026-04-08T08:55:32+00:00\" \/>\n<meta property=\"og:image\" content=\"https:\/\/gblexprimer.com\/wp-content\/uploads\/2023\/12\/GHB-Online-Kaufen.jpg\" \/>\n\t<meta property=\"og:image:width\" content=\"600\" \/>\n\t<meta property=\"og:image:height\" content=\"600\" \/>\n\t<meta property=\"og:image:type\" content=\"image\/jpeg\" \/>\n<meta name=\"twitter:card\" content=\"summary_large_image\" \/>\n<meta name=\"twitter:label1\" content=\"Ber\u00e4knad l\u00e4stid\" \/>\n\t<meta name=\"twitter:data1\" content=\"3 minuter\" \/>\n<script type=\"application\/ld+json\" class=\"yoast-schema-graph\">{\"@context\":\"https:\/\/schema.org\",\"@graph\":[{\"@type\":\"WebPage\",\"@id\":\"https:\/\/gblexprimer.com\/product\/acheter-en-ligne-ghb\/\",\"url\":\"https:\/\/gblexprimer.com\/product\/acheter-en-ligne-ghb\/\",\"name\":\"GHB (Gamma-Hydroxybutyrate) - GHB Boutique en ligne\",\"isPartOf\":{\"@id\":\"https:\/\/gblexprimer.com\/#website\"},\"primaryImageOfPage\":{\"@id\":\"https:\/\/gblexprimer.com\/product\/acheter-en-ligne-ghb\/#primaryimage\"},\"image\":{\"@id\":\"https:\/\/gblexprimer.com\/product\/acheter-en-ligne-ghb\/#primaryimage\"},\"thumbnailUrl\":\"https:\/\/gblexprimer.com\/wp-content\/uploads\/2023\/12\/GHB-Online-Kaufen.jpg\",\"datePublished\":\"2023-12-26T07:26:39+00:00\",\"dateModified\":\"2026-04-08T08:55:32+00:00\",\"description\":\"GHB (Gamma-Hydroxybutyrate), GBLExprimer est la meilleure boutique o\u00f9 acheter GHB en ligne. Commandez du GHB, du GHB \u00e0 vendre maintenant\u00a0!\",\"breadcrumb\":{\"@id\":\"https:\/\/gblexprimer.com\/product\/acheter-en-ligne-ghb\/#breadcrumb\"},\"inLanguage\":\"sv-SE\",\"potentialAction\":[{\"@type\":\"ReadAction\",\"target\":[\"https:\/\/gblexprimer.com\/product\/acheter-en-ligne-ghb\/\"]}]},{\"@type\":\"ImageObject\",\"inLanguage\":\"sv-SE\",\"@id\":\"https:\/\/gblexprimer.com\/product\/acheter-en-ligne-ghb\/#primaryimage\",\"url\":\"https:\/\/gblexprimer.com\/wp-content\/uploads\/2023\/12\/GHB-Online-Kaufen.jpg\",\"contentUrl\":\"https:\/\/gblexprimer.com\/wp-content\/uploads\/2023\/12\/GHB-Online-Kaufen.jpg\",\"width\":600,\"height\":600,\"caption\":\"Acheter GHB en ligne\"},{\"@type\":\"BreadcrumbList\",\"@id\":\"https:\/\/gblexprimer.com\/product\/acheter-en-ligne-ghb\/#breadcrumb\",\"itemListElement\":[{\"@type\":\"ListItem\",\"position\":1,\"name\":\"Home\",\"item\":\"https:\/\/gblexprimer.com\/\"},{\"@type\":\"ListItem\",\"position\":2,\"name\":\"Shop\",\"item\":\"https:\/\/gblexprimer.com\/shop\/\"},{\"@type\":\"ListItem\",\"position\":3,\"name\":\"Acheter en ligne GHB\"}]},{\"@type\":\"WebSite\",\"@id\":\"https:\/\/gblexprimer.com\/#website\",\"url\":\"https:\/\/gblexprimer.com\/\",\"name\":\"GBL Exprimer\",\"description\":\"\",\"publisher\":{\"@id\":\"https:\/\/gblexprimer.com\/#organization\"},\"potentialAction\":[{\"@type\":\"SearchAction\",\"target\":{\"@type\":\"EntryPoint\",\"urlTemplate\":\"https:\/\/gblexprimer.com\/?s={search_term_string}\"},\"query-input\":{\"@type\":\"PropertyValueSpecification\",\"valueRequired\":true,\"valueName\":\"search_term_string\"}}],\"inLanguage\":\"sv-SE\"},{\"@type\":\"Organization\",\"@id\":\"https:\/\/gblexprimer.com\/#organization\",\"name\":\"GBL Exprimer\",\"url\":\"https:\/\/gblexprimer.com\/\",\"logo\":{\"@type\":\"ImageObject\",\"inLanguage\":\"sv-SE\",\"@id\":\"https:\/\/gblexprimer.com\/#\/schema\/logo\/image\/\",\"url\":\"https:\/\/gblexprimer.com\/wp-content\/uploads\/2024\/01\/logo.png\",\"contentUrl\":\"https:\/\/gblexprimer.com\/wp-content\/uploads\/2024\/01\/logo.png\",\"width\":220,\"height\":80,\"caption\":\"GBL Exprimer\"},\"image\":{\"@id\":\"https:\/\/gblexprimer.com\/#\/schema\/logo\/image\/\"}}]}<\/script>\n<!-- \/ Yoast SEO plugin. -->","yoast_head_json":{"title":"GHB (Gamma-hydroxibutyrat) - GHB Boutique en ligne","description":"GHB (Gamma-Hydroxybutyrate), GBLExprimer \u00e4r det b\u00e4sta st\u00e4llet att k\u00f6pa GHB online. Best\u00e4ll GHB, GHB till salu nu!","robots":{"index":"index","follow":"follow","max-snippet":"max-snippet:-1","max-image-preview":"max-image-preview:large","max-video-preview":"max-video-preview:-1"},"canonical":"https:\/\/gblexprimer.com\/sv\/produkt\/kopa-ghb-online\/","og_locale":"sv_SE","og_type":"article","og_title":"GHB (Gamma-Hydroxybutyrate) - GHB Boutique en ligne","og_description":"GHB (Gamma-Hydroxybutyrate), GBLExprimer est la meilleure boutique o\u00f9 acheter GHB en ligne. Commandez du GHB, du GHB \u00e0 vendre maintenant\u00a0!","og_url":"https:\/\/gblexprimer.com\/sv\/produkt\/kopa-ghb-online\/","og_site_name":"GBL Exprimer","article_modified_time":"2026-04-08T08:55:32+00:00","og_image":[{"width":600,"height":600,"url":"https:\/\/gblexprimer.com\/wp-content\/uploads\/2023\/12\/GHB-Online-Kaufen.jpg","type":"image\/jpeg"}],"twitter_card":"summary_large_image","twitter_misc":{"Ber\u00e4knad l\u00e4stid":"3 minuter"},"schema":{"@context":"https:\/\/schema.org","@graph":[{"@type":"WebPage","@id":"https:\/\/gblexprimer.com\/product\/acheter-en-ligne-ghb\/","url":"https:\/\/gblexprimer.com\/product\/acheter-en-ligne-ghb\/","name":"GHB (Gamma-hydroxibutyrat) - GHB Boutique en ligne","isPartOf":{"@id":"https:\/\/gblexprimer.com\/#website"},"primaryImageOfPage":{"@id":"https:\/\/gblexprimer.com\/product\/acheter-en-ligne-ghb\/#primaryimage"},"image":{"@id":"https:\/\/gblexprimer.com\/product\/acheter-en-ligne-ghb\/#primaryimage"},"thumbnailUrl":"https:\/\/gblexprimer.com\/wp-content\/uploads\/2023\/12\/GHB-Online-Kaufen.jpg","datePublished":"2023-12-26T07:26:39+00:00","dateModified":"2026-04-08T08:55:32+00:00","description":"GHB (Gamma-Hydroxybutyrate), GBLExprimer \u00e4r det b\u00e4sta st\u00e4llet att k\u00f6pa GHB online. Best\u00e4ll GHB, GHB till salu nu!","breadcrumb":{"@id":"https:\/\/gblexprimer.com\/product\/acheter-en-ligne-ghb\/#breadcrumb"},"inLanguage":"sv-SE","potentialAction":[{"@type":"ReadAction","target":["https:\/\/gblexprimer.com\/product\/acheter-en-ligne-ghb\/"]}]},{"@type":"ImageObject","inLanguage":"sv-SE","@id":"https:\/\/gblexprimer.com\/product\/acheter-en-ligne-ghb\/#primaryimage","url":"https:\/\/gblexprimer.com\/wp-content\/uploads\/2023\/12\/GHB-Online-Kaufen.jpg","contentUrl":"https:\/\/gblexprimer.com\/wp-content\/uploads\/2023\/12\/GHB-Online-Kaufen.jpg","width":600,"height":600,"caption":"Acheter GHB en ligne"},{"@type":"BreadcrumbList","@id":"https:\/\/gblexprimer.com\/product\/acheter-en-ligne-ghb\/#breadcrumb","itemListElement":[{"@type":"ListItem","position":1,"name":"Home","item":"https:\/\/gblexprimer.com\/"},{"@type":"ListItem","position":2,"name":"Shop","item":"https:\/\/gblexprimer.com\/shop\/"},{"@type":"ListItem","position":3,"name":"Acheter en ligne GHB"}]},{"@type":"WebSite","@id":"https:\/\/gblexprimer.com\/#website","url":"https:\/\/gblexprimer.com\/","name":"GBL Express","description":"","publisher":{"@id":"https:\/\/gblexprimer.com\/#organization"},"potentialAction":[{"@type":"SearchAction","target":{"@type":"EntryPoint","urlTemplate":"https:\/\/gblexprimer.com\/?s={search_term_string}"},"query-input":{"@type":"PropertyValueSpecification","valueRequired":true,"valueName":"search_term_string"}}],"inLanguage":"sv-SE"},{"@type":"Organization","@id":"https:\/\/gblexprimer.com\/#organization","name":"GBL Express","url":"https:\/\/gblexprimer.com\/","logo":{"@type":"ImageObject","inLanguage":"sv-SE","@id":"https:\/\/gblexprimer.com\/#\/schema\/logo\/image\/","url":"https:\/\/gblexprimer.com\/wp-content\/uploads\/2024\/01\/logo.png","contentUrl":"https:\/\/gblexprimer.com\/wp-content\/uploads\/2024\/01\/logo.png","width":220,"height":80,"caption":"GBL Exprimer"},"image":{"@id":"https:\/\/gblexprimer.com\/#\/schema\/logo\/image\/"}}]}},"_links":{"self":[{"href":"https:\/\/gblexprimer.com\/sv\/wp-json\/wp\/v2\/product\/16","targetHints":{"allow":["GET"]}}],"collection":[{"href":"https:\/\/gblexprimer.com\/sv\/wp-json\/wp\/v2\/product"}],"about":[{"href":"https:\/\/gblexprimer.com\/sv\/wp-json\/wp\/v2\/types\/product"}],"replies":[{"embeddable":true,"href":"https:\/\/gblexprimer.com\/sv\/wp-json\/wp\/v2\/comments?post=16"}],"wp:featuredmedia":[{"embeddable":true,"href":"https:\/\/gblexprimer.com\/sv\/wp-json\/wp\/v2\/media\/106"}],"wp:attachment":[{"href":"https:\/\/gblexprimer.com\/sv\/wp-json\/wp\/v2\/media?parent=16"}],"wp:term":[{"taxonomy":"product_brand","embeddable":true,"href":"https:\/\/gblexprimer.com\/sv\/wp-json\/wp\/v2\/product_brand?post=16"},{"taxonomy":"product_cat","embeddable":true,"href":"https:\/\/gblexprimer.com\/sv\/wp-json\/wp\/v2\/product_cat?post=16"},{"taxonomy":"product_tag","embeddable":true,"href":"https:\/\/gblexprimer.com\/sv\/wp-json\/wp\/v2\/product_tag?post=16"}],"curies":[{"name":"wp","href":"https:\/\/api.w.org\/{rel}","templated":true}]}}