{"id":17,"date":"2023-12-26T07:26:40","date_gmt":"2023-12-26T07:26:40","guid":{"rendered":"https:\/\/cannasmed.com\/gbl\/?post_type=product&#038;p=17"},"modified":"2026-04-16T05:58:23","modified_gmt":"2026-04-16T05:58:23","slug":"kopa-ritalin-online","status":"publish","type":"product","link":"https:\/\/gblexprimer.com\/sv\/produkt\/kopa-ritalin-online\/","title":{"rendered":"Ritalin online shopping"},"content":{"rendered":"<h2>Ritalin online shopping<\/h2>\n<p data-start=\"134\" data-end=\"512\">F\u00f6r allm\u00e4n anv\u00e4ndning s\u00e4ljs metylfenidat i tablettform. <a href=\"https:\/\/gblexprimer.com\/sv\/produkt\/kopa-ritalin-online\/\"><strong data-start=\"211\" data-end=\"234\">comprim\u00e9 de Ritalin<\/strong><\/a>. Detta l\u00e4kemedel g\u00f6r underverk f\u00f6r att behandla symtomen p\u00e5 TDAH. Ritalin 20 mg (metylfenidat)-tabletter f\u00f6rskrivs dock ibland av h\u00e4lso- och sjukv\u00e5rdspersonal som en icke godk\u00e4nd behandling av Parkinsons sjukdom och depression.<\/p>\n<p data-start=\"514\" data-end=\"1006\">Le <a href=\"https:\/\/gblexprimer.com\/sv\/\"><strong data-start=\"517\" data-end=\"536\">metylfenidat<\/strong><\/a> \u00e4r ett l\u00e4kemedel som verkar centralstimulerande och bidrar till att \u00f6ka niv\u00e5erna av dopamin i hj\u00e4rnan. Denna signalsubstans, dopamin, fr\u00e4mjar k\u00e4nslor av drivkraft och iver. Detta tyder p\u00e5 att h\u00f6gre dopaminniv\u00e5er kan f\u00f6rb\u00e4ttra koncentrationen, underl\u00e4tta dagliga sysslor och lindra andra symtom som f\u00f6rknippas med ADHD.<\/p>\n<p data-start=\"1020\" data-end=\"1366\">Metylfenidat finns som tuggtabletter, tuggtabletter med f\u00f6rl\u00e4ngd fris\u00e4ttning, muns\u00f6nderfallande tabletter med f\u00f6rl\u00e4ngd fris\u00e4ttning och kapslar med f\u00f6rl\u00e4ngd fris\u00e4ttning. Det marknadsf\u00f6rs ibland under andra handelsnamn \u00e4n Ritalin, till exempel buy methylphenidate.<\/p>\n<h3 data-start=\"1368\" data-end=\"1406\">Varf\u00f6r k\u00f6pa Ritalin online?<\/h3>\n<p data-start=\"1408\" data-end=\"1541\">\u00c4ven om det finns m\u00e5nga f\u00f6rdelar med att k\u00f6pa Ritalin online, h\u00e4r \u00e4r n\u00e5gra av de viktigaste och vanligaste:<\/p>\n<p data-start=\"1543\" data-end=\"2023\">FDA-godk\u00e4nda l\u00e4kemedel kan k\u00f6pas online utan <strong><a href=\"https:\/\/www.drugs.com\/ritalin.html\">medicinskt recept<\/a><\/strong>. \u00c4ven om det \u00e4r ett lagligt l\u00e4kemedel \u00e4r Ritalin sv\u00e5rt att hitta p\u00e5 apotek. Om ditt upptagna schema hindrar dig fr\u00e5n att f\u00e5 en l\u00e4kares rekommendation i tid f\u00f6r att f\u00e5 detta l\u00e4kemedel, \u00e4r det b\u00e4sta att k\u00f6pa Ritalin online. Du sparar pengar och avg\u00f6rande tid n\u00e4r du k\u00f6per det online. K\u00f6p Ritalin utan recept online.<\/p>\n<p data-start=\"2025\" data-end=\"2487\">En annan f\u00f6rdel med att k\u00f6pa Ritalin online \u00e4r att priset \u00e4r betydligt l\u00e4gre \u00e4n Ritalin-piller som finns i butik. <strong><a href=\"https:\/\/en.wikipedia.org\/wiki\/Methylphenidate\">kvarters apotek<\/a><\/strong>\u00e4r att priset \u00e4r betydligt l\u00e4gre \u00e4n f\u00f6r Ritalin-piller som finns p\u00e5 lokala apotek. Anledningen till att de piller du k\u00f6per online \u00e4r s\u00e5 billiga \u00e4r inte f\u00f6r att de \u00e4r av d\u00e5lig kvalitet; snarare \u00e4r det f\u00f6r att onlineapotek kan erbjuda dessa l\u00e4kemedel till en reducerad kostnad eftersom de inte \u00e4r f\u00f6rem\u00e5l f\u00f6r n\u00e5gra extra avgifter.<\/p>\n<h3 data-start=\"2489\" data-end=\"2552\">\u00c4r det m\u00f6jligt att k\u00f6pa Ritalin online utan recept?<\/h3>\n<p data-start=\"2554\" data-end=\"2946\">Du kan f\u00e5 Ritalin fr\u00e5n oss online utan recept. G\u00f6r bara din best\u00e4llning och slutf\u00f6r betalningsuppgifterna p\u00e5 v\u00e5r webbplats. Dina Ritalin-tabletter kommer att levereras inom en dag eller tv\u00e5. Dessa l\u00e4kemedel \u00e4r lika bra och effektiva som de du f\u00e5r p\u00e5 ditt lokala apotek. K\u00f6p Ritalin utan recept online.<\/p>\n<p data-start=\"2948\" data-end=\"3267\">Biverkningar av metylfenidat, s\u00e4ker anv\u00e4ndning, stimulerande beroende, f\u00f6rsiktighets\u00e5tg\u00e4rder vid anv\u00e4ndning, \u00f6verdosering av metylfenidat, risker med Ritalin och <a href=\"https:\/\/gblexprimer.com\/sv\/produkt\/kop-alprazolam-pulver-100g-online\/\"><strong data-start=\"3125\" data-end=\"3157\">ansvarsfull anv\u00e4ndning av medicin<\/strong><\/a> \u00e4r alla punkter att t\u00e4nka p\u00e5 f\u00f6r att dra full nytta av f\u00f6rdelarna med detta psykostimulerande medel.<\/p>\n<p>Metylin<\/p>\n<p>Konsert<\/p>\n<p>ER-metadata<\/p>\n<p>Akutmottagningen i Quillichew<\/p>\n<p>Quillivant<\/p>\n<p>Aptension<\/p>\n<p>Cotempla XR-OTD<\/p>\n<p>Adhansie<\/p>\n<p>Alla dessa l\u00e4kemedel \u00e4r godk\u00e4nda av experter f\u00f6r allm\u00e4n anv\u00e4ndning. <a href=\"https:\/\/gblexprimer.com\/sv\/produkt\/kopa-ritalin-online\/\"><strong>Kundfavoriter<\/strong><\/a><\/p>","protected":false},"excerpt":{"rendered":"<p>Achats en ligne Ritalin Pour un usage public, le m\u00e9thylph\u00e9nidate est vendu sous l\u2019apparence d\u2019un comprim\u00e9 de Ritalin. Ce m\u00e9dicament TDAH fait des merveilles pour traiter les sympt\u00f4mes du TDAH. N\u00e9anmoins, les Ritalin 20 mg (comprim\u00e9s de Ritalin) sont parfois prescrits par les professionnels de la sant\u00e9 comme traitement non autoris\u00e9 de la maladie de [&hellip;]<\/p>","protected":false},"featured_media":105,"comment_status":"open","ping_status":"closed","template":"","meta":{"site-sidebar-layout":"default","site-content-layout":"","ast-site-content-layout":"default","site-content-style":"default","site-sidebar-style":"default","ast-global-header-display":"","ast-banner-title-visibility":"","ast-main-header-display":"","ast-hfb-above-header-display":"","ast-hfb-below-header-display":"","ast-hfb-mobile-header-display":"","site-post-title":"","ast-breadcrumbs-content":"","ast-featured-img":"","footer-sml-layout":"","theme-transparent-header-meta":"default","adv-header-id-meta":"","stick-header-meta":"","header-above-stick-meta":"","header-main-stick-meta":"","header-below-stick-meta":"","astra-migrate-meta-layouts":"set","ast-page-background-enabled":"default","ast-page-background-meta":{"desktop":{"background-color":"","background-image":"","background-repeat":"repeat","background-position":"center center","background-size":"auto","background-attachment":"scroll","background-type":"","background-media":"","overlay-type":"","overlay-color":"","overlay-opacity":"","overlay-gradient":""},"tablet":{"background-color":"","background-image":"","background-repeat":"repeat","background-position":"center center","background-size":"auto","background-attachment":"scroll","background-type":"","background-media":"","overlay-type":"","overlay-color":"","overlay-opacity":"","overlay-gradient":""},"mobile":{"background-color":"","background-image":"","background-repeat":"repeat","background-position":"center center","background-size":"auto","background-attachment":"scroll","background-type":"","background-media":"","overlay-type":"","overlay-color":"","overlay-opacity":"","overlay-gradient":""}},"ast-content-background-meta":{"desktop":{"background-color":"var(--ast-global-color-5)","background-image":"","background-repeat":"repeat","background-position":"center center","background-size":"auto","background-attachment":"scroll","background-type":"","background-media":"","overlay-type":"","overlay-color":"","overlay-opacity":"","overlay-gradient":""},"tablet":{"background-color":"var(--ast-global-color-5)","background-image":"","background-repeat":"repeat","background-position":"center center","background-size":"auto","background-attachment":"scroll","background-type":"","background-media":"","overlay-type":"","overlay-color":"","overlay-opacity":"","overlay-gradient":""},"mobile":{"background-color":"var(--ast-global-color-5)","background-image":"","background-repeat":"repeat","background-position":"center center","background-size":"auto","background-attachment":"scroll","background-type":"","background-media":"","overlay-type":"","overlay-color":"","overlay-opacity":"","overlay-gradient":""}},"_joinchat":[]},"product_brand":[],"product_cat":[45],"product_tag":[46,47,48,49,50,51,52,53,54,55,56,57,58,59,60,61,62,63,64,65,66,67,68,69,70,71,72,73,74,75,76,77,78,79,80,81,82,83],"class_list":{"0":"post-17","1":"product","2":"type-product","3":"status-publish","4":"has-post-thumbnail","6":"product_cat-ritalin","7":"product_tag-adhd-methylphenidat","8":"product_tag-einnahme-von-ritalin","9":"product_tag-goodrx-methylphenidat","10":"product_tag-gunstiges-ritalin-online-kaufen","11":"product_tag-kein-rx-ritalin","12":"product_tag-konnen-sie-bekommen-rezeptfreie-adhs-medikamente","13":"product_tag-konnen-sie-ritalin-ohne-rezept-kaufen","14":"product_tag-konnen-sie-ritalin-rezeptfrei-in-grosbritannien-kaufen","15":"product_tag-konnen-sie-sich-ritalin-online-verschreiben-lassen","16":"product_tag-methylphenidat","17":"product_tag-methylphenidat-mg","18":"product_tag-methylphenidat-online","19":"product_tag-methylphenidat-online-kaufen","20":"product_tag-methylphenidat-online-ohne-rezept-kaufen","21":"product_tag-methylphenidat-zum-online-verkauf","22":"product_tag-methylphenidat-zum-verkauf","23":"product_tag-methylphenidat-kosten","24":"product_tag-methylphenidat-preis","25":"product_tag-methylphenidat-rezept","26":"product_tag-ritalin","27":"product_tag-ritalin-10-mg","28":"product_tag-ritalin-adh","29":"product_tag-ritalin-fur-erwachsene","30":"product_tag-ritalin-ohne-rezept-kaufen","31":"product_tag-ritalin-online","32":"product_tag-ritalin-online-mit-nachtlieferung-kaufen","33":"product_tag-ritalin-online-ohne-rezept","34":"product_tag-ritalin-und-adh","35":"product_tag-ritalin-zum-verkauf","36":"product_tag-ritalin-zum-verkauf-in-den-usa","37":"product_tag-ritalin-zum-verkauf-online","38":"product_tag-ritalin-kosten","39":"product_tag-ritalin-medikamente","40":"product_tag-ritalin-pille","41":"product_tag-ritalin-preis","42":"product_tag-ritalin-rezept","43":"product_tag-so-bestellen-sie-ritalin-online","44":"product_tag-welche-rezeptfreien-medikamente-helfen-bei-adhs","45":"desktop-align-left","46":"tablet-align-left","47":"mobile-align-left","49":"first","50":"instock","51":"featured","52":"shipping-taxable","53":"purchasable","54":"product-type-variable"},"yoast_head":"<!-- This site is optimized with the Yoast SEO plugin v26.9 - https:\/\/yoast.com\/product\/yoast-seo-wordpress\/ -->\n<title>Acheter Ritalin en ligne - Acheter m\u00e9thylph\u00e9nidate en ligne<\/title>\n<meta name=\"description\" content=\"GBLExprimer est la meilleure boutique o\u00f9 acheter du ritalin en ligne. Commandez du Ritalin, Achetez du m\u00e9thylph\u00e9nidate maintenant !\" \/>\n<meta name=\"robots\" content=\"index, follow, max-snippet:-1, max-image-preview:large, max-video-preview:-1\" \/>\n<link rel=\"canonical\" href=\"https:\/\/gblexprimer.com\/sv\/produkt\/kopa-ritalin-online\/\" \/>\n<meta property=\"og:locale\" content=\"sv_SE\" \/>\n<meta property=\"og:type\" content=\"article\" \/>\n<meta property=\"og:title\" content=\"Acheter Ritalin en ligne - Acheter m\u00e9thylph\u00e9nidate en ligne\" \/>\n<meta property=\"og:description\" content=\"GBLExprimer est la meilleure boutique o\u00f9 acheter du ritalin en ligne. Commandez du Ritalin, Achetez du m\u00e9thylph\u00e9nidate maintenant !\" \/>\n<meta property=\"og:url\" content=\"https:\/\/gblexprimer.com\/sv\/produkt\/kopa-ritalin-online\/\" \/>\n<meta property=\"og:site_name\" content=\"GBL Exprimer\" \/>\n<meta property=\"article:modified_time\" content=\"2026-04-16T05:58:23+00:00\" \/>\n<meta property=\"og:image\" content=\"https:\/\/gblexprimer.com\/wp-content\/uploads\/2023\/12\/Ritalin-Online-Kaufen.jpg\" \/>\n\t<meta property=\"og:image:width\" content=\"600\" \/>\n\t<meta property=\"og:image:height\" content=\"600\" \/>\n\t<meta property=\"og:image:type\" content=\"image\/jpeg\" \/>\n<meta name=\"twitter:card\" content=\"summary_large_image\" \/>\n<meta name=\"twitter:label1\" content=\"Ber\u00e4knad l\u00e4stid\" \/>\n\t<meta name=\"twitter:data1\" content=\"3 minuter\" \/>\n<script type=\"application\/ld+json\" class=\"yoast-schema-graph\">{\"@context\":\"https:\/\/schema.org\",\"@graph\":[{\"@type\":\"WebPage\",\"@id\":\"https:\/\/gblexprimer.com\/product\/achats-en-ligne-ritalin\/\",\"url\":\"https:\/\/gblexprimer.com\/product\/achats-en-ligne-ritalin\/\",\"name\":\"Acheter Ritalin en ligne - Acheter m\u00e9thylph\u00e9nidate en ligne\",\"isPartOf\":{\"@id\":\"https:\/\/gblexprimer.com\/#website\"},\"primaryImageOfPage\":{\"@id\":\"https:\/\/gblexprimer.com\/product\/achats-en-ligne-ritalin\/#primaryimage\"},\"image\":{\"@id\":\"https:\/\/gblexprimer.com\/product\/achats-en-ligne-ritalin\/#primaryimage\"},\"thumbnailUrl\":\"https:\/\/gblexprimer.com\/wp-content\/uploads\/2023\/12\/Ritalin-Online-Kaufen.jpg\",\"datePublished\":\"2023-12-26T07:26:40+00:00\",\"dateModified\":\"2026-04-16T05:58:23+00:00\",\"description\":\"GBLExprimer est la meilleure boutique o\u00f9 acheter du ritalin en ligne. Commandez du Ritalin, Achetez du m\u00e9thylph\u00e9nidate maintenant !\",\"breadcrumb\":{\"@id\":\"https:\/\/gblexprimer.com\/product\/achats-en-ligne-ritalin\/#breadcrumb\"},\"inLanguage\":\"sv-SE\",\"potentialAction\":[{\"@type\":\"ReadAction\",\"target\":[\"https:\/\/gblexprimer.com\/product\/achats-en-ligne-ritalin\/\"]}]},{\"@type\":\"ImageObject\",\"inLanguage\":\"sv-SE\",\"@id\":\"https:\/\/gblexprimer.com\/product\/achats-en-ligne-ritalin\/#primaryimage\",\"url\":\"https:\/\/gblexprimer.com\/wp-content\/uploads\/2023\/12\/Ritalin-Online-Kaufen.jpg\",\"contentUrl\":\"https:\/\/gblexprimer.com\/wp-content\/uploads\/2023\/12\/Ritalin-Online-Kaufen.jpg\",\"width\":600,\"height\":600,\"caption\":\"Acheter du Ritalin en ligne\"},{\"@type\":\"BreadcrumbList\",\"@id\":\"https:\/\/gblexprimer.com\/product\/achats-en-ligne-ritalin\/#breadcrumb\",\"itemListElement\":[{\"@type\":\"ListItem\",\"position\":1,\"name\":\"Home\",\"item\":\"https:\/\/gblexprimer.com\/\"},{\"@type\":\"ListItem\",\"position\":2,\"name\":\"Shop\",\"item\":\"https:\/\/gblexprimer.com\/shop\/\"},{\"@type\":\"ListItem\",\"position\":3,\"name\":\"Achats en ligne Ritalin\"}]},{\"@type\":\"WebSite\",\"@id\":\"https:\/\/gblexprimer.com\/#website\",\"url\":\"https:\/\/gblexprimer.com\/\",\"name\":\"GBL Exprimer\",\"description\":\"\",\"publisher\":{\"@id\":\"https:\/\/gblexprimer.com\/#organization\"},\"potentialAction\":[{\"@type\":\"SearchAction\",\"target\":{\"@type\":\"EntryPoint\",\"urlTemplate\":\"https:\/\/gblexprimer.com\/?s={search_term_string}\"},\"query-input\":{\"@type\":\"PropertyValueSpecification\",\"valueRequired\":true,\"valueName\":\"search_term_string\"}}],\"inLanguage\":\"sv-SE\"},{\"@type\":\"Organization\",\"@id\":\"https:\/\/gblexprimer.com\/#organization\",\"name\":\"GBL Exprimer\",\"url\":\"https:\/\/gblexprimer.com\/\",\"logo\":{\"@type\":\"ImageObject\",\"inLanguage\":\"sv-SE\",\"@id\":\"https:\/\/gblexprimer.com\/#\/schema\/logo\/image\/\",\"url\":\"https:\/\/gblexprimer.com\/wp-content\/uploads\/2024\/01\/logo.png\",\"contentUrl\":\"https:\/\/gblexprimer.com\/wp-content\/uploads\/2024\/01\/logo.png\",\"width\":220,\"height\":80,\"caption\":\"GBL Exprimer\"},\"image\":{\"@id\":\"https:\/\/gblexprimer.com\/#\/schema\/logo\/image\/\"}}]}<\/script>\n<!-- \/ Yoast SEO plugin. -->","yoast_head_json":{"title":"K\u00f6p Ritalin online - K\u00f6p metylfenidat online","description":"GBLExprimer \u00e4r den b\u00e4sta butiken d\u00e4r man kan k\u00f6pa ritalin online. Best\u00e4ll Ritalin, k\u00f6p metylfenidat nu!","robots":{"index":"index","follow":"follow","max-snippet":"max-snippet:-1","max-image-preview":"max-image-preview:large","max-video-preview":"max-video-preview:-1"},"canonical":"https:\/\/gblexprimer.com\/sv\/produkt\/kopa-ritalin-online\/","og_locale":"sv_SE","og_type":"article","og_title":"Acheter Ritalin en ligne - Acheter m\u00e9thylph\u00e9nidate en ligne","og_description":"GBLExprimer est la meilleure boutique o\u00f9 acheter du ritalin en ligne. Commandez du Ritalin, Achetez du m\u00e9thylph\u00e9nidate maintenant !","og_url":"https:\/\/gblexprimer.com\/sv\/produkt\/kopa-ritalin-online\/","og_site_name":"GBL Exprimer","article_modified_time":"2026-04-16T05:58:23+00:00","og_image":[{"width":600,"height":600,"url":"https:\/\/gblexprimer.com\/wp-content\/uploads\/2023\/12\/Ritalin-Online-Kaufen.jpg","type":"image\/jpeg"}],"twitter_card":"summary_large_image","twitter_misc":{"Ber\u00e4knad l\u00e4stid":"3 minuter"},"schema":{"@context":"https:\/\/schema.org","@graph":[{"@type":"WebPage","@id":"https:\/\/gblexprimer.com\/product\/achats-en-ligne-ritalin\/","url":"https:\/\/gblexprimer.com\/product\/achats-en-ligne-ritalin\/","name":"K\u00f6p Ritalin online - K\u00f6p metylfenidat online","isPartOf":{"@id":"https:\/\/gblexprimer.com\/#website"},"primaryImageOfPage":{"@id":"https:\/\/gblexprimer.com\/product\/achats-en-ligne-ritalin\/#primaryimage"},"image":{"@id":"https:\/\/gblexprimer.com\/product\/achats-en-ligne-ritalin\/#primaryimage"},"thumbnailUrl":"https:\/\/gblexprimer.com\/wp-content\/uploads\/2023\/12\/Ritalin-Online-Kaufen.jpg","datePublished":"2023-12-26T07:26:40+00:00","dateModified":"2026-04-16T05:58:23+00:00","description":"GBLExprimer \u00e4r den b\u00e4sta butiken d\u00e4r man kan k\u00f6pa ritalin online. Best\u00e4ll Ritalin, k\u00f6p metylfenidat nu!","breadcrumb":{"@id":"https:\/\/gblexprimer.com\/product\/achats-en-ligne-ritalin\/#breadcrumb"},"inLanguage":"sv-SE","potentialAction":[{"@type":"ReadAction","target":["https:\/\/gblexprimer.com\/product\/achats-en-ligne-ritalin\/"]}]},{"@type":"ImageObject","inLanguage":"sv-SE","@id":"https:\/\/gblexprimer.com\/product\/achats-en-ligne-ritalin\/#primaryimage","url":"https:\/\/gblexprimer.com\/wp-content\/uploads\/2023\/12\/Ritalin-Online-Kaufen.jpg","contentUrl":"https:\/\/gblexprimer.com\/wp-content\/uploads\/2023\/12\/Ritalin-Online-Kaufen.jpg","width":600,"height":600,"caption":"Acheter du Ritalin en ligne"},{"@type":"BreadcrumbList","@id":"https:\/\/gblexprimer.com\/product\/achats-en-ligne-ritalin\/#breadcrumb","itemListElement":[{"@type":"ListItem","position":1,"name":"Home","item":"https:\/\/gblexprimer.com\/"},{"@type":"ListItem","position":2,"name":"Shop","item":"https:\/\/gblexprimer.com\/shop\/"},{"@type":"ListItem","position":3,"name":"Achats en ligne Ritalin"}]},{"@type":"WebSite","@id":"https:\/\/gblexprimer.com\/#website","url":"https:\/\/gblexprimer.com\/","name":"GBL Express","description":"","publisher":{"@id":"https:\/\/gblexprimer.com\/#organization"},"potentialAction":[{"@type":"SearchAction","target":{"@type":"EntryPoint","urlTemplate":"https:\/\/gblexprimer.com\/?s={search_term_string}"},"query-input":{"@type":"PropertyValueSpecification","valueRequired":true,"valueName":"search_term_string"}}],"inLanguage":"sv-SE"},{"@type":"Organization","@id":"https:\/\/gblexprimer.com\/#organization","name":"GBL Express","url":"https:\/\/gblexprimer.com\/","logo":{"@type":"ImageObject","inLanguage":"sv-SE","@id":"https:\/\/gblexprimer.com\/#\/schema\/logo\/image\/","url":"https:\/\/gblexprimer.com\/wp-content\/uploads\/2024\/01\/logo.png","contentUrl":"https:\/\/gblexprimer.com\/wp-content\/uploads\/2024\/01\/logo.png","width":220,"height":80,"caption":"GBL Exprimer"},"image":{"@id":"https:\/\/gblexprimer.com\/#\/schema\/logo\/image\/"}}]}},"_links":{"self":[{"href":"https:\/\/gblexprimer.com\/sv\/wp-json\/wp\/v2\/product\/17","targetHints":{"allow":["GET"]}}],"collection":[{"href":"https:\/\/gblexprimer.com\/sv\/wp-json\/wp\/v2\/product"}],"about":[{"href":"https:\/\/gblexprimer.com\/sv\/wp-json\/wp\/v2\/types\/product"}],"replies":[{"embeddable":true,"href":"https:\/\/gblexprimer.com\/sv\/wp-json\/wp\/v2\/comments?post=17"}],"wp:featuredmedia":[{"embeddable":true,"href":"https:\/\/gblexprimer.com\/sv\/wp-json\/wp\/v2\/media\/105"}],"wp:attachment":[{"href":"https:\/\/gblexprimer.com\/sv\/wp-json\/wp\/v2\/media?parent=17"}],"wp:term":[{"taxonomy":"product_brand","embeddable":true,"href":"https:\/\/gblexprimer.com\/sv\/wp-json\/wp\/v2\/product_brand?post=17"},{"taxonomy":"product_cat","embeddable":true,"href":"https:\/\/gblexprimer.com\/sv\/wp-json\/wp\/v2\/product_cat?post=17"},{"taxonomy":"product_tag","embeddable":true,"href":"https:\/\/gblexprimer.com\/sv\/wp-json\/wp\/v2\/product_tag?post=17"}],"curies":[{"name":"wp","href":"https:\/\/api.w.org\/{rel}","templated":true}]}}