{"id":18,"date":"2023-12-26T07:26:40","date_gmt":"2023-12-26T07:26:40","guid":{"rendered":"https:\/\/cannasmed.com\/gbl\/?post_type=product&#038;p=18"},"modified":"2026-04-08T09:06:31","modified_gmt":"2026-04-08T09:06:31","slug":"ko-tropfen-online-shopping","status":"publish","type":"product","link":"https:\/\/gblexprimer.com\/sv\/produkt\/ko-tropfen-online-shopping\/","title":{"rendered":"Buy KO Tropfen Online Shop"},"content":{"rendered":"<h2>K\u00f6p KO-Tropfen online p\u00e5 GBLexprimer - Laboratorietestad och av h\u00f6g kvalitet<\/h2>\n<p><strong>K\u00f6p KO-Tropfen online<\/strong>, Du s\u00f6ker efter <a href=\"https:\/\/de.wikipedia.org\/wiki\/K.-o.-Tropfen\"><strong>KO-Tropfen<\/strong><\/a> h\u00f6g kvalitet? P\u00e5 <strong>GBExpress<\/strong>vi erbjuder <strong>KO-Tropfen<\/strong> laboratorietestat med en <strong>garanterad renhet<\/strong> fr\u00e5n <strong>\u226599%<\/strong>idealisk f\u00f6r vetenskapliga forskningsapplikationer. Dra nytta av v\u00e5ra <strong>snabb leverans<\/strong>, <strong>konkurrenskraftiga priser<\/strong> och <strong>p\u00e5litlig service<\/strong> f\u00f6r alla dina <strong>forskningskemikalier, <a href=\"https:\/\/gblexprimer.com\/sv\/produkt\/ko-tropfen-online-shopping\/\">K\u00f6p KO-Tropfen online<\/a><\/strong>.<\/p>\n<h3>Varf\u00f6r k\u00f6pa KO-Tropfen fr\u00e5n GBLexprimer?<\/h3>\n<p>V\u00e5r <strong>KO-Tropfen<\/strong> proviennent de fournisseurs de confiance et sont soumis \u00e0 des <strong><a href=\"https:\/\/gblexprimer.com\/sv\/produkt\/lorazepam-25-mg-i-blisterforpackning\/\">contr\u00f4les qualit\u00e9 rigoureux<\/a><\/strong> pour garantir qu&rsquo;ils respectent les plus hauts standards. <strong>GBExpress<\/strong> f\u00f6rser dig med h\u00f6gkvalitativa produkter f\u00f6r din forskning och dina experiment<a href=\"https:\/\/gblexpress.com\/ritalin\/\">.<\/a><\/p>\n<p><strong>F\u00f6rdelar med KO-Tropfen<\/strong> :<\/p>\n<ul>\n<li><strong>Maximal renhet<\/strong> Laboratorietestade med <strong>\u226599% renhet<\/strong> f\u00f6r att garantera tillf\u00f6rlitliga resultat.<\/li>\n<li><strong>Snabb och s\u00e4ker leverans<\/strong> Diskret f\u00f6rpackning och snabb leverans f\u00f6r b\u00e4sta m\u00f6jliga upplevelse.<\/li>\n<li><strong>Konkurrenskraftiga priser<\/strong> : Vi erbjuder <strong>KO-Tropfen av h\u00f6g kvalitet till \u00f6verkomliga priser<\/strong><a href=\"https:\/\/gblexprimer.com\/sv\/produkt\/trocken-gekochtes-ghb-500-gram\/\">.<\/a><\/li>\n<\/ul>\n<h3>Vad \u00e4r KO-Tropfen?<\/h3>\n<p>Den <strong>KO-Tropfen<\/strong> (eller <strong>Ketamin-Oxytocin Tropfen<\/strong>) \u00e4r <a href=\"https:\/\/www.xantus-drinksafe.de\/en\/blogs\/news\/ko-tropfen-alles-was-du-wissen-musst\"><strong>forskningskemikalier<\/strong><\/a> anv\u00e4nds fr\u00e4mst i farmaceutiska och neurologiska studier. De \u00e4r k\u00e4nda f\u00f6r sina effekter p\u00e5 det centrala nervsystemet och f\u00f6r sin anv\u00e4ndning inom klinisk forskning. <strong>KO-Tropfen<\/strong> sont destin\u00e9s uniquement \u00e0 des fins de recherche scientifique et ne sont pas destin\u00e9s \u00e0 un usage humain. GblExprimer<\/p>\n<h3>Varf\u00f6r v\u00e4lja GBLexprimer?<\/h3>\n<ul>\n<li><strong>P\u00e5litlig leverant\u00f6r<\/strong> : Vi k\u00f6per endast v\u00e5ra produkter fr\u00e5n <strong>v\u00e4lk\u00e4nda tillverkare<\/strong> f\u00f6r att garantera kvalitet och s\u00e4kerhet.<\/li>\n<li><strong>Strikta kontroller<\/strong> Varje parti av <strong>KO-Tropfen<\/strong> testas f\u00f6r att garantera optimal kvalitet och maximal renhet.<\/li>\n<li><strong>Utm\u00e4rkt kundn\u00f6jdhet<\/strong> V\u00e5rt team \u00e4r dedikerat till att ge dig h\u00f6gkvalitativ kundservice och s\u00e4kerst\u00e4lla en trevlig shoppingupplevelse.<\/li>\n<\/ul>\n<h3>Hur best\u00e4ller jag KO-Tropfen online?<\/h3>\n<p>Best\u00e4llning <strong>KO-Tropfen online<\/strong> p\u00e5 <a href=\"https:\/\/gblexprimer.com\/sv\/\"><strong>GBExpress<\/strong><\/a> \u00e4r snabbt och s\u00e4kert. Bes\u00f6k v\u00e5r webbplats, v\u00e4lj den kvantitet du beh\u00f6ver och g\u00f6r din best\u00e4llning med bara n\u00e5gra f\u00e5 klick. Med v\u00e5ra <strong>snabb, diskret leverans<\/strong>Du kommer att f\u00e5 dina produkter s\u00e4kert och s\u00e5 snabbt som m\u00f6jligt.<\/p>\n<p><strong>Best\u00e4ll nu fr\u00e5n GBLexprimer<\/strong> f\u00f6r att erh\u00e5lla <strong>KO-Tropfen<\/strong> fr\u00e5n <strong>h\u00f6g kvalitet<\/strong> till konkurrenskraftiga priser. Dra nytta av v\u00e5ra kvalitetsprodukter och v\u00e5r utm\u00e4rkta kundservice! <a href=\"https:\/\/gblexprimer.com\/sv\/produkt\/ko-tropfen-online-shopping\/\"><strong>V\u00e9rifier la disponibilit\u00e9<\/strong><\/a><\/p>","protected":false},"excerpt":{"rendered":"<p><strong>KO Tropfen till salu<\/strong>allm\u00e4nt k\u00e4nd som <strong>GHB (gamma-hydroxism\u00f6rsyra)<\/strong>\u00e4r en kemisk f\u00f6rening som anv\u00e4nds i medicinska, rekreativa och vetenskapliga sammanhang. K\u00e4nd f\u00f6r sina effekter p\u00e5 det centrala nervsystemet <strong>KO Tropfen<\/strong> studeras f\u00f6r sina lugnande och avslappnande egenskaper och f\u00f6r sin roll i hj\u00e4rnans neurotransmission.<\/p>\n<p><strong>Hur fungerar Tropfen KO?<\/strong><br \/>\nKO Tropfen fungerar genom att interagera med tv\u00e5 typer av receptorer i hj\u00e4rnan: GHB-receptorer och GABA-B-receptorer. Denna interaktion fr\u00e4mjar muskelavslappning, minskar \u00e5ngest och kan framkalla djup s\u00f6mn. I sm\u00e5 doser kan det ge en k\u00e4nsla av avslappning och eufori. I h\u00f6gre doser fungerar det som ett kraftfullt lugnande medel.<\/p>\n<ul>\n<li>Huvudsakliga effekter: Muskelavslappning, sedering, minskad \u00e5ngest och tillf\u00e4llig f\u00f6rb\u00e4ttring av s\u00f6mnen.<\/li>\n<li>Verkan intr\u00e4der: 10 till 20 minuter efter intag.<\/li>\n<li>Varaktighet: 1,5 till 3 timmar, beroende p\u00e5 dos.<\/li>\n<\/ul>\n<p><strong>Formel och data<\/strong><br \/>\nKemiskt namn: Gamma-hydroxism\u00f6rsyra<br \/>\nMolekylformel: C4H8O3<br \/>\nMolekylvikt: 104,10 g\/mol<\/p>\n<p><strong>Typer av Tropfen KO<\/strong><br \/>\nKO Tropfen M\u00e9dical: Anv\u00e4nds p\u00e5 recept f\u00f6r att behandla narkolepsi och, i vissa fall, f\u00f6r alkoholavv\u00e4njning.<br \/>\nKO Tropfen Rekreation: Anv\u00e4nds i en kontrollerad milj\u00f6 och godk\u00e4nns f\u00f6r dess avslappnande effekter.<br \/>\nKO Tropfen f\u00f6r forskning: Studeras f\u00f6r dess neurokemiska egenskaper och effekter p\u00e5 centrala nervsystemet.<\/p>","protected":false},"featured_media":104,"comment_status":"open","ping_status":"closed","template":"","meta":{"site-sidebar-layout":"default","site-content-layout":"","ast-site-content-layout":"default","site-content-style":"default","site-sidebar-style":"default","ast-global-header-display":"","ast-banner-title-visibility":"","ast-main-header-display":"","ast-hfb-above-header-display":"","ast-hfb-below-header-display":"","ast-hfb-mobile-header-display":"","site-post-title":"","ast-breadcrumbs-content":"","ast-featured-img":"","footer-sml-layout":"","theme-transparent-header-meta":"default","adv-header-id-meta":"","stick-header-meta":"","header-above-stick-meta":"","header-main-stick-meta":"","header-below-stick-meta":"","astra-migrate-meta-layouts":"set","ast-page-background-enabled":"default","ast-page-background-meta":{"desktop":{"background-color":"","background-image":"","background-repeat":"repeat","background-position":"center center","background-size":"auto","background-attachment":"scroll","background-type":"","background-media":"","overlay-type":"","overlay-color":"","overlay-opacity":"","overlay-gradient":""},"tablet":{"background-color":"","background-image":"","background-repeat":"repeat","background-position":"center center","background-size":"auto","background-attachment":"scroll","background-type":"","background-media":"","overlay-type":"","overlay-color":"","overlay-opacity":"","overlay-gradient":""},"mobile":{"background-color":"","background-image":"","background-repeat":"repeat","background-position":"center center","background-size":"auto","background-attachment":"scroll","background-type":"","background-media":"","overlay-type":"","overlay-color":"","overlay-opacity":"","overlay-gradient":""}},"ast-content-background-meta":{"desktop":{"background-color":"var(--ast-global-color-5)","background-image":"","background-repeat":"repeat","background-position":"center center","background-size":"auto","background-attachment":"scroll","background-type":"","background-media":"","overlay-type":"","overlay-color":"","overlay-opacity":"","overlay-gradient":""},"tablet":{"background-color":"var(--ast-global-color-5)","background-image":"","background-repeat":"repeat","background-position":"center center","background-size":"auto","background-attachment":"scroll","background-type":"","background-media":"","overlay-type":"","overlay-color":"","overlay-opacity":"","overlay-gradient":""},"mobile":{"background-color":"var(--ast-global-color-5)","background-image":"","background-repeat":"repeat","background-position":"center center","background-size":"auto","background-attachment":"scroll","background-type":"","background-media":"","overlay-type":"","overlay-color":"","overlay-opacity":"","overlay-gradient":""}},"_joinchat":[]},"product_brand":[],"product_cat":[18,84],"product_tag":[538,551,536,534,552,541,558,550,540,544,555,537,539,535,533,553,547,548,556,543,542,545,549,557,546,554],"class_list":{"0":"post-18","1":"product","2":"type-product","3":"status-publish","4":"has-post-thumbnail","6":"product_cat-ghb","7":"product_cat-ko-drops","8":"product_tag-acheter-gbl-liquide-en-ligne","9":"product_tag-acheter-gbl-liquide-pas-cher","10":"product_tag-acheter-ghb-liquide-en-ligne","11":"product_tag-acheter-ko-tropfen","12":"product_tag-acheter-ko-tropfen-aux-usa","13":"product_tag-acheter-ko-tropfen-en-europe","14":"product_tag-acheter-ko-tropfen-pour-laboratoire","15":"product_tag-commander-ko-tropfen","16":"product_tag-commander-ko-tropfen-en-ligne","17":"product_tag-fournisseur-de-ko-tropfen-en-ligne","18":"product_tag-fournisseur-mondial-de-ko-tropfen","19":"product_tag-gbl-liquide","20":"product_tag-ghb-et-gbl-a-vendre","21":"product_tag-ghb-liquide","22":"product_tag-ko-tropfen","23":"product_tag-ko-tropfen-a-vendre-au-royaume-uni","24":"product_tag-ko-tropfen-applications","25":"product_tag-ko-tropfen-effets","26":"product_tag-ko-tropfen-en-laboratoire","27":"product_tag-ko-tropfen-en-vrac","28":"product_tag-ko-tropfen-pour-recherche","29":"product_tag-ko-tropfen-prix","30":"product_tag-ko-tropfen-risques","31":"product_tag-ko-tropfen-usage-industriel","32":"product_tag-ko-tropfen-usage-securise","33":"product_tag-ou-acheter-ko-tropfen-en-ligne","34":"desktop-align-left","35":"tablet-align-left","36":"mobile-align-left","38":"first","39":"instock","40":"featured","41":"shipping-taxable","42":"purchasable","43":"product-type-variable","44":"has-default-attributes"},"yoast_head":"<!-- This site is optimized with the Yoast SEO plugin v26.9 - https:\/\/yoast.com\/product\/yoast-seo-wordpress\/ -->\n<title>Acheter KO-Tropfen en Ligne \u2013 Haute Qualit\u00e9 | GBLexprimer<\/title>\n<meta name=\"description\" content=\"Acheter KO-Tropfen en ligne, GBLExprimer est la meilleure boutique o\u00f9 acheter KO Tropfen Achats en ligne en ligne. Test\u00e9 en laboratoire, puret\u00e9 \u226599%, livraison rapide et prix comp\u00e9titifs. Commandez maintenant !\" \/>\n<meta name=\"robots\" content=\"index, follow, max-snippet:-1, max-image-preview:large, max-video-preview:-1\" \/>\n<link rel=\"canonical\" href=\"https:\/\/gblexprimer.com\/sv\/produkt\/ko-tropfen-online-shopping\/\" \/>\n<meta property=\"og:locale\" content=\"sv_SE\" \/>\n<meta property=\"og:type\" content=\"article\" \/>\n<meta property=\"og:title\" content=\"Acheter KO-Tropfen en Ligne \u2013 Haute Qualit\u00e9 | GBLexprimer\" \/>\n<meta property=\"og:description\" content=\"Acheter KO-Tropfen en ligne, GBLExprimer est la meilleure boutique o\u00f9 acheter KO Tropfen Achats en ligne en ligne. Test\u00e9 en laboratoire, puret\u00e9 \u226599%, livraison rapide et prix comp\u00e9titifs. Commandez maintenant !\" \/>\n<meta property=\"og:url\" content=\"https:\/\/gblexprimer.com\/sv\/produkt\/ko-tropfen-online-shopping\/\" \/>\n<meta property=\"og:site_name\" content=\"GBL Exprimer\" \/>\n<meta property=\"article:modified_time\" content=\"2026-04-08T09:06:31+00:00\" \/>\n<meta property=\"og:image\" content=\"https:\/\/gblexprimer.com\/wp-content\/uploads\/2023\/12\/KO-Tropfen-Kaufen-Online.jpg\" \/>\n\t<meta property=\"og:image:width\" content=\"600\" \/>\n\t<meta property=\"og:image:height\" content=\"600\" \/>\n\t<meta property=\"og:image:type\" content=\"image\/jpeg\" \/>\n<meta name=\"twitter:card\" content=\"summary_large_image\" \/>\n<meta name=\"twitter:label1\" content=\"Ber\u00e4knad l\u00e4stid\" \/>\n\t<meta name=\"twitter:data1\" content=\"2 minuter\" \/>\n<script type=\"application\/ld+json\" class=\"yoast-schema-graph\">{\"@context\":\"https:\/\/schema.org\",\"@graph\":[{\"@type\":\"WebPage\",\"@id\":\"https:\/\/gblexprimer.com\/product\/ko-tropfen-achats-en-ligne\/\",\"url\":\"https:\/\/gblexprimer.com\/product\/ko-tropfen-achats-en-ligne\/\",\"name\":\"Acheter KO-Tropfen en Ligne \u2013 Haute Qualit\u00e9 | GBLexprimer\",\"isPartOf\":{\"@id\":\"https:\/\/gblexprimer.com\/#website\"},\"primaryImageOfPage\":{\"@id\":\"https:\/\/gblexprimer.com\/product\/ko-tropfen-achats-en-ligne\/#primaryimage\"},\"image\":{\"@id\":\"https:\/\/gblexprimer.com\/product\/ko-tropfen-achats-en-ligne\/#primaryimage\"},\"thumbnailUrl\":\"https:\/\/gblexprimer.com\/wp-content\/uploads\/2023\/12\/KO-Tropfen-Kaufen-Online.jpg\",\"datePublished\":\"2023-12-26T07:26:40+00:00\",\"dateModified\":\"2026-04-08T09:06:31+00:00\",\"description\":\"Acheter KO-Tropfen en ligne, GBLExprimer est la meilleure boutique o\u00f9 acheter KO Tropfen Achats en ligne en ligne. Test\u00e9 en laboratoire, puret\u00e9 \u226599%, livraison rapide et prix comp\u00e9titifs. Commandez maintenant !\",\"breadcrumb\":{\"@id\":\"https:\/\/gblexprimer.com\/product\/ko-tropfen-achats-en-ligne\/#breadcrumb\"},\"inLanguage\":\"sv-SE\",\"potentialAction\":[{\"@type\":\"ReadAction\",\"target\":[\"https:\/\/gblexprimer.com\/product\/ko-tropfen-achats-en-ligne\/\"]}]},{\"@type\":\"ImageObject\",\"inLanguage\":\"sv-SE\",\"@id\":\"https:\/\/gblexprimer.com\/product\/ko-tropfen-achats-en-ligne\/#primaryimage\",\"url\":\"https:\/\/gblexprimer.com\/wp-content\/uploads\/2023\/12\/KO-Tropfen-Kaufen-Online.jpg\",\"contentUrl\":\"https:\/\/gblexprimer.com\/wp-content\/uploads\/2023\/12\/KO-Tropfen-Kaufen-Online.jpg\",\"width\":600,\"height\":600,\"caption\":\"Acheter KO Tropfen Achats en ligne Online\"},{\"@type\":\"BreadcrumbList\",\"@id\":\"https:\/\/gblexprimer.com\/product\/ko-tropfen-achats-en-ligne\/#breadcrumb\",\"itemListElement\":[{\"@type\":\"ListItem\",\"position\":1,\"name\":\"Home\",\"item\":\"https:\/\/gblexprimer.com\/\"},{\"@type\":\"ListItem\",\"position\":2,\"name\":\"Shop\",\"item\":\"https:\/\/gblexprimer.com\/shop\/\"},{\"@type\":\"ListItem\",\"position\":3,\"name\":\"Acheter KO Tropfen Achats en ligne Online\"}]},{\"@type\":\"WebSite\",\"@id\":\"https:\/\/gblexprimer.com\/#website\",\"url\":\"https:\/\/gblexprimer.com\/\",\"name\":\"GBL Exprimer\",\"description\":\"\",\"publisher\":{\"@id\":\"https:\/\/gblexprimer.com\/#organization\"},\"potentialAction\":[{\"@type\":\"SearchAction\",\"target\":{\"@type\":\"EntryPoint\",\"urlTemplate\":\"https:\/\/gblexprimer.com\/?s={search_term_string}\"},\"query-input\":{\"@type\":\"PropertyValueSpecification\",\"valueRequired\":true,\"valueName\":\"search_term_string\"}}],\"inLanguage\":\"sv-SE\"},{\"@type\":\"Organization\",\"@id\":\"https:\/\/gblexprimer.com\/#organization\",\"name\":\"GBL Exprimer\",\"url\":\"https:\/\/gblexprimer.com\/\",\"logo\":{\"@type\":\"ImageObject\",\"inLanguage\":\"sv-SE\",\"@id\":\"https:\/\/gblexprimer.com\/#\/schema\/logo\/image\/\",\"url\":\"https:\/\/gblexprimer.com\/wp-content\/uploads\/2024\/01\/logo.png\",\"contentUrl\":\"https:\/\/gblexprimer.com\/wp-content\/uploads\/2024\/01\/logo.png\",\"width\":220,\"height\":80,\"caption\":\"GBL Exprimer\"},\"image\":{\"@id\":\"https:\/\/gblexprimer.com\/#\/schema\/logo\/image\/\"}}]}<\/script>\n<!-- \/ Yoast SEO plugin. -->","yoast_head_json":{"title":"Acheter KO-Tropfen en Ligne \u2013 Haute Qualit\u00e9 | GBLexprimer","description":"K\u00f6p KO-Tropfen online, GBLExprimer \u00e4r den b\u00e4sta shoppen d\u00e4r du kan k\u00f6pa KO Tropfen Online Shopping online. Laboratorietestad, \u226599% renhet, snabb leverans och konkurrenskraftiga priser. Best\u00e4ll nu!","robots":{"index":"index","follow":"follow","max-snippet":"max-snippet:-1","max-image-preview":"max-image-preview:large","max-video-preview":"max-video-preview:-1"},"canonical":"https:\/\/gblexprimer.com\/sv\/produkt\/ko-tropfen-online-shopping\/","og_locale":"sv_SE","og_type":"article","og_title":"Acheter KO-Tropfen en Ligne \u2013 Haute Qualit\u00e9 | GBLexprimer","og_description":"Acheter KO-Tropfen en ligne, GBLExprimer est la meilleure boutique o\u00f9 acheter KO Tropfen Achats en ligne en ligne. Test\u00e9 en laboratoire, puret\u00e9 \u226599%, livraison rapide et prix comp\u00e9titifs. Commandez maintenant !","og_url":"https:\/\/gblexprimer.com\/sv\/produkt\/ko-tropfen-online-shopping\/","og_site_name":"GBL Exprimer","article_modified_time":"2026-04-08T09:06:31+00:00","og_image":[{"width":600,"height":600,"url":"https:\/\/gblexprimer.com\/wp-content\/uploads\/2023\/12\/KO-Tropfen-Kaufen-Online.jpg","type":"image\/jpeg"}],"twitter_card":"summary_large_image","twitter_misc":{"Ber\u00e4knad l\u00e4stid":"2 minuter"},"schema":{"@context":"https:\/\/schema.org","@graph":[{"@type":"WebPage","@id":"https:\/\/gblexprimer.com\/product\/ko-tropfen-achats-en-ligne\/","url":"https:\/\/gblexprimer.com\/product\/ko-tropfen-achats-en-ligne\/","name":"Acheter KO-Tropfen en Ligne \u2013 Haute Qualit\u00e9 | GBLexprimer","isPartOf":{"@id":"https:\/\/gblexprimer.com\/#website"},"primaryImageOfPage":{"@id":"https:\/\/gblexprimer.com\/product\/ko-tropfen-achats-en-ligne\/#primaryimage"},"image":{"@id":"https:\/\/gblexprimer.com\/product\/ko-tropfen-achats-en-ligne\/#primaryimage"},"thumbnailUrl":"https:\/\/gblexprimer.com\/wp-content\/uploads\/2023\/12\/KO-Tropfen-Kaufen-Online.jpg","datePublished":"2023-12-26T07:26:40+00:00","dateModified":"2026-04-08T09:06:31+00:00","description":"K\u00f6p KO-Tropfen online, GBLExprimer \u00e4r den b\u00e4sta shoppen d\u00e4r du kan k\u00f6pa KO Tropfen Online Shopping online. Laboratorietestad, \u226599% renhet, snabb leverans och konkurrenskraftiga priser. Best\u00e4ll nu!","breadcrumb":{"@id":"https:\/\/gblexprimer.com\/product\/ko-tropfen-achats-en-ligne\/#breadcrumb"},"inLanguage":"sv-SE","potentialAction":[{"@type":"ReadAction","target":["https:\/\/gblexprimer.com\/product\/ko-tropfen-achats-en-ligne\/"]}]},{"@type":"ImageObject","inLanguage":"sv-SE","@id":"https:\/\/gblexprimer.com\/product\/ko-tropfen-achats-en-ligne\/#primaryimage","url":"https:\/\/gblexprimer.com\/wp-content\/uploads\/2023\/12\/KO-Tropfen-Kaufen-Online.jpg","contentUrl":"https:\/\/gblexprimer.com\/wp-content\/uploads\/2023\/12\/KO-Tropfen-Kaufen-Online.jpg","width":600,"height":600,"caption":"Acheter KO Tropfen Achats en ligne Online"},{"@type":"BreadcrumbList","@id":"https:\/\/gblexprimer.com\/product\/ko-tropfen-achats-en-ligne\/#breadcrumb","itemListElement":[{"@type":"ListItem","position":1,"name":"Home","item":"https:\/\/gblexprimer.com\/"},{"@type":"ListItem","position":2,"name":"Shop","item":"https:\/\/gblexprimer.com\/shop\/"},{"@type":"ListItem","position":3,"name":"Acheter KO Tropfen Achats en ligne Online"}]},{"@type":"WebSite","@id":"https:\/\/gblexprimer.com\/#website","url":"https:\/\/gblexprimer.com\/","name":"GBL Express","description":"","publisher":{"@id":"https:\/\/gblexprimer.com\/#organization"},"potentialAction":[{"@type":"SearchAction","target":{"@type":"EntryPoint","urlTemplate":"https:\/\/gblexprimer.com\/?s={search_term_string}"},"query-input":{"@type":"PropertyValueSpecification","valueRequired":true,"valueName":"search_term_string"}}],"inLanguage":"sv-SE"},{"@type":"Organization","@id":"https:\/\/gblexprimer.com\/#organization","name":"GBL Express","url":"https:\/\/gblexprimer.com\/","logo":{"@type":"ImageObject","inLanguage":"sv-SE","@id":"https:\/\/gblexprimer.com\/#\/schema\/logo\/image\/","url":"https:\/\/gblexprimer.com\/wp-content\/uploads\/2024\/01\/logo.png","contentUrl":"https:\/\/gblexprimer.com\/wp-content\/uploads\/2024\/01\/logo.png","width":220,"height":80,"caption":"GBL Exprimer"},"image":{"@id":"https:\/\/gblexprimer.com\/#\/schema\/logo\/image\/"}}]}},"_links":{"self":[{"href":"https:\/\/gblexprimer.com\/sv\/wp-json\/wp\/v2\/product\/18","targetHints":{"allow":["GET"]}}],"collection":[{"href":"https:\/\/gblexprimer.com\/sv\/wp-json\/wp\/v2\/product"}],"about":[{"href":"https:\/\/gblexprimer.com\/sv\/wp-json\/wp\/v2\/types\/product"}],"replies":[{"embeddable":true,"href":"https:\/\/gblexprimer.com\/sv\/wp-json\/wp\/v2\/comments?post=18"}],"wp:featuredmedia":[{"embeddable":true,"href":"https:\/\/gblexprimer.com\/sv\/wp-json\/wp\/v2\/media\/104"}],"wp:attachment":[{"href":"https:\/\/gblexprimer.com\/sv\/wp-json\/wp\/v2\/media?parent=18"}],"wp:term":[{"taxonomy":"product_brand","embeddable":true,"href":"https:\/\/gblexprimer.com\/sv\/wp-json\/wp\/v2\/product_brand?post=18"},{"taxonomy":"product_cat","embeddable":true,"href":"https:\/\/gblexprimer.com\/sv\/wp-json\/wp\/v2\/product_cat?post=18"},{"taxonomy":"product_tag","embeddable":true,"href":"https:\/\/gblexprimer.com\/sv\/wp-json\/wp\/v2\/product_tag?post=18"}],"curies":[{"name":"wp","href":"https:\/\/api.w.org\/{rel}","templated":true}]}}