{"id":34,"date":"2023-12-26T07:26:40","date_gmt":"2023-12-26T07:26:40","guid":{"rendered":"https:\/\/cannasmed.com\/gbl\/?post_type=product&#038;p=34"},"modified":"2026-04-09T09:30:56","modified_gmt":"2026-04-09T09:30:56","slug":"valocordin-diazepam-tropfene-10-mg","status":"publish","type":"product","link":"https:\/\/gblexprimer.com\/sv\/produkt\/valocordin-diazepam-tropfene-10-mg\/","title":{"rendered":"K\u00f6p Valocordin Diazepam Tropfen 10 mg online"},"content":{"rendered":"<h2>Acheter Valocordin Diazepam Tropfen 10 mg en Ligne chez GBLexprimer \u2013 Haute Qualit\u00e9 et Test\u00e9 en Laboratoire<\/h2>\n<p>Letar du efter <a href=\"https:\/\/gblexprimer.com\/sv\/produkt\/valocordin-diazepam-tropfene-10-mg\/\"><strong>Valocordin Diazepam Tropfen 10 mg<\/strong><\/a> h\u00f6g kvalitet? P\u00e5 <strong>GBExpress<\/strong>vi erbjuder <strong>Valocordin Diazepam Tropfen 10 mg<\/strong> laboratorietestat med en <strong>garanterad renhet<\/strong> f\u00f6r dina forskningsbehov. Dra nytta av v\u00e5ra <strong>snabb leverans<\/strong>, <strong>konkurrenskraftiga priser<\/strong> och p\u00e5litlig service K\u00f6p Valocordin Diazepam Tropfen 10 mg\u00a0<a href=\"https:\/\/gblexpress.com\/ritalin\/\">.<\/a><\/p>\n<h4>Varf\u00f6r ska du k\u00f6pa Valocordin Diazepam Tropfen 10 mg fr\u00e5n GBLexprimer?<\/h4>\n<p>V\u00e5r <strong><a href=\"https:\/\/en.wikipedia.org\/wiki\/Diazepam\">Valocordin Diazepam<\/a> Tropfen 10 mg<\/strong> kommer fr\u00e5n p\u00e5litliga leverant\u00f6rer och genomg\u00e5r strikta kvalitetskontroller f\u00f6r att s\u00e4kerst\u00e4lla att de uppfyller h\u00f6gsta standard. <strong>GBExpress<\/strong> f\u00f6rser dig med h\u00f6gkvalitativa produkter f\u00f6r din forskning.<\/p>\n<p><strong>F\u00f6rdelar med Valocordin Diazepam Tropfen 10 mg<\/strong> :<\/p>\n<ul>\n<li><strong>Garanterad renhet<\/strong> : Test\u00e9 en laboratoire avec une puret\u00e9 <strong><a href=\"https:\/\/gblexprimer.com\/sv\/produkt\/valoron-n-tropfen-100-8-mg-tilidin-naloxon\/\">maximale pour des r\u00e9sultats<\/a><\/strong> fiables.<\/li>\n<li><strong>Snabb och s\u00e4ker leverans<\/strong> : Best\u00e4llningen behandlades snabbt och levererades s\u00e4kert.<\/li>\n<li><strong>\u00d6verkomliga priser<\/strong> : Vi erbjuder <strong>Valocordin Diazepam Tropfen<\/strong> kvalitet till konkurrenskraftiga priser.<\/li>\n<\/ul>\n<h4>Vad \u00e4r Valocordin Diazepam Tropfen 10 mg?<\/h4>\n<p>Den <strong>Valocordin Diazepam Tropfen 10 mg<\/strong> anv\u00e4nds fr\u00e4mst i vetenskapliga forskningsmilj\u00f6er f\u00f6r att studera diazepams effekter p\u00e5 det centrala nervsystemet. Dessa droppar \u00e4r utformade enbart f\u00f6r <strong>forskningsapplikationer<\/strong> och \u00e4r inte avsedda f\u00f6r m\u00e4nsklig konsumtion. <a href=\"https:\/\/gblexprimer.com\/sv\/\"><strong>GBlexpress<\/strong><\/a><\/p>\n<h4>Varf\u00f6r v\u00e4lja GBLexprimer?<\/h4>\n<ul>\n<li><strong>P\u00e5litlig leverant\u00f6r<\/strong> : Vi k\u00f6per endast produkter fr\u00e5n v\u00e4lrenommerade tillverkare.<\/li>\n<li><strong>Rigor\u00f6sa kontroller<\/strong> Varje parti av <strong>Valocordin Diazepam Tropfen 10 mg<\/strong> \u00e4r noggrant testade f\u00f6r att garantera dess kvalitet.<\/li>\n<li><strong>Kundn\u00f6jdhet<\/strong> Vi \u00e4r fast beslutna att tillhandah\u00e5lla exceptionell kundservice f\u00f6r att s\u00e4kerst\u00e4lla att din shoppingupplevelse blir den b\u00e4sta m\u00f6jliga.<\/li>\n<\/ul>\n<h4>Hur best\u00e4ller jag Valocordin Diazepam Tropfen 10 mg online?<\/h4>\n<p>Best\u00e4llning <strong>Valocordin Diazepam Tropfen 10 mg<\/strong> p\u00e5 <strong>GBExpress<\/strong> \u00e4r enkelt och s\u00e4kert. Bes\u00f6k v\u00e5r webbplats, v\u00e4lj den kvantitet du beh\u00f6ver och g\u00f6r din best\u00e4llning med bara n\u00e5gra f\u00e5 klick. Med v\u00e5ra <a href=\"https:\/\/www.drugs.com\/diazepam.html\"><strong>snabb leverans<\/strong><\/a> och <strong>diskret f\u00f6rpackning<\/strong>Du kan vara s\u00e4ker p\u00e5 att dina produkter kommer att anl\u00e4nda s\u00e4kert och i tid.<\/p>\n<p><strong>Best\u00e4ll nu fr\u00e5n GBLexprimer<\/strong> f\u00f6r att erh\u00e5lla <strong>Valocordin Diazepam Tropfen 10 mg<\/strong> till konkurrenskraftiga priser. Dra nytta av v\u00e5ra p\u00e5litliga produkter och v\u00e5r oklanderliga kundservice! <a href=\"https:\/\/gblexprimer.com\/sv\/produkt\/valocordin-diazepam-tropfene-10-mg\/\"><strong>Des achats sans tracas<\/strong><\/a><\/p>","protected":false},"excerpt":{"rendered":"<p><strong>Valocordin Diazepam Tropfen 10 mg<\/strong> \u00e4r ett l\u00e4kemedel som inneh\u00e5ller diazepam, ett \u00e5ngestd\u00e4mpande och lugnande medel i bensodiazepinklassen. Det anv\u00e4nds fr\u00e4mst f\u00f6r att behandla \u00e5ngest, s\u00f6mnst\u00f6rningar och muskelspasmer. Detta l\u00e4kemedel ska tas med f\u00f6rsiktighet p\u00e5 grund av dess kraftfulla effekter och risk f\u00f6r beroende.<\/p>\n<h4><strong>Indikationer:<\/strong><\/h4>\n<ul>\n<li>Behandling av \u00e5ngestsyndrom.<\/li>\n<li>S\u00f6mnl\u00f6shet av nerv\u00f6st ursprung.<\/li>\n<li>Muskelspasmer eller kraftiga muskelsp\u00e4nningar.<\/li>\n<\/ul>\n<h4><strong>Effekter :<\/strong><\/h4>\n<ul>\n<li>Snabbt lugnande och \u00e5ngestd\u00e4mpande effekt.<\/li>\n<li>Muskelavslappning.<\/li>\n<li>F\u00f6rb\u00e4ttrad s\u00f6mnkvalitet.<\/li>\n<\/ul>\n<h4><strong>Dosering :<\/strong><\/h4>\n<p>Doseringen varierar beroende p\u00e5 individuella behov. Den m\u00e5ste ordineras av en l\u00e4kare och f\u00f6ljas strikt f\u00f6r att undvika risken f\u00f6r o\u00f6nskade effekter eller beroende.<\/p>","protected":false},"featured_media":102,"comment_status":"open","ping_status":"closed","template":"","meta":{"site-sidebar-layout":"default","site-content-layout":"","ast-site-content-layout":"default","site-content-style":"default","site-sidebar-style":"default","ast-global-header-display":"","ast-banner-title-visibility":"","ast-main-header-display":"","ast-hfb-above-header-display":"","ast-hfb-below-header-display":"","ast-hfb-mobile-header-display":"","site-post-title":"","ast-breadcrumbs-content":"","ast-featured-img":"","footer-sml-layout":"","theme-transparent-header-meta":"default","adv-header-id-meta":"","stick-header-meta":"","header-above-stick-meta":"","header-main-stick-meta":"","header-below-stick-meta":"","astra-migrate-meta-layouts":"set","ast-page-background-enabled":"default","ast-page-background-meta":{"desktop":{"background-color":"","background-image":"","background-repeat":"repeat","background-position":"center center","background-size":"auto","background-attachment":"scroll","background-type":"","background-media":"","overlay-type":"","overlay-color":"","overlay-opacity":"","overlay-gradient":""},"tablet":{"background-color":"","background-image":"","background-repeat":"repeat","background-position":"center center","background-size":"auto","background-attachment":"scroll","background-type":"","background-media":"","overlay-type":"","overlay-color":"","overlay-opacity":"","overlay-gradient":""},"mobile":{"background-color":"","background-image":"","background-repeat":"repeat","background-position":"center center","background-size":"auto","background-attachment":"scroll","background-type":"","background-media":"","overlay-type":"","overlay-color":"","overlay-opacity":"","overlay-gradient":""}},"ast-content-background-meta":{"desktop":{"background-color":"var(--ast-global-color-5)","background-image":"","background-repeat":"repeat","background-position":"center center","background-size":"auto","background-attachment":"scroll","background-type":"","background-media":"","overlay-type":"","overlay-color":"","overlay-opacity":"","overlay-gradient":""},"tablet":{"background-color":"var(--ast-global-color-5)","background-image":"","background-repeat":"repeat","background-position":"center center","background-size":"auto","background-attachment":"scroll","background-type":"","background-media":"","overlay-type":"","overlay-color":"","overlay-opacity":"","overlay-gradient":""},"mobile":{"background-color":"var(--ast-global-color-5)","background-image":"","background-repeat":"repeat","background-position":"center center","background-size":"auto","background-attachment":"scroll","background-type":"","background-media":"","overlay-type":"","overlay-color":"","overlay-opacity":"","overlay-gradient":""}},"_joinchat":[]},"product_brand":[],"product_cat":[84],"product_tag":[469,482,474,483,478,481,470,487,472,480,473,471,485,479,477,476,475,484,468,486],"class_list":{"0":"post-34","1":"product","2":"type-product","3":"status-publish","4":"has-post-thumbnail","6":"product_cat-ko-drops","7":"product_tag-acheter-valocordin-diazepam-tropfen","8":"product_tag-analyse-de-valocordin-diazepam","9":"product_tag-application-de-valocordin-diazepam","10":"product_tag-chimie-de-valocordin-diazepam","11":"product_tag-disponibilite-de-valocordin-diazepam","12":"product_tag-distribution-de-valocordin-diazepam","13":"product_tag-fournisseur-de-valocordin-diazepam-tropfen","14":"product_tag-laboratoire-de-recherche-valocordin-diazepam","15":"product_tag-laboratoire-valocordin-diazepam","16":"product_tag-marche-de-valocordin-diazepam","17":"product_tag-prix-de-valocordin-diazepam-tropfen","18":"product_tag-recherche-sur-valocordin-diazepam","19":"product_tag-reference-materiel-valocordin-diazepam","20":"product_tag-reglementations-valocordin-diazepam","21":"product_tag-risques-de-valocordin-diazepam-tropfen","22":"product_tag-securite-de-valocordin-diazepam","23":"product_tag-stockage-de-valocordin-diazepam-tropfen","24":"product_tag-substance-valocordin-diazepam","25":"product_tag-valocordin-diazepam-tropfen-10-mg","26":"product_tag-vente-en-gros-valocordin-diazepam","27":"desktop-align-left","28":"tablet-align-left","29":"mobile-align-left","31":"first","32":"instock","33":"shipping-taxable","34":"purchasable","35":"product-type-variable","36":"has-default-attributes"},"yoast_head":"<!-- This site is optimized with the Yoast SEO plugin v26.9 - https:\/\/yoast.com\/product\/yoast-seo-wordpress\/ -->\n<title>Acheter Valocordin Diazepam Gouttes 10 mg en ligne | Gblexprimer<\/title>\n<meta name=\"description\" content=\"Les gouttes Valocordin Diazepam contiennent du diaz\u00e9pam, une benzodiaz\u00e9pine utilis\u00e9e pour g\u00e9rer l&#039;anxi\u00e9t\u00e9, les spasmes musculaires et certaines affections neurologiques. Il agit sur le syst\u00e8me nerveux central pour produire des effets apaisants.\" \/>\n<meta name=\"robots\" content=\"index, follow, max-snippet:-1, max-image-preview:large, max-video-preview:-1\" \/>\n<link rel=\"canonical\" href=\"https:\/\/gblexprimer.com\/sv\/produkt\/valocordin-diazepam-tropfene-10-mg\/\" \/>\n<meta property=\"og:locale\" content=\"sv_SE\" \/>\n<meta property=\"og:type\" content=\"article\" \/>\n<meta property=\"og:title\" content=\"Acheter Valocordin Diazepam Gouttes 10 mg en ligne | Gblexprimer\" \/>\n<meta property=\"og:description\" content=\"Les gouttes Valocordin Diazepam contiennent du diaz\u00e9pam, une benzodiaz\u00e9pine utilis\u00e9e pour g\u00e9rer l&#039;anxi\u00e9t\u00e9, les spasmes musculaires et certaines affections neurologiques. Il agit sur le syst\u00e8me nerveux central pour produire des effets apaisants.\" \/>\n<meta property=\"og:url\" content=\"https:\/\/gblexprimer.com\/sv\/produkt\/valocordin-diazepam-tropfene-10-mg\/\" \/>\n<meta property=\"og:site_name\" content=\"GBL Exprimer\" \/>\n<meta property=\"article:modified_time\" content=\"2026-04-09T09:30:56+00:00\" \/>\n<meta property=\"og:image\" content=\"https:\/\/gblexprimer.com\/wp-content\/uploads\/2023\/12\/Valocordin-Diazepam-Tropfen-10-mg.jpg\" \/>\n\t<meta property=\"og:image:width\" content=\"600\" \/>\n\t<meta property=\"og:image:height\" content=\"600\" \/>\n\t<meta property=\"og:image:type\" content=\"image\/jpeg\" \/>\n<meta name=\"twitter:card\" content=\"summary_large_image\" \/>\n<meta name=\"twitter:label1\" content=\"Ber\u00e4knad l\u00e4stid\" \/>\n\t<meta name=\"twitter:data1\" content=\"2 minuter\" \/>\n<script type=\"application\/ld+json\" class=\"yoast-schema-graph\">{\"@context\":\"https:\/\/schema.org\",\"@graph\":[{\"@type\":\"WebPage\",\"@id\":\"https:\/\/gblexprimer.com\/product\/valocordin-diazepam-tropfene-10-mg\/\",\"url\":\"https:\/\/gblexprimer.com\/product\/valocordin-diazepam-tropfene-10-mg\/\",\"name\":\"Acheter Valocordin Diazepam Gouttes 10 mg en ligne | Gblexprimer\",\"isPartOf\":{\"@id\":\"https:\/\/gblexprimer.com\/#website\"},\"primaryImageOfPage\":{\"@id\":\"https:\/\/gblexprimer.com\/product\/valocordin-diazepam-tropfene-10-mg\/#primaryimage\"},\"image\":{\"@id\":\"https:\/\/gblexprimer.com\/product\/valocordin-diazepam-tropfene-10-mg\/#primaryimage\"},\"thumbnailUrl\":\"https:\/\/gblexprimer.com\/wp-content\/uploads\/2023\/12\/Valocordin-Diazepam-Tropfen-10-mg.jpg\",\"datePublished\":\"2023-12-26T07:26:40+00:00\",\"dateModified\":\"2026-04-09T09:30:56+00:00\",\"description\":\"Les gouttes Valocordin Diazepam contiennent du diaz\u00e9pam, une benzodiaz\u00e9pine utilis\u00e9e pour g\u00e9rer l'anxi\u00e9t\u00e9, les spasmes musculaires et certaines affections neurologiques. Il agit sur le syst\u00e8me nerveux central pour produire des effets apaisants.\",\"breadcrumb\":{\"@id\":\"https:\/\/gblexprimer.com\/product\/valocordin-diazepam-tropfene-10-mg\/#breadcrumb\"},\"inLanguage\":\"sv-SE\",\"potentialAction\":[{\"@type\":\"ReadAction\",\"target\":[\"https:\/\/gblexprimer.com\/product\/valocordin-diazepam-tropfene-10-mg\/\"]}]},{\"@type\":\"ImageObject\",\"inLanguage\":\"sv-SE\",\"@id\":\"https:\/\/gblexprimer.com\/product\/valocordin-diazepam-tropfene-10-mg\/#primaryimage\",\"url\":\"https:\/\/gblexprimer.com\/wp-content\/uploads\/2023\/12\/Valocordin-Diazepam-Tropfen-10-mg.jpg\",\"contentUrl\":\"https:\/\/gblexprimer.com\/wp-content\/uploads\/2023\/12\/Valocordin-Diazepam-Tropfen-10-mg.jpg\",\"width\":600,\"height\":600,\"caption\":\"Acheter Valocordin Diaz\u00e9pam Tropf\u00e8ne 10 mg en ligne\"},{\"@type\":\"BreadcrumbList\",\"@id\":\"https:\/\/gblexprimer.com\/product\/valocordin-diazepam-tropfene-10-mg\/#breadcrumb\",\"itemListElement\":[{\"@type\":\"ListItem\",\"position\":1,\"name\":\"Home\",\"item\":\"https:\/\/gblexprimer.com\/\"},{\"@type\":\"ListItem\",\"position\":2,\"name\":\"Shop\",\"item\":\"https:\/\/gblexprimer.com\/shop\/\"},{\"@type\":\"ListItem\",\"position\":3,\"name\":\"Acheter Valocordin Diaz\u00e9pam Tropf\u00e8ne 10 mg en ligne\"}]},{\"@type\":\"WebSite\",\"@id\":\"https:\/\/gblexprimer.com\/#website\",\"url\":\"https:\/\/gblexprimer.com\/\",\"name\":\"GBL Exprimer\",\"description\":\"\",\"publisher\":{\"@id\":\"https:\/\/gblexprimer.com\/#organization\"},\"potentialAction\":[{\"@type\":\"SearchAction\",\"target\":{\"@type\":\"EntryPoint\",\"urlTemplate\":\"https:\/\/gblexprimer.com\/?s={search_term_string}\"},\"query-input\":{\"@type\":\"PropertyValueSpecification\",\"valueRequired\":true,\"valueName\":\"search_term_string\"}}],\"inLanguage\":\"sv-SE\"},{\"@type\":\"Organization\",\"@id\":\"https:\/\/gblexprimer.com\/#organization\",\"name\":\"GBL Exprimer\",\"url\":\"https:\/\/gblexprimer.com\/\",\"logo\":{\"@type\":\"ImageObject\",\"inLanguage\":\"sv-SE\",\"@id\":\"https:\/\/gblexprimer.com\/#\/schema\/logo\/image\/\",\"url\":\"https:\/\/gblexprimer.com\/wp-content\/uploads\/2024\/01\/logo.png\",\"contentUrl\":\"https:\/\/gblexprimer.com\/wp-content\/uploads\/2024\/01\/logo.png\",\"width\":220,\"height\":80,\"caption\":\"GBL Exprimer\"},\"image\":{\"@id\":\"https:\/\/gblexprimer.com\/#\/schema\/logo\/image\/\"}}]}<\/script>\n<!-- \/ Yoast SEO plugin. -->","yoast_head_json":{"title":"Acheter Valocordin Diazepam Gouttes 10 mg en ligne | Gblexprimer","description":"Les gouttes Valocordin Diazepam contiennent du diaz\u00e9pam, une benzodiaz\u00e9pine utilis\u00e9e pour g\u00e9rer l'anxi\u00e9t\u00e9, les spasmes musculaires et certaines affections neurologiques. Il agit sur le syst\u00e8me nerveux central pour produire des effets apaisants.","robots":{"index":"index","follow":"follow","max-snippet":"max-snippet:-1","max-image-preview":"max-image-preview:large","max-video-preview":"max-video-preview:-1"},"canonical":"https:\/\/gblexprimer.com\/sv\/produkt\/valocordin-diazepam-tropfene-10-mg\/","og_locale":"sv_SE","og_type":"article","og_title":"Acheter Valocordin Diazepam Gouttes 10 mg en ligne | Gblexprimer","og_description":"Les gouttes Valocordin Diazepam contiennent du diaz\u00e9pam, une benzodiaz\u00e9pine utilis\u00e9e pour g\u00e9rer l'anxi\u00e9t\u00e9, les spasmes musculaires et certaines affections neurologiques. Il agit sur le syst\u00e8me nerveux central pour produire des effets apaisants.","og_url":"https:\/\/gblexprimer.com\/sv\/produkt\/valocordin-diazepam-tropfene-10-mg\/","og_site_name":"GBL Exprimer","article_modified_time":"2026-04-09T09:30:56+00:00","og_image":[{"width":600,"height":600,"url":"https:\/\/gblexprimer.com\/wp-content\/uploads\/2023\/12\/Valocordin-Diazepam-Tropfen-10-mg.jpg","type":"image\/jpeg"}],"twitter_card":"summary_large_image","twitter_misc":{"Ber\u00e4knad l\u00e4stid":"2 minuter"},"schema":{"@context":"https:\/\/schema.org","@graph":[{"@type":"WebPage","@id":"https:\/\/gblexprimer.com\/product\/valocordin-diazepam-tropfene-10-mg\/","url":"https:\/\/gblexprimer.com\/product\/valocordin-diazepam-tropfene-10-mg\/","name":"Acheter Valocordin Diazepam Gouttes 10 mg en ligne | Gblexprimer","isPartOf":{"@id":"https:\/\/gblexprimer.com\/#website"},"primaryImageOfPage":{"@id":"https:\/\/gblexprimer.com\/product\/valocordin-diazepam-tropfene-10-mg\/#primaryimage"},"image":{"@id":"https:\/\/gblexprimer.com\/product\/valocordin-diazepam-tropfene-10-mg\/#primaryimage"},"thumbnailUrl":"https:\/\/gblexprimer.com\/wp-content\/uploads\/2023\/12\/Valocordin-Diazepam-Tropfen-10-mg.jpg","datePublished":"2023-12-26T07:26:40+00:00","dateModified":"2026-04-09T09:30:56+00:00","description":"Les gouttes Valocordin Diazepam contiennent du diaz\u00e9pam, une benzodiaz\u00e9pine utilis\u00e9e pour g\u00e9rer l'anxi\u00e9t\u00e9, les spasmes musculaires et certaines affections neurologiques. Il agit sur le syst\u00e8me nerveux central pour produire des effets apaisants.","breadcrumb":{"@id":"https:\/\/gblexprimer.com\/product\/valocordin-diazepam-tropfene-10-mg\/#breadcrumb"},"inLanguage":"sv-SE","potentialAction":[{"@type":"ReadAction","target":["https:\/\/gblexprimer.com\/product\/valocordin-diazepam-tropfene-10-mg\/"]}]},{"@type":"ImageObject","inLanguage":"sv-SE","@id":"https:\/\/gblexprimer.com\/product\/valocordin-diazepam-tropfene-10-mg\/#primaryimage","url":"https:\/\/gblexprimer.com\/wp-content\/uploads\/2023\/12\/Valocordin-Diazepam-Tropfen-10-mg.jpg","contentUrl":"https:\/\/gblexprimer.com\/wp-content\/uploads\/2023\/12\/Valocordin-Diazepam-Tropfen-10-mg.jpg","width":600,"height":600,"caption":"Acheter Valocordin Diaz\u00e9pam Tropf\u00e8ne 10 mg en ligne"},{"@type":"BreadcrumbList","@id":"https:\/\/gblexprimer.com\/product\/valocordin-diazepam-tropfene-10-mg\/#breadcrumb","itemListElement":[{"@type":"ListItem","position":1,"name":"Home","item":"https:\/\/gblexprimer.com\/"},{"@type":"ListItem","position":2,"name":"Shop","item":"https:\/\/gblexprimer.com\/shop\/"},{"@type":"ListItem","position":3,"name":"Acheter Valocordin Diaz\u00e9pam Tropf\u00e8ne 10 mg en ligne"}]},{"@type":"WebSite","@id":"https:\/\/gblexprimer.com\/#website","url":"https:\/\/gblexprimer.com\/","name":"GBL Express","description":"","publisher":{"@id":"https:\/\/gblexprimer.com\/#organization"},"potentialAction":[{"@type":"SearchAction","target":{"@type":"EntryPoint","urlTemplate":"https:\/\/gblexprimer.com\/?s={search_term_string}"},"query-input":{"@type":"PropertyValueSpecification","valueRequired":true,"valueName":"search_term_string"}}],"inLanguage":"sv-SE"},{"@type":"Organization","@id":"https:\/\/gblexprimer.com\/#organization","name":"GBL Express","url":"https:\/\/gblexprimer.com\/","logo":{"@type":"ImageObject","inLanguage":"sv-SE","@id":"https:\/\/gblexprimer.com\/#\/schema\/logo\/image\/","url":"https:\/\/gblexprimer.com\/wp-content\/uploads\/2024\/01\/logo.png","contentUrl":"https:\/\/gblexprimer.com\/wp-content\/uploads\/2024\/01\/logo.png","width":220,"height":80,"caption":"GBL Exprimer"},"image":{"@id":"https:\/\/gblexprimer.com\/#\/schema\/logo\/image\/"}}]}},"_links":{"self":[{"href":"https:\/\/gblexprimer.com\/sv\/wp-json\/wp\/v2\/product\/34","targetHints":{"allow":["GET"]}}],"collection":[{"href":"https:\/\/gblexprimer.com\/sv\/wp-json\/wp\/v2\/product"}],"about":[{"href":"https:\/\/gblexprimer.com\/sv\/wp-json\/wp\/v2\/types\/product"}],"replies":[{"embeddable":true,"href":"https:\/\/gblexprimer.com\/sv\/wp-json\/wp\/v2\/comments?post=34"}],"wp:featuredmedia":[{"embeddable":true,"href":"https:\/\/gblexprimer.com\/sv\/wp-json\/wp\/v2\/media\/102"}],"wp:attachment":[{"href":"https:\/\/gblexprimer.com\/sv\/wp-json\/wp\/v2\/media?parent=34"}],"wp:term":[{"taxonomy":"product_brand","embeddable":true,"href":"https:\/\/gblexprimer.com\/sv\/wp-json\/wp\/v2\/product_brand?post=34"},{"taxonomy":"product_cat","embeddable":true,"href":"https:\/\/gblexprimer.com\/sv\/wp-json\/wp\/v2\/product_cat?post=34"},{"taxonomy":"product_tag","embeddable":true,"href":"https:\/\/gblexprimer.com\/sv\/wp-json\/wp\/v2\/product_tag?post=34"}],"curies":[{"name":"wp","href":"https:\/\/api.w.org\/{rel}","templated":true}]}}