{"id":36,"date":"2023-12-26T07:26:41","date_gmt":"2023-12-26T07:26:41","guid":{"rendered":"https:\/\/cannasmed.com\/gbl\/?post_type=product&#038;p=36"},"modified":"2026-04-11T07:17:55","modified_gmt":"2026-04-11T07:17:55","slug":"himmel-ren-ecstasy-500-mg-%ce%b3-hydroxysmorsyra-ghb","status":"publish","type":"product","link":"https:\/\/gblexprimer.com\/sv\/produkt\/himmel-ren-ecstasy-500-mg-%ce%b3-hydroxysmorsyra-ghb\/","title":{"rendered":"Heaven Pure Ecstasy 500 mg \u03b3-hydroxism\u00f6rsyra (GHB)"},"content":{"rendered":"<div class=\"ds-markdown\">\n<h2 class=\"ds-markdown-paragraph\">Achetez du Heaven Pure Ecstasy 500mg (GHB) en ligne \u2013 Puret\u00e9 de qualit\u00e9, S\u00e9curit\u00e9 de confiance<\/h2>\n<p class=\"ds-markdown-paragraph\"><a href=\"https:\/\/gblexprimer.com\/sv\/produktkategori\/ghb\/\"><strong>Best\u00e4ll Heaven Pure Ecstasy (GHB) online<\/strong><\/a>Uppt\u00e4ck den rena essensen av avslappning och eufori med Heaven Pure Ecstasy (GHB) \u2013 en premium gamma-hydroxibutyratl\u00f6sning som \u00e4r eftertraktad f\u00f6r sina unika lugnande och hum\u00f6rh\u00f6jande effekter. Oavsett om du vill best\u00e4lla Heaven Pure Ecstasy (GHB) online f\u00f6r personligt bruk eller utforska alternativ f\u00f6r rekreation, \u00e4r det avg\u00f6rande att f\u00f6rst\u00e5 vad som skiljer den h\u00e4r produkten fr\u00e5n m\u00e4ngden och hur man navigerar p\u00e5 marknaden p\u00e5 ett ansvarsfullt s\u00e4tt.<\/p>\n<h3 class=\"ds-markdown-paragraph\">Vad \u00e4r Heaven Pure Ecstasy (GHB) Best\u00e4ll Heaven Pure Ecstasy (GHB) online?<\/h3>\n<p class=\"ds-markdown-paragraph\">Le <strong>Heaven Pure Ecstasy (GHB)<\/strong> \u00e4r en mycket raffinerad form av gamma-hydroxibutyrat, k\u00e4nd f\u00f6r sin f\u00f6rm\u00e5ga att framkalla djup avslappning, fr\u00e4mja s\u00e4llskaplighet och f\u00f6rb\u00e4ttra sensoriska upplevelser. Denna substans \u00e4r allm\u00e4nt erk\u00e4nd i wellness- och rekreationskretsar och uppskattas f\u00f6r sin snabba verkan och milda effekter.<\/p>\n<p class=\"ds-markdown-paragraph\">Sa popularit\u00e9 d\u00e9coule de ses propri\u00e9t\u00e9s \u00e0 la <a href=\"https:\/\/gblexprimer.com\/sv\/produkt\/hjaltinna\/\">fois euphorisantes<\/a> et s\u00e9datives, souvent utilis\u00e9es en environnements contr\u00f4l\u00e9s pour se d\u00e9tendre ou am\u00e9liorer l&rsquo;humeur<a href=\"https:\/\/nembutalboutique.com\/\">.<\/a><\/p>\n<h3 class=\"ds-markdown-paragraph\">F\u00f6rst\u00e5 GHB: Kemisk natur och effekter<\/h3>\n<p class=\"ds-markdown-paragraph\">GHB finns naturligt i m\u00e4nniskokroppen och fungerar som ett depressivt medel i det centrala nervsystemet. N\u00e4r det anv\u00e4nds p\u00e5 ett ansvarsfullt s\u00e4tt <strong>Heaven Pure Ecstasy (GHB)<\/strong> kan fr\u00e4mja lugn, \u00f6kad njutning och minskad \u00e5ngest.<\/p>\n<p class=\"ds-markdown-paragraph\">Det \u00e4r dock viktigt att vara medveten om att ol\u00e4mplig anv\u00e4ndning medf\u00f6r risker som sedering, f\u00f6rs\u00e4mrad koordination eller allvarligare effekter vid h\u00f6ga doser.<\/p>\n<h3 class=\"ds-markdown-paragraph\">Juridisk status: Ta reda p\u00e5 det innan du k\u00f6per<\/h3>\n<p class=\"ds-markdown-paragraph\">Lagstiftningen avseende <a href=\"https:\/\/en.wikipedia.org\/wiki\/%CE%93-Hydroxybutyric_acid\"><strong>GHB<\/strong><\/a> varierar avsev\u00e4rt fr\u00e5n region till region. I vissa omr\u00e5den klassificeras det som en kontrollerad substans p\u00e5 grund av dess missbrukspotential. Innan du k\u00f6per Heaven Pure Ecstasy (GHB) online, se till att du f\u00f6rst\u00e5r din lokala r\u00e4ttsliga ram f\u00f6r att undvika juridiska komplikationer.<\/p>\n<p class=\"ds-markdown-paragraph\">Ansvarsfullt ink\u00f6p inneb\u00e4r att alla lokala best\u00e4mmelser och restriktioner f\u00f6ljs.<\/p>\n<h3 class=\"ds-markdown-paragraph\">Riskerna med att k\u00f6pa GHB online: Vad du beh\u00f6ver vara medveten om<\/h3>\n<p class=\"ds-markdown-paragraph\">Onlinemarknaden erbjuder bekv\u00e4mlighet men inneb\u00e4r ocks\u00e5 risker. De st\u00f6rsta problemen n\u00e4r du k\u00f6per GHB online \u00e4r f\u00f6rfalskade produkter, f\u00f6rorenade partier och op\u00e5litliga s\u00e4ljare. S\u00e5dana produkter kanske inte bara misslyckas med att producera de \u00f6nskade effekterna utan kan ocks\u00e5 riskera din h\u00e4lsa.<\/p>\n<p class=\"ds-markdown-paragraph\">Leta alltid efter seri\u00f6sa s\u00e4ljare som ger transparent information om sina produkter och sin kundservice.<\/p>\n<h4 class=\"ds-markdown-paragraph\">Hur du h\u00e5ller dig s\u00e4ker n\u00e4r du best\u00e4ller Heaven Pure Ecstasy (GHB) online<\/h4>\n<ul>\n<li>\n<p class=\"ds-markdown-paragraph\">Kontrollera k\u00e4llan: V\u00e4lj s\u00e4ljare med verifierade recensioner och tydliga kontaktuppgifter.<\/p>\n<\/li>\n<li>\n<p class=\"ds-markdown-paragraph\">Kontrollera produktens renhet: Leta efter laboratorietestade produkter eller \u00e4kthetsgarantier.<\/p>\n<\/li>\n<li>\n<p class=\"ds-markdown-paragraph\">F\u00f6rst\u00e5 dosering: b\u00f6rja med den minsta effektiva m\u00e4ngden och blanda aldrig med andra \u00e4mnen.<\/p>\n<\/li>\n<li>\n<p class=\"ds-markdown-paragraph\">Minska riskerna: Anv\u00e4nd i s\u00e4kra milj\u00f6er, helst med betrodda personer i n\u00e4rheten.<\/p>\n<\/li>\n<\/ul>\n<h4 class=\"ds-markdown-paragraph\">Alternativ och st\u00f6d<\/h4>\n<p class=\"ds-markdown-paragraph\">Om du utforskar kosttillskott f\u00f6r att f\u00f6rb\u00e4ttra hum\u00f6ret eller koppla av, finns det s\u00e4krare och lagliga alternativ. \u00d6verv\u00e4g att konsultera v\u00e5rdpersonal f\u00f6r att f\u00e5 r\u00e5d om r\u00e4tt kosttillskott eller behandlingar f\u00f6r dina behov. F\u00f6r dem som har problem med substansanv\u00e4ndning finns det m\u00e5nga st\u00f6dgrupper och resurser som erbjuder konfidentiell hj\u00e4lp och r\u00e5dgivning. <a href=\"https:\/\/gblexprimer.com\/sv\/\"><strong>GBLExpress<\/strong><\/a><\/p>\n<p class=\"ds-markdown-paragraph\">Varf\u00f6r v\u00e4lja oss som det b\u00e4sta st\u00e4llet att k\u00f6pa Heaven Pure Ecstasy (GHB) p\u00e5?<\/p>\n<p class=\"ds-markdown-paragraph\">Vi s\u00e4tter din s\u00e4kerhet och tillfredsst\u00e4llelse i f\u00f6rsta rummet genom att erbjuda :<\/p>\n<ul>\n<li>\n<p class=\"ds-markdown-paragraph\">Ren Heaven Pure Ecstasy (GHB) av h\u00f6gsta kvalitet, testad f\u00f6r renhet och styrka<\/p>\n<\/li>\n<li>\n<p class=\"ds-markdown-paragraph\">Konkurrenskraftiga, l\u00e5ga priser p\u00e5 Heaven Pure Ecstasy (GHB) utan att kompromissa med kvaliteten<\/p>\n<\/li>\n<li>\n<p class=\"ds-markdown-paragraph\">En s\u00e4ker och diskret best\u00e4llningsprocess med p\u00e5litlig leverans \u00f6ver hela v\u00e4rlden<\/p>\n<\/li>\n<li>\n<p class=\"ds-markdown-paragraph\">Kundtj\u00e4nst med experter som \u00e4r redo att hj\u00e4lpa till med alla fr\u00e5gor och problem<\/p>\n<\/li>\n<\/ul>\n<h5 class=\"ds-markdown-paragraph\">Slutsats<\/h5>\n<p class=\"ds-markdown-paragraph\">Att v\u00e4lja att k\u00f6pa Heaven Pure Ecstasy (GHB) online b\u00f6r alltid g\u00f6ras med full medvetenhet och f\u00f6rsiktighet. V\u00e5rt uppdrag \u00e4r att tillhandah\u00e5lla en p\u00e5litlig plattform d\u00e4r du s\u00e4kert kan f\u00e5 tillg\u00e5ng till premiumprodukter samtidigt som du \u00e4r informerad om risker och ansvarsfull anv\u00e4ndning. Utforska v\u00e5rt urval nu och uppt\u00e4ck de lugnande f\u00f6rdelarna med Heaven Pure Ecstasy med f\u00f6rtroende.<\/p>\n<p class=\"ds-markdown-paragraph\">Best\u00e4ll Heaven Pure Ecstasy (GHB) online idag - eftersom din s\u00e4kerhet och tillfredsst\u00e4llelse kommer f\u00f6rst.<\/p>\n<\/div>","protected":false},"excerpt":{"rendered":"<p>\u03b3-hydroxism\u00f6rsyra, \u00e4ven k\u00e4nd som gamma-hydroxism\u00f6rsyra, GHB eller 4-hydroxibutansyra, \u00e4r en naturlig neurotransmittor och ett depressivt l\u00e4kemedel. Det \u00e4r en f\u00f6reg\u00e5ngare till GABA, glutamat och glycin i vissa delar av hj\u00e4rnan. Det verkar p\u00e5 GHB-receptorn och \u00e4r en svag agonist f\u00f6r GABAB-receptorn. GHB har anv\u00e4nts inom medicinen som ett allm\u00e4nt anestetikum och som behandling av kataplexi, narkolepsi och alkoholism.<\/p>","protected":false},"featured_media":99,"comment_status":"open","ping_status":"closed","template":"","meta":{"site-sidebar-layout":"default","site-content-layout":"","ast-site-content-layout":"default","site-content-style":"default","site-sidebar-style":"default","ast-global-header-display":"","ast-banner-title-visibility":"","ast-main-header-display":"","ast-hfb-above-header-display":"","ast-hfb-below-header-display":"","ast-hfb-mobile-header-display":"","site-post-title":"","ast-breadcrumbs-content":"","ast-featured-img":"","footer-sml-layout":"","theme-transparent-header-meta":"default","adv-header-id-meta":"","stick-header-meta":"","header-above-stick-meta":"","header-main-stick-meta":"","header-below-stick-meta":"","astra-migrate-meta-layouts":"set","ast-page-background-enabled":"default","ast-page-background-meta":{"desktop":{"background-color":"","background-image":"","background-repeat":"repeat","background-position":"center center","background-size":"auto","background-attachment":"scroll","background-type":"","background-media":"","overlay-type":"","overlay-color":"","overlay-opacity":"","overlay-gradient":""},"tablet":{"background-color":"","background-image":"","background-repeat":"repeat","background-position":"center center","background-size":"auto","background-attachment":"scroll","background-type":"","background-media":"","overlay-type":"","overlay-color":"","overlay-opacity":"","overlay-gradient":""},"mobile":{"background-color":"","background-image":"","background-repeat":"repeat","background-position":"center center","background-size":"auto","background-attachment":"scroll","background-type":"","background-media":"","overlay-type":"","overlay-color":"","overlay-opacity":"","overlay-gradient":""}},"ast-content-background-meta":{"desktop":{"background-color":"var(--ast-global-color-5)","background-image":"","background-repeat":"repeat","background-position":"center center","background-size":"auto","background-attachment":"scroll","background-type":"","background-media":"","overlay-type":"","overlay-color":"","overlay-opacity":"","overlay-gradient":""},"tablet":{"background-color":"var(--ast-global-color-5)","background-image":"","background-repeat":"repeat","background-position":"center center","background-size":"auto","background-attachment":"scroll","background-type":"","background-media":"","overlay-type":"","overlay-color":"","overlay-opacity":"","overlay-gradient":""},"mobile":{"background-color":"var(--ast-global-color-5)","background-image":"","background-repeat":"repeat","background-position":"center center","background-size":"auto","background-attachment":"scroll","background-type":"","background-media":"","overlay-type":"","overlay-color":"","overlay-opacity":"","overlay-gradient":""}},"_joinchat":[]},"product_brand":[],"product_cat":[18],"product_tag":[],"class_list":{"0":"post-36","1":"product","2":"type-product","3":"status-publish","4":"has-post-thumbnail","6":"product_cat-ghb","7":"desktop-align-left","8":"tablet-align-left","9":"mobile-align-left","11":"first","12":"instock","13":"shipping-taxable","14":"purchasable","15":"product-type-variable","16":"has-default-attributes"},"yoast_head":"<!-- This site is optimized with the Yoast SEO plugin v26.9 - https:\/\/yoast.com\/product\/yoast-seo-wordpress\/ -->\n<title>Acheter de l&#039;acide gamma-hydroxybutyrique (GHB) 500mg en ligne<\/title>\n<meta name=\"description\" content=\"L&#039;acide gamma-hydroxybutyrique (GHB) est un d\u00e9presseur du syst\u00e8me nerveux central qui poss\u00e8de \u00e0 la fois des d\u00e9riv\u00e9s \u00e0 usage m\u00e9dical et des usages r\u00e9cr\u00e9atifs illicites. Il pr\u00e9sente des risques importants, notamment la s\u00e9dation, la d\u00e9pression respiratoire et la d\u00e9pendance.\" \/>\n<meta name=\"robots\" content=\"index, follow, max-snippet:-1, max-image-preview:large, max-video-preview:-1\" \/>\n<link rel=\"canonical\" href=\"https:\/\/gblexprimer.com\/sv\/produkt\/himmel-ren-ecstasy-500-mg-\u03b3-hydroxysmorsyra-ghb\/\" \/>\n<meta property=\"og:locale\" content=\"sv_SE\" \/>\n<meta property=\"og:type\" content=\"article\" \/>\n<meta property=\"og:title\" content=\"Acheter de l&#039;acide gamma-hydroxybutyrique (GHB) 500mg en ligne\" \/>\n<meta property=\"og:description\" content=\"L&#039;acide gamma-hydroxybutyrique (GHB) est un d\u00e9presseur du syst\u00e8me nerveux central qui poss\u00e8de \u00e0 la fois des d\u00e9riv\u00e9s \u00e0 usage m\u00e9dical et des usages r\u00e9cr\u00e9atifs illicites. Il pr\u00e9sente des risques importants, notamment la s\u00e9dation, la d\u00e9pression respiratoire et la d\u00e9pendance.\" \/>\n<meta property=\"og:url\" content=\"https:\/\/gblexprimer.com\/sv\/produkt\/himmel-ren-ecstasy-500-mg-\u03b3-hydroxysmorsyra-ghb\/\" \/>\n<meta property=\"og:site_name\" content=\"GBL Exprimer\" \/>\n<meta property=\"article:modified_time\" content=\"2026-04-11T07:17:55+00:00\" \/>\n<meta property=\"og:image\" content=\"https:\/\/gblexprimer.com\/wp-content\/uploads\/2023\/12\/Heaven-Pure-Ecstasy-500-mg.jpg\" \/>\n\t<meta property=\"og:image:width\" content=\"600\" \/>\n\t<meta property=\"og:image:height\" content=\"600\" \/>\n\t<meta property=\"og:image:type\" content=\"image\/jpeg\" \/>\n<meta name=\"twitter:card\" content=\"summary_large_image\" \/>\n<meta name=\"twitter:label1\" content=\"Ber\u00e4knad l\u00e4stid\" \/>\n\t<meta name=\"twitter:data1\" content=\"4 minuter\" \/>\n<script type=\"application\/ld+json\" class=\"yoast-schema-graph\">{\"@context\":\"https:\/\/schema.org\",\"@graph\":[{\"@type\":\"WebPage\",\"@id\":\"https:\/\/gblexprimer.com\/product\/heaven-pure-ecstasy-500-mg-dacide-%ce%b3-hydroxybutyrique-ghb\/\",\"url\":\"https:\/\/gblexprimer.com\/product\/heaven-pure-ecstasy-500-mg-dacide-%ce%b3-hydroxybutyrique-ghb\/\",\"name\":\"Acheter de l'acide gamma-hydroxybutyrique (GHB) 500mg en ligne\",\"isPartOf\":{\"@id\":\"https:\/\/gblexprimer.com\/#website\"},\"primaryImageOfPage\":{\"@id\":\"https:\/\/gblexprimer.com\/product\/heaven-pure-ecstasy-500-mg-dacide-%ce%b3-hydroxybutyrique-ghb\/#primaryimage\"},\"image\":{\"@id\":\"https:\/\/gblexprimer.com\/product\/heaven-pure-ecstasy-500-mg-dacide-%ce%b3-hydroxybutyrique-ghb\/#primaryimage\"},\"thumbnailUrl\":\"https:\/\/gblexprimer.com\/wp-content\/uploads\/2023\/12\/Heaven-Pure-Ecstasy-500-mg.jpg\",\"datePublished\":\"2023-12-26T07:26:41+00:00\",\"dateModified\":\"2026-04-11T07:17:55+00:00\",\"description\":\"L'acide gamma-hydroxybutyrique (GHB) est un d\u00e9presseur du syst\u00e8me nerveux central qui poss\u00e8de \u00e0 la fois des d\u00e9riv\u00e9s \u00e0 usage m\u00e9dical et des usages r\u00e9cr\u00e9atifs illicites. Il pr\u00e9sente des risques importants, notamment la s\u00e9dation, la d\u00e9pression respiratoire et la d\u00e9pendance.\",\"breadcrumb\":{\"@id\":\"https:\/\/gblexprimer.com\/product\/heaven-pure-ecstasy-500-mg-dacide-%ce%b3-hydroxybutyrique-ghb\/#breadcrumb\"},\"inLanguage\":\"sv-SE\",\"potentialAction\":[{\"@type\":\"ReadAction\",\"target\":[\"https:\/\/gblexprimer.com\/product\/heaven-pure-ecstasy-500-mg-dacide-%ce%b3-hydroxybutyrique-ghb\/\"]}]},{\"@type\":\"ImageObject\",\"inLanguage\":\"sv-SE\",\"@id\":\"https:\/\/gblexprimer.com\/product\/heaven-pure-ecstasy-500-mg-dacide-%ce%b3-hydroxybutyrique-ghb\/#primaryimage\",\"url\":\"https:\/\/gblexprimer.com\/wp-content\/uploads\/2023\/12\/Heaven-Pure-Ecstasy-500-mg.jpg\",\"contentUrl\":\"https:\/\/gblexprimer.com\/wp-content\/uploads\/2023\/12\/Heaven-Pure-Ecstasy-500-mg.jpg\",\"width\":600,\"height\":600,\"caption\":\"Gamma-Hydroxybutyrate GHB \u00e0 vendre\"},{\"@type\":\"BreadcrumbList\",\"@id\":\"https:\/\/gblexprimer.com\/product\/heaven-pure-ecstasy-500-mg-dacide-%ce%b3-hydroxybutyrique-ghb\/#breadcrumb\",\"itemListElement\":[{\"@type\":\"ListItem\",\"position\":1,\"name\":\"Home\",\"item\":\"https:\/\/gblexprimer.com\/\"},{\"@type\":\"ListItem\",\"position\":2,\"name\":\"Shop\",\"item\":\"https:\/\/gblexprimer.com\/shop\/\"},{\"@type\":\"ListItem\",\"position\":3,\"name\":\"Heaven Pure Ecstasy 500 mg d&#8217;acide \u03b3-hydroxybutyrique (GHB)\"}]},{\"@type\":\"WebSite\",\"@id\":\"https:\/\/gblexprimer.com\/#website\",\"url\":\"https:\/\/gblexprimer.com\/\",\"name\":\"GBL Exprimer\",\"description\":\"\",\"publisher\":{\"@id\":\"https:\/\/gblexprimer.com\/#organization\"},\"potentialAction\":[{\"@type\":\"SearchAction\",\"target\":{\"@type\":\"EntryPoint\",\"urlTemplate\":\"https:\/\/gblexprimer.com\/?s={search_term_string}\"},\"query-input\":{\"@type\":\"PropertyValueSpecification\",\"valueRequired\":true,\"valueName\":\"search_term_string\"}}],\"inLanguage\":\"sv-SE\"},{\"@type\":\"Organization\",\"@id\":\"https:\/\/gblexprimer.com\/#organization\",\"name\":\"GBL Exprimer\",\"url\":\"https:\/\/gblexprimer.com\/\",\"logo\":{\"@type\":\"ImageObject\",\"inLanguage\":\"sv-SE\",\"@id\":\"https:\/\/gblexprimer.com\/#\/schema\/logo\/image\/\",\"url\":\"https:\/\/gblexprimer.com\/wp-content\/uploads\/2024\/01\/logo.png\",\"contentUrl\":\"https:\/\/gblexprimer.com\/wp-content\/uploads\/2024\/01\/logo.png\",\"width\":220,\"height\":80,\"caption\":\"GBL Exprimer\"},\"image\":{\"@id\":\"https:\/\/gblexprimer.com\/#\/schema\/logo\/image\/\"}}]}<\/script>\n<!-- \/ Yoast SEO plugin. -->","yoast_head_json":{"title":"Acheter de l'acide gamma-hydroxybutyrique (GHB) 500mg en ligne","description":"L'acide gamma-hydroxybutyrique (GHB) est un d\u00e9presseur du syst\u00e8me nerveux central qui poss\u00e8de \u00e0 la fois des d\u00e9riv\u00e9s \u00e0 usage m\u00e9dical et des usages r\u00e9cr\u00e9atifs illicites. Il pr\u00e9sente des risques importants, notamment la s\u00e9dation, la d\u00e9pression respiratoire et la d\u00e9pendance.","robots":{"index":"index","follow":"follow","max-snippet":"max-snippet:-1","max-image-preview":"max-image-preview:large","max-video-preview":"max-video-preview:-1"},"canonical":"https:\/\/gblexprimer.com\/sv\/produkt\/himmel-ren-ecstasy-500-mg-\u03b3-hydroxysmorsyra-ghb\/","og_locale":"sv_SE","og_type":"article","og_title":"Acheter de l'acide gamma-hydroxybutyrique (GHB) 500mg en ligne","og_description":"L'acide gamma-hydroxybutyrique (GHB) est un d\u00e9presseur du syst\u00e8me nerveux central qui poss\u00e8de \u00e0 la fois des d\u00e9riv\u00e9s \u00e0 usage m\u00e9dical et des usages r\u00e9cr\u00e9atifs illicites. Il pr\u00e9sente des risques importants, notamment la s\u00e9dation, la d\u00e9pression respiratoire et la d\u00e9pendance.","og_url":"https:\/\/gblexprimer.com\/sv\/produkt\/himmel-ren-ecstasy-500-mg-\u03b3-hydroxysmorsyra-ghb\/","og_site_name":"GBL Exprimer","article_modified_time":"2026-04-11T07:17:55+00:00","og_image":[{"width":600,"height":600,"url":"https:\/\/gblexprimer.com\/wp-content\/uploads\/2023\/12\/Heaven-Pure-Ecstasy-500-mg.jpg","type":"image\/jpeg"}],"twitter_card":"summary_large_image","twitter_misc":{"Ber\u00e4knad l\u00e4stid":"4 minuter"},"schema":{"@context":"https:\/\/schema.org","@graph":[{"@type":"WebPage","@id":"https:\/\/gblexprimer.com\/product\/heaven-pure-ecstasy-500-mg-dacide-%ce%b3-hydroxybutyrique-ghb\/","url":"https:\/\/gblexprimer.com\/product\/heaven-pure-ecstasy-500-mg-dacide-%ce%b3-hydroxybutyrique-ghb\/","name":"Acheter de l'acide gamma-hydroxybutyrique (GHB) 500mg en ligne","isPartOf":{"@id":"https:\/\/gblexprimer.com\/#website"},"primaryImageOfPage":{"@id":"https:\/\/gblexprimer.com\/product\/heaven-pure-ecstasy-500-mg-dacide-%ce%b3-hydroxybutyrique-ghb\/#primaryimage"},"image":{"@id":"https:\/\/gblexprimer.com\/product\/heaven-pure-ecstasy-500-mg-dacide-%ce%b3-hydroxybutyrique-ghb\/#primaryimage"},"thumbnailUrl":"https:\/\/gblexprimer.com\/wp-content\/uploads\/2023\/12\/Heaven-Pure-Ecstasy-500-mg.jpg","datePublished":"2023-12-26T07:26:41+00:00","dateModified":"2026-04-11T07:17:55+00:00","description":"L'acide gamma-hydroxybutyrique (GHB) est un d\u00e9presseur du syst\u00e8me nerveux central qui poss\u00e8de \u00e0 la fois des d\u00e9riv\u00e9s \u00e0 usage m\u00e9dical et des usages r\u00e9cr\u00e9atifs illicites. Il pr\u00e9sente des risques importants, notamment la s\u00e9dation, la d\u00e9pression respiratoire et la d\u00e9pendance.","breadcrumb":{"@id":"https:\/\/gblexprimer.com\/product\/heaven-pure-ecstasy-500-mg-dacide-%ce%b3-hydroxybutyrique-ghb\/#breadcrumb"},"inLanguage":"sv-SE","potentialAction":[{"@type":"ReadAction","target":["https:\/\/gblexprimer.com\/product\/heaven-pure-ecstasy-500-mg-dacide-%ce%b3-hydroxybutyrique-ghb\/"]}]},{"@type":"ImageObject","inLanguage":"sv-SE","@id":"https:\/\/gblexprimer.com\/product\/heaven-pure-ecstasy-500-mg-dacide-%ce%b3-hydroxybutyrique-ghb\/#primaryimage","url":"https:\/\/gblexprimer.com\/wp-content\/uploads\/2023\/12\/Heaven-Pure-Ecstasy-500-mg.jpg","contentUrl":"https:\/\/gblexprimer.com\/wp-content\/uploads\/2023\/12\/Heaven-Pure-Ecstasy-500-mg.jpg","width":600,"height":600,"caption":"Gamma-Hydroxybutyrate GHB \u00e0 vendre"},{"@type":"BreadcrumbList","@id":"https:\/\/gblexprimer.com\/product\/heaven-pure-ecstasy-500-mg-dacide-%ce%b3-hydroxybutyrique-ghb\/#breadcrumb","itemListElement":[{"@type":"ListItem","position":1,"name":"Home","item":"https:\/\/gblexprimer.com\/"},{"@type":"ListItem","position":2,"name":"Shop","item":"https:\/\/gblexprimer.com\/shop\/"},{"@type":"ListItem","position":3,"name":"Heaven Pure Ecstasy 500 mg d&#8217;acide \u03b3-hydroxybutyrique (GHB)"}]},{"@type":"WebSite","@id":"https:\/\/gblexprimer.com\/#website","url":"https:\/\/gblexprimer.com\/","name":"GBL Express","description":"","publisher":{"@id":"https:\/\/gblexprimer.com\/#organization"},"potentialAction":[{"@type":"SearchAction","target":{"@type":"EntryPoint","urlTemplate":"https:\/\/gblexprimer.com\/?s={search_term_string}"},"query-input":{"@type":"PropertyValueSpecification","valueRequired":true,"valueName":"search_term_string"}}],"inLanguage":"sv-SE"},{"@type":"Organization","@id":"https:\/\/gblexprimer.com\/#organization","name":"GBL Express","url":"https:\/\/gblexprimer.com\/","logo":{"@type":"ImageObject","inLanguage":"sv-SE","@id":"https:\/\/gblexprimer.com\/#\/schema\/logo\/image\/","url":"https:\/\/gblexprimer.com\/wp-content\/uploads\/2024\/01\/logo.png","contentUrl":"https:\/\/gblexprimer.com\/wp-content\/uploads\/2024\/01\/logo.png","width":220,"height":80,"caption":"GBL Exprimer"},"image":{"@id":"https:\/\/gblexprimer.com\/#\/schema\/logo\/image\/"}}]}},"_links":{"self":[{"href":"https:\/\/gblexprimer.com\/sv\/wp-json\/wp\/v2\/product\/36","targetHints":{"allow":["GET"]}}],"collection":[{"href":"https:\/\/gblexprimer.com\/sv\/wp-json\/wp\/v2\/product"}],"about":[{"href":"https:\/\/gblexprimer.com\/sv\/wp-json\/wp\/v2\/types\/product"}],"replies":[{"embeddable":true,"href":"https:\/\/gblexprimer.com\/sv\/wp-json\/wp\/v2\/comments?post=36"}],"wp:featuredmedia":[{"embeddable":true,"href":"https:\/\/gblexprimer.com\/sv\/wp-json\/wp\/v2\/media\/99"}],"wp:attachment":[{"href":"https:\/\/gblexprimer.com\/sv\/wp-json\/wp\/v2\/media?parent=36"}],"wp:term":[{"taxonomy":"product_brand","embeddable":true,"href":"https:\/\/gblexprimer.com\/sv\/wp-json\/wp\/v2\/product_brand?post=36"},{"taxonomy":"product_cat","embeddable":true,"href":"https:\/\/gblexprimer.com\/sv\/wp-json\/wp\/v2\/product_cat?post=36"},{"taxonomy":"product_tag","embeddable":true,"href":"https:\/\/gblexprimer.com\/sv\/wp-json\/wp\/v2\/product_tag?post=36"}],"curies":[{"name":"wp","href":"https:\/\/api.w.org\/{rel}","templated":true}]}}