{"id":38,"date":"2023-12-26T07:26:41","date_gmt":"2023-12-26T07:26:41","guid":{"rendered":"https:\/\/cannasmed.com\/gbl\/?post_type=product&#038;p=38"},"modified":"2026-04-11T07:24:20","modified_gmt":"2026-04-11T07:24:20","slug":"ketamin-inresa-20-x-2-ml-100-mg-ml-ketamin","status":"publish","type":"product","link":"https:\/\/gblexprimer.com\/sv\/produkt\/ketamin-inresa-20-x-2-ml-100-mg-ml-ketamin\/","title":{"rendered":"Ketamin Inresa 20 \u00d7 2 ml 100 mg\/ml Ketamin"},"content":{"rendered":"<h2>K\u00f6p Ketamine Inresa 20 \u00d7 2 ml 100 mg\/ml online p\u00e5 GBLexprimer <a href=\"https:\/\/pvpgrams.com\/product\/butylone\/\">-<\/a> H\u00f6g kvalitet och laboratorietestad<\/h2>\n<p>Letar du efter <a href=\"https:\/\/gblexprimer.com\/sv\/produkt\/ketamin-inresa-20-x-2-ml-100-mg-ml-ketamin\/\"><strong>Ketamin Inresa 20 \u00d7 2 ml 100 mg\/ml<\/strong><\/a> h\u00f6g kvalitet? P\u00e5 <strong>GBExpress<\/strong>Vi f\u00f6resl\u00e5r att <strong>Ketamin Inresa<\/strong> laboratorietestad med en garanterad renhet p\u00e5 <strong>\u226599%<\/strong>perfekt f\u00f6r dina vetenskapliga forskningsprojekt. Med en <strong>snabb leverans<\/strong>och <strong>konkurrenskraftiga priser<\/strong> och en <strong>p\u00e5litlig service<\/strong>Vi \u00e4r din f\u00f6redragna partner f\u00f6r <strong>produits chimiques de recherche K\u00f6p Ketamin Inresa 20 \u00d7 2 ml 100 mg\/ml online<\/strong><a href=\"https:\/\/gblexprimer.com\/sv\/\">.<\/a><\/p>\n<h3>Varf\u00f6r ska jag k\u00f6pa Ketamine Inresa 20 \u00d7 2 ml 100 mg\/ml fr\u00e5n GBLexprimer?<\/h3>\n<p>V\u00e5r <strong><a href=\"https:\/\/en.wikipedia.org\/wiki\/Ketamine\">Ketamin<\/a> Inresa 20 \u00d7 2 ml 100 mg\/ml<\/strong> kommer fr\u00e5n v\u00e4lrenommerade leverant\u00f6rer och genomg\u00e5r strikta kvalitetskontroller f\u00f6r att garantera dess renhet och effektivitet. <strong>GBExpress<\/strong> erbjuder dig produkter av h\u00f6gsta kvalitet f\u00f6r din forskning, oavsett om det handlar om <strong>Ketamin Inresa<\/strong> eller andra farmaceutiska produkter.<\/p>\n<p><strong>F\u00f6rdelar med Ketamin Inresa 20 \u00d7 2 ml 100 mg\/ml<\/strong> :<\/p>\n<ul>\n<li><strong>Garanterad renhet<\/strong> : <strong>\u226599% renhet<\/strong> f\u00f6r tillf\u00f6rlitliga och korrekta s\u00f6kresultat.<\/li>\n<li><strong>Snabb och s\u00e4ker leverans<\/strong> Diskret f\u00f6rpackning och snabb leverans f\u00f6r en problemfri k\u00f6pprocess.<\/li>\n<li><strong>\u00d6verkomliga priser<\/strong> : Vi erbjuder <strong>Ketamin Inresa<\/strong> h\u00f6g kvalitet till konkurrenskraftiga priser.<\/li>\n<\/ul>\n<h4>Vad \u00e4r Ketamine Inresa 20 \u00d7 2 ml 100 mg\/ml?<\/h4>\n<p>La <strong>Ketamin Inresa 20 \u00d7 2 ml 100 mg\/ml<\/strong> \u00e4r en <strong>injicerbar l\u00f6sning<\/strong> fr\u00e5n <strong>Ketamin<\/strong> anv\u00e4nds inom vetenskaplig forskning. Denna formulering \u00e4r s\u00e4rskilt l\u00e4mplig f\u00f6r <strong>studier i anestesi<\/strong> och effekter p\u00e5 det centrala nervsystemet. Det \u00e4r endast avsett f\u00f6r \u00e4ndam\u00e5len <a href=\"https:\/\/gblexprimer.com\/sv\/produkt\/kokaina\/\"><strong>klinisk forskning<\/strong><\/a> och f\u00e5r inte anv\u00e4ndas f\u00f6r o\u00f6vervakad rekreation eller medicinska \u00e4ndam\u00e5l.<\/p>\n<h4>Varf\u00f6r v\u00e4lja GBLexprimer?<\/h4>\n<ul>\n<li><strong>P\u00e5litlig leverant\u00f6r<\/strong> : Vi har \u00e5tagit oss att erbjuda produkter fr\u00e5n <strong>p\u00e5litliga tillverkare<\/strong>.<\/li>\n<li><strong>Rigor\u00f6sa kontroller<\/strong> Varje parti av <strong>Ketamin Inresa 20 \u00d7 2 ml 100 mg\/ml<\/strong> \u00e4r noggrant testade f\u00f6r att garantera dess renhet och \u00f6verensst\u00e4mmelse med vetenskapliga standarder.<\/li>\n<li><strong>Kundn\u00f6jdhet<\/strong> V\u00e5rt team garanterar dig en smidig och snabb shoppingupplevelse.<\/li>\n<\/ul>\n<h4>Hur kan jag best\u00e4lla Ketamine Inresa 20 \u00d7 2 ml 100 mg\/ml online?<\/h4>\n<p>Best\u00e4ll fr\u00e5n <strong>Ketamin Inresa 20 \u00d7 2 ml 100 mg\/ml<\/strong> p\u00e5 <strong>GBExpress<\/strong> \u00e4r enkelt och s\u00e4kert. Bes\u00f6k v\u00e5r webbplats, v\u00e4lj den kvantitet du beh\u00f6ver och g\u00f6r din best\u00e4llning med bara n\u00e5gra klick. Med v\u00e5ra <strong>snabb, diskret leverans<\/strong>Dina produkter kommer fram s\u00e5 snabbt och s\u00e4kert som m\u00f6jligt.<\/p>\n<p><strong>Best\u00e4ll nu fr\u00e5n <a href=\"https:\/\/gblexprimer.com\/sv\/\">GBlexpress<\/a> <\/strong>f\u00f6r att erh\u00e5lla <strong>Ketamin Inresa<\/strong> fr\u00e5n <strong>h\u00f6g kvalitet<\/strong> till konkurrenskraftiga priser. Dra nytta av v\u00e5ra p\u00e5litliga produkter och v\u00e5r utm\u00e4rkta kundservice!<\/p>","protected":false},"excerpt":{"rendered":"<p><strong>Ketamin Inresa<\/strong>en injicerbar l\u00f6sning av <strong>ketamin<\/strong> vid en koncentration av <strong>100 mg\/ml<\/strong>\u00e4r ett dissociativt anestetikum som ofta anv\u00e4nds inom medicin och forskning. Denna produkt \u00e4r erk\u00e4nd f\u00f6r sina sm\u00e4rtstillande, anestetiska och nervskyddande egenskaper och \u00e4r idealisk f\u00f6r kontrollerade medicinska till\u00e4mpningar, vetenskapliga studier och specifika behandlingar.<\/p>\n<p><strong>Hur fungerar Ketamin?<\/strong><br \/>\nKetamin verkar fr\u00e4mst genom att blockera NMDA-receptorer (N-metyl-D-aspartat) i hj\u00e4rnan. Detta minskar \u00f6verf\u00f6ringen av sm\u00e4rtsignaler samtidigt som det ger ett dissociativt tillst\u00e5nd som k\u00e4nnetecknas av analgesi, minnesf\u00f6rlust och mild sedering.<\/p>\n<ul>\n<li><strong>Huvudsakliga effekter :<\/strong> Snabb anestesi, sm\u00e4rtlindring och neuroprotektiv potential.<\/li>\n<li><strong>Start av effekter :<\/strong> Omedelbart efter intraven\u00f6s eller intramuskul\u00e4r injektion.<\/li>\n<li><strong>Varaktighet:<\/strong> 10 till 25 minuter f\u00f6r anestesi, upp till 1 timme f\u00f6r analgesi.<\/li>\n<\/ul>\n<p><strong>Formel och data<\/strong><\/p>\n<ul>\n<li><strong>Kemiskt namn :<\/strong> Ketaminhydroklorid<\/li>\n<li><strong>Molekylformel :<\/strong> C13H16ClNO<\/li>\n<li><strong>Molekylvikt :<\/strong> 237,7 g\/mol<\/li>\n<li><strong>Presentation:<\/strong> 20 ampuller om 2 ml vardera inneh\u00e5llande 100 mg\/ml<\/li>\n<\/ul>","protected":false},"featured_media":96,"comment_status":"open","ping_status":"closed","template":"","meta":{"site-sidebar-layout":"default","site-content-layout":"","ast-site-content-layout":"default","site-content-style":"default","site-sidebar-style":"default","ast-global-header-display":"","ast-banner-title-visibility":"","ast-main-header-display":"","ast-hfb-above-header-display":"","ast-hfb-below-header-display":"","ast-hfb-mobile-header-display":"","site-post-title":"","ast-breadcrumbs-content":"","ast-featured-img":"","footer-sml-layout":"","theme-transparent-header-meta":"default","adv-header-id-meta":"","stick-header-meta":"","header-above-stick-meta":"","header-main-stick-meta":"","header-below-stick-meta":"","astra-migrate-meta-layouts":"set","ast-page-background-enabled":"default","ast-page-background-meta":{"desktop":{"background-color":"","background-image":"","background-repeat":"repeat","background-position":"center center","background-size":"auto","background-attachment":"scroll","background-type":"","background-media":"","overlay-type":"","overlay-color":"","overlay-opacity":"","overlay-gradient":""},"tablet":{"background-color":"","background-image":"","background-repeat":"repeat","background-position":"center center","background-size":"auto","background-attachment":"scroll","background-type":"","background-media":"","overlay-type":"","overlay-color":"","overlay-opacity":"","overlay-gradient":""},"mobile":{"background-color":"","background-image":"","background-repeat":"repeat","background-position":"center center","background-size":"auto","background-attachment":"scroll","background-type":"","background-media":"","overlay-type":"","overlay-color":"","overlay-opacity":"","overlay-gradient":""}},"ast-content-background-meta":{"desktop":{"background-color":"var(--ast-global-color-5)","background-image":"","background-repeat":"repeat","background-position":"center center","background-size":"auto","background-attachment":"scroll","background-type":"","background-media":"","overlay-type":"","overlay-color":"","overlay-opacity":"","overlay-gradient":""},"tablet":{"background-color":"var(--ast-global-color-5)","background-image":"","background-repeat":"repeat","background-position":"center center","background-size":"auto","background-attachment":"scroll","background-type":"","background-media":"","overlay-type":"","overlay-color":"","overlay-opacity":"","overlay-gradient":""},"mobile":{"background-color":"var(--ast-global-color-5)","background-image":"","background-repeat":"repeat","background-position":"center center","background-size":"auto","background-attachment":"scroll","background-type":"","background-media":"","overlay-type":"","overlay-color":"","overlay-opacity":"","overlay-gradient":""}},"_joinchat":[]},"product_brand":[],"product_cat":[15,141],"product_tag":[568,581,563,560,567,566,575,562,570,559,561,580,578,572,569,574,573,565,579,576,564,571,582,577],"class_list":{"0":"post-38","1":"product","2":"type-product","3":"status-publish","4":"has-post-thumbnail","6":"product_cat-uncategorized","7":"product_cat-sex-meth","8":"product_tag-acheter-ketamine-100-mg-ml-en-europe","9":"product_tag-acheter-ketamine-en-france","10":"product_tag-acheter-ketamine-injectable","11":"product_tag-acheter-ketamine-inresa","12":"product_tag-commander-ketamine-inresa-en-ligne","13":"product_tag-fournisseur-de-ketamine-inresa","14":"product_tag-fournisseur-legitime-de-ketamine","15":"product_tag-ketamine-100-mg-ml","16":"product_tag-ketamine-injectable-a-vendre","17":"product_tag-ketamine-inresa","18":"product_tag-ketamine-inresa-20-x-2-ml","19":"product_tag-ketamine-inresa-applications-medicales","20":"product_tag-ketamine-inresa-en-gros","21":"product_tag-ketamine-inresa-pour-veterinaire","22":"product_tag-ketamine-inresa-prix","23":"product_tag-ketamine-inresa-vrac","24":"product_tag-ketamine-liquide","25":"product_tag-ketamine-pour-anesthesie","26":"product_tag-ketamine-pour-anesthesie-veterinaire","27":"product_tag-ketamine-pour-laboratoire","28":"product_tag-ketamine-pour-usage-medical","29":"product_tag-ketamine-usage-clinique","30":"product_tag-ketamine-usage-securise","31":"product_tag-ou-acheter-ketamine-inresa","32":"desktop-align-left","33":"tablet-align-left","34":"mobile-align-left","36":"first","37":"instock","38":"shipping-taxable","39":"purchasable","40":"product-type-variable"},"yoast_head":"<!-- This site is optimized with the Yoast SEO plugin v26.9 - https:\/\/yoast.com\/product\/yoast-seo-wordpress\/ -->\n<title>Acheter de la Ketamine Inresa en ligne | Gblexprimer<\/title>\n<meta name=\"description\" content=\"Achetez de la Ketamine Inresa 100 mg\/ml en ligne sur GBLexprimer. Ketamine Inresa \u00e0 vendre, pr\u00e9sent\u00e9e sous forme d&#039;ampoules con\u00e7ues pour un usage clinique et anesth\u00e9sique.\" \/>\n<meta name=\"robots\" content=\"index, follow, max-snippet:-1, max-image-preview:large, max-video-preview:-1\" \/>\n<link rel=\"canonical\" href=\"https:\/\/gblexprimer.com\/sv\/produkt\/ketamin-inresa-20-x-2-ml-100-mg-ml-ketamin\/\" \/>\n<meta property=\"og:locale\" content=\"sv_SE\" \/>\n<meta property=\"og:type\" content=\"article\" \/>\n<meta property=\"og:title\" content=\"Acheter de la Ketamine Inresa en ligne | Gblexprimer\" \/>\n<meta property=\"og:description\" content=\"Achetez de la Ketamine Inresa 100 mg\/ml en ligne sur GBLexprimer. Ketamine Inresa \u00e0 vendre, pr\u00e9sent\u00e9e sous forme d&#039;ampoules con\u00e7ues pour un usage clinique et anesth\u00e9sique.\" \/>\n<meta property=\"og:url\" content=\"https:\/\/gblexprimer.com\/sv\/produkt\/ketamin-inresa-20-x-2-ml-100-mg-ml-ketamin\/\" \/>\n<meta property=\"og:site_name\" content=\"GBL Exprimer\" \/>\n<meta property=\"article:modified_time\" content=\"2026-04-11T07:24:20+00:00\" \/>\n<meta property=\"og:image\" content=\"https:\/\/gblexprimer.com\/wp-content\/uploads\/2023\/12\/Ketamin-Inresa-100-mg-ml.jpg\" \/>\n\t<meta property=\"og:image:width\" content=\"600\" \/>\n\t<meta property=\"og:image:height\" content=\"600\" \/>\n\t<meta property=\"og:image:type\" content=\"image\/jpeg\" \/>\n<meta name=\"twitter:card\" content=\"summary_large_image\" \/>\n<meta name=\"twitter:label1\" content=\"Ber\u00e4knad l\u00e4stid\" \/>\n\t<meta name=\"twitter:data1\" content=\"2 minuter\" \/>\n<script type=\"application\/ld+json\" class=\"yoast-schema-graph\">{\"@context\":\"https:\/\/schema.org\",\"@graph\":[{\"@type\":\"WebPage\",\"@id\":\"https:\/\/gblexprimer.com\/product\/ketamine-inresa-20-x-2-ml-100-mg-ml-ketamine\/\",\"url\":\"https:\/\/gblexprimer.com\/product\/ketamine-inresa-20-x-2-ml-100-mg-ml-ketamine\/\",\"name\":\"Acheter de la Ketamine Inresa en ligne | Gblexprimer\",\"isPartOf\":{\"@id\":\"https:\/\/gblexprimer.com\/#website\"},\"primaryImageOfPage\":{\"@id\":\"https:\/\/gblexprimer.com\/product\/ketamine-inresa-20-x-2-ml-100-mg-ml-ketamine\/#primaryimage\"},\"image\":{\"@id\":\"https:\/\/gblexprimer.com\/product\/ketamine-inresa-20-x-2-ml-100-mg-ml-ketamine\/#primaryimage\"},\"thumbnailUrl\":\"https:\/\/gblexprimer.com\/wp-content\/uploads\/2023\/12\/Ketamin-Inresa-100-mg-ml.jpg\",\"datePublished\":\"2023-12-26T07:26:41+00:00\",\"dateModified\":\"2026-04-11T07:24:20+00:00\",\"description\":\"Achetez de la Ketamine Inresa 100 mg\/ml en ligne sur GBLexprimer. Ketamine Inresa \u00e0 vendre, pr\u00e9sent\u00e9e sous forme d'ampoules con\u00e7ues pour un usage clinique et anesth\u00e9sique.\",\"breadcrumb\":{\"@id\":\"https:\/\/gblexprimer.com\/product\/ketamine-inresa-20-x-2-ml-100-mg-ml-ketamine\/#breadcrumb\"},\"inLanguage\":\"sv-SE\",\"potentialAction\":[{\"@type\":\"ReadAction\",\"target\":[\"https:\/\/gblexprimer.com\/product\/ketamine-inresa-20-x-2-ml-100-mg-ml-ketamine\/\"]}]},{\"@type\":\"ImageObject\",\"inLanguage\":\"sv-SE\",\"@id\":\"https:\/\/gblexprimer.com\/product\/ketamine-inresa-20-x-2-ml-100-mg-ml-ketamine\/#primaryimage\",\"url\":\"https:\/\/gblexprimer.com\/wp-content\/uploads\/2023\/12\/Ketamin-Inresa-100-mg-ml.jpg\",\"contentUrl\":\"https:\/\/gblexprimer.com\/wp-content\/uploads\/2023\/12\/Ketamin-Inresa-100-mg-ml.jpg\",\"width\":600,\"height\":600,\"caption\":\"Acheter K\u00e9tamine Inresa 20 \u00d7 2 ml 100 mg\/ml K\u00e9tamine en ligne\"},{\"@type\":\"BreadcrumbList\",\"@id\":\"https:\/\/gblexprimer.com\/product\/ketamine-inresa-20-x-2-ml-100-mg-ml-ketamine\/#breadcrumb\",\"itemListElement\":[{\"@type\":\"ListItem\",\"position\":1,\"name\":\"Home\",\"item\":\"https:\/\/gblexprimer.com\/\"},{\"@type\":\"ListItem\",\"position\":2,\"name\":\"Shop\",\"item\":\"https:\/\/gblexprimer.com\/shop\/\"},{\"@type\":\"ListItem\",\"position\":3,\"name\":\"K\u00e9tamine Inresa 20 \u00d7 2 ml 100 mg\/ml K\u00e9tamine\"}]},{\"@type\":\"WebSite\",\"@id\":\"https:\/\/gblexprimer.com\/#website\",\"url\":\"https:\/\/gblexprimer.com\/\",\"name\":\"GBL Exprimer\",\"description\":\"\",\"publisher\":{\"@id\":\"https:\/\/gblexprimer.com\/#organization\"},\"potentialAction\":[{\"@type\":\"SearchAction\",\"target\":{\"@type\":\"EntryPoint\",\"urlTemplate\":\"https:\/\/gblexprimer.com\/?s={search_term_string}\"},\"query-input\":{\"@type\":\"PropertyValueSpecification\",\"valueRequired\":true,\"valueName\":\"search_term_string\"}}],\"inLanguage\":\"sv-SE\"},{\"@type\":\"Organization\",\"@id\":\"https:\/\/gblexprimer.com\/#organization\",\"name\":\"GBL Exprimer\",\"url\":\"https:\/\/gblexprimer.com\/\",\"logo\":{\"@type\":\"ImageObject\",\"inLanguage\":\"sv-SE\",\"@id\":\"https:\/\/gblexprimer.com\/#\/schema\/logo\/image\/\",\"url\":\"https:\/\/gblexprimer.com\/wp-content\/uploads\/2024\/01\/logo.png\",\"contentUrl\":\"https:\/\/gblexprimer.com\/wp-content\/uploads\/2024\/01\/logo.png\",\"width\":220,\"height\":80,\"caption\":\"GBL Exprimer\"},\"image\":{\"@id\":\"https:\/\/gblexprimer.com\/#\/schema\/logo\/image\/\"}}]}<\/script>\n<!-- \/ Yoast SEO plugin. -->","yoast_head_json":{"title":"Acheter de la Ketamine Inresa en ligne | Gblexprimer","description":"Achetez de la Ketamine Inresa 100 mg\/ml en ligne sur GBLexprimer. Ketamine Inresa \u00e0 vendre, pr\u00e9sent\u00e9e sous forme d'ampoules con\u00e7ues pour un usage clinique et anesth\u00e9sique.","robots":{"index":"index","follow":"follow","max-snippet":"max-snippet:-1","max-image-preview":"max-image-preview:large","max-video-preview":"max-video-preview:-1"},"canonical":"https:\/\/gblexprimer.com\/sv\/produkt\/ketamin-inresa-20-x-2-ml-100-mg-ml-ketamin\/","og_locale":"sv_SE","og_type":"article","og_title":"Acheter de la Ketamine Inresa en ligne | Gblexprimer","og_description":"Achetez de la Ketamine Inresa 100 mg\/ml en ligne sur GBLexprimer. Ketamine Inresa \u00e0 vendre, pr\u00e9sent\u00e9e sous forme d'ampoules con\u00e7ues pour un usage clinique et anesth\u00e9sique.","og_url":"https:\/\/gblexprimer.com\/sv\/produkt\/ketamin-inresa-20-x-2-ml-100-mg-ml-ketamin\/","og_site_name":"GBL Exprimer","article_modified_time":"2026-04-11T07:24:20+00:00","og_image":[{"width":600,"height":600,"url":"https:\/\/gblexprimer.com\/wp-content\/uploads\/2023\/12\/Ketamin-Inresa-100-mg-ml.jpg","type":"image\/jpeg"}],"twitter_card":"summary_large_image","twitter_misc":{"Ber\u00e4knad l\u00e4stid":"2 minuter"},"schema":{"@context":"https:\/\/schema.org","@graph":[{"@type":"WebPage","@id":"https:\/\/gblexprimer.com\/product\/ketamine-inresa-20-x-2-ml-100-mg-ml-ketamine\/","url":"https:\/\/gblexprimer.com\/product\/ketamine-inresa-20-x-2-ml-100-mg-ml-ketamine\/","name":"Acheter de la Ketamine Inresa en ligne | Gblexprimer","isPartOf":{"@id":"https:\/\/gblexprimer.com\/#website"},"primaryImageOfPage":{"@id":"https:\/\/gblexprimer.com\/product\/ketamine-inresa-20-x-2-ml-100-mg-ml-ketamine\/#primaryimage"},"image":{"@id":"https:\/\/gblexprimer.com\/product\/ketamine-inresa-20-x-2-ml-100-mg-ml-ketamine\/#primaryimage"},"thumbnailUrl":"https:\/\/gblexprimer.com\/wp-content\/uploads\/2023\/12\/Ketamin-Inresa-100-mg-ml.jpg","datePublished":"2023-12-26T07:26:41+00:00","dateModified":"2026-04-11T07:24:20+00:00","description":"Achetez de la Ketamine Inresa 100 mg\/ml en ligne sur GBLexprimer. Ketamine Inresa \u00e0 vendre, pr\u00e9sent\u00e9e sous forme d'ampoules con\u00e7ues pour un usage clinique et anesth\u00e9sique.","breadcrumb":{"@id":"https:\/\/gblexprimer.com\/product\/ketamine-inresa-20-x-2-ml-100-mg-ml-ketamine\/#breadcrumb"},"inLanguage":"sv-SE","potentialAction":[{"@type":"ReadAction","target":["https:\/\/gblexprimer.com\/product\/ketamine-inresa-20-x-2-ml-100-mg-ml-ketamine\/"]}]},{"@type":"ImageObject","inLanguage":"sv-SE","@id":"https:\/\/gblexprimer.com\/product\/ketamine-inresa-20-x-2-ml-100-mg-ml-ketamine\/#primaryimage","url":"https:\/\/gblexprimer.com\/wp-content\/uploads\/2023\/12\/Ketamin-Inresa-100-mg-ml.jpg","contentUrl":"https:\/\/gblexprimer.com\/wp-content\/uploads\/2023\/12\/Ketamin-Inresa-100-mg-ml.jpg","width":600,"height":600,"caption":"Acheter K\u00e9tamine Inresa 20 \u00d7 2 ml 100 mg\/ml K\u00e9tamine en ligne"},{"@type":"BreadcrumbList","@id":"https:\/\/gblexprimer.com\/product\/ketamine-inresa-20-x-2-ml-100-mg-ml-ketamine\/#breadcrumb","itemListElement":[{"@type":"ListItem","position":1,"name":"Home","item":"https:\/\/gblexprimer.com\/"},{"@type":"ListItem","position":2,"name":"Shop","item":"https:\/\/gblexprimer.com\/shop\/"},{"@type":"ListItem","position":3,"name":"K\u00e9tamine Inresa 20 \u00d7 2 ml 100 mg\/ml K\u00e9tamine"}]},{"@type":"WebSite","@id":"https:\/\/gblexprimer.com\/#website","url":"https:\/\/gblexprimer.com\/","name":"GBL Express","description":"","publisher":{"@id":"https:\/\/gblexprimer.com\/#organization"},"potentialAction":[{"@type":"SearchAction","target":{"@type":"EntryPoint","urlTemplate":"https:\/\/gblexprimer.com\/?s={search_term_string}"},"query-input":{"@type":"PropertyValueSpecification","valueRequired":true,"valueName":"search_term_string"}}],"inLanguage":"sv-SE"},{"@type":"Organization","@id":"https:\/\/gblexprimer.com\/#organization","name":"GBL Express","url":"https:\/\/gblexprimer.com\/","logo":{"@type":"ImageObject","inLanguage":"sv-SE","@id":"https:\/\/gblexprimer.com\/#\/schema\/logo\/image\/","url":"https:\/\/gblexprimer.com\/wp-content\/uploads\/2024\/01\/logo.png","contentUrl":"https:\/\/gblexprimer.com\/wp-content\/uploads\/2024\/01\/logo.png","width":220,"height":80,"caption":"GBL Exprimer"},"image":{"@id":"https:\/\/gblexprimer.com\/#\/schema\/logo\/image\/"}}]}},"_links":{"self":[{"href":"https:\/\/gblexprimer.com\/sv\/wp-json\/wp\/v2\/product\/38","targetHints":{"allow":["GET"]}}],"collection":[{"href":"https:\/\/gblexprimer.com\/sv\/wp-json\/wp\/v2\/product"}],"about":[{"href":"https:\/\/gblexprimer.com\/sv\/wp-json\/wp\/v2\/types\/product"}],"replies":[{"embeddable":true,"href":"https:\/\/gblexprimer.com\/sv\/wp-json\/wp\/v2\/comments?post=38"}],"wp:featuredmedia":[{"embeddable":true,"href":"https:\/\/gblexprimer.com\/sv\/wp-json\/wp\/v2\/media\/96"}],"wp:attachment":[{"href":"https:\/\/gblexprimer.com\/sv\/wp-json\/wp\/v2\/media?parent=38"}],"wp:term":[{"taxonomy":"product_brand","embeddable":true,"href":"https:\/\/gblexprimer.com\/sv\/wp-json\/wp\/v2\/product_brand?post=38"},{"taxonomy":"product_cat","embeddable":true,"href":"https:\/\/gblexprimer.com\/sv\/wp-json\/wp\/v2\/product_cat?post=38"},{"taxonomy":"product_tag","embeddable":true,"href":"https:\/\/gblexprimer.com\/sv\/wp-json\/wp\/v2\/product_tag?post=38"}],"curies":[{"name":"wp","href":"https:\/\/api.w.org\/{rel}","templated":true}]}}