{"id":5036,"date":"2024-11-26T06:06:34","date_gmt":"2024-11-26T06:06:34","guid":{"rendered":"https:\/\/gblexprimer.com\/?post_type=product&#038;p=5036"},"modified":"2026-04-13T04:20:56","modified_gmt":"2026-04-13T04:20:56","slug":"metamfetamin","status":"publish","type":"product","link":"https:\/\/gblexprimer.com\/sv\/produkt\/metamfetamin\/","title":{"rendered":"Metamfetamin"},"content":{"rendered":"<h3><strong>K\u00f6p metamfetamin (Metamfetamina) online p\u00e5 GBlexprimer<\/strong><\/h3>\n<p><strong>La <a href=\"https:\/\/gblexprimer.com\/sv\/produkt\/metamfetamin\/\">metamfetamin<\/a><\/strong>\u00e4ven k\u00e4nd som <strong>Metamfetamina<\/strong>\u00e4r ett kraftfullt stimulerande medel f\u00f6r det centrala nervsystemet. Det \u00e4r k\u00e4nt f\u00f6r sina energigivande och euforiska effekter och anv\u00e4nds b\u00e5de f\u00f6r rekreation och i vetenskapliga studier. P\u00e5 <a href=\"https:\/\/gblexprimer.com\/sv\/\"><strong>GBlexpress<\/strong><\/a>vi f\u00f6resl\u00e5r <strong>metamfetamin av h\u00f6g kvalitet<\/strong>med s\u00e4kra betalningsalternativ, diskret paketering och snabb leverans <strong>K\u00f6pa metamfetamin<\/strong><a href=\"https:\/\/gblexpress.com\/shop\/kaufen-alprazolam-pulver-100g-online\/\">.<\/a><\/p>\n<h3><strong>Till\u00e4mpningar och anv\u00e4ndningsomr\u00e5den f\u00f6r metamfetamin (Metamfetamina)<\/strong><\/h3>\n<h4><strong>Anv\u00e4ndning f\u00f6r rekreation<\/strong><\/h4>\n<p>La <strong>metamfetamin<\/strong> uppskattas f\u00f6r sina stimulerande effekter som \u00f6kar vakenhet, energi och koncentration, vilket ofta efterfr\u00e5gas i festliga eller intensiva sammanhang.<\/p>\n<h4><strong>Vetenskaplig forskning<\/strong><\/h4>\n<p>I laboratorierna, <strong>den <a href=\"https:\/\/en.wikipedia.org\/wiki\/Methamphetamine\">metamfetamin<\/a><\/strong> studeras f\u00f6r dess interaktioner med neurotransmittorer som dopamin och dess inverkan p\u00e5 hj\u00e4rnans bel\u00f6nings- och motivationssystem.<\/p>\n<h4><strong>Tillg\u00e4ngliga former<\/strong><\/h4>\n<p>Bes\u00f6k <strong>GBlexpress<\/strong>den <strong>metamfetamin<\/strong> finns i en m\u00e4ngd olika former, inklusive kristaller, pulver och tabletter, skr\u00e4ddarsydda f\u00f6r dina specifika behov.<\/p>\n<h3><strong>Varf\u00f6r k\u00f6pa metamfetamin fr\u00e5n GBlexprimer?<\/strong><\/h3>\n<h4><strong>1. Metamfetamin av h\u00f6g kvalitet<\/strong><\/h4>\n<p>V\u00e5r <strong>metamfetamin<\/strong> \u00e4r noggrant testad f\u00f6r att garantera dess renhet och effektivitet och uppfyller de h\u00f6gsta standarderna.<\/p>\n<h4><strong>2. P\u00e5litliga leverant\u00f6rer av metamfetamin<\/strong><\/h4>\n<p>Med ett gott rykte, <strong>GBlexpress<\/strong> \u00e4r erk\u00e4nd som en p\u00e5litlig leverant\u00f6r f\u00f6r <strong>ren metamfetamin<\/strong>idealisk f\u00f6r forskning eller andra kontrollerade till\u00e4mpningar.<\/p>\n<h4><strong>3. S\u00e4kra transaktioner och diskreta f\u00f6rpackningar<\/strong><\/h4>\n<p>Vi garanterar s\u00e4kra betalningar och total sekretess tack vare diskret f\u00f6rpackning, vilket garanterar en bekymmersfri shoppingupplevelse.<\/p>\n<h4><strong>4. Snabb och tillf\u00f6rlitlig leverans<\/strong><\/h4>\n<p>Tack vare v\u00e5r v\u00e4lbepr\u00f6vade logistik kan vi garantera en snabb och tillf\u00f6rlitlig leverans av din order, oavsett antal.<\/p>\n<h4><strong>5. Utm\u00e4rkelser i konkurrens<\/strong><\/h4>\n<p>Dra nytta av <a href=\"https:\/\/gblexprimer.com\/sv\/produkt\/poppers\/\"><strong>b\u00e4sta priser p\u00e5 metamfetamin<\/strong><\/a>med alternativ f\u00f6r enskilda best\u00e4llningar och bulkbest\u00e4llningar.<\/p>\n<h3><strong>K\u00f6p metamfetamin online idag<\/strong><\/h3>\n<p><strong>GBlexpress<\/strong> \u00e4r din p\u00e5litliga partner f\u00f6r att k\u00f6pa <strong>metamfetamin (Metamfetamina)<\/strong>. Vi erbjuder produkter av h\u00f6gsta kvalitet med snabb leverans, s\u00e4ker betalning och utm\u00e4rkt kundservice. <strong>Best\u00e4ll nu<\/strong> f\u00f6r att dra nytta av v\u00e5ra konkurrenskraftiga priser och en p\u00e5litlig, konfidentiell k\u00f6pupplevelse. <a href=\"https:\/\/gblexprimer.com\/sv\/produkt\/metamfetamin\/\"><strong>Faites vos achats d\u00e8s aujourd&rsquo;hui<\/strong><\/a><\/p>","protected":false},"excerpt":{"rendered":"<p class=\"ds-markdown-paragraph\"><strong>K\u00f6pa metamfetamin online<\/strong><br \/>\n<strong>K\u00f6p crystal meth online | Crystal meth en vente en ligne | Crystal meth<\/strong><br \/>\nV\u00e5rt raffinerade metamfetamin kommer nu fr\u00e5n Europa, Mexiko och Kanada p\u00e5 grund av restriktioner i USA. Denna forskningskemikalie har <strong>inga o\u00f6nskade biverkningar<\/strong> under och efter aktionen. <strong>R\u00f6kning<\/strong> ger <strong>starkare effekter<\/strong>.<\/p>\n<p class=\"ds-markdown-paragraph\">Trots myndigheternas goda anstr\u00e4ngningar har <strong>det renaste metamfetaminet<\/strong> tillg\u00e4nglig - k\u00e4nd som <strong>\u00abBlue stuff\u00bb<\/strong> - kan nu k\u00f6pas online. Denna <strong>metamfetamin godis<\/strong> \u00e4r perfekt f\u00f6r fans av Breaking Bad.<\/p>\n<h3><strong>Hur fungerar M\u00e9ph\u00e9drone?<\/strong><\/h3>\n<p>La <strong>mefedron<\/strong> verkar genom att \u00f6ka <strong>fris\u00e4ttning av neurotransmittorer<\/strong> (dopamin, serotonin) samtidigt som de blockerar \u00e5terupptaget, vilket leder till \u00f6kad energi, eufori och kognitiv kapacitet.<\/p>\n<ul>\n<li><strong>Start av effekter :<\/strong> 15-45 minuter.<\/li>\n<li><strong>Varaktighet:<\/strong> 3 till 5 timmar.<\/li>\n<\/ul>\n<h3><strong>Formel och data<\/strong><\/h3>\n<ul>\n<li><strong>Kemiskt namn :<\/strong> 4-metylmetkatinon<\/li>\n<li><strong>Molekylformel :<\/strong> C11H15NO<\/li>\n<li><strong>Molekylvikt :<\/strong> 177,24 g\/mol<\/li>\n<\/ul>","protected":false},"featured_media":5283,"comment_status":"open","ping_status":"closed","template":"","meta":{"site-sidebar-layout":"default","site-content-layout":"","ast-site-content-layout":"default","site-content-style":"default","site-sidebar-style":"default","ast-global-header-display":"","ast-banner-title-visibility":"","ast-main-header-display":"","ast-hfb-above-header-display":"","ast-hfb-below-header-display":"","ast-hfb-mobile-header-display":"","site-post-title":"","ast-breadcrumbs-content":"","ast-featured-img":"","footer-sml-layout":"","theme-transparent-header-meta":"default","adv-header-id-meta":"","stick-header-meta":"","header-above-stick-meta":"","header-main-stick-meta":"","header-below-stick-meta":"","astra-migrate-meta-layouts":"set","ast-page-background-enabled":"default","ast-page-background-meta":{"desktop":{"background-color":"","background-image":"","background-repeat":"repeat","background-position":"center center","background-size":"auto","background-attachment":"scroll","background-type":"","background-media":"","overlay-type":"","overlay-color":"","overlay-opacity":"","overlay-gradient":""},"tablet":{"background-color":"","background-image":"","background-repeat":"repeat","background-position":"center center","background-size":"auto","background-attachment":"scroll","background-type":"","background-media":"","overlay-type":"","overlay-color":"","overlay-opacity":"","overlay-gradient":""},"mobile":{"background-color":"","background-image":"","background-repeat":"repeat","background-position":"center center","background-size":"auto","background-attachment":"scroll","background-type":"","background-media":"","overlay-type":"","overlay-color":"","overlay-opacity":"","overlay-gradient":""}},"ast-content-background-meta":{"desktop":{"background-color":"var(--ast-global-color-5)","background-image":"","background-repeat":"repeat","background-position":"center center","background-size":"auto","background-attachment":"scroll","background-type":"","background-media":"","overlay-type":"","overlay-color":"","overlay-opacity":"","overlay-gradient":""},"tablet":{"background-color":"var(--ast-global-color-5)","background-image":"","background-repeat":"repeat","background-position":"center center","background-size":"auto","background-attachment":"scroll","background-type":"","background-media":"","overlay-type":"","overlay-color":"","overlay-opacity":"","overlay-gradient":""},"mobile":{"background-color":"var(--ast-global-color-5)","background-image":"","background-repeat":"repeat","background-position":"center center","background-size":"auto","background-attachment":"scroll","background-type":"","background-media":"","overlay-type":"","overlay-color":"","overlay-opacity":"","overlay-gradient":""}},"_joinchat":[]},"product_brand":[],"product_cat":[141],"product_tag":[316,320,334,324,318,317,330,319,323,321,322,331,325,327,326,328,332,329,333],"class_list":{"0":"post-5036","1":"product","2":"type-product","3":"status-publish","4":"has-post-thumbnail","6":"product_cat-sex-meth","7":"product_tag-achetez-methamphetamine","8":"product_tag-commandez-methamphetamine-en-ligne","9":"product_tag-fournisseurs-de-methamphetamine-fiables","10":"product_tag-fournisseurs-fiables-de-methamphetamine","11":"product_tag-metamfetamina-pure","12":"product_tag-methamphetamine-a-vendre","13":"product_tag-methamphetamine-authentique","14":"product_tag-methamphetamine-de-haute-qualite","15":"product_tag-methamphetamine-en-comprimes","16":"product_tag-methamphetamine-en-cristaux","17":"product_tag-methamphetamine-en-poudre","18":"product_tag-methamphetamine-livraison-discrete","19":"product_tag-methamphetamine-livraison-rapide","20":"product_tag-methamphetamine-pour-recherche","21":"product_tag-methamphetamine-pure-en-ligne","22":"product_tag-methamphetamine-recreative","23":"product_tag-ou-acheter-methamphetamine","24":"product_tag-prix-de-la-methamphetamine","25":"product_tag-produits-premium-methamphetamine","26":"desktop-align-left","27":"tablet-align-left","28":"mobile-align-left","30":"first","31":"instock","32":"shipping-taxable","33":"purchasable","34":"product-type-variable"},"yoast_head":"<!-- This site is optimized with the Yoast SEO plugin v26.9 - https:\/\/yoast.com\/product\/yoast-seo-wordpress\/ -->\n<title>Achetez de la M\u00e9thamph\u00e9tamine (Metamfetamina) | GBlexprimer<\/title>\n<meta name=\"description\" content=\"Achetez de la m\u00e9thamph\u00e9tamine pure (Metamfetamina) en ligne sur GBlexprimer. Disponible en cristaux, poudres, comprim\u00e9s. Livraison rapide et paiement s\u00e9curis\u00e9. Commandez d\u00e8s aujourd\u2019hui !\" \/>\n<meta name=\"robots\" content=\"index, follow, max-snippet:-1, max-image-preview:large, max-video-preview:-1\" \/>\n<link rel=\"canonical\" href=\"https:\/\/gblexprimer.com\/sv\/produkt\/metamfetamin\/\" \/>\n<meta property=\"og:locale\" content=\"sv_SE\" \/>\n<meta property=\"og:type\" content=\"article\" \/>\n<meta property=\"og:title\" content=\"Achetez de la M\u00e9thamph\u00e9tamine (Metamfetamina) | GBlexprimer\" \/>\n<meta property=\"og:description\" content=\"Achetez de la m\u00e9thamph\u00e9tamine pure (Metamfetamina) en ligne sur GBlexprimer. Disponible en cristaux, poudres, comprim\u00e9s. Livraison rapide et paiement s\u00e9curis\u00e9. Commandez d\u00e8s aujourd\u2019hui !\" \/>\n<meta property=\"og:url\" content=\"https:\/\/gblexprimer.com\/sv\/produkt\/metamfetamin\/\" \/>\n<meta property=\"og:site_name\" content=\"GBL Exprimer\" \/>\n<meta property=\"article:modified_time\" content=\"2026-04-13T04:20:56+00:00\" \/>\n<meta property=\"og:image\" content=\"https:\/\/gblexprimer.com\/wp-content\/uploads\/2024\/11\/Methamphetamine.jpg\" \/>\n\t<meta property=\"og:image:width\" content=\"600\" \/>\n\t<meta property=\"og:image:height\" content=\"600\" \/>\n\t<meta property=\"og:image:type\" content=\"image\/jpeg\" \/>\n<meta name=\"twitter:card\" content=\"summary_large_image\" \/>\n<meta name=\"twitter:label1\" content=\"Ber\u00e4knad l\u00e4stid\" \/>\n\t<meta name=\"twitter:data1\" content=\"2 minuter\" \/>\n<script type=\"application\/ld+json\" class=\"yoast-schema-graph\">{\"@context\":\"https:\/\/schema.org\",\"@graph\":[{\"@type\":\"WebPage\",\"@id\":\"https:\/\/gblexprimer.com\/product\/methamphetamine\/\",\"url\":\"https:\/\/gblexprimer.com\/product\/methamphetamine\/\",\"name\":\"Achetez de la M\u00e9thamph\u00e9tamine (Metamfetamina) | GBlexprimer\",\"isPartOf\":{\"@id\":\"https:\/\/gblexprimer.com\/#website\"},\"primaryImageOfPage\":{\"@id\":\"https:\/\/gblexprimer.com\/product\/methamphetamine\/#primaryimage\"},\"image\":{\"@id\":\"https:\/\/gblexprimer.com\/product\/methamphetamine\/#primaryimage\"},\"thumbnailUrl\":\"https:\/\/gblexprimer.com\/wp-content\/uploads\/2024\/11\/Methamphetamine.jpg\",\"datePublished\":\"2024-11-26T06:06:34+00:00\",\"dateModified\":\"2026-04-13T04:20:56+00:00\",\"description\":\"Achetez de la m\u00e9thamph\u00e9tamine pure (Metamfetamina) en ligne sur GBlexprimer. Disponible en cristaux, poudres, comprim\u00e9s. Livraison rapide et paiement s\u00e9curis\u00e9. Commandez d\u00e8s aujourd\u2019hui !\",\"breadcrumb\":{\"@id\":\"https:\/\/gblexprimer.com\/product\/methamphetamine\/#breadcrumb\"},\"inLanguage\":\"sv-SE\",\"potentialAction\":[{\"@type\":\"ReadAction\",\"target\":[\"https:\/\/gblexprimer.com\/product\/methamphetamine\/\"]}]},{\"@type\":\"ImageObject\",\"inLanguage\":\"sv-SE\",\"@id\":\"https:\/\/gblexprimer.com\/product\/methamphetamine\/#primaryimage\",\"url\":\"https:\/\/gblexprimer.com\/wp-content\/uploads\/2024\/11\/Methamphetamine.jpg\",\"contentUrl\":\"https:\/\/gblexprimer.com\/wp-content\/uploads\/2024\/11\/Methamphetamine.jpg\",\"width\":600,\"height\":600,\"caption\":\"M\u00e9thamph\u00e9tamine\"},{\"@type\":\"BreadcrumbList\",\"@id\":\"https:\/\/gblexprimer.com\/product\/methamphetamine\/#breadcrumb\",\"itemListElement\":[{\"@type\":\"ListItem\",\"position\":1,\"name\":\"Home\",\"item\":\"https:\/\/gblexprimer.com\/\"},{\"@type\":\"ListItem\",\"position\":2,\"name\":\"Shop\",\"item\":\"https:\/\/gblexprimer.com\/shop\/\"},{\"@type\":\"ListItem\",\"position\":3,\"name\":\"M\u00e9thamph\u00e9tamine\"}]},{\"@type\":\"WebSite\",\"@id\":\"https:\/\/gblexprimer.com\/#website\",\"url\":\"https:\/\/gblexprimer.com\/\",\"name\":\"GBL Exprimer\",\"description\":\"\",\"publisher\":{\"@id\":\"https:\/\/gblexprimer.com\/#organization\"},\"potentialAction\":[{\"@type\":\"SearchAction\",\"target\":{\"@type\":\"EntryPoint\",\"urlTemplate\":\"https:\/\/gblexprimer.com\/?s={search_term_string}\"},\"query-input\":{\"@type\":\"PropertyValueSpecification\",\"valueRequired\":true,\"valueName\":\"search_term_string\"}}],\"inLanguage\":\"sv-SE\"},{\"@type\":\"Organization\",\"@id\":\"https:\/\/gblexprimer.com\/#organization\",\"name\":\"GBL Exprimer\",\"url\":\"https:\/\/gblexprimer.com\/\",\"logo\":{\"@type\":\"ImageObject\",\"inLanguage\":\"sv-SE\",\"@id\":\"https:\/\/gblexprimer.com\/#\/schema\/logo\/image\/\",\"url\":\"https:\/\/gblexprimer.com\/wp-content\/uploads\/2024\/01\/logo.png\",\"contentUrl\":\"https:\/\/gblexprimer.com\/wp-content\/uploads\/2024\/01\/logo.png\",\"width\":220,\"height\":80,\"caption\":\"GBL Exprimer\"},\"image\":{\"@id\":\"https:\/\/gblexprimer.com\/#\/schema\/logo\/image\/\"}}]}<\/script>\n<!-- \/ Yoast SEO plugin. -->","yoast_head_json":{"title":"K\u00f6p metamfetamin (Metamfetamina) | GBlexprimer","description":"K\u00f6p ren metamfetamin (Metamfetamina) online p\u00e5 GBlexprimer. Finns i kristaller, pulver och tabletter. Snabb leverans och s\u00e4ker betalning. Best\u00e4ll redan idag!","robots":{"index":"index","follow":"follow","max-snippet":"max-snippet:-1","max-image-preview":"max-image-preview:large","max-video-preview":"max-video-preview:-1"},"canonical":"https:\/\/gblexprimer.com\/sv\/produkt\/metamfetamin\/","og_locale":"sv_SE","og_type":"article","og_title":"Achetez de la M\u00e9thamph\u00e9tamine (Metamfetamina) | GBlexprimer","og_description":"Achetez de la m\u00e9thamph\u00e9tamine pure (Metamfetamina) en ligne sur GBlexprimer. Disponible en cristaux, poudres, comprim\u00e9s. Livraison rapide et paiement s\u00e9curis\u00e9. Commandez d\u00e8s aujourd\u2019hui !","og_url":"https:\/\/gblexprimer.com\/sv\/produkt\/metamfetamin\/","og_site_name":"GBL Exprimer","article_modified_time":"2026-04-13T04:20:56+00:00","og_image":[{"width":600,"height":600,"url":"https:\/\/gblexprimer.com\/wp-content\/uploads\/2024\/11\/Methamphetamine.jpg","type":"image\/jpeg"}],"twitter_card":"summary_large_image","twitter_misc":{"Ber\u00e4knad l\u00e4stid":"2 minuter"},"schema":{"@context":"https:\/\/schema.org","@graph":[{"@type":"WebPage","@id":"https:\/\/gblexprimer.com\/product\/methamphetamine\/","url":"https:\/\/gblexprimer.com\/product\/methamphetamine\/","name":"K\u00f6p metamfetamin (Metamfetamina) | GBlexprimer","isPartOf":{"@id":"https:\/\/gblexprimer.com\/#website"},"primaryImageOfPage":{"@id":"https:\/\/gblexprimer.com\/product\/methamphetamine\/#primaryimage"},"image":{"@id":"https:\/\/gblexprimer.com\/product\/methamphetamine\/#primaryimage"},"thumbnailUrl":"https:\/\/gblexprimer.com\/wp-content\/uploads\/2024\/11\/Methamphetamine.jpg","datePublished":"2024-11-26T06:06:34+00:00","dateModified":"2026-04-13T04:20:56+00:00","description":"K\u00f6p ren metamfetamin (Metamfetamina) online p\u00e5 GBlexprimer. Finns i kristaller, pulver och tabletter. Snabb leverans och s\u00e4ker betalning. Best\u00e4ll redan idag!","breadcrumb":{"@id":"https:\/\/gblexprimer.com\/product\/methamphetamine\/#breadcrumb"},"inLanguage":"sv-SE","potentialAction":[{"@type":"ReadAction","target":["https:\/\/gblexprimer.com\/product\/methamphetamine\/"]}]},{"@type":"ImageObject","inLanguage":"sv-SE","@id":"https:\/\/gblexprimer.com\/product\/methamphetamine\/#primaryimage","url":"https:\/\/gblexprimer.com\/wp-content\/uploads\/2024\/11\/Methamphetamine.jpg","contentUrl":"https:\/\/gblexprimer.com\/wp-content\/uploads\/2024\/11\/Methamphetamine.jpg","width":600,"height":600,"caption":"M\u00e9thamph\u00e9tamine"},{"@type":"BreadcrumbList","@id":"https:\/\/gblexprimer.com\/product\/methamphetamine\/#breadcrumb","itemListElement":[{"@type":"ListItem","position":1,"name":"Home","item":"https:\/\/gblexprimer.com\/"},{"@type":"ListItem","position":2,"name":"Shop","item":"https:\/\/gblexprimer.com\/shop\/"},{"@type":"ListItem","position":3,"name":"M\u00e9thamph\u00e9tamine"}]},{"@type":"WebSite","@id":"https:\/\/gblexprimer.com\/#website","url":"https:\/\/gblexprimer.com\/","name":"GBL Express","description":"","publisher":{"@id":"https:\/\/gblexprimer.com\/#organization"},"potentialAction":[{"@type":"SearchAction","target":{"@type":"EntryPoint","urlTemplate":"https:\/\/gblexprimer.com\/?s={search_term_string}"},"query-input":{"@type":"PropertyValueSpecification","valueRequired":true,"valueName":"search_term_string"}}],"inLanguage":"sv-SE"},{"@type":"Organization","@id":"https:\/\/gblexprimer.com\/#organization","name":"GBL Express","url":"https:\/\/gblexprimer.com\/","logo":{"@type":"ImageObject","inLanguage":"sv-SE","@id":"https:\/\/gblexprimer.com\/#\/schema\/logo\/image\/","url":"https:\/\/gblexprimer.com\/wp-content\/uploads\/2024\/01\/logo.png","contentUrl":"https:\/\/gblexprimer.com\/wp-content\/uploads\/2024\/01\/logo.png","width":220,"height":80,"caption":"GBL Exprimer"},"image":{"@id":"https:\/\/gblexprimer.com\/#\/schema\/logo\/image\/"}}]}},"_links":{"self":[{"href":"https:\/\/gblexprimer.com\/sv\/wp-json\/wp\/v2\/product\/5036","targetHints":{"allow":["GET"]}}],"collection":[{"href":"https:\/\/gblexprimer.com\/sv\/wp-json\/wp\/v2\/product"}],"about":[{"href":"https:\/\/gblexprimer.com\/sv\/wp-json\/wp\/v2\/types\/product"}],"replies":[{"embeddable":true,"href":"https:\/\/gblexprimer.com\/sv\/wp-json\/wp\/v2\/comments?post=5036"}],"wp:featuredmedia":[{"embeddable":true,"href":"https:\/\/gblexprimer.com\/sv\/wp-json\/wp\/v2\/media\/5283"}],"wp:attachment":[{"href":"https:\/\/gblexprimer.com\/sv\/wp-json\/wp\/v2\/media?parent=5036"}],"wp:term":[{"taxonomy":"product_brand","embeddable":true,"href":"https:\/\/gblexprimer.com\/sv\/wp-json\/wp\/v2\/product_brand?post=5036"},{"taxonomy":"product_cat","embeddable":true,"href":"https:\/\/gblexprimer.com\/sv\/wp-json\/wp\/v2\/product_cat?post=5036"},{"taxonomy":"product_tag","embeddable":true,"href":"https:\/\/gblexprimer.com\/sv\/wp-json\/wp\/v2\/product_tag?post=5036"}],"curies":[{"name":"wp","href":"https:\/\/api.w.org\/{rel}","templated":true}]}}