{"id":5039,"date":"2024-11-26T06:06:43","date_gmt":"2024-11-26T06:06:43","guid":{"rendered":"https:\/\/gblexprimer.com\/?post_type=product&#038;p=5039"},"modified":"2026-04-10T10:03:57","modified_gmt":"2026-04-10T10:03:57","slug":"alkohol","status":"publish","type":"product","link":"https:\/\/gblexprimer.com\/sv\/produkt\/alkohol\/","title":{"rendered":"Alkohol"},"content":{"rendered":"<h2 data-start=\"84\" data-end=\"541\"><strong>K\u00f6p alkohol online p\u00e5 GBLExperimer<\/strong><\/h2>\n<p data-start=\"84\" data-end=\"541\">Avec la demande croissante de commodit\u00e9, <a href=\"https:\/\/en.wikipedia.org\/wiki\/Alcohol\">k\u00f6pa alkohol p\u00e5 n\u00e4tet<\/a> est devenu une option privil\u00e9gi\u00e9e pour beaucoup. Que vous recherchiez une bouteille sp\u00e9cifique de vin, un spiritueux rare ou que vous souhaitiez simplement r\u00e9approvisionner votre bar \u00e0 domicile, GBlexprimer offre une exp\u00e9rience d&rsquo;achat pratique et fiable. Si vous vous demandez o\u00f9 acheter de l&rsquo;alcool en ligne, voici pourquoi GBLexPrimer est le meilleur choix pour effectuer votre achat.<\/p>\n<h3 data-start=\"543\" data-end=\"581\"><strong data-start=\"543\" data-end=\"581\">Varierat utbud av alkohol till salu<\/strong><\/h3>\n<p data-start=\"583\" data-end=\"1086\"><a href=\"https:\/\/gblexprimer.com\/sv\/produkt\/alkohol\/\">N\u00e4r det g\u00e4ller att k\u00f6pa alkohol online<\/a>Variation \u00e4r nyckeln. GBlexprimer erbjuder ett brett utbud av produkter, fr\u00e5n fina viner och premiumsprit till hantverks\u00f6l och blandningar. Oavsett om du letar efter en speciell flaska whisky eller ett elegant r\u00f6tt vin till middagen, garanterar v\u00e5rt urval att du hittar exakt vad du beh\u00f6ver. V\u00e5rt engagemang f\u00f6r att erbjuda ett brett utbud g\u00f6r oss till den sj\u00e4lvklara plattformen f\u00f6r alla dina alkoholbehov.<\/p>\n<h3 data-start=\"1088\" data-end=\"1137\"><strong data-start=\"1088\" data-end=\"1137\">Konkurrenskraftiga priser och exklusiva erbjudanden<\/strong><\/h3>\n<p data-start=\"1139\" data-end=\"1723\">P\u00e5 GBlexprimer tror vi p\u00e5 att erbjuda bra v\u00e4rde. Ut\u00f6ver v\u00e5rt omfattande utbud av alkohol till salu garanterar vi konkurrenskraftiga priser utan att kompromissa med kvaliteten. Oavsett om du k\u00f6per en flaska till ett firande eller bara fyller p\u00e5 lagret, erbjuder vi rabatter, paketerbjudanden och s\u00e4songsbetonade kampanjer som g\u00f6r det mer prisv\u00e4rt att k\u00f6pa alkohol online. H\u00e5ll utkik p\u00e5 v\u00e5r webbplats f\u00f6r specialerbjudanden och exklusiva rabatter som g\u00f6r ditt k\u00f6p \u00e4nnu mer ekonomiskt.<\/p>\n<h3 data-start=\"1725\" data-end=\"1765\"><strong data-start=\"1725\" data-end=\"1765\">L\u00e4ttanv\u00e4nd shoppingupplevelse<\/strong><\/h3>\n<p data-start=\"1767\" data-end=\"2281\"><a href=\"https:\/\/gblexprimer.com\/sv\/produkt\/amfetamina\/\">Commander de<\/a> l&rsquo;alcool en ligne doit \u00eatre simple et pratique, et GBlexprimer vous offre exactement cela. Notre site est con\u00e7u pour l&rsquo;utilisateur, ce qui facilite la navigation dans nos cat\u00e9gories, la consultation des d\u00e9tails des produits et la prise de d\u00e9cisions \u00e9clair\u00e9es. Nous fournissons \u00e9galement des descriptions d\u00e9taill\u00e9es et des filtres utiles pour affiner vos choix. Une fois votre s\u00e9lection effectu\u00e9e, notre processus de paiement s\u00e9curis\u00e9 et rapide vous assure une exp\u00e9rience d&rsquo;achat fluide et sans tracas.<\/p>\n<h3 data-start=\"2283\" data-end=\"2313\"><strong data-start=\"2283\" data-end=\"2313\">Snabb och tillf\u00f6rlitlig leverans<\/strong><\/h3>\n<p data-start=\"2315\" data-end=\"2704\">Une fois votre d\u00e9cision prise sur o\u00f9 acheter de l&rsquo;alcool, la livraison rapide et fiable est primordiale. Chez <a href=\"https:\/\/gblexprimer.com\/sv\/\">GBlexpress<\/a>, nous mettons un point d&rsquo;honneur \u00e0 livrer vos produits rapidement. Que vous organisiez un \u00e9v\u00e9nement ou que vous profitiez d&rsquo;une soir\u00e9e tranquille, nous veillons \u00e0 ce que votre commande vous parvienne \u00e0 temps, pour que vous puissiez profiter de votre achat sans d\u00e9lai.<\/p>\n<h3 data-start=\"2706\" data-end=\"2764\"><strong data-start=\"2706\" data-end=\"2764\">S\u00e4kra transaktioner och integritetsskydd<\/strong><\/h3>\n<p data-start=\"2766\" data-end=\"3193\">S\u00e4kerhet \u00e4r h\u00f6gsta prioritet n\u00e4r du k\u00f6per alkohol online. GBlexprimer anv\u00e4nder toppmodern krypteringsteknik f\u00f6r att s\u00e4kerst\u00e4lla att din personliga information och betalningsinformation alltid \u00e4r skyddad. V\u00e5r plattform \u00e4r utformad f\u00f6r att ge en s\u00e4ker shoppingmilj\u00f6, s\u00e5 att du kan best\u00e4lla alkohol online med fullst\u00e4ndig tillf\u00f6rsikt, i vetskapen om att dina uppgifter \u00e4r i trygga h\u00e4nder.<\/p>\n<h3 data-start=\"3195\" data-end=\"3233\"><strong data-start=\"3195\" data-end=\"3233\">Expertr\u00e5d och kundrecensioner<\/strong><\/h3>\n<p data-start=\"3235\" data-end=\"3694\">Om du \u00e4r os\u00e4ker p\u00e5 vilken produkt du ska v\u00e4lja erbjuder GBl express expertrekommendationer och kundrecensioner som v\u00e4gledning i ditt beslut. Oavsett om du \u00e4r nyb\u00f6rjare p\u00e5 en viss typ av alkohol eller letar efter f\u00f6rslag p\u00e5 vad du kan prova, finns v\u00e5rt team h\u00e4r f\u00f6r att hj\u00e4lpa dig. Kundrecensioner ger ocks\u00e5 ytterligare insikter som hj\u00e4lper dig att fatta ett v\u00e4lgrundat beslut n\u00e4r du k\u00f6per alkohol online.<\/p>\n<h3 data-start=\"3696\" data-end=\"3727\"><strong data-start=\"3696\" data-end=\"3727\">Personlig kundsupport<\/strong><\/h3>\n<p data-start=\"3729\" data-end=\"4136\"><a href=\"https:\/\/gblexprimer.com\/sv\/\">Chez GBlexprimer<\/a>Kundn\u00f6jdhet \u00e4r v\u00e5r prioritet. V\u00e5rt engagerade supportteam finns tillg\u00e4ngligt f\u00f6r att svara p\u00e5 eventuella fr\u00e5gor eller funderingar du kan ha. Oavsett om du beh\u00f6ver hj\u00e4lp med din best\u00e4llning, har fr\u00e5gor om en produkt eller letar efter r\u00e5d om var du kan k\u00f6pa alkohol, erbjuder vi personlig support f\u00f6r att s\u00e4kerst\u00e4lla en trevlig shoppingupplevelse.<\/p>\n<h3 data-start=\"4138\" data-end=\"4175\"><strong data-start=\"4138\" data-end=\"4175\">H\u00e5ll dig informerad om de senaste nyheterna<\/strong><\/h3>\n<p data-start=\"4177\" data-end=\"4605\">Alkoholmarknaden utvecklas st\u00e4ndigt, med nya utg\u00e5vor och limiterade upplagor som ofta dyker upp. P\u00e5 GBlexprimer h\u00e5ller vi dig informerad om de senaste nyheterna och exklusiva erbjudandena. Genom att prenumerera p\u00e5 v\u00e5rt nyhetsbrev eller f\u00f6lja oss p\u00e5 sociala medier kommer du alltid att vara uppdaterad om nya alkoholprodukter, vilket s\u00e4kerst\u00e4ller att du aldrig missar de senaste produkterna.<\/p>\n<h3 data-start=\"4607\" data-end=\"4648\"><strong data-start=\"4607\" data-end=\"4648\">Engagement en faveur de la Durabilit\u00e9<\/strong><\/h3>\n<p data-start=\"4650\" data-end=\"5041\">Vi \u00e4r ocks\u00e5 medvetna om v\u00e5r milj\u00f6p\u00e5verkan. GBlexprimer erbjuder milj\u00f6v\u00e4nliga f\u00f6rpackningsalternativ och f\u00f6ljer ansvarsfulla ink\u00f6psmetoder. Genom att v\u00e4lja v\u00e5r plattform f\u00e5r du inte bara tillg\u00e5ng till fantastiska produkter, utan du st\u00f6der ocks\u00e5 h\u00e5llbarhetsarbetet som syftar till att minska alkoholindustrins koldioxidavtryck.<\/p>\n<h3 data-start=\"5043\" data-end=\"5057\"><strong data-start=\"5043\" data-end=\"5057\">Slutsats<\/strong><\/h3>\n<p data-start=\"5059\" data-end=\"5662\" data-is-last-node=\"\" data-is-only-node=\"\">GBlexprimer onderscheidt zich als de beste plek om online alcohol te kopen dankzij het enorme assortiment, de scherpe prijzen, de snelle levering en de veilige transacties. Ons gebruiksvriendelijke platform zorgt ervoor dat online alcohol kopen eenvoudig en plezierig is. Of u nu een doorgewinterde kenner bent of nieuw bent in de wereld van alcohol, GBlexprimer biedt een hoogwaardige winkelervaring die is afgestemd op uw behoeften. De volgende keer dat u zich afvraagt \u200b\u200bwaar u alcohol kunt kopen, hoeft u niet verder te zoeken. <a href=\"https:\/\/en.wikipedia.org\/wiki\/Alcohol\">k\u00f6pa alkohol p\u00e5 n\u00e4tet<\/a>, faites de GBlexprimer votre premier choix pour la qualit\u00e9, la commodit\u00e9 et la valeur.<\/p>","protected":false},"excerpt":{"rendered":"<p>Achetez de l&rsquo;alcool en ligne sur GBlexprimer Avec la demande croissante de commodit\u00e9, acheter de l&rsquo;alcool en ligne est devenu une option privil\u00e9gi\u00e9e pour beaucoup. Que vous recherchiez une bouteille sp\u00e9cifique de vin, un spiritueux rare ou que vous souhaitiez simplement r\u00e9approvisionner votre bar \u00e0 domicile, GBlexprimer offre une exp\u00e9rience d&rsquo;achat pratique et fiable. Si [&hellip;]<\/p>","protected":false},"featured_media":5257,"comment_status":"open","ping_status":"closed","template":"","meta":{"site-sidebar-layout":"default","site-content-layout":"","ast-site-content-layout":"default","site-content-style":"default","site-sidebar-style":"default","ast-global-header-display":"","ast-banner-title-visibility":"","ast-main-header-display":"","ast-hfb-above-header-display":"","ast-hfb-below-header-display":"","ast-hfb-mobile-header-display":"","site-post-title":"","ast-breadcrumbs-content":"","ast-featured-img":"","footer-sml-layout":"","theme-transparent-header-meta":"default","adv-header-id-meta":"","stick-header-meta":"","header-above-stick-meta":"","header-main-stick-meta":"","header-below-stick-meta":"","astra-migrate-meta-layouts":"set","ast-page-background-enabled":"default","ast-page-background-meta":{"desktop":{"background-color":"","background-image":"","background-repeat":"repeat","background-position":"center center","background-size":"auto","background-attachment":"scroll","background-type":"","background-media":"","overlay-type":"","overlay-color":"","overlay-opacity":"","overlay-gradient":""},"tablet":{"background-color":"","background-image":"","background-repeat":"repeat","background-position":"center center","background-size":"auto","background-attachment":"scroll","background-type":"","background-media":"","overlay-type":"","overlay-color":"","overlay-opacity":"","overlay-gradient":""},"mobile":{"background-color":"","background-image":"","background-repeat":"repeat","background-position":"center center","background-size":"auto","background-attachment":"scroll","background-type":"","background-media":"","overlay-type":"","overlay-color":"","overlay-opacity":"","overlay-gradient":""}},"ast-content-background-meta":{"desktop":{"background-color":"var(--ast-global-color-5)","background-image":"","background-repeat":"repeat","background-position":"center center","background-size":"auto","background-attachment":"scroll","background-type":"","background-media":"","overlay-type":"","overlay-color":"","overlay-opacity":"","overlay-gradient":""},"tablet":{"background-color":"var(--ast-global-color-5)","background-image":"","background-repeat":"repeat","background-position":"center center","background-size":"auto","background-attachment":"scroll","background-type":"","background-media":"","overlay-type":"","overlay-color":"","overlay-opacity":"","overlay-gradient":""},"mobile":{"background-color":"var(--ast-global-color-5)","background-image":"","background-repeat":"repeat","background-position":"center center","background-size":"auto","background-attachment":"scroll","background-type":"","background-media":"","overlay-type":"","overlay-color":"","overlay-opacity":"","overlay-gradient":""}},"_joinchat":[]},"product_brand":[],"product_cat":[141],"product_tag":[],"class_list":{"0":"post-5039","1":"product","2":"type-product","3":"status-publish","4":"has-post-thumbnail","6":"product_cat-sex-meth","7":"desktop-align-left","8":"tablet-align-left","9":"mobile-align-left","11":"first","12":"instock","13":"shipping-taxable","14":"purchasable","15":"product-type-variable"},"yoast_head":"<!-- This site is optimized with the Yoast SEO plugin v26.9 - https:\/\/yoast.com\/product\/yoast-seo-wordpress\/ -->\n<title>Acheter de l&#039;alcool en ligne \u2013 \u00c9thanol \u00e0 vendre | Gblexprimer<\/title>\n<meta name=\"description\" content=\"L&#039;alcool (\u00e9thanol) est une substance psychoactive couramment pr\u00e9sente dans les boissons et les produits industriels. Il affecte le syst\u00e8me nerveux central et peut produire des effets s\u00e9datifs et enivrants. Amph\u00e9tamine\" \/>\n<meta name=\"robots\" content=\"index, follow, max-snippet:-1, max-image-preview:large, max-video-preview:-1\" \/>\n<link rel=\"canonical\" href=\"https:\/\/gblexprimer.com\/sv\/produkt\/alkohol\/\" \/>\n<meta property=\"og:locale\" content=\"sv_SE\" \/>\n<meta property=\"og:type\" content=\"article\" \/>\n<meta property=\"og:title\" content=\"Acheter de l&#039;alcool en ligne \u2013 \u00c9thanol \u00e0 vendre | Gblexprimer\" \/>\n<meta property=\"og:description\" content=\"L&#039;alcool (\u00e9thanol) est une substance psychoactive couramment pr\u00e9sente dans les boissons et les produits industriels. Il affecte le syst\u00e8me nerveux central et peut produire des effets s\u00e9datifs et enivrants. Amph\u00e9tamine\" \/>\n<meta property=\"og:url\" content=\"https:\/\/gblexprimer.com\/sv\/produkt\/alkohol\/\" \/>\n<meta property=\"og:site_name\" content=\"GBL Exprimer\" \/>\n<meta property=\"article:modified_time\" content=\"2026-04-10T10:03:57+00:00\" \/>\n<meta property=\"og:image\" content=\"https:\/\/gblexprimer.com\/wp-content\/uploads\/2024\/11\/alkohol.jpg\" \/>\n\t<meta property=\"og:image:width\" content=\"600\" \/>\n\t<meta property=\"og:image:height\" content=\"600\" \/>\n\t<meta property=\"og:image:type\" content=\"image\/jpeg\" \/>\n<meta name=\"twitter:card\" content=\"summary_large_image\" \/>\n<meta name=\"twitter:label1\" content=\"Ber\u00e4knad l\u00e4stid\" \/>\n\t<meta name=\"twitter:data1\" content=\"4 minuter\" \/>\n<script type=\"application\/ld+json\" class=\"yoast-schema-graph\">{\"@context\":\"https:\/\/schema.org\",\"@graph\":[{\"@type\":\"WebPage\",\"@id\":\"https:\/\/gblexprimer.com\/product\/alkohol\/\",\"url\":\"https:\/\/gblexprimer.com\/product\/alkohol\/\",\"name\":\"Acheter de l'alcool en ligne \u2013 \u00c9thanol \u00e0 vendre | Gblexprimer\",\"isPartOf\":{\"@id\":\"https:\/\/gblexprimer.com\/#website\"},\"primaryImageOfPage\":{\"@id\":\"https:\/\/gblexprimer.com\/product\/alkohol\/#primaryimage\"},\"image\":{\"@id\":\"https:\/\/gblexprimer.com\/product\/alkohol\/#primaryimage\"},\"thumbnailUrl\":\"https:\/\/gblexprimer.com\/wp-content\/uploads\/2024\/11\/alkohol.jpg\",\"datePublished\":\"2024-11-26T06:06:43+00:00\",\"dateModified\":\"2026-04-10T10:03:57+00:00\",\"description\":\"L'alcool (\u00e9thanol) est une substance psychoactive couramment pr\u00e9sente dans les boissons et les produits industriels. Il affecte le syst\u00e8me nerveux central et peut produire des effets s\u00e9datifs et enivrants. Amph\u00e9tamine\",\"breadcrumb\":{\"@id\":\"https:\/\/gblexprimer.com\/product\/alkohol\/#breadcrumb\"},\"inLanguage\":\"sv-SE\",\"potentialAction\":[{\"@type\":\"ReadAction\",\"target\":[\"https:\/\/gblexprimer.com\/product\/alkohol\/\"]}]},{\"@type\":\"ImageObject\",\"inLanguage\":\"sv-SE\",\"@id\":\"https:\/\/gblexprimer.com\/product\/alkohol\/#primaryimage\",\"url\":\"https:\/\/gblexprimer.com\/wp-content\/uploads\/2024\/11\/alkohol.jpg\",\"contentUrl\":\"https:\/\/gblexprimer.com\/wp-content\/uploads\/2024\/11\/alkohol.jpg\",\"width\":600,\"height\":600,\"caption\":\"alkohol\"},{\"@type\":\"BreadcrumbList\",\"@id\":\"https:\/\/gblexprimer.com\/product\/alkohol\/#breadcrumb\",\"itemListElement\":[{\"@type\":\"ListItem\",\"position\":1,\"name\":\"Home\",\"item\":\"https:\/\/gblexprimer.com\/\"},{\"@type\":\"ListItem\",\"position\":2,\"name\":\"Shop\",\"item\":\"https:\/\/gblexprimer.com\/shop\/\"},{\"@type\":\"ListItem\",\"position\":3,\"name\":\"Alkohol\"}]},{\"@type\":\"WebSite\",\"@id\":\"https:\/\/gblexprimer.com\/#website\",\"url\":\"https:\/\/gblexprimer.com\/\",\"name\":\"GBL Exprimer\",\"description\":\"\",\"publisher\":{\"@id\":\"https:\/\/gblexprimer.com\/#organization\"},\"potentialAction\":[{\"@type\":\"SearchAction\",\"target\":{\"@type\":\"EntryPoint\",\"urlTemplate\":\"https:\/\/gblexprimer.com\/?s={search_term_string}\"},\"query-input\":{\"@type\":\"PropertyValueSpecification\",\"valueRequired\":true,\"valueName\":\"search_term_string\"}}],\"inLanguage\":\"sv-SE\"},{\"@type\":\"Organization\",\"@id\":\"https:\/\/gblexprimer.com\/#organization\",\"name\":\"GBL Exprimer\",\"url\":\"https:\/\/gblexprimer.com\/\",\"logo\":{\"@type\":\"ImageObject\",\"inLanguage\":\"sv-SE\",\"@id\":\"https:\/\/gblexprimer.com\/#\/schema\/logo\/image\/\",\"url\":\"https:\/\/gblexprimer.com\/wp-content\/uploads\/2024\/01\/logo.png\",\"contentUrl\":\"https:\/\/gblexprimer.com\/wp-content\/uploads\/2024\/01\/logo.png\",\"width\":220,\"height\":80,\"caption\":\"GBL Exprimer\"},\"image\":{\"@id\":\"https:\/\/gblexprimer.com\/#\/schema\/logo\/image\/\"}}]}<\/script>\n<!-- \/ Yoast SEO plugin. -->","yoast_head_json":{"title":"Acheter de l'alcool en ligne \u2013 \u00c9thanol \u00e0 vendre | Gblexprimer","description":"L'alcool (\u00e9thanol) est une substance psychoactive couramment pr\u00e9sente dans les boissons et les produits industriels. Il affecte le syst\u00e8me nerveux central et peut produire des effets s\u00e9datifs et enivrants. Amph\u00e9tamine","robots":{"index":"index","follow":"follow","max-snippet":"max-snippet:-1","max-image-preview":"max-image-preview:large","max-video-preview":"max-video-preview:-1"},"canonical":"https:\/\/gblexprimer.com\/sv\/produkt\/alkohol\/","og_locale":"sv_SE","og_type":"article","og_title":"Acheter de l'alcool en ligne \u2013 \u00c9thanol \u00e0 vendre | Gblexprimer","og_description":"L'alcool (\u00e9thanol) est une substance psychoactive couramment pr\u00e9sente dans les boissons et les produits industriels. Il affecte le syst\u00e8me nerveux central et peut produire des effets s\u00e9datifs et enivrants. Amph\u00e9tamine","og_url":"https:\/\/gblexprimer.com\/sv\/produkt\/alkohol\/","og_site_name":"GBL Exprimer","article_modified_time":"2026-04-10T10:03:57+00:00","og_image":[{"width":600,"height":600,"url":"https:\/\/gblexprimer.com\/wp-content\/uploads\/2024\/11\/alkohol.jpg","type":"image\/jpeg"}],"twitter_card":"summary_large_image","twitter_misc":{"Ber\u00e4knad l\u00e4stid":"4 minuter"},"schema":{"@context":"https:\/\/schema.org","@graph":[{"@type":"WebPage","@id":"https:\/\/gblexprimer.com\/product\/alkohol\/","url":"https:\/\/gblexprimer.com\/product\/alkohol\/","name":"Acheter de l'alcool en ligne \u2013 \u00c9thanol \u00e0 vendre | Gblexprimer","isPartOf":{"@id":"https:\/\/gblexprimer.com\/#website"},"primaryImageOfPage":{"@id":"https:\/\/gblexprimer.com\/product\/alkohol\/#primaryimage"},"image":{"@id":"https:\/\/gblexprimer.com\/product\/alkohol\/#primaryimage"},"thumbnailUrl":"https:\/\/gblexprimer.com\/wp-content\/uploads\/2024\/11\/alkohol.jpg","datePublished":"2024-11-26T06:06:43+00:00","dateModified":"2026-04-10T10:03:57+00:00","description":"L'alcool (\u00e9thanol) est une substance psychoactive couramment pr\u00e9sente dans les boissons et les produits industriels. Il affecte le syst\u00e8me nerveux central et peut produire des effets s\u00e9datifs et enivrants. Amph\u00e9tamine","breadcrumb":{"@id":"https:\/\/gblexprimer.com\/product\/alkohol\/#breadcrumb"},"inLanguage":"sv-SE","potentialAction":[{"@type":"ReadAction","target":["https:\/\/gblexprimer.com\/product\/alkohol\/"]}]},{"@type":"ImageObject","inLanguage":"sv-SE","@id":"https:\/\/gblexprimer.com\/product\/alkohol\/#primaryimage","url":"https:\/\/gblexprimer.com\/wp-content\/uploads\/2024\/11\/alkohol.jpg","contentUrl":"https:\/\/gblexprimer.com\/wp-content\/uploads\/2024\/11\/alkohol.jpg","width":600,"height":600,"caption":"alkohol"},{"@type":"BreadcrumbList","@id":"https:\/\/gblexprimer.com\/product\/alkohol\/#breadcrumb","itemListElement":[{"@type":"ListItem","position":1,"name":"Home","item":"https:\/\/gblexprimer.com\/"},{"@type":"ListItem","position":2,"name":"Shop","item":"https:\/\/gblexprimer.com\/shop\/"},{"@type":"ListItem","position":3,"name":"Alkohol"}]},{"@type":"WebSite","@id":"https:\/\/gblexprimer.com\/#website","url":"https:\/\/gblexprimer.com\/","name":"GBL Express","description":"","publisher":{"@id":"https:\/\/gblexprimer.com\/#organization"},"potentialAction":[{"@type":"SearchAction","target":{"@type":"EntryPoint","urlTemplate":"https:\/\/gblexprimer.com\/?s={search_term_string}"},"query-input":{"@type":"PropertyValueSpecification","valueRequired":true,"valueName":"search_term_string"}}],"inLanguage":"sv-SE"},{"@type":"Organization","@id":"https:\/\/gblexprimer.com\/#organization","name":"GBL Express","url":"https:\/\/gblexprimer.com\/","logo":{"@type":"ImageObject","inLanguage":"sv-SE","@id":"https:\/\/gblexprimer.com\/#\/schema\/logo\/image\/","url":"https:\/\/gblexprimer.com\/wp-content\/uploads\/2024\/01\/logo.png","contentUrl":"https:\/\/gblexprimer.com\/wp-content\/uploads\/2024\/01\/logo.png","width":220,"height":80,"caption":"GBL Exprimer"},"image":{"@id":"https:\/\/gblexprimer.com\/#\/schema\/logo\/image\/"}}]}},"_links":{"self":[{"href":"https:\/\/gblexprimer.com\/sv\/wp-json\/wp\/v2\/product\/5039","targetHints":{"allow":["GET"]}}],"collection":[{"href":"https:\/\/gblexprimer.com\/sv\/wp-json\/wp\/v2\/product"}],"about":[{"href":"https:\/\/gblexprimer.com\/sv\/wp-json\/wp\/v2\/types\/product"}],"replies":[{"embeddable":true,"href":"https:\/\/gblexprimer.com\/sv\/wp-json\/wp\/v2\/comments?post=5039"}],"wp:featuredmedia":[{"embeddable":true,"href":"https:\/\/gblexprimer.com\/sv\/wp-json\/wp\/v2\/media\/5257"}],"wp:attachment":[{"href":"https:\/\/gblexprimer.com\/sv\/wp-json\/wp\/v2\/media?parent=5039"}],"wp:term":[{"taxonomy":"product_brand","embeddable":true,"href":"https:\/\/gblexprimer.com\/sv\/wp-json\/wp\/v2\/product_brand?post=5039"},{"taxonomy":"product_cat","embeddable":true,"href":"https:\/\/gblexprimer.com\/sv\/wp-json\/wp\/v2\/product_cat?post=5039"},{"taxonomy":"product_tag","embeddable":true,"href":"https:\/\/gblexprimer.com\/sv\/wp-json\/wp\/v2\/product_tag?post=5039"}],"curies":[{"name":"wp","href":"https:\/\/api.w.org\/{rel}","templated":true}]}}