{"id":5049,"date":"2024-11-26T06:13:53","date_gmt":"2024-11-26T06:13:53","guid":{"rendered":"https:\/\/gblexprimer.com\/?post_type=product&#038;p=5049"},"modified":"2026-04-11T08:00:17","modified_gmt":"2026-04-11T08:00:17","slug":"mdma-ekstaza","status":"publish","type":"product","link":"https:\/\/gblexprimer.com\/sv\/produkt\/mdma-ekstaza\/","title":{"rendered":"MDMA (Ekstaza)"},"content":{"rendered":"<h2><strong>K\u00f6p MDMA (Ecstasy) online \u2013 GBLExprimer<br \/>\n<\/strong><\/h2>\n<p><strong>La <a href=\"https:\/\/gblexprimer.com\/sv\/produkt\/mdma-ekstaza\/\">MDMA<\/a><\/strong>\u00e4ven k\u00e4nd som<strong>Ecstasy<\/strong> eller <strong>de Molly<\/strong>\u00e4r en syntetisk psykoaktiv substans som \u00e4r k\u00e4nd f\u00f6r sina stimulerande och empatiframkallande effekter. Anv\u00e4nds fr\u00e4mst f\u00f6r rekreations\u00e4ndam\u00e5l <strong>MDMA<\/strong> studeras ocks\u00e5 f\u00f6r sin terapeutiska potential, s\u00e4rskilt vid behandling av posttraumatiskt stressyndrom (PTSD). P\u00e5 <a href=\"https:\/\/gblexprimer.com\/sv\/\"><strong>GBlexpress<\/strong><\/a>vi f\u00f6resl\u00e5r <strong>ren MDMA av h\u00f6g kvalitet<\/strong>, Med s\u00e4kra transaktioner, diskret f\u00f6rpackning och snabb leverans. K\u00f6p MDMA.<\/p>\n<p class=\"ds-markdown-paragraph\"><a href=\"https:\/\/en.wikipedia.org\/wiki\/MDMA\"><strong>MDMA-pulver till salu<\/strong><\/a>, allm\u00e4nt k\u00e4nd som \u00abecstasy\u00bb. MDMA har varit en central del av den brittiska acid house-, rave- och dansklubbscenen under de senaste 20 \u00e5ren. Siffror fr\u00e5n Storbritanniens \u00e5rliga brottsunders\u00f6kning tyder p\u00e5 att anv\u00e4ndningen av ecstasy har minskat sedan 2001. <strong>K\u00f6p rent MDMA-pulver och kristall online<\/strong>.<\/p>\n<p class=\"ds-markdown-paragraph\">Denna uppenbara nedg\u00e5ng unders\u00f6ks h\u00e4r tillsammans med den samtidiga framv\u00e4xten av en <strong>\u00aben \u00bbny\" form av ecstasy<\/strong> i F\u00f6renta staterna - den <strong>MDMA-pulver eller -kristaller<\/strong> - och\u00a0<strong>Fr\u00e5gan om i vilken utstr\u00e4ckning detta kan ses som en framg\u00e5ngsrik omprofilering av ecstasy som en \u00abpremiumprodukt\u00bb, efter anv\u00e4ndarnas besvikelse \u00f6ver billiga och l\u00e4ttillg\u00e4ngliga tabletter, \u00e4r kvalitet.<\/strong>.<\/p>\n<p class=\"ds-markdown-paragraph\">Dessa f\u00f6r\u00e4ndringar har skett i ett politiskt sammanhang som under det senaste decenniet har prioriterat f\u00f6rh\u00e5llandet mellan staten och den privata sektorn. <strong>droger-brottslighet<\/strong>, av <a href=\"https:\/\/gblexprimer.com\/sv\/produkt\/lugnande-lakemedel\/\"><strong>tv\u00e5ngsbehandling<\/strong><\/a> av problemanv\u00e4ndare i samband med straffr\u00e4ttsliga ingripanden, tillsammans med en betoning p\u00e5 <strong>berusningsdrickande<\/strong> och <strong>risker i samband med alkohol<\/strong>.<\/p>\n<p class=\"ds-markdown-paragraph\">Denna utveckling har lett till <strong>betydande minskning<\/strong> av information, st\u00f6d och behandling som finns tillg\u00e4nglig f\u00f6r ecstasyanv\u00e4ndare sedan ecstasyns storhetstid <strong>riskminskning<\/strong> kopplat till dansdroger, initierat av den <strong>S\u00e4krare dans<\/strong> i mitten av 1990-talet. <strong>K\u00f6p ren MDMA online<\/strong>, i pulver- eller kristallform.<\/p>\n<p class=\"ds-markdown-paragraph\"><strong>MDMA-pulver<\/strong><\/p>\n<p class=\"ds-markdown-paragraph\">Le <strong>MDMA pulver kristall<\/strong> \u00e4r ett l\u00e4kemedel som fungerar b\u00e5de som <strong>stimulerande medel<\/strong> och en <strong>psykedelisk<\/strong> - f\u00f6r att ge en energigivande effekt, samt <strong>tidsf\u00f6rvr\u00e4ngningar<\/strong> och uppfattningsf\u00f6rm\u00e5ga <strong>\u00f6kad empati<\/strong>. Det tas i allm\u00e4nhet i tablett- eller kapselform och dess effekter varar fr\u00e5n 3 till 6 timmar. Den genomsnittliga dosen som rapporteras \u00e4r en till tv\u00e5 tabletter, d\u00e4r varje tablett i allm\u00e4nhet inneh\u00e5ller mellan 60 och 120 milligram <strong>MDMA till f\u00f6rs\u00e4ljning i USA<\/strong>. Det \u00e4r inte ovanligt att anv\u00e4ndare tar en andra dos n\u00e4r effekterna av den f\u00f6rsta b\u00f6rjar blekna.<\/p>\n<p class=\"ds-markdown-paragraph\"><strong>MDMA-pulverkristaller online<\/strong> den <strong>3,4-metylendioximetamfetamin<\/strong> (MDMA) \u00e4r en <strong>syntetisk drog<\/strong> som f\u00f6r\u00e4ndrar hum\u00f6r och perception. Det liknar kemiskt b\u00e5de stimulantia och hallucinogener och ger f\u00f6rnimmelser av\u2019<strong>\u00f6kad energi<\/strong>, av <strong>gl\u00e4dje<\/strong>, av <strong>k\u00e4nslom\u00e4ssig v\u00e4rme<\/strong>, samt en <strong>f\u00f6rvr\u00e4ngd sensorisk och temporal perception<\/strong>.<\/p>\n<h3><strong>Till\u00e4mpningar och anv\u00e4ndningsomr\u00e5den f\u00f6r MDMA (Ekstaza)<\/strong><\/h3>\n<h4><strong>Anv\u00e4ndning f\u00f6r rekreation<\/strong><\/h4>\n<p>La <a href=\"https:\/\/en.wikipedia.org\/wiki\/MDMA\"><strong>MDMA<\/strong><\/a> \u00e4r popul\u00e4r p\u00e5 festivaler, fester och evenemang med anknytning till klubb- och ravekulturen, tack vare dess effekter p\u00e5 energi, s\u00e4llskaplighet och sinnesf\u00f6rnimmelser<a href=\"https:\/\/gblexpress.com\/shop\/gbl-online-kaufen-%ce%b3-butyrolacton-kaufen\/\">.<\/a><\/p>\n<h4><strong>Vetenskaplig och terapeutisk forskning<\/strong><\/h4>\n<p>Nyligen genomf\u00f6rda studier visar potentialen hos <strong>MDMA<\/strong> vid behandling av sjukdomar som PTSD och social \u00e5ngest. Forskare anv\u00e4nder <strong>MDMA<\/strong> f\u00f6r att utforska dess interaktioner med serotonin och dess neurokemiska p\u00e5verkan.<\/p>\n<h4><strong>Tillg\u00e4ngliga former<\/strong><\/h4>\n<p>Bes\u00f6k <strong>GBlexpress<\/strong>du kan k\u00f6pa <strong>MDMA i form av piller, kapslar eller kristaller<\/strong>beroende p\u00e5 dina specifika behov.<\/p>\n<h3><strong>Varf\u00f6r k\u00f6pa MDMA fr\u00e5n GBlexprimer?<\/strong><\/h3>\n<h4><strong>MDMA av h\u00f6g kvalitet<\/strong><\/h4>\n<p>V\u00e5r <strong>MDMA<\/strong> \u00e4r noggrant testad f\u00f6r att garantera dess renhet och \u00e4kthet.<\/p>\n<h4><strong>P\u00e5litliga leverant\u00f6rer<\/strong><\/h4>\n<p>Med en dokumenterad erfarenhet \u00e4r vi p\u00e5litliga s\u00e4ljare av <strong>MDMA<\/strong> f\u00f6r alla dina behov.<\/p>\n<h4><strong>S\u00e4kra transaktioner och diskreta f\u00f6rpackningar<\/strong><\/h4>\n<p>Vi garanterar s\u00e4kra betalningar och konfidentiell leverans f\u00f6r att skydda din integritet.<\/p>\n<h4><strong>Snabb och tillf\u00f6rlitlig leverans<\/strong><\/h4>\n<p>Best\u00e4ll online och f\u00e5 din <strong>MDMA<\/strong> snabbt tack vare v\u00e5rt effektiva logistikn\u00e4tverk.<\/p>\n<h3><strong>K\u00f6p MDMA online idag<\/strong><\/h3>\n<p>Letar du efter en plats att k\u00f6pa <strong>MDMA<\/strong> online? P\u00e5 <strong>GBlexpress<\/strong>vi erbjuder <strong>MDMA-piller, -kapslar och -kristaller av h\u00f6g kvalitet<\/strong>. Dra nytta av v\u00e5ra <strong>b\u00e4sta priser per gram<\/strong>, Du kommer ocks\u00e5 att dra nytta av v\u00e5r diskreta leverans och snabba service. Best\u00e4ll nu f\u00f6r en p\u00e5litlig och problemfri upplevelse. <strong>K\u00f6p MDMA online<\/strong> idag och ta reda p\u00e5 varf\u00f6r vi \u00e4r f\u00f6rstahandsvalet f\u00f6r k\u00f6pare av <strong>MDMA<\/strong>.<\/p>","protected":false},"excerpt":{"rendered":"<div class=\"ds-message _63c77b1\">\n<div class=\"ds-markdown\">\n<p class=\"ds-markdown-paragraph\"><strong>Best\u00e4ll laboratorietestade MDMA-tabletter online.<\/strong><br \/>\nK\u00f6p MDMA online p\u00e5 <strong>gblexprimer<\/strong>. MDMA till salu nu, med leverans <strong>s\u00e4kert och snabbt<\/strong> p\u00e5 en global skala.<\/p>\n<\/div>\n<\/div>\n<p>MDMA verkar genom att \u00f6ka fris\u00e4ttningen av serotonin, dopamin och noradrenalin i hj\u00e4rnan och samtidigt h\u00e4mma \u00e5terupptaget av dessa \u00e4mnen. Denna kombination \u00f6kar positiva k\u00e4nslor, empati och mental stimulans.<\/p>\n<ul>\n<li><strong>Huvudsakliga effekter :<\/strong> Eufori, en k\u00e4nsla av k\u00e4nslom\u00e4ssig n\u00e4rhet och \u00f6kad energi.<\/li>\n<li><strong>Verkningsmekanism :<\/strong> Direkt interaktion med neurotransmittortransport\u00f6rer f\u00f6r att f\u00f6rl\u00e4nga deras aktivitet i hj\u00e4rnan.<\/li>\n<\/ul>\n<h3><strong>Produktformel och data<\/strong><\/h3>\n<ul>\n<li><strong>Kemiskt namn :<\/strong> 3,4-metylendioximetamfetamin<\/li>\n<li><strong>Molekylformel :<\/strong> C11H15NO2<\/li>\n<li><strong>Mol\u00e4r massa :<\/strong> 193,25 g\/mol<\/li>\n<\/ul>\n<h3><strong>Detaljer om effekter<\/strong><\/h3>\n<ul>\n<li><strong>Start av effekter :<\/strong> 20 till 60 minuter efter intag.<\/li>\n<li><strong>Toppeffekter :<\/strong> 2 till 4 timmar.<\/li>\n<li><strong>Total varaktighet :<\/strong> 4 till 6 timmar, beroende p\u00e5 dos och \u00e4mnesoms\u00e4ttning.<\/li>\n<\/ul>","protected":false},"featured_media":5133,"comment_status":"open","ping_status":"closed","template":"","meta":{"site-sidebar-layout":"default","site-content-layout":"","ast-site-content-layout":"default","site-content-style":"default","site-sidebar-style":"default","ast-global-header-display":"","ast-banner-title-visibility":"","ast-main-header-display":"","ast-hfb-above-header-display":"","ast-hfb-below-header-display":"","ast-hfb-mobile-header-display":"","site-post-title":"","ast-breadcrumbs-content":"","ast-featured-img":"","footer-sml-layout":"","theme-transparent-header-meta":"default","adv-header-id-meta":"","stick-header-meta":"","header-above-stick-meta":"","header-main-stick-meta":"","header-below-stick-meta":"","astra-migrate-meta-layouts":"set","ast-page-background-enabled":"default","ast-page-background-meta":{"desktop":{"background-color":"","background-image":"","background-repeat":"repeat","background-position":"center center","background-size":"auto","background-attachment":"scroll","background-type":"","background-media":"","overlay-type":"","overlay-color":"","overlay-opacity":"","overlay-gradient":""},"tablet":{"background-color":"","background-image":"","background-repeat":"repeat","background-position":"center center","background-size":"auto","background-attachment":"scroll","background-type":"","background-media":"","overlay-type":"","overlay-color":"","overlay-opacity":"","overlay-gradient":""},"mobile":{"background-color":"","background-image":"","background-repeat":"repeat","background-position":"center center","background-size":"auto","background-attachment":"scroll","background-type":"","background-media":"","overlay-type":"","overlay-color":"","overlay-opacity":"","overlay-gradient":""}},"ast-content-background-meta":{"desktop":{"background-color":"var(--ast-global-color-5)","background-image":"","background-repeat":"repeat","background-position":"center center","background-size":"auto","background-attachment":"scroll","background-type":"","background-media":"","overlay-type":"","overlay-color":"","overlay-opacity":"","overlay-gradient":""},"tablet":{"background-color":"var(--ast-global-color-5)","background-image":"","background-repeat":"repeat","background-position":"center center","background-size":"auto","background-attachment":"scroll","background-type":"","background-media":"","overlay-type":"","overlay-color":"","overlay-opacity":"","overlay-gradient":""},"mobile":{"background-color":"var(--ast-global-color-5)","background-image":"","background-repeat":"repeat","background-position":"center center","background-size":"auto","background-attachment":"scroll","background-type":"","background-media":"","overlay-type":"","overlay-color":"","overlay-opacity":"","overlay-gradient":""}},"_joinchat":[]},"product_brand":[],"product_cat":[141],"product_tag":[289,274,277,282,278,293,279,275,285,292,284,294,290,288,287,291,280,286,283,276,281],"class_list":{"0":"post-5049","1":"product","2":"type-product","3":"status-publish","4":"has-post-thumbnail","6":"product_cat-sex-meth","7":"product_tag-achat-securise-de-mdma","8":"product_tag-achetez-mdma","9":"product_tag-capsules-de-mdma","10":"product_tag-commandez-mdma-en-ligne","11":"product_tag-cristaux-de-mdma","12":"product_tag-fournisseur-authentique-de-mdma","13":"product_tag-fournisseurs-de-mdma-fiables","14":"product_tag-mdma-a-vendre","15":"product_tag-mdma-de-haute-qualite","16":"product_tag-mdma-disponible-immediatement","17":"product_tag-mdma-livraison-discrete","18":"product_tag-mdma-livraison-rapide","19":"product_tag-mdma-pour-raves","20":"product_tag-mdma-pour-recherche","21":"product_tag-mdma-pour-soirees","22":"product_tag-mdma-pure-a-vendre","23":"product_tag-mdma-pure-en-ligne","24":"product_tag-meilleurs-fournisseurs-de-mdma","25":"product_tag-ou-acheter-mdma","26":"product_tag-pilules-de-mdma","27":"product_tag-prix-de-la-mdma-par-gramme","28":"desktop-align-left","29":"tablet-align-left","30":"mobile-align-left","32":"first","33":"instock","34":"shipping-taxable","35":"purchasable","36":"product-type-variable"},"yoast_head":"<!-- This site is optimized with the Yoast SEO plugin v26.9 - https:\/\/yoast.com\/product\/yoast-seo-wordpress\/ -->\n<title>Achetez de la MDMA | Fournisseur Fiable sur GBlexprimer<\/title>\n<meta name=\"description\" content=\"Achetez de la MDMA en ligne sur GBlexprimer. MDMA de qualit\u00e9 sup\u00e9rieure : pilules, capsules, cristaux. Livraison rapide, paiement s\u00e9curis\u00e9, commandez maintenant !\" \/>\n<meta name=\"robots\" content=\"index, follow, max-snippet:-1, max-image-preview:large, max-video-preview:-1\" \/>\n<link rel=\"canonical\" href=\"https:\/\/gblexprimer.com\/sv\/produkt\/mdma-ekstaza\/\" \/>\n<meta property=\"og:locale\" content=\"sv_SE\" \/>\n<meta property=\"og:type\" content=\"article\" \/>\n<meta property=\"og:title\" content=\"Achetez de la MDMA | Fournisseur Fiable sur GBlexprimer\" \/>\n<meta property=\"og:description\" content=\"Achetez de la MDMA en ligne sur GBlexprimer. MDMA de qualit\u00e9 sup\u00e9rieure : pilules, capsules, cristaux. Livraison rapide, paiement s\u00e9curis\u00e9, commandez maintenant !\" \/>\n<meta property=\"og:url\" content=\"https:\/\/gblexprimer.com\/sv\/produkt\/mdma-ekstaza\/\" \/>\n<meta property=\"og:site_name\" content=\"GBL Exprimer\" \/>\n<meta property=\"article:modified_time\" content=\"2026-04-11T08:00:17+00:00\" \/>\n<meta property=\"og:image\" content=\"https:\/\/gblexprimer.com\/wp-content\/uploads\/2024\/11\/Mephedrone-MDMA-drug-rehabilitation-centre-South-Africa.jpg\" \/>\n\t<meta property=\"og:image:width\" content=\"615\" \/>\n\t<meta property=\"og:image:height\" content=\"409\" \/>\n\t<meta property=\"og:image:type\" content=\"image\/jpeg\" \/>\n<meta name=\"twitter:card\" content=\"summary_large_image\" \/>\n<meta name=\"twitter:label1\" content=\"Ber\u00e4knad l\u00e4stid\" \/>\n\t<meta name=\"twitter:data1\" content=\"4 minuter\" \/>\n<script type=\"application\/ld+json\" class=\"yoast-schema-graph\">{\"@context\":\"https:\/\/schema.org\",\"@graph\":[{\"@type\":\"WebPage\",\"@id\":\"https:\/\/gblexprimer.com\/product\/mdma-ekstaza\/\",\"url\":\"https:\/\/gblexprimer.com\/product\/mdma-ekstaza\/\",\"name\":\"Achetez de la MDMA | Fournisseur Fiable sur GBlexprimer\",\"isPartOf\":{\"@id\":\"https:\/\/gblexprimer.com\/#website\"},\"primaryImageOfPage\":{\"@id\":\"https:\/\/gblexprimer.com\/product\/mdma-ekstaza\/#primaryimage\"},\"image\":{\"@id\":\"https:\/\/gblexprimer.com\/product\/mdma-ekstaza\/#primaryimage\"},\"thumbnailUrl\":\"https:\/\/gblexprimer.com\/wp-content\/uploads\/2024\/11\/Mephedrone-MDMA-drug-rehabilitation-centre-South-Africa.jpg\",\"datePublished\":\"2024-11-26T06:13:53+00:00\",\"dateModified\":\"2026-04-11T08:00:17+00:00\",\"description\":\"Achetez de la MDMA en ligne sur GBlexprimer. MDMA de qualit\u00e9 sup\u00e9rieure : pilules, capsules, cristaux. Livraison rapide, paiement s\u00e9curis\u00e9, commandez maintenant !\",\"breadcrumb\":{\"@id\":\"https:\/\/gblexprimer.com\/product\/mdma-ekstaza\/#breadcrumb\"},\"inLanguage\":\"sv-SE\",\"potentialAction\":[{\"@type\":\"ReadAction\",\"target\":[\"https:\/\/gblexprimer.com\/product\/mdma-ekstaza\/\"]}]},{\"@type\":\"ImageObject\",\"inLanguage\":\"sv-SE\",\"@id\":\"https:\/\/gblexprimer.com\/product\/mdma-ekstaza\/#primaryimage\",\"url\":\"https:\/\/gblexprimer.com\/wp-content\/uploads\/2024\/11\/Mephedrone-MDMA-drug-rehabilitation-centre-South-Africa.jpg\",\"contentUrl\":\"https:\/\/gblexprimer.com\/wp-content\/uploads\/2024\/11\/Mephedrone-MDMA-drug-rehabilitation-centre-South-Africa.jpg\",\"width\":615,\"height\":409},{\"@type\":\"BreadcrumbList\",\"@id\":\"https:\/\/gblexprimer.com\/product\/mdma-ekstaza\/#breadcrumb\",\"itemListElement\":[{\"@type\":\"ListItem\",\"position\":1,\"name\":\"Home\",\"item\":\"https:\/\/gblexprimer.com\/\"},{\"@type\":\"ListItem\",\"position\":2,\"name\":\"Shop\",\"item\":\"https:\/\/gblexprimer.com\/shop\/\"},{\"@type\":\"ListItem\",\"position\":3,\"name\":\"MDMA (Ekstaza)\"}]},{\"@type\":\"WebSite\",\"@id\":\"https:\/\/gblexprimer.com\/#website\",\"url\":\"https:\/\/gblexprimer.com\/\",\"name\":\"GBL Exprimer\",\"description\":\"\",\"publisher\":{\"@id\":\"https:\/\/gblexprimer.com\/#organization\"},\"potentialAction\":[{\"@type\":\"SearchAction\",\"target\":{\"@type\":\"EntryPoint\",\"urlTemplate\":\"https:\/\/gblexprimer.com\/?s={search_term_string}\"},\"query-input\":{\"@type\":\"PropertyValueSpecification\",\"valueRequired\":true,\"valueName\":\"search_term_string\"}}],\"inLanguage\":\"sv-SE\"},{\"@type\":\"Organization\",\"@id\":\"https:\/\/gblexprimer.com\/#organization\",\"name\":\"GBL Exprimer\",\"url\":\"https:\/\/gblexprimer.com\/\",\"logo\":{\"@type\":\"ImageObject\",\"inLanguage\":\"sv-SE\",\"@id\":\"https:\/\/gblexprimer.com\/#\/schema\/logo\/image\/\",\"url\":\"https:\/\/gblexprimer.com\/wp-content\/uploads\/2024\/01\/logo.png\",\"contentUrl\":\"https:\/\/gblexprimer.com\/wp-content\/uploads\/2024\/01\/logo.png\",\"width\":220,\"height\":80,\"caption\":\"GBL Exprimer\"},\"image\":{\"@id\":\"https:\/\/gblexprimer.com\/#\/schema\/logo\/image\/\"}}]}<\/script>\n<!-- \/ Yoast SEO plugin. -->","yoast_head_json":{"title":"K\u00f6p MDMA | P\u00e5litlig leverant\u00f6r p\u00e5 GBlexprimer","description":"K\u00f6p MDMA online p\u00e5 GBlexprimer. MDMA av h\u00f6g kvalitet: piller, kapslar, kristaller. Snabb leverans, s\u00e4ker betalning, best\u00e4ll nu!","robots":{"index":"index","follow":"follow","max-snippet":"max-snippet:-1","max-image-preview":"max-image-preview:large","max-video-preview":"max-video-preview:-1"},"canonical":"https:\/\/gblexprimer.com\/sv\/produkt\/mdma-ekstaza\/","og_locale":"sv_SE","og_type":"article","og_title":"Achetez de la MDMA | Fournisseur Fiable sur GBlexprimer","og_description":"Achetez de la MDMA en ligne sur GBlexprimer. MDMA de qualit\u00e9 sup\u00e9rieure : pilules, capsules, cristaux. Livraison rapide, paiement s\u00e9curis\u00e9, commandez maintenant !","og_url":"https:\/\/gblexprimer.com\/sv\/produkt\/mdma-ekstaza\/","og_site_name":"GBL Exprimer","article_modified_time":"2026-04-11T08:00:17+00:00","og_image":[{"width":615,"height":409,"url":"https:\/\/gblexprimer.com\/wp-content\/uploads\/2024\/11\/Mephedrone-MDMA-drug-rehabilitation-centre-South-Africa.jpg","type":"image\/jpeg"}],"twitter_card":"summary_large_image","twitter_misc":{"Ber\u00e4knad l\u00e4stid":"4 minuter"},"schema":{"@context":"https:\/\/schema.org","@graph":[{"@type":"WebPage","@id":"https:\/\/gblexprimer.com\/product\/mdma-ekstaza\/","url":"https:\/\/gblexprimer.com\/product\/mdma-ekstaza\/","name":"K\u00f6p MDMA | P\u00e5litlig leverant\u00f6r p\u00e5 GBlexprimer","isPartOf":{"@id":"https:\/\/gblexprimer.com\/#website"},"primaryImageOfPage":{"@id":"https:\/\/gblexprimer.com\/product\/mdma-ekstaza\/#primaryimage"},"image":{"@id":"https:\/\/gblexprimer.com\/product\/mdma-ekstaza\/#primaryimage"},"thumbnailUrl":"https:\/\/gblexprimer.com\/wp-content\/uploads\/2024\/11\/Mephedrone-MDMA-drug-rehabilitation-centre-South-Africa.jpg","datePublished":"2024-11-26T06:13:53+00:00","dateModified":"2026-04-11T08:00:17+00:00","description":"K\u00f6p MDMA online p\u00e5 GBlexprimer. MDMA av h\u00f6g kvalitet: piller, kapslar, kristaller. Snabb leverans, s\u00e4ker betalning, best\u00e4ll nu!","breadcrumb":{"@id":"https:\/\/gblexprimer.com\/product\/mdma-ekstaza\/#breadcrumb"},"inLanguage":"sv-SE","potentialAction":[{"@type":"ReadAction","target":["https:\/\/gblexprimer.com\/product\/mdma-ekstaza\/"]}]},{"@type":"ImageObject","inLanguage":"sv-SE","@id":"https:\/\/gblexprimer.com\/product\/mdma-ekstaza\/#primaryimage","url":"https:\/\/gblexprimer.com\/wp-content\/uploads\/2024\/11\/Mephedrone-MDMA-drug-rehabilitation-centre-South-Africa.jpg","contentUrl":"https:\/\/gblexprimer.com\/wp-content\/uploads\/2024\/11\/Mephedrone-MDMA-drug-rehabilitation-centre-South-Africa.jpg","width":615,"height":409},{"@type":"BreadcrumbList","@id":"https:\/\/gblexprimer.com\/product\/mdma-ekstaza\/#breadcrumb","itemListElement":[{"@type":"ListItem","position":1,"name":"Home","item":"https:\/\/gblexprimer.com\/"},{"@type":"ListItem","position":2,"name":"Shop","item":"https:\/\/gblexprimer.com\/shop\/"},{"@type":"ListItem","position":3,"name":"MDMA (Ekstaza)"}]},{"@type":"WebSite","@id":"https:\/\/gblexprimer.com\/#website","url":"https:\/\/gblexprimer.com\/","name":"GBL Express","description":"","publisher":{"@id":"https:\/\/gblexprimer.com\/#organization"},"potentialAction":[{"@type":"SearchAction","target":{"@type":"EntryPoint","urlTemplate":"https:\/\/gblexprimer.com\/?s={search_term_string}"},"query-input":{"@type":"PropertyValueSpecification","valueRequired":true,"valueName":"search_term_string"}}],"inLanguage":"sv-SE"},{"@type":"Organization","@id":"https:\/\/gblexprimer.com\/#organization","name":"GBL Express","url":"https:\/\/gblexprimer.com\/","logo":{"@type":"ImageObject","inLanguage":"sv-SE","@id":"https:\/\/gblexprimer.com\/#\/schema\/logo\/image\/","url":"https:\/\/gblexprimer.com\/wp-content\/uploads\/2024\/01\/logo.png","contentUrl":"https:\/\/gblexprimer.com\/wp-content\/uploads\/2024\/01\/logo.png","width":220,"height":80,"caption":"GBL Exprimer"},"image":{"@id":"https:\/\/gblexprimer.com\/#\/schema\/logo\/image\/"}}]}},"_links":{"self":[{"href":"https:\/\/gblexprimer.com\/sv\/wp-json\/wp\/v2\/product\/5049","targetHints":{"allow":["GET"]}}],"collection":[{"href":"https:\/\/gblexprimer.com\/sv\/wp-json\/wp\/v2\/product"}],"about":[{"href":"https:\/\/gblexprimer.com\/sv\/wp-json\/wp\/v2\/types\/product"}],"replies":[{"embeddable":true,"href":"https:\/\/gblexprimer.com\/sv\/wp-json\/wp\/v2\/comments?post=5049"}],"wp:featuredmedia":[{"embeddable":true,"href":"https:\/\/gblexprimer.com\/sv\/wp-json\/wp\/v2\/media\/5133"}],"wp:attachment":[{"href":"https:\/\/gblexprimer.com\/sv\/wp-json\/wp\/v2\/media?parent=5049"}],"wp:term":[{"taxonomy":"product_brand","embeddable":true,"href":"https:\/\/gblexprimer.com\/sv\/wp-json\/wp\/v2\/product_brand?post=5049"},{"taxonomy":"product_cat","embeddable":true,"href":"https:\/\/gblexprimer.com\/sv\/wp-json\/wp\/v2\/product_cat?post=5049"},{"taxonomy":"product_tag","embeddable":true,"href":"https:\/\/gblexprimer.com\/sv\/wp-json\/wp\/v2\/product_tag?post=5049"}],"curies":[{"name":"wp","href":"https:\/\/api.w.org\/{rel}","templated":true}]}}