{"id":5059,"date":"2024-11-26T06:17:33","date_gmt":"2024-11-26T06:17:33","guid":{"rendered":"https:\/\/gblexprimer.com\/?post_type=product&#038;p=5059"},"modified":"2026-04-10T10:05:47","modified_gmt":"2026-04-10T10:05:47","slug":"amfetamina","status":"publish","type":"product","link":"https:\/\/gblexprimer.com\/sv\/produkt\/amfetamina\/","title":{"rendered":"Amfetamin"},"content":{"rendered":"<h2><strong>K\u00f6p amfetamin online p\u00e5 GBlexprimer<\/strong><\/h2>\n<p><a href=\"https:\/\/gblexprimer.com\/sv\/produkt\/amfetamina\/\"><strong>Amfetamin<\/strong><\/a> \u00e4r ett kraftfullt stimulerande medel i det centrala nervsystemet, allm\u00e4nt k\u00e4nt f\u00f6r sina effekter p\u00e5 koncentration, energi och hum\u00f6r. Med historiska och moderna till\u00e4mpningar, <strong>amfetamin<\/strong> har studerats ing\u00e5ende f\u00f6r sin interaktion med dopamin- och noradrenalinsystemen. Det \u00e4r fortfarande ett viktigt forsknings\u00e4mne inom neurovetenskap, psykofarmakologi och beteendestudier. P\u00e5 <strong>GBlexpress<\/strong>vi f\u00f6resl\u00e5r <strong>Amfetamin av h\u00f6g kvalitet<\/strong>med s\u00e4kra transaktioner, diskret f\u00f6rpackning och snabb leverans f\u00f6r att tillgodose dina behov inom yrkesliv och forskning K\u00f6p amfetamin<a href=\"https:\/\/gblexpress.com\/\">.<\/a><\/p>\n<h3><strong>Till\u00e4mpningar och anv\u00e4ndningsomr\u00e5den f\u00f6r amfetamin<\/strong><\/h3>\n<h4><strong>Vetenskaplig forskning och psykofarmakologi<\/strong><\/h4>\n<p><a href=\"https:\/\/en.wikipedia.org\/wiki\/Amphetamine\"><strong>Amfetamin<\/strong><\/a> anv\u00e4nds ofta i laboratorier f\u00f6r att studera dess inverkan p\u00e5 regleringen av neurotransmittorer, s\u00e4rskilt dopamin och noradrenalin, och dess till\u00e4mpningar inom kognitions- och beteendevetenskap.<\/p>\n<h4><strong>Studier av koncentration och kognition<\/strong><\/h4>\n<p>Forskare analyserar <strong>amfetamin<\/strong> f\u00f6r sin roll n\u00e4r det g\u00e4ller att f\u00f6rb\u00e4ttra koncentration, uppm\u00e4rksamhet och mental klarhet, vilket har gjort den till en grundpelare i studier av kognitiva f\u00f6rb\u00e4ttringar och beteendeeffekter.<\/p>\n<h4><strong>Terapeutisk forskning<\/strong><\/h4>\n<p><strong>Amfetamin<\/strong> \u00e4r ett intressant \u00e4mne i terapeutiska studier som syftar till att f\u00f6rst\u00e5 dess potential vid behandling av ADHD (attention deficit hyperactivity disorder), narkolepsi och andra tillst\u00e5nd.<\/p>\n<h3><strong>Varf\u00f6r k\u00f6pa amfetamin fr\u00e5n GBlexprimer?<\/strong><\/h3>\n<p>Vid <a href=\"https:\/\/gblexprimer.com\/sv\/\"><strong>GBlexpress<\/strong><\/a>V\u00e5rt fokus ligger p\u00e5 kvalitet, tillf\u00f6rlitlighet och kundn\u00f6jdhet f\u00f6r att s\u00e4kerst\u00e4lla en s\u00f6ml\u00f6s upplevelse f\u00f6r varje k\u00f6pare.<\/p>\n<h4><strong>Amfetamin av h\u00f6g kvalitet<\/strong><\/h4>\n<p>V\u00e5r <strong>amfetamin<\/strong> testas f\u00f6r renhet och konsistens och uppfyller de h\u00f6gsta kraven f\u00f6r professionell och akademisk anv\u00e4ndning.<\/p>\n<h4><strong>S\u00e4kra och diskreta transaktioner<\/strong><\/h4>\n<p>Vi prioriterar din integritet genom att erbjuda s\u00e4kra betalningsalternativ och diskreta f\u00f6rpackningar f\u00f6r en bekymmersfri shoppingupplevelse.<\/p>\n<h4><strong>Snabb och tillf\u00f6rlitlig leverans<\/strong><\/h4>\n<p>V\u00e5rt logistikn\u00e4tverk garanterar snabb leverans av dina <strong>amfetamin<\/strong>S\u00e5 att du kan forts\u00e4tta med dina projekt utan dr\u00f6jsm\u00e5l.<\/p>\n<h4><strong>\u00d6verkomliga priser<\/strong><\/h4>\n<p>Vi erbjuder <strong>amfetamin<\/strong> till konkurrenskraftiga priser, tillg\u00e4ngliga utan att kompromissa med kvaliteten.<\/p>\n<h3><strong>K\u00f6p amfetamin online idag<\/strong><\/h3>\n<p>Letar du efter en p\u00e5litlig k\u00e4lla f\u00f6r <a href=\"https:\/\/gblexprimer.com\/sv\/produkt\/anavar-50-mg\/\"><strong>amfetamin<\/strong><\/a> ? P\u00e5 <strong>GBlexpress<\/strong>Vi levererar amfetamin av h\u00f6gsta kvalitet med s\u00e4kra betalningar, snabb leverans och utm\u00e4rkt kundservice. Oavsett om det g\u00e4ller forskning eller professionella applikationer, v\u00e5ra <strong>amfetamin<\/strong> uppfyller de h\u00f6gsta kvalitetsstandarderna. <strong>K\u00f6p amfetamin online<\/strong> nu och uppt\u00e4ck tillf\u00f6rlitligheten och bekv\u00e4mligheten med att k\u00f6pa fr\u00e5n <strong>GBlexpress<\/strong>.<\/p>","protected":false},"excerpt":{"rendered":"<p><strong>Amfetamin (Amfetamin)<\/strong> \u00e4r ett kraftfullt centralstimulerande medel (CNS) som tillh\u00f6r klassen av <strong>fenetylaminer<\/strong>. Det \u00e4r allm\u00e4nt studerat f\u00f6r sina effekter p\u00e5 <strong>Uppvaknande<\/strong>, <strong>koncentration<\/strong> och <strong>reglering av hum\u00f6ret<\/strong>vilket g\u00f6r det till en viktig f\u00f6rening f\u00f6r <strong>neurovetenskaplig forskning<\/strong>den <strong>beteendestudier<\/strong> och <strong>farmakologisk utveckling<\/strong>. P\u00e5 gblexprimer erbjuder vi<strong>Amfetamin med h\u00f6g renhet<\/strong> f\u00f6r <strong>forskning och industriella till\u00e4mpningar<\/strong>med j\u00e4mn kvalitet och s\u00e4ker leverans.<\/p>\n<h3><strong>Hur fungerar amfetamin?<\/strong><\/h3>\n<p>Amfetamin verkar genom att \u00f6ka fris\u00e4ttningen av <strong>dopamin<\/strong> och <strong>noradrenalin<\/strong>samtidigt som de h\u00e4mmar \u00e5terupptaget. Detta \u00f6kar tillg\u00e4ngligheten av signalsubstanser i hj\u00e4rnan, vilket leder till en <strong>\u00f6kad vaksamhet<\/strong>a <strong>eufori<\/strong> och en <strong>f\u00f6rb\u00e4ttrad koncentration<\/strong>. Dess verkan p\u00e5 CNS g\u00f6r det till en v\u00e4rdefull f\u00f6rening f\u00f6r att studera neurotransmissionssystem och effekterna av stimulantia.<\/p>\n<ul>\n<li><strong>Start av effekter<\/strong> 30 till 60 minuter efter administrering.<\/li>\n<li><strong>Maximala effekter<\/strong> 2 till 4 timmar.<\/li>\n<li><strong>Effekternas varaktighet<\/strong> 4 till 12 timmar, beroende p\u00e5 dos och administreringsmetod.<\/li>\n<\/ul>\n<h3><strong>Produktformel och data<\/strong><\/h3>\n<ul>\n<li><strong>Kemiskt namn<\/strong> Alfa-metylfenetylamin<\/li>\n<li><strong>Molekylformel<\/strong> C9H13N<\/li>\n<li><strong>Mol\u00e4r massa<\/strong> 135,21 g\/mol<\/li>\n<\/ul>","protected":false},"featured_media":5260,"comment_status":"open","ping_status":"closed","template":"","meta":{"site-sidebar-layout":"default","site-content-layout":"","ast-site-content-layout":"default","site-content-style":"default","site-sidebar-style":"default","ast-global-header-display":"","ast-banner-title-visibility":"","ast-main-header-display":"","ast-hfb-above-header-display":"","ast-hfb-below-header-display":"","ast-hfb-mobile-header-display":"","site-post-title":"","ast-breadcrumbs-content":"","ast-featured-img":"","footer-sml-layout":"","theme-transparent-header-meta":"default","adv-header-id-meta":"","stick-header-meta":"","header-above-stick-meta":"","header-main-stick-meta":"","header-below-stick-meta":"","astra-migrate-meta-layouts":"set","ast-page-background-enabled":"default","ast-page-background-meta":{"desktop":{"background-color":"","background-image":"","background-repeat":"repeat","background-position":"center center","background-size":"auto","background-attachment":"scroll","background-type":"","background-media":"","overlay-type":"","overlay-color":"","overlay-opacity":"","overlay-gradient":""},"tablet":{"background-color":"","background-image":"","background-repeat":"repeat","background-position":"center center","background-size":"auto","background-attachment":"scroll","background-type":"","background-media":"","overlay-type":"","overlay-color":"","overlay-opacity":"","overlay-gradient":""},"mobile":{"background-color":"","background-image":"","background-repeat":"repeat","background-position":"center center","background-size":"auto","background-attachment":"scroll","background-type":"","background-media":"","overlay-type":"","overlay-color":"","overlay-opacity":"","overlay-gradient":""}},"ast-content-background-meta":{"desktop":{"background-color":"var(--ast-global-color-5)","background-image":"","background-repeat":"repeat","background-position":"center center","background-size":"auto","background-attachment":"scroll","background-type":"","background-media":"","overlay-type":"","overlay-color":"","overlay-opacity":"","overlay-gradient":""},"tablet":{"background-color":"var(--ast-global-color-5)","background-image":"","background-repeat":"repeat","background-position":"center center","background-size":"auto","background-attachment":"scroll","background-type":"","background-media":"","overlay-type":"","overlay-color":"","overlay-opacity":"","overlay-gradient":""},"mobile":{"background-color":"var(--ast-global-color-5)","background-image":"","background-repeat":"repeat","background-position":"center center","background-size":"auto","background-attachment":"scroll","background-type":"","background-media":"","overlay-type":"","overlay-color":"","overlay-opacity":"","overlay-gradient":""}},"_joinchat":[]},"product_brand":[],"product_cat":[141],"product_tag":[157,142,143,150,158,144,152,146,160,145,153,149,159,155,147,154,148,156,151,161],"class_list":{"0":"post-5059","1":"product","2":"type-product","3":"status-publish","4":"has-post-thumbnail","6":"product_cat-sex-meth","7":"product_tag-achat-securise-damphetamine","8":"product_tag-achetez-amphetamine","9":"product_tag-amphetamine-a-vendre","10":"product_tag-amphetamine-abordable-en-ligne","11":"product_tag-amphetamine-authentique-en-ligne","12":"product_tag-amphetamine-de-haute-qualite","13":"product_tag-amphetamine-pour-etudes-cognitives","14":"product_tag-amphetamine-pour-recherche","15":"product_tag-applications-cognitives-damphetamine","16":"product_tag-commandez-amphetamine-en-ligne","17":"product_tag-commandez-amphetamine-maintenant","18":"product_tag-emballage-discret-damphetamine","19":"product_tag-etudes-et-recherche-sur-lamphetamine","20":"product_tag-fournisseur-fiable-damphetamine","21":"product_tag-fournisseurs-fiables-damphetamine","22":"product_tag-livraison-mondiale-damphetamine","23":"product_tag-livraison-securisee-damphetamine","24":"product_tag-ou-acheter-de-lamphetamine","25":"product_tag-produits-premium-damphetamine","26":"product_tag-sciences-comportementales-et-amphetamine","27":"desktop-align-left","28":"tablet-align-left","29":"mobile-align-left","31":"first","32":"instock","33":"shipping-taxable","34":"purchasable","35":"product-type-variable"},"yoast_head":"<!-- This site is optimized with the Yoast SEO plugin v26.9 - https:\/\/yoast.com\/product\/yoast-seo-wordpress\/ -->\n<title>Acheter de l&#039;amph\u00e9tamine en ligne \u2013 Amph\u00e9tamine \u00e0 vendre<\/title>\n<meta name=\"description\" content=\"L&#039;amph\u00e9tamine est un stimulant qui accro\u00eet l&#039;activit\u00e9 du cerveau et du syst\u00e8me nerveux. Dans un cadre m\u00e9dical, elle peut \u00eatre utilis\u00e9e pour traiter le TDAH et la narcolepsie ; toutefois, son usage d\u00e9tourn\u00e9 peut entra\u00eener de graves risques pour la sant\u00e9.\" \/>\n<meta name=\"robots\" content=\"index, follow, max-snippet:-1, max-image-preview:large, max-video-preview:-1\" \/>\n<link rel=\"canonical\" href=\"https:\/\/gblexprimer.com\/sv\/produkt\/amfetamina\/\" \/>\n<meta property=\"og:locale\" content=\"sv_SE\" \/>\n<meta property=\"og:type\" content=\"article\" \/>\n<meta property=\"og:title\" content=\"Acheter de l&#039;amph\u00e9tamine en ligne \u2013 Amph\u00e9tamine \u00e0 vendre\" \/>\n<meta property=\"og:description\" content=\"L&#039;amph\u00e9tamine est un stimulant qui accro\u00eet l&#039;activit\u00e9 du cerveau et du syst\u00e8me nerveux. Dans un cadre m\u00e9dical, elle peut \u00eatre utilis\u00e9e pour traiter le TDAH et la narcolepsie ; toutefois, son usage d\u00e9tourn\u00e9 peut entra\u00eener de graves risques pour la sant\u00e9.\" \/>\n<meta property=\"og:url\" content=\"https:\/\/gblexprimer.com\/sv\/produkt\/amfetamina\/\" \/>\n<meta property=\"og:site_name\" content=\"GBL Exprimer\" \/>\n<meta property=\"article:modified_time\" content=\"2026-04-10T10:05:47+00:00\" \/>\n<meta property=\"og:image\" content=\"https:\/\/gblexprimer.com\/wp-content\/uploads\/2024\/11\/amfetamine.jpg\" \/>\n\t<meta property=\"og:image:width\" content=\"600\" \/>\n\t<meta property=\"og:image:height\" content=\"600\" \/>\n\t<meta property=\"og:image:type\" content=\"image\/jpeg\" \/>\n<meta name=\"twitter:card\" content=\"summary_large_image\" \/>\n<meta name=\"twitter:label1\" content=\"Ber\u00e4knad l\u00e4stid\" \/>\n\t<meta name=\"twitter:data1\" content=\"2 minuter\" \/>\n<script type=\"application\/ld+json\" class=\"yoast-schema-graph\">{\"@context\":\"https:\/\/schema.org\",\"@graph\":[{\"@type\":\"WebPage\",\"@id\":\"https:\/\/gblexprimer.com\/product\/amfetamina\/\",\"url\":\"https:\/\/gblexprimer.com\/product\/amfetamina\/\",\"name\":\"Acheter de l'amph\u00e9tamine en ligne \u2013 Amph\u00e9tamine \u00e0 vendre\",\"isPartOf\":{\"@id\":\"https:\/\/gblexprimer.com\/#website\"},\"primaryImageOfPage\":{\"@id\":\"https:\/\/gblexprimer.com\/product\/amfetamina\/#primaryimage\"},\"image\":{\"@id\":\"https:\/\/gblexprimer.com\/product\/amfetamina\/#primaryimage\"},\"thumbnailUrl\":\"https:\/\/gblexprimer.com\/wp-content\/uploads\/2024\/11\/amfetamine.jpg\",\"datePublished\":\"2024-11-26T06:17:33+00:00\",\"dateModified\":\"2026-04-10T10:05:47+00:00\",\"description\":\"L'amph\u00e9tamine est un stimulant qui accro\u00eet l'activit\u00e9 du cerveau et du syst\u00e8me nerveux. Dans un cadre m\u00e9dical, elle peut \u00eatre utilis\u00e9e pour traiter le TDAH et la narcolepsie ; toutefois, son usage d\u00e9tourn\u00e9 peut entra\u00eener de graves risques pour la sant\u00e9.\",\"breadcrumb\":{\"@id\":\"https:\/\/gblexprimer.com\/product\/amfetamina\/#breadcrumb\"},\"inLanguage\":\"sv-SE\",\"potentialAction\":[{\"@type\":\"ReadAction\",\"target\":[\"https:\/\/gblexprimer.com\/product\/amfetamina\/\"]}]},{\"@type\":\"ImageObject\",\"inLanguage\":\"sv-SE\",\"@id\":\"https:\/\/gblexprimer.com\/product\/amfetamina\/#primaryimage\",\"url\":\"https:\/\/gblexprimer.com\/wp-content\/uploads\/2024\/11\/amfetamine.jpg\",\"contentUrl\":\"https:\/\/gblexprimer.com\/wp-content\/uploads\/2024\/11\/amfetamine.jpg\",\"width\":600,\"height\":600,\"caption\":\"amfetamine\"},{\"@type\":\"BreadcrumbList\",\"@id\":\"https:\/\/gblexprimer.com\/product\/amfetamina\/#breadcrumb\",\"itemListElement\":[{\"@type\":\"ListItem\",\"position\":1,\"name\":\"Home\",\"item\":\"https:\/\/gblexprimer.com\/\"},{\"@type\":\"ListItem\",\"position\":2,\"name\":\"Shop\",\"item\":\"https:\/\/gblexprimer.com\/shop\/\"},{\"@type\":\"ListItem\",\"position\":3,\"name\":\"Amph\u00e9tamine\"}]},{\"@type\":\"WebSite\",\"@id\":\"https:\/\/gblexprimer.com\/#website\",\"url\":\"https:\/\/gblexprimer.com\/\",\"name\":\"GBL Exprimer\",\"description\":\"\",\"publisher\":{\"@id\":\"https:\/\/gblexprimer.com\/#organization\"},\"potentialAction\":[{\"@type\":\"SearchAction\",\"target\":{\"@type\":\"EntryPoint\",\"urlTemplate\":\"https:\/\/gblexprimer.com\/?s={search_term_string}\"},\"query-input\":{\"@type\":\"PropertyValueSpecification\",\"valueRequired\":true,\"valueName\":\"search_term_string\"}}],\"inLanguage\":\"sv-SE\"},{\"@type\":\"Organization\",\"@id\":\"https:\/\/gblexprimer.com\/#organization\",\"name\":\"GBL Exprimer\",\"url\":\"https:\/\/gblexprimer.com\/\",\"logo\":{\"@type\":\"ImageObject\",\"inLanguage\":\"sv-SE\",\"@id\":\"https:\/\/gblexprimer.com\/#\/schema\/logo\/image\/\",\"url\":\"https:\/\/gblexprimer.com\/wp-content\/uploads\/2024\/01\/logo.png\",\"contentUrl\":\"https:\/\/gblexprimer.com\/wp-content\/uploads\/2024\/01\/logo.png\",\"width\":220,\"height\":80,\"caption\":\"GBL Exprimer\"},\"image\":{\"@id\":\"https:\/\/gblexprimer.com\/#\/schema\/logo\/image\/\"}}]}<\/script>\n<!-- \/ Yoast SEO plugin. -->","yoast_head_json":{"title":"Acheter de l'amph\u00e9tamine en ligne \u2013 Amph\u00e9tamine \u00e0 vendre","description":"L'amph\u00e9tamine est un stimulant qui accro\u00eet l'activit\u00e9 du cerveau et du syst\u00e8me nerveux. Dans un cadre m\u00e9dical, elle peut \u00eatre utilis\u00e9e pour traiter le TDAH et la narcolepsie ; toutefois, son usage d\u00e9tourn\u00e9 peut entra\u00eener de graves risques pour la sant\u00e9.","robots":{"index":"index","follow":"follow","max-snippet":"max-snippet:-1","max-image-preview":"max-image-preview:large","max-video-preview":"max-video-preview:-1"},"canonical":"https:\/\/gblexprimer.com\/sv\/produkt\/amfetamina\/","og_locale":"sv_SE","og_type":"article","og_title":"Acheter de l'amph\u00e9tamine en ligne \u2013 Amph\u00e9tamine \u00e0 vendre","og_description":"L'amph\u00e9tamine est un stimulant qui accro\u00eet l'activit\u00e9 du cerveau et du syst\u00e8me nerveux. Dans un cadre m\u00e9dical, elle peut \u00eatre utilis\u00e9e pour traiter le TDAH et la narcolepsie ; toutefois, son usage d\u00e9tourn\u00e9 peut entra\u00eener de graves risques pour la sant\u00e9.","og_url":"https:\/\/gblexprimer.com\/sv\/produkt\/amfetamina\/","og_site_name":"GBL Exprimer","article_modified_time":"2026-04-10T10:05:47+00:00","og_image":[{"width":600,"height":600,"url":"https:\/\/gblexprimer.com\/wp-content\/uploads\/2024\/11\/amfetamine.jpg","type":"image\/jpeg"}],"twitter_card":"summary_large_image","twitter_misc":{"Ber\u00e4knad l\u00e4stid":"2 minuter"},"schema":{"@context":"https:\/\/schema.org","@graph":[{"@type":"WebPage","@id":"https:\/\/gblexprimer.com\/product\/amfetamina\/","url":"https:\/\/gblexprimer.com\/product\/amfetamina\/","name":"Acheter de l'amph\u00e9tamine en ligne \u2013 Amph\u00e9tamine \u00e0 vendre","isPartOf":{"@id":"https:\/\/gblexprimer.com\/#website"},"primaryImageOfPage":{"@id":"https:\/\/gblexprimer.com\/product\/amfetamina\/#primaryimage"},"image":{"@id":"https:\/\/gblexprimer.com\/product\/amfetamina\/#primaryimage"},"thumbnailUrl":"https:\/\/gblexprimer.com\/wp-content\/uploads\/2024\/11\/amfetamine.jpg","datePublished":"2024-11-26T06:17:33+00:00","dateModified":"2026-04-10T10:05:47+00:00","description":"L'amph\u00e9tamine est un stimulant qui accro\u00eet l'activit\u00e9 du cerveau et du syst\u00e8me nerveux. Dans un cadre m\u00e9dical, elle peut \u00eatre utilis\u00e9e pour traiter le TDAH et la narcolepsie ; toutefois, son usage d\u00e9tourn\u00e9 peut entra\u00eener de graves risques pour la sant\u00e9.","breadcrumb":{"@id":"https:\/\/gblexprimer.com\/product\/amfetamina\/#breadcrumb"},"inLanguage":"sv-SE","potentialAction":[{"@type":"ReadAction","target":["https:\/\/gblexprimer.com\/product\/amfetamina\/"]}]},{"@type":"ImageObject","inLanguage":"sv-SE","@id":"https:\/\/gblexprimer.com\/product\/amfetamina\/#primaryimage","url":"https:\/\/gblexprimer.com\/wp-content\/uploads\/2024\/11\/amfetamine.jpg","contentUrl":"https:\/\/gblexprimer.com\/wp-content\/uploads\/2024\/11\/amfetamine.jpg","width":600,"height":600,"caption":"amfetamine"},{"@type":"BreadcrumbList","@id":"https:\/\/gblexprimer.com\/product\/amfetamina\/#breadcrumb","itemListElement":[{"@type":"ListItem","position":1,"name":"Home","item":"https:\/\/gblexprimer.com\/"},{"@type":"ListItem","position":2,"name":"Shop","item":"https:\/\/gblexprimer.com\/shop\/"},{"@type":"ListItem","position":3,"name":"Amph\u00e9tamine"}]},{"@type":"WebSite","@id":"https:\/\/gblexprimer.com\/#website","url":"https:\/\/gblexprimer.com\/","name":"GBL Express","description":"","publisher":{"@id":"https:\/\/gblexprimer.com\/#organization"},"potentialAction":[{"@type":"SearchAction","target":{"@type":"EntryPoint","urlTemplate":"https:\/\/gblexprimer.com\/?s={search_term_string}"},"query-input":{"@type":"PropertyValueSpecification","valueRequired":true,"valueName":"search_term_string"}}],"inLanguage":"sv-SE"},{"@type":"Organization","@id":"https:\/\/gblexprimer.com\/#organization","name":"GBL Express","url":"https:\/\/gblexprimer.com\/","logo":{"@type":"ImageObject","inLanguage":"sv-SE","@id":"https:\/\/gblexprimer.com\/#\/schema\/logo\/image\/","url":"https:\/\/gblexprimer.com\/wp-content\/uploads\/2024\/01\/logo.png","contentUrl":"https:\/\/gblexprimer.com\/wp-content\/uploads\/2024\/01\/logo.png","width":220,"height":80,"caption":"GBL Exprimer"},"image":{"@id":"https:\/\/gblexprimer.com\/#\/schema\/logo\/image\/"}}]}},"_links":{"self":[{"href":"https:\/\/gblexprimer.com\/sv\/wp-json\/wp\/v2\/product\/5059","targetHints":{"allow":["GET"]}}],"collection":[{"href":"https:\/\/gblexprimer.com\/sv\/wp-json\/wp\/v2\/product"}],"about":[{"href":"https:\/\/gblexprimer.com\/sv\/wp-json\/wp\/v2\/types\/product"}],"replies":[{"embeddable":true,"href":"https:\/\/gblexprimer.com\/sv\/wp-json\/wp\/v2\/comments?post=5059"}],"wp:featuredmedia":[{"embeddable":true,"href":"https:\/\/gblexprimer.com\/sv\/wp-json\/wp\/v2\/media\/5260"}],"wp:attachment":[{"href":"https:\/\/gblexprimer.com\/sv\/wp-json\/wp\/v2\/media?parent=5059"}],"wp:term":[{"taxonomy":"product_brand","embeddable":true,"href":"https:\/\/gblexprimer.com\/sv\/wp-json\/wp\/v2\/product_brand?post=5059"},{"taxonomy":"product_cat","embeddable":true,"href":"https:\/\/gblexprimer.com\/sv\/wp-json\/wp\/v2\/product_cat?post=5059"},{"taxonomy":"product_tag","embeddable":true,"href":"https:\/\/gblexprimer.com\/sv\/wp-json\/wp\/v2\/product_tag?post=5059"}],"curies":[{"name":"wp","href":"https:\/\/api.w.org\/{rel}","templated":true}]}}