{"id":5060,"date":"2024-11-26T06:17:36","date_gmt":"2024-11-26T06:17:36","guid":{"rendered":"https:\/\/gblexprimer.com\/?post_type=product&#038;p=5060"},"modified":"2026-04-11T07:59:35","modified_gmt":"2026-04-11T07:59:35","slug":"lsd-kwas","status":"publish","type":"product","link":"https:\/\/gblexprimer.com\/sv\/produkt\/lsd-kwas\/","title":{"rendered":"LSD (Kwas)"},"content":{"rendered":"<h2><strong>K\u00f6p LSD (Lysergic Acid) online p\u00e5 GBlexprimer<\/strong><\/h2>\n<p><a href=\"https:\/\/gblexprimer.com\/sv\/produkt\/lsd-kwas\/\"><strong>LSD<\/strong><\/a> (Lysergsyradietylamid), allm\u00e4nt k\u00e4nd som <strong>kwas<\/strong>\u00e4r en psykoaktiv substans som \u00e4r k\u00e4nd f\u00f6r sina unika effekter p\u00e5 perception, kognition och medvetande. Uppt\u00e4cktes 1938, <strong>LSD<\/strong> har studerats ing\u00e5ende f\u00f6r dess interaktioner med serotoninreceptorer samt f\u00f6r dess potentiella till\u00e4mpningar inom vetenskaplig och terapeutisk forskning. P\u00e5 <strong>GBlexpress<\/strong>vi f\u00f6resl\u00e5r <strong>LSD av h\u00f6g kvalitet<\/strong>, LSD-sortimentet \u00e4r utformat f\u00f6r att tillgodose behoven hos forskare och uppt\u00e4cktsresande, vilket garanterar s\u00e4kra transaktioner, diskret f\u00f6rpackning och snabb leverans. K\u00f6p LSD<a href=\"https:\/\/gblexprimer.com\/sv\/ghb\/\">.<\/a><\/p>\n<h3 class=\"ds-markdown-paragraph\"><strong>K\u00f6p LSD online - s\u00e4kert, p\u00e5litligt och diskret<\/strong><\/h3>\n<p class=\"ds-markdown-paragraph\">Gblexprimer erbjuder en s\u00e4ker och p\u00e5litlig plattform f\u00f6r att k\u00f6pa LSD online. Alla best\u00e4llningar \u00e4r <a href=\"https:\/\/gblexprimer.com\/sv\/produkt\/mdma-ekstaza\/\"><strong>diskret f\u00f6rpackad<\/strong><\/a> f\u00f6r att skydda din integritet och skickas via en <strong>snabb och s\u00e4ker leverans<\/strong>.<\/p>\n<p class=\"ds-markdown-paragraph\">L\u00e5t oss guida dig genom en <strong>smidig ink\u00f6psprocess<\/strong> och hj\u00e4lper dig att utforska den transformativa v\u00e4rlden av <strong>utvidgningen av medvetandet<\/strong>.<\/p>\n<h3 class=\"ds-markdown-paragraph\"><strong>En smidig upplevelse av att k\u00f6pa LSD online<\/strong><\/h3>\n<p class=\"ds-markdown-paragraph\"><strong>S\u00e4kra och diskreta ink\u00f6p av LSD<\/strong> : Din <strong>sekretess<\/strong> \u00e4r v\u00e5r prioritet. Avancerade s\u00e4kerhets\u00e5tg\u00e4rder skyddar dina personuppgifter och transaktionsuppgifter, vilket garanterar en s\u00e4ker shoppingupplevelse. <strong>s\u00e4kert och privat<\/strong> \u00e0 chaque fois que vous commandez du LSD en ligne sur gblexprimer.com.<\/p>\n<p class=\"ds-markdown-paragraph\"><strong>Premium LSD till salu<\/strong> : Vi erbjuder endast LSD fr\u00e5n <strong>h\u00f6g kvalitet<\/strong>, fr\u00e5n p\u00e5litliga leverant\u00f6rer. Varje parti genomg\u00e5r <strong>rigor\u00f6sa tester<\/strong> av renhet och kraft, vilket garanterar en upplevelse <strong>s\u00e4ker, autentisk och effektiv<\/strong>.<\/p>\n<p class=\"ds-markdown-paragraph\"><strong>Expertr\u00e5d om s\u00e4ker anv\u00e4ndning av LSD<\/strong> : V\u00e5rt erfarna team tillhandah\u00e5ller <strong>fullst\u00e4ndig information<\/strong> om s\u00e4ker anv\u00e4ndning, den <strong>rekommenderade doser<\/strong> och de m\u00f6jliga effekterna. Vi till\u00e5ter dig att ta <strong>v\u00e4lgrundade beslut<\/strong> f\u00f6r en <strong>positiv psykedelisk upplevelse<\/strong>.<\/p>\n<h4 class=\"ds-markdown-paragraph\"><strong>Hur man k\u00f6per LSD online - enkla steg<\/strong><\/h4>\n<p class=\"ds-markdown-paragraph\"><strong>Bl\u00e4ddra i v\u00e5r LSD-kollektion<\/strong> Uppt\u00e4ck ett brett urval av LSD-baserade produkter, bland annat <strong>klassiska blottare<\/strong> och <strong>mikrodosering<\/strong>, f\u00f6r att uppfylla dina unika behov och preferenser.<\/p>\n<p class=\"ds-markdown-paragraph\"><strong>Skapa ditt konto<\/strong> Registrera dig p\u00e5 v\u00e5r webbplats f\u00f6r en smidig shoppingupplevelse. Sp\u00e5ra dina best\u00e4llningar, f\u00e5 tillg\u00e5ng till <strong>exklusiva rabatter<\/strong> och h\u00e5ll dig uppdaterad med v\u00e5r <strong>nya produkter<\/strong> och kampanjer kopplade till LSD.<\/p>\n<h3><strong>Varf\u00f6r k\u00f6pa LSD (Kwas) fr\u00e5n GBlexprimer?<\/strong><\/h3>\n<p>Vid <strong>GBlexpress<\/strong>Vi erbjuder produkter av h\u00f6gsta kvalitet och p\u00e5litlig kundservice f\u00f6r en smidig shoppingupplevelse.<\/p>\n<h4><strong>LSD av h\u00f6g kvalitet<\/strong><\/h4>\n<p>V\u00e5r <a href=\"https:\/\/en.wikipedia.org\/wiki\/LSD\"><strong>LSD<\/strong><\/a> \u00e4r noggrant testad f\u00f6r att garantera dess renhet och s\u00e4kerhet och uppfyller de h\u00f6gsta kraven f\u00f6r forskning och personlig utforskning.<\/p>\n<h4><strong>S\u00e4kra transaktioner och diskreta f\u00f6rpackningar<\/strong><\/h4>\n<p>Vi garanterar s\u00e4kra betalningar och diskret f\u00f6rpackning f\u00f6r att skydda din integritet varje steg p\u00e5 v\u00e4gen.<\/p>\n<h4><strong>Snabb och tillf\u00f6rlitlig leverans<\/strong><\/h4>\n<p>Med v\u00e5rt logistikn\u00e4tverk garanterar vi snabb leverans s\u00e5 att du kan starta dina projekt utan dr\u00f6jsm\u00e5l.<\/p>\n<h4><strong>Prisv\u00e4rdhet och tillg\u00e4nglighet<\/strong><\/h4>\n<p>Vi erbjuder <strong>LSD<\/strong> till konkurrenskraftiga priser, utan att kompromissa med kvalitet eller tillf\u00f6rlitlighet.<\/p>\n<h3><strong>K\u00f6p LSD (Kwas) online idag<\/strong><\/h3>\n<p>Letar du efter en p\u00e5litlig k\u00e4lla f\u00f6r <strong>LSD<\/strong> ? P\u00e5 <strong>GBlexpress<\/strong>vi levererar <strong>LSD av h\u00f6g kvalitet<\/strong> med snabb service och s\u00e4kra betalningar. Oavsett om du \u00e4r forskare eller uppt\u00e4cktsresande \u00e4r v\u00e5ra <strong>LSD<\/strong> \u00e4r ditt b\u00e4sta val f\u00f6r tillf\u00f6rlitliga resultat. <strong>K\u00f6p LSD (Kwas) online<\/strong> nu och uppt\u00e4ck kvaliteten och det enkla k\u00f6pet hos <strong>GBlexpress<\/strong>.<\/p>","protected":false},"excerpt":{"rendered":"<p class=\"ds-markdown-paragraph\">Uppt\u00e4ck <strong>LSD och blottare<\/strong> produkter av h\u00f6gsta kvalitet till f\u00f6rs\u00e4ljning till rabatterade priser i v\u00e5r onlinebutik. Vi erbjuder en <strong>diskret avs\u00e4ndning<\/strong> f\u00f6r att garantera din <strong>sekretess<\/strong> - Det \u00e4r bara du som vet vad som finns i ditt paket. Som en\u2019<strong>erfarna anv\u00e4ndare<\/strong>, vi \u00e4r fast beslutna att tillhandah\u00e5lla <strong>kundn\u00f6jdhet p\u00e5 100%<\/strong>. K\u00f6p <strong>Flytande LSD och blottare<\/strong> med oss i sin helhet <strong>f\u00f6rtroende<\/strong> och njut av en <strong>premiumkvalitet<\/strong>.<\/p>\n<h3><strong>Hur fungerar LSD?<\/strong><\/h3>\n<p>LSD verkar fr\u00e4mst genom att interagera med serotoninreceptorer (5-HT2A) i hj\u00e4rnan, vilket resulterar i \u00f6kad neuronal aktivitet och f\u00f6r\u00e4ndringar i kopplingarna mellan hj\u00e4rnregioner.<\/p>\n<ul>\n<li><strong>Huvudsakliga effekter :<\/strong> Sinnesf\u00f6rvr\u00e4ngningar, utvidgad medvetenhet och djup introspektion.<\/li>\n<li><strong>Aktiv dos :<\/strong> M\u00e4ts i mikrogram (\u00b5g), vilket garanterar exakt kontroll av effekterna.<\/li>\n<\/ul>\n<h3><strong>Produktformel och data<\/strong><\/h3>\n<ul>\n<li><strong>Kemiskt namn :<\/strong> D-Lysergsyradietylamid<\/li>\n<li><strong>Molekylformel :<\/strong> C20H25N3O<\/li>\n<li><strong>Mol\u00e4r massa :<\/strong> 323,44 g\/mol<\/li>\n<\/ul>\n<h3><strong>Detaljer om effekter<\/strong><\/h3>\n<ul>\n<li><strong>Start av effekter :<\/strong> 20 till 90 minuter efter intag.<\/li>\n<li><strong>Toppeffekter :<\/strong> 2 till 4 timmar.<\/li>\n<li><strong>Total varaktighet :<\/strong> 6 till 12 timmar, beroende p\u00e5 dos och \u00e4mnesoms\u00e4ttning.<\/li>\n<\/ul>","protected":false},"featured_media":5129,"comment_status":"open","ping_status":"closed","template":"","meta":{"site-sidebar-layout":"default","site-content-layout":"","ast-site-content-layout":"default","site-content-style":"default","site-sidebar-style":"default","ast-global-header-display":"","ast-banner-title-visibility":"","ast-main-header-display":"","ast-hfb-above-header-display":"","ast-hfb-below-header-display":"","ast-hfb-mobile-header-display":"","site-post-title":"","ast-breadcrumbs-content":"","ast-featured-img":"","footer-sml-layout":"","theme-transparent-header-meta":"default","adv-header-id-meta":"","stick-header-meta":"","header-above-stick-meta":"","header-main-stick-meta":"","header-below-stick-meta":"","astra-migrate-meta-layouts":"set","ast-page-background-enabled":"default","ast-page-background-meta":{"desktop":{"background-color":"","background-image":"","background-repeat":"repeat","background-position":"center center","background-size":"auto","background-attachment":"scroll","background-type":"","background-media":"","overlay-type":"","overlay-color":"","overlay-opacity":"","overlay-gradient":""},"tablet":{"background-color":"","background-image":"","background-repeat":"repeat","background-position":"center center","background-size":"auto","background-attachment":"scroll","background-type":"","background-media":"","overlay-type":"","overlay-color":"","overlay-opacity":"","overlay-gradient":""},"mobile":{"background-color":"","background-image":"","background-repeat":"repeat","background-position":"center center","background-size":"auto","background-attachment":"scroll","background-type":"","background-media":"","overlay-type":"","overlay-color":"","overlay-opacity":"","overlay-gradient":""}},"ast-content-background-meta":{"desktop":{"background-color":"var(--ast-global-color-5)","background-image":"","background-repeat":"repeat","background-position":"center center","background-size":"auto","background-attachment":"scroll","background-type":"","background-media":"","overlay-type":"","overlay-color":"","overlay-opacity":"","overlay-gradient":""},"tablet":{"background-color":"var(--ast-global-color-5)","background-image":"","background-repeat":"repeat","background-position":"center center","background-size":"auto","background-attachment":"scroll","background-type":"","background-media":"","overlay-type":"","overlay-color":"","overlay-opacity":"","overlay-gradient":""},"mobile":{"background-color":"var(--ast-global-color-5)","background-image":"","background-repeat":"repeat","background-position":"center center","background-size":"auto","background-attachment":"scroll","background-type":"","background-media":"","overlay-type":"","overlay-color":"","overlay-opacity":"","overlay-gradient":""}},"_joinchat":[]},"product_brand":[],"product_cat":[141],"product_tag":[235,243,238,247,252,240,248,241,236,254,242,237,251,246,244,245,239,250,249,253],"class_list":{"0":"post-5060","1":"product","2":"type-product","3":"status-publish","4":"has-post-thumbnail","6":"product_cat-sex-meth","7":"product_tag-achetez-lsd","8":"product_tag-acide-lysergique-a-vendre","9":"product_tag-commandez-lsd-en-ligne","10":"product_tag-commandez-lsd-maintenant","11":"product_tag-etudes-sur-le-lsd-et-la-serotonine","12":"product_tag-fournisseurs-fiables-de-lsd","13":"product_tag-livraison-rapide-de-lsd","14":"product_tag-livraison-securisee-de-lsd","15":"product_tag-lsd-a-vendre","16":"product_tag-lsd-abordable-en-ligne","17":"product_tag-lsd-authentique-en-ligne","18":"product_tag-lsd-de-haute-qualite","19":"product_tag-lsd-pour-creativite","20":"product_tag-lsd-pour-etudes-de-conscience","21":"product_tag-lsd-pour-exploration","22":"product_tag-lsd-pour-neurosciences","23":"product_tag-lsd-pour-recherche","24":"product_tag-lsd-pour-sante-mentale","25":"product_tag-ou-acheter-du-lsd","26":"product_tag-produits-premium-lsd","27":"desktop-align-left","28":"tablet-align-left","29":"mobile-align-left","31":"first","32":"instock","33":"shipping-taxable","34":"purchasable","35":"product-type-variable"},"yoast_head":"<!-- This site is optimized with the Yoast SEO plugin v26.9 - https:\/\/yoast.com\/product\/yoast-seo-wordpress\/ -->\n<title>Achetez du LSD (Acide Lysergique) | Qualit\u00e9 sur GBlexprimer<\/title>\n<meta name=\"description\" content=\"Achetez du LSD (Acide Lysergique) en ligne sur GBlexprimer. Produit de qualit\u00e9 sup\u00e9rieure pour la recherche et l\u2019exploration. Vous ignorez peut-\u00eatre que vous pouvez ACHETER DU LSD EN LIGNE sur notre boutique. Non ?!, commandez maintenant !\" \/>\n<meta name=\"robots\" content=\"index, follow, max-snippet:-1, max-image-preview:large, max-video-preview:-1\" \/>\n<link rel=\"canonical\" href=\"https:\/\/gblexprimer.com\/sv\/produkt\/lsd-kwas\/\" \/>\n<meta property=\"og:locale\" content=\"sv_SE\" \/>\n<meta property=\"og:type\" content=\"article\" \/>\n<meta property=\"og:title\" content=\"Achetez du LSD (Acide Lysergique) | Qualit\u00e9 sur GBlexprimer\" \/>\n<meta property=\"og:description\" content=\"Achetez du LSD (Acide Lysergique) en ligne sur GBlexprimer. Produit de qualit\u00e9 sup\u00e9rieure pour la recherche et l\u2019exploration. Vous ignorez peut-\u00eatre que vous pouvez ACHETER DU LSD EN LIGNE sur notre boutique. Non ?!, commandez maintenant !\" \/>\n<meta property=\"og:url\" content=\"https:\/\/gblexprimer.com\/sv\/produkt\/lsd-kwas\/\" \/>\n<meta property=\"og:site_name\" content=\"GBL Exprimer\" \/>\n<meta property=\"article:modified_time\" content=\"2026-04-11T07:59:35+00:00\" \/>\n<meta property=\"og:image\" content=\"https:\/\/gblexprimer.com\/wp-content\/uploads\/2024\/11\/1624027774644-product.webp\" \/>\n\t<meta property=\"og:image:width\" content=\"1600\" \/>\n\t<meta property=\"og:image:height\" content=\"1067\" \/>\n\t<meta property=\"og:image:type\" content=\"image\/webp\" \/>\n<meta name=\"twitter:card\" content=\"summary_large_image\" \/>\n<meta name=\"twitter:label1\" content=\"Ber\u00e4knad l\u00e4stid\" \/>\n\t<meta name=\"twitter:data1\" content=\"3 minuter\" \/>\n<script type=\"application\/ld+json\" class=\"yoast-schema-graph\">{\"@context\":\"https:\/\/schema.org\",\"@graph\":[{\"@type\":\"WebPage\",\"@id\":\"https:\/\/gblexprimer.com\/product\/lsd-kwas\/\",\"url\":\"https:\/\/gblexprimer.com\/product\/lsd-kwas\/\",\"name\":\"Achetez du LSD (Acide Lysergique) | Qualit\u00e9 sur GBlexprimer\",\"isPartOf\":{\"@id\":\"https:\/\/gblexprimer.com\/#website\"},\"primaryImageOfPage\":{\"@id\":\"https:\/\/gblexprimer.com\/product\/lsd-kwas\/#primaryimage\"},\"image\":{\"@id\":\"https:\/\/gblexprimer.com\/product\/lsd-kwas\/#primaryimage\"},\"thumbnailUrl\":\"https:\/\/gblexprimer.com\/wp-content\/uploads\/2024\/11\/1624027774644-product.webp\",\"datePublished\":\"2024-11-26T06:17:36+00:00\",\"dateModified\":\"2026-04-11T07:59:35+00:00\",\"description\":\"Achetez du LSD (Acide Lysergique) en ligne sur GBlexprimer. Produit de qualit\u00e9 sup\u00e9rieure pour la recherche et l\u2019exploration. Vous ignorez peut-\u00eatre que vous pouvez ACHETER DU LSD EN LIGNE sur notre boutique. Non ?!, commandez maintenant !\",\"breadcrumb\":{\"@id\":\"https:\/\/gblexprimer.com\/product\/lsd-kwas\/#breadcrumb\"},\"inLanguage\":\"sv-SE\",\"potentialAction\":[{\"@type\":\"ReadAction\",\"target\":[\"https:\/\/gblexprimer.com\/product\/lsd-kwas\/\"]}]},{\"@type\":\"ImageObject\",\"inLanguage\":\"sv-SE\",\"@id\":\"https:\/\/gblexprimer.com\/product\/lsd-kwas\/#primaryimage\",\"url\":\"https:\/\/gblexprimer.com\/wp-content\/uploads\/2024\/11\/1624027774644-product.webp\",\"contentUrl\":\"https:\/\/gblexprimer.com\/wp-content\/uploads\/2024\/11\/1624027774644-product.webp\",\"width\":1600,\"height\":1067,\"caption\":\"Achetez LSD\"},{\"@type\":\"BreadcrumbList\",\"@id\":\"https:\/\/gblexprimer.com\/product\/lsd-kwas\/#breadcrumb\",\"itemListElement\":[{\"@type\":\"ListItem\",\"position\":1,\"name\":\"Home\",\"item\":\"https:\/\/gblexprimer.com\/\"},{\"@type\":\"ListItem\",\"position\":2,\"name\":\"Shop\",\"item\":\"https:\/\/gblexprimer.com\/shop\/\"},{\"@type\":\"ListItem\",\"position\":3,\"name\":\"LSD (Kwas)\"}]},{\"@type\":\"WebSite\",\"@id\":\"https:\/\/gblexprimer.com\/#website\",\"url\":\"https:\/\/gblexprimer.com\/\",\"name\":\"GBL Exprimer\",\"description\":\"\",\"publisher\":{\"@id\":\"https:\/\/gblexprimer.com\/#organization\"},\"potentialAction\":[{\"@type\":\"SearchAction\",\"target\":{\"@type\":\"EntryPoint\",\"urlTemplate\":\"https:\/\/gblexprimer.com\/?s={search_term_string}\"},\"query-input\":{\"@type\":\"PropertyValueSpecification\",\"valueRequired\":true,\"valueName\":\"search_term_string\"}}],\"inLanguage\":\"sv-SE\"},{\"@type\":\"Organization\",\"@id\":\"https:\/\/gblexprimer.com\/#organization\",\"name\":\"GBL Exprimer\",\"url\":\"https:\/\/gblexprimer.com\/\",\"logo\":{\"@type\":\"ImageObject\",\"inLanguage\":\"sv-SE\",\"@id\":\"https:\/\/gblexprimer.com\/#\/schema\/logo\/image\/\",\"url\":\"https:\/\/gblexprimer.com\/wp-content\/uploads\/2024\/01\/logo.png\",\"contentUrl\":\"https:\/\/gblexprimer.com\/wp-content\/uploads\/2024\/01\/logo.png\",\"width\":220,\"height\":80,\"caption\":\"GBL Exprimer\"},\"image\":{\"@id\":\"https:\/\/gblexprimer.com\/#\/schema\/logo\/image\/\"}}]}<\/script>\n<!-- \/ Yoast SEO plugin. -->","yoast_head_json":{"title":"K\u00f6p LSD (Lysergic Acid) | Kvalitet p\u00e5 GBlexprimer","description":"K\u00f6p LSD (Lysergic Acid) online p\u00e5 GBlexprimer. H\u00f6gkvalitativ produkt f\u00f6r forskning och utforskning. Du kanske inte vet att du kan K\u00d6PA LSD ONLINE fr\u00e5n v\u00e5r butik. Nej?! Best\u00e4ll nu!","robots":{"index":"index","follow":"follow","max-snippet":"max-snippet:-1","max-image-preview":"max-image-preview:large","max-video-preview":"max-video-preview:-1"},"canonical":"https:\/\/gblexprimer.com\/sv\/produkt\/lsd-kwas\/","og_locale":"sv_SE","og_type":"article","og_title":"Achetez du LSD (Acide Lysergique) | Qualit\u00e9 sur GBlexprimer","og_description":"Achetez du LSD (Acide Lysergique) en ligne sur GBlexprimer. Produit de qualit\u00e9 sup\u00e9rieure pour la recherche et l\u2019exploration. Vous ignorez peut-\u00eatre que vous pouvez ACHETER DU LSD EN LIGNE sur notre boutique. Non ?!, commandez maintenant !","og_url":"https:\/\/gblexprimer.com\/sv\/produkt\/lsd-kwas\/","og_site_name":"GBL Exprimer","article_modified_time":"2026-04-11T07:59:35+00:00","og_image":[{"width":1600,"height":1067,"url":"https:\/\/gblexprimer.com\/wp-content\/uploads\/2024\/11\/1624027774644-product.webp","type":"image\/webp"}],"twitter_card":"summary_large_image","twitter_misc":{"Ber\u00e4knad l\u00e4stid":"3 minuter"},"schema":{"@context":"https:\/\/schema.org","@graph":[{"@type":"WebPage","@id":"https:\/\/gblexprimer.com\/product\/lsd-kwas\/","url":"https:\/\/gblexprimer.com\/product\/lsd-kwas\/","name":"K\u00f6p LSD (Lysergic Acid) | Kvalitet p\u00e5 GBlexprimer","isPartOf":{"@id":"https:\/\/gblexprimer.com\/#website"},"primaryImageOfPage":{"@id":"https:\/\/gblexprimer.com\/product\/lsd-kwas\/#primaryimage"},"image":{"@id":"https:\/\/gblexprimer.com\/product\/lsd-kwas\/#primaryimage"},"thumbnailUrl":"https:\/\/gblexprimer.com\/wp-content\/uploads\/2024\/11\/1624027774644-product.webp","datePublished":"2024-11-26T06:17:36+00:00","dateModified":"2026-04-11T07:59:35+00:00","description":"K\u00f6p LSD (Lysergic Acid) online p\u00e5 GBlexprimer. H\u00f6gkvalitativ produkt f\u00f6r forskning och utforskning. Du kanske inte vet att du kan K\u00d6PA LSD ONLINE fr\u00e5n v\u00e5r butik. Nej?! Best\u00e4ll nu!","breadcrumb":{"@id":"https:\/\/gblexprimer.com\/product\/lsd-kwas\/#breadcrumb"},"inLanguage":"sv-SE","potentialAction":[{"@type":"ReadAction","target":["https:\/\/gblexprimer.com\/product\/lsd-kwas\/"]}]},{"@type":"ImageObject","inLanguage":"sv-SE","@id":"https:\/\/gblexprimer.com\/product\/lsd-kwas\/#primaryimage","url":"https:\/\/gblexprimer.com\/wp-content\/uploads\/2024\/11\/1624027774644-product.webp","contentUrl":"https:\/\/gblexprimer.com\/wp-content\/uploads\/2024\/11\/1624027774644-product.webp","width":1600,"height":1067,"caption":"Achetez LSD"},{"@type":"BreadcrumbList","@id":"https:\/\/gblexprimer.com\/product\/lsd-kwas\/#breadcrumb","itemListElement":[{"@type":"ListItem","position":1,"name":"Home","item":"https:\/\/gblexprimer.com\/"},{"@type":"ListItem","position":2,"name":"Shop","item":"https:\/\/gblexprimer.com\/shop\/"},{"@type":"ListItem","position":3,"name":"LSD (Kwas)"}]},{"@type":"WebSite","@id":"https:\/\/gblexprimer.com\/#website","url":"https:\/\/gblexprimer.com\/","name":"GBL Express","description":"","publisher":{"@id":"https:\/\/gblexprimer.com\/#organization"},"potentialAction":[{"@type":"SearchAction","target":{"@type":"EntryPoint","urlTemplate":"https:\/\/gblexprimer.com\/?s={search_term_string}"},"query-input":{"@type":"PropertyValueSpecification","valueRequired":true,"valueName":"search_term_string"}}],"inLanguage":"sv-SE"},{"@type":"Organization","@id":"https:\/\/gblexprimer.com\/#organization","name":"GBL Express","url":"https:\/\/gblexprimer.com\/","logo":{"@type":"ImageObject","inLanguage":"sv-SE","@id":"https:\/\/gblexprimer.com\/#\/schema\/logo\/image\/","url":"https:\/\/gblexprimer.com\/wp-content\/uploads\/2024\/01\/logo.png","contentUrl":"https:\/\/gblexprimer.com\/wp-content\/uploads\/2024\/01\/logo.png","width":220,"height":80,"caption":"GBL Exprimer"},"image":{"@id":"https:\/\/gblexprimer.com\/#\/schema\/logo\/image\/"}}]}},"_links":{"self":[{"href":"https:\/\/gblexprimer.com\/sv\/wp-json\/wp\/v2\/product\/5060","targetHints":{"allow":["GET"]}}],"collection":[{"href":"https:\/\/gblexprimer.com\/sv\/wp-json\/wp\/v2\/product"}],"about":[{"href":"https:\/\/gblexprimer.com\/sv\/wp-json\/wp\/v2\/types\/product"}],"replies":[{"embeddable":true,"href":"https:\/\/gblexprimer.com\/sv\/wp-json\/wp\/v2\/comments?post=5060"}],"wp:featuredmedia":[{"embeddable":true,"href":"https:\/\/gblexprimer.com\/sv\/wp-json\/wp\/v2\/media\/5129"}],"wp:attachment":[{"href":"https:\/\/gblexprimer.com\/sv\/wp-json\/wp\/v2\/media?parent=5060"}],"wp:term":[{"taxonomy":"product_brand","embeddable":true,"href":"https:\/\/gblexprimer.com\/sv\/wp-json\/wp\/v2\/product_brand?post=5060"},{"taxonomy":"product_cat","embeddable":true,"href":"https:\/\/gblexprimer.com\/sv\/wp-json\/wp\/v2\/product_cat?post=5060"},{"taxonomy":"product_tag","embeddable":true,"href":"https:\/\/gblexprimer.com\/sv\/wp-json\/wp\/v2\/product_tag?post=5060"}],"curies":[{"name":"wp","href":"https:\/\/api.w.org\/{rel}","templated":true}]}}