{"id":5142,"date":"2024-11-27T10:09:34","date_gmt":"2024-11-27T10:09:34","guid":{"rendered":"https:\/\/gblexprimer.com\/?post_type=product&#038;p=5142"},"modified":"2026-04-11T07:14:55","modified_gmt":"2026-04-11T07:14:55","slug":"dianabol-10-mg","status":"publish","type":"product","link":"https:\/\/gblexprimer.com\/sv\/produkt\/dianabol-10-mg\/","title":{"rendered":"Dianabol 10 mg"},"content":{"rendered":"<h2><strong>K\u00f6p Dianabol 10 mg - Maximala resultat f\u00f6r kroppsbyggnad<\/strong><\/h2>\n<p>Dianabol 10 mg online, \u00e4ven k\u00e4nd som <a href=\"https:\/\/en.wikipedia.org\/wiki\/Metandienone\"><strong>Methandienon<\/strong><\/a>, est l\u2019un des st\u00e9ro\u00efdes les plus populaires chez les culturistes. Il favorise une croissance musculaire rapide, accro\u00eet la force et soutient les phases d&rsquo;entra\u00eenement intensives. Parfait pour le cycle de construction, Dianabol offre des r\u00e9sultats efficaces gr\u00e2ce \u00e0 une formule fiable. Achetez Dianabol 10 mg : offre des r\u00e9sultats efficaces gr\u00e2ce \u00e0 une formule fiable. <a href=\"https:\/\/gblexprimer.com\/sv\/produkt\/diazepam-ratiopharm-5-mg-diazepam\/\">Achetez Dianabol 10 mg<\/a>. El<span lang=\"ES-PE\"> Dianabol \u00e4r en modifierad form av testosteronsubstansen, utformad f\u00f6r att vara mindre androg\u00e9n och mycket anabola, med en betydande inverkan p\u00e5 muskelutvecklingen. Dess snabba verkan g\u00f6r det m\u00f6jligt f\u00f6r anv\u00e4ndare att f\u00e5 upp till 8 kilo muskelmassa p\u00e5 bara n\u00e5gra veckor, \u00e4ven om resultaten beror lika mycket p\u00e5 det totala kaloriintaget som p\u00e5 den administrerade dosen. Dianabol finns i inyectable och orala former; den orala formen \u00e4r den mest anv\u00e4nda, med resultat som motsvarar de av inyectable form.<a href=\"https:\/\/gblexprimer.com\/sv\/produkt\/kokaina\/\">.<\/a><\/span><\/p>\n<p class=\"ds-markdown-paragraph\"><strong>F\u00f6rdelar med Dianabol<\/strong><\/p>\n<p class=\"ds-markdown-paragraph\">Kroppsbyggare anv\u00e4nder fr\u00e4mst <strong>Dbol<\/strong> som \u00ab\u00a0<strong>Startramp<\/strong>\u00a0\u00bbDet h\u00e4r \u00e4r det f\u00f6rsta steget i en viktuppg\u00e5ngscykel.<\/p>\n<ul>\n<li>\n<p class=\"ds-markdown-paragraph\"><strong>Snabb muskeltillv\u00e4xt<\/strong> : Det \u00e4r inte ovanligt att ta <strong>7 till 9 kg<\/strong> (15-20 lbs) under de f\u00f6rsta 4 till 6 veckorna (\u00e4ven om en del av denna \u00f6kning beror p\u00e5 <strong>vattenretention<\/strong>).<\/p>\n<\/li>\n<li>\n<p class=\"ds-markdown-paragraph\"><strong>Explosiv kraft<\/strong> Det \u00f6kar avsev\u00e4rt <strong>kvarh\u00e5llande av kv\u00e4ve<\/strong>, vilket leder till <strong>omedelbara framsteg i styrka<\/strong>.<\/p>\n<\/li>\n<li>\n<p class=\"ds-markdown-paragraph\"><strong>F\u00f6rb\u00e4ttrad \u00e5terh\u00e4mtning<\/strong> Accelererar <strong>reparation av muskelv\u00e4vnad<\/strong> mellan tr\u00e4ningstillf\u00e4llena.<\/p>\n<\/li>\n<\/ul>\n<p class=\"ds-markdown-paragraph\"><strong>Rekommenderad dosering och cykler<\/strong><\/p>\n<p class=\"ds-markdown-paragraph\"><em>Obs: F\u00f6ljande information \u00e4r endast avsedd f\u00f6r informations\u00e4ndam\u00e5l. G\u00f6r alltid grundliga efterforskningar f\u00f6re anv\u00e4ndning.<\/em><\/p>\n<p class=\"ds-markdown-paragraph\">P\u00e5 grund av sin <strong>kort halveringstid<\/strong> (cirka 3 till 5 timmar) delar anv\u00e4ndarna i allm\u00e4nhet upp sin tid mellan <strong>daglig dos<\/strong> f\u00f6r att uppr\u00e4tth\u00e5lla <strong>stabila blodniv\u00e5er<\/strong>.<\/p>\n<ul>\n<li>\n<p class=\"ds-markdown-paragraph\"><strong>Dosering f\u00f6r nyb\u00f6rjare<\/strong> 20 mg - 30 mg per dag.<\/p>\n<\/li>\n<li>\n<p class=\"ds-markdown-paragraph\"><strong>Avancerad dosering<\/strong> 40 mg - 50 mg per dag.<\/p>\n<\/li>\n<li>\n<p class=\"ds-markdown-paragraph\"><strong>Cykeltid<\/strong> : P\u00e5 grund av <strong>leverp\u00e5verkan<\/strong>, Dianabol-cykler \u00e4r i allm\u00e4nhet begr\u00e4nsade till <strong>4 till 6 veckor<\/strong>.<\/p>\n<\/li>\n<\/ul>\n<p class=\"ds-markdown-paragraph\"><strong>Aktuella f\u00f6reningar (Staplar)<\/strong> Dbol anv\u00e4nds s\u00e4llan p\u00e5 egen hand. Det \u00e4r mest effektivt n\u00e4r det kombineras med en <strong>Testosteronbas<\/strong> (som t.ex.\u2019<strong>Enantat<\/strong> eller <a href=\"https:\/\/gblexprimer.com\/sv\/produkt\/dianabol-10-mg\/\"><strong>Testosteron cypionat<\/strong><\/a>) f\u00f6r att uppr\u00e4tth\u00e5lla <strong>manliga hormonniv\u00e5er<\/strong>.<\/p>\n<p><strong><span lang=\"ES-PE\">Ventajas del Dianabol sobre la testosterona<\/span><\/strong><\/p>\n<p><span lang=\"ES-PE\">P\u00e5 samma s\u00e4tt som testosterona f\u00f6rb\u00e4ttrar Dianabol proteinsyntesen och nitr\u00f3genretentionen, men erbjuder ocks\u00e5 en unik ventaja: aumenta la glicogen\u00f3lisis. Denna process g\u00f6r det m\u00f6jligt f\u00f6r kroppen att anv\u00e4nda de kolhydrater den konsumerar mer effektivt, vilket leder till h\u00f6gre niv\u00e5er av muskelglukos. Esto no solo proporciona a los m\u00fasculos un aspecto m\u00e1s lleno y \u00abbombado\u00bb, sino que tambi\u00e9n aumenta notablemente la fuerza y la energ\u00eda durante los entrenamientos, ya que el gluc\u00f3geno y el ATP son combustibles clave en ejercicios de alta intensidad. P\u00e5 grund av detta \u00e4r Dianabol idealisk f\u00f6r dem som vill \u00f6ka volymen och muskelm\u00e4ngden, maximera f\u00f6rbrukningen av kolhydrater och kalorier i kosten. <a href=\"https:\/\/gblexprimer.com\/sv\/produkt\/dianabol-10-mg\/\">Des achats sans tracas<\/a><\/span><\/p>\n<p><strong><span lang=\"ES-PE\">Sekund\u00e4ra effekter och f\u00f6rsiktighets\u00e5tg\u00e4rder<\/span><\/strong><\/p>\n<p><span lang=\"ES-PE\">El Dianabol es una sustancia alfa-metilada, lo que implica una mayor toxicidad hep\u00e1tica que la de otros esteroides. Durante su uso, es com\u00fan observar un aumento de las enzimas hep\u00e1ticas, aunque estos niveles suelen normalizarse una vez se suspende el consumo. P\u00e5 grund av dess h\u00f6ga hepatotoxicitet \u00e4r det viktigt att inte \u00f6verdosera eller f\u00f6rl\u00e4nga anv\u00e4ndningen ut\u00f6ver den rekommenderade dosen.<\/span><\/p>\n<p><span lang=\"ES-PE\">En annan kritisk aspekt av Dianabol \u00e4r dess h\u00f6ga \u00f6strogenomvandling, mycket h\u00f6gre \u00e4n f\u00f6r testosteron. Av denna anledning \u00e4r det l\u00e4mpligt att f\u00f6lja dess anv\u00e4ndning med en \u00f6strogenverkningsh\u00e4mmare, s\u00e5som Arimidex (anastrozol), som \u00e4r effektivare \u00e4n tamoxifeno (Nolvadex) i dessa fall. Att kontrollera denna omvandling hj\u00e4lper till att undvika o\u00f6nskad v\u00e4tskeretention och uppr\u00e4tth\u00e5lla ett mer flexibelt och definierat muskul\u00e4rt utseende, samt minska risker som h\u00f6gt blodtryck och gynekomasti. <a href=\"https:\/\/gblexprimer.com\/sv\/\"><strong>GBLExpress<\/strong><\/a><\/span><\/p>\n<p><span lang=\"ES-PE\">En resumen, aunque el Dianabol es extremadamente eficaz para incrementar r\u00e1pidamente la masa muscular, su uso debe manejarse con cuidado debido a sus potenciales efectos secundarios. <\/span><\/p>","protected":false},"excerpt":{"rendered":"<p class=\"ds-markdown-paragraph\"><strong>Dianoxyl 10<\/strong> \u00e4r en <strong>oral anabol steroid av premiumkvalitet<\/strong> tillverkad av <strong>Kalpa L\u00e4kemedel<\/strong>. Varje tablett inneh\u00e5ller <strong>10 mg Methandienon<\/strong> (allm\u00e4nt k\u00e4nd som <strong>Dianabol<\/strong> eller <strong>Dbol<\/strong>), en f\u00f6rening <strong>klassisk och kraftfull<\/strong> anv\u00e4nds f\u00f6r att fr\u00e4mja <strong>snabb muskeltillv\u00e4xt<\/strong>och <strong>\u00f6kad styrka<\/strong> och en <strong>f\u00f6rb\u00e4ttrad \u00e5tervinning<\/strong>. Detta format <strong>l\u00e5g dosering<\/strong> \u00e4r idealisk f\u00f6r <strong>f\u00f6rsta anv\u00e4ndare<\/strong> eller de som letar efter en <strong>exakt doseringskontroll<\/strong>.<\/p>\n<p class=\"ds-markdown-paragraph\"><strong>Vad \u00e4r methandienon?<\/strong><\/p>\n<p class=\"ds-markdown-paragraph\">Methandienon \u00e4r en <strong>syntetiskt derivat<\/strong> testosteron, med <strong>starka anabola egenskaper<\/strong> och effekter <strong>m\u00e5ttliga androgener<\/strong>. Det m\u00f6jligg\u00f6r <strong>b\u00e4ttre kv\u00e4veretention<\/strong>, f\u00f6rb\u00e4ttrar <strong>proteinsyntes<\/strong> och accelererar <strong>reparation av muskelv\u00e4vnad<\/strong>. I enlighet med <strong>Nationella biblioteket f\u00f6r medicin<\/strong>, Methandienon \u00e4r en av de <strong>de mest studerade orala steroiderna<\/strong> i kroppsbyggarv\u00e4rlden f\u00f6r dess effektivitet n\u00e4r det g\u00e4ller att fr\u00e4mja <strong>\u00f6kning av mager kroppsmassa<\/strong>.<\/p>\n<p class=\"ds-markdown-paragraph\"><strong>Hur man anv\u00e4nder Dianoxyl 10<\/strong><\/p>\n<ul>\n<li>\n<p class=\"ds-markdown-paragraph\"><strong>Dosering f\u00f6r nyb\u00f6rjare :<\/strong> 20-30 mg\/dag<\/p>\n<\/li>\n<li>\n<p class=\"ds-markdown-paragraph\"><strong>Intermedi\u00e4r dos :<\/strong> 30-50 mg\/dag<\/p>\n<\/li>\n<li>\n<p class=\"ds-markdown-paragraph\"><strong>Cykelns l\u00e4ngd :<\/strong> 4-6 veckor<\/p>\n<\/li>\n<\/ul>\n<p class=\"ds-markdown-paragraph\">Det rekommenderas att ta Dianoxyl 10 av <strong>uppdelade doser<\/strong> (p\u00e5 morgonen och f\u00f6re tr\u00e4ning) f\u00f6r att uppr\u00e4tth\u00e5lla <strong>stabila blodniv\u00e5er<\/strong>. Dess anv\u00e4ndning ut\u00f6ver <strong>6 veckor<\/strong> rekommenderas inte p\u00e5 grund av dess potentiella <strong>hepatotoxisk<\/strong>.<\/p>","protected":false},"featured_media":5269,"comment_status":"open","ping_status":"closed","template":"","meta":{"site-sidebar-layout":"default","site-content-layout":"","ast-site-content-layout":"default","site-content-style":"default","site-sidebar-style":"default","ast-global-header-display":"","ast-banner-title-visibility":"","ast-main-header-display":"","ast-hfb-above-header-display":"","ast-hfb-below-header-display":"","ast-hfb-mobile-header-display":"","site-post-title":"","ast-breadcrumbs-content":"","ast-featured-img":"","footer-sml-layout":"","theme-transparent-header-meta":"default","adv-header-id-meta":"","stick-header-meta":"","header-above-stick-meta":"","header-main-stick-meta":"","header-below-stick-meta":"","astra-migrate-meta-layouts":"set","ast-page-background-enabled":"default","ast-page-background-meta":{"desktop":{"background-color":"","background-image":"","background-repeat":"repeat","background-position":"center center","background-size":"auto","background-attachment":"scroll","background-type":"","background-media":"","overlay-type":"","overlay-color":"","overlay-opacity":"","overlay-gradient":""},"tablet":{"background-color":"","background-image":"","background-repeat":"repeat","background-position":"center center","background-size":"auto","background-attachment":"scroll","background-type":"","background-media":"","overlay-type":"","overlay-color":"","overlay-opacity":"","overlay-gradient":""},"mobile":{"background-color":"","background-image":"","background-repeat":"repeat","background-position":"center center","background-size":"auto","background-attachment":"scroll","background-type":"","background-media":"","overlay-type":"","overlay-color":"","overlay-opacity":"","overlay-gradient":""}},"ast-content-background-meta":{"desktop":{"background-color":"var(--ast-global-color-5)","background-image":"","background-repeat":"repeat","background-position":"center center","background-size":"auto","background-attachment":"scroll","background-type":"","background-media":"","overlay-type":"","overlay-color":"","overlay-opacity":"","overlay-gradient":""},"tablet":{"background-color":"var(--ast-global-color-5)","background-image":"","background-repeat":"repeat","background-position":"center center","background-size":"auto","background-attachment":"scroll","background-type":"","background-media":"","overlay-type":"","overlay-color":"","overlay-opacity":"","overlay-gradient":""},"mobile":{"background-color":"var(--ast-global-color-5)","background-image":"","background-repeat":"repeat","background-position":"center center","background-size":"auto","background-attachment":"scroll","background-type":"","background-media":"","overlay-type":"","overlay-color":"","overlay-opacity":"","overlay-gradient":""}},"_joinchat":[]},"product_brand":[],"product_cat":[583],"product_tag":[],"class_list":{"0":"post-5142","1":"product","2":"type-product","3":"status-publish","4":"has-post-thumbnail","6":"product_cat-steroids","7":"desktop-align-left","8":"tablet-align-left","9":"mobile-align-left","11":"first","12":"instock","13":"shipping-taxable","14":"purchasable","15":"product-type-variable"},"yoast_head":"<!-- This site is optimized with the Yoast SEO plugin v26.9 - https:\/\/yoast.com\/product\/yoast-seo-wordpress\/ -->\n<title>Acheter du Dianabol 10 mg en ligne \u2013 Dianabol 10 mg \u00e0 vendre<\/title>\n<meta name=\"description\" content=\"Le Dianabol (m\u00e9thandrost\u00e9nolone) est un st\u00e9ro\u00efde anabolisant historiquement utilis\u00e9 pour favoriser la croissance musculaire et l&#039;augmentation de la force. En raison de ses effets secondaires potentiels et de son usage d\u00e9tourn\u00e9, il est r\u00e9glement\u00e9 dans de nombreux pays.\" \/>\n<meta name=\"robots\" content=\"index, follow, max-snippet:-1, max-image-preview:large, max-video-preview:-1\" \/>\n<link rel=\"canonical\" href=\"https:\/\/gblexprimer.com\/sv\/produkt\/dianabol-10-mg\/\" \/>\n<meta property=\"og:locale\" content=\"sv_SE\" \/>\n<meta property=\"og:type\" content=\"article\" \/>\n<meta property=\"og:title\" content=\"Acheter du Dianabol 10 mg en ligne \u2013 Dianabol 10 mg \u00e0 vendre\" \/>\n<meta property=\"og:description\" content=\"Le Dianabol (m\u00e9thandrost\u00e9nolone) est un st\u00e9ro\u00efde anabolisant historiquement utilis\u00e9 pour favoriser la croissance musculaire et l&#039;augmentation de la force. En raison de ses effets secondaires potentiels et de son usage d\u00e9tourn\u00e9, il est r\u00e9glement\u00e9 dans de nombreux pays.\" \/>\n<meta property=\"og:url\" content=\"https:\/\/gblexprimer.com\/sv\/produkt\/dianabol-10-mg\/\" \/>\n<meta property=\"og:site_name\" content=\"GBL Exprimer\" \/>\n<meta property=\"article:modified_time\" content=\"2026-04-11T07:14:55+00:00\" \/>\n<meta property=\"og:image\" content=\"https:\/\/gblexprimer.com\/wp-content\/uploads\/2024\/11\/Dianabol-10mg.jpg\" \/>\n\t<meta property=\"og:image:width\" content=\"600\" \/>\n\t<meta property=\"og:image:height\" content=\"600\" \/>\n\t<meta property=\"og:image:type\" content=\"image\/jpeg\" \/>\n<meta name=\"twitter:card\" content=\"summary_large_image\" \/>\n<meta name=\"twitter:label1\" content=\"Ber\u00e4knad l\u00e4stid\" \/>\n\t<meta name=\"twitter:data1\" content=\"4 minuter\" \/>\n<script type=\"application\/ld+json\" class=\"yoast-schema-graph\">{\"@context\":\"https:\/\/schema.org\",\"@graph\":[{\"@type\":\"WebPage\",\"@id\":\"https:\/\/gblexprimer.com\/product\/dianabol-10mg\/\",\"url\":\"https:\/\/gblexprimer.com\/product\/dianabol-10mg\/\",\"name\":\"Acheter du Dianabol 10 mg en ligne \u2013 Dianabol 10 mg \u00e0 vendre\",\"isPartOf\":{\"@id\":\"https:\/\/gblexprimer.com\/#website\"},\"primaryImageOfPage\":{\"@id\":\"https:\/\/gblexprimer.com\/product\/dianabol-10mg\/#primaryimage\"},\"image\":{\"@id\":\"https:\/\/gblexprimer.com\/product\/dianabol-10mg\/#primaryimage\"},\"thumbnailUrl\":\"https:\/\/gblexprimer.com\/wp-content\/uploads\/2024\/11\/Dianabol-10mg.jpg\",\"datePublished\":\"2024-11-27T10:09:34+00:00\",\"dateModified\":\"2026-04-11T07:14:55+00:00\",\"description\":\"Le Dianabol (m\u00e9thandrost\u00e9nolone) est un st\u00e9ro\u00efde anabolisant historiquement utilis\u00e9 pour favoriser la croissance musculaire et l'augmentation de la force. En raison de ses effets secondaires potentiels et de son usage d\u00e9tourn\u00e9, il est r\u00e9glement\u00e9 dans de nombreux pays.\",\"breadcrumb\":{\"@id\":\"https:\/\/gblexprimer.com\/product\/dianabol-10mg\/#breadcrumb\"},\"inLanguage\":\"sv-SE\",\"potentialAction\":[{\"@type\":\"ReadAction\",\"target\":[\"https:\/\/gblexprimer.com\/product\/dianabol-10mg\/\"]}]},{\"@type\":\"ImageObject\",\"inLanguage\":\"sv-SE\",\"@id\":\"https:\/\/gblexprimer.com\/product\/dianabol-10mg\/#primaryimage\",\"url\":\"https:\/\/gblexprimer.com\/wp-content\/uploads\/2024\/11\/Dianabol-10mg.jpg\",\"contentUrl\":\"https:\/\/gblexprimer.com\/wp-content\/uploads\/2024\/11\/Dianabol-10mg.jpg\",\"width\":600,\"height\":600,\"caption\":\"Dianabol-10mg\"},{\"@type\":\"BreadcrumbList\",\"@id\":\"https:\/\/gblexprimer.com\/product\/dianabol-10mg\/#breadcrumb\",\"itemListElement\":[{\"@type\":\"ListItem\",\"position\":1,\"name\":\"Home\",\"item\":\"https:\/\/gblexprimer.com\/\"},{\"@type\":\"ListItem\",\"position\":2,\"name\":\"Shop\",\"item\":\"https:\/\/gblexprimer.com\/shop\/\"},{\"@type\":\"ListItem\",\"position\":3,\"name\":\"Dianabol 10mg\"}]},{\"@type\":\"WebSite\",\"@id\":\"https:\/\/gblexprimer.com\/#website\",\"url\":\"https:\/\/gblexprimer.com\/\",\"name\":\"GBL Exprimer\",\"description\":\"\",\"publisher\":{\"@id\":\"https:\/\/gblexprimer.com\/#organization\"},\"potentialAction\":[{\"@type\":\"SearchAction\",\"target\":{\"@type\":\"EntryPoint\",\"urlTemplate\":\"https:\/\/gblexprimer.com\/?s={search_term_string}\"},\"query-input\":{\"@type\":\"PropertyValueSpecification\",\"valueRequired\":true,\"valueName\":\"search_term_string\"}}],\"inLanguage\":\"sv-SE\"},{\"@type\":\"Organization\",\"@id\":\"https:\/\/gblexprimer.com\/#organization\",\"name\":\"GBL Exprimer\",\"url\":\"https:\/\/gblexprimer.com\/\",\"logo\":{\"@type\":\"ImageObject\",\"inLanguage\":\"sv-SE\",\"@id\":\"https:\/\/gblexprimer.com\/#\/schema\/logo\/image\/\",\"url\":\"https:\/\/gblexprimer.com\/wp-content\/uploads\/2024\/01\/logo.png\",\"contentUrl\":\"https:\/\/gblexprimer.com\/wp-content\/uploads\/2024\/01\/logo.png\",\"width\":220,\"height\":80,\"caption\":\"GBL Exprimer\"},\"image\":{\"@id\":\"https:\/\/gblexprimer.com\/#\/schema\/logo\/image\/\"}}]}<\/script>\n<!-- \/ Yoast SEO plugin. -->","yoast_head_json":{"title":"Acheter du Dianabol 10 mg en ligne \u2013 Dianabol 10 mg \u00e0 vendre","description":"Le Dianabol (m\u00e9thandrost\u00e9nolone) est un st\u00e9ro\u00efde anabolisant historiquement utilis\u00e9 pour favoriser la croissance musculaire et l'augmentation de la force. En raison de ses effets secondaires potentiels et de son usage d\u00e9tourn\u00e9, il est r\u00e9glement\u00e9 dans de nombreux pays.","robots":{"index":"index","follow":"follow","max-snippet":"max-snippet:-1","max-image-preview":"max-image-preview:large","max-video-preview":"max-video-preview:-1"},"canonical":"https:\/\/gblexprimer.com\/sv\/produkt\/dianabol-10-mg\/","og_locale":"sv_SE","og_type":"article","og_title":"Acheter du Dianabol 10 mg en ligne \u2013 Dianabol 10 mg \u00e0 vendre","og_description":"Le Dianabol (m\u00e9thandrost\u00e9nolone) est un st\u00e9ro\u00efde anabolisant historiquement utilis\u00e9 pour favoriser la croissance musculaire et l'augmentation de la force. En raison de ses effets secondaires potentiels et de son usage d\u00e9tourn\u00e9, il est r\u00e9glement\u00e9 dans de nombreux pays.","og_url":"https:\/\/gblexprimer.com\/sv\/produkt\/dianabol-10-mg\/","og_site_name":"GBL Exprimer","article_modified_time":"2026-04-11T07:14:55+00:00","og_image":[{"width":600,"height":600,"url":"https:\/\/gblexprimer.com\/wp-content\/uploads\/2024\/11\/Dianabol-10mg.jpg","type":"image\/jpeg"}],"twitter_card":"summary_large_image","twitter_misc":{"Ber\u00e4knad l\u00e4stid":"4 minuter"},"schema":{"@context":"https:\/\/schema.org","@graph":[{"@type":"WebPage","@id":"https:\/\/gblexprimer.com\/product\/dianabol-10mg\/","url":"https:\/\/gblexprimer.com\/product\/dianabol-10mg\/","name":"Acheter du Dianabol 10 mg en ligne \u2013 Dianabol 10 mg \u00e0 vendre","isPartOf":{"@id":"https:\/\/gblexprimer.com\/#website"},"primaryImageOfPage":{"@id":"https:\/\/gblexprimer.com\/product\/dianabol-10mg\/#primaryimage"},"image":{"@id":"https:\/\/gblexprimer.com\/product\/dianabol-10mg\/#primaryimage"},"thumbnailUrl":"https:\/\/gblexprimer.com\/wp-content\/uploads\/2024\/11\/Dianabol-10mg.jpg","datePublished":"2024-11-27T10:09:34+00:00","dateModified":"2026-04-11T07:14:55+00:00","description":"Le Dianabol (m\u00e9thandrost\u00e9nolone) est un st\u00e9ro\u00efde anabolisant historiquement utilis\u00e9 pour favoriser la croissance musculaire et l'augmentation de la force. En raison de ses effets secondaires potentiels et de son usage d\u00e9tourn\u00e9, il est r\u00e9glement\u00e9 dans de nombreux pays.","breadcrumb":{"@id":"https:\/\/gblexprimer.com\/product\/dianabol-10mg\/#breadcrumb"},"inLanguage":"sv-SE","potentialAction":[{"@type":"ReadAction","target":["https:\/\/gblexprimer.com\/product\/dianabol-10mg\/"]}]},{"@type":"ImageObject","inLanguage":"sv-SE","@id":"https:\/\/gblexprimer.com\/product\/dianabol-10mg\/#primaryimage","url":"https:\/\/gblexprimer.com\/wp-content\/uploads\/2024\/11\/Dianabol-10mg.jpg","contentUrl":"https:\/\/gblexprimer.com\/wp-content\/uploads\/2024\/11\/Dianabol-10mg.jpg","width":600,"height":600,"caption":"Dianabol-10mg"},{"@type":"BreadcrumbList","@id":"https:\/\/gblexprimer.com\/product\/dianabol-10mg\/#breadcrumb","itemListElement":[{"@type":"ListItem","position":1,"name":"Home","item":"https:\/\/gblexprimer.com\/"},{"@type":"ListItem","position":2,"name":"Shop","item":"https:\/\/gblexprimer.com\/shop\/"},{"@type":"ListItem","position":3,"name":"Dianabol 10mg"}]},{"@type":"WebSite","@id":"https:\/\/gblexprimer.com\/#website","url":"https:\/\/gblexprimer.com\/","name":"GBL Express","description":"","publisher":{"@id":"https:\/\/gblexprimer.com\/#organization"},"potentialAction":[{"@type":"SearchAction","target":{"@type":"EntryPoint","urlTemplate":"https:\/\/gblexprimer.com\/?s={search_term_string}"},"query-input":{"@type":"PropertyValueSpecification","valueRequired":true,"valueName":"search_term_string"}}],"inLanguage":"sv-SE"},{"@type":"Organization","@id":"https:\/\/gblexprimer.com\/#organization","name":"GBL Express","url":"https:\/\/gblexprimer.com\/","logo":{"@type":"ImageObject","inLanguage":"sv-SE","@id":"https:\/\/gblexprimer.com\/#\/schema\/logo\/image\/","url":"https:\/\/gblexprimer.com\/wp-content\/uploads\/2024\/01\/logo.png","contentUrl":"https:\/\/gblexprimer.com\/wp-content\/uploads\/2024\/01\/logo.png","width":220,"height":80,"caption":"GBL Exprimer"},"image":{"@id":"https:\/\/gblexprimer.com\/#\/schema\/logo\/image\/"}}]}},"_links":{"self":[{"href":"https:\/\/gblexprimer.com\/sv\/wp-json\/wp\/v2\/product\/5142","targetHints":{"allow":["GET"]}}],"collection":[{"href":"https:\/\/gblexprimer.com\/sv\/wp-json\/wp\/v2\/product"}],"about":[{"href":"https:\/\/gblexprimer.com\/sv\/wp-json\/wp\/v2\/types\/product"}],"replies":[{"embeddable":true,"href":"https:\/\/gblexprimer.com\/sv\/wp-json\/wp\/v2\/comments?post=5142"}],"wp:featuredmedia":[{"embeddable":true,"href":"https:\/\/gblexprimer.com\/sv\/wp-json\/wp\/v2\/media\/5269"}],"wp:attachment":[{"href":"https:\/\/gblexprimer.com\/sv\/wp-json\/wp\/v2\/media?parent=5142"}],"wp:term":[{"taxonomy":"product_brand","embeddable":true,"href":"https:\/\/gblexprimer.com\/sv\/wp-json\/wp\/v2\/product_brand?post=5142"},{"taxonomy":"product_cat","embeddable":true,"href":"https:\/\/gblexprimer.com\/sv\/wp-json\/wp\/v2\/product_cat?post=5142"},{"taxonomy":"product_tag","embeddable":true,"href":"https:\/\/gblexprimer.com\/sv\/wp-json\/wp\/v2\/product_tag?post=5142"}],"curies":[{"name":"wp","href":"https:\/\/api.w.org\/{rel}","templated":true}]}}